{"id":55,"date":"2020-11-30T12:50:43","date_gmt":"2020-11-30T09:50:43","guid":{"rendered":"https:\/\/www.myvize.com.tr\/ispanya\/?page_id=55"},"modified":"2022-04-11T17:20:06","modified_gmt":"2022-04-11T14:20:06","slug":"turkiyede-oturum-ve-calisma-izni","status":"publish","type":"page","link":"https:\/\/www.myvize.com.tr\/ispanya\/vize-islemleri\/turkiyede-oturum-ve-calisma-izni\/","title":{"rendered":"T\u00fcrkiye&#8217;de Oturum ve \u00c7al\u0131\u015fma \u0130zni"},"content":{"rendered":"<h2><span style=\"font-family: Roboto; font-size: 27px;\">\u0130spanya T\u00fcrkiye\u2019de Oturum ve \u00c7al\u0131\u015fma \u0130zni Hakk\u0131nda<\/span><\/h2>\n<p><span style=\"font-family: Roboto; font-size: 14px;\"><strong>T\u00fcrkiye\u2019de oturum ve \u00e7al\u0131\u015fma izni<\/strong> alacak olan \u0130spanya vatanda\u015flar\u0131n\u0131n, ba\u015fvurular\u0131n\u0131 \u0130spanya\u2019da bulunan T\u00fcrk temsilciliklerine ya da T\u00fcrkiye\u2019deki valiliklere yapabilmektedir.<\/span><\/p>\n<p><span style=\"font-family: Roboto; font-size: 14px;\"><strong>T\u00fcrkiye oturum izni<\/strong> alacak olan \u0130spanya vatanda\u015flar\u0131, ba\u015fvuru i\u00e7in \u00f6ncelikle oturum izni ba\u015fvurusu i\u00e7in ge\u00e7erli bir neden sunmas\u0131 gerekmektedir. Ge\u00e7erli bir nedeni olan ki\u015filer oturum izni ba\u015fvuru formu doldurmal\u0131, T\u00fcrkiye oturum izni i\u00e7in gerekli olan belgeleri haz\u0131rlay\u0131p ba\u015fvuruda bulunmal\u0131d\u0131r. T\u00fcrkiye oturum izni ba\u015fvurusunda bulunacak olan <strong>\u0130spanya vatanda\u015flar\u0131ndan<\/strong> oturum izni talep t\u00fcr\u00fcne g\u00f6re davetiye sunmas\u0131 gerekebilir.<\/span><\/p>\n<p><span style=\"font-family: Roboto; font-size: 14px;\"><strong>Oturum izni<\/strong> talebince bulunacak olan \u0130spanya vatanda\u015flar\u0131n\u0131n, T\u00fcrkiye\u2019de ya\u015fayabilecek ekonomik durumunun olmas\u0131 gerekmektedir. Ayr\u0131ca T\u00fcrkiye sosyal ya\u015fam\u0131 ve kamu d\u00fczenine uyum sa\u011flayabilece\u011fini kan\u0131tlamal\u0131. T\u00fcrkiye resmi dili olan T\u00fcrk\u00e7eyi iyi derecede biliyor olmas\u0131 gerekmektedir.<\/span><\/p>\n<p><span style=\"font-family: Roboto; font-size: 14px;\">\u0130spanya vatanda\u015flar\u0131, T\u00fcrkiye\u2019de \u00e7al\u0131\u015fmak istiyorsa T\u00fcrkiye \u00e7al\u0131\u015fma izni almas\u0131 gerekmektedir. T\u00fcrkiye \u00e7al\u0131\u015fma izni ba\u015fvurusu yapacak olan \u0130spanya vatanda\u015flar\u0131n\u0131n T\u00fcrkiye\u2019de bir i\u015f bulmas\u0131 gerekmektedir. Bununla e\u015f zamanl\u0131 olarak \u0130spanya vatanda\u015f\u0131na i\u015f veren konumunda olan ki\u015filer, <strong>T\u00fcrkiye \u00c7al\u0131\u015fma ve Sosyal G\u00fcvenlik Bakanl\u0131\u011f\u0131<\/strong>\u2019na \u0130spanya vatanda\u015f\u0131n\u0131 i\u015fe al\u0131m i\u00e7in ba\u015fvuruda bulunmal\u0131d\u0131r.<\/span><\/p>\n<p><span style=\"font-family: Roboto; font-size: 14px;\"><span style=\"color: #2acec2;\"><strong><a style=\"color: #2acec2;\" href=\"https:\/\/www.myvize.com.tr\/ispanya\/form-ve-dilekce\/ispanya-vize-basvuru-formu\/\" target=\"_blank\" rel=\"noopener\">\u0130spanya Vize Ba\u015fvuru Formu<\/a><\/strong><\/span> ile ilgili bilgi almak i\u00e7in bizi aray\u0131n\u0131z.<\/span><\/p>\n<p><img decoding=\"async\" src=\"https:\/\/www.myvize.com.tr\/ispanya\/wp-content\/uploads\/2021\/10\/27.jpg\" \/><\/p>\n","protected":false},"excerpt":{"rendered":"<p>\u0130spanya T\u00fcrkiye\u2019de Oturum ve \u00c7al\u0131\u015fma \u0130zni Hakk\u0131nda T\u00fcrkiye\u2019de oturum ve \u00e7al\u0131\u015fma izni alacak olan \u0130spanya vatanda\u015flar\u0131n\u0131n, ba\u015fvurular\u0131n\u0131 \u0130spanya\u2019da bulunan T\u00fcrk temsilciliklerine ya da T\u00fcrkiye\u2019deki valiliklere yapabilmektedir. T\u00fcrkiye oturum izni alacak olan \u0130spanya vatanda\u015flar\u0131, ba\u015fvuru i\u00e7in \u00f6ncelikle oturum izni ba\u015fvurusu i\u00e7in ge\u00e7erli bir neden sunmas\u0131 gerekmektedir. Ge\u00e7erli bir nedeni olan ki\u015filer oturum izni ba\u015fvuru formu doldurmal\u0131,<\/p>\n","protected":false},"author":1,"featured_media":0,"parent":18,"menu_order":0,"comment_status":"open","ping_status":"closed","template":"","meta":{"footnotes":""},"class_list":["post-55","page","type-page","status-publish","hentry"],"yoast_head":"<!-- This site is optimized with the Yoast SEO plugin v24.0 - https:\/\/yoast.com\/wordpress\/plugins\/seo\/ -->\n<title>\u0130spanya T\u00fcrkiye&#039; de Oturum ve \u00c7al\u0131\u015fma \u0130zni - MyVize<\/title>\n<meta name=\"description\" content=\"\u0130spanya T\u00fcrkiye&#039; de oturum ve \u00e7al\u0131\u015fma izni vizesi i\u00e7in ofislerimizi ara. T\u00fcrkiye&#039;de oturum ve \u00e7al\u0131\u015fma vizesi i\u00e7in gerekli evrak listesi.\" \/>\n<meta name=\"robots\" content=\"index, follow, max-snippet:-1, max-image-preview:large, max-video-preview:-1\" \/>\n<link rel=\"canonical\" href=\"https:\/\/www.myvize.com.tr\/ispanya\/vize-islemleri\/turkiyede-oturum-ve-calisma-izni\/\" \/>\n<meta property=\"og:locale\" content=\"tr_TR\" \/>\n<meta property=\"og:type\" content=\"article\" \/>\n<meta property=\"og:title\" content=\"\u0130spanya T\u00fcrkiye&#039; de Oturum ve \u00c7al\u0131\u015fma \u0130zni - MyVize\" \/>\n<meta property=\"og:description\" content=\"\u0130spanya T\u00fcrkiye&#039; de oturum ve \u00e7al\u0131\u015fma izni vizesi i\u00e7in ofislerimizi ara. T\u00fcrkiye&#039;de oturum ve \u00e7al\u0131\u015fma vizesi i\u00e7in gerekli evrak listesi.\" \/>\n<meta property=\"og:url\" content=\"https:\/\/www.myvize.com.tr\/ispanya\/vize-islemleri\/turkiyede-oturum-ve-calisma-izni\/\" \/>\n<meta property=\"og:site_name\" content=\"\u0130spanya Vizesi\" \/>\n<meta property=\"article:modified_time\" content=\"2022-04-11T14:20:06+00:00\" \/>\n<meta property=\"og:image\" content=\"https:\/\/www.myvize.com.tr\/ispanya\/wp-content\/uploads\/2021\/10\/27.jpg\" \/>\n<meta name=\"twitter:card\" content=\"summary_large_image\" \/>\n<meta name=\"twitter:label1\" content=\"Tahmini okuma s\u00fcresi\" \/>\n\t<meta name=\"twitter:data1\" content=\"1 dakika\" \/>\n<script type=\"application\/ld+json\" class=\"yoast-schema-graph\">{\"@context\":\"https:\/\/schema.org\",\"@graph\":[{\"@type\":\"WebPage\",\"@id\":\"https:\/\/www.myvize.com.tr\/ispanya\/vize-islemleri\/turkiyede-oturum-ve-calisma-izni\/\",\"url\":\"https:\/\/www.myvize.com.tr\/ispanya\/vize-islemleri\/turkiyede-oturum-ve-calisma-izni\/\",\"name\":\"\u0130spanya T\u00fcrkiye' de Oturum ve \u00c7al\u0131\u015fma \u0130zni - MyVize\",\"isPartOf\":{\"@id\":\"https:\/\/www.myvize.com.tr\/ispanya\/#website\"},\"primaryImageOfPage\":{\"@id\":\"https:\/\/www.myvize.com.tr\/ispanya\/vize-islemleri\/turkiyede-oturum-ve-calisma-izni\/#primaryimage\"},\"image\":{\"@id\":\"https:\/\/www.myvize.com.tr\/ispanya\/vize-islemleri\/turkiyede-oturum-ve-calisma-izni\/#primaryimage\"},\"thumbnailUrl\":\"https:\/\/www.myvize.com.tr\/ispanya\/wp-content\/uploads\/2021\/10\/27.jpg\",\"datePublished\":\"2020-11-30T09:50:43+00:00\",\"dateModified\":\"2022-04-11T14:20:06+00:00\",\"description\":\"\u0130spanya T\u00fcrkiye' de oturum ve \u00e7al\u0131\u015fma izni vizesi i\u00e7in ofislerimizi ara. T\u00fcrkiye'de oturum ve \u00e7al\u0131\u015fma vizesi i\u00e7in gerekli evrak listesi.\",\"breadcrumb\":{\"@id\":\"https:\/\/www.myvize.com.tr\/ispanya\/vize-islemleri\/turkiyede-oturum-ve-calisma-izni\/#breadcrumb\"},\"inLanguage\":\"tr\",\"potentialAction\":[{\"@type\":\"ReadAction\",\"target\":[\"https:\/\/www.myvize.com.tr\/ispanya\/vize-islemleri\/turkiyede-oturum-ve-calisma-izni\/\"]}]},{\"@type\":\"ImageObject\",\"inLanguage\":\"tr\",\"@id\":\"https:\/\/www.myvize.com.tr\/ispanya\/vize-islemleri\/turkiyede-oturum-ve-calisma-izni\/#primaryimage\",\"url\":\"https:\/\/www.myvize.com.tr\/ispanya\/wp-content\/uploads\/2021\/10\/27.jpg\",\"contentUrl\":\"https:\/\/www.myvize.com.tr\/ispanya\/wp-content\/uploads\/2021\/10\/27.jpg\",\"width\":800,\"height\":500,\"caption\":\"\u0130spanya T\u00fcrkiye'de Oturum ve \u00c7al\u0131\u015fma \u0130zni\"},{\"@type\":\"BreadcrumbList\",\"@id\":\"https:\/\/www.myvize.com.tr\/ispanya\/vize-islemleri\/turkiyede-oturum-ve-calisma-izni\/#breadcrumb\",\"itemListElement\":[{\"@type\":\"ListItem\",\"position\":1,\"name\":\"Anasayfa\",\"item\":\"https:\/\/www.myvize.com.tr\/ispanya\/\"},{\"@type\":\"ListItem\",\"position\":2,\"name\":\"\u0130SPANYA V\u0130ZE \u0130\u015eLEMLER\u0130\",\"item\":\"https:\/\/www.myvize.com.tr\/ispanya\/vize-islemleri\/\"},{\"@type\":\"ListItem\",\"position\":3,\"name\":\"T\u00fcrkiye&#8217;de Oturum ve \u00c7al\u0131\u015fma \u0130zni\"}]},{\"@type\":\"WebSite\",\"@id\":\"https:\/\/www.myvize.com.tr\/ispanya\/#website\",\"url\":\"https:\/\/www.myvize.com.tr\/ispanya\/\",\"name\":\"\u0130spanya Vizesi\",\"description\":\"\",\"potentialAction\":[{\"@type\":\"SearchAction\",\"target\":{\"@type\":\"EntryPoint\",\"urlTemplate\":\"https:\/\/www.myvize.com.tr\/ispanya\/?s={search_term_string}\"},\"query-input\":{\"@type\":\"PropertyValueSpecification\",\"valueRequired\":true,\"valueName\":\"search_term_string\"}}],\"inLanguage\":\"tr\"}]}<\/script>\n<!-- \/ Yoast SEO plugin. -->","yoast_head_json":{"title":"\u0130spanya T\u00fcrkiye' de Oturum ve \u00c7al\u0131\u015fma \u0130zni - MyVize","description":"\u0130spanya T\u00fcrkiye' de oturum ve \u00e7al\u0131\u015fma izni vizesi i\u00e7in ofislerimizi ara. T\u00fcrkiye'de oturum ve \u00e7al\u0131\u015fma vizesi i\u00e7in gerekli evrak listesi.","robots":{"index":"index","follow":"follow","max-snippet":"max-snippet:-1","max-image-preview":"max-image-preview:large","max-video-preview":"max-video-preview:-1"},"canonical":"https:\/\/www.myvize.com.tr\/ispanya\/vize-islemleri\/turkiyede-oturum-ve-calisma-izni\/","og_locale":"tr_TR","og_type":"article","og_title":"\u0130spanya T\u00fcrkiye' de Oturum ve \u00c7al\u0131\u015fma \u0130zni - MyVize","og_description":"\u0130spanya T\u00fcrkiye' de oturum ve \u00e7al\u0131\u015fma izni vizesi i\u00e7in ofislerimizi ara. T\u00fcrkiye'de oturum ve \u00e7al\u0131\u015fma vizesi i\u00e7in gerekli evrak listesi.","og_url":"https:\/\/www.myvize.com.tr\/ispanya\/vize-islemleri\/turkiyede-oturum-ve-calisma-izni\/","og_site_name":"\u0130spanya Vizesi","article_modified_time":"2022-04-11T14:20:06+00:00","og_image":[{"url":"https:\/\/www.myvize.com.tr\/ispanya\/wp-content\/uploads\/2021\/10\/27.jpg","type":"","width":"","height":""}],"twitter_card":"summary_large_image","twitter_misc":{"Tahmini okuma s\u00fcresi":"1 dakika"},"schema":{"@context":"https:\/\/schema.org","@graph":[{"@type":"WebPage","@id":"https:\/\/www.myvize.com.tr\/ispanya\/vize-islemleri\/turkiyede-oturum-ve-calisma-izni\/","url":"https:\/\/www.myvize.com.tr\/ispanya\/vize-islemleri\/turkiyede-oturum-ve-calisma-izni\/","name":"\u0130spanya T\u00fcrkiye' de Oturum ve \u00c7al\u0131\u015fma \u0130zni - MyVize","isPartOf":{"@id":"https:\/\/www.myvize.com.tr\/ispanya\/#website"},"primaryImageOfPage":{"@id":"https:\/\/www.myvize.com.tr\/ispanya\/vize-islemleri\/turkiyede-oturum-ve-calisma-izni\/#primaryimage"},"image":{"@id":"https:\/\/www.myvize.com.tr\/ispanya\/vize-islemleri\/turkiyede-oturum-ve-calisma-izni\/#primaryimage"},"thumbnailUrl":"https:\/\/www.myvize.com.tr\/ispanya\/wp-content\/uploads\/2021\/10\/27.jpg","datePublished":"2020-11-30T09:50:43+00:00","dateModified":"2022-04-11T14:20:06+00:00","description":"\u0130spanya T\u00fcrkiye' de oturum ve \u00e7al\u0131\u015fma izni vizesi i\u00e7in ofislerimizi ara. T\u00fcrkiye'de oturum ve \u00e7al\u0131\u015fma vizesi i\u00e7in gerekli evrak listesi.","breadcrumb":{"@id":"https:\/\/www.myvize.com.tr\/ispanya\/vize-islemleri\/turkiyede-oturum-ve-calisma-izni\/#breadcrumb"},"inLanguage":"tr","potentialAction":[{"@type":"ReadAction","target":["https:\/\/www.myvize.com.tr\/ispanya\/vize-islemleri\/turkiyede-oturum-ve-calisma-izni\/"]}]},{"@type":"ImageObject","inLanguage":"tr","@id":"https:\/\/www.myvize.com.tr\/ispanya\/vize-islemleri\/turkiyede-oturum-ve-calisma-izni\/#primaryimage","url":"https:\/\/www.myvize.com.tr\/ispanya\/wp-content\/uploads\/2021\/10\/27.jpg","contentUrl":"https:\/\/www.myvize.com.tr\/ispanya\/wp-content\/uploads\/2021\/10\/27.jpg","width":800,"height":500,"caption":"\u0130spanya T\u00fcrkiye'de Oturum ve \u00c7al\u0131\u015fma \u0130zni"},{"@type":"BreadcrumbList","@id":"https:\/\/www.myvize.com.tr\/ispanya\/vize-islemleri\/turkiyede-oturum-ve-calisma-izni\/#breadcrumb","itemListElement":[{"@type":"ListItem","position":1,"name":"Anasayfa","item":"https:\/\/www.myvize.com.tr\/ispanya\/"},{"@type":"ListItem","position":2,"name":"\u0130SPANYA V\u0130ZE \u0130\u015eLEMLER\u0130","item":"https:\/\/www.myvize.com.tr\/ispanya\/vize-islemleri\/"},{"@type":"ListItem","position":3,"name":"T\u00fcrkiye&#8217;de Oturum ve \u00c7al\u0131\u015fma \u0130zni"}]},{"@type":"WebSite","@id":"https:\/\/www.myvize.com.tr\/ispanya\/#website","url":"https:\/\/www.myvize.com.tr\/ispanya\/","name":"\u0130spanya Vizesi","description":"","potentialAction":[{"@type":"SearchAction","target":{"@type":"EntryPoint","urlTemplate":"https:\/\/www.myvize.com.tr\/ispanya\/?s={search_term_string}"},"query-input":{"@type":"PropertyValueSpecification","valueRequired":true,"valueName":"search_term_string"}}],"inLanguage":"tr"}]}},"_links":{"self":[{"href":"https:\/\/www.myvize.com.tr\/ispanya\/wp-json\/wp\/v2\/pages\/55","targetHints":{"allow":["GET"]}}],"collection":[{"href":"https:\/\/www.myvize.com.tr\/ispanya\/wp-json\/wp\/v2\/pages"}],"about":[{"href":"https:\/\/www.myvize.com.tr\/ispanya\/wp-json\/wp\/v2\/types\/page"}],"author":[{"embeddable":true,"href":"https:\/\/www.myvize.com.tr\/ispanya\/wp-json\/wp\/v2\/users\/1"}],"replies":[{"embeddable":true,"href":"https:\/\/www.myvize.com.tr\/ispanya\/wp-json\/wp\/v2\/comments?post=55"}],"version-history":[{"count":5,"href":"https:\/\/www.myvize.com.tr\/ispanya\/wp-json\/wp\/v2\/pages\/55\/revisions"}],"predecessor-version":[{"id":380,"href":"https:\/\/www.myvize.com.tr\/ispanya\/wp-json\/wp\/v2\/pages\/55\/revisions\/380"}],"up":[{"embeddable":true,"href":"https:\/\/www.myvize.com.tr\/ispanya\/wp-json\/wp\/v2\/pages\/18"}],"wp:attachment":[{"href":"https:\/\/www.myvize.com.tr\/ispanya\/wp-json\/wp\/v2\/media?parent=55"}],"curies":[{"name":"wp","href":"https:\/\/api.w.org\/{rel}","templated":true}]}}