{"id":74,"date":"2020-11-30T13:02:26","date_gmt":"2020-11-30T10:02:26","guid":{"rendered":"https:\/\/www.myvize.com.tr\/ispanya\/?page_id=74"},"modified":"2022-04-12T13:53:37","modified_gmt":"2022-04-12T10:53:37","slug":"antalya-konsoloslugu","status":"publish","type":"page","link":"https:\/\/www.myvize.com.tr\/ispanya\/konsolosluklar\/antalya-konsoloslugu\/","title":{"rendered":"\u0130spanya Antalya Konsoloslu\u011fu"},"content":{"rendered":"<h2><strong><span style=\"font-family: Roboto; font-size: 27px;\">\u0130spanya Antalya Konsoloslu\u011fu Hakk\u0131nda<\/span><\/strong><\/h2>\n<p><span style=\"font-family: Roboto; font-size: 14px;\">\u0130spanya Antalya Konsoloslu\u011fu\u2019nun amac\u0131 T\u00fcrkiye ve \u0130spanya aras\u0131ndaki ba\u011flar\u0131 geli\u015ftirmeyi ama\u00e7lamaktad\u0131r. Antalya\u2019da bulunan \u0130spanya Antalya Konsoloslu\u011fu\u2019nun g\u00f6revleri a\u015fa\u011f\u0131da verilmi\u015ftir.<\/span><\/p>\n<ul>\n<li><span style=\"font-family: Roboto; font-size: 14px;\"><strong>\u0130spanya Antalya Konsoloslu\u011fu<\/strong>, Ankara \u0130spanya B\u00fcy\u00fckel\u00e7ili\u011fi\u2019ne ba\u011fl\u0131 olarak \u00e7al\u0131\u015fmaktad\u0131r.<\/span><\/li>\n<li><span style=\"font-family: Roboto; font-size: 14px;\">\u0130spanya\u2019n\u0131n ve \u0130spanya vatanda\u015flar\u0131n\u0131n T\u00fcrkiye\u2019deki haklar\u0131n\u0131 T\u00fcrkiye hukukuna, \u0130spanya hukukuna ve uluslararas\u0131 hukuka ba\u011fl\u0131 olarak korumaktad\u0131r.<\/span><\/li>\n<li><span style=\"font-family: Roboto; font-size: 14px;\">Antalya\u2019da bulunan <strong>\u0130spanya Konsoloslu\u011fu<\/strong>, T\u00fcrkiye ile \u0130spanya aras\u0131ndaki ili\u015fkileri ve m\u00fczakereleri y\u00fcr\u00fctmek ve y\u00f6netmektedir.<\/span><\/li>\n<li><span style=\"font-family: Roboto; font-size: 14px;\">Antalya\u2019daki<strong> \u0130spanya Konsoloslu\u011fu<\/strong>, T\u00fcrkiye ile \u0130spanya aras\u0131ndaki dostluk ba\u011flar\u0131n\u0131n kurulmas\u0131n\u0131 sa\u011flamaktad\u0131r. \u0130spanya ile T\u00fcrkiye aras\u0131nda ekonomik ve siyasi ili\u015fkilerin geli\u015ftirilmesinde \u00f6nemli rol oynamaktad\u0131r.<\/span><\/li>\n<li><span style=\"font-family: Roboto; font-size: 14px;\"><strong>\u0130spanya Antalya Konsoloslu\u011fu<\/strong>, T\u00fcrkiye\u2019deki geli\u015fmeleri yak\u0131ndan takip ederek, \u0130spanya kamuoyunu bilgilendirmektedir. T\u00fcrk kamuoyunu ise \u0130spanya g\u00fcndemi hakk\u0131nda bilgilendirmektedir.<\/span><\/li>\n<li><span style=\"font-family: Roboto; font-size: 14px;\">T\u00fcrkiye\u2019de bulunan \u0130spanya vatanda\u015flar\u0131na konsolosluk ve noter hizmeti vermektedir.<\/span><\/li>\n<li><span style=\"font-family: Roboto; font-size: 14px;\">\u0130spanya\u2019ya seyahat etmek isteyen\u00a0T\u00fcrkiye cumhuriyeti vatanda\u015flar\u0131na <span style=\"color: #2acec2;\"><strong><a style=\"color: #2acec2;\" href=\"https:\/\/www.myvize.com.tr\/ispanya\/vize-islemleri\/ispanya-vizesi\/\" target=\"_blank\" rel=\"noopener\">\u0130spanya vizesi<\/a><\/strong><\/span> hizmeti vermektedir.\u00a0<\/span><\/li>\n<\/ul>\n<h2><span style=\"font-family: Roboto; font-size: 27px;\"><strong>\u0130spanya Antalya Konsoloslu\u011fu Adresi ve \u00c7al\u0131\u015fma Saatleri<\/strong><\/span><\/h2>\n<p><span style=\"font-family: Roboto; font-size: 14px;\">Adres: Konyaalt\u0131 Caddesi, Antmarin \u0130\u015f Merkezi, No:24, D:8, PK: 07050 Konyaalt\u0131\/Antalya<\/span><\/p>\n<p><span style=\"font-family: Roboto; font-size: 14px;\">\u00c7al\u0131\u015fma Saati:<strong> \u0130spanya Antalya Konsoloslu\u011fu<\/strong>, Pazartesiden Cumaya kadar saat 09.00-17.00 saatleri aras\u0131nda hizmet vermektedir.<\/span><\/p>\n<p><img decoding=\"async\" src=\"https:\/\/www.myvize.com.tr\/ispanya\/wp-content\/uploads\/2021\/10\/47.jpg\" \/><\/p>\n<h2><span style=\"font-family: Roboto; font-size: 27px;\"><strong>\u0130spanya Antalya Konsoloslu\u011fu Ula\u015f\u0131m<\/strong><\/span><\/h2>\n<p><span style=\"font-family: Roboto; font-size: 14px;\">Antalya ve \u00e7evresinde bulunan T\u00fcrk vatanda\u015flar\u0131; \u0130spanya konsolosluk i\u015flemlerini <strong>\u0130spanya Antalya Konsoloslu\u011fu<\/strong>\u2019na yapmal\u0131d\u0131r. <strong>\u0130spanya Antalya Konsoloslu\u011fu<\/strong>\u2019nun g\u00f6rev b\u00f6lgesi i\u00e7erisinde; Antalya ba\u015fta olmak \u00fczere Antalya, Mu\u011fla, Burdur, Karaman, Adana, Mersin ve Konya illeri bulunmaktad\u0131r.<\/span><\/p>\n<p><span style=\"font-family: Roboto; font-size: 14px;\">Adres:<strong>\u00a0<\/strong>Konyaalt\u0131 Caddesi, \u00a0Antmarin \u0130\u015f Merkezi, No:24, Daire:8, PK: 07050 Konyaalt\u0131\/Antalya<\/span><\/p>\n<p><span style=\"font-family: Roboto; font-size: 14px;\">Antalya B\u00fcy\u00fck\u015fehir Belediyesi\u2019ne ba\u011fl\u0131 olan ve ula\u015f\u0131m hizmeti veren Antalya Ula\u015f\u0131m A\u015e\u2019nin hatlar\u0131 Konyaalt\u0131 Caddesi yak\u0131nlar\u0131ndan ge\u00e7mektedir.<\/span><\/p>\n<p><span style=\"font-family: Roboto; font-size: 14px;\">Antalya i\u00e7erisinde bulunan Konyaalt\u0131 Caddesi i\u00e7erisinden ge\u00e7en otob\u00fcs hatlar\u0131 \u015fu \u015fekildedir;<\/span><\/p>\n<table cellspacing=\"0\">\n<tbody>\n<tr>\n<td><span style=\"font-family: Roboto; font-size: 14px;\"><strong>Hat Ad\u0131<\/strong><\/span><\/td>\n<td><span style=\"font-family: Roboto; font-size: 14px;\"><strong>Y\u00f6n\u00fc<\/strong><\/span><\/td>\n<\/tr>\n<tr>\n<td><span style=\"font-family: Roboto; font-size: 14px;\">KC06<\/span><\/td>\n<td><span style=\"font-family: Roboto; font-size: 14px;\">Sar\u0131su Mahallesi<\/span><\/td>\n<\/tr>\n<tr>\n<td><span style=\"font-family: Roboto; font-size: 14px;\">KL21<\/span><\/td>\n<td><span style=\"font-family: Roboto; font-size: 14px;\">G\u00fcrsu<\/span><\/td>\n<\/tr>\n<tr>\n<td><span style=\"font-family: Roboto; font-size: 14px;\">MC58<\/span><\/td>\n<td><span style=\"font-family: Roboto; font-size: 14px;\">E\u011fitim Ara\u015ft\u0131rma Hastanesi<\/span><\/td>\n<\/tr>\n<tr>\n<td><span style=\"font-family: Roboto; font-size: 14px;\">MC68<\/span><\/td>\n<td><span style=\"font-family: Roboto; font-size: 14px;\">Fatih<\/span><\/td>\n<\/tr>\n<tr>\n<td><span style=\"font-family: Roboto; font-size: 14px;\">998<\/span><\/td>\n<td><span style=\"font-family: Roboto; font-size: 14px;\">Zerdalilik<\/span><\/td>\n<\/tr>\n<tr>\n<td><span style=\"font-family: Roboto; font-size: 14px;\">KC34<\/span><\/td>\n<td><span style=\"font-family: Roboto; font-size: 14px;\">Alt\u0131nta\u015f<\/span><\/td>\n<\/tr>\n<tr>\n<td><span style=\"font-family: Roboto; font-size: 14px;\">VF01<\/span><\/td>\n<td><span style=\"font-family: Roboto; font-size: 14px;\">Varsak- Fak\u00fclte<\/span><\/td>\n<\/tr>\n<tr>\n<td><span style=\"font-family: Roboto; font-size: 14px;\">VF01G<\/span><\/td>\n<td><span style=\"font-family: Roboto; font-size: 14px;\">Varsak- Fak\u00fclte<\/span><\/td>\n<\/tr>\n<tr>\n<td><span style=\"font-family: Roboto; font-size: 14px;\">AC03<\/span><\/td>\n<td><span style=\"font-family: Roboto; font-size: 14px;\">Aksu- Minicity<\/span><\/td>\n<\/tr>\n<tr>\n<td><span style=\"font-family: Roboto; font-size: 14px;\">KL08<\/span><\/td>\n<td><span style=\"font-family: Roboto; font-size: 14px;\">Sar\u0131su- G\u00fczeloba<\/span><\/td>\n<\/tr>\n<tr>\n<td><span style=\"font-family: Roboto; font-size: 14px;\">KL08G<\/span><\/td>\n<td><span style=\"font-family: Roboto; font-size: 14px;\">Sar\u0131su- G\u00fczeloba<\/span><\/td>\n<\/tr>\n<tr>\n<td><span style=\"font-family: Roboto; font-size: 14px;\">LF09<\/span><\/td>\n<td><span style=\"font-family: Roboto; font-size: 14px;\">\u00dcnsal Depolama- G\u00fczeloba<\/span><\/td>\n<\/tr>\n<tr>\n<td><span style=\"font-family: Roboto; font-size: 14px;\">LF10<\/span><\/td>\n<td><span style=\"font-family: Roboto; font-size: 14px;\">\u00dcnsal Depolama- G\u00fczeloba<\/span><\/td>\n<\/tr>\n<tr>\n<td><span style=\"font-family: Roboto; font-size: 14px;\">DC15<\/span><\/td>\n<td><span style=\"font-family: Roboto; font-size: 14px;\">Meydan- Organize Sanayi<\/span><\/td>\n<\/tr>\n<tr>\n<td><span style=\"font-family: Roboto; font-size: 14px;\">VS18<\/span><\/td>\n<td><span style=\"font-family: Roboto; font-size: 14px;\">Sar\u0131su- Varsak<\/span><\/td>\n<\/tr>\n<tr>\n<td><span style=\"font-family: Roboto; font-size: 14px;\">ML22<\/span><\/td>\n<td><span style=\"font-family: Roboto; font-size: 14px;\">Meydan Depolama- Hurma<\/span><\/td>\n<\/tr>\n<tr>\n<td><span style=\"font-family: Roboto; font-size: 14px;\">UC32<\/span><\/td>\n<td><span style=\"font-family: Roboto; font-size: 14px;\">Sar\u0131su Depolama- Demirciler \u00c7ar\u015f\u0131s\u0131<\/span><\/td>\n<\/tr>\n<tr>\n<td><span style=\"font-family: Roboto; font-size: 14px;\">TK36<\/span><\/td>\n<td><span style=\"font-family: Roboto; font-size: 14px;\">Otogar- Karacao\u011flan Caddesi<\/span><\/td>\n<\/tr>\n<tr>\n<td><span style=\"font-family: Roboto; font-size: 14px;\">CV47<\/span><\/td>\n<td><span style=\"font-family: Roboto; font-size: 14px;\">Meydan- Minicity<\/span><\/td>\n<\/tr>\n<\/tbody>\n<\/table>\n<ul>\n<li><span style=\"font-family: Roboto; font-size: 14px;\">Konyaalt\u0131 Caddesi yak\u0131nlar\u0131ndan T2-NOSTOLJ\u0130 hafif rayl\u0131 hatt\u0131 ge\u00e7mektedir. Konyaalt\u0131 Caddesi bu hatta 2 dakikal\u0131k mesafe uzakl\u0131\u011f\u0131ndad\u0131r.<\/span><\/li>\n<\/ul>\n<p><span style=\"font-family: Roboto; font-size: 14px;\"><strong><span style=\"color: #2acec2;\"><a style=\"color: #2acec2;\" href=\"https:\/\/www.myvize.com.tr\/ispanya\/vize-islemleri\/ispanya-vize-randevusu-2\/\" target=\"_blank\" rel=\"noopener\">\u0130spanya Vize Randevusu<\/a><\/span><\/strong> ile ilgili bilgi almak i\u00e7in bizi aray\u0131n\u0131z.<\/span><\/p>\n","protected":false},"excerpt":{"rendered":"<p>\u0130spanya Antalya Konsoloslu\u011fu Hakk\u0131nda \u0130spanya Antalya Konsoloslu\u011fu\u2019nun amac\u0131 T\u00fcrkiye ve \u0130spanya aras\u0131ndaki ba\u011flar\u0131 geli\u015ftirmeyi ama\u00e7lamaktad\u0131r. Antalya\u2019da bulunan \u0130spanya Antalya Konsoloslu\u011fu\u2019nun g\u00f6revleri a\u015fa\u011f\u0131da verilmi\u015ftir. \u0130spanya Antalya Konsoloslu\u011fu, Ankara \u0130spanya B\u00fcy\u00fckel\u00e7ili\u011fi\u2019ne ba\u011fl\u0131 olarak \u00e7al\u0131\u015fmaktad\u0131r. \u0130spanya\u2019n\u0131n ve \u0130spanya vatanda\u015flar\u0131n\u0131n T\u00fcrkiye\u2019deki haklar\u0131n\u0131 T\u00fcrkiye hukukuna, \u0130spanya hukukuna ve uluslararas\u0131 hukuka ba\u011fl\u0131 olarak korumaktad\u0131r. Antalya\u2019da bulunan \u0130spanya Konsoloslu\u011fu, T\u00fcrkiye ile \u0130spanya<\/p>\n","protected":false},"author":1,"featured_media":0,"parent":69,"menu_order":0,"comment_status":"open","ping_status":"closed","template":"","meta":{"footnotes":""},"class_list":["post-74","page","type-page","status-publish","hentry"],"yoast_head":"<!-- This site is optimized with the Yoast SEO plugin v24.0 - https:\/\/yoast.com\/wordpress\/plugins\/seo\/ -->\n<title>\u0130spanya Antalya Konsoloslu\u011fu - MyVize Vize Ba\u015fvuru Merkezi<\/title>\n<meta name=\"description\" content=\"\u0130spanya Konsoloslu\u011fu Antalya \u00e7al\u0131\u015fma saatleri. \u0130spanya Konsoloslu\u011fu Antalya ula\u015f\u0131m, ileti\u015fim bilgileri ve faaliyet alan\u0131.\" \/>\n<meta name=\"robots\" content=\"index, follow, max-snippet:-1, max-image-preview:large, max-video-preview:-1\" \/>\n<link rel=\"canonical\" href=\"https:\/\/www.myvize.com.tr\/ispanya\/konsolosluklar\/antalya-konsoloslugu\/\" \/>\n<meta property=\"og:locale\" content=\"tr_TR\" \/>\n<meta property=\"og:type\" content=\"article\" \/>\n<meta property=\"og:title\" content=\"\u0130spanya Antalya Konsoloslu\u011fu - MyVize Vize Ba\u015fvuru Merkezi\" \/>\n<meta property=\"og:description\" content=\"\u0130spanya Konsoloslu\u011fu Antalya \u00e7al\u0131\u015fma saatleri. \u0130spanya Konsoloslu\u011fu Antalya ula\u015f\u0131m, ileti\u015fim bilgileri ve faaliyet alan\u0131.\" \/>\n<meta property=\"og:url\" content=\"https:\/\/www.myvize.com.tr\/ispanya\/konsolosluklar\/antalya-konsoloslugu\/\" \/>\n<meta property=\"og:site_name\" content=\"\u0130spanya Vizesi\" \/>\n<meta property=\"article:modified_time\" content=\"2022-04-12T10:53:37+00:00\" \/>\n<meta property=\"og:image\" content=\"https:\/\/www.myvize.com.tr\/ispanya\/wp-content\/uploads\/2021\/10\/47.jpg\" \/>\n<meta name=\"twitter:card\" content=\"summary_large_image\" \/>\n<meta name=\"twitter:label1\" content=\"Tahmini okuma s\u00fcresi\" \/>\n\t<meta name=\"twitter:data1\" content=\"2 dakika\" \/>\n<script type=\"application\/ld+json\" class=\"yoast-schema-graph\">{\"@context\":\"https:\/\/schema.org\",\"@graph\":[{\"@type\":\"WebPage\",\"@id\":\"https:\/\/www.myvize.com.tr\/ispanya\/konsolosluklar\/antalya-konsoloslugu\/\",\"url\":\"https:\/\/www.myvize.com.tr\/ispanya\/konsolosluklar\/antalya-konsoloslugu\/\",\"name\":\"\u0130spanya Antalya Konsoloslu\u011fu - MyVize Vize Ba\u015fvuru Merkezi\",\"isPartOf\":{\"@id\":\"https:\/\/www.myvize.com.tr\/ispanya\/#website\"},\"primaryImageOfPage\":{\"@id\":\"https:\/\/www.myvize.com.tr\/ispanya\/konsolosluklar\/antalya-konsoloslugu\/#primaryimage\"},\"image\":{\"@id\":\"https:\/\/www.myvize.com.tr\/ispanya\/konsolosluklar\/antalya-konsoloslugu\/#primaryimage\"},\"thumbnailUrl\":\"https:\/\/www.myvize.com.tr\/ispanya\/wp-content\/uploads\/2021\/10\/47.jpg\",\"datePublished\":\"2020-11-30T10:02:26+00:00\",\"dateModified\":\"2022-04-12T10:53:37+00:00\",\"description\":\"\u0130spanya Konsoloslu\u011fu Antalya \u00e7al\u0131\u015fma saatleri. \u0130spanya Konsoloslu\u011fu Antalya ula\u015f\u0131m, ileti\u015fim bilgileri ve faaliyet alan\u0131.\",\"breadcrumb\":{\"@id\":\"https:\/\/www.myvize.com.tr\/ispanya\/konsolosluklar\/antalya-konsoloslugu\/#breadcrumb\"},\"inLanguage\":\"tr\",\"potentialAction\":[{\"@type\":\"ReadAction\",\"target\":[\"https:\/\/www.myvize.com.tr\/ispanya\/konsolosluklar\/antalya-konsoloslugu\/\"]}]},{\"@type\":\"ImageObject\",\"inLanguage\":\"tr\",\"@id\":\"https:\/\/www.myvize.com.tr\/ispanya\/konsolosluklar\/antalya-konsoloslugu\/#primaryimage\",\"url\":\"https:\/\/www.myvize.com.tr\/ispanya\/wp-content\/uploads\/2021\/10\/47.jpg\",\"contentUrl\":\"https:\/\/www.myvize.com.tr\/ispanya\/wp-content\/uploads\/2021\/10\/47.jpg\",\"width\":800,\"height\":500,\"caption\":\"\u0130spanya Antalya Konsoloslu\u011fu\"},{\"@type\":\"BreadcrumbList\",\"@id\":\"https:\/\/www.myvize.com.tr\/ispanya\/konsolosluklar\/antalya-konsoloslugu\/#breadcrumb\",\"itemListElement\":[{\"@type\":\"ListItem\",\"position\":1,\"name\":\"Anasayfa\",\"item\":\"https:\/\/www.myvize.com.tr\/ispanya\/\"},{\"@type\":\"ListItem\",\"position\":2,\"name\":\"KONSOLOSLUKLAR\",\"item\":\"https:\/\/www.myvize.com.tr\/ispanya\/konsolosluklar\/\"},{\"@type\":\"ListItem\",\"position\":3,\"name\":\"\u0130spanya Antalya Konsoloslu\u011fu\"}]},{\"@type\":\"WebSite\",\"@id\":\"https:\/\/www.myvize.com.tr\/ispanya\/#website\",\"url\":\"https:\/\/www.myvize.com.tr\/ispanya\/\",\"name\":\"\u0130spanya Vizesi\",\"description\":\"\",\"potentialAction\":[{\"@type\":\"SearchAction\",\"target\":{\"@type\":\"EntryPoint\",\"urlTemplate\":\"https:\/\/www.myvize.com.tr\/ispanya\/?s={search_term_string}\"},\"query-input\":{\"@type\":\"PropertyValueSpecification\",\"valueRequired\":true,\"valueName\":\"search_term_string\"}}],\"inLanguage\":\"tr\"}]}<\/script>\n<!-- \/ Yoast SEO plugin. -->","yoast_head_json":{"title":"\u0130spanya Antalya Konsoloslu\u011fu - MyVize Vize Ba\u015fvuru Merkezi","description":"\u0130spanya Konsoloslu\u011fu Antalya \u00e7al\u0131\u015fma saatleri. \u0130spanya Konsoloslu\u011fu Antalya ula\u015f\u0131m, ileti\u015fim bilgileri ve faaliyet alan\u0131.","robots":{"index":"index","follow":"follow","max-snippet":"max-snippet:-1","max-image-preview":"max-image-preview:large","max-video-preview":"max-video-preview:-1"},"canonical":"https:\/\/www.myvize.com.tr\/ispanya\/konsolosluklar\/antalya-konsoloslugu\/","og_locale":"tr_TR","og_type":"article","og_title":"\u0130spanya Antalya Konsoloslu\u011fu - MyVize Vize Ba\u015fvuru Merkezi","og_description":"\u0130spanya Konsoloslu\u011fu Antalya \u00e7al\u0131\u015fma saatleri. \u0130spanya Konsoloslu\u011fu Antalya ula\u015f\u0131m, ileti\u015fim bilgileri ve faaliyet alan\u0131.","og_url":"https:\/\/www.myvize.com.tr\/ispanya\/konsolosluklar\/antalya-konsoloslugu\/","og_site_name":"\u0130spanya Vizesi","article_modified_time":"2022-04-12T10:53:37+00:00","og_image":[{"url":"https:\/\/www.myvize.com.tr\/ispanya\/wp-content\/uploads\/2021\/10\/47.jpg","type":"","width":"","height":""}],"twitter_card":"summary_large_image","twitter_misc":{"Tahmini okuma s\u00fcresi":"2 dakika"},"schema":{"@context":"https:\/\/schema.org","@graph":[{"@type":"WebPage","@id":"https:\/\/www.myvize.com.tr\/ispanya\/konsolosluklar\/antalya-konsoloslugu\/","url":"https:\/\/www.myvize.com.tr\/ispanya\/konsolosluklar\/antalya-konsoloslugu\/","name":"\u0130spanya Antalya Konsoloslu\u011fu - MyVize Vize Ba\u015fvuru Merkezi","isPartOf":{"@id":"https:\/\/www.myvize.com.tr\/ispanya\/#website"},"primaryImageOfPage":{"@id":"https:\/\/www.myvize.com.tr\/ispanya\/konsolosluklar\/antalya-konsoloslugu\/#primaryimage"},"image":{"@id":"https:\/\/www.myvize.com.tr\/ispanya\/konsolosluklar\/antalya-konsoloslugu\/#primaryimage"},"thumbnailUrl":"https:\/\/www.myvize.com.tr\/ispanya\/wp-content\/uploads\/2021\/10\/47.jpg","datePublished":"2020-11-30T10:02:26+00:00","dateModified":"2022-04-12T10:53:37+00:00","description":"\u0130spanya Konsoloslu\u011fu Antalya \u00e7al\u0131\u015fma saatleri. \u0130spanya Konsoloslu\u011fu Antalya ula\u015f\u0131m, ileti\u015fim bilgileri ve faaliyet alan\u0131.","breadcrumb":{"@id":"https:\/\/www.myvize.com.tr\/ispanya\/konsolosluklar\/antalya-konsoloslugu\/#breadcrumb"},"inLanguage":"tr","potentialAction":[{"@type":"ReadAction","target":["https:\/\/www.myvize.com.tr\/ispanya\/konsolosluklar\/antalya-konsoloslugu\/"]}]},{"@type":"ImageObject","inLanguage":"tr","@id":"https:\/\/www.myvize.com.tr\/ispanya\/konsolosluklar\/antalya-konsoloslugu\/#primaryimage","url":"https:\/\/www.myvize.com.tr\/ispanya\/wp-content\/uploads\/2021\/10\/47.jpg","contentUrl":"https:\/\/www.myvize.com.tr\/ispanya\/wp-content\/uploads\/2021\/10\/47.jpg","width":800,"height":500,"caption":"\u0130spanya Antalya Konsoloslu\u011fu"},{"@type":"BreadcrumbList","@id":"https:\/\/www.myvize.com.tr\/ispanya\/konsolosluklar\/antalya-konsoloslugu\/#breadcrumb","itemListElement":[{"@type":"ListItem","position":1,"name":"Anasayfa","item":"https:\/\/www.myvize.com.tr\/ispanya\/"},{"@type":"ListItem","position":2,"name":"KONSOLOSLUKLAR","item":"https:\/\/www.myvize.com.tr\/ispanya\/konsolosluklar\/"},{"@type":"ListItem","position":3,"name":"\u0130spanya Antalya Konsoloslu\u011fu"}]},{"@type":"WebSite","@id":"https:\/\/www.myvize.com.tr\/ispanya\/#website","url":"https:\/\/www.myvize.com.tr\/ispanya\/","name":"\u0130spanya Vizesi","description":"","potentialAction":[{"@type":"SearchAction","target":{"@type":"EntryPoint","urlTemplate":"https:\/\/www.myvize.com.tr\/ispanya\/?s={search_term_string}"},"query-input":{"@type":"PropertyValueSpecification","valueRequired":true,"valueName":"search_term_string"}}],"inLanguage":"tr"}]}},"_links":{"self":[{"href":"https:\/\/www.myvize.com.tr\/ispanya\/wp-json\/wp\/v2\/pages\/74","targetHints":{"allow":["GET"]}}],"collection":[{"href":"https:\/\/www.myvize.com.tr\/ispanya\/wp-json\/wp\/v2\/pages"}],"about":[{"href":"https:\/\/www.myvize.com.tr\/ispanya\/wp-json\/wp\/v2\/types\/page"}],"author":[{"embeddable":true,"href":"https:\/\/www.myvize.com.tr\/ispanya\/wp-json\/wp\/v2\/users\/1"}],"replies":[{"embeddable":true,"href":"https:\/\/www.myvize.com.tr\/ispanya\/wp-json\/wp\/v2\/comments?post=74"}],"version-history":[{"count":6,"href":"https:\/\/www.myvize.com.tr\/ispanya\/wp-json\/wp\/v2\/pages\/74\/revisions"}],"predecessor-version":[{"id":967,"href":"https:\/\/www.myvize.com.tr\/ispanya\/wp-json\/wp\/v2\/pages\/74\/revisions\/967"}],"up":[{"embeddable":true,"href":"https:\/\/www.myvize.com.tr\/ispanya\/wp-json\/wp\/v2\/pages\/69"}],"wp:attachment":[{"href":"https:\/\/www.myvize.com.tr\/ispanya\/wp-json\/wp\/v2\/media?parent=74"}],"curies":[{"name":"wp","href":"https:\/\/api.w.org\/{rel}","templated":true}]}}