{"id":86,"date":"2020-11-30T13:05:31","date_gmt":"2020-11-30T10:05:31","guid":{"rendered":"https:\/\/www.myvize.com.tr\/ispanya\/?page_id=86"},"modified":"2022-07-11T11:36:55","modified_gmt":"2022-07-11T08:36:55","slug":"edirne-fahri-konsoloslugu","status":"publish","type":"page","link":"https:\/\/www.myvize.com.tr\/ispanya\/konsolosluklar\/edirne-fahri-konsoloslugu\/","title":{"rendered":"\u0130spanya Edirne Konsoloslu\u011fu"},"content":{"rendered":"<h2><strong><span style=\"font-family: Roboto; font-size: 27px;\">\u0130spanya Edirne Konsolosu Kimdir?<\/span><\/strong><\/h2>\n<p><span style=\"font-family: Roboto; font-size: 14px;\">\u0130spanya&#8217;n\u0131n T\u00fcrkiye\u2019de bulunan temsilcisinden birisi \u0130spanya Edirne\u00a0 Fahri Konsolosudur. \u0130spanya Edirne\u00a0 Fahri Konsolosu\u2019nun kim oldu\u011fu merak eden ki\u015fi bulunmaktad\u0131r. Bu yaz\u0131 da \u0130spanya&#8217;n\u0131n Edirne\u00a0 Fahri Konsolosunun kim oldu\u011fu merak eden ki\u015filer i\u00e7in\u00a0 cevap verilmi\u015ftir. \u0130spanya&#8217;n\u0131n Edirne\u00a0 Fahri Konsolosu\u2019nun kim oldu\u011funa ait bilgi bulunmamaktad\u0131r. Ancak \u0130spanya Edirne\u00a0 Fahri Konsolos\u2019nun \u0130spanya vatanda\u015flar\u0131 olmas\u0131 zorunlulu\u011fu bulunmamaktad\u0131r. Bu sebeple <strong>\u0130spanya Edirne\u00a0 Fahri Konsolosu<\/strong> T\u00fcrk olabilir. \u0130spanya Edirne Fahri Konsolosu\u2019nun as\u0131l ama\u00e7lar\u0131 b\u00f6lgede ki ticari i\u015fbirli\u011fini artt\u0131rmak ve \u0130spanya yarar\u0131na yeni yat\u0131r\u0131m alanlar\u0131 ortaya \u00e7\u0131karmaktad\u0131r. B\u00f6lgede ki \u0130spanya ticaret geli\u015ftirmeyi ama\u00e7lanmaktad\u0131r. \u0130spanya Edirne\u00a0 Fahri Konsolosu, Edirne\u00a0 Ankara B\u00fcy\u00fckel\u00e7ili\u011fine ba\u011fl\u0131 olarak \u00e7al\u0131\u015fmaktad\u0131r. \u0130spanya Edirne\u00a0 Fahri Konsolosu\u2019nun diplomatik yetkisi bulunmamakla beraber gerekli g\u00f6r\u00fcld\u00fc\u011f\u00fcne konsolosluk himayeleri sa\u011flamaktad\u0131r. \u0130spanya vatanda\u015flar\u0131na e\u011fitim, sa\u011fl\u0131k, hukuk gibi alanlarda destek sa\u011flanmaktad\u0131r. \u0130spanya Ankara B\u00fcy\u00fckel\u00e7isinin verdikleri g\u00f6revi yerine getirmektedir.<\/span><\/p>\n<h2><span style=\"font-family: Roboto; font-size: 27px;\">\u0130spanya Edirne Fahri Konsoloslu\u011fu Vize<\/span><\/h2>\n<p><span style=\"font-family: Roboto; font-size: 14px;\"><strong>\u0130spanya Edirne Fahri Konsoloslu\u011fu<\/strong>, \u0130spanya Devleti\u2019nin T\u00fcrkiye\u2019de bulunan temsilciliklerinden birisidir. \u0130spanya Edirne Fahri Konsoloslu\u011fu\u2019nun g\u00f6revleri a\u015fa\u011f\u0131da listelenmi\u015ftir.<\/span><\/p>\n<ul>\n<li><span style=\"font-family: Roboto; font-size: 14px;\"><strong>\u0130spanya Edirne Fahri Konsoloslu\u011fu<\/strong>, \u0130spanya\u2019n\u0131n T\u00fcrkiye\u2019de bulunan ancak diplomatik yetki verilmemi\u015f temsilcili\u011fidir.<\/span><\/li>\n<li><span style=\"font-family: Roboto; font-size: 14px;\">\u0130spanya Edirne Fahri Konsoloslu\u011fu, <strong>\u0130spanya\u2019m\u0131n Ankara B\u00fcy\u00fckel\u00e7ili\u011fine<\/strong> ba\u011fl\u0131d\u0131r ve \u0130spanya Ankara B\u00fcy\u00fckel\u00e7ili\u011fi\u2019nin vermi\u015f oldu\u011fu g\u00f6revleri yetine getirmektedir.<\/span><\/li>\n<li><span style=\"font-family: Roboto; font-size: 14px;\"><strong>\u0130spanya Edirne Fahri Konsoloslu\u011fu<\/strong>, T\u00fcrkiye\u2019deki ticari ili\u015fkileri d\u00fczenlemesi i\u00e7in kurulmu\u015f bir temsilciliktir.<\/span><\/li>\n<li><span style=\"font-family: Roboto; font-size: 14px;\">\u0130spanya Edirne Fahri Konsoloslu\u011fu, \u0130spanya\u2019n\u0131n <span style=\"color: #2acec2;\"><strong><a style=\"color: #2acec2;\" href=\"https:\/\/www.myvize.com.tr\/ispanya\/subelerimiz\/edirne\/\" target=\"_blank\" rel=\"noopener\">Edirne<\/a><\/strong><\/span> ve \u00e7evresinde i\u015f kurmu\u015f olan vatanda\u015flar\u0131n\u0131n ticari i\u015flerinde destek olmaktad\u0131r.<\/span><\/li>\n<li><span style=\"font-family: Roboto; font-size: 14px;\"><strong>\u0130spanya Edirne Fahri Konsoloslu\u011fu<\/strong>, \u0130spanya k\u00fclt\u00fcr\u00fcn\u00fc Edirne ve \u00e7evresinde tan\u0131tmay\u0131 ama\u00e7lamaktad\u0131r.<\/span><\/li>\n<li><span style=\"font-family: Roboto; font-size: 14px;\">\u0130spanya\u2019n\u0131n Edirne Fahri Konsoloslu\u011fu\u2019nun diplomatik bir yetkisi bulunmad\u0131\u011f\u0131ndan dolay\u0131 konsolosluk hizmeti ve vize hizmeti vermemektedir. <strong>\u0130spanya\u2019n\u0131n Edirne Fahri Konsoloslu\u011fu<\/strong>, sadece acil durumlarda belge tasdiki yapmaktad\u0131r.<\/span><\/li>\n<\/ul>\n<p><span style=\"font-family: Roboto; font-size: 22px;\"><strong>\u0130spanya Edirne Fahri Konsoloslu\u011fu \u00c7al\u0131\u015fma Saatleri<\/strong><\/span><\/p>\n<p><span style=\"font-family: Roboto; font-size: 14px;\"><strong>\u0130spanya Edirne Fahri Konsoloslu\u011fu<\/strong>, hafta i\u00e7i saat 09.30 ile 17.30 aras\u0131nda \u00e7al\u0131\u015fmaktad\u0131r. T\u00fcrkiye ve \u0130spanya resmi tatillerinde \u00e7al\u0131\u015fmamaktad\u0131r.<\/span><\/p>\n<p><span style=\"font-family: Roboto; font-size: 22px;\"><strong>\u0130spanya Edirne Fahri Konsoloslu\u011fu Adresi\u00a0<\/strong><\/span><\/p>\n<p><span style=\"font-family: Roboto; font-size: 14px;\">Adres: Mithat Pa\u015fa Mahallesi, T\u00fcrk Oca\u011f\u0131 Caddesi, No: 78, Daire: 7, Edirne Merkez\/Edirne<\/span><\/p>\n<p><span style=\"font-family: Roboto; font-size: 14px;\"><span style=\"color: #2acec2;\"><strong><a style=\"color: #2acec2;\" href=\"https:\/\/www.myvize.com.tr\/ispanya\/vize-islemleri\/ispanya-vize-reddi\/\" target=\"_blank\" rel=\"noopener\">\u0130spanya Vize Reddi <\/a><\/strong><\/span>ile ilgili bilgi almak i\u00e7in bizi aray\u0131n.<\/span><\/p>\n<h2><strong><span style=\"font-family: Roboto; font-size: 27px;\">\u0130spanya Edirne Konsoloslu\u011fu Vize \u0130\u015flemleri<\/span><\/strong><\/h2>\n<p><span style=\"font-family: Roboto; font-size: 14px;\"><strong>\u0130spanya&#8217;ya seyahat<\/strong> etmeyi isteyen ve Edirne\u00a0 \u00e7evresinde ikamet eden ki\u015fi, \u0130spanya&#8217;n\u0131n Edirne\u00a0 Fahri Konsoloslu\u011funa vize ba\u015fvurusu yapabilir. \u0130spanya Edirne\u00a0 Fahri Konsoloslu\u011funa vize ba\u015fvurusu yapacak olan ki\u015fi, \u0130spanya Edirne\u00a0 Konsoloslu\u011funu vize i\u015flemini merak etmektedir.\u00a0 \u0130spanya Edirne\u00a0 Fahri Konsoloslu\u011fu vize i\u015flemi i\u00e7in \u00f6ncelikle seyahat ama\u00e7lar\u0131na uygun olan \u0130spanya vize t\u00fcr\u00fcn\u00fc se\u00e7melisiniz. \u0130spanya Edirne \u00a0 Fahri Konsoloslu\u011fu vize i\u015flemleri i\u00e7in vize t\u00fcr\u00fcn\u00fc belirlendikten sonra <strong>\u0130spanya vize ba\u015fvuru<\/strong> formunu doldurmal\u0131s\u0131n\u0131z. \u0130spanya vize ba\u015fvuru formunu dolduruldukdan sonra \u0130spanya Edirne\u00a0 Fahri Konsoloslu\u011fu vize i\u015flemleri i\u00e7in randevu almas\u0131 gerekmektedir.<\/span><\/p>\n<p><span style=\"font-family: Roboto; font-size: 14px;\"><strong>\u0130spanya vize randevusu<\/strong> al\u0131nd\u0131ktan sonra randevu tarihine kadar gerekli olan vize evraklar\u0131n\u0131n haz\u0131rlamas\u0131 gerekmektedir. Haz\u0131rlanan evraklar \u0130spanya Edirne\u00a0 Fahri Konsoloslu\u011funa vize i\u015flemi randevu tarihlerinde teslim edilmelidir. \u0130spanya Edirne\u00a0 Fahri Konsoloslu\u011fu vize i\u015flemi \u0130spanya \u0130stanbul Ba\u015fkonsoloslu\u011fu ile <strong>\u0130spanya Ankara B\u00fcy\u00fckel\u00e7ili\u011fi<\/strong> taraf\u0131ndan incelenerek, de\u011ferlendirilmektedir.<\/span><\/p>\n<h2><span style=\"font-family: Roboto; font-size: 27px;\">\u0130spanya Edirne Konsoloslu\u011fu Vize Randevusu<\/span><\/h2>\n<p><span style=\"font-family: Roboto; font-size: 14px;\">\u0130spanya&#8217;n\u0131n Edirne\u00a0 Fahri Konsoloslu\u011funa vize ba\u015fvurusunda bulunacak olan ki\u015filer, vize ba\u015fvurusu i\u00e7in \u0130spanya Edirne\u00a0 Fahri Konsoloslu\u011funa vize randevu hakk\u0131nda ara\u015ft\u0131rma yapmaktad\u0131r. <strong>\u0130spanya Edirne\u00a0 Fahri Konsoloslu\u011fu<\/strong> vize randevusunu alacak olan ki\u015filer, randevusunu \u0130spanya Edirne\u00a0 Fahri Konsoloslu\u011fu ile ileti\u015fime ge\u00e7erek alabilmektedir. \u0130spanya Edirne\u00a0 Fahri Konsoloslu\u011fu vize randevusunu alan ki\u015filer, Edirne\u00a0 Fahri Konsoloslu\u011funa randevu tarihlerinde gerekli olan evrak\u0131 yetkiliye teslim etmelidir. \u0130spanya Edirne\u00a0 Fahri Konsoloslu\u011funa vize randevu olmadan \u0130spanya vize ba\u015fvurusu kabul etmemektedir. Bu sebeple \u0130spanya Edirne\u00a0 Fahri Konsoloslu\u011fu vize randevusunu alan ki\u015filer, \u0130spanya Edirne\u00a0 Fahri Konsoloslu\u011fu randevu tarihini ka\u00e7\u0131rmamal\u0131d\u0131r. Randevusuz i\u015flem yap\u0131lmad\u0131\u011f\u0131ndan dolay\u0131 vize ba\u015fvurusu kabul edilemeyebilir. \u0130spanya Edirne\u00a0 Fahri Konsoloslu\u011fu vize randevusunu ka\u00e7\u0131ran ki\u015filerin yeniden vize randevu almalar\u0131 gerekebilir. \u0130spanya Edirne\u00a0 Fahri Konsoloslu\u011fu vize randevular\u0131n\u0131 ka\u00e7\u0131ran ki\u015filerin \u0130spanya seyahat plan\u0131 aksayabilir.<\/span><\/p>\n<h3><strong><span style=\"font-family: Roboto; font-size: 24px;\">\u0130spanya Edirne Konsoloslu\u011fu Vize Ba\u015fvurusu<\/span><\/strong><\/h3>\n<p><span style=\"font-family: Roboto; font-size: 14px;\">Edirne&#8217;de ikamet eden ve<strong> \u0130spanya&#8217;ya seyahat<\/strong> etmeyi isteyen ki\u015fi, \u0130spanya vize ba\u015fvurular\u0131nda bulunmal\u0131d\u0131r. Edirne ile \u00e7evresine ikamet eden ki\u015filer vize ba\u015fvurular\u0131n\u0131 \u0130spanya&#8217;n\u0131n Edirne Fahri Konsoloslu\u011funa yapabilmekte. \u0130spanya Edirne\u00a0 Fahri Konsoloslu\u011fu vize ba\u015fvurusu i\u00e7in \u00f6ncelikle \u0130spanya seyahat amac\u0131na uygun \u0130spanya vize evrak\u0131n\u0131 eksiksiz olarak haz\u0131rlamal\u0131s\u0131n\u0131z. Evrak haz\u0131rland\u0131ktan sonra \u0130spanya&#8217;n\u0131n Edirne\u00a0 Fahri Konsoloslu\u011fundan randevu almal\u0131s\u0131n\u0131z.<strong> \u0130spanya Edirne Fahri Konsoloslu\u011fa<\/strong> vize ba\u015fvuru i\u00e7in gerekli olan <strong>\u0130spanya vizesi<\/strong> evrak yetkiliye teslim edilerek \u0130spanya Edirne\u00a0 Fahri Konsoloslu\u011funa vize ba\u015fvuru i\u015flemlerini yapabilmektedir. \u0130spanya Edirne\u00a0 Fahri Konsoloslu\u011funa vize ba\u015fvurusu yapacak olan ki\u015fi, \u0130spanya vize evrak\u0131n\u0131 eksiksiz olarak haz\u0131rlamal\u0131d\u0131r. \u0130spanya seyahat amac\u0131 gerekli olan vize evrak\u0131 ile \u0130spanya&#8217;n\u0131n Edirne\u00a0 Fahri Konsoloslu\u011funa kan\u0131tlamal\u0131d\u0131r. Ayr\u0131ca seyahat masraflar\u0131n\u0131z\u0131 kan\u0131tlayabilece\u011fini de \u0130spanya Edirne Fahri Konsoloslu\u011funa kan\u0131tlamak gerekmektedir.<\/span><\/p>\n<div>\n<h3><span style=\"font-family: Roboto; font-size: 24px;\"><strong>\u0130spanya Edirne Konsoloslu\u011fu Ula\u015f\u0131m<\/strong><\/span><\/h3>\n<p><span style=\"font-family: Roboto; font-size: 14px;\">Edirne ve \u00e7evresinde bulunan T\u00fcrk vatanda\u015flar\u0131; \u0130spanya konsolosluk i\u015flemlerini <strong>\u0130spanya Edirne Fahri Konsoloslu\u011fu<\/strong>\u2019na yapmal\u0131d\u0131r. <strong>\u0130spanya Edirne Fahri Konsoloslu\u011fu<\/strong>\u2019nun g\u00f6rev b\u00f6lgesi i\u00e7erisinde; Edirne ba\u015fta olmak \u00fczere K\u0131rklareli, \u00c7anakkale, ve Tekirda\u011f illeri bulunmaktad\u0131r.<\/span><\/p>\n<p><span style=\"font-family: Roboto; font-size: 14px;\">Adres:<strong>\u00a0<\/strong>\u00a0Mithat Pa\u015fa Mahallesi, Bal\u0131k Pazar\u0131 Caddesi, No: 14, Daire: 6, Edirne Merkez\/Edirne<\/span><\/p>\n<p><span style=\"font-family: Roboto; font-size: 14px;\">Edirne B\u00fcy\u00fck\u015fehir Belediyesi\u2019ne ba\u011fl\u0131 olan ve ula\u015f\u0131m hizmeti veren ETUS\u2019 un baz\u0131 hatlar\u0131 Mithat Pa\u015fa Mahallesi ve Bal\u0131k Pazar\u0131 Caddes<strong>i<\/strong>\u00a0yak\u0131nlar\u0131ndan ge\u00e7mektedir.<\/span><\/p>\n<p><span style=\"font-family: Roboto; font-size: 14px;\">Edirne\u2019de bulunan \u0130spanya Edirne Fahri Konsoloslu\u011fu\u2019nun bulundu\u011fu <strong>Mithat Pa\u015fa Mahallesi<\/strong> ve <strong>Bal\u0131k Pazar\u0131 Caddesi<\/strong> yak\u0131nlar\u0131ndan ge\u00e7en otob\u00fcs hatlar\u0131 \u015fu \u015fekildedir;<\/span><\/p>\n<table cellspacing=\"0\">\n<tbody>\n<tr>\n<td><span style=\"font-family: Roboto; font-size: 14px;\"><strong>Hat Ad\u0131<\/strong><\/span><\/td>\n<td><span style=\"font-family: Roboto; font-size: 14px;\"><strong>Y\u00f6n\u00fc<\/strong><\/span><\/td>\n<\/tr>\n<tr>\n<td><span style=\"font-family: Roboto; font-size: 14px;\">6A<\/span><\/td>\n<td><span style=\"font-family: Roboto; font-size: 14px;\">KYK<\/span><\/td>\n<\/tr>\n<tr>\n<td><span style=\"font-family: Roboto; font-size: 14px;\">2A<\/span><\/td>\n<td><span style=\"font-family: Roboto; font-size: 14px;\">Pazartesi Pazar\u0131- Devlet Hastanesi<\/span><\/td>\n<\/tr>\n<tr>\n<td><span style=\"font-family: Roboto; font-size: 14px;\">2B<\/span><\/td>\n<td><span style=\"font-family: Roboto; font-size: 14px;\">Pazartesi Pazar\u0131- Devlet Hastanesi<\/span><\/td>\n<\/tr>\n<tr>\n<td><span style=\"font-family: Roboto; font-size: 14px;\">3<\/span><\/td>\n<td><span style=\"font-family: Roboto; font-size: 14px;\">Otogar<\/span><\/td>\n<\/tr>\n<tr>\n<td><span style=\"font-family: Roboto; font-size: 14px;\">1A<\/span><\/td>\n<td><span style=\"font-family: Roboto; font-size: 14px;\">Serakent<\/span><\/td>\n<\/tr>\n<tr>\n<td><span style=\"font-family: Roboto; font-size: 14px;\">3A<\/span><\/td>\n<td><span style=\"font-family: Roboto; font-size: 14px;\">Sarayi\u00e7i<\/span><\/td>\n<\/tr>\n<\/tbody>\n<\/table>\n<p><span style=\"font-family: Roboto; font-size: 14px;\">Edirne Bal\u0131k Pazar\u0131 Caddesi\u2019ne en yak\u0131n duraklar \u015fu \u015fekildedir;<\/span><\/p>\n<ul>\n<li><span style=\"font-family: Roboto; font-size: 14px;\">Bostanpazar\u0131- Bal\u0131k Pazar\u0131 Caddesi\u2019ne 5 dakika y\u00fcr\u00fcme mesafesi- 500 metre<\/span><\/li>\n<li><span style=\"font-family: Roboto; font-size: 14px;\">Pazartesi Pazar\u0131- Bal\u0131k Pazar\u0131 Caddesi\u2019ne 5 dakika y\u00fcr\u00fcme mesafesi- 500 metre<\/span><\/li>\n<li><span style=\"font-family: Roboto; font-size: 14px;\">SGK- Bal\u0131k Pazar\u0131 Caddesi\u2019ne 10 dakika y\u00fcr\u00fcme mesafesi- 800 metre<\/span><\/li>\n<\/ul>\n<p><span style=\"font-family: Roboto; font-size: 14px;\">Bunun yan\u0131nda <strong>Bal\u0131k Pazar\u0131 Caddesi ve Mithat Pa\u015fa Mahallesi\u2019ne<\/strong> taksi ile de ula\u015f\u0131m sa\u011flayabilirsiniz.<\/span><\/p>\n<\/div>\n","protected":false},"excerpt":{"rendered":"<p>\u0130spanya Edirne Konsolosu Kimdir? \u0130spanya&#8217;n\u0131n T\u00fcrkiye\u2019de bulunan temsilcisinden birisi \u0130spanya Edirne\u00a0 Fahri Konsolosudur. \u0130spanya Edirne\u00a0 Fahri Konsolosu\u2019nun kim oldu\u011fu merak eden ki\u015fi bulunmaktad\u0131r. Bu yaz\u0131 da \u0130spanya&#8217;n\u0131n Edirne\u00a0 Fahri Konsolosunun kim oldu\u011fu merak eden ki\u015filer i\u00e7in\u00a0 cevap verilmi\u015ftir. \u0130spanya&#8217;n\u0131n Edirne\u00a0 Fahri Konsolosu\u2019nun kim oldu\u011funa ait bilgi bulunmamaktad\u0131r. Ancak \u0130spanya Edirne\u00a0 Fahri Konsolos\u2019nun \u0130spanya vatanda\u015flar\u0131 olmas\u0131<\/p>\n","protected":false},"author":1,"featured_media":0,"parent":69,"menu_order":0,"comment_status":"open","ping_status":"closed","template":"","meta":{"footnotes":""},"class_list":["post-86","page","type-page","status-publish","hentry"],"yoast_head":"<!-- This site is optimized with the Yoast SEO plugin v24.0 - https:\/\/yoast.com\/wordpress\/plugins\/seo\/ -->\n<title>\u0130spanya Edirne Konsoloslu\u011fu Vize \u0130\u015flemleri - MyVize<\/title>\n<meta name=\"description\" content=\"\u0130spanya Edirne Fahri Konsoloslu\u011fu \u00e7al\u0131\u015fma saatleri. \u0130spanya Edirne Fahri Konsoloslu\u011fu ula\u015f\u0131m, ileti\u015fim bilgileri ve faaliyet alan\u0131.\" \/>\n<meta name=\"robots\" content=\"index, follow, max-snippet:-1, max-image-preview:large, max-video-preview:-1\" \/>\n<link rel=\"canonical\" href=\"https:\/\/www.myvize.com.tr\/ispanya\/konsolosluklar\/edirne-fahri-konsoloslugu\/\" \/>\n<meta property=\"og:locale\" content=\"tr_TR\" \/>\n<meta property=\"og:type\" content=\"article\" \/>\n<meta property=\"og:title\" content=\"\u0130spanya Edirne Konsoloslu\u011fu Vize \u0130\u015flemleri - MyVize\" \/>\n<meta property=\"og:description\" content=\"\u0130spanya Edirne Fahri Konsoloslu\u011fu \u00e7al\u0131\u015fma saatleri. \u0130spanya Edirne Fahri Konsoloslu\u011fu ula\u015f\u0131m, ileti\u015fim bilgileri ve faaliyet alan\u0131.\" \/>\n<meta property=\"og:url\" content=\"https:\/\/www.myvize.com.tr\/ispanya\/konsolosluklar\/edirne-fahri-konsoloslugu\/\" \/>\n<meta property=\"og:site_name\" content=\"\u0130spanya Vizesi\" \/>\n<meta property=\"article:modified_time\" content=\"2022-07-11T08:36:55+00:00\" \/>\n<meta name=\"twitter:card\" content=\"summary_large_image\" \/>\n<meta name=\"twitter:label1\" content=\"Tahmini okuma s\u00fcresi\" \/>\n\t<meta name=\"twitter:data1\" content=\"4 dakika\" \/>\n<script type=\"application\/ld+json\" class=\"yoast-schema-graph\">{\"@context\":\"https:\/\/schema.org\",\"@graph\":[{\"@type\":\"WebPage\",\"@id\":\"https:\/\/www.myvize.com.tr\/ispanya\/konsolosluklar\/edirne-fahri-konsoloslugu\/\",\"url\":\"https:\/\/www.myvize.com.tr\/ispanya\/konsolosluklar\/edirne-fahri-konsoloslugu\/\",\"name\":\"\u0130spanya Edirne Konsoloslu\u011fu Vize \u0130\u015flemleri - MyVize\",\"isPartOf\":{\"@id\":\"https:\/\/www.myvize.com.tr\/ispanya\/#website\"},\"datePublished\":\"2020-11-30T10:05:31+00:00\",\"dateModified\":\"2022-07-11T08:36:55+00:00\",\"description\":\"\u0130spanya Edirne Fahri Konsoloslu\u011fu \u00e7al\u0131\u015fma saatleri. \u0130spanya Edirne Fahri Konsoloslu\u011fu ula\u015f\u0131m, ileti\u015fim bilgileri ve faaliyet alan\u0131.\",\"breadcrumb\":{\"@id\":\"https:\/\/www.myvize.com.tr\/ispanya\/konsolosluklar\/edirne-fahri-konsoloslugu\/#breadcrumb\"},\"inLanguage\":\"tr\",\"potentialAction\":[{\"@type\":\"ReadAction\",\"target\":[\"https:\/\/www.myvize.com.tr\/ispanya\/konsolosluklar\/edirne-fahri-konsoloslugu\/\"]}]},{\"@type\":\"BreadcrumbList\",\"@id\":\"https:\/\/www.myvize.com.tr\/ispanya\/konsolosluklar\/edirne-fahri-konsoloslugu\/#breadcrumb\",\"itemListElement\":[{\"@type\":\"ListItem\",\"position\":1,\"name\":\"Anasayfa\",\"item\":\"https:\/\/www.myvize.com.tr\/ispanya\/\"},{\"@type\":\"ListItem\",\"position\":2,\"name\":\"KONSOLOSLUKLAR\",\"item\":\"https:\/\/www.myvize.com.tr\/ispanya\/konsolosluklar\/\"},{\"@type\":\"ListItem\",\"position\":3,\"name\":\"\u0130spanya Edirne Konsoloslu\u011fu\"}]},{\"@type\":\"WebSite\",\"@id\":\"https:\/\/www.myvize.com.tr\/ispanya\/#website\",\"url\":\"https:\/\/www.myvize.com.tr\/ispanya\/\",\"name\":\"\u0130spanya Vizesi\",\"description\":\"\",\"potentialAction\":[{\"@type\":\"SearchAction\",\"target\":{\"@type\":\"EntryPoint\",\"urlTemplate\":\"https:\/\/www.myvize.com.tr\/ispanya\/?s={search_term_string}\"},\"query-input\":{\"@type\":\"PropertyValueSpecification\",\"valueRequired\":true,\"valueName\":\"search_term_string\"}}],\"inLanguage\":\"tr\"}]}<\/script>\n<!-- \/ Yoast SEO plugin. -->","yoast_head_json":{"title":"\u0130spanya Edirne Konsoloslu\u011fu Vize \u0130\u015flemleri - MyVize","description":"\u0130spanya Edirne Fahri Konsoloslu\u011fu \u00e7al\u0131\u015fma saatleri. \u0130spanya Edirne Fahri Konsoloslu\u011fu ula\u015f\u0131m, ileti\u015fim bilgileri ve faaliyet alan\u0131.","robots":{"index":"index","follow":"follow","max-snippet":"max-snippet:-1","max-image-preview":"max-image-preview:large","max-video-preview":"max-video-preview:-1"},"canonical":"https:\/\/www.myvize.com.tr\/ispanya\/konsolosluklar\/edirne-fahri-konsoloslugu\/","og_locale":"tr_TR","og_type":"article","og_title":"\u0130spanya Edirne Konsoloslu\u011fu Vize \u0130\u015flemleri - MyVize","og_description":"\u0130spanya Edirne Fahri Konsoloslu\u011fu \u00e7al\u0131\u015fma saatleri. \u0130spanya Edirne Fahri Konsoloslu\u011fu ula\u015f\u0131m, ileti\u015fim bilgileri ve faaliyet alan\u0131.","og_url":"https:\/\/www.myvize.com.tr\/ispanya\/konsolosluklar\/edirne-fahri-konsoloslugu\/","og_site_name":"\u0130spanya Vizesi","article_modified_time":"2022-07-11T08:36:55+00:00","twitter_card":"summary_large_image","twitter_misc":{"Tahmini okuma s\u00fcresi":"4 dakika"},"schema":{"@context":"https:\/\/schema.org","@graph":[{"@type":"WebPage","@id":"https:\/\/www.myvize.com.tr\/ispanya\/konsolosluklar\/edirne-fahri-konsoloslugu\/","url":"https:\/\/www.myvize.com.tr\/ispanya\/konsolosluklar\/edirne-fahri-konsoloslugu\/","name":"\u0130spanya Edirne Konsoloslu\u011fu Vize \u0130\u015flemleri - MyVize","isPartOf":{"@id":"https:\/\/www.myvize.com.tr\/ispanya\/#website"},"datePublished":"2020-11-30T10:05:31+00:00","dateModified":"2022-07-11T08:36:55+00:00","description":"\u0130spanya Edirne Fahri Konsoloslu\u011fu \u00e7al\u0131\u015fma saatleri. \u0130spanya Edirne Fahri Konsoloslu\u011fu ula\u015f\u0131m, ileti\u015fim bilgileri ve faaliyet alan\u0131.","breadcrumb":{"@id":"https:\/\/www.myvize.com.tr\/ispanya\/konsolosluklar\/edirne-fahri-konsoloslugu\/#breadcrumb"},"inLanguage":"tr","potentialAction":[{"@type":"ReadAction","target":["https:\/\/www.myvize.com.tr\/ispanya\/konsolosluklar\/edirne-fahri-konsoloslugu\/"]}]},{"@type":"BreadcrumbList","@id":"https:\/\/www.myvize.com.tr\/ispanya\/konsolosluklar\/edirne-fahri-konsoloslugu\/#breadcrumb","itemListElement":[{"@type":"ListItem","position":1,"name":"Anasayfa","item":"https:\/\/www.myvize.com.tr\/ispanya\/"},{"@type":"ListItem","position":2,"name":"KONSOLOSLUKLAR","item":"https:\/\/www.myvize.com.tr\/ispanya\/konsolosluklar\/"},{"@type":"ListItem","position":3,"name":"\u0130spanya Edirne Konsoloslu\u011fu"}]},{"@type":"WebSite","@id":"https:\/\/www.myvize.com.tr\/ispanya\/#website","url":"https:\/\/www.myvize.com.tr\/ispanya\/","name":"\u0130spanya Vizesi","description":"","potentialAction":[{"@type":"SearchAction","target":{"@type":"EntryPoint","urlTemplate":"https:\/\/www.myvize.com.tr\/ispanya\/?s={search_term_string}"},"query-input":{"@type":"PropertyValueSpecification","valueRequired":true,"valueName":"search_term_string"}}],"inLanguage":"tr"}]}},"_links":{"self":[{"href":"https:\/\/www.myvize.com.tr\/ispanya\/wp-json\/wp\/v2\/pages\/86","targetHints":{"allow":["GET"]}}],"collection":[{"href":"https:\/\/www.myvize.com.tr\/ispanya\/wp-json\/wp\/v2\/pages"}],"about":[{"href":"https:\/\/www.myvize.com.tr\/ispanya\/wp-json\/wp\/v2\/types\/page"}],"author":[{"embeddable":true,"href":"https:\/\/www.myvize.com.tr\/ispanya\/wp-json\/wp\/v2\/users\/1"}],"replies":[{"embeddable":true,"href":"https:\/\/www.myvize.com.tr\/ispanya\/wp-json\/wp\/v2\/comments?post=86"}],"version-history":[{"count":7,"href":"https:\/\/www.myvize.com.tr\/ispanya\/wp-json\/wp\/v2\/pages\/86\/revisions"}],"predecessor-version":[{"id":1017,"href":"https:\/\/www.myvize.com.tr\/ispanya\/wp-json\/wp\/v2\/pages\/86\/revisions\/1017"}],"up":[{"embeddable":true,"href":"https:\/\/www.myvize.com.tr\/ispanya\/wp-json\/wp\/v2\/pages\/69"}],"wp:attachment":[{"href":"https:\/\/www.myvize.com.tr\/ispanya\/wp-json\/wp\/v2\/media?parent=86"}],"curies":[{"name":"wp","href":"https:\/\/api.w.org\/{rel}","templated":true}]}}