{"id":94,"date":"2020-11-30T13:07:41","date_gmt":"2020-11-30T10:07:41","guid":{"rendered":"https:\/\/www.myvize.com.tr\/ispanya\/?page_id=94"},"modified":"2022-04-12T14:29:31","modified_gmt":"2022-04-12T11:29:31","slug":"baskonsolosluk-bolumleri","status":"publish","type":"page","link":"https:\/\/www.myvize.com.tr\/ispanya\/konsolosluklar\/baskonsolosluk-bolumleri\/","title":{"rendered":"\u0130spanya Ba\u015fkonsolosluk B\u00f6l\u00fcmleri"},"content":{"rendered":"<h2><strong><span style=\"font-family: Roboto; font-size: 27px;\">\u0130spanya Ba\u015fkonsolosluk B\u00f6l\u00fcmleri Hakk\u0131nda<\/span><\/strong><\/h2>\n<p><span style=\"font-family: Roboto; font-size: 14px;\">\u0130spanya\u2019n\u0131n T\u00fcrkiye\u2019de bulunan Ba\u015fkonsoloslu\u011fu, T\u00fcrkiye\u2019de bulunan \u0130spanya vatanda\u015flar\u0131na konsolosluk hizmeti vermektedir. T\u00fcrkiye ile \u0130spanya aras\u0131ndaki ba\u011flar\u0131 geli\u015ftirmeyi ama\u00e7lamaktad\u0131r. Ayr\u0131ca T\u00fcrkiye Cumhuriyeti vatanda\u015flar\u0131na \u0130spanya seyahatleri i\u00e7in vize hizmeti vermektedir.<\/span><\/p>\n<ul>\n<li><span style=\"font-family: Roboto; font-size: 14px;\"><strong>Y\u00f6netim B\u00f6l\u00fcm\u00fc:\u00a0<\/strong>\u0130spanya Ba\u015fkonsoloslu\u011fu Y\u00f6netim B\u00f6l\u00fcm\u00fc,<strong> \u0130spanya Ba\u015fkonsoloslu\u011fu<\/strong> personellerinin y\u00f6netimi ve \u0130spanya Ba\u015fkonsoloslu\u011fu\u2019nun konsolosluk binas\u0131n\u0131n bak\u0131m\u0131 ile ilgilenmektedir.<\/span><\/li>\n<li><span style=\"font-family: Roboto; font-size: 14px;\"><strong>Ekonomi B\u00f6l\u00fcm\u00fc:\u00a0<\/strong>\u0130spanya Ekonomi B\u00f6l\u00fcm\u00fc, T\u00fcrkiye\u2019deki \u0130spanya yat\u0131r\u0131mlar\u0131 ile ilgilenmektedir. T\u00fcrkiye\u2019de \u0130spanya ad\u0131na yeni yat\u0131r\u0131m alanlar\u0131 ortaya \u00e7\u0131karmay\u0131 ama\u00e7lar.<\/span><\/li>\n<li><span style=\"font-family: Roboto; font-size: 14px;\"><strong>Konsolosluk B\u00f6l\u00fcm\u00fc:\u00a0<\/strong>\u0130spanya Ba\u015fkonsoloslu\u011fu\u2019nun Konsolosluk B\u00f6l\u00fcm\u00fc, \u0130spanya vatanda\u015flar\u0131na hizmet vermektedir. <strong>\u0130spanya vatanda\u015flar\u0131n\u0131n<\/strong> resmi evrak i\u015fleri ile ilgilenmektedir.<\/span><\/li>\n<li><span style=\"font-family: Roboto; font-size: 14px;\"><strong>Bas\u0131n B\u00f6l\u00fcm\u00fc:\u00a0<\/strong>T\u00fcrk gazetecilerini \u0130spanya politikalar\u0131 hakk\u0131nda bilgilendirmektedir. T\u00fcrkiye\u2019de bulunan \u0130spanya gazetecileri ile ilgilenmektedir.<strong> \u0130spanya Ba\u015fkonsoloslu\u011fu<\/strong> ad\u0131na bas\u0131n a\u00e7\u0131klamas\u0131nda bulunmaktad\u0131r.<\/span><\/li>\n<li><span style=\"font-family: Roboto; font-size: 14px;\"><strong>Vize B\u00f6l\u00fcm\u00fc:\u00a0<\/strong>\u0130spanya\u2019 ya seyahat etmek isteyen T\u00fcrk vatanda\u015flar\u0131na, <strong>\u0130spanya seyahatleri<\/strong> i\u00e7in <span style=\"color: #2acec2;\"><strong><a style=\"color: #2acec2;\" href=\"https:\/\/www.myvize.com.tr\/ispanya\/vize-islemleri\/ispanya-vizesi\/\" target=\"_blank\" rel=\"noopener\">\u0130spanya vizesi <\/a><\/strong><\/span>hizmeti vermektedir. \u0130spanya\u2019 ya seyahat etmek isteyen ki\u015filer \u0130spanya vizesi almal\u0131d\u0131r.<\/span><\/li>\n<li><span style=\"font-family: Roboto; font-size: 14px;\"><strong>K\u00fclt\u00fcr B\u00f6l\u00fcm\u00fc:\u00a0<\/strong>\u0130spanya Ba\u015fkonsoloslu\u011fu K\u00fclt\u00fcr B\u00f6l\u00fcm\u00fc, T\u00fcrkiye\u2019de bulunan \u0130spanya arac\u0131 kurumlar\u0131n\u0131 koordine etmektedir. T\u00fcrkiye ve \u0130spanya aras\u0131ndaki k\u00fclt\u00fcr al\u0131\u015fveri\u015fi ile ilgilenmekte ve \u0130spanya k\u00fclt\u00fcr\u00fcn\u00fc T\u00fcrkiye\u2019de tan\u0131tmaktad\u0131r.<\/span><\/li>\n<li><span style=\"font-family: Roboto; font-size: 14px;\"><strong>Siyaset B\u00f6l\u00fcm\u00fc:\u00a0<\/strong>\u0130spanya Siyaset B\u00f6l\u00fcm\u00fc, T\u00fcrkiye\u2019deki i\u00e7 ve d\u0131\u015f politikalar\u0131 \u0130spanya ad\u0131na incelemektedir. \u0130spanya ve T\u00fcrkiye aras\u0131ndaki diplomatik ili\u015fkileri d\u00fczenlemektedir.<\/span><\/li>\n<\/ul>\n<h2><strong><span style=\"font-family: Roboto; font-size: 27px;\">\u0130spanya Ba\u015fkonsolosluk B\u00f6l\u00fcmleri \u0130le \u0130lgili<\/span><\/strong><\/h2>\n<p><span style=\"font-family: Roboto; font-size: 14px;\"><strong>\u0130spanya Ba\u015fkonsoloslu\u011fu<\/strong>, T\u00fcrkiye\u2019de yasal olarak bulunan \u0130spanya vatanda\u015flar\u0131na noter ve konsolosluk hizmeti sa\u011flamaktad\u0131r. Bununla birlikte T\u00fcrkiye Cumhuriyeti vatanda\u015flar\u0131na \u0130spanya seyahati i\u00e7in vize hizmeti vermektedir. Bunun yan\u0131nda T\u00fcrkiye ile \u0130spanya aras\u0131ndaki ekonomik, ticari, sosyal ve k\u00fclt\u00fcrel alanlardaki ili\u015fkileri geli\u015ftirmeyi ya da belirli bir seviyede tutmay\u0131 ama\u00e7lamaktad\u0131r. \u0130spanya Ba\u015fkonsoloslu\u011fu i\u015flemlerini ba\u015fkonsoloslukta bulunan b\u00f6l\u00fcmler arac\u0131l\u0131\u011f\u0131 ile yapmaktad\u0131r. Bu b\u00f6l\u00fcmler a\u015fa\u011f\u0131da verilmi\u015ftir.<\/span><\/p>\n<p><span style=\"font-family: Roboto; font-size: 14px;\"><strong>Konsolosluk B\u00f6l\u00fcm\u00fc:\u00a0<\/strong>Konsolosluk B\u00f6l\u00fcm\u00fc, T\u00fcrkiye\u2019de ya\u015fayan \u0130spanya vatanda\u015flar\u0131na konsolosluk hizmeti ve noter\u00a0hizmeti vermektedir. Bunun yan\u0131nda \u0130spanya vatanda\u015flar\u0131na finansal, sa\u011fl\u0131k, hukuk ve e\u011fitim alanlar\u0131nda destek olmaktad\u0131r.<\/span><\/p>\n<p><span style=\"font-family: Roboto; font-size: 14px;\"><strong>Vize B\u00f6l\u00fcm\u00fc:<\/strong>\u00a0T\u00fcrkiye\u2019de ya\u015fayan \u0130spanya vatanda\u015flar\u0131n\u0131n vize ba\u015fvurular\u0131n\u0131 kabul etmekte,\u00a0incelemekte ve sonuca erdirmektedir. Ayr\u0131ca T\u00fcrkiye\u2019de yasal olarak ikamet eden\u00a0di\u011fer \u00fclke vatanda\u015flar\u0131 da \u0130spanya vize i\u015flemlerini bu b\u00f6l\u00fcm arac\u0131l\u0131\u011f\u0131 ile yapabilir.<\/span><\/p>\n<p><span style=\"font-family: Roboto; font-size: 14px;\"><strong>Bas\u0131n ve Halkla \u0130li\u015fkiler B\u00f6l\u00fcm\u00fc:<\/strong> T\u00fcrkiye Cumhuriyeti medyas\u0131n\u0131 izlemekte ve de\u011ferlendirmektedir. T\u00fcrk gazetecilerini ve T\u00fcrk kamuoyuna \u0130spanya politikas\u0131 hakk\u0131nda bilgi vermektedir. Bunun yan\u0131nda Ba\u015fkonsolosluk ad\u0131na bas\u0131n a\u00e7\u0131klamalar\u0131 yapmaktad\u0131r.<\/span><\/p>\n<p><span style=\"font-family: Roboto; font-size: 14px;\"><strong>K\u00fclt\u00fcr B\u00f6l\u00fcm\u00fc:<\/strong>\u00a0T\u00fcrkiye ile \u0130spanya aras\u0131ndaki k\u00fclt\u00fcrel ili\u015fkiler ile ilgilenmektedir. T\u00fcrkiye ile \u0130spanya aras\u0131ndaki k\u00fclt\u00fcr al\u0131\u015fveri\u015fini d\u00fczenlemektedir.<\/span><\/p>\n<p><span style=\"font-family: Roboto; font-size: 14px;\"><strong>Ekonomi B\u00f6l\u00fcm\u00fc:<\/strong>\u00a0T\u00fcrkiye ve \u0130spanya aras\u0131ndaki ekonomik ili\u015fkileri d\u00fczenlemekte ve T\u00fcrkiye\u2019de \u0130spanya ad\u0131na yeni yat\u0131r\u0131m alanlar\u0131 aramaktad\u0131r.<\/span><\/p>\n<p><span style=\"font-family: Roboto; font-size: 14px;\"><span style=\"color: #2acec2;\"><a style=\"color: #2acec2;\" href=\"https:\/\/www.myvize.com.tr\/ispanya\/vize-islemleri\/ispanya-turistik-vize\/\" target=\"_blank\" rel=\"noopener\"><strong>\u0130spanya Turistik Vize\u00a0<\/strong><\/a><\/span> ile ilgili bilgi almak i\u00e7in bizi aray\u0131n\u0131z.<\/span><\/p>\n<h2><strong><span style=\"font-family: Roboto; font-size: 27px;\">\u0130spanya Ba\u015fkonsolosluk B\u00f6l\u00fcmleri 2022<\/span><\/strong><\/h2>\n<p><span style=\"font-family: Roboto; font-size: 14px;\"><strong>\u0130spanya Ba\u015fkonsoloslu\u011fu<\/strong>, T\u00fcrkiye ve \u0130spanya aras\u0131ndaki ticari, ekonomi, k\u00fclt\u00fcrel, sosyal ve siyasal ili\u015fkiyi d\u00fczenlemek ve geli\u015ftirmek ile g\u00f6revlidir. Ayr\u0131ca T\u00fcrkiye\u2019de ya\u015fayan \u0130spanya vatanda\u015f\u0131na hukuk, sa\u011fl\u0131k, e\u011fitim alan\u0131nda destek olmaktad\u0131r. A\u015fa\u011f\u0131da <strong>\u0130spanya Ba\u015fkonsolosluk b\u00f6l\u00fcmleri<\/strong> verilmi\u015fdir.<\/span><\/p>\n<ul>\n<li><span style=\"font-family: Roboto; font-size: 14px;\">1. Y\u00f6netim B\u00f6l\u00fcm: \u0130spanya Ba\u015fkonsolosluk b\u00f6l\u00fcm\u00fc aras\u0131nda bulunan Y\u00f6netim B\u00f6l\u00fcm\u00fc ba\u015fkonsoloslukun y\u00f6netimi ile ilgilenmekte.\u00a0<\/span><\/li>\n<li><span style=\"font-family: Roboto; font-size: 14px;\">2. Konsolosluk \u0130\u015fleri B\u00f6l\u00fcm: Konsolosluk i\u015fi b\u00f6l\u00fcm\u00fc, \u0130spanya Ba\u015fkonsolosluk b\u00f6l\u00fcm\u00fc aras\u0131nda bulunmaktad\u0131r.\u00a0<\/span><\/li>\n<li><span style=\"font-family: Roboto; font-size: 14px;\">3. Sekreterlik B\u00f6l\u00fcm: \u0130spanya Ba\u015fkonsolosluk b\u00f6l\u00fcm\u00fcnden olan sekreterlik b\u00f6l\u00fcm\u00fc Ba\u015fkonsoloslukun resmi yaz\u0131\u015fmas\u0131n\u0131 d\u00fczenlemektedir.<\/span><\/li>\n<li><span style=\"font-family: Roboto; font-size: 14px;\">4. Ticaret B\u00f6l\u00fcm\u00fc: \u0130spanya Ba\u015fkonsolosluk b\u00f6l\u00fcm\u00fc aras\u0131nda bulunan b\u00f6l\u00fcmden birisi de ticaret b\u00f6l\u00fcm\u00fc.\u00a0<\/span><\/li>\n<li><span style=\"font-family: Roboto; font-size: 14px;\">5. Vize B\u00f6l\u00fcm\u00fc: \u0130spanya Ba\u015fkonsolosluk b\u00f6l\u00fcm\u00fc aras\u0131nda bulunan bir di\u011fer b\u00f6l\u00fcm\u00fc vize b\u00f6l\u00fcm\u00fcd\u00fcr.\u00a0<\/span><\/li>\n<li><span style=\"font-family: Roboto; font-size: 14px;\">6. Bas\u0131n B\u00f6l\u00fcm\u00fc: \u0130spanya Ba\u015fkonsolosluk b\u00f6l\u00fcm\u00fc aras\u0131nda bulunun b\u00f6l\u00fcmden birisi de bas\u0131n b\u00f6l\u00fcm\u00fcd\u00fcr.\u00a0<\/span><\/li>\n<li><span style=\"font-family: Roboto; font-size: 14px;\">7. E\u011fitim B\u00f6l\u00fcm\u00fc: E\u011fitim b\u00f6l\u00fcm, T\u00fcrkiye\u2019de ya\u015fayan \u0130spanya vatanda\u015f\u0131n\u0131n e\u011fitimi i\u00e7in dan\u0131\u015fabilece\u011fi b\u00f6l\u00fcmdendir.<\/span><\/li>\n<\/ul>\n<h2><strong><span style=\"font-family: Roboto; font-size: 27px;\">B\u00f6l\u00fcmlerine G\u00f6re \u0130spanya Konsoloslu\u011fu<\/span><\/strong><\/h2>\n<p><span style=\"font-family: Roboto; font-size: 14px;\">\u0130spanya Konsoloslu\u011funda i\u015flem yapacak olan ki\u015fi i\u015flemlerini ilgili b\u00f6l\u00fcme yapmal\u0131. \u0130spanya Konsoloslu\u011funa i\u015flem yapacak olan ki\u015fi i\u015flemlerini hangi b\u00f6l\u00fcme yapaca\u011f\u0131 merak etmektedir. Bu yaz\u0131 da \u0130spanya Konsoloslu\u011funda i\u015flem yapacak olan ki\u015fi i\u00e7in b\u00f6l\u00fcme g\u00f6re \u0130spanya Konsoloslu\u011fu hakk\u0131nda bilgiler verilmi\u015ftir.<\/span><\/p>\n<ul>\n<li><span style=\"font-family: Roboto; font-size: 14px;\">Siyasi B\u00f6l\u00fcm: T\u00fcrkiye\u2019de ki i\u00e7 ve d\u0131\u015f politikadaki geli\u015fmeyi incelemektedir. Bu inceleme sonucunda \u0130spanya H\u00fck\u00fcmetini g\u00fcncel geli\u015fme hakk\u0131nda bilgilendirmektedir. \u0130spanyal\u0131 siyaset\u00e7inin seyahatlerine refakat eder.<\/span><\/li>\n<li><span style=\"font-family: Roboto; font-size: 14px;\">Ekonomi B\u00f6l\u00fcm\u00fc: T\u00fcrkiye\u2019de \u0130spanya \u00e7\u0131kar sa\u011flayacak ekonomik ve ticaret yat\u0131r\u0131m alan\u0131 ara\u015ft\u0131rmaktad\u0131r. T\u00fcrkiye ile \u0130spanya aras\u0131nda ki ticari ba\u011flar\u0131n geli\u015fmeleri i\u00e7in \u00e7al\u0131\u015fmaktad\u0131r.<\/span><\/li>\n<li><span style=\"font-family: Roboto; font-size: 14px;\">K\u00fclt\u00fcr B\u00f6l\u00fcm\u00fc: T\u00fcrkiye de bulunan \u0130spanya arac\u0131 kurumunu koordine etmektedir.\u00a0<\/span><\/li>\n<li><span style=\"font-family: Roboto; font-size: 14px;\">Konsolosluk B\u00f6l\u00fcm\u00fc: \u0130spanya vatanda\u015f\u0131n\u0131n ve T\u00fcrkiye Cumhuriyeti vatanda\u015f\u0131n\u0131n konsolosluk i\u015flemi ile ilgilenmektedir.\u00a0<\/span><\/li>\n<li><span style=\"font-family: Roboto; font-size: 14px;\">Vize B\u00f6l\u00fcm\u00fc:\u00a0 \u0130spanya vize ba\u015fvuruyu bu temsilcili\u011fe yap\u0131lmal\u0131.<\/span><\/li>\n<li><span style=\"font-family: Roboto; font-size: 14px;\">Bas\u0131n B\u00f6l\u00fcm\u00fc: T\u00fcrk Medyas\u0131 izlemekte ve de\u011ferlendirmekte.\u00a0<\/span><\/li>\n<\/ul>\n<h3><strong><span style=\"font-family: Roboto; font-size: 24px;\">\u0130spanya Konsoloslu\u011fu Vize B\u00f6l\u00fcm\u00fc<\/span><\/strong><\/h3>\n<p><span style=\"font-family: Roboto; font-size: 14px;\"><strong>\u0130spanya\u2019ya seyahat edecek<\/strong> olan ki\u015fi seyahat amac\u0131na uygun vize almal\u0131. \u0130spanya seyahati i\u00e7in vize alacak olan ki\u015fi vize i\u015fleminin nereden yap\u0131laca\u011f\u0131n\u0131 merak etmekte. Bu yaz\u0131 da \u0130spanya Konsolosluku vize ba\u015fvurusu yapacak olan ki\u015fi i\u00e7in <strong>\u0130spanya Konsoloslu\u011fu vize b\u00f6l\u00fcm<\/strong> hakk\u0131nda detayl\u0131 bilgiler verilmi\u015ftir. \u0130spanya Konsoloslu\u011fu vize b\u00f6l\u00fcm, \u0130spanya\u2019ya seyahat edecek olan ki\u015finin i\u015fleminin yap\u0131ld\u0131\u011f\u0131 \u0130spanya Konsoloslu\u011fu b\u00f6l\u00fcm\u00fcd\u00fcr. \u0130spanya Konsoloslu\u011funda vize b\u00f6l\u00fcm\u00fcnde i\u015flem yapacak olan ki\u015finin i\u015flemi i\u00e7in randevu almas\u0131 zorunlu. Randevusuz i\u015flem yap\u0131lmamakta. Randevular \u0130spanya Konsolosluk vize b\u00f6l\u00fcm\u00fc ile ileti\u015fime ge\u00e7erek al\u0131nabilir. \u0130spanya Konsoloslu\u011fu vize b\u00f6l\u00fcm\u00fcnde i\u015flem yapacak olan ki\u015fi \u00f6ncelikle \u0130spanya\u2019ya seyahat etmek i\u00e7in bir sebeplere sahip olmal\u0131d\u0131r. Bu sebebe uygun<strong> \u0130spanya vize evrak\u0131<\/strong> eksiksiz olarak haz\u0131rlanmal\u0131. Haz\u0131rlanan bu evrak al\u0131nm\u0131\u015f olan \u0130spanya Konsolosluku vize b\u00f6l\u00fcm\u00fc randevu tarihlerinde yetkiliye teslim edilmelidir.\u00a0<\/span><\/p>\n<h3><strong><span style=\"font-family: Roboto; font-size: 24px;\">\u0130spanya Ba\u015fkonsoloslu\u011fu Randevu B\u00f6l\u00fcm\u00fc<\/span><\/strong><\/h3>\n<p><span style=\"font-family: Roboto; font-size: 14px;\"><span style=\"color: #2acec2;\"><strong><a style=\"color: #2acec2;\" href=\"https:\/\/www.myvize.com.tr\/ispanya\/konsolosluklar\/ispanya-konsolosluk-islemleri\/\" target=\"_blank\" rel=\"noopener\">\u0130spanya konsolosluk i\u015flemi<\/a><\/strong><\/span> yapacak olan ki\u015fi i\u015flemlerini \u0130spanya Ba\u015fkonsoloslu\u011fu ile yapabilir. \u0130spanya Ba\u015fkonsoloslu\u011funda i\u015flem yapacak olan ki\u015fi i\u015flemlerini yapabilmek i\u00e7in randevu almal\u0131. \u0130spanya Ba\u015fkonsoloslu\u011funda i\u015flem yapacak olan ki\u015fi randevu i\u015fleminin nerede ve nas\u0131l yap\u0131laca\u011f\u0131n\u0131 merak etmektedir. Bu yaz\u0131 da \u0130spanya Ba\u015fkonsolosluku randevu b\u00f6l\u00fcm hakk\u0131nda bilgi verilmi\u015ftir. \u0130spanya Ba\u015fkonsoloslu\u011funda i\u015flem yapacak olan ki\u015fi i\u015flemlerini \u0130spanya Ba\u015fkonsoloslu\u011fundan randevu almal\u0131d\u0131r. Randevu \u0130spanya Ba\u015fkonsoloslu\u011fu randevu b\u00f6l\u00fcm\u00fc ile al\u0131nabilmekte. Randevu alacak olan ki\u015filer, randevusunu<strong> \u0130spanya Ba\u015fkonsoloslu\u011fu<\/strong> ile ileti\u015fim ge\u00e7ilerek yap\u0131labilir. \u0130spanya Ba\u015fkonsoloslu\u011fu randevusuz i\u015flemler yapmamaktad\u0131r. Bu nedenden dolay\u0131 i\u015flemler yapacak olan ki\u015finin randevu almas\u0131 zorunludur. Randevu ka\u00e7\u0131ran ki\u015filerin i\u015flemi yap\u0131lmayabilir. Bu nedenle ba\u015fvuru yapacak olan ki\u015finin tekrardan randevu almalar\u0131 gerekmektedir.\u00a0<\/span><\/p>\n<h3><strong><span style=\"font-family: Roboto; font-size: 24px;\">\u0130spanya Ba\u015fkonsoloslu\u011fu Pasaport B\u00f6l\u00fcm\u00fc<\/span><\/strong><\/h3>\n<p><span style=\"font-family: Roboto; font-size: 14px;\">\u0130spanya Ba\u015fkonsoloslu\u011funda pasaport i\u015flemi yapacak olan ki\u015fi bu i\u015flemini \u0130spanya Ba\u015fkonsoloslu\u011fu Pasaport B\u00f6l\u00fcm\u00fcnde yapabilir. \u0130spanya Ba\u015fkonsoloslu\u011fu Pasaport B\u00f6l\u00fcm\u00fcnde i\u015flem yapacak olan ki\u015fi i\u015flemlerini nas\u0131l yapaca\u011f\u0131n\u0131 merak etmekte. Bu yaz\u0131da \u0130spanya Ba\u015fkonsoloslu\u011funda pasaport i\u015flemi yapacak olan ki\u015fi i\u00e7in <strong>\u0130spanya Ba\u015fkonsoloslu\u011fu Pasaport B\u00f6l\u00fcm<\/strong> hakk\u0131nda bilgi verilmi\u015ftir. \u0130spanya Ba\u015fkonsoloslu\u011fu Pasaport B\u00f6l\u00fcm\u00fcnde i\u015flem yapacak olan ki\u015fi a\u015fa\u011f\u0131daki i\u015flemi yerine getirebilir. Pasaportu kaybetmi\u015f ki\u015fi kay\u0131p pasaport ba\u015fvuru yapacak yeni pasaport alabilir. Pasaport s\u00fcreleri dolmu\u015f olan ki\u015fi yeni pasaport ba\u015fvurusu bulunabilir. Yeni do\u011fmu\u015f ki\u015fi i\u00e7in pasaport ba\u015fvuru yap\u0131labilir. Vize ba\u015fvurusu yapm\u0131\u015f ki\u015fi pasaportu teslim alabilir. <strong>\u0130spanya Ba\u015fkonsoloslu\u011fu<\/strong> pasaport b\u00f6l\u00fcm randevusuz i\u015flem yapmamaktad\u0131r. \u0130\u015fleminizi yerine getirmek isteyen ki\u015finin randevu almas\u0131 zorunludur. Pasaport i\u015flemleri i\u00e7in randevu alacak olan ki\u015fi <strong>\u0130spanya Ba\u015fkonsoloslu\u011fu Pasaport B\u00f6l\u00fcm<\/strong> ile ileti\u015fime ge\u00e7erek randevu alabilir.<\/span><\/p>\n","protected":false},"excerpt":{"rendered":"<p>\u0130spanya Ba\u015fkonsolosluk B\u00f6l\u00fcmleri Hakk\u0131nda \u0130spanya\u2019n\u0131n T\u00fcrkiye\u2019de bulunan Ba\u015fkonsoloslu\u011fu, T\u00fcrkiye\u2019de bulunan \u0130spanya vatanda\u015flar\u0131na konsolosluk hizmeti vermektedir. T\u00fcrkiye ile \u0130spanya aras\u0131ndaki ba\u011flar\u0131 geli\u015ftirmeyi ama\u00e7lamaktad\u0131r. Ayr\u0131ca T\u00fcrkiye Cumhuriyeti vatanda\u015flar\u0131na \u0130spanya seyahatleri i\u00e7in vize hizmeti vermektedir. Y\u00f6netim B\u00f6l\u00fcm\u00fc:\u00a0\u0130spanya Ba\u015fkonsoloslu\u011fu Y\u00f6netim B\u00f6l\u00fcm\u00fc, \u0130spanya Ba\u015fkonsoloslu\u011fu personellerinin y\u00f6netimi ve \u0130spanya Ba\u015fkonsoloslu\u011fu\u2019nun konsolosluk binas\u0131n\u0131n bak\u0131m\u0131 ile ilgilenmektedir. Ekonomi B\u00f6l\u00fcm\u00fc:\u00a0\u0130spanya Ekonomi B\u00f6l\u00fcm\u00fc, T\u00fcrkiye\u2019deki \u0130spanya<\/p>\n","protected":false},"author":1,"featured_media":0,"parent":69,"menu_order":0,"comment_status":"open","ping_status":"closed","template":"","meta":{"footnotes":""},"class_list":["post-94","page","type-page","status-publish","hentry"],"yoast_head":"<!-- This site is optimized with the Yoast SEO plugin v24.0 - https:\/\/yoast.com\/wordpress\/plugins\/seo\/ -->\n<title>\u0130spanya Ba\u015fkonsolosluk B\u00f6l\u00fcmleri - \u0130spanya Vize - MyVize<\/title>\n<meta name=\"description\" content=\"\u0130spanya ba\u015fkonsoloslu\u011fu b\u00f6l\u00fcmleri g\u00f6rev alanlar\u0131 ve mesai saatleri. \u0130spanya ba\u015fkonsoloslu\u011fu b\u00f6l\u00fcmleri ileti\u015fim bilgileri.\" \/>\n<meta name=\"robots\" content=\"index, follow, max-snippet:-1, max-image-preview:large, max-video-preview:-1\" \/>\n<link rel=\"canonical\" href=\"https:\/\/www.myvize.com.tr\/ispanya\/konsolosluklar\/baskonsolosluk-bolumleri\/\" \/>\n<meta property=\"og:locale\" content=\"tr_TR\" \/>\n<meta property=\"og:type\" content=\"article\" \/>\n<meta property=\"og:title\" content=\"\u0130spanya Ba\u015fkonsolosluk B\u00f6l\u00fcmleri - \u0130spanya Vize - MyVize\" \/>\n<meta property=\"og:description\" content=\"\u0130spanya ba\u015fkonsoloslu\u011fu b\u00f6l\u00fcmleri g\u00f6rev alanlar\u0131 ve mesai saatleri. \u0130spanya ba\u015fkonsoloslu\u011fu b\u00f6l\u00fcmleri ileti\u015fim bilgileri.\" \/>\n<meta property=\"og:url\" content=\"https:\/\/www.myvize.com.tr\/ispanya\/konsolosluklar\/baskonsolosluk-bolumleri\/\" \/>\n<meta property=\"og:site_name\" content=\"\u0130spanya Vizesi\" \/>\n<meta property=\"article:modified_time\" content=\"2022-04-12T11:29:31+00:00\" \/>\n<meta name=\"twitter:card\" content=\"summary_large_image\" \/>\n<meta name=\"twitter:label1\" content=\"Tahmini okuma s\u00fcresi\" \/>\n\t<meta name=\"twitter:data1\" content=\"5 dakika\" \/>\n<script type=\"application\/ld+json\" class=\"yoast-schema-graph\">{\"@context\":\"https:\/\/schema.org\",\"@graph\":[{\"@type\":\"WebPage\",\"@id\":\"https:\/\/www.myvize.com.tr\/ispanya\/konsolosluklar\/baskonsolosluk-bolumleri\/\",\"url\":\"https:\/\/www.myvize.com.tr\/ispanya\/konsolosluklar\/baskonsolosluk-bolumleri\/\",\"name\":\"\u0130spanya Ba\u015fkonsolosluk B\u00f6l\u00fcmleri - \u0130spanya Vize - MyVize\",\"isPartOf\":{\"@id\":\"https:\/\/www.myvize.com.tr\/ispanya\/#website\"},\"datePublished\":\"2020-11-30T10:07:41+00:00\",\"dateModified\":\"2022-04-12T11:29:31+00:00\",\"description\":\"\u0130spanya ba\u015fkonsoloslu\u011fu b\u00f6l\u00fcmleri g\u00f6rev alanlar\u0131 ve mesai saatleri. \u0130spanya ba\u015fkonsoloslu\u011fu b\u00f6l\u00fcmleri ileti\u015fim bilgileri.\",\"breadcrumb\":{\"@id\":\"https:\/\/www.myvize.com.tr\/ispanya\/konsolosluklar\/baskonsolosluk-bolumleri\/#breadcrumb\"},\"inLanguage\":\"tr\",\"potentialAction\":[{\"@type\":\"ReadAction\",\"target\":[\"https:\/\/www.myvize.com.tr\/ispanya\/konsolosluklar\/baskonsolosluk-bolumleri\/\"]}]},{\"@type\":\"BreadcrumbList\",\"@id\":\"https:\/\/www.myvize.com.tr\/ispanya\/konsolosluklar\/baskonsolosluk-bolumleri\/#breadcrumb\",\"itemListElement\":[{\"@type\":\"ListItem\",\"position\":1,\"name\":\"Anasayfa\",\"item\":\"https:\/\/www.myvize.com.tr\/ispanya\/\"},{\"@type\":\"ListItem\",\"position\":2,\"name\":\"KONSOLOSLUKLAR\",\"item\":\"https:\/\/www.myvize.com.tr\/ispanya\/konsolosluklar\/\"},{\"@type\":\"ListItem\",\"position\":3,\"name\":\"\u0130spanya Ba\u015fkonsolosluk B\u00f6l\u00fcmleri\"}]},{\"@type\":\"WebSite\",\"@id\":\"https:\/\/www.myvize.com.tr\/ispanya\/#website\",\"url\":\"https:\/\/www.myvize.com.tr\/ispanya\/\",\"name\":\"\u0130spanya Vizesi\",\"description\":\"\",\"potentialAction\":[{\"@type\":\"SearchAction\",\"target\":{\"@type\":\"EntryPoint\",\"urlTemplate\":\"https:\/\/www.myvize.com.tr\/ispanya\/?s={search_term_string}\"},\"query-input\":{\"@type\":\"PropertyValueSpecification\",\"valueRequired\":true,\"valueName\":\"search_term_string\"}}],\"inLanguage\":\"tr\"}]}<\/script>\n<!-- \/ Yoast SEO plugin. -->","yoast_head_json":{"title":"\u0130spanya Ba\u015fkonsolosluk B\u00f6l\u00fcmleri - \u0130spanya Vize - MyVize","description":"\u0130spanya ba\u015fkonsoloslu\u011fu b\u00f6l\u00fcmleri g\u00f6rev alanlar\u0131 ve mesai saatleri. \u0130spanya ba\u015fkonsoloslu\u011fu b\u00f6l\u00fcmleri ileti\u015fim bilgileri.","robots":{"index":"index","follow":"follow","max-snippet":"max-snippet:-1","max-image-preview":"max-image-preview:large","max-video-preview":"max-video-preview:-1"},"canonical":"https:\/\/www.myvize.com.tr\/ispanya\/konsolosluklar\/baskonsolosluk-bolumleri\/","og_locale":"tr_TR","og_type":"article","og_title":"\u0130spanya Ba\u015fkonsolosluk B\u00f6l\u00fcmleri - \u0130spanya Vize - MyVize","og_description":"\u0130spanya ba\u015fkonsoloslu\u011fu b\u00f6l\u00fcmleri g\u00f6rev alanlar\u0131 ve mesai saatleri. \u0130spanya ba\u015fkonsoloslu\u011fu b\u00f6l\u00fcmleri ileti\u015fim bilgileri.","og_url":"https:\/\/www.myvize.com.tr\/ispanya\/konsolosluklar\/baskonsolosluk-bolumleri\/","og_site_name":"\u0130spanya Vizesi","article_modified_time":"2022-04-12T11:29:31+00:00","twitter_card":"summary_large_image","twitter_misc":{"Tahmini okuma s\u00fcresi":"5 dakika"},"schema":{"@context":"https:\/\/schema.org","@graph":[{"@type":"WebPage","@id":"https:\/\/www.myvize.com.tr\/ispanya\/konsolosluklar\/baskonsolosluk-bolumleri\/","url":"https:\/\/www.myvize.com.tr\/ispanya\/konsolosluklar\/baskonsolosluk-bolumleri\/","name":"\u0130spanya Ba\u015fkonsolosluk B\u00f6l\u00fcmleri - \u0130spanya Vize - MyVize","isPartOf":{"@id":"https:\/\/www.myvize.com.tr\/ispanya\/#website"},"datePublished":"2020-11-30T10:07:41+00:00","dateModified":"2022-04-12T11:29:31+00:00","description":"\u0130spanya ba\u015fkonsoloslu\u011fu b\u00f6l\u00fcmleri g\u00f6rev alanlar\u0131 ve mesai saatleri. \u0130spanya ba\u015fkonsoloslu\u011fu b\u00f6l\u00fcmleri ileti\u015fim bilgileri.","breadcrumb":{"@id":"https:\/\/www.myvize.com.tr\/ispanya\/konsolosluklar\/baskonsolosluk-bolumleri\/#breadcrumb"},"inLanguage":"tr","potentialAction":[{"@type":"ReadAction","target":["https:\/\/www.myvize.com.tr\/ispanya\/konsolosluklar\/baskonsolosluk-bolumleri\/"]}]},{"@type":"BreadcrumbList","@id":"https:\/\/www.myvize.com.tr\/ispanya\/konsolosluklar\/baskonsolosluk-bolumleri\/#breadcrumb","itemListElement":[{"@type":"ListItem","position":1,"name":"Anasayfa","item":"https:\/\/www.myvize.com.tr\/ispanya\/"},{"@type":"ListItem","position":2,"name":"KONSOLOSLUKLAR","item":"https:\/\/www.myvize.com.tr\/ispanya\/konsolosluklar\/"},{"@type":"ListItem","position":3,"name":"\u0130spanya Ba\u015fkonsolosluk B\u00f6l\u00fcmleri"}]},{"@type":"WebSite","@id":"https:\/\/www.myvize.com.tr\/ispanya\/#website","url":"https:\/\/www.myvize.com.tr\/ispanya\/","name":"\u0130spanya Vizesi","description":"","potentialAction":[{"@type":"SearchAction","target":{"@type":"EntryPoint","urlTemplate":"https:\/\/www.myvize.com.tr\/ispanya\/?s={search_term_string}"},"query-input":{"@type":"PropertyValueSpecification","valueRequired":true,"valueName":"search_term_string"}}],"inLanguage":"tr"}]}},"_links":{"self":[{"href":"https:\/\/www.myvize.com.tr\/ispanya\/wp-json\/wp\/v2\/pages\/94","targetHints":{"allow":["GET"]}}],"collection":[{"href":"https:\/\/www.myvize.com.tr\/ispanya\/wp-json\/wp\/v2\/pages"}],"about":[{"href":"https:\/\/www.myvize.com.tr\/ispanya\/wp-json\/wp\/v2\/types\/page"}],"author":[{"embeddable":true,"href":"https:\/\/www.myvize.com.tr\/ispanya\/wp-json\/wp\/v2\/users\/1"}],"replies":[{"embeddable":true,"href":"https:\/\/www.myvize.com.tr\/ispanya\/wp-json\/wp\/v2\/comments?post=94"}],"version-history":[{"count":6,"href":"https:\/\/www.myvize.com.tr\/ispanya\/wp-json\/wp\/v2\/pages\/94\/revisions"}],"predecessor-version":[{"id":981,"href":"https:\/\/www.myvize.com.tr\/ispanya\/wp-json\/wp\/v2\/pages\/94\/revisions\/981"}],"up":[{"embeddable":true,"href":"https:\/\/www.myvize.com.tr\/ispanya\/wp-json\/wp\/v2\/pages\/69"}],"wp:attachment":[{"href":"https:\/\/www.myvize.com.tr\/ispanya\/wp-json\/wp\/v2\/media?parent=94"}],"curies":[{"name":"wp","href":"https:\/\/api.w.org\/{rel}","templated":true}]}}