{"id":161,"date":"2020-12-24T17:48:54","date_gmt":"2020-12-24T14:48:54","guid":{"rendered":"https:\/\/www.myvize.com.tr\/isvec\/?page_id=161"},"modified":"2022-04-14T13:22:33","modified_gmt":"2022-04-14T10:22:33","slug":"oturum-2","status":"publish","type":"page","link":"https:\/\/www.myvize.com.tr\/isvec\/oturum-2\/","title":{"rendered":"OTURUM"},"content":{"rendered":"<p><span style=\"font-family: Roboto;\"><\/span><\/p>\r\n<p><span style=\"font-family: Roboto; font-size: 14px;\">\u0130sve\u00e7\u2019te \u00e7al\u0131\u015fmak ya da e\u011fitim almak i\u00e7in ki\u015filerin belli \u015fartlar do\u011frultusunda oturum izni almas\u0131 gerekmektedir. <strong>\u0130sve\u00e7 oturum izni<\/strong> konusunda dikkat edilen bir\u00e7ok detay bulunmaktad\u0131r. Ki\u015filerin bu oturum iznini al\u0131rken bir\u00e7ok belge haz\u0131rlamas\u0131 gerekmektedir. E\u011fer oturum izni konusunda \u0130sve\u00e7 vatanda\u015f\u0131 biriyle evliyseniz bu \u015fartlarda farkl\u0131l\u0131klar olabilmektedir. Oturum izni i\u00e7in ba\u015fvuru yapacaksan\u0131z \u00f6ncelikle bu \u00fclkenin vatanda\u015flar\u0131ndan biriyle evli olman\u0131z gerekiyor.<\/span><\/p>\r\n<p><span style=\"font-family: Roboto; font-size: 14px;\">\r\n\r\n<\/span><\/p>\r\n<p><span style=\"font-family: Roboto; font-size: 14px;\">E\u015f durumunda ki ki\u015filer aile birle\u015fimi kurallar\u0131 \u00e7er\u00e7evesinde otomatik olarak bu hakk\u0131 elde edebiliyorlar. Ayn\u0131 zamanda ki\u015filerin <span style=\"color: #2acec2;\"><strong><a style=\"color: #2acec2;\" href=\"https:\/\/www.myvize.com.tr\/isvec\/vize-islemleri\/isvec-oturum-izni\/\" target=\"_blank\" rel=\"noopener\">\u0130sve\u00e7 oturum izni<\/a><\/strong><\/span> i\u00e7in evlenme c\u00fczdanlar\u0131n\u0131 da mutlaka gerekli dosyaya eklemesi gereklidir. Bunlarla birlikte bu evlili\u011fin ger\u00e7ek oldu\u011funun da kan\u0131tlanmas\u0131 son derece \u00f6nemlidir. Konsoloslu\u011fa ba\u015fvuru yap\u0131ld\u0131\u011f\u0131nda t\u00fcm evraklar\u0131n\u0131z\u0131 mutlaka yeminli bir terc\u00fcman arac\u0131l\u0131\u011f\u0131 ile \u0130sve\u00e7\u00e7eye terc\u00fcme ettirmeniz de gerekmektedir.<\/span><\/p>\r\n<p><span style=\"font-family: Roboto; font-size: 14px;\">\r\n\r\n<\/span><\/p>\r\n<h2><span style=\"font-family: Roboto; font-size: 27px;\"><strong>\u0130sve\u00e7 Oturum Vizesi Alma<\/strong><\/span><\/h2>\r\n<p><span style=\"font-family: Roboto; font-size: 14px;\">\r\n\r\n<\/span><\/p>\r\n<p><span style=\"font-family: Roboto; font-size: 14px;\"><strong>\u0130sve\u00e7 oturum vizesi<\/strong> almak i\u00e7in e\u011fer evlenme yolunu tercih etmiyorsan\u0131z \u0130sve\u00e7\u2019te bir gayrimenkul yat\u0131r\u0131m\u0131 yapm\u0131\u015f olman\u0131z gerekmektedir. Bununla birlikte \u0130sve\u00e7\u2019te \u00e7al\u0131\u015fmak istiyor olman\u0131z da bu izni alabilmenizde son derece \u00f6nemlidir. \u0130sve\u00e7\u2019te 300 bin Euro de\u011ferinde bir emlak yat\u0131r\u0131m\u0131 yapanlar konsolosluktan 5 y\u0131l ge\u00e7erli bir izin belgesi alma \u015fans\u0131 elde ediyor. Bu \u015fekilde oturum izni almak isteyen ki\u015filerin sahip olduklar\u0131 emlakin tapusun ve bu tapular\u0131n terc\u00fcme belgelerini mutlaka dosyalar\u0131nda bulundurmak durumundad\u0131rlar.<\/span><\/p>\r\n<p><span style=\"font-family: Roboto; font-size: 14px;\">\r\n\r\n<\/span><\/p>\r\n<p><span style=\"font-family: Roboto; font-size: 14px;\">\u0130sve\u00e7\u2019te ya\u015famak i\u00e7in yap\u0131labilecek bir di\u011fer ba\u015fvuru t\u00fcr\u00fc ise \u00e7al\u0131\u015fma vizesidir. \u00c7al\u0131\u015fma vizesine ba\u015fvuru yaparak oturum izni alabilme \u015fans\u0131n\u0131z bulunmaktad\u0131r. Hem e\u011fitim hem de mesleki yeterlilik d\u00fczeyini bildiren evraklarla birlikte \u0130sve\u00e7\u2019te \u00e7al\u0131\u015fmak istedi\u011finiz sekt\u00f6r\u00fc belirtmeniz \u00f6nemli bir durumdur. \u00c7al\u0131\u015fmak istenilen sekt\u00f6r\u00fcn a\u00e7\u0131klar\u0131 olmas\u0131 durumunda sizlere 5 y\u0131ll\u0131k bir oturma izni verilebiliyor. Bu \u015fekilde \u0130sve\u00e7 ya\u015fama hakk\u0131 da elde etmi\u015f oluyorsunuz. Vatanda\u015fl\u0131k almak i\u00e7in ise \u015fartlar\u0131 sa\u011flaman\u0131z son derece \u00f6nemlidir.<\/span><\/p>\r\n<h2><span style=\"font-family: Roboto; font-size: 27px;\"><strong>\u0130sve\u00e7 Oturum \u0130\u015flemleri<\/strong><\/span><\/h2>\r\n<p><span style=\"font-family: Roboto; font-size: 14px;\">Vize merkezleri,<strong> \u0130sve\u00e7 Konsoloslu\u011fu<\/strong> taraf\u0131ndan belirtilen evrak\u0131n, belirtilen kuralla g\u00f6re haz\u0131rlanmalar\u0131 ve ba\u015fvuru a\u015famas\u0131na da kullan\u0131lmas\u0131 konusun da size dan\u0131\u015fmanl\u0131k ederek zaman ve paradan kaybetmenizi \u00f6nler.<\/span><br \/><span style=\"font-family: Roboto; font-size: 14px;\">K\u0131sa s\u00fcre \u0130sve\u00e7 seyahatiniz i\u00e7in gereken Schengen vize t\u00fcr\u00fc belirleyip, bu vizeye uygun evrak\u0131 kafan\u0131z kar\u0131\u015fmada, hata yapmadan, zaman kaybetmede, stres ya\u015famadan haz\u0131rlaman\u0131z ve vize ba\u015fvurunuz <span style=\"color: #2acec2;\"><strong><a style=\"color: #2acec2;\" href=\"https:\/\/www.myvize.com.tr\/isvec\/vize-islemleri\/isvicre-schengen-vize\/\" target=\"_blank\" rel=\"noopener\">\u0130sve\u00e7 Schengen vizesi <\/a><\/strong><\/span>kuruluna uygun olarak sunma ad\u0131na dan\u0131\u015fmanl\u0131k hizmet veriyoruz. <strong>\u0130sve\u00e7 Konsoloslu\u011fu<\/strong> uygulad\u0131\u011f\u0131 vize mevzuat\u0131 da de\u011fi\u015fse bile bu konuda en g\u00fcncel bilgiye sahip oldu\u011fu i\u00e7in k\u00f6t\u00fc bir s\u00fcrpriz ya\u015famamak sa\u011fl\u0131yoruz.<\/span><br \/><span style=\"font-family: Roboto; font-size: 14px;\"><strong>\u0130sve\u00e7 vizesi<\/strong> ba\u015fvurusu \u0130sve\u00e7 vize i\u00e7in gerekli evrak\u0131n haz\u0131rlanma, <span style=\"color: #2acec2;\"><a style=\"color: #2acec2;\" href=\"https:\/\/www.myvize.com.tr\/isvec\/vize-islemleri\/isvec-vize-randevusu\/\" target=\"_blank\" rel=\"noopener\"><strong>\u0130sve\u00e7 vize randevusu<\/strong><\/a><\/span> ve ba\u015fvuru sahiplerinin parmak izi al\u0131nd\u0131\u011f\u0131 biyometrik veri ibraz s\u00fcrecinin i\u00e7erir. Vize merkezleri \u0130sve\u00e7 dan\u0131\u015fman\u0131m\u0131z vize ba\u015fvuru sahiplerinin teslim etti\u011fi evrak\u0131 dikkatle inceledikten sonra gereken vizelerin al\u0131nmas\u0131n\u0131 kolayla\u015ft\u0131racak \u00f6neri sunmaktad\u0131r. \u0130sve\u00e7 vize sayfam\u0131za yer alan \u015fubemiz b\u00f6l\u00fcm\u00fcnden temsilcimize ula\u015farak duruma uygun evrak listesi e-mail olarak talep de ederek<strong> \u0130sve\u00e7 vize ba\u015fvuru<\/strong> i\u015fleminizi hemen ba\u015flatabilirsiniz.<\/span><\/p>\r\n<p><span style=\"font-family: Roboto;\"><\/span><\/p>","protected":false},"excerpt":{"rendered":"<p>\u0130sve\u00e7\u2019te \u00e7al\u0131\u015fmak ya da e\u011fitim almak i\u00e7in ki\u015filerin belli \u015fartlar do\u011frultusunda oturum izni almas\u0131 gerekmektedir. \u0130sve\u00e7 oturum izni konusunda dikkat edilen bir\u00e7ok detay bulunmaktad\u0131r. Ki\u015filerin bu oturum iznini al\u0131rken bir\u00e7ok belge haz\u0131rlamas\u0131 gerekmektedir. E\u011fer oturum izni konusunda \u0130sve\u00e7 vatanda\u015f\u0131 biriyle evliyseniz bu \u015fartlarda farkl\u0131l\u0131klar olabilmektedir. Oturum izni i\u00e7in ba\u015fvuru yapacaksan\u0131z \u00f6ncelikle bu \u00fclkenin vatanda\u015flar\u0131ndan biriyle<\/p>\n","protected":false},"author":1,"featured_media":0,"parent":0,"menu_order":0,"comment_status":"open","ping_status":"closed","template":"","meta":{"footnotes":""},"class_list":["post-161","page","type-page","status-publish","hentry"],"yoast_head":"<!-- This site is optimized with the Yoast SEO plugin v24.0 - https:\/\/yoast.com\/wordpress\/plugins\/seo\/ -->\n<title>\u0130sve\u00e7 Oturum \u0130\u015flemleri - MyVize Vize Ba\u015fvuru Merkezi<\/title>\n<meta name=\"description\" content=\"\u0130sve\u00e7 Oturum \u0130\u015flemleri Nelerdir? \u0130sve\u00e7 Oturum \u0130\u015flemleri Nas\u0131l Yap\u0131l\u0131r? \u0130sve\u00e7 Oturum \u0130zni \u015eartlar\u0131 Nelerdir? \u0130sve\u00e7 Oturum \u0130\u015flemleri 2022.\" \/>\n<meta name=\"robots\" content=\"index, follow, max-snippet:-1, max-image-preview:large, max-video-preview:-1\" \/>\n<link rel=\"canonical\" href=\"https:\/\/www.myvize.com.tr\/isvec\/oturum-2\/\" \/>\n<meta property=\"og:locale\" content=\"tr_TR\" \/>\n<meta property=\"og:type\" content=\"article\" \/>\n<meta property=\"og:title\" content=\"\u0130sve\u00e7 Oturum \u0130\u015flemleri - MyVize Vize Ba\u015fvuru Merkezi\" \/>\n<meta property=\"og:description\" content=\"\u0130sve\u00e7 Oturum \u0130\u015flemleri Nelerdir? \u0130sve\u00e7 Oturum \u0130\u015flemleri Nas\u0131l Yap\u0131l\u0131r? \u0130sve\u00e7 Oturum \u0130zni \u015eartlar\u0131 Nelerdir? \u0130sve\u00e7 Oturum \u0130\u015flemleri 2022.\" \/>\n<meta property=\"og:url\" content=\"https:\/\/www.myvize.com.tr\/isvec\/oturum-2\/\" \/>\n<meta property=\"og:site_name\" content=\"\u0130sve\u00e7 Vizesi\" \/>\n<meta property=\"article:modified_time\" content=\"2022-04-14T10:22:33+00:00\" \/>\n<meta name=\"twitter:card\" content=\"summary_large_image\" \/>\n<meta name=\"twitter:label1\" content=\"Tahmini okuma s\u00fcresi\" \/>\n\t<meta name=\"twitter:data1\" content=\"3 dakika\" \/>\n<script type=\"application\/ld+json\" class=\"yoast-schema-graph\">{\"@context\":\"https:\/\/schema.org\",\"@graph\":[{\"@type\":\"WebPage\",\"@id\":\"https:\/\/www.myvize.com.tr\/isvec\/oturum-2\/\",\"url\":\"https:\/\/www.myvize.com.tr\/isvec\/oturum-2\/\",\"name\":\"\u0130sve\u00e7 Oturum \u0130\u015flemleri - MyVize Vize Ba\u015fvuru Merkezi\",\"isPartOf\":{\"@id\":\"https:\/\/www.myvize.com.tr\/isvec\/#website\"},\"datePublished\":\"2020-12-24T14:48:54+00:00\",\"dateModified\":\"2022-04-14T10:22:33+00:00\",\"description\":\"\u0130sve\u00e7 Oturum \u0130\u015flemleri Nelerdir? \u0130sve\u00e7 Oturum \u0130\u015flemleri Nas\u0131l Yap\u0131l\u0131r? \u0130sve\u00e7 Oturum \u0130zni \u015eartlar\u0131 Nelerdir? \u0130sve\u00e7 Oturum \u0130\u015flemleri 2022.\",\"breadcrumb\":{\"@id\":\"https:\/\/www.myvize.com.tr\/isvec\/oturum-2\/#breadcrumb\"},\"inLanguage\":\"tr\",\"potentialAction\":[{\"@type\":\"ReadAction\",\"target\":[\"https:\/\/www.myvize.com.tr\/isvec\/oturum-2\/\"]}]},{\"@type\":\"BreadcrumbList\",\"@id\":\"https:\/\/www.myvize.com.tr\/isvec\/oturum-2\/#breadcrumb\",\"itemListElement\":[{\"@type\":\"ListItem\",\"position\":1,\"name\":\"Anasayfa\",\"item\":\"https:\/\/www.myvize.com.tr\/isvec\/\"},{\"@type\":\"ListItem\",\"position\":2,\"name\":\"OTURUM\"}]},{\"@type\":\"WebSite\",\"@id\":\"https:\/\/www.myvize.com.tr\/isvec\/#website\",\"url\":\"https:\/\/www.myvize.com.tr\/isvec\/\",\"name\":\"\u0130sve\u00e7 Vizesi\",\"description\":\"\",\"potentialAction\":[{\"@type\":\"SearchAction\",\"target\":{\"@type\":\"EntryPoint\",\"urlTemplate\":\"https:\/\/www.myvize.com.tr\/isvec\/?s={search_term_string}\"},\"query-input\":{\"@type\":\"PropertyValueSpecification\",\"valueRequired\":true,\"valueName\":\"search_term_string\"}}],\"inLanguage\":\"tr\"}]}<\/script>\n<!-- \/ Yoast SEO plugin. -->","yoast_head_json":{"title":"\u0130sve\u00e7 Oturum \u0130\u015flemleri - MyVize Vize Ba\u015fvuru Merkezi","description":"\u0130sve\u00e7 Oturum \u0130\u015flemleri Nelerdir? \u0130sve\u00e7 Oturum \u0130\u015flemleri Nas\u0131l Yap\u0131l\u0131r? \u0130sve\u00e7 Oturum \u0130zni \u015eartlar\u0131 Nelerdir? \u0130sve\u00e7 Oturum \u0130\u015flemleri 2022.","robots":{"index":"index","follow":"follow","max-snippet":"max-snippet:-1","max-image-preview":"max-image-preview:large","max-video-preview":"max-video-preview:-1"},"canonical":"https:\/\/www.myvize.com.tr\/isvec\/oturum-2\/","og_locale":"tr_TR","og_type":"article","og_title":"\u0130sve\u00e7 Oturum \u0130\u015flemleri - MyVize Vize Ba\u015fvuru Merkezi","og_description":"\u0130sve\u00e7 Oturum \u0130\u015flemleri Nelerdir? \u0130sve\u00e7 Oturum \u0130\u015flemleri Nas\u0131l Yap\u0131l\u0131r? \u0130sve\u00e7 Oturum \u0130zni \u015eartlar\u0131 Nelerdir? \u0130sve\u00e7 Oturum \u0130\u015flemleri 2022.","og_url":"https:\/\/www.myvize.com.tr\/isvec\/oturum-2\/","og_site_name":"\u0130sve\u00e7 Vizesi","article_modified_time":"2022-04-14T10:22:33+00:00","twitter_card":"summary_large_image","twitter_misc":{"Tahmini okuma s\u00fcresi":"3 dakika"},"schema":{"@context":"https:\/\/schema.org","@graph":[{"@type":"WebPage","@id":"https:\/\/www.myvize.com.tr\/isvec\/oturum-2\/","url":"https:\/\/www.myvize.com.tr\/isvec\/oturum-2\/","name":"\u0130sve\u00e7 Oturum \u0130\u015flemleri - MyVize Vize Ba\u015fvuru Merkezi","isPartOf":{"@id":"https:\/\/www.myvize.com.tr\/isvec\/#website"},"datePublished":"2020-12-24T14:48:54+00:00","dateModified":"2022-04-14T10:22:33+00:00","description":"\u0130sve\u00e7 Oturum \u0130\u015flemleri Nelerdir? \u0130sve\u00e7 Oturum \u0130\u015flemleri Nas\u0131l Yap\u0131l\u0131r? \u0130sve\u00e7 Oturum \u0130zni \u015eartlar\u0131 Nelerdir? \u0130sve\u00e7 Oturum \u0130\u015flemleri 2022.","breadcrumb":{"@id":"https:\/\/www.myvize.com.tr\/isvec\/oturum-2\/#breadcrumb"},"inLanguage":"tr","potentialAction":[{"@type":"ReadAction","target":["https:\/\/www.myvize.com.tr\/isvec\/oturum-2\/"]}]},{"@type":"BreadcrumbList","@id":"https:\/\/www.myvize.com.tr\/isvec\/oturum-2\/#breadcrumb","itemListElement":[{"@type":"ListItem","position":1,"name":"Anasayfa","item":"https:\/\/www.myvize.com.tr\/isvec\/"},{"@type":"ListItem","position":2,"name":"OTURUM"}]},{"@type":"WebSite","@id":"https:\/\/www.myvize.com.tr\/isvec\/#website","url":"https:\/\/www.myvize.com.tr\/isvec\/","name":"\u0130sve\u00e7 Vizesi","description":"","potentialAction":[{"@type":"SearchAction","target":{"@type":"EntryPoint","urlTemplate":"https:\/\/www.myvize.com.tr\/isvec\/?s={search_term_string}"},"query-input":{"@type":"PropertyValueSpecification","valueRequired":true,"valueName":"search_term_string"}}],"inLanguage":"tr"}]}},"_links":{"self":[{"href":"https:\/\/www.myvize.com.tr\/isvec\/wp-json\/wp\/v2\/pages\/161","targetHints":{"allow":["GET"]}}],"collection":[{"href":"https:\/\/www.myvize.com.tr\/isvec\/wp-json\/wp\/v2\/pages"}],"about":[{"href":"https:\/\/www.myvize.com.tr\/isvec\/wp-json\/wp\/v2\/types\/page"}],"author":[{"embeddable":true,"href":"https:\/\/www.myvize.com.tr\/isvec\/wp-json\/wp\/v2\/users\/1"}],"replies":[{"embeddable":true,"href":"https:\/\/www.myvize.com.tr\/isvec\/wp-json\/wp\/v2\/comments?post=161"}],"version-history":[{"count":6,"href":"https:\/\/www.myvize.com.tr\/isvec\/wp-json\/wp\/v2\/pages\/161\/revisions"}],"predecessor-version":[{"id":755,"href":"https:\/\/www.myvize.com.tr\/isvec\/wp-json\/wp\/v2\/pages\/161\/revisions\/755"}],"wp:attachment":[{"href":"https:\/\/www.myvize.com.tr\/isvec\/wp-json\/wp\/v2\/media?parent=161"}],"curies":[{"name":"wp","href":"https:\/\/api.w.org\/{rel}","templated":true}]}}