{"id":164,"date":"2020-12-24T17:49:14","date_gmt":"2020-12-24T14:49:14","guid":{"rendered":"https:\/\/www.myvize.com.tr\/isvec\/?page_id=164"},"modified":"2022-08-09T13:16:18","modified_gmt":"2022-08-09T10:16:18","slug":"vatandaslik","status":"publish","type":"page","link":"https:\/\/www.myvize.com.tr\/isvec\/vatandaslik\/","title":{"rendered":"\u0130SVE\u00c7 VATANDA\u015eLI\u011eI"},"content":{"rendered":"<p><span style=\"font-family: Roboto;\"><\/span><\/p>\r\n<p><span style=\"font-family: Roboto; font-size: 14px;\">Uzun s\u00fcredir \u0130sve\u00e7\u2019te ya\u015fayan ki\u015filerin <strong>\u0130sve\u00e7 halk\u0131<\/strong> ile ayn\u0131 haklara sahip olabilmesi i\u00e7in bu \u00fclkenin vatanda\u015fl\u0131k i\u015flemlerini yerine getirmesi gereklidir. Oturma ya da<span style=\"color: #2acec2;\"><strong><a style=\"color: #2acec2;\" href=\"https:\/\/www.myvize.com.tr\/isvec\/vize-islemleri\/isvec-calisma-izni\/\" target=\"_blank\" rel=\"noopener\"> \u0130sve\u00e7 \u00e7al\u0131\u015fma izni <\/a><\/strong><\/span>olan yabanc\u0131 vatanda\u015flar bir s\u00fcre bu \u00fclkede ya\u015fad\u0131klar\u0131 takdirde vatanda\u015fl\u0131k alabilme hakk\u0131 kazan\u0131yor. Fakat bu hakk\u0131n yerine getirilebilmesi i\u00e7in ise s\u00fcreleri boyunca \u00fclkede g\u00f6\u00e7men olarak kabul ediliyorlar. Ki\u015filer \u0130sve\u00e7 vatanda\u015flar\u0131n\u0131n sahip olmu\u015f oldu\u011fu haklar\u0131 elde edebilmek i\u00e7in uzun y\u0131llar bu \u00fclkede ya\u015famak zorundad\u0131r. Bununla birlikte vatanda\u015fl\u0131k i\u015flemlerinin de\u011ferlendirilebilmesi i\u00e7in birtak\u0131m \u015fartlar\u0131n yerine getirilmi\u015f olmas\u0131 da gereklidir.<\/span><\/p>\r\n<h2><strong><span style=\"font-family: Roboto; font-size: 27px;\">\u0130sve\u00e7 Vatanda\u015f\u0131 Olmak<\/span><\/strong><\/h2>\r\n<p><span style=\"font-family: Roboto; font-size: 14px;\"><strong>\u0130sve\u00e7 G\u00f6\u00e7men B\u00fcrosu<\/strong> (Swedish Migra\u00adtion Agency) \u0130sve\u00e7 vatanda\u015f ba\u015fvurusunun yap\u0131ld\u0131\u011f\u0131 tek yetkili kurum. <strong>\u0130sve\u00e7 vatanda\u015fl\u0131\u011f\u0131 ba\u015fvurusu<\/strong> i\u00e7in yetkili olmalar\u0131n\u0131n yan\u0131 s\u0131ra ba\u015fvuruyu de\u011ferlendirilen ve ba\u015fvuruyu sonu\u00e7land\u0131ran yetkilice kurum da \u0130sve\u00e7 G\u00f6\u00e7men B\u00fcrosudur. \u0130sve\u00e7 vatanda\u015fl\u0131\u011f\u0131 ba\u015fvurusunda bulunabilme i\u00e7in farkl\u0131 y\u00f6ntem mevcuttur ve her t\u00fcrl\u00fc y\u00f6ntem i\u00e7in belirli \u015fart\u0131 yerine getirmek gerekmekte. \u0130sve\u00e7 vatanda\u015f\u0131 olma i\u00e7in gerekli olan y\u00f6nteme g\u00f6re \u0130sve\u00e7\u2019te ge\u00e7erlili\u011fi olan ikamet s\u00fcreleri de\u011fi\u015fmektedir. \u0130sve\u00e7 oturma iznine sahip yeti\u015fkinin \u0130sve\u00e7 vatanda\u015fl\u0131\u011f\u0131 ba\u015fvurusu i\u00e7in 5 y\u0131ll\u0131k bir s\u00fcre kesintisiz olarak \u0130sve\u00e7\u2019te bulunulmu\u015f olmas\u0131 gerekirken, evlilik yolu ile \u0130sve\u00e7 vatanda\u015fl\u0131\u011f\u0131 ba\u015fvuracak ki\u015finin en az 3 y\u0131ld\u0131r evli olmalar\u0131 ve son 2 y\u0131ld\u0131r birlikte ya\u015f\u0131yor olmalar\u0131 gerekmektedir.<\/span><\/p>\r\n<h2><strong><span style=\"font-family: Roboto; font-size: 27px;\">\u0130sve\u00e7 Vatanda\u015fl\u0131k \u0130\u015flemleri 2022<\/span><\/strong><\/h2>\r\n<p><span style=\"font-family: Roboto; font-size: 14px;\"><strong>\u0130sve\u00e7\u2019da vatanda\u015fl\u0131k<\/strong> almas\u0131 i\u00e7in yabanc\u0131 yasas\u0131na g\u00f6re bir\u00e7ok d\u00fczenlemeler bulunmakta. Ki\u015finin oturma izin s\u00fcresi, oturma izin stat\u00fcs\u00fc, geli\u015f nedenler gibi nedenle yasan\u0131n hangi kolunda yararlanabilece\u011fi belirlenir.<\/span><br \/><span style=\"font-family: Roboto; font-size: 14px;\"><strong>\u0130sve\u00e7 Vatanda\u015fl\u0131\u011f\u0131na<\/strong> ge\u00e7me \u00f6ncelikle ki\u015finin kendi karar\u0131na ba\u011fl\u0131.<strong> \u0130sve\u00e7 vatanda\u015fl\u0131\u011f\u0131<\/strong> ge\u00e7ildi\u011finde se\u00e7me-se\u00e7ilmek hakk\u0131, memur olmak hakk\u0131 ve <strong>\u0130sve\u00e7 vatanda\u015f\u0131<\/strong> hangi haktan yararlan\u0131yorsa hepsi yararlanabilme \u015fans\u0131 sahip olur.<\/span><br \/><span style=\"font-family: Roboto; font-size: 14px;\">\u0130sve\u00e7\u2019te ya\u015fayan hukuk ile toplumsal kurala uyum g\u00f6stermi\u015f, anayasal hakk\u0131 \u00e7i\u011fnememi\u015f \u00fclke benimsemi\u015f, kendine burada d\u00fcnya kurmu\u015f her ki\u015filer i\u00e7in <strong>\u0130sve\u00e7 devlet<\/strong> bu ki\u015finin hakk\u0131 yasayla sabitlemi\u015ftir.<\/span><br \/><span style=\"font-family: Roboto; font-size: 14px;\"><strong>\u0130sve\u00e7 Vatanda\u015flar\u0131<\/strong> olmak isteyen T\u00fcrk vatanda\u015f\u0131n\u0131n ikamet izni ve mesleki stat\u00fc bak\u0131lmakta.<\/span><br \/><span style=\"font-family: Roboto; font-size: 14px;\">Bunun yan\u0131nda istenilen \u015fart\u0131n yerine getirilmesi gereklidir. \u0130sve\u00e7 Vatanda\u015fl\u0131\u011f\u0131 i\u00e7in bulundu\u011fu b\u00f6lgede ki <strong>Sicil Memurlu\u011fu<\/strong> ba\u015fvuru yapabilir. T\u00fcrkiye\u2019den ba\u015fvuru yap\u0131lmas\u0131 isteniyorsa T\u00fcrkiye\u2019de bulunan <strong>\u0130sve\u00e7 Konsoloslu\u011fu<\/strong> ba\u015fvuru yap\u0131lmakta.<\/span><br \/><span style=\"font-family: Roboto; font-size: 14px;\"><strong>\u0130sve\u00e7\u2019te vatanda\u015fl\u0131k<\/strong> alabilmek i\u00e7in \u00f6ncelikle kesintisiz \u015fekilde 5 y\u0131l s\u00fcre ile ikamet etmi\u015f olmak gerekmekte.<\/span><br \/><span style=\"font-family: Roboto; font-size: 14px;\">Avrupa Birli\u011fi \u00fclkesinden birinden <strong>Mavi Kart<\/strong> alm\u0131\u015fsa ya da Avrupa Birli\u011fi \u00fclkesinden birinde kal\u0131c\u0131 oturma izniniz varsa \u0130sve\u00e7\u2019te uzun s\u00fcre<span style=\"color: #2acec2;\"><strong><a style=\"color: #2acec2;\" href=\"https:\/\/www.myvize.com.tr\/isvec\/vize-islemleri\/isvec-oturum-izni\/\" target=\"_blank\" rel=\"noopener\"> \u0130sve\u00e7 oturum izni<\/a><\/strong><\/span> alabilirsiniz.<\/span><\/p>\r\n<h2><strong><span style=\"font-family: Roboto; font-size: 27px;\">\u0130sve\u00e7 Vatanda\u015fl\u0131k \u015eartlar\u0131<\/span><\/strong><\/h2>\r\n<p><span style=\"font-family: Roboto; font-size: 14px;\">\u0130sve\u00e7 vatanda\u015fl\u0131\u011f\u0131 nas\u0131l olunur sorusu bir \u00e7ok yan\u0131t ile alternatif y\u00f6ntem vard\u0131r. Genel ba\u015fl\u0131kla s\u0131ralanacak olursa vatanda\u015f ba\u015fvurusu haklar\u0131n\u0131 elde etmek i\u00e7in;<\/span><\/p>\r\n<ul>\r\n<li><span style=\"font-family: Roboto; font-size: 14px;\">\u0130sve\u00e7 etnik k\u00f6kene sahip olmak,<\/span><\/li>\r\n<li><span style=\"font-family: Roboto; font-size: 14px;\">\u0130sve\u00e7 vatanda\u015f\u0131 anne veya babaya sahip olma,<\/span><\/li>\r\n<li><span style=\"font-family: Roboto; font-size: 14px;\">\u0130sve\u00e7 vatanda\u015f\u0131 e\u015f sahibi olmak,<\/span><\/li>\r\n<li><span style=\"font-family: Roboto; font-size: 14px;\">\u00dclkeye belli miktar da yat\u0131r\u0131m yapma,<\/span><\/li>\r\n<li><span style=\"font-family: Roboto; font-size: 14px;\">\u00dclkede belli ikamet s\u00fcresi doldurma,<\/span><\/li>\r\n<li><span style=\"font-family: Roboto; font-size: 14px;\">\u00dclkeye belli oranda katk\u0131 sa\u011flama,<\/span><\/li>\r\n<li><span style=\"font-family: Roboto; font-size: 14px;\">Eski \u0130sve\u00e7 g\u00f6\u00e7meni olmak gerekir.<\/span><\/li>\r\n<\/ul>\r\n<p><span style=\"font-family: Roboto; font-size: 14px;\">\u0130sve\u00e7 vatanda\u015fl\u0131\u011f\u0131na ge\u00e7ebilmek i\u00e7in ko\u015ful ve s\u00fcre\u00e7lerin nas\u0131l olaca\u011f\u0131na ait prosed\u00fcr, \u00fclkenin vatanda\u015flar\u0131 kanununa ve bu kanun y\u00f6netmeli\u011fine g\u00f6re d\u00fczenlenmi\u015fdir. Vatanda\u015fl\u0131\u011fa ba\u015fvurulabilme i\u00e7in \u00f6nce gerekli \u015fart\u0131 yerine getirmek gerekmektedir. Vatanda\u015fl\u0131k ba\u015fvurusu kabul etme ve takip yetkisi sadece \u0130sve\u00e7 \u0130sve\u00e7 G\u00f6\u00e7men B\u00fcrosu (Swe dish Migra\u00adtion Agency)dur. \u0130sve\u00e7 Bakanl\u0131\u011f\u0131na ba\u011fl\u0131 olan bu birimde vatanda\u015f i\u015flemi y\u00fcr\u00fct\u00fcl\u00fcr. Gerekli t\u00fcm \u015fart\u0131 yerine getiren T\u00fcrk vatanda\u015f\u0131 da bu haklardan yararlanabilir.<\/span><\/p>\r\n<p><strong><span style=\"font-family: Roboto; font-size: 27px;\">\u0130sve\u00e7&#8217;de \u00c7ifte Vatanda\u015fl\u0131k Var m\u0131?<\/span><\/strong><\/p>\r\n<p><span style=\"font-family: Roboto; font-size: 14px;\">\u0130sve\u00e7&#8217;de, gerekli \u015fart\u0131 sa\u011flayan ki\u015fi i\u00e7in \u00e7ifte vatanda\u015fl\u0131k uygulamalar\u0131 bulunmaktad\u0131r. \u0130sve\u00e7 Cumhuriyet yasas\u0131nca ki\u015fiye \u00e7ifte vatanda\u015fl\u0131k hakk\u0131 tan\u0131nm\u0131\u015ft\u0131r. Bu sayede \u0130sve\u00e7 vatanda\u015fl\u0131\u011f\u0131na ba\u015fvuru yapacak olan ki\u015filer T\u00fcrkiye Cumhuriyeti vatanda\u015fl\u0131\u011f\u0131ndan da vazge\u00e7mesi s\u00f6z konusu de\u011fil. Ki\u015filer, her 2 \u00fclkenin vatanda\u015fl\u0131\u011f\u0131 hakk\u0131nda da faydalanabilmektedir. Konsoloslukdan ba\u015fvuruyu ger\u00e7ekle\u015ftirecek olan ki\u015filer i\u00e7in vize i\u015fleminden ba\u015flayarak \u0130sve\u00e7&#8217;de ki g\u00f6\u00e7menlik b\u00fcrosuna yapacak ba\u015fvuruya kadar dan\u0131\u015fman verilmektedir. Vatanda\u015fl\u0131k i\u015flemleri i\u00e7in bu kadar kapsaml\u0131 hizmetler veren T\u00fcrkiye\u2019deki tek akredit acentesidir. T\u00fcrk vatanda\u015flar\u0131 i\u00e7in uygun ko\u015fullar\u0131 sa\u011flamas\u0131 ile <strong>\u0130sve\u00e7 vatanda\u015fl\u0131\u011f\u0131<\/strong> elde ederek \u00e7ifte vatanda\u015fl\u0131k almak m\u00fcmk\u00fcnd\u00fcr. \u0130sve\u00e7 vatanda\u015fl\u0131\u011f\u0131na ba\u015fvuru yapacak durumlar a\u015fa\u011f\u0131daki listelenmektedir. Bu ko\u015fullarda bulunan T\u00fcrk vatanda\u015flar\u0131n\u0131n \u0130sve\u00e7 \u00e7ifte vatanda\u015fl\u0131\u011f\u0131n\u0131n ba\u015fvurusu yapma hakk\u0131 vard\u0131r. \u0130sve\u00e7 vatanda\u015f\u0131 \u0130sve\u00e7&#8217;de \u00e7al\u0131\u015fmak, e\u011fitimler g\u00f6rmek ve s\u0131n\u0131rs\u0131z ikamet etme haklar\u0131na sahiptir. \u00a0 \u0130sve\u00e7 vatanda\u015flar\u0131 ve aile \u00fcye Avrupa Birli\u011fi \u00fclkesindeki sa\u011fl\u0131k hizmetinden faydalanabilmekte. \u0130sve\u00e7 vatanda\u015fl\u0131\u011f\u0131n\u0131n Avrupa Birli\u011fi \u00fclkelerine \u00f6zel m\u00fclk edinme hakk\u0131na sahiptir.<\/span><\/p>\r\n<p><strong><span style=\"font-family: Roboto; font-size: 24px;\">\u0130sve\u00e7 Vatanda\u015f\u0131 Olman\u0131n Avantajlar\u0131<\/span><\/strong><\/p>\r\n<p><span style=\"font-family: Roboto; font-size: 14px;\"><strong>\u0130sve\u00e7 vatanda\u015fl\u0131\u011f\u0131<\/strong> alman\u0131n ba\u015fl\u0131ca avantaj\u0131 a\u015fa\u011f\u0131daki gibi listelenmi\u015ftir. \u0130sve\u00e7 vatanda\u015fl\u0131\u011f\u0131 alan yabanc\u0131, ana yasayla belirlenen t\u00fcm vatanda\u015fl\u0131k hakk\u0131ndan ve oy kullanmak hakk\u0131nda yararlanabilmekte. \u0130sve\u00e7 vatanda\u015f\u0131, \u0130sve\u00e7 ile di\u011fer Avrupa Birli\u011fi \u00fclkelerinde ya\u015fama, \u00e7al\u0131\u015fma ve e\u011fitim alma hakk\u0131n\u0131 kazanmaktad\u0131r. \u0130sve\u00e7 vatanda\u015f\u0131n\u0131n, \u00fclkelere vizesiz ya da\u00a0 var\u0131\u015fta vize alma ile seyahat etme hakk\u0131 bulunmaktad\u0131r. \u0130sve\u00e7 vatanda\u015fl\u0131\u011f\u0131 sahip olan ki\u015fi, \u0130sve\u00e7 istenilen zaman giri\u015f- \u00e7\u0131k\u0131\u015flar yapabilmektedir. \u0130sve\u00e7 vatanda\u015f\u0131n\u0131n, devlet taraf\u0131ndan sa\u011flanan sa\u011fl\u0131k ve e\u011fitim hizmeti ile di\u011fer sosyal olanaklara eri\u015fim hakk\u0131 bulunmaktad\u0131r. \u0130sve\u00e7 vatanda\u015fl\u0131\u011f\u0131 te\u015fvik i\u00e7in, <strong>\u0130sve\u00e7&#8217;de i\u015f kurma<\/strong> ile yat\u0131r\u0131m kolayl\u0131\u011f\u0131 sa\u011flanmaktad\u0131r. \u0130sve\u00e7\u00a0 vatanda\u015f\u0131 \u0130sve\u00e7&#8217;de \u00e7al\u0131\u015fma, e\u011fitim g\u00f6rmek ve s\u0131n\u0131rs\u0131z ikamet etme haklar\u0131na sahiptir.\u00a0 \u0130sve\u00e7 vatanda\u015fl\u0131k ba\u015fvurusu, \u0130sve\u00e7 vatanda\u015f\u0131 olmayan ki\u015finin \u0130sve\u00e7 vatanda\u015fl\u0131klar\u0131na ve kimli\u011fine sahip olmas\u0131 i\u00e7in ger\u00e7ekle\u015ftirdi\u011fi ba\u015fvurudur.<\/span><\/p>\r\n<p><span style=\"font-family: Roboto; font-size: 14px;\">\r\n\r\n<\/span><\/p>\r\n<h3><span style=\"font-family: Roboto; font-size: 24px;\"><strong>\u0130sve\u00e7 Vatanda\u015fl\u0131k Hakk\u0131 Nas\u0131l Kazan\u0131l\u0131r?<\/strong><\/span><\/h3>\r\n<p><span style=\"font-family: Roboto; font-size: 14px;\">\r\n\r\n<\/span><\/p>\r\n<p><span style=\"font-family: Roboto; font-size: 14px;\">\u00d6ncelikle ki\u015filerin<strong> \u0130sve\u00e7 Vatanda\u015fl\u0131k<\/strong> hakk\u0131n\u0131 kazanabilmesi i\u00e7in 18 ya\u015f\u0131ndan daha b\u00fcy\u00fck olmas\u0131 gerekiyor. Bununla birlikte 5 y\u0131l boyunca \u00fclkede ya\u015fam\u0131\u015f olmas\u0131 da aranan kriterlerden biridir. \u0130sve\u00e7\u2019te konu\u015fulan resmi dillerden en az bir tanesini biliyor olmas\u0131 en \u00f6nemli kriterlerden biridir.<\/span><\/p>\r\n<p><span style=\"font-family: Roboto; font-size: 14px;\">\r\n\r\n<\/span><\/p>\r\n<p><span style=\"font-family: Roboto; font-size: 14px;\">Hatta bu dil durumunu ki\u015filerin mutlaka s\u0131navla ispatlam\u0131\u015f olmas\u0131 da \u00f6nemli \u015fartlardan biridir. Toplumsal konularda uyumlu olmas\u0131 ve bir bu\u00e7uk y\u0131l \u0130sve\u00e7\u2019te \u00e7al\u0131\u015fm\u0131\u015f olmas\u0131 da aran\u0131lan en \u00f6nemli ko\u015fullardan biridir. Daha \u00f6nce \u0130sve\u00e7\u2019te herhangi bir \u015fekilde bulunulmam\u0131\u015f ve ya\u015fanmam\u0131\u015f ise ki\u015filerin evli olmalar\u0131na ra\u011fmen bile vatanda\u015fl\u0131k ba\u015fvurular\u0131 kabul edilmiyor.<\/span><\/p>\r\n<p><span style=\"font-family: Roboto; font-size: 14px;\">\r\n\r\n<\/span><\/p>\r\n<p><span style=\"font-family: Roboto; font-size: 14px;\">Ancak ki\u015finin \u00e7ocu\u011fu e\u011fer \u0130sve\u00e7\u2019te do\u011fmam\u0131\u015f ise ebeveynlerinden birisi <strong>\u0130sve\u00e7 vatanda\u015f\u0131<\/strong> ise \u00e7ocuk da \u00fclkenin vatanda\u015f\u0131 kabul ediliyor. Ki\u015filerin \u00fclkeye uyumlar\u0131n\u0131 kan\u0131tlayabilmeleri ve vatanda\u015fl\u0131k kazanabilmeleri i\u00e7in bir bu\u00e7uk y\u0131l \u00fclkede \u00e7al\u0131\u015fmak zorundad\u0131rlar.<\/span><\/p>\r\n<p><span style=\"font-family: Roboto; font-size: 14px;\">\r\n\r\n<\/span><\/p>\r\n<h3><span style=\"font-family: Roboto; font-size: 24px;\"><strong>\u0130sve\u00e7 Vatanda\u015fl\u0131k Belgeleri<\/strong><\/span><\/h3>\r\n<p><span style=\"font-family: Roboto; font-size: 14px;\">\r\n\r\n<\/span><\/p>\r\n<p><span style=\"font-family: Roboto; font-size: 14px;\"><strong>\u0130sve\u00e7 vatanda\u015fl\u0131\u011f\u0131na<\/strong> ge\u00e7ebilmek i\u00e7in ki\u015filerin \u00f6ncelikle oturma iznine sahip olmas\u0131 gerekir. Bununla birlikte g\u00fcncel bir pasaportu ve bu pasaportun sayfalar\u0131n\u0131n t\u00fcm fotokopileri, son 6 ay i\u00e7erisinde \u00e7ekilmi\u015f olan 2 tane biyometrik foto\u011fraf, ki\u015filerin evlilik belgeleri, \u00e7al\u0131\u015fma belgeleri ve en az bir tane dil bildi\u011fini kan\u0131tlayan belge ile topluma ayak uyduraca\u011f\u0131n\u0131 belgeleyen evrak\u0131n dosyada yer almas\u0131 gereklidir.<\/span><\/p>\r\n<p><span style=\"font-family: Roboto;\"><\/span><\/p>","protected":false},"excerpt":{"rendered":"<p>Uzun s\u00fcredir \u0130sve\u00e7\u2019te ya\u015fayan ki\u015filerin \u0130sve\u00e7 halk\u0131 ile ayn\u0131 haklara sahip olabilmesi i\u00e7in bu \u00fclkenin vatanda\u015fl\u0131k i\u015flemlerini yerine getirmesi gereklidir. Oturma ya da \u0130sve\u00e7 \u00e7al\u0131\u015fma izni olan yabanc\u0131 vatanda\u015flar bir s\u00fcre bu \u00fclkede ya\u015fad\u0131klar\u0131 takdirde vatanda\u015fl\u0131k alabilme hakk\u0131 kazan\u0131yor. Fakat bu hakk\u0131n yerine getirilebilmesi i\u00e7in ise s\u00fcreleri boyunca \u00fclkede g\u00f6\u00e7men olarak kabul ediliyorlar. Ki\u015filer \u0130sve\u00e7<\/p>\n","protected":false},"author":1,"featured_media":0,"parent":0,"menu_order":0,"comment_status":"open","ping_status":"closed","template":"","meta":{"footnotes":""},"class_list":["post-164","page","type-page","status-publish","hentry"],"yoast_head":"<!-- This site is optimized with the Yoast SEO plugin v24.0 - https:\/\/yoast.com\/wordpress\/plugins\/seo\/ -->\n<title>\u0130sve\u00e7 Vatanda\u015fl\u0131k \u0130\u015flemleri- MyVize Vize Ba\u015fvuru Merkezi<\/title>\n<meta name=\"description\" content=\"\u0130sve\u00e7 Vatanda\u015fl\u0131k \u015eartlar\u0131 Neler? \u0130sve\u00e7 Vatanda\u015fl\u0131k \u0130\u015flemleri Neler? \u0130sve\u00e7 Vatanda\u015fl\u0131k Nas\u0131l Al\u0131n\u0131r? \u0130sve\u00e7 Vatanda\u015fl\u0131k \u0130\u00e7in Gerekli Belgeler.\" \/>\n<meta name=\"robots\" content=\"index, follow, max-snippet:-1, max-image-preview:large, max-video-preview:-1\" \/>\n<link rel=\"canonical\" href=\"https:\/\/www.myvize.com.tr\/isvec\/vatandaslik\/\" \/>\n<meta property=\"og:locale\" content=\"tr_TR\" \/>\n<meta property=\"og:type\" content=\"article\" \/>\n<meta property=\"og:title\" content=\"\u0130sve\u00e7 Vatanda\u015fl\u0131k \u0130\u015flemleri- MyVize Vize Ba\u015fvuru Merkezi\" \/>\n<meta property=\"og:description\" content=\"\u0130sve\u00e7 Vatanda\u015fl\u0131k \u015eartlar\u0131 Neler? \u0130sve\u00e7 Vatanda\u015fl\u0131k \u0130\u015flemleri Neler? \u0130sve\u00e7 Vatanda\u015fl\u0131k Nas\u0131l Al\u0131n\u0131r? \u0130sve\u00e7 Vatanda\u015fl\u0131k \u0130\u00e7in Gerekli Belgeler.\" \/>\n<meta property=\"og:url\" content=\"https:\/\/www.myvize.com.tr\/isvec\/vatandaslik\/\" \/>\n<meta property=\"og:site_name\" content=\"\u0130sve\u00e7 Vizesi\" \/>\n<meta property=\"article:modified_time\" content=\"2022-08-09T10:16:18+00:00\" \/>\n<meta name=\"twitter:card\" content=\"summary_large_image\" \/>\n<meta name=\"twitter:label1\" content=\"Tahmini okuma s\u00fcresi\" \/>\n\t<meta name=\"twitter:data1\" content=\"6 dakika\" \/>\n<script type=\"application\/ld+json\" class=\"yoast-schema-graph\">{\"@context\":\"https:\/\/schema.org\",\"@graph\":[{\"@type\":\"WebPage\",\"@id\":\"https:\/\/www.myvize.com.tr\/isvec\/vatandaslik\/\",\"url\":\"https:\/\/www.myvize.com.tr\/isvec\/vatandaslik\/\",\"name\":\"\u0130sve\u00e7 Vatanda\u015fl\u0131k \u0130\u015flemleri- MyVize Vize Ba\u015fvuru Merkezi\",\"isPartOf\":{\"@id\":\"https:\/\/www.myvize.com.tr\/isvec\/#website\"},\"datePublished\":\"2020-12-24T14:49:14+00:00\",\"dateModified\":\"2022-08-09T10:16:18+00:00\",\"description\":\"\u0130sve\u00e7 Vatanda\u015fl\u0131k \u015eartlar\u0131 Neler? \u0130sve\u00e7 Vatanda\u015fl\u0131k \u0130\u015flemleri Neler? \u0130sve\u00e7 Vatanda\u015fl\u0131k Nas\u0131l Al\u0131n\u0131r? \u0130sve\u00e7 Vatanda\u015fl\u0131k \u0130\u00e7in Gerekli Belgeler.\",\"breadcrumb\":{\"@id\":\"https:\/\/www.myvize.com.tr\/isvec\/vatandaslik\/#breadcrumb\"},\"inLanguage\":\"tr\",\"potentialAction\":[{\"@type\":\"ReadAction\",\"target\":[\"https:\/\/www.myvize.com.tr\/isvec\/vatandaslik\/\"]}]},{\"@type\":\"BreadcrumbList\",\"@id\":\"https:\/\/www.myvize.com.tr\/isvec\/vatandaslik\/#breadcrumb\",\"itemListElement\":[{\"@type\":\"ListItem\",\"position\":1,\"name\":\"Anasayfa\",\"item\":\"https:\/\/www.myvize.com.tr\/isvec\/\"},{\"@type\":\"ListItem\",\"position\":2,\"name\":\"\u0130SVE\u00c7 VATANDA\u015eLI\u011eI\"}]},{\"@type\":\"WebSite\",\"@id\":\"https:\/\/www.myvize.com.tr\/isvec\/#website\",\"url\":\"https:\/\/www.myvize.com.tr\/isvec\/\",\"name\":\"\u0130sve\u00e7 Vizesi\",\"description\":\"\",\"potentialAction\":[{\"@type\":\"SearchAction\",\"target\":{\"@type\":\"EntryPoint\",\"urlTemplate\":\"https:\/\/www.myvize.com.tr\/isvec\/?s={search_term_string}\"},\"query-input\":{\"@type\":\"PropertyValueSpecification\",\"valueRequired\":true,\"valueName\":\"search_term_string\"}}],\"inLanguage\":\"tr\"}]}<\/script>\n<!-- \/ Yoast SEO plugin. -->","yoast_head_json":{"title":"\u0130sve\u00e7 Vatanda\u015fl\u0131k \u0130\u015flemleri- MyVize Vize Ba\u015fvuru Merkezi","description":"\u0130sve\u00e7 Vatanda\u015fl\u0131k \u015eartlar\u0131 Neler? \u0130sve\u00e7 Vatanda\u015fl\u0131k \u0130\u015flemleri Neler? \u0130sve\u00e7 Vatanda\u015fl\u0131k Nas\u0131l Al\u0131n\u0131r? \u0130sve\u00e7 Vatanda\u015fl\u0131k \u0130\u00e7in Gerekli Belgeler.","robots":{"index":"index","follow":"follow","max-snippet":"max-snippet:-1","max-image-preview":"max-image-preview:large","max-video-preview":"max-video-preview:-1"},"canonical":"https:\/\/www.myvize.com.tr\/isvec\/vatandaslik\/","og_locale":"tr_TR","og_type":"article","og_title":"\u0130sve\u00e7 Vatanda\u015fl\u0131k \u0130\u015flemleri- MyVize Vize Ba\u015fvuru Merkezi","og_description":"\u0130sve\u00e7 Vatanda\u015fl\u0131k \u015eartlar\u0131 Neler? \u0130sve\u00e7 Vatanda\u015fl\u0131k \u0130\u015flemleri Neler? \u0130sve\u00e7 Vatanda\u015fl\u0131k Nas\u0131l Al\u0131n\u0131r? \u0130sve\u00e7 Vatanda\u015fl\u0131k \u0130\u00e7in Gerekli Belgeler.","og_url":"https:\/\/www.myvize.com.tr\/isvec\/vatandaslik\/","og_site_name":"\u0130sve\u00e7 Vizesi","article_modified_time":"2022-08-09T10:16:18+00:00","twitter_card":"summary_large_image","twitter_misc":{"Tahmini okuma s\u00fcresi":"6 dakika"},"schema":{"@context":"https:\/\/schema.org","@graph":[{"@type":"WebPage","@id":"https:\/\/www.myvize.com.tr\/isvec\/vatandaslik\/","url":"https:\/\/www.myvize.com.tr\/isvec\/vatandaslik\/","name":"\u0130sve\u00e7 Vatanda\u015fl\u0131k \u0130\u015flemleri- MyVize Vize Ba\u015fvuru Merkezi","isPartOf":{"@id":"https:\/\/www.myvize.com.tr\/isvec\/#website"},"datePublished":"2020-12-24T14:49:14+00:00","dateModified":"2022-08-09T10:16:18+00:00","description":"\u0130sve\u00e7 Vatanda\u015fl\u0131k \u015eartlar\u0131 Neler? \u0130sve\u00e7 Vatanda\u015fl\u0131k \u0130\u015flemleri Neler? \u0130sve\u00e7 Vatanda\u015fl\u0131k Nas\u0131l Al\u0131n\u0131r? \u0130sve\u00e7 Vatanda\u015fl\u0131k \u0130\u00e7in Gerekli Belgeler.","breadcrumb":{"@id":"https:\/\/www.myvize.com.tr\/isvec\/vatandaslik\/#breadcrumb"},"inLanguage":"tr","potentialAction":[{"@type":"ReadAction","target":["https:\/\/www.myvize.com.tr\/isvec\/vatandaslik\/"]}]},{"@type":"BreadcrumbList","@id":"https:\/\/www.myvize.com.tr\/isvec\/vatandaslik\/#breadcrumb","itemListElement":[{"@type":"ListItem","position":1,"name":"Anasayfa","item":"https:\/\/www.myvize.com.tr\/isvec\/"},{"@type":"ListItem","position":2,"name":"\u0130SVE\u00c7 VATANDA\u015eLI\u011eI"}]},{"@type":"WebSite","@id":"https:\/\/www.myvize.com.tr\/isvec\/#website","url":"https:\/\/www.myvize.com.tr\/isvec\/","name":"\u0130sve\u00e7 Vizesi","description":"","potentialAction":[{"@type":"SearchAction","target":{"@type":"EntryPoint","urlTemplate":"https:\/\/www.myvize.com.tr\/isvec\/?s={search_term_string}"},"query-input":{"@type":"PropertyValueSpecification","valueRequired":true,"valueName":"search_term_string"}}],"inLanguage":"tr"}]}},"_links":{"self":[{"href":"https:\/\/www.myvize.com.tr\/isvec\/wp-json\/wp\/v2\/pages\/164","targetHints":{"allow":["GET"]}}],"collection":[{"href":"https:\/\/www.myvize.com.tr\/isvec\/wp-json\/wp\/v2\/pages"}],"about":[{"href":"https:\/\/www.myvize.com.tr\/isvec\/wp-json\/wp\/v2\/types\/page"}],"author":[{"embeddable":true,"href":"https:\/\/www.myvize.com.tr\/isvec\/wp-json\/wp\/v2\/users\/1"}],"replies":[{"embeddable":true,"href":"https:\/\/www.myvize.com.tr\/isvec\/wp-json\/wp\/v2\/comments?post=164"}],"version-history":[{"count":9,"href":"https:\/\/www.myvize.com.tr\/isvec\/wp-json\/wp\/v2\/pages\/164\/revisions"}],"predecessor-version":[{"id":837,"href":"https:\/\/www.myvize.com.tr\/isvec\/wp-json\/wp\/v2\/pages\/164\/revisions\/837"}],"wp:attachment":[{"href":"https:\/\/www.myvize.com.tr\/isvec\/wp-json\/wp\/v2\/media?parent=164"}],"curies":[{"name":"wp","href":"https:\/\/api.w.org\/{rel}","templated":true}]}}