{"id":170,"date":"2020-12-24T17:49:53","date_gmt":"2020-12-24T14:49:53","guid":{"rendered":"https:\/\/www.myvize.com.tr\/isvec\/?page_id=170"},"modified":"2022-04-14T15:06:55","modified_gmt":"2022-04-14T12:06:55","slug":"duyurular","status":"publish","type":"page","link":"https:\/\/www.myvize.com.tr\/isvec\/duyurular\/","title":{"rendered":"DUYURULAR"},"content":{"rendered":"<p><span style=\"font-family: Roboto;\"><\/span><\/p>\r\n<h2><span style=\"font-family: Roboto; font-size: 27px;\"><strong>\u0130sve\u00e7<\/strong><\/span><\/h2>\r\n<p><span style=\"font-family: Roboto; font-size: 14px;\">\r\n\r\n<\/span><\/p>\r\n<p><span style=\"font-family: Roboto; font-size: 14px;\">\u00a010,23 milyonluk n\u00fcfuslu \u0130sve\u00e7\u2019te son a\u00e7\u0131klanan verilere g\u00f6re mart ay\u0131ndaki salg\u0131n\u0131n ba\u015flang\u0131c\u0131ndan bu yana toplamda 367 bin 120 vaka tespit edildi, 7 bin 993 ki\u015finin ise hayat\u0131n\u0131 kaybetti. Bu y\u00fcksek \u00f6l\u00fcm say\u0131lar\u0131 ve y\u00fcksek vakalar sebebiyle \u00fclkede son g\u00fcnlerde k\u0131s\u0131tlamalar getirildi.<\/span><\/p>\r\n<p><span style=\"font-family: Roboto; font-size: 14px;\">\r\n\r\n<\/span><\/p>\r\n<p><span style=\"font-family: Roboto; font-size: 14px;\">\u00a0Genelde \u00fclkede k\u0131s\u0131tlamalara uyan vatanda\u015flar i\u00e7in \u00f6nceki g\u00fcnlerde Ba\u015fkan L\u00f6fven halkta uymayan vatanda\u015flar i\u00e7in uygulanacak k\u0131s\u0131tlamalara uymalar\u0131 \u00e7a\u011fr\u0131s\u0131nda bulunmu\u015ftu Y\u0131lba\u015f\u0131nda ise indirimli sat\u0131\u015flar iptal edildi ve alkol sat\u0131\u015f\u0131 yasakland\u0131.<\/span><\/p>\r\n<p><span style=\"font-family: Roboto; font-size: 14px;\">\r\n\r\n<\/span><\/p>\r\n<p><span style=\"font-family: Roboto; font-size: 14px;\">\u00a0Liselerde 24 Ocak 2022\u2019e kadar uzaktan e\u011fitime devam edilecek olan Avrupa \u00fclkesinde, 24 Ocak\u2019a kadar personelin evden \u00e7al\u0131\u015fmas\u0131n\u0131 sa\u011flamalar\u0131 talep edilirken, Al\u0131\u015fveri\u015f merkezleri ve cafeler i\u00e7in kapasiteye g\u00f6re ki\u015fi say\u0131s\u0131nda s\u0131n\u0131rlama getirildi.<\/span><\/p>\r\n<p><span style=\"font-family: Roboto; font-size: 14px;\">\r\n\r\n<\/span><\/p>\r\n<p><span style=\"font-family: Roboto; font-size: 14px;\">\u00a02022 ay\u0131n\u0131n ba\u015flar\u0131nda artan <strong>koronavir\u00fcs vakalar\u0131<\/strong> sebebiyle 1 ayl\u0131k bir k\u0131s\u0131tlamaya giden \u0130sve\u00e7&#8217;te<\/span><\/p>\r\n<p><span style=\"font-family: Roboto; font-size: 14px;\">\r\n\r\n<\/span><\/p>\r\n<p><span style=\"font-family: Roboto; font-size: 14px;\">\u00a0Az n\u00fcfusa sahip bir \u00fclke olmalar\u0131na ra\u011fmen bu kadar \u00f6nem verdikleri halk i\u00e7in s\u0131n\u0131rlamalar getirmeleri \u00f6nem asl\u0131nda herkes i\u00e7in \u00f6nem arz ediyor. 2022 ay\u0131n\u0131n ba\u015flar\u0131nda artan koronavir\u00fcs vakalar\u0131 sebebiyle 1 ayl\u0131k bir k\u0131s\u0131tlamaya giden <strong>\u0130sve\u00e7&#8217;te \u015fuan da vize al\u0131mlar\u0131<\/strong> a\u00e7\u0131k durumda. Dileyen vatanda\u015flar <strong>vize ba\u015fvurusu<\/strong> yapabilir ve kabulde \u0130sve\u00e7&#8217;i g\u00f6rebilir.<\/span><\/p>\r\n<p><span style=\"font-family: Roboto; font-size: 14px;\">\r\n\r\n<\/span><\/p>\r\n<h2><span style=\"font-family: Roboto; font-size: 27px;\"><strong>Vize Al\u0131m\u0131<\/strong><\/span><\/h2>\r\n<p><span style=\"font-family: Roboto; font-size: 14px;\">\r\n\r\n<\/span><\/p>\r\n<p><span style=\"font-family: Roboto; font-size: 14px;\"><strong>\u00a0Covid-19 kapsam\u0131nda<\/strong> \u0130sve\u00e7\u2019e giri\u015f yasa\u011f\u0131 sebebiyle, \u0130sve\u00e7&#8217;e yap\u0131lacak olan ba\u015fvurularda b\u00fcy\u00fck \u00e7o\u011funlu\u011funun reddedilmesi taraftar\u0131yd\u0131. Ama son g\u00fcnlerde <strong>\u0130sve\u00e7 konsoloslu\u011fu vize al\u0131m\u0131<\/strong> yapmaya ba\u015flad\u0131. Ba\u015fkonsolosluk\u2019tan \u00f6n izin al\u0131nmas\u0131 durumunda ba\u015fvurular\u0131 kabul etmeye ba\u015flaycak. Bu sebeple d\u00fczenlemeye yap\u0131ld\u0131, i\u015fte o d\u00fczenlemeler ;<\/span><\/p>\r\n<p><span style=\"font-family: Roboto; font-size: 14px;\">\r\n\r\n<\/span><\/p>\r\n<p><span style=\"font-family: Roboto; font-size: 14px;\">\u00a0&#8211; S\u0131n\u0131r i\u015f\u00e7ileri<\/span><\/p>\r\n<p><span style=\"font-family: Roboto; font-size: 14px;\">\r\n\r\n<\/span><\/p>\r\n<p><span style=\"font-family: Roboto; font-size: 14px;\">\u00a0&#8211; Tar\u0131m, ormanc\u0131l\u0131k, bah\u00e7ivanl\u0131k alan\u0131nda sezonsal \u00e7al\u0131\u015fanlar<\/span><\/p>\r\n<p><span style=\"font-family: Roboto; font-size: 14px;\">\r\n\r\n<\/span><\/p>\r\n<p><span style=\"font-family: Roboto; font-size: 14px;\">\u00a0&#8211; Mal ta\u015f\u0131mac\u0131l\u0131\u011f\u0131 yapan nakliye personeli<\/span><\/p>\r\n<p><span style=\"font-family: Roboto; font-size: 14px;\">\r\n\r\n<\/span><\/p>\r\n<p><span style=\"font-family: Roboto; font-size: 14px;\">\u00a0&#8211; Diplomatlar, aile bireyleri ve onlara ba\u011fl\u0131 \u00e7al\u0131\u015fanlar<\/span><\/p>\r\n<p><span style=\"font-family: Roboto; font-size: 14px;\">\r\n\r\n<\/span><\/p>\r\n<p><span style=\"font-family: Roboto; font-size: 14px;\">&#8211; Askerler<\/span><\/p>\r\n<p><span style=\"font-family: Roboto; font-size: 14px;\">\r\n\r\n<\/span><\/p>\r\n<p><span style=\"font-family: Roboto; font-size: 14px;\">\u00a0&#8211; Zorunlu ailevi nedenleri olan yolcular ba\u015fvuru sonras\u0131 \u0130sve\u00e7\u2019e vize alabilecekler.<\/span><\/p>\r\n<p><span style=\"font-family: Roboto; font-size: 14px;\">\r\n\r\n<\/span><\/p>\r\n<h2><span style=\"font-family: Roboto; font-size: 14px;\">\u00a0<strong>Vize \u0130\u00e7in Ne Gerekli<\/strong><\/span><\/h2>\r\n<p><span style=\"font-family: Roboto; font-size: 14px;\">\r\n\r\n<\/span><\/p>\r\n<p><span style=\"font-family: Roboto; font-size: 14px;\">&#8211; Pasaport<\/span><\/p>\r\n<p><span style=\"font-family: Roboto; font-size: 14px;\">\r\n\r\n<\/span><\/p>\r\n<p><span style=\"font-family: Roboto; font-size: 14px;\">\u00a0\u00d6n izin al\u0131nmas\u0131 durumunda istenilecek evraklar \u015fu \u015fekilde<strong> ;<\/strong><\/span><\/p>\r\n<p><span style=\"font-family: Roboto; font-size: 14px;\">\r\n\r\n<\/span><\/p>\r\n<p><span style=\"font-family: Roboto; font-size: 14px;\">&#8211; Pasaportunuzun Fotokopisi<\/span><\/p>\r\n<p><span style=\"font-family: Roboto; font-size: 14px;\">\r\n\r\n<\/span><\/p>\r\n<p><span style=\"font-family: Roboto; font-size: 14px;\">&#8211; Vize Ba\u015fvuru Formu ve Taahh\u00fctname<\/span><\/p>\r\n<p><span style=\"font-family: Roboto; font-size: 14px;\">\r\n\r\n<\/span><\/p>\r\n<p><span style=\"font-family: Roboto; font-size: 14px;\">&#8211; \u0130sve\u00e7 Ba\u015fkonsoloslu\u011funa sizin taraf\u0131n\u0131zdan yaz\u0131lm\u0131\u015f bir dilek\u00e7e<\/span><\/p>\r\n<p><span style=\"font-family: Roboto; font-size: 14px;\">\r\n\r\n<\/span><\/p>\r\n<p><span style=\"font-family: Roboto; font-size: 14px;\">&#8211; N\u00fcfus C\u00fczdan\u0131 fotokopisi<\/span><\/p>\r\n<p><span style=\"font-family: Roboto; font-size: 14px;\">\r\n\r\n<\/span><\/p>\r\n<p><span style=\"font-family: Roboto; font-size: 14px;\">&#8211; Vukuatl\u0131 N\u00fcfus Kay\u0131t \u00d6rne\u011fi<\/span><\/p>\r\n<h2><span style=\"font-family: Roboto; font-size: 27px;\"><strong>\u0130sve\u00e7\u00a0<\/strong><strong>Vizesi A\u00e7\u0131ld\u0131 M\u0131?<\/strong><\/span><\/h2>\r\n<p><span style=\"font-family: Roboto; font-size: 14px;\">\r\n\r\n<\/span><\/p>\r\n<p><span style=\"font-family: Roboto; font-size: 14px;\">\u0130sve\u00e7 d\u0131\u015f temsilciliklerinden Covid\u00a0&#8211;\u00a019 kapsam\u0131nda yap\u0131lan en g\u00fcncel a\u00e7\u0131klama ise \u015f\u00f6yle:<\/span><\/p>\r\n<p><span style=\"font-family: Roboto; font-size: 14px;\">\r\n\r\n<\/span><\/p>\r\n<p><span style=\"font-family: Roboto; font-size: 14px;\"><strong>\u0130sve\u00e7 d\u0131\u015f temsilcilikleri<\/strong> \u0130sve\u00e7 \u00fczerinden AB\u2019ne giri\u015f yasa\u011f\u0131 karar\u0131 alm\u0131\u015ft\u0131. Bu yasa\u011f\u0131 uzatma karar\u0131 alan \u0130sve\u00e7 yetkilileri tarih olarak 31 A\u011fustos 2022\u2019e i\u015faret etti. Bu nedenle Schengen vizesi i\u00e7in ba\u015fvuruda bulunmak isteyenlere beklemelerini \u00f6nerdi.<\/span><\/p>\r\n<p><span style=\"font-family: Roboto; font-size: 14px;\">\r\n\r\n<\/span><\/p>\r\n<p><span style=\"font-family: Roboto; font-size: 14px;\">T\u00fcrkiye\u2019den yaln\u0131zca AEA\u00a0vatanda\u015flar\u0131 i\u00e7in \u0130sve\u00e7\u2019e giri\u015f izni verildi\u011finden<strong> \u0130sve\u00e7 G\u00f6\u00e7men Dairesi<\/strong> bu kapsam d\u0131\u015f\u0131ndaki t\u00fcm ba\u015fvurular\u0131n vize ba\u015fvurular\u0131n\u0131n reddedilmesine karar vermi\u015ftir.<\/span><\/p>\r\n<p><span style=\"font-family: Roboto; font-size: 14px;\">\r\n\r\n<\/span><\/p>\r\n<h2><span style=\"font-family: Roboto; font-size: 14px;\"><strong>\u0130sve\u00e7\u2019in Ba\u015fvurular\u0131n\u0131 A\u00e7\u0131k Tuttu\u011fu Kategoriler:<\/strong><\/span><\/h2>\r\n<p><span style=\"font-family: Roboto; font-size: 14px;\">\r\n\r\n<\/span><\/p>\r\n<ul class=\"wp-block-list\">\r\n<li><span style=\"font-family: Roboto; font-size: 14px;\">T\u0131r \u015f\u00f6f\u00f6rleri<\/span><\/li>\r\n<li><span style=\"font-family: Roboto; font-size: 14px;\">\u0130sve\u00e7 vatanda\u015flar\u0131n\u0131n, AEA vatanda\u015flar\u0131n\u0131n ve \u0130sve\u00e7\u2019te oturum izni bulunan di\u011fer \u00fclke vatanda\u015flar\u0131n\u0131n aile bireyleri:<\/span><\/li>\r\n<\/ul>\r\n<p><span style=\"font-family: Roboto; font-size: 14px;\">\r\n\r\n<\/span><\/p>\r\n<ol class=\"wp-block-list\">\r\n<li><span style=\"font-family: Roboto; font-size: 14px;\">E\u015f<\/span><\/li>\r\n<li><span style=\"font-family: Roboto; font-size: 14px;\">Kay\u0131tl\u0131 Partnerler<\/span><\/li>\r\n<li><span style=\"font-family: Roboto; font-size: 14px;\">Birlikte Ya\u015fayan Partnerler<\/span><\/li>\r\n<li><span style=\"font-family: Roboto; font-size: 14px;\">21 Ya\u015f\u00a0Alt\u0131ndaki \u00c7ocuklar<\/span><\/li>\r\n<\/ol>\r\n<p><span style=\"font-family: Roboto; font-size: 14px;\">\r\n\r\n<\/span><\/p>\r\n<p><span style=\"font-family: Roboto; font-size: 14px;\"><strong>\u0130sve\u00e7 d\u0131\u015f temsilcilikleri\u00a0<\/strong>hem personel sa\u011fl\u0131\u011f\u0131n\u0131 korumak hem de Covid-19\u2019un yay\u0131lmas\u0131n\u0131 \u00f6nlemek ad\u0131na bu \u015fekilde karar ald\u0131\u011f\u0131n\u0131 a\u00e7\u0131klad\u0131. Ki\u015filer <strong>\u0130sve\u00e7 el\u00e7ilik i\u015flemleri<\/strong> i\u00e7in g\u00fcncel bilgiler alabilmek ad\u0131na <span style=\"color: #2acec2;\"><strong><a style=\"color: #2acec2;\" href=\"https:\/\/www.myvize.com.tr\/isvec\/konsolosluklar\/isvec-istanbul-fahri-konsoloslugu\/\" target=\"_blank\" rel=\"noopener\">\u0130sve\u00e7 \u0130stanbul Ba\u015fkonsoloslu\u011fu<\/a><\/strong><\/span> ile irtibata ge\u00e7ebilir ya da konsoloslu\u011fun onaylad\u0131\u011f\u0131 temsilcilikler ya da acentelerle g\u00f6r\u00fc\u015febilirler.<\/span><\/p>\r\n<p><span style=\"font-family: Roboto; font-size: 14px;\">\r\n\r\n<\/span><\/p>\r\n<h3><span style=\"font-family: Roboto; font-size: 24px;\"><strong>Covid 19 Kapsam\u0131nda\u00a0<\/strong><strong>\u0130sve\u00e7\u00a0<\/strong><strong>Vizesi ile \u0130lgili Son Durum<\/strong><\/span><\/h3>\r\n<p><span style=\"font-family: Roboto; font-size: 14px;\">\r\n\r\n<\/span><\/p>\r\n<p><span style=\"font-family: Roboto; font-size: 14px;\">Covid-19 kurallar\u0131 kapsam\u0131nda vize i\u015flemlerinin ve yurt d\u0131\u015f\u0131 seyahatlerinin nas\u0131l yap\u0131laca\u011f\u0131 herkes taraf\u0131ndan merak edilmekte.\u00a0Merak edilen \u00fclkelerden birisi de T\u00fcrkiye\u2019den s\u0131k\u00e7a seyahat yap\u0131lan \u0130sve\u00e7. Bilindi\u011fi \u00fczere<strong> \u0130sve\u00e7 Schengen<\/strong> \u00fclkelerinden biri ancak Covid &#8211; 19 kapsam\u0131nda t\u00fcm d\u00fcnyada oldu\u011fu gibi \u0130sve\u00e7\u2019te vatanda\u015flar\u0131n vize talepleri ve el\u00e7ilik i\u015flemleri ile ilgili kararlar\u0131n\u0131 duyurdu.<\/span><\/p>\r\n<p><span style=\"font-family: Roboto; font-size: 14px;\">\r\n\r\n<\/span><\/p>\r\n<p><span style=\"font-family: Roboto;\"><\/span><\/p>","protected":false},"excerpt":{"rendered":"<p>\u0130sve\u00e7 \u00a010,23 milyonluk n\u00fcfuslu \u0130sve\u00e7\u2019te son a\u00e7\u0131klanan verilere g\u00f6re mart ay\u0131ndaki salg\u0131n\u0131n ba\u015flang\u0131c\u0131ndan bu yana toplamda 367 bin 120 vaka tespit edildi, 7 bin 993 ki\u015finin ise hayat\u0131n\u0131 kaybetti. Bu y\u00fcksek \u00f6l\u00fcm say\u0131lar\u0131 ve y\u00fcksek vakalar sebebiyle \u00fclkede son g\u00fcnlerde k\u0131s\u0131tlamalar getirildi. \u00a0Genelde \u00fclkede k\u0131s\u0131tlamalara uyan vatanda\u015flar i\u00e7in \u00f6nceki g\u00fcnlerde Ba\u015fkan L\u00f6fven halkta uymayan vatanda\u015flar<\/p>\n","protected":false},"author":1,"featured_media":0,"parent":0,"menu_order":0,"comment_status":"closed","ping_status":"closed","template":"","meta":{"footnotes":""},"class_list":["post-170","page","type-page","status-publish","hentry"],"yoast_head":"<!-- This site is optimized with the Yoast SEO plugin v24.0 - https:\/\/yoast.com\/wordpress\/plugins\/seo\/ -->\n<title>\u0130sve\u00e7 Vizesi Duyurular\u0131 - MyVize Vize Ba\u015fvuru Merkezi<\/title>\n<meta name=\"description\" content=\"\u0130sve\u00e7 Vizesi Duyurular\u0131 Nelerdir? \u0130sve\u00e7 Konsoloslu\u011fu COV\u0130D19 Duyurular\u0131 Nelerdir? Bilgi \u0130\u00e7in Vize Uzmanlar\u0131m\u0131z\u0131 Aray\u0131n: 0850 346 84 93\" \/>\n<meta name=\"robots\" content=\"index, follow, max-snippet:-1, max-image-preview:large, max-video-preview:-1\" \/>\n<link rel=\"canonical\" href=\"https:\/\/www.myvize.com.tr\/isvec\/duyurular\/\" \/>\n<meta property=\"og:locale\" content=\"tr_TR\" \/>\n<meta property=\"og:type\" content=\"article\" \/>\n<meta property=\"og:title\" content=\"\u0130sve\u00e7 Vizesi Duyurular\u0131 - MyVize Vize Ba\u015fvuru Merkezi\" \/>\n<meta property=\"og:description\" content=\"\u0130sve\u00e7 Vizesi Duyurular\u0131 Nelerdir? \u0130sve\u00e7 Konsoloslu\u011fu COV\u0130D19 Duyurular\u0131 Nelerdir? Bilgi \u0130\u00e7in Vize Uzmanlar\u0131m\u0131z\u0131 Aray\u0131n: 0850 346 84 93\" \/>\n<meta property=\"og:url\" content=\"https:\/\/www.myvize.com.tr\/isvec\/duyurular\/\" \/>\n<meta property=\"og:site_name\" content=\"\u0130sve\u00e7 Vizesi\" \/>\n<meta property=\"article:modified_time\" content=\"2022-04-14T12:06:55+00:00\" \/>\n<meta name=\"twitter:card\" content=\"summary_large_image\" \/>\n<meta name=\"twitter:label1\" content=\"Tahmini okuma s\u00fcresi\" \/>\n\t<meta name=\"twitter:data1\" content=\"3 dakika\" \/>\n<script type=\"application\/ld+json\" class=\"yoast-schema-graph\">{\"@context\":\"https:\/\/schema.org\",\"@graph\":[{\"@type\":\"WebPage\",\"@id\":\"https:\/\/www.myvize.com.tr\/isvec\/duyurular\/\",\"url\":\"https:\/\/www.myvize.com.tr\/isvec\/duyurular\/\",\"name\":\"\u0130sve\u00e7 Vizesi Duyurular\u0131 - MyVize Vize Ba\u015fvuru Merkezi\",\"isPartOf\":{\"@id\":\"https:\/\/www.myvize.com.tr\/isvec\/#website\"},\"datePublished\":\"2020-12-24T14:49:53+00:00\",\"dateModified\":\"2022-04-14T12:06:55+00:00\",\"description\":\"\u0130sve\u00e7 Vizesi Duyurular\u0131 Nelerdir? \u0130sve\u00e7 Konsoloslu\u011fu COV\u0130D19 Duyurular\u0131 Nelerdir? Bilgi \u0130\u00e7in Vize Uzmanlar\u0131m\u0131z\u0131 Aray\u0131n: 0850 346 84 93\",\"breadcrumb\":{\"@id\":\"https:\/\/www.myvize.com.tr\/isvec\/duyurular\/#breadcrumb\"},\"inLanguage\":\"tr\",\"potentialAction\":[{\"@type\":\"ReadAction\",\"target\":[\"https:\/\/www.myvize.com.tr\/isvec\/duyurular\/\"]}]},{\"@type\":\"BreadcrumbList\",\"@id\":\"https:\/\/www.myvize.com.tr\/isvec\/duyurular\/#breadcrumb\",\"itemListElement\":[{\"@type\":\"ListItem\",\"position\":1,\"name\":\"Anasayfa\",\"item\":\"https:\/\/www.myvize.com.tr\/isvec\/\"},{\"@type\":\"ListItem\",\"position\":2,\"name\":\"DUYURULAR\"}]},{\"@type\":\"WebSite\",\"@id\":\"https:\/\/www.myvize.com.tr\/isvec\/#website\",\"url\":\"https:\/\/www.myvize.com.tr\/isvec\/\",\"name\":\"\u0130sve\u00e7 Vizesi\",\"description\":\"\",\"potentialAction\":[{\"@type\":\"SearchAction\",\"target\":{\"@type\":\"EntryPoint\",\"urlTemplate\":\"https:\/\/www.myvize.com.tr\/isvec\/?s={search_term_string}\"},\"query-input\":{\"@type\":\"PropertyValueSpecification\",\"valueRequired\":true,\"valueName\":\"search_term_string\"}}],\"inLanguage\":\"tr\"}]}<\/script>\n<!-- \/ Yoast SEO plugin. -->","yoast_head_json":{"title":"\u0130sve\u00e7 Vizesi Duyurular\u0131 - MyVize Vize Ba\u015fvuru Merkezi","description":"\u0130sve\u00e7 Vizesi Duyurular\u0131 Nelerdir? \u0130sve\u00e7 Konsoloslu\u011fu COV\u0130D19 Duyurular\u0131 Nelerdir? Bilgi \u0130\u00e7in Vize Uzmanlar\u0131m\u0131z\u0131 Aray\u0131n: 0850 346 84 93","robots":{"index":"index","follow":"follow","max-snippet":"max-snippet:-1","max-image-preview":"max-image-preview:large","max-video-preview":"max-video-preview:-1"},"canonical":"https:\/\/www.myvize.com.tr\/isvec\/duyurular\/","og_locale":"tr_TR","og_type":"article","og_title":"\u0130sve\u00e7 Vizesi Duyurular\u0131 - MyVize Vize Ba\u015fvuru Merkezi","og_description":"\u0130sve\u00e7 Vizesi Duyurular\u0131 Nelerdir? \u0130sve\u00e7 Konsoloslu\u011fu COV\u0130D19 Duyurular\u0131 Nelerdir? Bilgi \u0130\u00e7in Vize Uzmanlar\u0131m\u0131z\u0131 Aray\u0131n: 0850 346 84 93","og_url":"https:\/\/www.myvize.com.tr\/isvec\/duyurular\/","og_site_name":"\u0130sve\u00e7 Vizesi","article_modified_time":"2022-04-14T12:06:55+00:00","twitter_card":"summary_large_image","twitter_misc":{"Tahmini okuma s\u00fcresi":"3 dakika"},"schema":{"@context":"https:\/\/schema.org","@graph":[{"@type":"WebPage","@id":"https:\/\/www.myvize.com.tr\/isvec\/duyurular\/","url":"https:\/\/www.myvize.com.tr\/isvec\/duyurular\/","name":"\u0130sve\u00e7 Vizesi Duyurular\u0131 - MyVize Vize Ba\u015fvuru Merkezi","isPartOf":{"@id":"https:\/\/www.myvize.com.tr\/isvec\/#website"},"datePublished":"2020-12-24T14:49:53+00:00","dateModified":"2022-04-14T12:06:55+00:00","description":"\u0130sve\u00e7 Vizesi Duyurular\u0131 Nelerdir? \u0130sve\u00e7 Konsoloslu\u011fu COV\u0130D19 Duyurular\u0131 Nelerdir? Bilgi \u0130\u00e7in Vize Uzmanlar\u0131m\u0131z\u0131 Aray\u0131n: 0850 346 84 93","breadcrumb":{"@id":"https:\/\/www.myvize.com.tr\/isvec\/duyurular\/#breadcrumb"},"inLanguage":"tr","potentialAction":[{"@type":"ReadAction","target":["https:\/\/www.myvize.com.tr\/isvec\/duyurular\/"]}]},{"@type":"BreadcrumbList","@id":"https:\/\/www.myvize.com.tr\/isvec\/duyurular\/#breadcrumb","itemListElement":[{"@type":"ListItem","position":1,"name":"Anasayfa","item":"https:\/\/www.myvize.com.tr\/isvec\/"},{"@type":"ListItem","position":2,"name":"DUYURULAR"}]},{"@type":"WebSite","@id":"https:\/\/www.myvize.com.tr\/isvec\/#website","url":"https:\/\/www.myvize.com.tr\/isvec\/","name":"\u0130sve\u00e7 Vizesi","description":"","potentialAction":[{"@type":"SearchAction","target":{"@type":"EntryPoint","urlTemplate":"https:\/\/www.myvize.com.tr\/isvec\/?s={search_term_string}"},"query-input":{"@type":"PropertyValueSpecification","valueRequired":true,"valueName":"search_term_string"}}],"inLanguage":"tr"}]}},"_links":{"self":[{"href":"https:\/\/www.myvize.com.tr\/isvec\/wp-json\/wp\/v2\/pages\/170","targetHints":{"allow":["GET"]}}],"collection":[{"href":"https:\/\/www.myvize.com.tr\/isvec\/wp-json\/wp\/v2\/pages"}],"about":[{"href":"https:\/\/www.myvize.com.tr\/isvec\/wp-json\/wp\/v2\/types\/page"}],"author":[{"embeddable":true,"href":"https:\/\/www.myvize.com.tr\/isvec\/wp-json\/wp\/v2\/users\/1"}],"replies":[{"embeddable":true,"href":"https:\/\/www.myvize.com.tr\/isvec\/wp-json\/wp\/v2\/comments?post=170"}],"version-history":[{"count":9,"href":"https:\/\/www.myvize.com.tr\/isvec\/wp-json\/wp\/v2\/pages\/170\/revisions"}],"predecessor-version":[{"id":781,"href":"https:\/\/www.myvize.com.tr\/isvec\/wp-json\/wp\/v2\/pages\/170\/revisions\/781"}],"wp:attachment":[{"href":"https:\/\/www.myvize.com.tr\/isvec\/wp-json\/wp\/v2\/media?parent=170"}],"curies":[{"name":"wp","href":"https:\/\/api.w.org\/{rel}","templated":true}]}}