{"id":173,"date":"2020-12-24T17:51:51","date_gmt":"2020-12-24T14:51:51","guid":{"rendered":"https:\/\/www.myvize.com.tr\/isvec\/?page_id=173"},"modified":"2022-04-14T13:23:38","modified_gmt":"2022-04-14T10:23:38","slug":"aile-birlesimi","status":"publish","type":"page","link":"https:\/\/www.myvize.com.tr\/isvec\/oturum-2\/aile-birlesimi\/","title":{"rendered":"\u0130sve\u00e7 Aile Birle\u015fimi"},"content":{"rendered":"<h2><span style=\"font-family: Roboto; font-size: 27px;\"><strong>\u0130sve\u00e7 Aile Birle\u015fimi Hakk\u0131nda<\/strong><\/span><\/h2>\n<p><span style=\"font-family: Roboto; font-size: 14px;\">\u0130sve\u00e7\u2019te ya\u015fayan e\u015f veya \u00e7ocuklar\u0131n yan\u0131nda ikamet etme isteyenin almas\u0131 gereken vize t\u00fcr\u00fcnden olan <strong>\u0130sve\u00e7 aile birle\u015fim vizesi<\/strong> hakk\u0131nda merak edilen i\u00e7in yaz\u0131m\u0131z\u0131 okumak devam edebilirsiniz.<\/span><br \/>\n<span style=\"font-family: Roboto; font-size: 14px;\"><strong>Aile birle\u015fim vize<\/strong> i\u00e7in ba\u015fvuruda bulunduktan sonra insan genelde vizenin a\u00e7\u0131klanmak s\u00fcresini merak eder.<strong> \u0130sve\u00e7 aile birle\u015fim<\/strong> bekleme s\u00fcresi 2020 y\u0131l\u0131na 3 ayl\u0131k bir s\u00fcrece tekab\u00fcl\u00fc etmekteydi.<\/span><br \/>\n<span style=\"font-family: Roboto; font-size: 14px;\">Bekleme s\u00fcresi bu sene i\u00e7in de 90 g\u00fcnl\u00fck bir zaman dilimi denk geldi\u011fini s\u00f6yleyebilir.<\/span><br \/>\n<span style=\"font-family: Roboto; font-size: 14px;\">Bu ayn\u0131 zaman <span style=\"color: #2acec2;\"><strong><a style=\"color: #2acec2;\" href=\"https:\/\/www.myvize.com.tr\/isvec\/vize-islemleri\/isvec-aile-birlesimi-vizesi\/\" target=\"_blank\" rel=\"noopener\">\u0130sve\u00e7 aile birle\u015fim vizesi<\/a><\/strong><\/span> ne kadar s\u00fcrelerde \u00e7\u0131kar sorusu yan\u0131t\u0131n\u0131 olu\u015fturmakta.<\/span><br \/>\n<span style=\"font-family: Roboto; font-size: 14px;\">Di\u011fer bir soru \u0130sve\u00e7\u2019te ya\u015fama i\u00e7in ne gerekli sorusu. \u0130sve\u00e7\u2019te ya\u015fama i\u00e7in \u00f6ncelikle uzun s\u00fcre vize t\u00fcr\u00fcnden birine sahip olmas\u0131 gerekir. Bu vize t\u00fcr; e\u011fitim vize olabilir, \u00e7al\u0131\u015fma vize olabilir veya<strong> aile birle\u015fim vizesi<\/strong> olabilir.<\/span><br \/>\n<span style=\"font-family: Roboto; font-size: 14px;\"><strong>\u0130sve\u00e7 vatanda\u015f\u0131<\/strong> ile evlenmek isteyen, daha sonras\u0131 bu yol ile vatanda\u015fl\u0131k haklar\u0131 kazanabilece\u011fini bilmeli. Ancak bunun i\u00e7in ge\u00e7erlilik olan tek \u015fart bu de\u011fil. Ayr\u0131ca <strong>\u0130sve\u00e7 aile birle\u015fim vizesi<\/strong> de \u0130sve\u00e7 vatanda\u015flar\u0131 biri ile evlendikten sonra al\u0131nan bir vize.<\/span><\/p>\n<h2><span style=\"font-family: Roboto; font-size: 27px;\"><strong>\u0130sve\u00e7 Aile Birle\u015fimi ile \u0130lgili<\/strong><\/span><\/h2>\n<p><span style=\"font-family: Roboto; font-size: 14px;\">\u0130sve\u00e7\u2019te ya\u015fayan e\u015f veya \u00e7ocuklar\u0131n yan\u0131nda ikamet etme isteyenin almas\u0131 gereken vize t\u00fcr\u00fcnden olan <strong>\u0130sve\u00e7 aile birle\u015fim vizesi<\/strong> hakk\u0131nda merak edilen i\u00e7in yaz\u0131m\u0131z\u0131 okumak devam edebilirsiniz.<\/span><br \/>\n<span style=\"font-family: Roboto; font-size: 14px;\"><strong>\u0130sve\u00e7 Aile birle\u015fim vize<\/strong> i\u00e7in ba\u015fvuruda bulunduktan sonra insan genelde vizenin a\u00e7\u0131klanmak s\u00fcresini merak eder. \u0130sve\u00e7 aile birle\u015fim bekleme s\u00fcresi 2020 y\u0131l\u0131na 3 ayl\u0131k bir s\u00fcrece tekab\u00fcl\u00fc etmekteydi.<\/span><br \/>\n<span style=\"font-family: Roboto; font-size: 14px;\">Bekleme s\u00fcresi bu sene i\u00e7in de 90 g\u00fcnl\u00fck bir zaman dilimi denk geldi\u011fini s\u00f6yleyebilir.<\/span><br \/>\n<span style=\"font-family: Roboto; font-size: 14px;\">Bu ayn\u0131 zaman <strong>\u0130sve\u00e7 aile birle\u015fim vizesi<\/strong> ne kadar s\u00fcrelerde \u00e7\u0131kar sorusu yan\u0131t\u0131n\u0131 olu\u015fturmakta.<\/span><br \/>\n<span style=\"font-family: Roboto; font-size: 14px;\">Di\u011fer bir soru \u0130sve\u00e7\u2019te ya\u015fama i\u00e7in ne gerekli sorusu. \u0130sve\u00e7\u2019te ya\u015fama i\u00e7in \u00f6ncelikle uzun s\u00fcre vize t\u00fcr\u00fcnden birine sahip olmas\u0131 gerekir. Bu vize t\u00fcr; e\u011fitim vize olabilir, <span style=\"color: #2acec2;\"><strong><a style=\"color: #2acec2;\" href=\"https:\/\/www.myvize.com.tr\/isvec\/oturum-2\/calisma-vizesi\/\" target=\"_blank\" rel=\"noopener\">\u0130sve\u00e7 \u00e7al\u0131\u015fma vizesi<\/a><\/strong><\/span> olabilir veya aile birle\u015fim vizesi olabilir.<\/span><br \/>\n<span style=\"font-family: Roboto; font-size: 14px;\"><strong>\u0130sve\u00e7 vatanda\u015f\u0131<\/strong> ile evlenmek isteyen, daha sonras\u0131 bu yol ile vatanda\u015fl\u0131k haklar\u0131 kazanabilece\u011fini bilmeli. Ancak bunun i\u00e7in ge\u00e7erlilik olan tek \u015fart bu de\u011fil. Ayr\u0131ca <strong>\u0130sve\u00e7 aile birle\u015fim vizesi<\/strong> de \u0130sve\u00e7 vatanda\u015flar\u0131 biri ile evlendikten sonra al\u0131nan bir vize.<\/span><\/p>\n","protected":false},"excerpt":{"rendered":"<p>\u0130sve\u00e7 Aile Birle\u015fimi Hakk\u0131nda \u0130sve\u00e7\u2019te ya\u015fayan e\u015f veya \u00e7ocuklar\u0131n yan\u0131nda ikamet etme isteyenin almas\u0131 gereken vize t\u00fcr\u00fcnden olan \u0130sve\u00e7 aile birle\u015fim vizesi hakk\u0131nda merak edilen i\u00e7in yaz\u0131m\u0131z\u0131 okumak devam edebilirsiniz. Aile birle\u015fim vize i\u00e7in ba\u015fvuruda bulunduktan sonra insan genelde vizenin a\u00e7\u0131klanmak s\u00fcresini merak eder. \u0130sve\u00e7 aile birle\u015fim bekleme s\u00fcresi 2020 y\u0131l\u0131na 3 ayl\u0131k bir s\u00fcrece<\/p>\n","protected":false},"author":1,"featured_media":0,"parent":161,"menu_order":0,"comment_status":"open","ping_status":"closed","template":"","meta":{"footnotes":""},"class_list":["post-173","page","type-page","status-publish","hentry"],"yoast_head":"<!-- This site is optimized with the Yoast SEO plugin v24.0 - https:\/\/yoast.com\/wordpress\/plugins\/seo\/ -->\n<title>\u0130sve\u00e7 Aile Birle\u015fimi Vize \u0130\u015flemleri - MyVize<\/title>\n<meta name=\"description\" content=\"\u0130sve\u00e7 Aile Birle\u015fimi Vizesi Nas\u0131l Al\u0131n\u0131r? \u0130sve\u00e7 Aile Birle\u015fimi Vize Ba\u015fvurusu Nas\u0131l Yap\u0131l\u0131r? \u0130sve\u00e7 Aile Birle\u015fimi Vize \u0130\u015flemleri Nelerdir?\" \/>\n<meta name=\"robots\" content=\"index, follow, max-snippet:-1, max-image-preview:large, max-video-preview:-1\" \/>\n<link rel=\"canonical\" href=\"https:\/\/www.myvize.com.tr\/isvec\/oturum-2\/aile-birlesimi\/\" \/>\n<meta property=\"og:locale\" content=\"tr_TR\" \/>\n<meta property=\"og:type\" content=\"article\" \/>\n<meta property=\"og:title\" content=\"\u0130sve\u00e7 Aile Birle\u015fimi Vize \u0130\u015flemleri - MyVize\" \/>\n<meta property=\"og:description\" content=\"\u0130sve\u00e7 Aile Birle\u015fimi Vizesi Nas\u0131l Al\u0131n\u0131r? \u0130sve\u00e7 Aile Birle\u015fimi Vize Ba\u015fvurusu Nas\u0131l Yap\u0131l\u0131r? \u0130sve\u00e7 Aile Birle\u015fimi Vize \u0130\u015flemleri Nelerdir?\" \/>\n<meta property=\"og:url\" content=\"https:\/\/www.myvize.com.tr\/isvec\/oturum-2\/aile-birlesimi\/\" \/>\n<meta property=\"og:site_name\" content=\"\u0130sve\u00e7 Vizesi\" \/>\n<meta property=\"article:modified_time\" content=\"2022-04-14T10:23:38+00:00\" \/>\n<meta name=\"twitter:card\" content=\"summary_large_image\" \/>\n<meta name=\"twitter:label1\" content=\"Tahmini okuma s\u00fcresi\" \/>\n\t<meta name=\"twitter:data1\" content=\"2 dakika\" \/>\n<script type=\"application\/ld+json\" class=\"yoast-schema-graph\">{\"@context\":\"https:\/\/schema.org\",\"@graph\":[{\"@type\":\"WebPage\",\"@id\":\"https:\/\/www.myvize.com.tr\/isvec\/oturum-2\/aile-birlesimi\/\",\"url\":\"https:\/\/www.myvize.com.tr\/isvec\/oturum-2\/aile-birlesimi\/\",\"name\":\"\u0130sve\u00e7 Aile Birle\u015fimi Vize \u0130\u015flemleri - MyVize\",\"isPartOf\":{\"@id\":\"https:\/\/www.myvize.com.tr\/isvec\/#website\"},\"datePublished\":\"2020-12-24T14:51:51+00:00\",\"dateModified\":\"2022-04-14T10:23:38+00:00\",\"description\":\"\u0130sve\u00e7 Aile Birle\u015fimi Vizesi Nas\u0131l Al\u0131n\u0131r? \u0130sve\u00e7 Aile Birle\u015fimi Vize Ba\u015fvurusu Nas\u0131l Yap\u0131l\u0131r? \u0130sve\u00e7 Aile Birle\u015fimi Vize \u0130\u015flemleri Nelerdir?\",\"breadcrumb\":{\"@id\":\"https:\/\/www.myvize.com.tr\/isvec\/oturum-2\/aile-birlesimi\/#breadcrumb\"},\"inLanguage\":\"tr\",\"potentialAction\":[{\"@type\":\"ReadAction\",\"target\":[\"https:\/\/www.myvize.com.tr\/isvec\/oturum-2\/aile-birlesimi\/\"]}]},{\"@type\":\"BreadcrumbList\",\"@id\":\"https:\/\/www.myvize.com.tr\/isvec\/oturum-2\/aile-birlesimi\/#breadcrumb\",\"itemListElement\":[{\"@type\":\"ListItem\",\"position\":1,\"name\":\"Anasayfa\",\"item\":\"https:\/\/www.myvize.com.tr\/isvec\/\"},{\"@type\":\"ListItem\",\"position\":2,\"name\":\"OTURUM\",\"item\":\"https:\/\/www.myvize.com.tr\/isvec\/oturum-2\/\"},{\"@type\":\"ListItem\",\"position\":3,\"name\":\"\u0130sve\u00e7 Aile Birle\u015fimi\"}]},{\"@type\":\"WebSite\",\"@id\":\"https:\/\/www.myvize.com.tr\/isvec\/#website\",\"url\":\"https:\/\/www.myvize.com.tr\/isvec\/\",\"name\":\"\u0130sve\u00e7 Vizesi\",\"description\":\"\",\"potentialAction\":[{\"@type\":\"SearchAction\",\"target\":{\"@type\":\"EntryPoint\",\"urlTemplate\":\"https:\/\/www.myvize.com.tr\/isvec\/?s={search_term_string}\"},\"query-input\":{\"@type\":\"PropertyValueSpecification\",\"valueRequired\":true,\"valueName\":\"search_term_string\"}}],\"inLanguage\":\"tr\"}]}<\/script>\n<!-- \/ Yoast SEO plugin. -->","yoast_head_json":{"title":"\u0130sve\u00e7 Aile Birle\u015fimi Vize \u0130\u015flemleri - MyVize","description":"\u0130sve\u00e7 Aile Birle\u015fimi Vizesi Nas\u0131l Al\u0131n\u0131r? \u0130sve\u00e7 Aile Birle\u015fimi Vize Ba\u015fvurusu Nas\u0131l Yap\u0131l\u0131r? \u0130sve\u00e7 Aile Birle\u015fimi Vize \u0130\u015flemleri Nelerdir?","robots":{"index":"index","follow":"follow","max-snippet":"max-snippet:-1","max-image-preview":"max-image-preview:large","max-video-preview":"max-video-preview:-1"},"canonical":"https:\/\/www.myvize.com.tr\/isvec\/oturum-2\/aile-birlesimi\/","og_locale":"tr_TR","og_type":"article","og_title":"\u0130sve\u00e7 Aile Birle\u015fimi Vize \u0130\u015flemleri - MyVize","og_description":"\u0130sve\u00e7 Aile Birle\u015fimi Vizesi Nas\u0131l Al\u0131n\u0131r? \u0130sve\u00e7 Aile Birle\u015fimi Vize Ba\u015fvurusu Nas\u0131l Yap\u0131l\u0131r? \u0130sve\u00e7 Aile Birle\u015fimi Vize \u0130\u015flemleri Nelerdir?","og_url":"https:\/\/www.myvize.com.tr\/isvec\/oturum-2\/aile-birlesimi\/","og_site_name":"\u0130sve\u00e7 Vizesi","article_modified_time":"2022-04-14T10:23:38+00:00","twitter_card":"summary_large_image","twitter_misc":{"Tahmini okuma s\u00fcresi":"2 dakika"},"schema":{"@context":"https:\/\/schema.org","@graph":[{"@type":"WebPage","@id":"https:\/\/www.myvize.com.tr\/isvec\/oturum-2\/aile-birlesimi\/","url":"https:\/\/www.myvize.com.tr\/isvec\/oturum-2\/aile-birlesimi\/","name":"\u0130sve\u00e7 Aile Birle\u015fimi Vize \u0130\u015flemleri - MyVize","isPartOf":{"@id":"https:\/\/www.myvize.com.tr\/isvec\/#website"},"datePublished":"2020-12-24T14:51:51+00:00","dateModified":"2022-04-14T10:23:38+00:00","description":"\u0130sve\u00e7 Aile Birle\u015fimi Vizesi Nas\u0131l Al\u0131n\u0131r? \u0130sve\u00e7 Aile Birle\u015fimi Vize Ba\u015fvurusu Nas\u0131l Yap\u0131l\u0131r? \u0130sve\u00e7 Aile Birle\u015fimi Vize \u0130\u015flemleri Nelerdir?","breadcrumb":{"@id":"https:\/\/www.myvize.com.tr\/isvec\/oturum-2\/aile-birlesimi\/#breadcrumb"},"inLanguage":"tr","potentialAction":[{"@type":"ReadAction","target":["https:\/\/www.myvize.com.tr\/isvec\/oturum-2\/aile-birlesimi\/"]}]},{"@type":"BreadcrumbList","@id":"https:\/\/www.myvize.com.tr\/isvec\/oturum-2\/aile-birlesimi\/#breadcrumb","itemListElement":[{"@type":"ListItem","position":1,"name":"Anasayfa","item":"https:\/\/www.myvize.com.tr\/isvec\/"},{"@type":"ListItem","position":2,"name":"OTURUM","item":"https:\/\/www.myvize.com.tr\/isvec\/oturum-2\/"},{"@type":"ListItem","position":3,"name":"\u0130sve\u00e7 Aile Birle\u015fimi"}]},{"@type":"WebSite","@id":"https:\/\/www.myvize.com.tr\/isvec\/#website","url":"https:\/\/www.myvize.com.tr\/isvec\/","name":"\u0130sve\u00e7 Vizesi","description":"","potentialAction":[{"@type":"SearchAction","target":{"@type":"EntryPoint","urlTemplate":"https:\/\/www.myvize.com.tr\/isvec\/?s={search_term_string}"},"query-input":{"@type":"PropertyValueSpecification","valueRequired":true,"valueName":"search_term_string"}}],"inLanguage":"tr"}]}},"_links":{"self":[{"href":"https:\/\/www.myvize.com.tr\/isvec\/wp-json\/wp\/v2\/pages\/173","targetHints":{"allow":["GET"]}}],"collection":[{"href":"https:\/\/www.myvize.com.tr\/isvec\/wp-json\/wp\/v2\/pages"}],"about":[{"href":"https:\/\/www.myvize.com.tr\/isvec\/wp-json\/wp\/v2\/types\/page"}],"author":[{"embeddable":true,"href":"https:\/\/www.myvize.com.tr\/isvec\/wp-json\/wp\/v2\/users\/1"}],"replies":[{"embeddable":true,"href":"https:\/\/www.myvize.com.tr\/isvec\/wp-json\/wp\/v2\/comments?post=173"}],"version-history":[{"count":5,"href":"https:\/\/www.myvize.com.tr\/isvec\/wp-json\/wp\/v2\/pages\/173\/revisions"}],"predecessor-version":[{"id":756,"href":"https:\/\/www.myvize.com.tr\/isvec\/wp-json\/wp\/v2\/pages\/173\/revisions\/756"}],"up":[{"embeddable":true,"href":"https:\/\/www.myvize.com.tr\/isvec\/wp-json\/wp\/v2\/pages\/161"}],"wp:attachment":[{"href":"https:\/\/www.myvize.com.tr\/isvec\/wp-json\/wp\/v2\/media?parent=173"}],"curies":[{"name":"wp","href":"https:\/\/api.w.org\/{rel}","templated":true}]}}