{"id":18,"date":"2020-11-30T08:50:13","date_gmt":"2020-11-30T05:50:13","guid":{"rendered":"https:\/\/www.myvize.com.tr\/isvec\/?page_id=18"},"modified":"2022-04-13T22:19:37","modified_gmt":"2022-04-13T19:19:37","slug":"vize-islemleri","status":"publish","type":"page","link":"https:\/\/www.myvize.com.tr\/isvec\/vize-islemleri\/","title":{"rendered":"V\u0130ZE \u0130\u015eLEMLER\u0130"},"content":{"rendered":"<p><span style=\"font-family: Roboto;\"><\/span><\/p>\r\n<p><span style=\"font-family: Roboto; font-size: 14px;\">Resmi ismi<strong> \u0130sve\u00e7 Krall\u0131\u011f\u0131<\/strong> olan ve Avrupa\u2019da yer alan \u0130sve\u00e7, T\u00fcrkiye\u2019den bir\u00e7ok ki\u015fi taraf\u0131ndan ziyaret ediliyor. \u00dclkeye ziyaret etmeyi planlayan ki\u015filer farkl\u0131 vize t\u00fcrlerinden birine ba\u015fvuru yapabilirler. \u0130sve\u00e7 Umuma Mahsus pasaport hamillerinin tamam\u0131ndan vize talebinde bulunuyor. Buna kar\u015f\u0131l\u0131k di\u011fer pasaportu olan ki\u015filerden 180 g\u00fcnl\u00fck s\u00fcre i\u00e7erisinde 90 g\u00fcn\u00fc a\u015fmayacak \u015fekilde vize istenmiyor. Vize t\u00fcrlerine g\u00f6re ki\u015filerin mutlaka \u00e7e\u015fitli evraklar\u0131 haz\u0131rlamas\u0131 gereklidir. Vize t\u00fcrleri \u015funlard\u0131r:<\/span><\/p>\r\n<p><span style=\"font-family: Roboto; font-size: 14px;\">\r\n\r\n<\/span><\/p>\r\n<p><span style=\"font-family: Roboto; font-size: 14px;\">l <span style=\"color: #2acec2;\"><strong><a style=\"color: #2acec2;\" href=\"https:\/\/www.myvize.com.tr\/isvec\/vize-islemleri\/isvec-ticari-vize\/\" target=\"_blank\" rel=\"noopener\">\u0130sve\u00e7 ticari vize<\/a><\/strong><\/span><\/span><\/p>\r\n<p><span style=\"font-family: Roboto; font-size: 14px;\">\r\n\r\n<\/span><\/p>\r\n<p><span style=\"font-family: Roboto; font-size: 14px;\">l \u0130sve\u00e7 aile ziyareti vizesi<\/span><\/p>\r\n<p><span style=\"font-family: Roboto; font-size: 14px;\">\r\n\r\n<\/span><\/p>\r\n<p><span style=\"font-family: Roboto; font-size: 14px;\">l \u0130sve\u00e7 transit vize<\/span><\/p>\r\n<p><span style=\"font-family: Roboto; font-size: 14px;\">\r\n\r\n<\/span><\/p>\r\n<p><span style=\"font-family: Roboto; font-size: 14px;\">l \u0130sve\u00e7 turistik vize<\/span><\/p>\r\n<p><span style=\"font-family: Roboto; font-size: 14px;\">\r\n\r\n<\/span><\/p>\r\n<p><span style=\"font-family: Roboto; font-size: 14px;\">Bu vize t\u00fcrleri ki\u015filerin seyahat ama\u00e7lar\u0131na uygun olarak se\u00e7ilmesi gereken vizelerdir. Seyahat amac\u0131na uygun olmayan bir vize t\u00fcr\u00fc se\u00e7mek<span style=\"color: #2acec2;\"><strong><a style=\"color: #2acec2;\" href=\"https:\/\/www.myvize.com.tr\/isvec\/vize-islemleri\/isvec-vize-reddi\/\" target=\"_blank\" rel=\"noopener\"> \u0130sve\u00e7 vize reddi<\/a><\/strong><\/span> ile kar\u015f\u0131la\u015fman\u0131za neden olabiliyor.<\/span><\/p>\r\n<p><span style=\"font-family: Roboto; font-size: 14px;\">\r\n\r\n<\/span><\/p>\r\n<h2><span style=\"font-family: Roboto; font-size: 27px;\"><strong>\u0130sve\u00e7 Vize Ba\u015fvurular\u0131<\/strong><\/span><\/h2>\r\n<p><span style=\"font-family: Roboto; font-size: 14px;\">\r\n\r\n<\/span><\/p>\r\n<p><span style=\"font-family: Roboto; font-size: 14px;\"><strong>\u0130sve\u00e7 vize ba\u015fvurusu<\/strong> yapacak ki\u015filerin g\u00fcncel evraklar\u0131n\u0131 haz\u0131rlad\u0131ktan sonra vize merkezleri arac\u0131l\u0131\u011f\u0131 ile vizelerini alabilirler. Ancak uzun s\u00fcreli vize ba\u015fvurusu yapmay\u0131 d\u00fc\u015f\u00fcn\u00fcyorsan\u0131z mutlaka \u0130sve\u00e7 Konsoloslu\u011fu\u2019na ya da Ankara\u2019da bulunan \u0130sve\u00e7 B\u00fcy\u00fckel\u00e7ili\u011fi\u2019ne ba\u015fvurman\u0131z gereklidir.<\/span><\/p>\r\n<p><span style=\"font-family: Roboto; font-size: 14px;\"> <img decoding=\"async\" src=\"https:\/\/www.myvize.com.tr\/isvec\/wp-content\/uploads\/2021\/10\/2.jpg\" \/> <\/span><\/p>\r\n<h2><span style=\"font-family: Roboto; font-size: 27px;\"><strong>\u0130sve\u00e7 Vizesinde Hangi Belgeler \u0130stenir?<\/strong><\/span><\/h2>\r\n<p><span style=\"font-family: Roboto; font-size: 14px;\">\r\n\r\n<\/span><\/p>\r\n<p><span style=\"font-family: Roboto; font-size: 14px;\">\u0130sve\u00e7 vizesinde istenilen belge t\u00fcrleri olduk\u00e7a \u00e7e\u015fitlidir. Ki\u015filer vize t\u00fcrlerine, \u00e7al\u0131\u015fma durumlar\u0131na g\u00f6re evrak haz\u0131rlamak zorundad\u0131rlar. Evrak listesinde standart belgeler ise \u015fu \u015fekildedir: Pasaport, ba\u015fvuru formu, seyahat sa\u011fl\u0131k sigortas\u0131, otel ve u\u00e7ak rezervasyonlar\u0131, banka hesap d\u00f6k\u00fcmleri, n\u00fcfus c\u00fczdan fotokopisi, dilek\u00e7e ve davetiyedir. Bunlar\u0131n yan\u0131nda ya\u015f\u0131 k\u00fc\u00e7\u00fckler i\u00e7in ailenin onay\u0131n\u0131 g\u00f6steren noter onayl\u0131 izin belgesi gereklidir. \u00c7al\u0131\u015fan, emekli, \u00f6\u011frenci, i\u015fveren ki\u015filerin kendi durumlar\u0131na \u00f6zel belgeleri de dosyaya eklemesi gereken durumlardand\u0131r.<strong> \u0130sve\u00e7 vizesi<\/strong> i\u00e7in ki\u015filerin banka hesap d\u00f6k\u00fcmlerini ve finansal belgelerini de belirtmesi gereklidir.<\/span><\/p>\r\n<p><span style=\"font-family: Roboto; font-size: 14px;\">\r\n\r\n<\/span><\/p>\r\n<h2><span style=\"font-family: Roboto; font-size: 27px;\"><strong>\u0130sve\u00e7 Vize \u00dccretleri<\/strong><\/span><\/h2>\r\n<p><span style=\"font-family: Roboto; font-size: 14px;\">\r\n\r\n<\/span><\/p>\r\n<p><span style=\"font-family: Roboto; font-size: 14px;\"><strong>\u0130sve\u00e7 vize \u00fccretleri<\/strong> her y\u0131l konsolosluklar taraf\u0131ndan g\u00fcncelleniyor ve vizenin t\u00fcr\u00fcne g\u00f6re bu \u00fccretler de\u011fi\u015fiyor. Vize \u00fccretleri giri\u015f say\u0131s\u0131na, uzun ya da k\u0131sa olmas\u0131na, vizenin t\u00fcr\u00fcne g\u00f6re belirleniyor. Vize evraklar\u0131 teslim edildikten sonra 5 ve 7 i\u015f g\u00fcn\u00fc i\u00e7erisinde vizenizi alabilirsiniz.<\/span><\/p>\r\n<h2><span style=\"font-family: Roboto; font-size: 27px;\"><b>\u0130sve\u00e7 Vize \u0130\u015flemleri Nas\u0131l Yap\u0131l\u0131r?<\/b><\/span><\/h2>\r\n<p><span style=\"font-family: Roboto; font-size: 14px;\"><span style=\"color: #2acec2;\"><strong><a style=\"color: #2acec2;\" href=\"https:\/\/www.myvize.com.tr\/isvec\/vize-islemleri\/isvec-vizesi\/\" target=\"_blank\" rel=\"noopener\">\u0130sve\u00e7 vizesi<\/a><\/strong><\/span> de\u011ferlendirmesi sonu\u00e7land\u0131r\u0131lmas\u0131nda yetkili tek makam\u0131 <strong>\u0130sve\u00e7 Konsoloslu\u011fu<\/strong> fakat ba\u015fvuru belgelerinin kabul\u00fc akreditasyon sahipleri vize ba\u015fvuru merkezi, seyahat acentesi arac\u0131l\u0131\u011f\u0131yla yap\u0131labilmekte ve bu kurumun vize s\u00fcresi ve sonu\u00e7lar\u0131 hakk\u0131nda a\u00e7\u0131klama yetkileri bulunmamaktad\u0131r.<\/span><br \/><span style=\"font-family: Roboto; font-size: 14px;\"><strong>\u0130sve\u00e7 Konsoloslu\u011fu vizesi<\/strong> ba\u015fvuru i\u015flemimde vize ba\u015fvurusu onay ya da ret veren ve ayn\u0131 zamanda vize s\u00fcresi de karar veren tek kurum. <strong>\u0130sve\u00e7 Konsoloslu\u011fu<\/strong> harici vize i\u015flemi yapan akredite seyahat acentesi ve vize ba\u015fvuru merkezinin vize sonucu istinaden bildirimde bulunma ve karar vermeye yetkisi yoktur. K\u0131sa s\u00fcre yani 3 ay\u0131 ge\u00e7meyen \u0130sve\u00e7 seyahati i\u00e7in <strong>\u0130sve\u00e7<\/strong> <strong>Schengen vize<\/strong> ba\u015fvurusu yap\u0131l\u0131rken, oturma izni, \u00e7al\u0131\u015fma izni ve uzun s\u00fcre e\u011fitim gibi seyahat amac\u0131 olan ki\u015fi uzun s\u00fcre vize, ulusal vizesi ve <strong>\u0130sve\u00e7 D vize<\/strong> ba\u015fvuru i\u015flemini direkt olarak<strong> \u0130sve\u00e7 Konsolosluklar\u0131na<\/strong> yapmas\u0131 gerekmektedir. Diplomatik, uluslararas\u0131 servis eleman, yurt d\u0131\u015f\u0131 g\u00f6revi, \u00e7ift\u00e7i, t\u0131r \u015fof\u00f6r ya da herhangi bir ticaret firmas\u0131na \u00e7al\u0131\u015f\u0131yorsan\u0131z buna uygun \u015fekilde d\u00fczenlenmi\u015f belge bulundurman\u0131z gerekiyor. Belge detay\u0131n\u0131n randevu s\u00fcrecinden \u00f6nce size iletilmesi gerek.<\/span><\/p>\r\n<p><span style=\"font-family: Roboto;\"><\/span><\/p>","protected":false},"excerpt":{"rendered":"<p>Resmi ismi \u0130sve\u00e7 Krall\u0131\u011f\u0131 olan ve Avrupa\u2019da yer alan \u0130sve\u00e7, T\u00fcrkiye\u2019den bir\u00e7ok ki\u015fi taraf\u0131ndan ziyaret ediliyor. \u00dclkeye ziyaret etmeyi planlayan ki\u015filer farkl\u0131 vize t\u00fcrlerinden birine ba\u015fvuru yapabilirler. \u0130sve\u00e7 Umuma Mahsus pasaport hamillerinin tamam\u0131ndan vize talebinde bulunuyor. Buna kar\u015f\u0131l\u0131k di\u011fer pasaportu olan ki\u015filerden 180 g\u00fcnl\u00fck s\u00fcre i\u00e7erisinde 90 g\u00fcn\u00fc a\u015fmayacak \u015fekilde vize istenmiyor. Vize t\u00fcrlerine g\u00f6re<\/p>\n","protected":false},"author":1,"featured_media":0,"parent":0,"menu_order":0,"comment_status":"open","ping_status":"closed","template":"","meta":{"footnotes":""},"class_list":["post-18","page","type-page","status-publish","hentry"],"yoast_head":"<!-- This site is optimized with the Yoast SEO plugin v24.0 - https:\/\/yoast.com\/wordpress\/plugins\/seo\/ -->\n<title>\u0130sve\u00e7 Vize \u0130\u015flemleri Nelerdir? - MyVize Vize Ba\u015fvuru Merkezi<\/title>\n<meta name=\"description\" content=\"\u0130sve\u00e7 Vize \u0130\u015flemleri Nas\u0131l Yap\u0131l\u0131r? \u0130sve\u00e7 Vize \u0130\u015flemleri \u0130\u00e7in Gerekli Evraklar Nelerdir? \u0130sve\u00e7 Vize \u0130\u015flemleri 2022 G\u00fcncel Bilgileri Nelerdir?\" \/>\n<meta name=\"robots\" content=\"index, follow, max-snippet:-1, max-image-preview:large, max-video-preview:-1\" \/>\n<link rel=\"canonical\" href=\"https:\/\/www.myvize.com.tr\/isvec\/vize-islemleri\/\" \/>\n<meta property=\"og:locale\" content=\"tr_TR\" \/>\n<meta property=\"og:type\" content=\"article\" \/>\n<meta property=\"og:title\" content=\"\u0130sve\u00e7 Vize \u0130\u015flemleri Nelerdir? - MyVize Vize Ba\u015fvuru Merkezi\" \/>\n<meta property=\"og:description\" content=\"\u0130sve\u00e7 Vize \u0130\u015flemleri Nas\u0131l Yap\u0131l\u0131r? \u0130sve\u00e7 Vize \u0130\u015flemleri \u0130\u00e7in Gerekli Evraklar Nelerdir? \u0130sve\u00e7 Vize \u0130\u015flemleri 2022 G\u00fcncel Bilgileri Nelerdir?\" \/>\n<meta property=\"og:url\" content=\"https:\/\/www.myvize.com.tr\/isvec\/vize-islemleri\/\" \/>\n<meta property=\"og:site_name\" content=\"\u0130sve\u00e7 Vizesi\" \/>\n<meta property=\"article:modified_time\" content=\"2022-04-13T19:19:37+00:00\" \/>\n<meta property=\"og:image\" content=\"https:\/\/www.myvize.com.tr\/isvec\/wp-content\/uploads\/2021\/10\/2.jpg\" \/>\n<meta name=\"twitter:card\" content=\"summary_large_image\" \/>\n<meta name=\"twitter:label1\" content=\"Tahmini okuma s\u00fcresi\" \/>\n\t<meta name=\"twitter:data1\" content=\"3 dakika\" \/>\n<script type=\"application\/ld+json\" class=\"yoast-schema-graph\">{\"@context\":\"https:\/\/schema.org\",\"@graph\":[{\"@type\":\"WebPage\",\"@id\":\"https:\/\/www.myvize.com.tr\/isvec\/vize-islemleri\/\",\"url\":\"https:\/\/www.myvize.com.tr\/isvec\/vize-islemleri\/\",\"name\":\"\u0130sve\u00e7 Vize \u0130\u015flemleri Nelerdir? - MyVize Vize Ba\u015fvuru Merkezi\",\"isPartOf\":{\"@id\":\"https:\/\/www.myvize.com.tr\/isvec\/#website\"},\"primaryImageOfPage\":{\"@id\":\"https:\/\/www.myvize.com.tr\/isvec\/vize-islemleri\/#primaryimage\"},\"image\":{\"@id\":\"https:\/\/www.myvize.com.tr\/isvec\/vize-islemleri\/#primaryimage\"},\"thumbnailUrl\":\"https:\/\/www.myvize.com.tr\/isvec\/wp-content\/uploads\/2021\/10\/2.jpg\",\"datePublished\":\"2020-11-30T05:50:13+00:00\",\"dateModified\":\"2022-04-13T19:19:37+00:00\",\"description\":\"\u0130sve\u00e7 Vize \u0130\u015flemleri Nas\u0131l Yap\u0131l\u0131r? \u0130sve\u00e7 Vize \u0130\u015flemleri \u0130\u00e7in Gerekli Evraklar Nelerdir? \u0130sve\u00e7 Vize \u0130\u015flemleri 2022 G\u00fcncel Bilgileri Nelerdir?\",\"breadcrumb\":{\"@id\":\"https:\/\/www.myvize.com.tr\/isvec\/vize-islemleri\/#breadcrumb\"},\"inLanguage\":\"tr\",\"potentialAction\":[{\"@type\":\"ReadAction\",\"target\":[\"https:\/\/www.myvize.com.tr\/isvec\/vize-islemleri\/\"]}]},{\"@type\":\"ImageObject\",\"inLanguage\":\"tr\",\"@id\":\"https:\/\/www.myvize.com.tr\/isvec\/vize-islemleri\/#primaryimage\",\"url\":\"https:\/\/www.myvize.com.tr\/isvec\/wp-content\/uploads\/2021\/10\/2.jpg\",\"contentUrl\":\"https:\/\/www.myvize.com.tr\/isvec\/wp-content\/uploads\/2021\/10\/2.jpg\",\"width\":800,\"height\":500,\"caption\":\"\u0130sve\u00e7 Vize \u0130\u015flemleri\"},{\"@type\":\"BreadcrumbList\",\"@id\":\"https:\/\/www.myvize.com.tr\/isvec\/vize-islemleri\/#breadcrumb\",\"itemListElement\":[{\"@type\":\"ListItem\",\"position\":1,\"name\":\"Anasayfa\",\"item\":\"https:\/\/www.myvize.com.tr\/isvec\/\"},{\"@type\":\"ListItem\",\"position\":2,\"name\":\"V\u0130ZE \u0130\u015eLEMLER\u0130\"}]},{\"@type\":\"WebSite\",\"@id\":\"https:\/\/www.myvize.com.tr\/isvec\/#website\",\"url\":\"https:\/\/www.myvize.com.tr\/isvec\/\",\"name\":\"\u0130sve\u00e7 Vizesi\",\"description\":\"\",\"potentialAction\":[{\"@type\":\"SearchAction\",\"target\":{\"@type\":\"EntryPoint\",\"urlTemplate\":\"https:\/\/www.myvize.com.tr\/isvec\/?s={search_term_string}\"},\"query-input\":{\"@type\":\"PropertyValueSpecification\",\"valueRequired\":true,\"valueName\":\"search_term_string\"}}],\"inLanguage\":\"tr\"}]}<\/script>\n<!-- \/ Yoast SEO plugin. -->","yoast_head_json":{"title":"\u0130sve\u00e7 Vize \u0130\u015flemleri Nelerdir? - MyVize Vize Ba\u015fvuru Merkezi","description":"\u0130sve\u00e7 Vize \u0130\u015flemleri Nas\u0131l Yap\u0131l\u0131r? \u0130sve\u00e7 Vize \u0130\u015flemleri \u0130\u00e7in Gerekli Evraklar Nelerdir? \u0130sve\u00e7 Vize \u0130\u015flemleri 2022 G\u00fcncel Bilgileri Nelerdir?","robots":{"index":"index","follow":"follow","max-snippet":"max-snippet:-1","max-image-preview":"max-image-preview:large","max-video-preview":"max-video-preview:-1"},"canonical":"https:\/\/www.myvize.com.tr\/isvec\/vize-islemleri\/","og_locale":"tr_TR","og_type":"article","og_title":"\u0130sve\u00e7 Vize \u0130\u015flemleri Nelerdir? - MyVize Vize Ba\u015fvuru Merkezi","og_description":"\u0130sve\u00e7 Vize \u0130\u015flemleri Nas\u0131l Yap\u0131l\u0131r? \u0130sve\u00e7 Vize \u0130\u015flemleri \u0130\u00e7in Gerekli Evraklar Nelerdir? \u0130sve\u00e7 Vize \u0130\u015flemleri 2022 G\u00fcncel Bilgileri Nelerdir?","og_url":"https:\/\/www.myvize.com.tr\/isvec\/vize-islemleri\/","og_site_name":"\u0130sve\u00e7 Vizesi","article_modified_time":"2022-04-13T19:19:37+00:00","og_image":[{"url":"https:\/\/www.myvize.com.tr\/isvec\/wp-content\/uploads\/2021\/10\/2.jpg","type":"","width":"","height":""}],"twitter_card":"summary_large_image","twitter_misc":{"Tahmini okuma s\u00fcresi":"3 dakika"},"schema":{"@context":"https:\/\/schema.org","@graph":[{"@type":"WebPage","@id":"https:\/\/www.myvize.com.tr\/isvec\/vize-islemleri\/","url":"https:\/\/www.myvize.com.tr\/isvec\/vize-islemleri\/","name":"\u0130sve\u00e7 Vize \u0130\u015flemleri Nelerdir? - MyVize Vize Ba\u015fvuru Merkezi","isPartOf":{"@id":"https:\/\/www.myvize.com.tr\/isvec\/#website"},"primaryImageOfPage":{"@id":"https:\/\/www.myvize.com.tr\/isvec\/vize-islemleri\/#primaryimage"},"image":{"@id":"https:\/\/www.myvize.com.tr\/isvec\/vize-islemleri\/#primaryimage"},"thumbnailUrl":"https:\/\/www.myvize.com.tr\/isvec\/wp-content\/uploads\/2021\/10\/2.jpg","datePublished":"2020-11-30T05:50:13+00:00","dateModified":"2022-04-13T19:19:37+00:00","description":"\u0130sve\u00e7 Vize \u0130\u015flemleri Nas\u0131l Yap\u0131l\u0131r? \u0130sve\u00e7 Vize \u0130\u015flemleri \u0130\u00e7in Gerekli Evraklar Nelerdir? \u0130sve\u00e7 Vize \u0130\u015flemleri 2022 G\u00fcncel Bilgileri Nelerdir?","breadcrumb":{"@id":"https:\/\/www.myvize.com.tr\/isvec\/vize-islemleri\/#breadcrumb"},"inLanguage":"tr","potentialAction":[{"@type":"ReadAction","target":["https:\/\/www.myvize.com.tr\/isvec\/vize-islemleri\/"]}]},{"@type":"ImageObject","inLanguage":"tr","@id":"https:\/\/www.myvize.com.tr\/isvec\/vize-islemleri\/#primaryimage","url":"https:\/\/www.myvize.com.tr\/isvec\/wp-content\/uploads\/2021\/10\/2.jpg","contentUrl":"https:\/\/www.myvize.com.tr\/isvec\/wp-content\/uploads\/2021\/10\/2.jpg","width":800,"height":500,"caption":"\u0130sve\u00e7 Vize \u0130\u015flemleri"},{"@type":"BreadcrumbList","@id":"https:\/\/www.myvize.com.tr\/isvec\/vize-islemleri\/#breadcrumb","itemListElement":[{"@type":"ListItem","position":1,"name":"Anasayfa","item":"https:\/\/www.myvize.com.tr\/isvec\/"},{"@type":"ListItem","position":2,"name":"V\u0130ZE \u0130\u015eLEMLER\u0130"}]},{"@type":"WebSite","@id":"https:\/\/www.myvize.com.tr\/isvec\/#website","url":"https:\/\/www.myvize.com.tr\/isvec\/","name":"\u0130sve\u00e7 Vizesi","description":"","potentialAction":[{"@type":"SearchAction","target":{"@type":"EntryPoint","urlTemplate":"https:\/\/www.myvize.com.tr\/isvec\/?s={search_term_string}"},"query-input":{"@type":"PropertyValueSpecification","valueRequired":true,"valueName":"search_term_string"}}],"inLanguage":"tr"}]}},"_links":{"self":[{"href":"https:\/\/www.myvize.com.tr\/isvec\/wp-json\/wp\/v2\/pages\/18","targetHints":{"allow":["GET"]}}],"collection":[{"href":"https:\/\/www.myvize.com.tr\/isvec\/wp-json\/wp\/v2\/pages"}],"about":[{"href":"https:\/\/www.myvize.com.tr\/isvec\/wp-json\/wp\/v2\/types\/page"}],"author":[{"embeddable":true,"href":"https:\/\/www.myvize.com.tr\/isvec\/wp-json\/wp\/v2\/users\/1"}],"replies":[{"embeddable":true,"href":"https:\/\/www.myvize.com.tr\/isvec\/wp-json\/wp\/v2\/comments?post=18"}],"version-history":[{"count":6,"href":"https:\/\/www.myvize.com.tr\/isvec\/wp-json\/wp\/v2\/pages\/18\/revisions"}],"predecessor-version":[{"id":738,"href":"https:\/\/www.myvize.com.tr\/isvec\/wp-json\/wp\/v2\/pages\/18\/revisions\/738"}],"wp:attachment":[{"href":"https:\/\/www.myvize.com.tr\/isvec\/wp-json\/wp\/v2\/media?parent=18"}],"curies":[{"name":"wp","href":"https:\/\/api.w.org\/{rel}","templated":true}]}}