{"id":181,"date":"2020-12-24T17:53:19","date_gmt":"2020-12-24T14:53:19","guid":{"rendered":"https:\/\/www.myvize.com.tr\/isvec\/?page_id=181"},"modified":"2022-03-14T15:08:55","modified_gmt":"2022-03-14T12:08:55","slug":"cocuklara-isvec-vatandasligi","status":"publish","type":"page","link":"https:\/\/www.myvize.com.tr\/isvec\/vatandaslik\/cocuklara-isvec-vatandasligi\/","title":{"rendered":"\u0130sve\u00e7 \u00c7ocuklara \u0130sve\u00e7 Vatanda\u015fl\u0131\u011f\u0131"},"content":{"rendered":"<h2><span style=\"font-family: Roboto; font-size: 27px;\"><strong>\u0130sve\u00e7 \u00c7ocuklara \u0130sve\u00e7 Vatanda\u015fl\u0131\u011f\u0131 Hakk\u0131nda<\/strong><\/span><\/h2>\n<p><span style=\"font-family: Roboto; font-size: 14px;\">\u0130sve\u00e7\u2019te birka\u00e7 y\u0131l ya\u015fad\u0131\u011f\u0131nda<strong> \u0130sve\u00e7 vatanda\u015fl\u0131\u011fa<\/strong> ba\u015fvuru yapabilirsiniz.<strong> \u0130sve\u00e7 vatanda\u015fl\u0131k<\/strong> devlet ve vatanda\u015f aras\u0131na yasal bir s\u00f6zle\u015fme olu\u015fturmakta. Vatanda\u015fl\u0131k \u0130sve\u00e7 ile olan yak\u0131nl\u0131k g\u00fc\u00e7lendirir ve \u0130sve\u00e7 halk\u0131 birle\u015ftirir. Toplumun resm\u00ee bir \u00fcyesi olmas\u0131 \u0130sve\u00e7 demokrasisi temelini olu\u015fturur. Vatanda\u015fl\u0131\u011f\u0131n\u0131n tan\u0131m\u0131 genellikle bir bireyler ile bir devlet aras\u0131ndaki hak ve y\u00fck\u00fcml\u00fcl\u00fck a\u00e7\u0131s\u0131ndan resm\u00ee bir ili\u015fki olarak tan\u0131mlan\u0131rlar.<\/span><br \/>\n<span style=\"font-family: Roboto; font-size: 14px;\">Yaln\u0131zca \u0130sve\u00e7 vatanda\u015f\u0131n\u0131n \u0130sve\u00e7\u2019te ya\u015fama ve \u00e7al\u0131\u015fma i\u00e7in bir hakk\u0131 vard\u0131r ve \u0130sve\u00e7li vatanda\u015f\u0131n \u0130sve\u00e7 se\u00e7iminde oy kullanma hakk\u0131 bulunmakta. \u0130sve\u00e7 parlamentosuna yaln\u0131zca \u0130sve\u00e7 vatanda\u015f\u0131 se\u00e7ilebilir. Polis ya da silahl\u0131 kuvvete sadece<strong> \u0130sve\u00e7 vatanda\u015f\u0131<\/strong> kat\u0131labilir. Yaln\u0131zca <strong>\u0130sve\u00e7 vatanda\u015f\u0131<\/strong> i\u00e7in kullan\u0131labilen ba\u015fka di\u011fer meslek de vard\u0131r. Bir \u0130sve\u00e7 vatanda\u015f\u0131 olarak di\u011fer Avrupa Birli\u011fine \u00fcye \u00fclkesinde \u00e7al\u0131\u015fma istiyorsan\u0131z buna daha kolay ula\u015fabilirsiniz.<\/span><br \/>\n<span style=\"font-family: Roboto; font-size: 14px;\">Bununla beraber s\u00fcrekli oturum izni sahip olan ve \u0130sve\u00e7\u2019te kay\u0131tl\u0131 yabanc\u0131 vatanda\u015f \u0130sve\u00e7 vatanda\u015f\u0131 i\u015fe ayn\u0131 hak ve y\u00fck\u00fcml\u00fcl\u00fck sahiptir.<\/span><br \/>\n<span style=\"font-family: Roboto; font-size: 14px;\">\u0130sve\u00e7 Devleti, \u00e7ifte vatanda\u015fl\u0131klara izin vermektedir. \u00c7ifte vatanda\u015fl\u0131k birden \u00e7ok \u00fclkede vatanda\u015f olmas\u0131 anlam\u0131na gelmektedir.<\/span><\/p>\n<p><span style=\"font-family: Roboto; font-size: 14px;\"><span style=\"color: #2acec2;\"><strong><a style=\"color: #2acec2;\" href=\"https:\/\/www.myvize.com.tr\/isvec\/vize-islemleri\/isvec-vatandaslik-islemleri\/\" target=\"_blank\" rel=\"noopener\">\u0130sve\u00e7 Vatanda\u015fl\u0131k \u0130\u015flemleri<\/a><\/strong><\/span> ile ilgili bilgi almak i\u00e7in aray\u0131n.<\/span><\/p>\n<h2><strong><span style=\"font-family: Roboto; font-size: 27px;\">\u0130sve\u00e7 \u00c7ocuklara \u0130sve\u00e7 Vatanda\u015fl\u0131\u011f\u0131 \u0130\u015flemleri<\/span><\/strong><\/h2>\n<p><span style=\"font-family: Roboto; font-size: 14px;\"><strong>\u0130sve\u00e7 \u00e7ocuklara vatanda\u015fl\u0131k<\/strong> vermektedir. \u00c7ocuklar\u0131na \u0130sve\u00e7 vatanda\u015fl\u0131\u011f\u0131 alacak olan ki\u015filer, \u0130sve\u00e7 \u00e7ocuklar i\u00e7in vatanda\u015fl\u0131k i\u015flemleri hakk\u0131nda ara\u015ft\u0131rma yapmaktad\u0131r. Bu yaz\u0131da \u0130sve\u00e7 \u00e7ocuklara \u0130sve\u00e7 vatanda\u015fl\u0131\u011f\u0131 i\u015flemleri hakk\u0131nda bilgi verilmi\u015ftir.<\/span><\/p>\n<p><span style=\"font-family: Roboto; font-size: 14px;\">\u0130sve\u00e7\u2019te \u00e7ocuklar; do\u011fum, evlat edinme ya da ebeveynlerin evlili\u011fine ba\u011fl\u0131 olarak vatanda\u015fl\u0131k alabilmektedir. \u00c7ocu\u011fun direkt olarak \u0130sve\u00e7 vatanda\u015fl\u0131\u011f\u0131 olmad\u0131\u011f\u0131 durumlarda, \u0130sve\u00e7 vatanda\u015fl\u0131\u011f\u0131 i\u00e7in ba\u015fvuru yap\u0131lmal\u0131d\u0131r. Bunun i\u00e7in belirli \u015fartlar\u0131n kar\u015f\u0131lanmas\u0131 gerekmektedir.<\/span><\/p>\n<p><span style=\"font-family: Roboto; font-size: 14px;\">Yeti\u015fkinlerin<strong> \u0130sve\u00e7 vatanda\u015fl\u0131k ba\u015fvurusu<\/strong> yaparken, 18 ya\u015f\u0131nda k\u00fc\u00e7\u00fck olan \u00e7ocuklar\u0131 da ebeveyni ile ayn\u0131 anda <strong>\u0130sve\u00e7 vatanda\u015fl\u0131\u011f\u0131<\/strong> alabilmektedir. Yani 18 ya\u015f\u0131n\u0131n alt\u0131ndaki \u00e7ocuklar i\u00e7in herhangi bir ayr\u0131 vatanda\u015fl\u0131k ba\u015fvurusu yap\u0131lmas\u0131na gerek bulunmamaktad\u0131r. 18 ya\u015f\u0131ndan b\u00fcy\u00fck olan \u00e7ocuklar ise \u015fahsen vatanda\u015fl\u0131k ba\u015fvurusu yaparak \u0130sve\u00e7 vatanda\u015fl\u0131\u011f\u0131 alabilir.<\/span><\/p>\n<h2><strong><span style=\"font-family: Roboto; font-size: 27px;\">\u0130sve\u00e7 \u00c7ocuklara \u0130sve\u00e7 Vatanda\u015fl\u0131\u011f\u0131 Nas\u0131l Al\u0131n\u0131r?<\/span><\/strong><\/h2>\n<p><span style=\"font-family: Roboto; font-size: 14px;\">\u00c7ocu\u011fu bulunan ve \u00e7ocuklar\u0131na \u0130sve\u00e7 vatanda\u015fl\u0131\u011f\u0131 almak isteyen ki\u015filer, \u00e7ocuklar i\u00e7in \u0130sve\u00e7 vatanda\u015fl\u0131\u011f\u0131n\u0131n nas\u0131l al\u0131naca\u011f\u0131n\u0131 merak etmektedir. Bu yaz\u0131da \u00e7ocuklar\u0131na \u0130sve\u00e7 vatanda\u015fl\u0131\u011f\u0131 alacak olan ki\u015filer i\u00e7in \u201c\u0130sve\u00e7 \u00e7ocuklara \u0130sve\u00e7 vatanda\u015fl\u0131\u011f\u0131 nas\u0131l al\u0131n\u0131r?\u201d sorusunun cevab\u0131 verilmi\u015ftir.<\/span><\/p>\n<p><span style=\"font-family: Roboto; font-size: 14px;\"><strong>\u00c7ocuklar\u0131na \u0130sve\u00e7 vatanda\u015fl\u0131\u011f\u0131<\/strong> alacak olan ki\u015filer, \u0130sve\u00e7 vatanda\u015fl\u0131k ba\u015fvurusu s\u0131ras\u0131nda 18 ya\u015f alt\u0131nda bulunan \u00e7ocuklar\u0131 i\u00e7in vatanda\u015fl\u0131k ba\u015fvurusunda bulunmal\u0131d\u0131r. Kendi vatanda\u015fl\u0131k ba\u015fvurusu s\u0131ras\u0131nda<strong> \u0130sve\u00e7 vatanda\u015fl\u0131\u011f\u0131<\/strong> alacak olan ki\u015filer, \u00e7ocuklar\u0131 i\u00e7in da ba\u015fvuruda bulunabilir. Bunun i\u00e7in ayr\u0131 ba\u015fvuru yap\u0131lmas\u0131na gerek yoktur.<\/span><\/p>\n<p><span style=\"font-family: Roboto; font-size: 14px;\"><strong>\u0130sve\u00e7 \u00e7ocuklara \u0130sve\u00e7 vatanda\u015fl\u0131\u011f\u0131<\/strong> alacak olan ki\u015filer, 18 ya\u015f alt\u0131 \u00e7ocuklar\u0131n vatanda\u015fl\u0131k ba\u015fvurusu i\u00e7in \u00e7ocuk \u00fczerinde tek velayet hakk\u0131 oldu\u011funun kan\u0131tlanmas\u0131 gerekmektedir. Yani \u00e7ocu\u011fun \u00fczerinde ba\u015fkas\u0131n\u0131n velayet hakk\u0131n\u0131n bulunmamas\u0131 gerekir.<\/span><\/p>\n<h2><strong><span style=\"font-family: Roboto; font-size: 27px;\">\u0130sve\u00e7 \u00c7ocuklara \u0130sve\u00e7 Vatanda\u015fl\u0131\u011f\u0131 Ba\u015fvurusu<\/span><\/strong><\/h2>\n<p><span style=\"font-family: Roboto; font-size: 14px;\">\u00c7ocuklar\u0131 i\u00e7in \u0130sve\u00e7 vatanda\u015fl\u0131\u011f\u0131 alacak olan ki\u015filer, \u00e7ocuklar\u0131 i\u00e7in de \u0130sve\u00e7 vatanda\u015fl\u0131\u011f\u0131 alabilir. <strong>\u00c7ocuklar i\u00e7in \u0130sve\u00e7 vatanda\u015fl\u0131\u011f\u0131<\/strong> alacak olan ki\u015filer bu konu hakk\u0131nda ara\u015ft\u0131rma yapmaktad\u0131r. Bu yaz\u0131da \u00e7ocuklar i\u00e7in \u0130sve\u00e7 vatanda\u015fl\u0131\u011f\u0131 alacak olan ki\u015filerin sorular\u0131na cevap vermek amac\u0131 ile \u0130sve\u00e7 \u00e7ocuklara \u0130sve\u00e7 vatanda\u015fl\u0131\u011f\u0131 ba\u015fvurusu hakk\u0131nda bilgi verilmi\u015ftir.<\/span><\/p>\n<p><span style=\"font-family: Roboto; font-size: 14px;\">\u0130sve\u00e7 \u00e7ocuklara \u0130sve\u00e7 vatanda\u015fl\u0131\u011f\u0131 ba\u015fvurusu yapacak olan ki\u015filerin \u00e7ocuklar\u0131n\u0131n ya\u015f\u0131 bu durumda ba\u011flay\u0131c\u0131d\u0131r. 18 ya\u015f \u00fcst\u00fc \u00e7ocuklar ba\u015fvurular\u0131n\u0131 kendisi yapmal\u0131d\u0131r. Ancak 18 ya\u015f\u0131n\u0131n alt\u0131nda olan \u00e7ocuklar i\u00e7in ba\u015fvurular ebeveynin<strong> \u0130sve\u00e7 vatanda\u015fl\u0131k ba\u015fvurusu<\/strong> s\u0131ras\u0131nda yap\u0131labilir.<\/span><\/p>\n<p><span style=\"font-family: Roboto; font-size: 14px;\">18 ya\u015f alt\u0131 \u00e7ocuklar\u0131 i\u00e7in vatanda\u015fl\u0131k ba\u015fvurusu yapacak olan ki\u015filerin ebeveynlerinin ikisinin de vatanda\u015fl\u0131k i\u00e7in onay vermesi gerekmektedir. Ebeveynlerin izin vermesi durumunda ba\u015fvuru yapan ki\u015fi kendi ba\u015fvurusu s\u0131ras\u0131nda; \u00e7ocuklar\u0131 i\u00e7in \u0130sve\u00e7 vatanda\u015fl\u0131\u011f\u0131 ba\u015fvurusunda bulunabilir.<\/span><\/p>\n<h3><strong><span style=\"font-family: Roboto; font-size: 24px;\">\u0130sve\u00e7 \u00c7ocuklara \u0130sve\u00e7 Vatanda\u015fl\u0131\u011f\u0131 \u015eartlar\u0131<\/span><\/strong><\/h3>\n<p><span style=\"font-family: Roboto; font-size: 14px;\">Kendisi i\u00e7in<strong> \u0130sve\u00e7 vatanda\u015fl\u0131\u011f\u0131<\/strong> alacak olan ki\u015filer, 18 ya\u015f alt\u0131 \u00e7ocuklar\u0131 i\u00e7in vatanda\u015fl\u0131k alabilir. \u00c7ocuklar\u0131 i\u00e7in \u0130sve\u00e7 vatanda\u015fl\u0131\u011f\u0131 alacak olan ki\u015filerin baz\u0131 \u015fartlar\u0131 yerine getirmesi gerekmektedir. \u00c7ocuklar\u0131 i\u00e7in \u0130sve\u00e7 vatanda\u015fl\u0131\u011f\u0131 alacak olan ki\u015filerin merak etmi\u015f oldu\u011fu \u0130sve\u00e7 \u00e7ocuklara \u0130sve\u00e7 vatanda\u015fl\u0131\u011f\u0131 \u015fartlar\u0131 hakk\u0131nda bu yaz\u0131da bilgi verilmi\u015ftir.<\/span><\/p>\n<ul>\n<li><span style=\"font-family: Roboto; font-size: 14px;\">\u0130sve\u00e7 vatanda\u015fl\u0131\u011f\u0131n\u0131 \u00e7ocuklar\u0131 i\u00e7in alacak olan ki\u015filer, iki ebeveyn taraf\u0131ndan imzalanm\u0131\u015f vekaletname sunmas\u0131 gerekmektedir.<\/span><\/li>\n<li><span style=\"font-family: Roboto; font-size: 14px;\">\u0130sve\u00e7 \u00c7ocuklara vatanda\u015fl\u0131k alacak olan ki\u015filerin ge\u00e7erli bir nedeninin olmas\u0131 gerekmektedir.<\/span><\/li>\n<li><span style=\"font-family: Roboto; font-size: 14px;\">\u0130sve\u00e7 \u00e7ocuklara<span style=\"color: #2acec2;\"><strong><a style=\"color: #2acec2;\" href=\"https:\/\/www.myvize.com.tr\/isvec\/vatandaslik\/\" target=\"_blank\" rel=\"noopener\"> \u0130sve\u00e7 vatanda\u015fl\u0131k \u015fartlar\u0131<\/a><\/strong><\/span> aras\u0131nda, vatanda\u015fl\u0131k alacak olan \u00e7ocu\u011fun \u0130sve\u00e7\u2019te masraflar\u0131n\u0131 kar\u015f\u0131layacak bir sponsorunun bulunmas\u0131 gerekmektedir.<\/span><\/li>\n<li><span style=\"font-family: Roboto; font-size: 14px;\">\u0130sve\u00e7 vatanda\u015fl\u0131\u011f\u0131 alacak olan \u00e7ocu\u011fun ya da ailesinin \u0130sve\u00e7 i\u00e7in bir tehdit olu\u015fturmamas\u0131 gerekmektedir.<\/span><\/li>\n<\/ul>\n","protected":false},"excerpt":{"rendered":"<p>\u0130sve\u00e7 \u00c7ocuklara \u0130sve\u00e7 Vatanda\u015fl\u0131\u011f\u0131 Hakk\u0131nda \u0130sve\u00e7\u2019te birka\u00e7 y\u0131l ya\u015fad\u0131\u011f\u0131nda \u0130sve\u00e7 vatanda\u015fl\u0131\u011fa ba\u015fvuru yapabilirsiniz. \u0130sve\u00e7 vatanda\u015fl\u0131k devlet ve vatanda\u015f aras\u0131na yasal bir s\u00f6zle\u015fme olu\u015fturmakta. Vatanda\u015fl\u0131k \u0130sve\u00e7 ile olan yak\u0131nl\u0131k g\u00fc\u00e7lendirir ve \u0130sve\u00e7 halk\u0131 birle\u015ftirir. Toplumun resm\u00ee bir \u00fcyesi olmas\u0131 \u0130sve\u00e7 demokrasisi temelini olu\u015fturur. Vatanda\u015fl\u0131\u011f\u0131n\u0131n tan\u0131m\u0131 genellikle bir bireyler ile bir devlet aras\u0131ndaki hak ve y\u00fck\u00fcml\u00fcl\u00fck a\u00e7\u0131s\u0131ndan<\/p>\n","protected":false},"author":1,"featured_media":0,"parent":164,"menu_order":0,"comment_status":"open","ping_status":"closed","template":"","meta":{"footnotes":""},"class_list":["post-181","page","type-page","status-publish","hentry"],"yoast_head":"<!-- This site is optimized with the Yoast SEO plugin v24.0 - https:\/\/yoast.com\/wordpress\/plugins\/seo\/ -->\n<title>\u0130sve\u00e7 \u00c7ocuklara \u0130sve\u00e7 Vatanda\u015fl\u0131\u011f\u0131 - MyVize<\/title>\n<meta name=\"description\" content=\"\u0130sve\u00e7 \u00c7ocuklara \u0130sve\u00e7 Vatanda\u015fl\u0131\u011f\u0131 Nas\u0131l Al\u0131n\u0131r? \u0130sve\u00e7 \u00c7ocuklara \u0130sve\u00e7 Vatanda\u015fl\u0131\u011f\u0131 Ba\u015fvurusu Nas\u0131l Yap\u0131l\u0131r 2022?\" \/>\n<meta name=\"robots\" content=\"index, follow, max-snippet:-1, max-image-preview:large, max-video-preview:-1\" \/>\n<link rel=\"canonical\" href=\"https:\/\/www.myvize.com.tr\/isvec\/vatandaslik\/cocuklara-isvec-vatandasligi\/\" \/>\n<meta property=\"og:locale\" content=\"tr_TR\" \/>\n<meta property=\"og:type\" content=\"article\" \/>\n<meta property=\"og:title\" content=\"\u0130sve\u00e7 \u00c7ocuklara \u0130sve\u00e7 Vatanda\u015fl\u0131\u011f\u0131 - MyVize\" \/>\n<meta property=\"og:description\" content=\"\u0130sve\u00e7 \u00c7ocuklara \u0130sve\u00e7 Vatanda\u015fl\u0131\u011f\u0131 Nas\u0131l Al\u0131n\u0131r? \u0130sve\u00e7 \u00c7ocuklara \u0130sve\u00e7 Vatanda\u015fl\u0131\u011f\u0131 Ba\u015fvurusu Nas\u0131l Yap\u0131l\u0131r 2022?\" \/>\n<meta property=\"og:url\" content=\"https:\/\/www.myvize.com.tr\/isvec\/vatandaslik\/cocuklara-isvec-vatandasligi\/\" \/>\n<meta property=\"og:site_name\" content=\"\u0130sve\u00e7 Vizesi\" \/>\n<meta property=\"article:modified_time\" content=\"2022-03-14T12:08:55+00:00\" \/>\n<meta name=\"twitter:card\" content=\"summary_large_image\" \/>\n<meta name=\"twitter:label1\" content=\"Tahmini okuma s\u00fcresi\" \/>\n\t<meta name=\"twitter:data1\" content=\"3 dakika\" \/>\n<script type=\"application\/ld+json\" class=\"yoast-schema-graph\">{\"@context\":\"https:\/\/schema.org\",\"@graph\":[{\"@type\":\"WebPage\",\"@id\":\"https:\/\/www.myvize.com.tr\/isvec\/vatandaslik\/cocuklara-isvec-vatandasligi\/\",\"url\":\"https:\/\/www.myvize.com.tr\/isvec\/vatandaslik\/cocuklara-isvec-vatandasligi\/\",\"name\":\"\u0130sve\u00e7 \u00c7ocuklara \u0130sve\u00e7 Vatanda\u015fl\u0131\u011f\u0131 - MyVize\",\"isPartOf\":{\"@id\":\"https:\/\/www.myvize.com.tr\/isvec\/#website\"},\"datePublished\":\"2020-12-24T14:53:19+00:00\",\"dateModified\":\"2022-03-14T12:08:55+00:00\",\"description\":\"\u0130sve\u00e7 \u00c7ocuklara \u0130sve\u00e7 Vatanda\u015fl\u0131\u011f\u0131 Nas\u0131l Al\u0131n\u0131r? \u0130sve\u00e7 \u00c7ocuklara \u0130sve\u00e7 Vatanda\u015fl\u0131\u011f\u0131 Ba\u015fvurusu Nas\u0131l Yap\u0131l\u0131r 2022?\",\"breadcrumb\":{\"@id\":\"https:\/\/www.myvize.com.tr\/isvec\/vatandaslik\/cocuklara-isvec-vatandasligi\/#breadcrumb\"},\"inLanguage\":\"tr\",\"potentialAction\":[{\"@type\":\"ReadAction\",\"target\":[\"https:\/\/www.myvize.com.tr\/isvec\/vatandaslik\/cocuklara-isvec-vatandasligi\/\"]}]},{\"@type\":\"BreadcrumbList\",\"@id\":\"https:\/\/www.myvize.com.tr\/isvec\/vatandaslik\/cocuklara-isvec-vatandasligi\/#breadcrumb\",\"itemListElement\":[{\"@type\":\"ListItem\",\"position\":1,\"name\":\"Anasayfa\",\"item\":\"https:\/\/www.myvize.com.tr\/isvec\/\"},{\"@type\":\"ListItem\",\"position\":2,\"name\":\"\u0130SVE\u00c7 VATANDA\u015eLI\u011eI\",\"item\":\"https:\/\/www.myvize.com.tr\/isvec\/vatandaslik\/\"},{\"@type\":\"ListItem\",\"position\":3,\"name\":\"\u0130sve\u00e7 \u00c7ocuklara \u0130sve\u00e7 Vatanda\u015fl\u0131\u011f\u0131\"}]},{\"@type\":\"WebSite\",\"@id\":\"https:\/\/www.myvize.com.tr\/isvec\/#website\",\"url\":\"https:\/\/www.myvize.com.tr\/isvec\/\",\"name\":\"\u0130sve\u00e7 Vizesi\",\"description\":\"\",\"potentialAction\":[{\"@type\":\"SearchAction\",\"target\":{\"@type\":\"EntryPoint\",\"urlTemplate\":\"https:\/\/www.myvize.com.tr\/isvec\/?s={search_term_string}\"},\"query-input\":{\"@type\":\"PropertyValueSpecification\",\"valueRequired\":true,\"valueName\":\"search_term_string\"}}],\"inLanguage\":\"tr\"}]}<\/script>\n<!-- \/ Yoast SEO plugin. -->","yoast_head_json":{"title":"\u0130sve\u00e7 \u00c7ocuklara \u0130sve\u00e7 Vatanda\u015fl\u0131\u011f\u0131 - MyVize","description":"\u0130sve\u00e7 \u00c7ocuklara \u0130sve\u00e7 Vatanda\u015fl\u0131\u011f\u0131 Nas\u0131l Al\u0131n\u0131r? \u0130sve\u00e7 \u00c7ocuklara \u0130sve\u00e7 Vatanda\u015fl\u0131\u011f\u0131 Ba\u015fvurusu Nas\u0131l Yap\u0131l\u0131r 2022?","robots":{"index":"index","follow":"follow","max-snippet":"max-snippet:-1","max-image-preview":"max-image-preview:large","max-video-preview":"max-video-preview:-1"},"canonical":"https:\/\/www.myvize.com.tr\/isvec\/vatandaslik\/cocuklara-isvec-vatandasligi\/","og_locale":"tr_TR","og_type":"article","og_title":"\u0130sve\u00e7 \u00c7ocuklara \u0130sve\u00e7 Vatanda\u015fl\u0131\u011f\u0131 - MyVize","og_description":"\u0130sve\u00e7 \u00c7ocuklara \u0130sve\u00e7 Vatanda\u015fl\u0131\u011f\u0131 Nas\u0131l Al\u0131n\u0131r? \u0130sve\u00e7 \u00c7ocuklara \u0130sve\u00e7 Vatanda\u015fl\u0131\u011f\u0131 Ba\u015fvurusu Nas\u0131l Yap\u0131l\u0131r 2022?","og_url":"https:\/\/www.myvize.com.tr\/isvec\/vatandaslik\/cocuklara-isvec-vatandasligi\/","og_site_name":"\u0130sve\u00e7 Vizesi","article_modified_time":"2022-03-14T12:08:55+00:00","twitter_card":"summary_large_image","twitter_misc":{"Tahmini okuma s\u00fcresi":"3 dakika"},"schema":{"@context":"https:\/\/schema.org","@graph":[{"@type":"WebPage","@id":"https:\/\/www.myvize.com.tr\/isvec\/vatandaslik\/cocuklara-isvec-vatandasligi\/","url":"https:\/\/www.myvize.com.tr\/isvec\/vatandaslik\/cocuklara-isvec-vatandasligi\/","name":"\u0130sve\u00e7 \u00c7ocuklara \u0130sve\u00e7 Vatanda\u015fl\u0131\u011f\u0131 - MyVize","isPartOf":{"@id":"https:\/\/www.myvize.com.tr\/isvec\/#website"},"datePublished":"2020-12-24T14:53:19+00:00","dateModified":"2022-03-14T12:08:55+00:00","description":"\u0130sve\u00e7 \u00c7ocuklara \u0130sve\u00e7 Vatanda\u015fl\u0131\u011f\u0131 Nas\u0131l Al\u0131n\u0131r? \u0130sve\u00e7 \u00c7ocuklara \u0130sve\u00e7 Vatanda\u015fl\u0131\u011f\u0131 Ba\u015fvurusu Nas\u0131l Yap\u0131l\u0131r 2022?","breadcrumb":{"@id":"https:\/\/www.myvize.com.tr\/isvec\/vatandaslik\/cocuklara-isvec-vatandasligi\/#breadcrumb"},"inLanguage":"tr","potentialAction":[{"@type":"ReadAction","target":["https:\/\/www.myvize.com.tr\/isvec\/vatandaslik\/cocuklara-isvec-vatandasligi\/"]}]},{"@type":"BreadcrumbList","@id":"https:\/\/www.myvize.com.tr\/isvec\/vatandaslik\/cocuklara-isvec-vatandasligi\/#breadcrumb","itemListElement":[{"@type":"ListItem","position":1,"name":"Anasayfa","item":"https:\/\/www.myvize.com.tr\/isvec\/"},{"@type":"ListItem","position":2,"name":"\u0130SVE\u00c7 VATANDA\u015eLI\u011eI","item":"https:\/\/www.myvize.com.tr\/isvec\/vatandaslik\/"},{"@type":"ListItem","position":3,"name":"\u0130sve\u00e7 \u00c7ocuklara \u0130sve\u00e7 Vatanda\u015fl\u0131\u011f\u0131"}]},{"@type":"WebSite","@id":"https:\/\/www.myvize.com.tr\/isvec\/#website","url":"https:\/\/www.myvize.com.tr\/isvec\/","name":"\u0130sve\u00e7 Vizesi","description":"","potentialAction":[{"@type":"SearchAction","target":{"@type":"EntryPoint","urlTemplate":"https:\/\/www.myvize.com.tr\/isvec\/?s={search_term_string}"},"query-input":{"@type":"PropertyValueSpecification","valueRequired":true,"valueName":"search_term_string"}}],"inLanguage":"tr"}]}},"_links":{"self":[{"href":"https:\/\/www.myvize.com.tr\/isvec\/wp-json\/wp\/v2\/pages\/181","targetHints":{"allow":["GET"]}}],"collection":[{"href":"https:\/\/www.myvize.com.tr\/isvec\/wp-json\/wp\/v2\/pages"}],"about":[{"href":"https:\/\/www.myvize.com.tr\/isvec\/wp-json\/wp\/v2\/types\/page"}],"author":[{"embeddable":true,"href":"https:\/\/www.myvize.com.tr\/isvec\/wp-json\/wp\/v2\/users\/1"}],"replies":[{"embeddable":true,"href":"https:\/\/www.myvize.com.tr\/isvec\/wp-json\/wp\/v2\/comments?post=181"}],"version-history":[{"count":5,"href":"https:\/\/www.myvize.com.tr\/isvec\/wp-json\/wp\/v2\/pages\/181\/revisions"}],"predecessor-version":[{"id":522,"href":"https:\/\/www.myvize.com.tr\/isvec\/wp-json\/wp\/v2\/pages\/181\/revisions\/522"}],"up":[{"embeddable":true,"href":"https:\/\/www.myvize.com.tr\/isvec\/wp-json\/wp\/v2\/pages\/164"}],"wp:attachment":[{"href":"https:\/\/www.myvize.com.tr\/isvec\/wp-json\/wp\/v2\/media?parent=181"}],"curies":[{"name":"wp","href":"https:\/\/api.w.org\/{rel}","templated":true}]}}