{"id":189,"date":"2020-12-24T17:54:39","date_gmt":"2020-12-24T14:54:39","guid":{"rendered":"https:\/\/www.myvize.com.tr\/isvec\/?page_id=189"},"modified":"2022-06-23T12:59:44","modified_gmt":"2022-06-23T09:59:44","slug":"isvec-ticari-vize-dilekce-ornegi","status":"publish","type":"page","link":"https:\/\/www.myvize.com.tr\/isvec\/form-ve-dilekce\/isvec-ticari-vize-dilekce-ornegi\/","title":{"rendered":"\u0130sve\u00e7 Ticari Vize Dilek\u00e7e \u00d6rne\u011fi"},"content":{"rendered":"<p><span style=\"font-family: Roboto; font-size: 14px;\"><strong>\u0130sve\u00e7\u2019e i\u015f ama\u00e7l\u0131 seyahat<\/strong> edecekler (\u015firket \u00e7al\u0131\u015fan\u0131 veya \u015firket sahipleri) <strong>\u0130sve\u00e7 ticari vize<\/strong> ba\u015fvurusu yapmak zorundad\u0131rlar.\u00a0<strong>\u0130sve\u00e7 ticari vize dilek\u00e7e \u00f6rne\u011fi<\/strong> ile istenen evraklar toparlanarak ba\u015fvurular yap\u0131lmaktad\u0131r. \u0130stenen evraklar y\u0131llara g\u00f6re de\u011fi\u015fiklik g\u00f6sterebilmektedir. Alt\u0131 ayl\u0131k s\u00fcre i\u00e7inde en fazla 90 g\u00fcn konaklamaya izin veren<span style=\"color: #2acec2;\"><strong><a style=\"color: #2acec2;\" href=\"https:\/\/www.myvize.com.tr\/isvec\/vize-islemleri\/isvicre-schengen-vize\/\" target=\"_blank\" rel=\"noopener\"> \u0130sve\u00e7 Schengen vize<\/a><\/strong><\/span> t\u00fcr\u00fcd\u00fcr.<\/span><\/p>\n<h2><span style=\"font-family: Roboto; font-size: 27px;\"><strong>\u0130sve\u00e7 Ticari Vize Dilek\u00e7e \u00d6rne\u011fi Hakk\u0131nda<\/strong><\/span><\/h2>\n<p><span style=\"font-family: Roboto; font-size: 14px;\">\u0130sve\u00e7\u2019e ticari ama\u00e7larla seyahat edecek ki\u015fi \u00fclkeye yapaca\u011f\u0131 seyahate ili\u015fkin <strong>\u0130sve\u00e7 \u0130stanbul Ba\u015fkonsoloslu\u011fa<\/strong> hitaben \u0130sve\u00e7 ticari vize talep dilek\u00e7esi yazmal\u0131. <strong>\u0130sve\u00e7 ticari vize talep dilek\u00e7esi<\/strong> yaz\u0131l\u0131rken dikkat edilmeli gereken husus a\u015fa\u011f\u0131daki gibidir. \u00dclkeye yapacak seyahatin ama\u00e7lar\u0131 net olarak ifade edilmeli. \u00d6rne\u011fin; ticari bir seyahat kat\u0131lacak ki\u015filer <strong>\u0130sve\u00e7 ticari vize talep<\/strong> dilek\u00e7esine kat\u0131laca\u011f\u0131 seyahatten bahsetmesi ve varsa seyahat ile ilgili belgenin dosyas\u0131na eklemeli. Seyahat tarihi a\u00e7\u0131k\u00e7a yaz\u0131lmal\u0131. <strong>\u0130sve\u00e7 ticari vize<\/strong> ba\u015fvurusunda bulunacak ki\u015fi <strong>\u0130sve\u00e7 ticari vize<\/strong> talep dilek\u00e7esinde \u00fclkeye giri\u015f yapacak tarihi, \u00fclkeden ayr\u0131laca\u011f\u0131 tarihi ve ayn\u0131 s\u00fcre\u00e7 i\u00e7inde ba\u015fka bir \u00fclkeye ge\u00e7i\u015f yapaca\u011f\u0131 bir seyahat var ise bu seyahatin tarihini a\u00e7\u0131k\u00e7a yazmal\u0131d\u0131r. Seyahat masraf\u0131n\u0131n nas\u0131l kar\u015f\u0131lanaca\u011f\u0131 a\u00e7\u0131k\u00e7a ifade edilmeli. <strong>\u0130sve\u00e7 ticari vizesi<\/strong> talep dilek\u00e7esi yaz\u0131l\u0131rken ki\u015fi seyahati s\u00fcresince olu\u015facak (konaklamak, transfer, hastal\u0131k, kaza, vb.) masraf\u0131n\u0131n nas\u0131l kar\u015f\u0131lanaca\u011f\u0131na net olarak ifade edilmeli. <strong>\u0130sve\u00e7 Konsoloslu\u011fa<\/strong> ticari vizesi ba\u015fvurusunda sunulan belge ile \u0130sve\u00e7 ticari vizesi talep dilek\u00e7esinde yer verilen ifadenin birbirini destekleyici olmas\u0131 dikkat edilmelidir.<\/span><\/p>\n<h2><strong><span style=\"font-family: Roboto; font-size: 27px;\">\u0130sve\u00e7 Ticari Vize i\u015flemleri<\/span><\/strong><\/h2>\n<p><span style=\"font-family: Roboto; font-size: 14px;\"><strong>\u0130sve\u00e7 ticari vize ba\u015fvuru i\u015flemleri<\/strong> konusunda ki\u015filerin i\u015f ehli uzmandan destek almalar\u0131 bu s\u00fcreci k\u0131saltmaktad\u0131r. Ancak kendi vizenizi yine kendi i\u015flemlerinizi yaparak almak istiyorsan\u0131z son derece dikkatli davranman\u0131z gerekir. \u0130sve\u00e7 ticari vize i\u00e7in gerekli evraklar yan\u0131nda mutlaka ba\u015fvuru \u00fccretlerini de zaman\u0131nda yat\u0131rmal\u0131s\u0131n\u0131z. Ba\u015fvurular i\u00e7in \u0130sve\u00e7 konsoloslu\u011funa veya\u00a0\u00a0b\u00fcy\u00fckel\u00e7ili\u011fe gidebilirsiniz. Yetkilendirilmi\u015f vize merkezleri de size ba\u015fvuru konusunda hizmet vermektedir. Vize ba\u015fvurusunu yaparken \u015fu noktalara dikkat etmelisiniz: <strong>\u0130sve\u00e7 ticari vizesi i\u015flemleri<\/strong> s\u0131ras\u0131nda ba\u015fvuru form dikkatli doldurmal\u0131s\u0131n\u0131z. Ticari ba\u015fvuru form doldururken b\u00fcy\u00fck harf ile istenilen dilde yazmal\u0131s\u0131n\u0131z. Ticari ba\u015fvuru formunun i\u00e7inde yer alan bilgilerin g\u00fcncel olmas\u0131na \u00f6zen g\u00f6stermelisiniz. Ticari vize ba\u015fvurular\u0131 talep dilek\u00e7elerine \u0131slak imza ve tarihlerin bulunmas\u0131na dikkat etmelisiniz. \u00a0\u00a0\u0130ngilizce \u00e7evirisiyle birlikte verilecek olan dilek\u00e7ede T\u00fcrk\u00e7e belgeler asl\u0131 ve onay\u0131 \u00e7eviri bulunmal\u0131d\u0131r. Eski kulland\u0131\u011f\u0131n\u0131z pasaport var ise mutlaka bu pasaport da vize dosyan\u0131za eklemelisiniz. \u0130sve\u00e7 Konsoloslu\u011fa Ticari Vizesi talep dilek\u00e7esi haz\u0131rlan\u0131rken seyahat edecek ki\u015finin seyahat s\u00fcresine olu\u015facak masraflar\u0131n\u0131n nas\u0131l kar\u015f\u0131lanaca\u011f\u0131 bilgisi yer almal\u0131d\u0131r. \u00a0<\/span><\/p>\n<h2><strong><span style=\"font-family: Roboto; font-size: 27px;\">\u0130sve\u00e7 Ticari Vize Dilek\u00e7esi Nas\u0131l Yaz\u0131l\u0131r?<\/span><\/strong><\/h2>\n<p><span style=\"font-family: Roboto; font-size: 14px;\">Seyahat ama\u00e7lar\u0131n\u0131n ticari oldu\u011fu belirtilmesi gerekmektedir. Seyahat edilecek \u00fclkelere ili\u015fki i\u00e7inde bulunulan \u015firketlerin bilgisine yer verilmelidir. \u015eirket ad\u0131 vb. ayr\u0131nt\u0131l\u0131 bilgi belgede yer almal\u0131d\u0131r. Seyahat tarihinin sunulan di\u011fer evraktakiyle ayn\u0131 olmalar\u0131na dikkat edilmelidir. Ticari ama\u00e7 olarak ger\u00e7ekle\u015ftirecek seyahat de masraf\u0131n \u015firket taraf\u0131ndan kar\u015f\u0131lanaca\u011f\u0131 belirtilmesi \u00f6nemlidir. Ticari Vize talep dilek\u00e7eleri, y\u0131pranmam\u0131\u015f, temiz ka\u011f\u0131d\u0131 \u00fczerinde yaz\u0131lmal\u0131d\u0131r. Bilgisayar \u00fczerinde ya da elle yaz\u0131lan dilek\u00e7e kabul edilir. Ticari vize Ba\u015fvuru sahibinin \u0131slak imzalar\u0131 dilek\u00e7e \u00fczerinde yer almal\u0131. Konsolosluk g\u00f6revinin diline hitaben dilek\u00e7esinin olu\u015fturulmas\u0131 \u00f6nemli. Ticari vize ba\u015fvuru yap\u0131lacak \u00fclkenin kendi dili ya da \u0130ngilizce olarak yaz\u0131lan dilek\u00e7e kabul edilir. \u0130sve\u00e7 Ticari Vizesi talep dilek\u00e7esi personeli i\u015f seyahatlerine g\u00f6nderecek \u015firketin yetkilisi taraf\u0131ndan \u015firket antet ka\u011f\u0131d\u0131na yazmas\u0131 ve \u015firket yetkili ka\u015fesini ve imzas\u0131n\u0131 ta\u015f\u0131mal\u0131d\u0131r. \u0130sve\u00e7 Ticari Vizesi talep dilek\u00e7esinde seyahatlerin ama\u00e7lar\u0131 a\u00e7\u0131k\u00e7a yaz\u0131lmal\u0131. Ticari Vizesi talep dilek\u00e7esinde seyahate \u00e7\u0131kacak ki\u015finin firmadaki g\u00f6revi a\u00e7\u0131k\u00e7a ifade edilmelidir.<strong> \u0130sve\u00e7&#8217;e seyahat<\/strong> edecek ki\u015finin seyahatinin ba\u015flang\u0131\u00e7 ve biti\u015f tarihleri ile varsa ek seyahati hakk\u0131nda \u0130sve\u00e7 Ticari Vizesi talep dilek\u00e7esine net bilgiler verilmelidir.<\/span><\/p>\n<h2><span style=\"font-size: 27px;\"><strong><span style=\"font-family: Roboto;\">\u0130sve\u00e7 Ticari Vize Dilek\u00e7esinde Dikkat Edilmesi Gerekenler<\/span><\/strong><\/span><\/h2>\n<ul>\n<li><span style=\"font-family: Roboto; font-size: 14px;\"><strong>\u0130sve\u00e7 ticari vize dilek\u00e7e \u00f6rne\u011fi<\/strong>\u00a0i\u00e7eri\u011finde seyahatin amac\u0131 mutlaka belirtilmelidir. \u00d6rnek \u00fczerinden a\u00e7\u0131klamak gerekirse; seyahati ger\u00e7ekle\u015ftiren ki\u015fi i\u015f orta\u011f\u0131 olan ba\u015fka bir \u015firketle toplant\u0131 yapmak i\u00e7in\u0130 sve\u00e7\u2019e gidecekse mutlaka \u0130sve\u00e7\u2019teki \u015firketin bilgilerine yer vermelidir.<\/span><\/li>\n<li><span style=\"font-family: Roboto; font-size: 14px;\"><strong>\u0130sve\u00e7 ticari vize dilek\u00e7e \u00f6rne\u011fi<\/strong>\u00a0haz\u0131rlan\u0131rken seyahate \u00e7\u0131kacak ki\u015finin masraflar\u0131n\u0131n nas\u0131l kar\u015f\u0131lanaca\u011f\u0131 net bir \u015fekilde ifade edilmelidir.<\/span><\/li>\n<li><span style=\"font-family: Roboto; font-size: 14px;\">Dilek\u00e7e i\u00e7eri\u011finde seyahate \u00e7\u0131kacak ki\u015finin g\u00f6revi ve konumu net bir \u015fekilde belirtilmelidir.<\/span><\/li>\n<li><span style=\"font-family: Roboto; font-size: 14px;\">Seyahate \u00e7\u0131kacak ki\u015finin dilek\u00e7esinde seyahatin ba\u015flang\u0131\u00e7 ve biti\u015f tarihlerini belirtmesi zorunludur.<\/span><\/li>\n<li><span style=\"font-family: Roboto; font-size: 14px;\">Dilek\u00e7e ile istenen evraklar i\u00e7erik bak\u0131m\u0131ndan birbirini destekler bi\u00e7imde olmal\u0131d\u0131r.<\/span><\/li>\n<li><span style=\"font-family: Roboto; font-size: 14px;\"><strong>\u0130sve\u00e7 vize dilek\u00e7e \u00f6rne\u011fi<\/strong>\u00a0i\u00e7eri\u011fi seyahate gidecek personel i\u00e7in \u015firket taraf\u0131ndan antetli ka\u011f\u0131da yaz\u0131lmal\u0131d\u0131r. \u015eirketin yetkili ismince \u0131slak imzalanmal\u0131 ve ka\u015felenmelidir.<\/span><\/li>\n<\/ul>\n<h3><strong><span style=\"font-family: Roboto; font-size: 24px;\">\u0130sve\u00e7 Ticari Vize Dilek\u00e7e \u00d6rne\u011fi 2022<\/span><\/strong><\/h3>\n<p><span style=\"font-family: Roboto; font-size: 14px;\">..\/..\/..\/\u2026\u00a0<\/span><\/p>\n<p><span style=\"font-family: Roboto; font-size: 14px;\">\u2026\u2026\u2026 Ba\u015fkonsoloslu\u011fu\u00a0<\/span><\/p>\n<p><span style=\"font-family: Roboto; font-size: 14px;\">\u0130stanbul Vize B\u00f6l\u00fcm \u015eefi Sn:<\/span><\/p>\n<p><span style=\"font-family: Roboto; font-size: 14px;\">\u00a0Vize Merkezi \u0130stanbul \u2026\u2026\u00a0\u00a0il\u00e7esinde yerle\u015fik, hizmet sekt\u00f6r\u00fcne 17 y\u0131ld\u0131r 102 \u00fclkeye vize dan\u0131\u015fmanl\u0131\u011f\u0131 ve turizm organizasyon yaparak T\u00fcrkiye\u2019de 7 ilde 11 \u015fubesi bulunan sekt\u00f6rlerinde en iyi 4 \u015firketten biridir. \u00a0\u00a0<\/span><\/p>\n<p><span style=\"font-family: Roboto; font-size: 14px;\">\u00dclkede bulunan \u201d\u2026\u2026\u2026.\u201d vize ve dan\u0131\u015fman sekt\u00f6r\u00fcnde en ba\u015far\u0131l\u0131 firmadand\u0131r. \u0130\u015fimizi geli\u015ftirilmesi i\u00e7in program yaz\u0131l\u0131mlar\u0131 ve i\u015f takip sisteminin en iyisiyle \u00e7al\u0131\u015fmam\u0131z gerekece\u011fi i\u00e7in s\u00fcrekli toplant\u0131lar, g\u00f6r\u00fc\u015fme ve denetleme organize edece\u011fiz.<\/span><\/p>\n<p><span style=\"font-family: Roboto; font-size: 14px;\">\u00a0A\u015fa\u011f\u0131da bilgisi bulunan ve \u00f6ng\u00f6r\u00fclen toplant\u0131lar tarihinde Sn: \u2026.. \u00dclkenizde yapmalar\u0131 gereken i\u015f seyahatleri i\u00e7in kendisine gerekli olan vizelerin verilmesini arz ederiz. \u00a0\u00a0<\/span><\/p>\n<p><span style=\"font-family: Roboto; font-size: 14px;\">\u0130sim \/ soy ismi\u00a0<\/span><\/p>\n<p><span style=\"font-family: Roboto; font-size: 14px;\">Kaza, hasta, vb. gibi durumda maddi &#8211;\u00a0\u00a0manevi t\u00fcm sorumluluk \u015firketlerimize aittir. \u00a0\u00a0<\/span><\/p>\n<p><span style=\"font-family: Roboto; font-size: 14px;\">\u0130\u00e7indekiler:\u00a0<\/span><\/p>\n<p><span style=\"font-family: Roboto; font-size: 14px;\">\u2022 \u015eirket belgesi.<\/span><\/p>\n<p><span style=\"font-family: Roboto; font-size: 14px;\">\u2022 3 ayl\u0131k banka hareketi.\u00a0<\/span><\/p>\n<p><span style=\"font-family: Roboto; font-size: 14px;\">\u2022 3 Schengen vize fotokopisi.\u00a0<\/span><\/p>\n<p><span style=\"font-family: Roboto; font-size: 14px;\">\u2022 Terc\u00fcme edilmi\u015f dilek\u00e7eler.\u00a0<\/span><\/p>\n<p><span style=\"font-family: Roboto; font-size: 14px;\">\u2022 \u0130ki y\u0131ll\u0131k seyahat sigortas\u0131.<\/span><\/p>\n<p><span style=\"font-family: Roboto; font-size: 14px;\">\u00a0Vize Merkezi\u00a0<\/span><\/p>\n<p><span style=\"font-family: Roboto; font-size: 14px;\">\u015eirket Yetkili \u0130mza<\/span><\/p>\n<p><span style=\"font-family: Roboto; font-size: 14px;\">Ticari vize ba\u015fvuru dilek\u00e7esi, \u0130sve\u00e7 konsoloslu\u011funa hitaben resm\u00ee bir dille yaz\u0131lmal\u0131d\u0131r. \u00a0\u00a0<strong>\u0130sve\u00e7 Ticari Vize talep<\/strong> dilek\u00e7esinde yer alan bilgi dosyaya konulan evrakla desteklenmelidir.<\/span><\/p>\n<p><strong><span style=\"font-family: Roboto;\"><img loading=\"lazy\" decoding=\"async\" src=\"https:\/\/www.myvize.com.tr\/romanya\/wp-content\/uploads\/2021\/07\/aDOBE-LOGO-1.png\" width=\"75\" height=\"75\" \/><span style=\"font-size: 16px;\"> \u00a0\u00a0\u0130sve\u00e7 Ticari Vize Dilek\u00e7e \u00d6rne\u011fi\u00a0 <a href=\"https:\/\/www.myvize.com.tr\/isvec\/wp-content\/uploads\/2021\/12\/Isvec-ticari-dilekce-Ornek-Ankara.pdf\" target=\"_blank\" rel=\"noreferrer noopener\">(<span style=\"color: #2acec2;\">\u0130ndirmek \u0130\u00e7in T\u0131klay\u0131n\u0131z!!)<\/span><\/a><\/span><\/span><\/strong><\/p>\n","protected":false},"excerpt":{"rendered":"<p>\u0130sve\u00e7\u2019e i\u015f ama\u00e7l\u0131 seyahat edecekler (\u015firket \u00e7al\u0131\u015fan\u0131 veya \u015firket sahipleri) \u0130sve\u00e7 ticari vize ba\u015fvurusu yapmak zorundad\u0131rlar.\u00a0\u0130sve\u00e7 ticari vize dilek\u00e7e \u00f6rne\u011fi ile istenen evraklar toparlanarak ba\u015fvurular yap\u0131lmaktad\u0131r. \u0130stenen evraklar y\u0131llara g\u00f6re de\u011fi\u015fiklik g\u00f6sterebilmektedir. Alt\u0131 ayl\u0131k s\u00fcre i\u00e7inde en fazla 90 g\u00fcn konaklamaya izin veren \u0130sve\u00e7 Schengen vize t\u00fcr\u00fcd\u00fcr. \u0130sve\u00e7 Ticari Vize Dilek\u00e7e \u00d6rne\u011fi Hakk\u0131nda \u0130sve\u00e7\u2019e ticari<\/p>\n","protected":false},"author":1,"featured_media":0,"parent":167,"menu_order":0,"comment_status":"open","ping_status":"closed","template":"","meta":{"footnotes":""},"class_list":["post-189","page","type-page","status-publish","hentry"],"yoast_head":"<!-- This site is optimized with the Yoast SEO plugin v24.0 - https:\/\/yoast.com\/wordpress\/plugins\/seo\/ -->\n<title>\u0130sve\u00e7 Ticari Vize Dilek\u00e7e \u00d6rne\u011fi - MyVize<\/title>\n<meta name=\"description\" content=\"\u0130sve\u00e7 Ticari Vize Dilek\u00e7e \u00d6rne\u011fi Nas\u0131l Yaz\u0131l\u0131r? \u0130sve\u00e7 Ticari Vize Dilek\u00e7esi Nas\u0131l Olmal\u0131d\u0131r? Bilgi \u0130\u00e7in Hemen Aray\u0131n: 0850 346 84 93\" \/>\n<meta name=\"robots\" content=\"index, follow, max-snippet:-1, max-image-preview:large, max-video-preview:-1\" \/>\n<link rel=\"canonical\" href=\"https:\/\/www.myvize.com.tr\/isvec\/form-ve-dilekce\/isvec-ticari-vize-dilekce-ornegi\/\" \/>\n<meta property=\"og:locale\" content=\"tr_TR\" \/>\n<meta property=\"og:type\" content=\"article\" \/>\n<meta property=\"og:title\" content=\"\u0130sve\u00e7 Ticari Vize Dilek\u00e7e \u00d6rne\u011fi - MyVize\" \/>\n<meta property=\"og:description\" content=\"\u0130sve\u00e7 Ticari Vize Dilek\u00e7e \u00d6rne\u011fi Nas\u0131l Yaz\u0131l\u0131r? \u0130sve\u00e7 Ticari Vize Dilek\u00e7esi Nas\u0131l Olmal\u0131d\u0131r? Bilgi \u0130\u00e7in Hemen Aray\u0131n: 0850 346 84 93\" \/>\n<meta property=\"og:url\" content=\"https:\/\/www.myvize.com.tr\/isvec\/form-ve-dilekce\/isvec-ticari-vize-dilekce-ornegi\/\" \/>\n<meta property=\"og:site_name\" content=\"\u0130sve\u00e7 Vizesi\" \/>\n<meta property=\"article:modified_time\" content=\"2022-06-23T09:59:44+00:00\" \/>\n<meta property=\"og:image\" content=\"https:\/\/www.myvize.com.tr\/romanya\/wp-content\/uploads\/2021\/07\/aDOBE-LOGO-1.png\" \/>\n<meta name=\"twitter:card\" content=\"summary_large_image\" \/>\n<meta name=\"twitter:label1\" content=\"Tahmini okuma s\u00fcresi\" \/>\n\t<meta name=\"twitter:data1\" content=\"4 dakika\" \/>\n<script type=\"application\/ld+json\" class=\"yoast-schema-graph\">{\"@context\":\"https:\/\/schema.org\",\"@graph\":[{\"@type\":\"WebPage\",\"@id\":\"https:\/\/www.myvize.com.tr\/isvec\/form-ve-dilekce\/isvec-ticari-vize-dilekce-ornegi\/\",\"url\":\"https:\/\/www.myvize.com.tr\/isvec\/form-ve-dilekce\/isvec-ticari-vize-dilekce-ornegi\/\",\"name\":\"\u0130sve\u00e7 Ticari Vize Dilek\u00e7e \u00d6rne\u011fi - MyVize\",\"isPartOf\":{\"@id\":\"https:\/\/www.myvize.com.tr\/isvec\/#website\"},\"primaryImageOfPage\":{\"@id\":\"https:\/\/www.myvize.com.tr\/isvec\/form-ve-dilekce\/isvec-ticari-vize-dilekce-ornegi\/#primaryimage\"},\"image\":{\"@id\":\"https:\/\/www.myvize.com.tr\/isvec\/form-ve-dilekce\/isvec-ticari-vize-dilekce-ornegi\/#primaryimage\"},\"thumbnailUrl\":\"https:\/\/www.myvize.com.tr\/romanya\/wp-content\/uploads\/2021\/07\/aDOBE-LOGO-1.png\",\"datePublished\":\"2020-12-24T14:54:39+00:00\",\"dateModified\":\"2022-06-23T09:59:44+00:00\",\"description\":\"\u0130sve\u00e7 Ticari Vize Dilek\u00e7e \u00d6rne\u011fi Nas\u0131l Yaz\u0131l\u0131r? \u0130sve\u00e7 Ticari Vize Dilek\u00e7esi Nas\u0131l Olmal\u0131d\u0131r? Bilgi \u0130\u00e7in Hemen Aray\u0131n: 0850 346 84 93\",\"breadcrumb\":{\"@id\":\"https:\/\/www.myvize.com.tr\/isvec\/form-ve-dilekce\/isvec-ticari-vize-dilekce-ornegi\/#breadcrumb\"},\"inLanguage\":\"tr\",\"potentialAction\":[{\"@type\":\"ReadAction\",\"target\":[\"https:\/\/www.myvize.com.tr\/isvec\/form-ve-dilekce\/isvec-ticari-vize-dilekce-ornegi\/\"]}]},{\"@type\":\"ImageObject\",\"inLanguage\":\"tr\",\"@id\":\"https:\/\/www.myvize.com.tr\/isvec\/form-ve-dilekce\/isvec-ticari-vize-dilekce-ornegi\/#primaryimage\",\"url\":\"https:\/\/www.myvize.com.tr\/romanya\/wp-content\/uploads\/2021\/07\/aDOBE-LOGO-1.png\",\"contentUrl\":\"https:\/\/www.myvize.com.tr\/romanya\/wp-content\/uploads\/2021\/07\/aDOBE-LOGO-1.png\"},{\"@type\":\"BreadcrumbList\",\"@id\":\"https:\/\/www.myvize.com.tr\/isvec\/form-ve-dilekce\/isvec-ticari-vize-dilekce-ornegi\/#breadcrumb\",\"itemListElement\":[{\"@type\":\"ListItem\",\"position\":1,\"name\":\"Anasayfa\",\"item\":\"https:\/\/www.myvize.com.tr\/isvec\/\"},{\"@type\":\"ListItem\",\"position\":2,\"name\":\"FORM VE D\u0130LEK\u00c7E\",\"item\":\"https:\/\/www.myvize.com.tr\/isvec\/form-ve-dilekce\/\"},{\"@type\":\"ListItem\",\"position\":3,\"name\":\"\u0130sve\u00e7 Ticari Vize Dilek\u00e7e \u00d6rne\u011fi\"}]},{\"@type\":\"WebSite\",\"@id\":\"https:\/\/www.myvize.com.tr\/isvec\/#website\",\"url\":\"https:\/\/www.myvize.com.tr\/isvec\/\",\"name\":\"\u0130sve\u00e7 Vizesi\",\"description\":\"\",\"potentialAction\":[{\"@type\":\"SearchAction\",\"target\":{\"@type\":\"EntryPoint\",\"urlTemplate\":\"https:\/\/www.myvize.com.tr\/isvec\/?s={search_term_string}\"},\"query-input\":{\"@type\":\"PropertyValueSpecification\",\"valueRequired\":true,\"valueName\":\"search_term_string\"}}],\"inLanguage\":\"tr\"}]}<\/script>\n<!-- \/ Yoast SEO plugin. -->","yoast_head_json":{"title":"\u0130sve\u00e7 Ticari Vize Dilek\u00e7e \u00d6rne\u011fi - MyVize","description":"\u0130sve\u00e7 Ticari Vize Dilek\u00e7e \u00d6rne\u011fi Nas\u0131l Yaz\u0131l\u0131r? \u0130sve\u00e7 Ticari Vize Dilek\u00e7esi Nas\u0131l Olmal\u0131d\u0131r? Bilgi \u0130\u00e7in Hemen Aray\u0131n: 0850 346 84 93","robots":{"index":"index","follow":"follow","max-snippet":"max-snippet:-1","max-image-preview":"max-image-preview:large","max-video-preview":"max-video-preview:-1"},"canonical":"https:\/\/www.myvize.com.tr\/isvec\/form-ve-dilekce\/isvec-ticari-vize-dilekce-ornegi\/","og_locale":"tr_TR","og_type":"article","og_title":"\u0130sve\u00e7 Ticari Vize Dilek\u00e7e \u00d6rne\u011fi - MyVize","og_description":"\u0130sve\u00e7 Ticari Vize Dilek\u00e7e \u00d6rne\u011fi Nas\u0131l Yaz\u0131l\u0131r? \u0130sve\u00e7 Ticari Vize Dilek\u00e7esi Nas\u0131l Olmal\u0131d\u0131r? Bilgi \u0130\u00e7in Hemen Aray\u0131n: 0850 346 84 93","og_url":"https:\/\/www.myvize.com.tr\/isvec\/form-ve-dilekce\/isvec-ticari-vize-dilekce-ornegi\/","og_site_name":"\u0130sve\u00e7 Vizesi","article_modified_time":"2022-06-23T09:59:44+00:00","og_image":[{"url":"https:\/\/www.myvize.com.tr\/romanya\/wp-content\/uploads\/2021\/07\/aDOBE-LOGO-1.png","type":"","width":"","height":""}],"twitter_card":"summary_large_image","twitter_misc":{"Tahmini okuma s\u00fcresi":"4 dakika"},"schema":{"@context":"https:\/\/schema.org","@graph":[{"@type":"WebPage","@id":"https:\/\/www.myvize.com.tr\/isvec\/form-ve-dilekce\/isvec-ticari-vize-dilekce-ornegi\/","url":"https:\/\/www.myvize.com.tr\/isvec\/form-ve-dilekce\/isvec-ticari-vize-dilekce-ornegi\/","name":"\u0130sve\u00e7 Ticari Vize Dilek\u00e7e \u00d6rne\u011fi - MyVize","isPartOf":{"@id":"https:\/\/www.myvize.com.tr\/isvec\/#website"},"primaryImageOfPage":{"@id":"https:\/\/www.myvize.com.tr\/isvec\/form-ve-dilekce\/isvec-ticari-vize-dilekce-ornegi\/#primaryimage"},"image":{"@id":"https:\/\/www.myvize.com.tr\/isvec\/form-ve-dilekce\/isvec-ticari-vize-dilekce-ornegi\/#primaryimage"},"thumbnailUrl":"https:\/\/www.myvize.com.tr\/romanya\/wp-content\/uploads\/2021\/07\/aDOBE-LOGO-1.png","datePublished":"2020-12-24T14:54:39+00:00","dateModified":"2022-06-23T09:59:44+00:00","description":"\u0130sve\u00e7 Ticari Vize Dilek\u00e7e \u00d6rne\u011fi Nas\u0131l Yaz\u0131l\u0131r? \u0130sve\u00e7 Ticari Vize Dilek\u00e7esi Nas\u0131l Olmal\u0131d\u0131r? Bilgi \u0130\u00e7in Hemen Aray\u0131n: 0850 346 84 93","breadcrumb":{"@id":"https:\/\/www.myvize.com.tr\/isvec\/form-ve-dilekce\/isvec-ticari-vize-dilekce-ornegi\/#breadcrumb"},"inLanguage":"tr","potentialAction":[{"@type":"ReadAction","target":["https:\/\/www.myvize.com.tr\/isvec\/form-ve-dilekce\/isvec-ticari-vize-dilekce-ornegi\/"]}]},{"@type":"ImageObject","inLanguage":"tr","@id":"https:\/\/www.myvize.com.tr\/isvec\/form-ve-dilekce\/isvec-ticari-vize-dilekce-ornegi\/#primaryimage","url":"https:\/\/www.myvize.com.tr\/romanya\/wp-content\/uploads\/2021\/07\/aDOBE-LOGO-1.png","contentUrl":"https:\/\/www.myvize.com.tr\/romanya\/wp-content\/uploads\/2021\/07\/aDOBE-LOGO-1.png"},{"@type":"BreadcrumbList","@id":"https:\/\/www.myvize.com.tr\/isvec\/form-ve-dilekce\/isvec-ticari-vize-dilekce-ornegi\/#breadcrumb","itemListElement":[{"@type":"ListItem","position":1,"name":"Anasayfa","item":"https:\/\/www.myvize.com.tr\/isvec\/"},{"@type":"ListItem","position":2,"name":"FORM VE D\u0130LEK\u00c7E","item":"https:\/\/www.myvize.com.tr\/isvec\/form-ve-dilekce\/"},{"@type":"ListItem","position":3,"name":"\u0130sve\u00e7 Ticari Vize Dilek\u00e7e \u00d6rne\u011fi"}]},{"@type":"WebSite","@id":"https:\/\/www.myvize.com.tr\/isvec\/#website","url":"https:\/\/www.myvize.com.tr\/isvec\/","name":"\u0130sve\u00e7 Vizesi","description":"","potentialAction":[{"@type":"SearchAction","target":{"@type":"EntryPoint","urlTemplate":"https:\/\/www.myvize.com.tr\/isvec\/?s={search_term_string}"},"query-input":{"@type":"PropertyValueSpecification","valueRequired":true,"valueName":"search_term_string"}}],"inLanguage":"tr"}]}},"_links":{"self":[{"href":"https:\/\/www.myvize.com.tr\/isvec\/wp-json\/wp\/v2\/pages\/189","targetHints":{"allow":["GET"]}}],"collection":[{"href":"https:\/\/www.myvize.com.tr\/isvec\/wp-json\/wp\/v2\/pages"}],"about":[{"href":"https:\/\/www.myvize.com.tr\/isvec\/wp-json\/wp\/v2\/types\/page"}],"author":[{"embeddable":true,"href":"https:\/\/www.myvize.com.tr\/isvec\/wp-json\/wp\/v2\/users\/1"}],"replies":[{"embeddable":true,"href":"https:\/\/www.myvize.com.tr\/isvec\/wp-json\/wp\/v2\/comments?post=189"}],"version-history":[{"count":8,"href":"https:\/\/www.myvize.com.tr\/isvec\/wp-json\/wp\/v2\/pages\/189\/revisions"}],"predecessor-version":[{"id":516,"href":"https:\/\/www.myvize.com.tr\/isvec\/wp-json\/wp\/v2\/pages\/189\/revisions\/516"}],"up":[{"embeddable":true,"href":"https:\/\/www.myvize.com.tr\/isvec\/wp-json\/wp\/v2\/pages\/167"}],"wp:attachment":[{"href":"https:\/\/www.myvize.com.tr\/isvec\/wp-json\/wp\/v2\/media?parent=189"}],"curies":[{"name":"wp","href":"https:\/\/api.w.org\/{rel}","templated":true}]}}