{"id":191,"date":"2020-12-24T17:55:01","date_gmt":"2020-12-24T14:55:01","guid":{"rendered":"https:\/\/www.myvize.com.tr\/isvec\/?page_id=191"},"modified":"2022-04-14T14:12:22","modified_gmt":"2022-04-14T11:12:22","slug":"isvec-fotograf-olculeri","status":"publish","type":"page","link":"https:\/\/www.myvize.com.tr\/isvec\/form-ve-dilekce\/isvec-fotograf-olculeri\/","title":{"rendered":"\u0130sve\u00e7 Foto\u011fraf \u00d6l\u00e7\u00fcleri"},"content":{"rendered":"<h2><span style=\"font-family: Roboto; font-size: 27px;\"><strong>\u0130sve\u00e7 Foto\u011fraf \u00d6l\u00e7\u00fcleri 2022<\/strong><\/span><\/h2>\n<p><span style=\"font-family: Roboto; font-size: 14px;\"><span style=\"color: #2acec2;\"><strong><a style=\"color: #2acec2;\" href=\"https:\/\/www.myvize.com.tr\/isvec\/vize-islemleri\/isvec-vizesi\/\" target=\"_blank\" rel=\"noopener\">\u0130sve\u00e7 vizesi<\/a><\/strong><\/span> ba\u015fvurusunda bulunacak adaydan istenen ba\u015fvuru evrak\u0131 aras\u0131nda 2 adet biyometrik foto\u011fraf bulunmakta. ICAO standard\u0131na uygun \u00e7ekilme gereken biyometrik foto\u011frafla ilgili belirli \u015fart bulunmaktad\u0131r. Bu \u015fart\u0131 sa\u011flamayan foto\u011fraf vize ba\u015fvuru sonucunu olumsuz olarak etkileyece\u011fi i\u00e7in bu konuya olan hassasiyet artmakta. Standart biyometrik foto\u011fraf boyutu 50 mm geni\u015fli\u011fe ve 60 mm y\u00fcksekli\u011fe olmas\u0131na kar\u015f\u0131n <span style=\"color: #2acec2;\"><strong><a style=\"color: #2acec2;\" href=\"https:\/\/www.myvize.com.tr\/isvec\/isvec-vize-basvurusu\/\" target=\"_blank\" rel=\"noopener\">\u0130sve\u00e7 vize ba\u015fvurusu<\/a><\/strong><\/span> i\u00e7in foto\u011fraf\u0131n 35 mm geni\u015fli\u011fe ve 45 mm y\u00fcksekli\u011fe sahip olmas\u0131 istenmektedir. Adaylar, foto\u011fraf \u00e7ekim esnas\u0131nda bu husus belirterek uygun boyutta foto\u011fraf istemelidir. <strong>\u0130sve\u00e7 vize ba\u015fvuru<\/strong> i\u00e7in kullan\u0131lacak vize ba\u015fvurusu foto\u011fraf\u0131 beyaz arka fon kullanarak \u00e7ekilmelidir. Beyaz arka fonun ayn\u0131 zaman da desensiz olmas\u0131 ve foto\u011fraf \u00e7ekim esnas\u0131nda \u00fczerine g\u00f6lge d\u00fc\u015fmesi gerekir. Foto\u011fraf da ayr\u0131nt\u0131 net bir \u015fekilde belli olmas\u0131, foto\u011fraf\u0131n \u0131\u015f\u0131\u011f\u0131 iyi ayarlanarak k\u0131rm\u0131z\u0131 g\u00f6z olu\u015fum engellenmeli. Foto\u011frafta b\u00fck\u00fclme ve lekeler istenmemekte olup rengin ki\u015finin do\u011fal rengini en iyi \u015fekilde yans\u0131tacak bi\u00e7imde olmas\u0131 istenmekte.<\/span><br \/>\n<span style=\"font-family: Roboto; font-size: 14px;\">Foto\u011frafta bulunulan durum g\u00f6re ya\u015fan\u0131lan de\u011fi\u015fim sebebiyle vize onaylar\u0131 \u00e7\u0131kmayaca\u011f\u0131 gibi pasaport kontrol s\u0131ras\u0131nda da problem \u00e7\u0131kabilmektedir.<\/span><\/p>\n<h2><strong><span style=\"font-family: Roboto; font-size: 27px;\">\u0130sve\u00e7 Biyometrik Foto\u011fraf \u0130stiyor Mu?<\/span><\/strong><\/h2>\n<p><span style=\"font-family: Roboto; font-size: 14px;\"><strong>\u0130sve\u00e7 vizesi<\/strong> alacak olan ki\u015filer,<strong> \u0130sve\u00e7 vize ba\u015fvurusu i<\/strong>\u00e7in gerekli olan vize evraklar\u0131n\u0131 haz\u0131rlamal\u0131d\u0131r. <strong>\u0130sve\u00e7 vizesi<\/strong> alacak olan ki\u015filer, <strong>\u0130sve\u00e7 vize ba\u015fvurusu<\/strong> i\u00e7in foto\u011fraf haz\u0131rlamal\u0131d\u0131r. <strong>\u0130sve\u00e7 vize ba\u015fvurusu<\/strong> yapacak olan ki\u015filer, biyometrik foto\u011fraf haz\u0131rlamas\u0131 gerekip gerekmedi\u011fi hakk\u0131nda ara\u015ft\u0131rma yapmaktad\u0131r. Bu yaz\u0131da <strong>\u0130sve\u00e7 vizesi<\/strong> i\u00e7in \u201c\u0130sve\u00e7 biyometrik foto\u011fraf istiyor mu?\u201d sorusuna cevap verilmi\u015ftir.<\/span><\/p>\n<p><span style=\"font-family: Roboto; font-size: 14px;\"><strong>\u0130sve\u00e7 vizesi alacak<\/strong> olan ki\u015filerin haz\u0131rlamas\u0131 gereken vize t\u00fcr\u00fc \u201cbiyometrik\u201d foto\u011fraft\u0131r. Yani \u0130sve\u00e7 vizesi alacak olan ki\u015filerin haz\u0131rlamas\u0131 gereken foto\u011fraf biyometrik foto\u011fraf \u00f6zellikleri ile haz\u0131rlanmal\u0131d\u0131r.<\/span><\/p>\n<p><span style=\"font-family: Roboto; font-size: 14px;\"><strong>\u0130sve\u00e7 vize ba\u015fvurusu<\/strong> yapacak olan ki\u015filer, <strong>35X45 mm<\/strong> boyutunda biyomtrik foto\u011fraf haz\u0131rlamal\u0131d\u0131r. Foto\u011fraf\u0131n beyaz ya da gri fon \u00fczerinde olmas\u0131 gerekmektedir. Foto\u011fraf\u0131 \u00e7ektiren ki\u015filer normal y\u00fcz ifadesi ile foto\u011fraf \u00e7ektirmelidir. \u00a0\u00a0<\/span><\/p>\n<h2><strong><span style=\"font-family: Roboto; font-size: 27px;\">\u0130sve\u00e7 Foto\u011fraf \u00d6l\u00e7\u00fcleri Nedir?<\/span><\/strong><\/h2>\n<p><span style=\"font-family: Roboto; font-size: 14px;\"><strong>\u0130sve\u00e7 vizesi<\/strong> i\u00e7in foto\u011fraf \u00e7ektirecek olan ki\u015filer, \u0130sve\u00e7 foto\u011fraf \u00f6l\u00e7\u00fcleri hakk\u0131nda ara\u015ft\u0131rma yapmaktad\u0131r. Bu yaz\u0131da<strong> \u0130sve\u00e7 vizesi alacak<\/strong> olan ki\u015filer i\u00e7in \u0130sve\u00e7 vizesi ba\u015fvurusu yapacak olan ki\u015filer i\u00e7in \u201c\u0130sve\u00e7 foto\u011fraf \u00f6l\u00e7\u00fcleri nedir?\u201d sorusunun cevab\u0131 verilmi\u015ftir.<\/span><\/p>\n<ul>\n<li><span style=\"font-family: Roboto; font-size: 14px;\"><strong>\u0130sve\u00e7 vizesi<\/strong> i\u00e7in foto\u011fraf \u00e7ektirecek olan ki\u015filerin haz\u0131rlamas\u0131 gereken foto\u011fraf biyometrik foto\u011fraf \u00f6zelli\u011fi ta\u015f\u0131mal\u0131d\u0131r.<\/span><\/li>\n<li><span style=\"font-family: Roboto; font-size: 14px;\"><strong>\u0130sve\u00e7 foto\u011fraf \u00f6l\u00e7\u00fcs\u00fc<\/strong> 35X45 mm boyutunda olmal\u0131d\u0131r.<\/span><\/li>\n<li><span style=\"font-family: Roboto; font-size: 14px;\">\u0130sve\u00e7 foto\u011fraf \u00f6l\u00e7\u00fclerinden \u00e7ene ve sa\u00e7 bitim noktas\u0131 aras\u0131ndaki mesafe en fazla 36 mm olmal\u0131d\u0131r.<\/span><\/li>\n<li><span style=\"font-family: Roboto; font-size: 14px;\">Kafa boyutu foto\u011fraf\u0131n y\u00fczde 70 ile 80\u2019ini kapsamal\u0131d\u0131r.<\/span><\/li>\n<li><span style=\"font-family: Roboto; font-size: 14px;\">Foto\u011fraf\u0131n lekesiz, y\u0131pranmam\u0131\u015f ve g\u00fcncel olmas\u0131 gerekmektedir.<\/span><\/li>\n<li><span style=\"font-family: Roboto; font-size: 14px;\">G\u00f6vde ve kamera aras\u0131ndaki mesafe minimum 40 cm olmal\u0131d\u0131r.<\/span><\/li>\n<li><span style=\"font-family: Roboto; font-size: 14px;\"><strong>\u0130sve\u00e7 vize<\/strong> foto\u011fraf\u0131nda \u00e7\u00f6z\u00fcn\u00fcrl\u00fck 600 dpi \u015feklinde olmal\u0131d\u0131r.<\/span><\/li>\n<\/ul>\n<h2><strong><span style=\"font-family: Roboto; font-size: 27px;\">\u0130sve\u00e7 Foto\u011fraf \u00d6l\u00e7\u00fc \u00d6zellikleri<\/span><\/strong><\/h2>\n<p><span style=\"font-family: Roboto; font-size: 14px;\">\u0130sve\u00e7\u2019e seyahat edecek olan ki\u015filer, <strong>\u0130sve\u00e7 seyahatleri<\/strong> i\u00e7in biyometrik foto\u011fraf haz\u0131rlamal\u0131d\u0131r. Biyometrik foto\u011fraf \u00e7ektirecek olan ki\u015filer, \u0130sve\u00e7 foto\u011fraf \u00f6l\u00e7\u00fc \u00f6zellikleri hakk\u0131nda ara\u015ft\u0131rma yapmaktad\u0131r. Bu yaz\u0131da <strong>\u0130sve\u00e7 Foto\u011fraf \u00d6l\u00e7\u00fc<\/strong> \u00f6zellikleri hakk\u0131nda bilgi verilmi\u015ftir.<\/span><\/p>\n<ul>\n<li><span style=\"font-family: Roboto; font-size: 14px;\"><strong>\u0130sve\u00e7 foto\u011fraf\u0131<\/strong> biyometrik \u00f6zelliklerde olmal\u0131 ve 35X45 mm boyutunda olmal\u0131d\u0131r.<\/span><\/li>\n<li><span style=\"font-family: Roboto; font-size: 14px;\">Foto\u011fraf\u0131n beyaz bir arka planda olmas\u0131 gerekmektedir. <strong>\u0130sve\u00e7 vize<\/strong> foto\u011fraf\u0131nda kadraja ba\u015fka bir \u015fey ge\u00e7memelidir.<\/span><\/li>\n<li><span style=\"font-family: Roboto; font-size: 14px;\"><strong>\u0130sve\u00e7 vize<\/strong> foto\u011fraf\u0131nda omzunuzun \u00fcst taraf\u0131ndan y\u00fcz\u00fcn\u00fcn\u00fcz tamam\u0131 olacak \u015fekilde \u00e7ekilmelidir.<\/span><\/li>\n<li><span style=\"font-family: Roboto; font-size: 14px;\">Foto\u011fraf \u00e7ektiren ki\u015fi normal y\u00fcz ifadesini tak\u0131nmal\u0131d\u0131r. Foto\u011fraf \u00e7ektirirken g\u00fcl\u00fcnmemelidir.<\/span><\/li>\n<li><span style=\"font-family: Roboto; font-size: 14px;\"><strong>\u0130sve\u00e7 vize foto\u011fraf\u0131,<\/strong> \u00e7izilmemi\u015f, y\u0131pranmam\u0131\u015f, k\u0131r\u0131\u015f\u0131k olmayacak bir \u015fekilde haz\u0131rlanmal\u0131d\u0131r.<\/span><\/li>\n<li><span style=\"font-family: Roboto; font-size: 14px;\"><strong>\u0130sve\u00e7 vize foto\u011fraf\u0131<\/strong> daha \u00f6nce ba\u015fka bir vize ba\u015fvurusunda kullan\u0131lmam\u0131\u015f olmal\u0131d\u0131r.<\/span><\/li>\n<li><span style=\"font-family: Roboto; font-size: 14px;\">\u0130sve\u00e7 vize foto\u011fraf\u0131 en fazla 6 ay i\u00e7erisinde \u00e7ekilmi\u015f olmal\u0131d\u0131r.<\/span><\/li>\n<\/ul>\n<h3><strong><span style=\"font-family: Roboto; font-size: 24px;\">\u0130sve\u00e7 Foto\u011fraf \u00d6l\u00e7\u00fclerinde Dikkat Edilmesi Gerekenler<\/span><\/strong><\/h3>\n<p><span style=\"font-family: Roboto; font-size: 14px;\"><strong>\u0130sve\u00e7\u2019e seyahat etmek<\/strong> isteyen ki\u015filer seyahatleri i\u00e7in gerekli olan evraklar\u0131 haz\u0131rlamal\u0131d\u0131r. <strong>\u0130sve\u00e7 vize evraklar\u0131<\/strong> aras\u0131nda<strong> \u0130sve\u00e7 vize foto\u011fraf\u0131<\/strong> da bulunmaktad\u0131r. <strong>\u0130sve\u00e7 vize ba\u015fvurusu<\/strong> yapacak olan ki\u015filer<strong> \u0130sve\u00e7 foto\u011fraf<\/strong> \u00f6l\u00e7\u00fclerinde dikkat edilmesi gereken konular\u0131 ara\u015ft\u0131rmaktad\u0131r. Bu yaz\u0131da \u0130sve\u00e7 foto\u011fraf \u00f6l\u00e7\u00fclerinde dikkat edilmesi gerekenler hakk\u0131nda bilgi verilmi\u015ftir.<\/span><\/p>\n<ul>\n<li><span style=\"font-family: Roboto; font-size: 14px;\"><strong>\u0130sve\u00e7 vize ba\u015fvurusu<\/strong> yapacak olan ki\u015filerin haz\u0131rlamas\u0131 gereken foto\u011fraf biyometrik foto\u011fraft\u0131r. Foto\u011fraf \u00f6l\u00e7\u00fcleri <strong>35X45 mm<\/strong> boyutunda olmal\u0131d\u0131r.<\/span><\/li>\n<li><span style=\"font-family: Roboto; font-size: 14px;\">Foto\u011frafta kafa boyutu y\u00fczde 70 ile 80 aras\u0131ndaki alan\u0131 kapsamal\u0131d\u0131r.<\/span><\/li>\n<li><span style=\"font-family: Roboto; font-size: 14px;\"><strong>\u0130sve\u00e7 vize<\/strong> ba\u015fvurusunda bulunacak olan ki\u015filerin t\u00fcm y\u00fcz hatlar\u0131 foto\u011frafta belirgin olmal\u0131d\u0131r.<\/span><\/li>\n<li><span style=\"font-family: Roboto; font-size: 14px;\">\u0130sve\u00e7 biyometrik foto\u011fraf\u0131 bulan\u0131k ve \u00e7ok parlak olmamal\u0131d\u0131r.<\/span><\/li>\n<li><span style=\"font-family: Roboto; font-size: 14px;\">Foto\u011frafta herhangi bir yans\u0131ma ve g\u00f6lge olmamal\u0131d\u0131r.<\/span><\/li>\n<li><span style=\"font-family: Roboto; font-size: 14px;\">Foto\u011frafta tan\u0131nman\u0131z\u0131 ve y\u00fcz hatlar\u0131n\u0131z\u0131 kapatacak herhangi bir obje kullan\u0131lmamal\u0131d\u0131r.<\/span><\/li>\n<\/ul>\n","protected":false},"excerpt":{"rendered":"<p>\u0130sve\u00e7 Foto\u011fraf \u00d6l\u00e7\u00fcleri 2022 \u0130sve\u00e7 vizesi ba\u015fvurusunda bulunacak adaydan istenen ba\u015fvuru evrak\u0131 aras\u0131nda 2 adet biyometrik foto\u011fraf bulunmakta. ICAO standard\u0131na uygun \u00e7ekilme gereken biyometrik foto\u011frafla ilgili belirli \u015fart bulunmaktad\u0131r. Bu \u015fart\u0131 sa\u011flamayan foto\u011fraf vize ba\u015fvuru sonucunu olumsuz olarak etkileyece\u011fi i\u00e7in bu konuya olan hassasiyet artmakta. Standart biyometrik foto\u011fraf boyutu 50 mm geni\u015fli\u011fe ve 60 mm<\/p>\n","protected":false},"author":1,"featured_media":0,"parent":167,"menu_order":0,"comment_status":"open","ping_status":"closed","template":"","meta":{"footnotes":""},"class_list":["post-191","page","type-page","status-publish","hentry"],"yoast_head":"<!-- This site is optimized with the Yoast SEO plugin v24.0 - https:\/\/yoast.com\/wordpress\/plugins\/seo\/ -->\n<title>\u0130sve\u00e7 Foto\u011fraf \u00d6l\u00e7\u00fcleri - MyVize Vize Ba\u015fvuru Merkezi<\/title>\n<meta name=\"description\" content=\"\u0130sve\u00e7 Foto\u011fraf \u00d6l\u00e7\u00fcleri Nelerdir? \u0130sve\u00e7 Foto\u011fraf \u00d6l\u00e7\u00fc \u00d6zellikleri Neler? Bilgi \u0130\u00e7in Vize Uzmanlar\u0131m\u0131z\u0131 Aray\u0131n: 0850 346 84 93\" \/>\n<meta name=\"robots\" content=\"index, follow, max-snippet:-1, max-image-preview:large, max-video-preview:-1\" \/>\n<link rel=\"canonical\" href=\"https:\/\/www.myvize.com.tr\/isvec\/form-ve-dilekce\/isvec-fotograf-olculeri\/\" \/>\n<meta property=\"og:locale\" content=\"tr_TR\" \/>\n<meta property=\"og:type\" content=\"article\" \/>\n<meta property=\"og:title\" content=\"\u0130sve\u00e7 Foto\u011fraf \u00d6l\u00e7\u00fcleri - MyVize Vize Ba\u015fvuru Merkezi\" \/>\n<meta property=\"og:description\" content=\"\u0130sve\u00e7 Foto\u011fraf \u00d6l\u00e7\u00fcleri Nelerdir? \u0130sve\u00e7 Foto\u011fraf \u00d6l\u00e7\u00fc \u00d6zellikleri Neler? Bilgi \u0130\u00e7in Vize Uzmanlar\u0131m\u0131z\u0131 Aray\u0131n: 0850 346 84 93\" \/>\n<meta property=\"og:url\" content=\"https:\/\/www.myvize.com.tr\/isvec\/form-ve-dilekce\/isvec-fotograf-olculeri\/\" \/>\n<meta property=\"og:site_name\" content=\"\u0130sve\u00e7 Vizesi\" \/>\n<meta property=\"article:modified_time\" content=\"2022-04-14T11:12:22+00:00\" \/>\n<meta name=\"twitter:card\" content=\"summary_large_image\" \/>\n<meta name=\"twitter:label1\" content=\"Tahmini okuma s\u00fcresi\" \/>\n\t<meta name=\"twitter:data1\" content=\"3 dakika\" \/>\n<script type=\"application\/ld+json\" class=\"yoast-schema-graph\">{\"@context\":\"https:\/\/schema.org\",\"@graph\":[{\"@type\":\"WebPage\",\"@id\":\"https:\/\/www.myvize.com.tr\/isvec\/form-ve-dilekce\/isvec-fotograf-olculeri\/\",\"url\":\"https:\/\/www.myvize.com.tr\/isvec\/form-ve-dilekce\/isvec-fotograf-olculeri\/\",\"name\":\"\u0130sve\u00e7 Foto\u011fraf \u00d6l\u00e7\u00fcleri - MyVize Vize Ba\u015fvuru Merkezi\",\"isPartOf\":{\"@id\":\"https:\/\/www.myvize.com.tr\/isvec\/#website\"},\"datePublished\":\"2020-12-24T14:55:01+00:00\",\"dateModified\":\"2022-04-14T11:12:22+00:00\",\"description\":\"\u0130sve\u00e7 Foto\u011fraf \u00d6l\u00e7\u00fcleri Nelerdir? \u0130sve\u00e7 Foto\u011fraf \u00d6l\u00e7\u00fc \u00d6zellikleri Neler? Bilgi \u0130\u00e7in Vize Uzmanlar\u0131m\u0131z\u0131 Aray\u0131n: 0850 346 84 93\",\"breadcrumb\":{\"@id\":\"https:\/\/www.myvize.com.tr\/isvec\/form-ve-dilekce\/isvec-fotograf-olculeri\/#breadcrumb\"},\"inLanguage\":\"tr\",\"potentialAction\":[{\"@type\":\"ReadAction\",\"target\":[\"https:\/\/www.myvize.com.tr\/isvec\/form-ve-dilekce\/isvec-fotograf-olculeri\/\"]}]},{\"@type\":\"BreadcrumbList\",\"@id\":\"https:\/\/www.myvize.com.tr\/isvec\/form-ve-dilekce\/isvec-fotograf-olculeri\/#breadcrumb\",\"itemListElement\":[{\"@type\":\"ListItem\",\"position\":1,\"name\":\"Anasayfa\",\"item\":\"https:\/\/www.myvize.com.tr\/isvec\/\"},{\"@type\":\"ListItem\",\"position\":2,\"name\":\"FORM VE D\u0130LEK\u00c7E\",\"item\":\"https:\/\/www.myvize.com.tr\/isvec\/form-ve-dilekce\/\"},{\"@type\":\"ListItem\",\"position\":3,\"name\":\"\u0130sve\u00e7 Foto\u011fraf \u00d6l\u00e7\u00fcleri\"}]},{\"@type\":\"WebSite\",\"@id\":\"https:\/\/www.myvize.com.tr\/isvec\/#website\",\"url\":\"https:\/\/www.myvize.com.tr\/isvec\/\",\"name\":\"\u0130sve\u00e7 Vizesi\",\"description\":\"\",\"potentialAction\":[{\"@type\":\"SearchAction\",\"target\":{\"@type\":\"EntryPoint\",\"urlTemplate\":\"https:\/\/www.myvize.com.tr\/isvec\/?s={search_term_string}\"},\"query-input\":{\"@type\":\"PropertyValueSpecification\",\"valueRequired\":true,\"valueName\":\"search_term_string\"}}],\"inLanguage\":\"tr\"}]}<\/script>\n<!-- \/ Yoast SEO plugin. -->","yoast_head_json":{"title":"\u0130sve\u00e7 Foto\u011fraf \u00d6l\u00e7\u00fcleri - MyVize Vize Ba\u015fvuru Merkezi","description":"\u0130sve\u00e7 Foto\u011fraf \u00d6l\u00e7\u00fcleri Nelerdir? \u0130sve\u00e7 Foto\u011fraf \u00d6l\u00e7\u00fc \u00d6zellikleri Neler? Bilgi \u0130\u00e7in Vize Uzmanlar\u0131m\u0131z\u0131 Aray\u0131n: 0850 346 84 93","robots":{"index":"index","follow":"follow","max-snippet":"max-snippet:-1","max-image-preview":"max-image-preview:large","max-video-preview":"max-video-preview:-1"},"canonical":"https:\/\/www.myvize.com.tr\/isvec\/form-ve-dilekce\/isvec-fotograf-olculeri\/","og_locale":"tr_TR","og_type":"article","og_title":"\u0130sve\u00e7 Foto\u011fraf \u00d6l\u00e7\u00fcleri - MyVize Vize Ba\u015fvuru Merkezi","og_description":"\u0130sve\u00e7 Foto\u011fraf \u00d6l\u00e7\u00fcleri Nelerdir? \u0130sve\u00e7 Foto\u011fraf \u00d6l\u00e7\u00fc \u00d6zellikleri Neler? Bilgi \u0130\u00e7in Vize Uzmanlar\u0131m\u0131z\u0131 Aray\u0131n: 0850 346 84 93","og_url":"https:\/\/www.myvize.com.tr\/isvec\/form-ve-dilekce\/isvec-fotograf-olculeri\/","og_site_name":"\u0130sve\u00e7 Vizesi","article_modified_time":"2022-04-14T11:12:22+00:00","twitter_card":"summary_large_image","twitter_misc":{"Tahmini okuma s\u00fcresi":"3 dakika"},"schema":{"@context":"https:\/\/schema.org","@graph":[{"@type":"WebPage","@id":"https:\/\/www.myvize.com.tr\/isvec\/form-ve-dilekce\/isvec-fotograf-olculeri\/","url":"https:\/\/www.myvize.com.tr\/isvec\/form-ve-dilekce\/isvec-fotograf-olculeri\/","name":"\u0130sve\u00e7 Foto\u011fraf \u00d6l\u00e7\u00fcleri - MyVize Vize Ba\u015fvuru Merkezi","isPartOf":{"@id":"https:\/\/www.myvize.com.tr\/isvec\/#website"},"datePublished":"2020-12-24T14:55:01+00:00","dateModified":"2022-04-14T11:12:22+00:00","description":"\u0130sve\u00e7 Foto\u011fraf \u00d6l\u00e7\u00fcleri Nelerdir? \u0130sve\u00e7 Foto\u011fraf \u00d6l\u00e7\u00fc \u00d6zellikleri Neler? Bilgi \u0130\u00e7in Vize Uzmanlar\u0131m\u0131z\u0131 Aray\u0131n: 0850 346 84 93","breadcrumb":{"@id":"https:\/\/www.myvize.com.tr\/isvec\/form-ve-dilekce\/isvec-fotograf-olculeri\/#breadcrumb"},"inLanguage":"tr","potentialAction":[{"@type":"ReadAction","target":["https:\/\/www.myvize.com.tr\/isvec\/form-ve-dilekce\/isvec-fotograf-olculeri\/"]}]},{"@type":"BreadcrumbList","@id":"https:\/\/www.myvize.com.tr\/isvec\/form-ve-dilekce\/isvec-fotograf-olculeri\/#breadcrumb","itemListElement":[{"@type":"ListItem","position":1,"name":"Anasayfa","item":"https:\/\/www.myvize.com.tr\/isvec\/"},{"@type":"ListItem","position":2,"name":"FORM VE D\u0130LEK\u00c7E","item":"https:\/\/www.myvize.com.tr\/isvec\/form-ve-dilekce\/"},{"@type":"ListItem","position":3,"name":"\u0130sve\u00e7 Foto\u011fraf \u00d6l\u00e7\u00fcleri"}]},{"@type":"WebSite","@id":"https:\/\/www.myvize.com.tr\/isvec\/#website","url":"https:\/\/www.myvize.com.tr\/isvec\/","name":"\u0130sve\u00e7 Vizesi","description":"","potentialAction":[{"@type":"SearchAction","target":{"@type":"EntryPoint","urlTemplate":"https:\/\/www.myvize.com.tr\/isvec\/?s={search_term_string}"},"query-input":{"@type":"PropertyValueSpecification","valueRequired":true,"valueName":"search_term_string"}}],"inLanguage":"tr"}]}},"_links":{"self":[{"href":"https:\/\/www.myvize.com.tr\/isvec\/wp-json\/wp\/v2\/pages\/191","targetHints":{"allow":["GET"]}}],"collection":[{"href":"https:\/\/www.myvize.com.tr\/isvec\/wp-json\/wp\/v2\/pages"}],"about":[{"href":"https:\/\/www.myvize.com.tr\/isvec\/wp-json\/wp\/v2\/types\/page"}],"author":[{"embeddable":true,"href":"https:\/\/www.myvize.com.tr\/isvec\/wp-json\/wp\/v2\/users\/1"}],"replies":[{"embeddable":true,"href":"https:\/\/www.myvize.com.tr\/isvec\/wp-json\/wp\/v2\/comments?post=191"}],"version-history":[{"count":5,"href":"https:\/\/www.myvize.com.tr\/isvec\/wp-json\/wp\/v2\/pages\/191\/revisions"}],"predecessor-version":[{"id":763,"href":"https:\/\/www.myvize.com.tr\/isvec\/wp-json\/wp\/v2\/pages\/191\/revisions\/763"}],"up":[{"embeddable":true,"href":"https:\/\/www.myvize.com.tr\/isvec\/wp-json\/wp\/v2\/pages\/167"}],"wp:attachment":[{"href":"https:\/\/www.myvize.com.tr\/isvec\/wp-json\/wp\/v2\/media?parent=191"}],"curies":[{"name":"wp","href":"https:\/\/api.w.org\/{rel}","templated":true}]}}