{"id":193,"date":"2020-12-24T17:55:21","date_gmt":"2020-12-24T14:55:21","guid":{"rendered":"https:\/\/www.myvize.com.tr\/isvec\/?page_id=193"},"modified":"2022-05-20T13:41:21","modified_gmt":"2022-05-20T10:41:21","slug":"vize-islem-takip-formu","status":"publish","type":"page","link":"https:\/\/www.myvize.com.tr\/isvec\/form-ve-dilekce\/vize-islem-takip-formu\/","title":{"rendered":"\u0130sve\u00e7 Vize \u0130\u015flem Takip Formu"},"content":{"rendered":"<h2><span style=\"font-family: Roboto; font-size: 27px;\"><strong>\u0130sve\u00e7 Vize Takip Formu\u00a0<\/strong><\/span><\/h2>\n<p><span style=\"font-family: Roboto; font-size: 14px;\"><strong>\u0130sve\u00e7 vize takip formu<\/strong> size ba\u015fvuraca\u011f\u0131n\u0131z vize merkezi arac\u0131l\u0131\u011f\u0131yla temin edilecek. Daha sonra form da bulunan bilgiyi tam ve eksiksiz olarak doldurman\u0131z gerekmekte. Formda bildirdi\u011finiz adresini ile kayd\u0131n\u0131z\u0131n bulundu\u011fu ve resmi belge olarak g\u00f6sterece\u011fi yerle\u015fim yeri belgesi aras\u0131nda bir uyumsuzluk olmamas\u0131 gerekmekde. Aksi halde bu durum vize merkez ve yetkili makamda olan konsolosluk ya da b\u00fcy\u00fckel\u00e7ilik yan\u0131lmas\u0131na sebebiyet verecektir. E\u011fer seyahat etme istedi\u011finiz \u00fclke \u0130sve\u00e7 \u00a0 ise \u00f6ncelikle<span style=\"color: #2acec2;\"><strong><a style=\"color: #2acec2;\" href=\"https:\/\/www.myvize.com.tr\/isvec\/vize-islemleri\/isvec-schengen-vizes\/\" target=\"_blank\" rel=\"noopener\"> \u0130sve\u00e7 Schengen vizesi<\/a><\/strong><\/span> alman\u0131z gerekmekte. Buna kar\u015f\u0131l\u0131\u011f\u0131 Schengen b\u00f6lgesi s\u0131n\u0131rlar\u0131 i\u00e7erisinde konaklayaca\u011f\u0131n\u0131z \u00fclke \u0130sve\u00e7 den daha \u00e7ok kalma s\u00fcresine sahip olmas\u0131 durumu da, sizin kal\u0131\u015f s\u00fcresi olarak daha fazla olan \u00fclke de vize i\u00e7in ba\u015fvuru yapma zorunda olacaks\u0131n\u0131z. Bu bi\u00e7imde yapmad\u0131\u011f\u0131n\u0131z durumda \u00a0<strong>\u0130sve\u00e7 vize<\/strong> ba\u015fvurunuz kabul edilmeyecekdir ya da seyahatiniz boyunca duraca\u011f\u0131 Schengen b\u00f6lgesinde \u00e7\u0131kma isterseniz, \u00e7ok giri\u015f bir vize alma gerekecektir. Bunu da<strong> \u0130sve\u00e7 vize takip formu<\/strong> belgesine belirtmeniz gerekecektir. <span style=\"color: #2acec2;\"><strong><a style=\"color: #2acec2;\" href=\"https:\/\/www.myvize.com.tr\/isvec\/form-ve-dilekce\/isvec-vize-basvuru-formu\/\" target=\"_blank\" rel=\"noopener\">\u0130sve\u00e7 vize ba\u015fvuru formu <\/a><\/strong><\/span>\u0130sve\u00e7 \u00a0 konsoloslu\u011fu taraf\u0131ndan ilgili ki\u015filerin vize i\u015flemesini ba\u015flatabilme i\u00e7in haz\u0131rlanan bir belge. <strong>\u0130sve\u00e7 vizesi<\/strong> i\u00e7in ilk ad\u0131m\u0131n\u0131z bu form doldurmakla ba\u015flayacakt\u0131r.\u00a0<\/span><\/p>\n<h2><strong><span style=\"font-family: Roboto; font-size: 27px;\">\u0130sve\u00e7 Vize \u0130\u015flemleri<\/span><\/strong><\/h2>\n<p><span style=\"font-family: Roboto; font-size: 14px;\">Arac\u0131 kurumlar veya d\u0131\u015f temsilcilikler arac\u0131l\u0131\u011f\u0131yla ger\u00e7ekle\u015ftirilecek\u00a0<strong>\u0130sve\u00e7 vize i\u015flemleri<\/strong>\u00a0hakk\u0131nda kapsaml\u0131 bilgileri elde edebilece\u011finizin alt\u0131n\u0131 \u00e7izmekteyiz. Sizler de pasaport ve seyahat t\u00fcr\u00fcne g\u00f6re se\u00e7imlerinizi nas\u0131l yapabilece\u011finizin yan\u0131t\u0131n\u0131 alm\u0131\u015f olacaks\u0131n\u0131z.Siyah, gri veya ye\u015fil pasaport sahipleri 180 g\u00fcnl\u00fck s\u00fcre\u00e7te 90 g\u00fcn\u00fc a\u015fmayacak s\u00fcrelerle muafiyete sahip olurken, bordo pasaport sahiplerinin ise randevular\u0131 almalar\u0131, evrak listesini tamamlamalar\u0131 ve vize i\u015flem takip formunu doldurmalar\u0131 gerekecektir. Bu s\u00fcre\u00e7te t\u00fcm bilgileri elde etmek ve A\u2019dan Z\u2019ye dan\u0131\u015fmanl\u0131k hizmetlerinden faydalanabilmek i\u00e7in ekiplerimizi hemen arayabilirsiniz. Schengen veya ulusal vize t\u00fcr\u00fcne ba\u015fvuru yapman\u0131z\u0131n ve hedefinizdeki sonu\u00e7lara olumlu bi\u00e7imde ula\u015fman\u0131z\u0131n bu sayede m\u00fcmk\u00fcn olaca\u011f\u0131n\u0131 g\u00f6rebileceksiniz. Uzun veya k\u0131sa s\u00fcreli seyahatleriniz \u00f6ncesinde mutlaka bizleri araman\u0131z gerekecektir.<\/span><\/p>\n<h2><strong><span style=\"font-family: Roboto; font-size: 27px;\">\u0130sve\u00e7 Vize \u0130\u015flem Takip Formu Nas\u0131l Doldurulur?<\/span><\/strong><\/h2>\n<p><span style=\"font-family: Roboto; font-size: 14px;\">M\u00fc\u015fterilerimizin her a\u015famadan bilgi sahibi olmalar\u0131 i\u00e7in gerekli titizli\u011fi g\u00f6stermekteyiz. \u0130nternet sitemiz \u00fczerinden\u00a0<strong>\u0130sve\u00e7 Vize \u0130\u015flem Takip Formu nas\u0131l doldurulur?<\/strong>\u00a0Sorusunun yan\u0131t\u0131n\u0131 alabilirsiniz. Canl\u0131 destek ekiplerimiz veya ileti\u015fim bilgilerimiz \u00fczerinden ula\u015faca\u011f\u0131n\u0131z temsilcilerimiz sayesinde verimli sonu\u00e7lar\u0131 yakalam\u0131\u015f olacaks\u0131n\u0131z. M\u00fc\u015fteri bilgilerinin, vize bilgilerinin ve temsilci notlar\u0131n\u0131n yer ald\u0131\u011f\u0131 bu evrak\u0131 eksiksiz ve do\u011fru \u015fekilde giri\u015f yapman\u0131z gerekmektedir. Bu sayede ki\u015fisel bilgilerinizi, vize bilgilerini, ileti\u015fim adreslerini, \u00fccreti, fatura bilgilerini, pasaport t\u00fcr\u00fcn\u00fc ve ge\u00e7erlilik tarihi gibi baz\u0131 bilgileri giri\u015f yapman\u0131z gerekmektedir. Sitemiz \u00fczerinden ula\u015fabilece\u011finiz adresimize ayr\u0131ca reklamlar, web siteleri, sosyal medya veya referanslar\u0131n\u0131zla da eri\u015febilece\u011finizi ve bunu formda belirtmeniz gerekti\u011fini aktar\u0131yoruz. Buna benzer pek \u00e7ok detay\u0131 ekledi\u011finiz bu formu bizlere teslim etmeniz gerekecektir.<\/span><\/p>\n<h2><strong><span style=\"font-family: Roboto; font-size: 27px;\">\u0130sve\u00e7 Vize \u0130\u015flem Takip Formu Doldurulurken Dikkat Edilmesi Gerekenler<\/span><\/strong><\/h2>\n<p><span style=\"font-family: Roboto; font-size: 14px;\">Vize takip usul\u00fcne dair bilgilere ula\u015fmak ve g\u00fcncel \u015fekilde sonu\u00e7 almak i\u00e7in\u00a0<strong>\u0130sve\u00e7 Vize \u0130\u015flem Takip Formu doldurulurken dikkat edilmesi gerekenler<\/strong>\u00a0hakk\u0131nda bilgi alabilirsiniz.Pasaportunuzun ge\u00e7ersiz olmas\u0131, evraklar\u0131n usul\u00fcne g\u00f6re teslim edilmemesi veya buna benzer \u00e7e\u015fitli sebeplerle vize reddi ald\u0131\u011f\u0131n\u0131zda ekiplerimizin bu durumdan sorumlu olmad\u0131\u011f\u0131n\u0131 aktarabiliriz. Ayr\u0131ca vize i\u015flemlerinde yapaca\u011f\u0131n\u0131z masraflar\u0131n iade edilmesi gibi bir durum s\u00f6z konusu olmayacakt\u0131r. Bu nedenle zaman\u0131nda ba\u015fvuru yapmak ve usul\u00fcne uygun belgelerle g\u00fcncel \u015fekilde teslimleri ger\u00e7ekle\u015ftirmek i\u00e7in bizlerden destek alabilirsiniz. Konsoloslu\u011fun herhangi bir ek belge talep etmesi halinde bu bildirimleri alman\u0131z\u0131 sa\u011flayacak olan adreslerimiz \u00fczerinden s\u00fcre\u00e7leri takip edebilece\u011finizi aktarmaktay\u0131z. Pasaport bilgilerinin do\u011fru olup olmad\u0131\u011f\u0131n\u0131 teyit etmenizin ard\u0131ndan bizlerle ileti\u015fime ge\u00e7ebilirsiniz.<\/span><\/p>\n<h3><strong><span style=\"font-family: Roboto; font-size: 24px;\">\u0130sve\u00e7 Vize \u0130\u015flem Takip Formu \u00d6rne\u011fi<\/span><\/strong><\/h3>\n<p><span style=\"font-family: Roboto; font-size: 14px;\">Web sitemizi ziyaret etti\u011finizde pek \u00e7ok bilgiye ve belge \u00f6rneklerine ula\u015fabileceksiniz. T\u00fcm masraflar\u0131 g\u00fcncel olarak \u00f6\u011frenebilecek ve bu formlar\u0131n nas\u0131l haz\u0131rlanmas\u0131 gerekti\u011fine dair teknik detaylara eri\u015febileceksiniz. Ayn\u0131 zamanda di\u011fer evrak listesini g\u00fcncel bi\u00e7imde elde etmenizin de m\u00fcmk\u00fcn olaca\u011f\u0131n\u0131 vurguluyoruz.<strong>\u0130sve\u00e7 Vize \u0130\u015flem Takip Formu \u00f6rne\u011fi<\/strong>\u00a0ve daha fazlas\u0131 i\u00e7in sitemizi ziyaret etmeniz yeterli olacakt\u0131r. B\u00f6ylelikle hemen indirebilece\u011finiz bu formu cihazlar\u0131n\u0131zda g\u00f6r\u00fcnt\u00fcleme imkan\u0131n\u0131 bulacaks\u0131n\u0131z. Ba\u015fvuru sahipleri olarak hangi k\u0131s\u0131mlar\u0131 dolduraca\u011f\u0131n\u0131z\u0131 ve nelere dikkat edece\u011finizi net bi\u00e7imde g\u00f6rm\u00fc\u015f olacaks\u0131n\u0131z. T\u00fcm bu a\u015famalarda dan\u0131\u015fmanl\u0131k hizmetlerinden faydalanman\u0131z sizlere daha b\u00fcy\u00fck avantajlar\u0131 ve ayr\u0131cal\u0131klar\u0131 tan\u0131mlayacakt\u0131r. Cihazlar\u0131n\u0131za hemen kaydedece\u011finiz dosyalar\u0131 en uygun \u015fekilde doldurarak bizlere teslim edebileceksiniz.<\/span><\/p>\n","protected":false},"excerpt":{"rendered":"<p>\u0130sve\u00e7 Vize Takip Formu\u00a0 \u0130sve\u00e7 vize takip formu size ba\u015fvuraca\u011f\u0131n\u0131z vize merkezi arac\u0131l\u0131\u011f\u0131yla temin edilecek. Daha sonra form da bulunan bilgiyi tam ve eksiksiz olarak doldurman\u0131z gerekmekte. Formda bildirdi\u011finiz adresini ile kayd\u0131n\u0131z\u0131n bulundu\u011fu ve resmi belge olarak g\u00f6sterece\u011fi yerle\u015fim yeri belgesi aras\u0131nda bir uyumsuzluk olmamas\u0131 gerekmekde. Aksi halde bu durum vize merkez ve yetkili makamda<\/p>\n","protected":false},"author":1,"featured_media":0,"parent":167,"menu_order":0,"comment_status":"open","ping_status":"closed","template":"","meta":{"footnotes":""},"class_list":["post-193","page","type-page","status-publish","hentry"],"yoast_head":"<!-- This site is optimized with the Yoast SEO plugin v24.0 - https:\/\/yoast.com\/wordpress\/plugins\/seo\/ -->\n<title>\u0130sve\u00e7 Vize \u0130\u015flem Takip Formu - MyVize Vize Ba\u015fvuru Merkezi<\/title>\n<meta name=\"description\" content=\"\u0130sve\u00e7 Vize \u0130\u015flem Takip Formu Nas\u0131l Doldurulur? \u0130sve\u00e7 Vize \u0130\u015flem Takip Formunun \u0130\u00e7eri\u011finde Neler Vard\u0131r? Bilgi \u0130\u00e7in Aray\u0131n: 0850 346 84 93\" \/>\n<meta name=\"robots\" content=\"index, follow, max-snippet:-1, max-image-preview:large, max-video-preview:-1\" \/>\n<link rel=\"canonical\" href=\"https:\/\/www.myvize.com.tr\/isvec\/form-ve-dilekce\/vize-islem-takip-formu\/\" \/>\n<meta property=\"og:locale\" content=\"tr_TR\" \/>\n<meta property=\"og:type\" content=\"article\" \/>\n<meta property=\"og:title\" content=\"\u0130sve\u00e7 Vize \u0130\u015flem Takip Formu - MyVize Vize Ba\u015fvuru Merkezi\" \/>\n<meta property=\"og:description\" content=\"\u0130sve\u00e7 Vize \u0130\u015flem Takip Formu Nas\u0131l Doldurulur? \u0130sve\u00e7 Vize \u0130\u015flem Takip Formunun \u0130\u00e7eri\u011finde Neler Vard\u0131r? Bilgi \u0130\u00e7in Aray\u0131n: 0850 346 84 93\" \/>\n<meta property=\"og:url\" content=\"https:\/\/www.myvize.com.tr\/isvec\/form-ve-dilekce\/vize-islem-takip-formu\/\" \/>\n<meta property=\"og:site_name\" content=\"\u0130sve\u00e7 Vizesi\" \/>\n<meta property=\"article:modified_time\" content=\"2022-05-20T10:41:21+00:00\" \/>\n<meta name=\"twitter:card\" content=\"summary_large_image\" \/>\n<meta name=\"twitter:label1\" content=\"Tahmini okuma s\u00fcresi\" \/>\n\t<meta name=\"twitter:data1\" content=\"1 dakika\" \/>\n<script type=\"application\/ld+json\" class=\"yoast-schema-graph\">{\"@context\":\"https:\/\/schema.org\",\"@graph\":[{\"@type\":\"WebPage\",\"@id\":\"https:\/\/www.myvize.com.tr\/isvec\/form-ve-dilekce\/vize-islem-takip-formu\/\",\"url\":\"https:\/\/www.myvize.com.tr\/isvec\/form-ve-dilekce\/vize-islem-takip-formu\/\",\"name\":\"\u0130sve\u00e7 Vize \u0130\u015flem Takip Formu - MyVize Vize Ba\u015fvuru Merkezi\",\"isPartOf\":{\"@id\":\"https:\/\/www.myvize.com.tr\/isvec\/#website\"},\"datePublished\":\"2020-12-24T14:55:21+00:00\",\"dateModified\":\"2022-05-20T10:41:21+00:00\",\"description\":\"\u0130sve\u00e7 Vize \u0130\u015flem Takip Formu Nas\u0131l Doldurulur? \u0130sve\u00e7 Vize \u0130\u015flem Takip Formunun \u0130\u00e7eri\u011finde Neler Vard\u0131r? Bilgi \u0130\u00e7in Aray\u0131n: 0850 346 84 93\",\"breadcrumb\":{\"@id\":\"https:\/\/www.myvize.com.tr\/isvec\/form-ve-dilekce\/vize-islem-takip-formu\/#breadcrumb\"},\"inLanguage\":\"tr\",\"potentialAction\":[{\"@type\":\"ReadAction\",\"target\":[\"https:\/\/www.myvize.com.tr\/isvec\/form-ve-dilekce\/vize-islem-takip-formu\/\"]}]},{\"@type\":\"BreadcrumbList\",\"@id\":\"https:\/\/www.myvize.com.tr\/isvec\/form-ve-dilekce\/vize-islem-takip-formu\/#breadcrumb\",\"itemListElement\":[{\"@type\":\"ListItem\",\"position\":1,\"name\":\"Anasayfa\",\"item\":\"https:\/\/www.myvize.com.tr\/isvec\/\"},{\"@type\":\"ListItem\",\"position\":2,\"name\":\"FORM VE D\u0130LEK\u00c7E\",\"item\":\"https:\/\/www.myvize.com.tr\/isvec\/form-ve-dilekce\/\"},{\"@type\":\"ListItem\",\"position\":3,\"name\":\"\u0130sve\u00e7 Vize \u0130\u015flem Takip Formu\"}]},{\"@type\":\"WebSite\",\"@id\":\"https:\/\/www.myvize.com.tr\/isvec\/#website\",\"url\":\"https:\/\/www.myvize.com.tr\/isvec\/\",\"name\":\"\u0130sve\u00e7 Vizesi\",\"description\":\"\",\"potentialAction\":[{\"@type\":\"SearchAction\",\"target\":{\"@type\":\"EntryPoint\",\"urlTemplate\":\"https:\/\/www.myvize.com.tr\/isvec\/?s={search_term_string}\"},\"query-input\":{\"@type\":\"PropertyValueSpecification\",\"valueRequired\":true,\"valueName\":\"search_term_string\"}}],\"inLanguage\":\"tr\"}]}<\/script>\n<!-- \/ Yoast SEO plugin. -->","yoast_head_json":{"title":"\u0130sve\u00e7 Vize \u0130\u015flem Takip Formu - MyVize Vize Ba\u015fvuru Merkezi","description":"\u0130sve\u00e7 Vize \u0130\u015flem Takip Formu Nas\u0131l Doldurulur? \u0130sve\u00e7 Vize \u0130\u015flem Takip Formunun \u0130\u00e7eri\u011finde Neler Vard\u0131r? Bilgi \u0130\u00e7in Aray\u0131n: 0850 346 84 93","robots":{"index":"index","follow":"follow","max-snippet":"max-snippet:-1","max-image-preview":"max-image-preview:large","max-video-preview":"max-video-preview:-1"},"canonical":"https:\/\/www.myvize.com.tr\/isvec\/form-ve-dilekce\/vize-islem-takip-formu\/","og_locale":"tr_TR","og_type":"article","og_title":"\u0130sve\u00e7 Vize \u0130\u015flem Takip Formu - MyVize Vize Ba\u015fvuru Merkezi","og_description":"\u0130sve\u00e7 Vize \u0130\u015flem Takip Formu Nas\u0131l Doldurulur? \u0130sve\u00e7 Vize \u0130\u015flem Takip Formunun \u0130\u00e7eri\u011finde Neler Vard\u0131r? Bilgi \u0130\u00e7in Aray\u0131n: 0850 346 84 93","og_url":"https:\/\/www.myvize.com.tr\/isvec\/form-ve-dilekce\/vize-islem-takip-formu\/","og_site_name":"\u0130sve\u00e7 Vizesi","article_modified_time":"2022-05-20T10:41:21+00:00","twitter_card":"summary_large_image","twitter_misc":{"Tahmini okuma s\u00fcresi":"1 dakika"},"schema":{"@context":"https:\/\/schema.org","@graph":[{"@type":"WebPage","@id":"https:\/\/www.myvize.com.tr\/isvec\/form-ve-dilekce\/vize-islem-takip-formu\/","url":"https:\/\/www.myvize.com.tr\/isvec\/form-ve-dilekce\/vize-islem-takip-formu\/","name":"\u0130sve\u00e7 Vize \u0130\u015flem Takip Formu - MyVize Vize Ba\u015fvuru Merkezi","isPartOf":{"@id":"https:\/\/www.myvize.com.tr\/isvec\/#website"},"datePublished":"2020-12-24T14:55:21+00:00","dateModified":"2022-05-20T10:41:21+00:00","description":"\u0130sve\u00e7 Vize \u0130\u015flem Takip Formu Nas\u0131l Doldurulur? \u0130sve\u00e7 Vize \u0130\u015flem Takip Formunun \u0130\u00e7eri\u011finde Neler Vard\u0131r? Bilgi \u0130\u00e7in Aray\u0131n: 0850 346 84 93","breadcrumb":{"@id":"https:\/\/www.myvize.com.tr\/isvec\/form-ve-dilekce\/vize-islem-takip-formu\/#breadcrumb"},"inLanguage":"tr","potentialAction":[{"@type":"ReadAction","target":["https:\/\/www.myvize.com.tr\/isvec\/form-ve-dilekce\/vize-islem-takip-formu\/"]}]},{"@type":"BreadcrumbList","@id":"https:\/\/www.myvize.com.tr\/isvec\/form-ve-dilekce\/vize-islem-takip-formu\/#breadcrumb","itemListElement":[{"@type":"ListItem","position":1,"name":"Anasayfa","item":"https:\/\/www.myvize.com.tr\/isvec\/"},{"@type":"ListItem","position":2,"name":"FORM VE D\u0130LEK\u00c7E","item":"https:\/\/www.myvize.com.tr\/isvec\/form-ve-dilekce\/"},{"@type":"ListItem","position":3,"name":"\u0130sve\u00e7 Vize \u0130\u015flem Takip Formu"}]},{"@type":"WebSite","@id":"https:\/\/www.myvize.com.tr\/isvec\/#website","url":"https:\/\/www.myvize.com.tr\/isvec\/","name":"\u0130sve\u00e7 Vizesi","description":"","potentialAction":[{"@type":"SearchAction","target":{"@type":"EntryPoint","urlTemplate":"https:\/\/www.myvize.com.tr\/isvec\/?s={search_term_string}"},"query-input":{"@type":"PropertyValueSpecification","valueRequired":true,"valueName":"search_term_string"}}],"inLanguage":"tr"}]}},"_links":{"self":[{"href":"https:\/\/www.myvize.com.tr\/isvec\/wp-json\/wp\/v2\/pages\/193","targetHints":{"allow":["GET"]}}],"collection":[{"href":"https:\/\/www.myvize.com.tr\/isvec\/wp-json\/wp\/v2\/pages"}],"about":[{"href":"https:\/\/www.myvize.com.tr\/isvec\/wp-json\/wp\/v2\/types\/page"}],"author":[{"embeddable":true,"href":"https:\/\/www.myvize.com.tr\/isvec\/wp-json\/wp\/v2\/users\/1"}],"replies":[{"embeddable":true,"href":"https:\/\/www.myvize.com.tr\/isvec\/wp-json\/wp\/v2\/comments?post=193"}],"version-history":[{"count":4,"href":"https:\/\/www.myvize.com.tr\/isvec\/wp-json\/wp\/v2\/pages\/193\/revisions"}],"predecessor-version":[{"id":801,"href":"https:\/\/www.myvize.com.tr\/isvec\/wp-json\/wp\/v2\/pages\/193\/revisions\/801"}],"up":[{"embeddable":true,"href":"https:\/\/www.myvize.com.tr\/isvec\/wp-json\/wp\/v2\/pages\/167"}],"wp:attachment":[{"href":"https:\/\/www.myvize.com.tr\/isvec\/wp-json\/wp\/v2\/media?parent=193"}],"curies":[{"name":"wp","href":"https:\/\/api.w.org\/{rel}","templated":true}]}}