{"id":220,"date":"2020-12-25T09:36:15","date_gmt":"2020-12-25T06:36:15","guid":{"rendered":"https:\/\/www.myvize.com.tr\/isvec\/?page_id=220"},"modified":"2022-08-22T14:12:36","modified_gmt":"2022-08-22T11:12:36","slug":"subelerimiz","status":"publish","type":"page","link":"https:\/\/www.myvize.com.tr\/isvec\/subelerimiz\/","title":{"rendered":"\u015eUBELER\u0130M\u0130Z"},"content":{"rendered":"<h2><strong><span style=\"font-family: Roboto; font-size: 27px;\">\u0130sve\u00e7 Vizesi Ba\u015fvuru \u015eubeleri 2022<\/span><\/strong><\/h2>\n<p><span style=\"font-family: Roboto; font-size: 14px;\"><strong>\u0130sve\u00e7&#8217;i ziyaret<\/strong> etmeyi isteyen T\u00fcrkiye Cumhuriyeti vatanda\u015f\u0131n\u0131n mutlaka vize almas\u0131 gereklidir. \u0130sve\u00e7 vizesini almak i\u00e7in \u0130sve\u00e7 Cumhuriyeti B\u00fcy\u00fckel\u00e7ili\u011fine ve Ba\u015fkonsoloslu\u011fu taraf\u0131ndan uygun g\u00f6r\u00fclen prosed\u00fcrleri takip etmek m\u00fchim. \u0130sve\u00e7 Cumhuriyetine seyahat etmeyi isteyen T\u00fcrkiye Cumhuriyeti vatanda\u015f\u0131, vize ba\u015fvurusunu \u0130sve\u00e7 \u0130stanbul Ba\u015fkonsoloslu\u011fu, \u0130sve\u00e7 Ankara B\u00fcy\u00fckel\u00e7ili\u011fi ve \u0130sve\u00e7 Konsoloslu\u011fu taraf\u0131ndan uygun g\u00f6rm\u00fc\u015f ve yetkilendirmi\u015f kurumlar, Vize Ba\u015fvuru Merkezi ve Turizm ya da Seyahat Acentesi vas\u0131tas\u0131 ile ger\u00e7ekle\u015ftirebilir. \u0130sve\u00e7 Konsoloslu\u011fundan vize ba\u015fvurusu ya da herhangi bir konsolosluktan i\u015flemi yapacak vatanda\u015f, ba\u015fvurusunu yapmaya ba\u015flamadan \u00f6nce i\u015fleminin hangi <strong>\u0130sve\u00e7 Konsoloslu\u011fu<\/strong> \u015fubesini yetki alan\u0131nda oldu\u011funu kontrol etmeli. B\u00f6ylece hangi vize \u015fubelerine gidilmesi gerekti\u011fi hakk\u0131nda bilgiler edinilmi\u015f olur. \u0130sve\u00e7 Ankara B\u00fcy\u00fckel\u00e7ili\u011fi g\u00f6rev alan\u0131: Adana, Aksaray, Afyon, Antalya, Ankara, Amasya, Bart\u0131n, Burdur, Bolu, \u00c7ank\u0131r\u0131, D\u00fczce, Eski\u015fehir, Ordu, Samsun, Sinop, Tokat, Yozgat, Sivas, Zonguldak.<\/span><\/p>\n<p><span style=\"font-family: Roboto; font-size: 14px;\">\u0130sve\u00e7 \u0130stanbul Ba\u015fkonsoloslu\u011fu\u2019nun hizmet alan\u0131 ise di\u011fer geri kalan \u015fehirleri kapsamaktad\u0131r.<\/span><\/p>\n<h2><strong><span style=\"font-family: Roboto; font-size: 27px;\">\u0130sve\u00e7 Vizesi Ba\u015fvuru \u015eubesi Vize Ba\u015fvurular\u0131<\/span><\/strong><\/h2>\n<p><span style=\"font-family: Roboto; font-size: 14px;\"><strong>\u0130sve\u00e7 vize ba\u015fvuru \u015fube ba\u015fvurusu<\/strong> i\u00e7in ki\u015finin mutlaka randevu almas\u0131 gerekir. \u015eube son derece kalabal\u0131k ortamd\u0131r. \u00c7\u00fcnk\u00fc \u0130sve\u00e7 T\u00fcrkiye\u2019de en fazla ziyaret\u00e7i alan \u00fclke aras\u0131nda yer al\u0131yor. Bu sebeple de kurumda \u00e7ok ciddi olarak y\u0131\u011f\u0131lma meydana gelebiliyor.<a href=\"https:\/\/www.myvize.com.tr\/almanya\/vize-islemleri\/almanya-vize-basvurusu\/\">\u00a0<\/a><strong>\u0130sve\u00e7 vize ba\u015fvurular\u0131<\/strong> s\u0131ras\u0131nda dikkat etmek gereken bir tak\u0131m nokta bulunuyor. Her t\u00fcrden vize al\u0131m\u0131na mutlaka bu noktay\u0131 g\u00f6z \u00f6n\u00fcnde bulundurmak b\u00fcy\u00fck bir \u00f6nem ta\u015f\u0131yor. \u00c7\u00fcnk\u00fc vize al\u0131rken en ufak bir hatada ba\u015fvurular\u0131n iptale neden olabilmektedir. <strong>\u0130sve\u00e7 vize i\u015flemi<\/strong> s\u0131ras\u0131nda belirli kriteri g\u00f6z \u00f6n\u00fcnde bulundurmak olduk\u00e7a \u00f6nemli bir konu. Her anlamda y\u00fcksek standartda hizmet almak i\u00e7in dan\u0131\u015fmanl\u0131k deste\u011fine ba\u015fvurabilirsiniz. Ba\u015fvuru s\u0131ras\u0131 \u015fubelerin t\u00fcm kriteri bu dan\u0131\u015fman taraf\u0131ndan en detayl\u0131 bi\u00e7imde sa\u011flan\u0131r ve vizeniz kolay yoldan alabilmek imkan\u0131 sa\u011flan\u0131r. Vize s\u00fcre\u00e7lerinde ki\u015finin her anlamda profesyonel olarak hizmetleri almas\u0131 b\u00fcy\u00fck bir \u00f6nem ta\u015f\u0131maktad\u0131r.<\/span><\/p>\n<p><strong><span style=\"font-family: Roboto; font-size: 27px;\">\u0130sve\u00e7 Vizesi Ba\u015fvuru \u015eubesi Vize Randevular\u0131<\/span><\/strong><\/p>\n<p><span style=\"font-family: Roboto; font-size: 14px;\">\u00dclkemizden de bir\u00e7ok insan\u0131n \u00e7ok farkl\u0131 nedenden \u00f6t\u00fcr\u00fc \u0130sve\u00e7&#8217;e giderek bu \u00fclkeyi g\u00f6rme, ticaret yapma ya da e\u011fitim almak istiyor. \u0130\u015fte tnamdurumda \u00fclkemiz vatanda\u015f\u0131n\u0131n bu \u00fclkeye gitmek i\u00e7in yapmas\u0131 gereken tek bir \u015fey vard\u0131r. O da \u0130sve\u00e7 Vize Ba\u015fvuru \u015eubesi vize i\u015flemi ad\u0131m\u0131n\u0131 ger\u00e7ekle\u015ftirmektir.\u00a0 Tamda bu noktada bilinmesi gerekli en temel husus \u0130sve\u00e7 vizesi ba\u015fvurusu i\u015fleminin iki bi\u00e7imde ger\u00e7ekle\u015fti\u011fidir. Bundan bir tanesi ki\u015finin kendi ya\u015fad\u0131\u011f\u0131 kente bakan <strong>\u0130sve\u00e7 Konsoloslu\u011fu<\/strong> ya da \u0130sve\u00e7 B\u00fcy\u00fckel\u00e7ili\u011fine vize i\u00e7in istenen evrak ile ba\u015fvuru yapmas\u0131d\u0131r. Bir di\u011fer y\u00f6ntemi ise bu yaz\u0131 da da ifade edilece\u011fi gibi \u0130sve\u00e7 vizesi ba\u015fvuru merkezi arac\u0131l\u0131\u011f\u0131 ile vize ba\u015fvurusu yap\u0131lmas\u0131d\u0131r. Burada bilinmesi gerekli en \u00f6nemli olan hususla e\u011fer arac\u0131 kurum arac\u0131l\u0131\u011f\u0131 ile vize ba\u015fvurular\u0131 yap\u0131lacaksa o zaman \u0130sve\u00e7 H\u00fck\u00fcmetleri taraf\u0131ndan onaylanm\u0131\u015f olan akredit yetkili kurulu\u015fa ba\u015fvuru yapmas\u0131 gerekti\u011fidir. Aksi durumda yap\u0131lan ba\u015fvuru ge\u00e7ersiz olacakt\u0131r.<\/span><\/p>\n<h3><strong><span style=\"font-family: Roboto; font-size: 24px;\">\u0130sve\u00e7 Vizesi Ba\u015fvuru \u015eubeleri Adres ve \u0130leti\u015fim Bilgileri<\/span><\/strong><\/h3>\n<p><span style=\"font-family: Roboto; font-size: 14px;\"><strong>\u0130sve\u00e7 vize ba\u015fvuru \u015fube randevusu<\/strong> konusunda profesyonel davranmas\u0131na dikkat etmek gerekiyor. Randevular seyahat tarihlerinden bir ay \u00f6ncesinde almal\u0131s\u0131n\u0131z. B\u00f6ylece evrak\u0131n\u0131z\u0131 daha kolay bi\u00e7imde haz\u0131rlama imkan\u0131n\u0131 ortaya \u00e7\u0131kar. Ba\u015fvuru evrak\u0131 son derece karma\u015f\u0131k bir s\u00fcre\u00e7dir. Bunun bilinci olan ki\u015fi de evrak haz\u0131rlama ba\u015flamadan \u00f6ncesi mutlaka vize randevusunu almaktad\u0131r.<span style=\"color: #2acec2;\"><strong><a style=\"color: #2acec2;\" href=\"https:\/\/www.myvize.com.tr\/isvec\/vize-islemleri\/isvec-vize-randevusu\/\" target=\"_blank\" rel=\"noopener\"> \u0130sve\u00e7 Vize randevusu<\/a><\/strong><\/span> online portal \u00fczerinden alabilirsiniz. Kuruma giderek vize randevusunu alma \u015fans\u0131n\u0131z da bulunmaktad\u0131r.\u00a0 \u015eube adresleri a\u015fa\u011f\u0131da bulunmaktad\u0131r.<\/span><\/p>\n<h3><span style=\"font-family: Roboto; font-size: 14px;\">Ankara<\/span><\/h3>\n<ul>\n<li><span style=\"font-family: Roboto; font-size: 14px;\">Cinnah Cad. No: 29\/2<\/span><br \/>\n<span style=\"font-family: Roboto; font-size: 14px;\">\u00c7ankaya \/ Ankara<\/span><\/li>\n<li><span style=\"font-family: Roboto; font-size: 14px;\">+90 312 426 88 89<\/span><\/li>\n<\/ul>\n<h3><span style=\"font-family: Roboto; font-size: 14px;\">\u0130zmir<\/span><\/h3>\n<ul>\n<li><span style=\"font-family: Roboto; font-size: 14px;\">K\u0131br\u0131s \u015eehitleri Cd. No.:66\/2 Libabe Apt. Alsancak \/ \u0130zmir<\/span><\/li>\n<li><span style=\"font-family: Roboto; font-size: 14px;\">\u00a0+90 232 404 85 00<\/span><\/li>\n<\/ul>\n<h3><span style=\"font-family: Roboto; font-size: 14px;\">\u0130stanbul Avrupa<\/span><\/h3>\n<ul>\n<li><span style=\"font-family: Roboto; font-size: 14px;\">\u0130n\u00f6n\u00fc Mah. Papa Roncalli Sok. No:13\/1A Harbiye \/ \u015ei\u015fli \/ \u0130stanbul<\/span><\/li>\n<li><span style=\"font-family: Roboto; font-size: 14px;\">+90 212 232 92 32<\/span><\/li>\n<\/ul>\n<h3><span style=\"font-family: Roboto; font-size: 14px;\">\u0130stanbul Anadolu<\/span><\/h3>\n<ul>\n<li><span style=\"font-family: Roboto; font-size: 14px;\">S\u00f6\u011f\u00fctl\u00fc\u00e7e\u015fme Cad. Derici Zeynel Sk. Karacahan \u0130\u015f Han\u0131 19 \/ 7A Kad\u0131k\u00f6y \u0130stanbul<\/span><\/li>\n<li><span style=\"font-family: Roboto; font-size: 14px;\">+90 216 345 44 66<\/span><span style=\"font-family: Roboto; font-size: 14px;\">\u00a0<\/span><\/li>\n<\/ul>\n<p>&nbsp;<\/p>\n","protected":false},"excerpt":{"rendered":"<p>\u0130sve\u00e7 Vizesi Ba\u015fvuru \u015eubeleri 2022 \u0130sve\u00e7&#8217;i ziyaret etmeyi isteyen T\u00fcrkiye Cumhuriyeti vatanda\u015f\u0131n\u0131n mutlaka vize almas\u0131 gereklidir. \u0130sve\u00e7 vizesini almak i\u00e7in \u0130sve\u00e7 Cumhuriyeti B\u00fcy\u00fckel\u00e7ili\u011fine ve Ba\u015fkonsoloslu\u011fu taraf\u0131ndan uygun g\u00f6r\u00fclen prosed\u00fcrleri takip etmek m\u00fchim. \u0130sve\u00e7 Cumhuriyetine seyahat etmeyi isteyen T\u00fcrkiye Cumhuriyeti vatanda\u015f\u0131, vize ba\u015fvurusunu \u0130sve\u00e7 \u0130stanbul Ba\u015fkonsoloslu\u011fu, \u0130sve\u00e7 Ankara B\u00fcy\u00fckel\u00e7ili\u011fi ve \u0130sve\u00e7 Konsoloslu\u011fu taraf\u0131ndan uygun g\u00f6rm\u00fc\u015f ve<\/p>\n","protected":false},"author":1,"featured_media":0,"parent":0,"menu_order":0,"comment_status":"closed","ping_status":"closed","template":"","meta":{"footnotes":""},"class_list":["post-220","page","type-page","status-publish","hentry"],"yoast_head":"<!-- This site is optimized with the Yoast SEO plugin v24.0 - https:\/\/yoast.com\/wordpress\/plugins\/seo\/ -->\n<title>\u0130sve\u00e7 Vize Ba\u015fvuru \u015eubelerimiz - MyVize Vize Ba\u015fvuru Merkezi<\/title>\n<meta name=\"description\" content=\"\u0130sve\u00e7 Vize Ba\u015fvuru \u015eubelerimiz Nerelerdedir? \u0130sve\u00e7 Vize Ba\u015fvuru \u015eubelerimiz 2022 G\u00fcncel Bilgileri. Bilgi \u0130\u00e7in Hemen Aray\u0131n: 0850 346 84 93\" \/>\n<meta name=\"robots\" content=\"index, follow, max-snippet:-1, max-image-preview:large, max-video-preview:-1\" \/>\n<link rel=\"canonical\" href=\"https:\/\/www.myvize.com.tr\/isvec\/subelerimiz\/\" \/>\n<meta property=\"og:locale\" content=\"tr_TR\" \/>\n<meta property=\"og:type\" content=\"article\" \/>\n<meta property=\"og:title\" content=\"\u0130sve\u00e7 Vize Ba\u015fvuru \u015eubelerimiz - MyVize Vize Ba\u015fvuru Merkezi\" \/>\n<meta property=\"og:description\" content=\"\u0130sve\u00e7 Vize Ba\u015fvuru \u015eubelerimiz Nerelerdedir? \u0130sve\u00e7 Vize Ba\u015fvuru \u015eubelerimiz 2022 G\u00fcncel Bilgileri. Bilgi \u0130\u00e7in Hemen Aray\u0131n: 0850 346 84 93\" \/>\n<meta property=\"og:url\" content=\"https:\/\/www.myvize.com.tr\/isvec\/subelerimiz\/\" \/>\n<meta property=\"og:site_name\" content=\"\u0130sve\u00e7 Vizesi\" \/>\n<meta property=\"article:modified_time\" content=\"2022-08-22T11:12:36+00:00\" \/>\n<meta name=\"twitter:card\" content=\"summary_large_image\" \/>\n<meta name=\"twitter:label1\" content=\"Tahmini okuma s\u00fcresi\" \/>\n\t<meta name=\"twitter:data1\" content=\"4 dakika\" \/>\n<script type=\"application\/ld+json\" class=\"yoast-schema-graph\">{\"@context\":\"https:\/\/schema.org\",\"@graph\":[{\"@type\":\"WebPage\",\"@id\":\"https:\/\/www.myvize.com.tr\/isvec\/subelerimiz\/\",\"url\":\"https:\/\/www.myvize.com.tr\/isvec\/subelerimiz\/\",\"name\":\"\u0130sve\u00e7 Vize Ba\u015fvuru \u015eubelerimiz - MyVize Vize Ba\u015fvuru Merkezi\",\"isPartOf\":{\"@id\":\"https:\/\/www.myvize.com.tr\/isvec\/#website\"},\"datePublished\":\"2020-12-25T06:36:15+00:00\",\"dateModified\":\"2022-08-22T11:12:36+00:00\",\"description\":\"\u0130sve\u00e7 Vize Ba\u015fvuru \u015eubelerimiz Nerelerdedir? \u0130sve\u00e7 Vize Ba\u015fvuru \u015eubelerimiz 2022 G\u00fcncel Bilgileri. Bilgi \u0130\u00e7in Hemen Aray\u0131n: 0850 346 84 93\",\"breadcrumb\":{\"@id\":\"https:\/\/www.myvize.com.tr\/isvec\/subelerimiz\/#breadcrumb\"},\"inLanguage\":\"tr\",\"potentialAction\":[{\"@type\":\"ReadAction\",\"target\":[\"https:\/\/www.myvize.com.tr\/isvec\/subelerimiz\/\"]}]},{\"@type\":\"BreadcrumbList\",\"@id\":\"https:\/\/www.myvize.com.tr\/isvec\/subelerimiz\/#breadcrumb\",\"itemListElement\":[{\"@type\":\"ListItem\",\"position\":1,\"name\":\"Anasayfa\",\"item\":\"https:\/\/www.myvize.com.tr\/isvec\/\"},{\"@type\":\"ListItem\",\"position\":2,\"name\":\"\u015eUBELER\u0130M\u0130Z\"}]},{\"@type\":\"WebSite\",\"@id\":\"https:\/\/www.myvize.com.tr\/isvec\/#website\",\"url\":\"https:\/\/www.myvize.com.tr\/isvec\/\",\"name\":\"\u0130sve\u00e7 Vizesi\",\"description\":\"\",\"potentialAction\":[{\"@type\":\"SearchAction\",\"target\":{\"@type\":\"EntryPoint\",\"urlTemplate\":\"https:\/\/www.myvize.com.tr\/isvec\/?s={search_term_string}\"},\"query-input\":{\"@type\":\"PropertyValueSpecification\",\"valueRequired\":true,\"valueName\":\"search_term_string\"}}],\"inLanguage\":\"tr\"}]}<\/script>\n<!-- \/ Yoast SEO plugin. -->","yoast_head_json":{"title":"\u0130sve\u00e7 Vize Ba\u015fvuru \u015eubelerimiz - MyVize Vize Ba\u015fvuru Merkezi","description":"\u0130sve\u00e7 Vize Ba\u015fvuru \u015eubelerimiz Nerelerdedir? \u0130sve\u00e7 Vize Ba\u015fvuru \u015eubelerimiz 2022 G\u00fcncel Bilgileri. Bilgi \u0130\u00e7in Hemen Aray\u0131n: 0850 346 84 93","robots":{"index":"index","follow":"follow","max-snippet":"max-snippet:-1","max-image-preview":"max-image-preview:large","max-video-preview":"max-video-preview:-1"},"canonical":"https:\/\/www.myvize.com.tr\/isvec\/subelerimiz\/","og_locale":"tr_TR","og_type":"article","og_title":"\u0130sve\u00e7 Vize Ba\u015fvuru \u015eubelerimiz - MyVize Vize Ba\u015fvuru Merkezi","og_description":"\u0130sve\u00e7 Vize Ba\u015fvuru \u015eubelerimiz Nerelerdedir? \u0130sve\u00e7 Vize Ba\u015fvuru \u015eubelerimiz 2022 G\u00fcncel Bilgileri. Bilgi \u0130\u00e7in Hemen Aray\u0131n: 0850 346 84 93","og_url":"https:\/\/www.myvize.com.tr\/isvec\/subelerimiz\/","og_site_name":"\u0130sve\u00e7 Vizesi","article_modified_time":"2022-08-22T11:12:36+00:00","twitter_card":"summary_large_image","twitter_misc":{"Tahmini okuma s\u00fcresi":"4 dakika"},"schema":{"@context":"https:\/\/schema.org","@graph":[{"@type":"WebPage","@id":"https:\/\/www.myvize.com.tr\/isvec\/subelerimiz\/","url":"https:\/\/www.myvize.com.tr\/isvec\/subelerimiz\/","name":"\u0130sve\u00e7 Vize Ba\u015fvuru \u015eubelerimiz - MyVize Vize Ba\u015fvuru Merkezi","isPartOf":{"@id":"https:\/\/www.myvize.com.tr\/isvec\/#website"},"datePublished":"2020-12-25T06:36:15+00:00","dateModified":"2022-08-22T11:12:36+00:00","description":"\u0130sve\u00e7 Vize Ba\u015fvuru \u015eubelerimiz Nerelerdedir? \u0130sve\u00e7 Vize Ba\u015fvuru \u015eubelerimiz 2022 G\u00fcncel Bilgileri. Bilgi \u0130\u00e7in Hemen Aray\u0131n: 0850 346 84 93","breadcrumb":{"@id":"https:\/\/www.myvize.com.tr\/isvec\/subelerimiz\/#breadcrumb"},"inLanguage":"tr","potentialAction":[{"@type":"ReadAction","target":["https:\/\/www.myvize.com.tr\/isvec\/subelerimiz\/"]}]},{"@type":"BreadcrumbList","@id":"https:\/\/www.myvize.com.tr\/isvec\/subelerimiz\/#breadcrumb","itemListElement":[{"@type":"ListItem","position":1,"name":"Anasayfa","item":"https:\/\/www.myvize.com.tr\/isvec\/"},{"@type":"ListItem","position":2,"name":"\u015eUBELER\u0130M\u0130Z"}]},{"@type":"WebSite","@id":"https:\/\/www.myvize.com.tr\/isvec\/#website","url":"https:\/\/www.myvize.com.tr\/isvec\/","name":"\u0130sve\u00e7 Vizesi","description":"","potentialAction":[{"@type":"SearchAction","target":{"@type":"EntryPoint","urlTemplate":"https:\/\/www.myvize.com.tr\/isvec\/?s={search_term_string}"},"query-input":{"@type":"PropertyValueSpecification","valueRequired":true,"valueName":"search_term_string"}}],"inLanguage":"tr"}]}},"_links":{"self":[{"href":"https:\/\/www.myvize.com.tr\/isvec\/wp-json\/wp\/v2\/pages\/220","targetHints":{"allow":["GET"]}}],"collection":[{"href":"https:\/\/www.myvize.com.tr\/isvec\/wp-json\/wp\/v2\/pages"}],"about":[{"href":"https:\/\/www.myvize.com.tr\/isvec\/wp-json\/wp\/v2\/types\/page"}],"author":[{"embeddable":true,"href":"https:\/\/www.myvize.com.tr\/isvec\/wp-json\/wp\/v2\/users\/1"}],"replies":[{"embeddable":true,"href":"https:\/\/www.myvize.com.tr\/isvec\/wp-json\/wp\/v2\/comments?post=220"}],"version-history":[{"count":4,"href":"https:\/\/www.myvize.com.tr\/isvec\/wp-json\/wp\/v2\/pages\/220\/revisions"}],"predecessor-version":[{"id":842,"href":"https:\/\/www.myvize.com.tr\/isvec\/wp-json\/wp\/v2\/pages\/220\/revisions\/842"}],"wp:attachment":[{"href":"https:\/\/www.myvize.com.tr\/isvec\/wp-json\/wp\/v2\/media?parent=220"}],"curies":[{"name":"wp","href":"https:\/\/api.w.org\/{rel}","templated":true}]}}