{"id":239,"date":"2020-12-25T09:39:28","date_gmt":"2020-12-25T06:39:28","guid":{"rendered":"https:\/\/www.myvize.com.tr\/isvec\/?page_id=239"},"modified":"2022-09-05T11:52:10","modified_gmt":"2022-09-05T08:52:10","slug":"ankara","status":"publish","type":"page","link":"https:\/\/www.myvize.com.tr\/isvec\/subelerimiz\/ankara\/","title":{"rendered":"Ankara"},"content":{"rendered":"\r\n<h2><strong><span style=\"font-size: 27px; font-family: Roboto;\">\u0130sve\u00e7 Vize Ba\u015fvuru Merkezi, Ankara<\/span><\/strong><\/h2>\r\n<p><span style=\"font-family: Roboto; font-size: 14px;\"><strong>\u0130sve\u00e7 Ankara vize merkezi\u00a0<\/strong>sitemize ho\u015f geldiniz.<\/span><\/p>\r\n<p><span style=\"font-family: Roboto; font-size: 14px;\">\r\n\r\n<\/span><\/p>\r\n<p><span style=\"font-family: Roboto; font-size: 14px;\">De\u011ferli misafirimiz\u00a0<strong>\u0130sve\u00e7 Ankara vize merkezi\u00a0<\/strong>ekibi olarak size incelemi\u015f oldu\u011funuz sayfa vize i\u015flemleri hakk\u0131nda detayl\u0131 bilgi vererek akl\u0131n\u0131za tak\u0131lan sorular\u0131 yan\u0131tlamaya \u00e7al\u0131\u015f\u0131yoruz. E\u011fer akl\u0131n\u0131zdaki sorular\u0131n yan\u0131tlar\u0131n\u0131 tam bulamad\u0131ysan\u0131z ya da yeni sorular akl\u0131n\u0131za tak\u0131ld\u0131ysa dan\u0131\u015fmanlar\u0131m\u0131z\u0131 arayarak bilgi edinebilirsiniz.<\/span><\/p>\r\n<p><span style=\"font-family: Roboto; font-size: 14px;\">\r\n\r\n<\/span><\/p>\r\n<p><span style=\"font-family: Roboto; font-size: 14px;\">Vize almaya karar verdiyseniz ve bu konuda uzman bir ekip ile \u00e7al\u0131\u015fmak istiyorsan\u0131z.<strong>\u00a0\u0130sve\u00e7 Ankara vize merkezi\u00a0<\/strong>dan\u0131\u015fmanlar\u0131m\u0131z sizin i\u00e7in haz\u0131r olarak beklemektedirler. Protokol bilgilerine sahip olup ayn\u0131 zaman da s\u00fcre\u00e7 y\u00f6netme konusunda uzman olan dan\u0131\u015fman arkada\u015flar\u0131m\u0131zla \u00e7al\u0131\u015fman\u0131z size zaman kazand\u0131r\u0131r. Bu sayede hi\u00e7bir i\u015flem yapmadan k\u0131sa s\u00fcrede vizenize kavu\u015fmu\u015f olursunuz.<\/span><\/p>\r\n<p><span style=\"font-family: Roboto; font-size: 14px;\">\r\n\r\n<\/span><\/p>\r\n<h2 class=\"wp-block-heading\"><span style=\"font-family: Roboto; font-size: 27px;\"><strong>\u0130sve\u00e7 Vize S\u00fcreci<\/strong><\/span><\/h2>\r\n<p><span style=\"font-family: Roboto; font-size: 14px;\">\r\n\r\n<\/span><\/p>\r\n<p><span style=\"font-family: Roboto; font-size: 14px;\"><strong>\u0130sve\u00e7 Ankara vize merkezi\u00a0<\/strong>dan\u0131\u015fmanlar\u0131 s\u00fcrecin en iyi hakimidir. Vizenin ne kadar s\u00fcrede \u00e7\u0131kt\u0131na ve i\u015fleyi\u015fin nas\u0131l oldu\u011funa dair yetkili bilgiye sahiptirler. Uzmanlar\u0131m\u0131z\u0131n sizden istemi\u015f olduklar\u0131 evrak listesini zaman\u0131nda ve eksiksiz olarak tamamlamal\u0131s\u0131n\u0131z. Sizin ad\u0131n\u0131za randevu alarak ba\u015fvuru i\u015flemlerini ba\u015flat\u0131rlar ve s\u00fcrecin yak\u0131n takip\u00e7isi olurlar.<\/span><\/p>\r\n<p><span style=\"font-family: Roboto; font-size: 14px;\">\r\n\r\n<\/span><\/p>\r\n<p><span style=\"font-family: Roboto; font-size: 14px;\"><strong>\u0130sve\u00e7 Ankara vize merkezi\u00a0<\/strong>Pazartesi \u2013 Cuma 08.30 \/ 18.30 ve Cumartesi 10.00 \/ 14.00 saatleri aras\u0131nda hizmet vermektedir. Bu g\u00fcn ve saatlerde ofisimizi ziyaret ederek s\u00fcreciniz hakk\u0131nda yak\u0131nda bilgi alabilirsiniz. Ankara\u2019ya yak\u0131n iller ve Ankara\u2019n\u0131n il\u00e7elerinden rahatl\u0131kla ba\u015fvuru yapabilirsiniz. Ba\u015fvuru i\u015flemlerinizi ofisimize gelmeden de y\u00f6netebilirsiniz. Dan\u0131\u015fman arkada\u015flar\u0131m\u0131z\u0131 arayarak ya da e mail yolu ile ba\u015fvuru i\u015flemleriniz ba\u015flat\u0131lm\u0131\u015f olur.<\/span><\/p>\r\n","protected":false},"excerpt":{"rendered":"<p>\u0130sve\u00e7 Vize Ba\u015fvuru Merkezi, Ankara \u0130sve\u00e7 Ankara vize merkezi\u00a0sitemize ho\u015f geldiniz. De\u011ferli misafirimiz\u00a0\u0130sve\u00e7 Ankara vize merkezi\u00a0ekibi olarak size incelemi\u015f oldu\u011funuz sayfa vize i\u015flemleri hakk\u0131nda detayl\u0131 bilgi vererek akl\u0131n\u0131za tak\u0131lan sorular\u0131 yan\u0131tlamaya \u00e7al\u0131\u015f\u0131yoruz. E\u011fer akl\u0131n\u0131zdaki sorular\u0131n yan\u0131tlar\u0131n\u0131 tam bulamad\u0131ysan\u0131z ya da yeni sorular akl\u0131n\u0131za tak\u0131ld\u0131ysa dan\u0131\u015fmanlar\u0131m\u0131z\u0131 arayarak bilgi edinebilirsiniz. Vize almaya karar verdiyseniz ve bu konuda<\/p>\n","protected":false},"author":1,"featured_media":0,"parent":220,"menu_order":0,"comment_status":"open","ping_status":"closed","template":"","meta":{"footnotes":""},"class_list":["post-239","page","type-page","status-publish","hentry"],"yoast_head":"<!-- This site is optimized with the Yoast SEO plugin v24.0 - https:\/\/yoast.com\/wordpress\/plugins\/seo\/ -->\n<title>\u0130sve\u00e7 Vize Ba\u015fvuru Merkezi Ankara - MyVize<\/title>\n<meta name=\"description\" content=\"\u0130sve\u00e7 Vizesi Ankara Vize Ba\u015fvuru Merkezi. \u0130sve\u00e7 Vizesi Nas\u0131l Al\u0131n\u0131r? Ba\u015fvuru Yapmak \u0130\u00e7in Ankara \u015eubemizi Aray\u0131n: 0850 346 84 93\" \/>\n<meta name=\"robots\" content=\"index, follow, max-snippet:-1, max-image-preview:large, max-video-preview:-1\" \/>\n<link rel=\"canonical\" href=\"https:\/\/www.myvize.com.tr\/isvec\/subelerimiz\/ankara\/\" \/>\n<meta property=\"og:locale\" content=\"tr_TR\" \/>\n<meta property=\"og:type\" content=\"article\" \/>\n<meta property=\"og:title\" content=\"\u0130sve\u00e7 Vize Ba\u015fvuru Merkezi Ankara - MyVize\" \/>\n<meta property=\"og:description\" content=\"\u0130sve\u00e7 Vizesi Ankara Vize Ba\u015fvuru Merkezi. \u0130sve\u00e7 Vizesi Nas\u0131l Al\u0131n\u0131r? Ba\u015fvuru Yapmak \u0130\u00e7in Ankara \u015eubemizi Aray\u0131n: 0850 346 84 93\" \/>\n<meta property=\"og:url\" content=\"https:\/\/www.myvize.com.tr\/isvec\/subelerimiz\/ankara\/\" \/>\n<meta property=\"og:site_name\" content=\"\u0130sve\u00e7 Vizesi\" \/>\n<meta property=\"article:modified_time\" content=\"2022-09-05T08:52:10+00:00\" \/>\n<meta name=\"twitter:card\" content=\"summary_large_image\" \/>\n<meta name=\"twitter:label1\" content=\"Tahmini okuma s\u00fcresi\" \/>\n\t<meta name=\"twitter:data1\" content=\"1 dakika\" \/>\n<script type=\"application\/ld+json\" class=\"yoast-schema-graph\">{\"@context\":\"https:\/\/schema.org\",\"@graph\":[{\"@type\":\"WebPage\",\"@id\":\"https:\/\/www.myvize.com.tr\/isvec\/subelerimiz\/ankara\/\",\"url\":\"https:\/\/www.myvize.com.tr\/isvec\/subelerimiz\/ankara\/\",\"name\":\"\u0130sve\u00e7 Vize Ba\u015fvuru Merkezi Ankara - MyVize\",\"isPartOf\":{\"@id\":\"https:\/\/www.myvize.com.tr\/isvec\/#website\"},\"datePublished\":\"2020-12-25T06:39:28+00:00\",\"dateModified\":\"2022-09-05T08:52:10+00:00\",\"description\":\"\u0130sve\u00e7 Vizesi Ankara Vize Ba\u015fvuru Merkezi. \u0130sve\u00e7 Vizesi Nas\u0131l Al\u0131n\u0131r? Ba\u015fvuru Yapmak \u0130\u00e7in Ankara \u015eubemizi Aray\u0131n: 0850 346 84 93\",\"breadcrumb\":{\"@id\":\"https:\/\/www.myvize.com.tr\/isvec\/subelerimiz\/ankara\/#breadcrumb\"},\"inLanguage\":\"tr\",\"potentialAction\":[{\"@type\":\"ReadAction\",\"target\":[\"https:\/\/www.myvize.com.tr\/isvec\/subelerimiz\/ankara\/\"]}]},{\"@type\":\"BreadcrumbList\",\"@id\":\"https:\/\/www.myvize.com.tr\/isvec\/subelerimiz\/ankara\/#breadcrumb\",\"itemListElement\":[{\"@type\":\"ListItem\",\"position\":1,\"name\":\"Anasayfa\",\"item\":\"https:\/\/www.myvize.com.tr\/isvec\/\"},{\"@type\":\"ListItem\",\"position\":2,\"name\":\"\u015eUBELER\u0130M\u0130Z\",\"item\":\"https:\/\/www.myvize.com.tr\/isvec\/subelerimiz\/\"},{\"@type\":\"ListItem\",\"position\":3,\"name\":\"Ankara\"}]},{\"@type\":\"WebSite\",\"@id\":\"https:\/\/www.myvize.com.tr\/isvec\/#website\",\"url\":\"https:\/\/www.myvize.com.tr\/isvec\/\",\"name\":\"\u0130sve\u00e7 Vizesi\",\"description\":\"\",\"potentialAction\":[{\"@type\":\"SearchAction\",\"target\":{\"@type\":\"EntryPoint\",\"urlTemplate\":\"https:\/\/www.myvize.com.tr\/isvec\/?s={search_term_string}\"},\"query-input\":{\"@type\":\"PropertyValueSpecification\",\"valueRequired\":true,\"valueName\":\"search_term_string\"}}],\"inLanguage\":\"tr\"}]}<\/script>\n<!-- \/ Yoast SEO plugin. -->","yoast_head_json":{"title":"\u0130sve\u00e7 Vize Ba\u015fvuru Merkezi Ankara - MyVize","description":"\u0130sve\u00e7 Vizesi Ankara Vize Ba\u015fvuru Merkezi. \u0130sve\u00e7 Vizesi Nas\u0131l Al\u0131n\u0131r? Ba\u015fvuru Yapmak \u0130\u00e7in Ankara \u015eubemizi Aray\u0131n: 0850 346 84 93","robots":{"index":"index","follow":"follow","max-snippet":"max-snippet:-1","max-image-preview":"max-image-preview:large","max-video-preview":"max-video-preview:-1"},"canonical":"https:\/\/www.myvize.com.tr\/isvec\/subelerimiz\/ankara\/","og_locale":"tr_TR","og_type":"article","og_title":"\u0130sve\u00e7 Vize Ba\u015fvuru Merkezi Ankara - MyVize","og_description":"\u0130sve\u00e7 Vizesi Ankara Vize Ba\u015fvuru Merkezi. \u0130sve\u00e7 Vizesi Nas\u0131l Al\u0131n\u0131r? Ba\u015fvuru Yapmak \u0130\u00e7in Ankara \u015eubemizi Aray\u0131n: 0850 346 84 93","og_url":"https:\/\/www.myvize.com.tr\/isvec\/subelerimiz\/ankara\/","og_site_name":"\u0130sve\u00e7 Vizesi","article_modified_time":"2022-09-05T08:52:10+00:00","twitter_card":"summary_large_image","twitter_misc":{"Tahmini okuma s\u00fcresi":"1 dakika"},"schema":{"@context":"https:\/\/schema.org","@graph":[{"@type":"WebPage","@id":"https:\/\/www.myvize.com.tr\/isvec\/subelerimiz\/ankara\/","url":"https:\/\/www.myvize.com.tr\/isvec\/subelerimiz\/ankara\/","name":"\u0130sve\u00e7 Vize Ba\u015fvuru Merkezi Ankara - MyVize","isPartOf":{"@id":"https:\/\/www.myvize.com.tr\/isvec\/#website"},"datePublished":"2020-12-25T06:39:28+00:00","dateModified":"2022-09-05T08:52:10+00:00","description":"\u0130sve\u00e7 Vizesi Ankara Vize Ba\u015fvuru Merkezi. \u0130sve\u00e7 Vizesi Nas\u0131l Al\u0131n\u0131r? Ba\u015fvuru Yapmak \u0130\u00e7in Ankara \u015eubemizi Aray\u0131n: 0850 346 84 93","breadcrumb":{"@id":"https:\/\/www.myvize.com.tr\/isvec\/subelerimiz\/ankara\/#breadcrumb"},"inLanguage":"tr","potentialAction":[{"@type":"ReadAction","target":["https:\/\/www.myvize.com.tr\/isvec\/subelerimiz\/ankara\/"]}]},{"@type":"BreadcrumbList","@id":"https:\/\/www.myvize.com.tr\/isvec\/subelerimiz\/ankara\/#breadcrumb","itemListElement":[{"@type":"ListItem","position":1,"name":"Anasayfa","item":"https:\/\/www.myvize.com.tr\/isvec\/"},{"@type":"ListItem","position":2,"name":"\u015eUBELER\u0130M\u0130Z","item":"https:\/\/www.myvize.com.tr\/isvec\/subelerimiz\/"},{"@type":"ListItem","position":3,"name":"Ankara"}]},{"@type":"WebSite","@id":"https:\/\/www.myvize.com.tr\/isvec\/#website","url":"https:\/\/www.myvize.com.tr\/isvec\/","name":"\u0130sve\u00e7 Vizesi","description":"","potentialAction":[{"@type":"SearchAction","target":{"@type":"EntryPoint","urlTemplate":"https:\/\/www.myvize.com.tr\/isvec\/?s={search_term_string}"},"query-input":{"@type":"PropertyValueSpecification","valueRequired":true,"valueName":"search_term_string"}}],"inLanguage":"tr"}]}},"_links":{"self":[{"href":"https:\/\/www.myvize.com.tr\/isvec\/wp-json\/wp\/v2\/pages\/239","targetHints":{"allow":["GET"]}}],"collection":[{"href":"https:\/\/www.myvize.com.tr\/isvec\/wp-json\/wp\/v2\/pages"}],"about":[{"href":"https:\/\/www.myvize.com.tr\/isvec\/wp-json\/wp\/v2\/types\/page"}],"author":[{"embeddable":true,"href":"https:\/\/www.myvize.com.tr\/isvec\/wp-json\/wp\/v2\/users\/1"}],"replies":[{"embeddable":true,"href":"https:\/\/www.myvize.com.tr\/isvec\/wp-json\/wp\/v2\/comments?post=239"}],"version-history":[{"count":6,"href":"https:\/\/www.myvize.com.tr\/isvec\/wp-json\/wp\/v2\/pages\/239\/revisions"}],"predecessor-version":[{"id":846,"href":"https:\/\/www.myvize.com.tr\/isvec\/wp-json\/wp\/v2\/pages\/239\/revisions\/846"}],"up":[{"embeddable":true,"href":"https:\/\/www.myvize.com.tr\/isvec\/wp-json\/wp\/v2\/pages\/220"}],"wp:attachment":[{"href":"https:\/\/www.myvize.com.tr\/isvec\/wp-json\/wp\/v2\/media?parent=239"}],"curies":[{"name":"wp","href":"https:\/\/api.w.org\/{rel}","templated":true}]}}