{"id":33,"date":"2020-11-30T12:42:19","date_gmt":"2020-11-30T09:42:19","guid":{"rendered":"https:\/\/www.myvize.com.tr\/isvec\/?page_id=33"},"modified":"2022-04-14T12:55:05","modified_gmt":"2022-04-14T09:55:05","slug":"isvec-aile-ziyareti-vizesi","status":"publish","type":"page","link":"https:\/\/www.myvize.com.tr\/isvec\/vize-islemleri\/isvec-aile-ziyareti-vizesi\/","title":{"rendered":"\u0130sve\u00e7 Aile Ziyareti Vizesi"},"content":{"rendered":"<h2><span style=\"font-family: Roboto; font-size: 27px;\"><strong>\u0130sve\u00e7 Aile ve Arkada\u015f Ziyaret Vizesi<\/strong><\/span><\/h2>\n<p><span style=\"font-family: Roboto; font-size: 14px;\">\u0130sve\u00e7\u2019te ya\u015fayan yak\u0131n\u0131ndan davet mektuplar\u0131 alarak (davetiyeler) alarak seyahat etmesini planlayan T\u00fcrkiye Cumhuriyeti vatanda\u015f\u0131 ki\u015fisel durumuna uygun <strong>\u0130sve\u00e7 Aile ve Arkada\u015f Ziyaret vizesi<\/strong> Evrak\u0131n\u0131 haz\u0131rlayarak \u0130sve\u00e7 Konsolosluklar\u0131 ve <strong>\u0130sve\u00e7 B\u00fcy\u00fckel\u00e7ili\u011fi<\/strong> vize ba\u015fvurusunda bulunabilmektedir. Schengen vize kategorisi i\u00e7inde yer alan <strong>\u0130sve\u00e7 Aile ve Arkada\u015f Ziyaret vizesi<\/strong> maksimum 6 ayl\u0131k s\u00fcre i\u00e7inde 3 aya kadar \u0130sve\u00e7\u2019te kalma hakk\u0131 tan\u0131nmaktad\u0131r. \u0130sve\u00e7 Aile ve Arkada\u015f Ziyaret vize ba\u015fvurusu \u0130sve\u00e7 Konsolosluklar\u0131, \u0130sve\u00e7 Ba\u015fkonsolosluklar\u0131, <span style=\"color: #2acec2;\"><strong><a style=\"color: #2acec2;\" href=\"https:\/\/www.myvize.com.tr\/isvec\/konsolosluklar\/ankara-buyukelciligi\/\" target=\"_blank\" rel=\"noopener\">\u0130sve\u00e7 Ankara B\u00fcy\u00fckel\u00e7ili\u011fi<\/a><\/strong><\/span> ve bu kurum taraf\u0131ndan akreditasyon olan vize ba\u015fvuru merkezi taraf\u0131ndan kabul edilmekte. Akredite firman\u0131n ve seyahat acentesinin vize sonucu ve s\u00fcre hakk\u0131nda hi\u00e7bir suret karar yetkisi yoktur. <span style=\"color: #2acec2;\"><strong><a style=\"color: #2acec2;\" href=\"https:\/\/www.myvize.com.tr\/isvec\/vize-islemleri\/isvec-vizesi\/\" target=\"_blank\" rel=\"noopener\">\u0130sve\u00e7 vizesi <\/a><\/strong><\/span>s\u00fcresi, kapsam ve sonucu karar veren yetkili kurulu\u015f<strong> \u0130sve\u00e7 Konsoloslu\u011fu<\/strong> ve ona e\u015fde\u011ferde diplomatik misyondur. Ayr\u0131ca \u0130sve\u00e7 Fahri Konsoloslu\u011funa da vize ba\u015fvuru yap\u0131lmamakta.<\/span><\/p>\n<p><span style=\"font-family: Roboto; font-size: 14px;\"><strong>\u0130sve\u00e7 Aile ve Arkada\u015f Ziyaret vizesi<\/strong> ki\u015finin ko\u015fuluna ba\u011fl\u0131 olarak tek, \u00e7ift ya da \u00e7ok giri\u015f verilmektedir. <strong>\u0130sve\u00e7 aile ve arkada\u015f ziyaret vizesi<\/strong> almak i\u00e7in \u0130sve\u00e7\u2019te yak\u0131n\u0131n\u0131zdan belediye onayl\u0131l\u0131k davetiye mektubu almak zorunludur, aksi takdir bu vize t\u00fcr\u00fc ba\u015fvuruda bulunamaz.<\/span><\/p>\n<p><img decoding=\"async\" src=\"https:\/\/www.myvize.com.tr\/isvec\/wp-content\/uploads\/2021\/10\/6.jpg\" \/><\/p>\n<h2><strong><span style=\"font-family: Roboto; font-size: 27px;\">\u0130sve\u00e7 Aile Ziyareti Vizesi Nas\u0131l Al\u0131n\u0131r?<\/span><\/strong><\/h2>\n<p><span style=\"font-family: Roboto; font-size: 14px;\">\u0130sve\u00e7\u2019te aile \u00fcyesi bulunan ve aile \u00fcyesini ziyaret etmek isteyen ki\u015filerin almas\u0131 gereken vize \u0130sve\u00e7 aile ziyareti vizesi almas\u0131 gerekmektedir. \u0130sve\u00e7 aile vizesi alacak olan ki\u015filer, \u0130sve\u00e7 aile ziyareti vizesi ba\u015fvurusunun nas\u0131l yap\u0131laca\u011f\u0131n\u0131 merak etmektedir. Bu yaz\u0131da<strong> \u0130sve\u00e7 aile ziyareti vizesi<\/strong> alacak olan ki\u015filer i\u00e7in \u201c\u0130sve\u00e7 aile ziyareti vizesi nas\u0131l al\u0131n\u0131r\u201d sorusunun cevab\u0131 verilmi\u015ftir.<\/span><\/p>\n<p><span style=\"font-family: Roboto; font-size: 14px;\"><strong>\u0130sve\u00e7 aile ziyareti vizesi ba\u015fvurusu<\/strong> yapacak olan ki\u015filerin \u0130sve\u00e7\u2019te bulunan aile \u00fcyesinin \u0130sve\u00e7 oturum izni ya da \u0130sve\u00e7 vatanda\u015f\u0131 olmas\u0131 gerekmektedir. \u0130sve\u00e7\u2019te bulunan aile \u00fcyesinin ba\u015fvuru sahibine davetiye vermesi gerekmektedir.<\/span><\/p>\n<p><span style=\"font-family: Roboto; font-size: 14px;\">\u0130sve\u00e7 aile ziyareti vizesi alacak olan ki\u015filer ba\u015fvurular\u0131n\u0131 <strong>\u0130sve\u00e7 vize ba\u015fvuru merkezi<\/strong> olan VFS Global \u00fczerinden yapmal\u0131d\u0131r. Ba\u015fvuru i\u00e7in \u00f6ncelikle online vize ba\u015fvuru formu doldurulmal\u0131d\u0131r. Ard\u0131ndan ise \u0130sve\u00e7 vize ba\u015fvuru merkezinden randevu al\u0131nmal\u0131d\u0131r. Randevu tarihine kadar<strong> \u0130sve\u00e7 vize ba\u015fvurusu<\/strong> i\u00e7in gerekli olan evraklar haz\u0131rlanmal\u0131 ve randevu tarihinde yetkililere teslim edilmelidir.<\/span><\/p>\n<p><span style=\"font-family: Roboto; font-size: 14px;\"><strong>\u0130sve\u00e7 aile ziyareti vize<\/strong> ba\u015fvurular\u0131n\u0131 \u0130sve\u00e7\u2019in T\u00fcrkiye diplomatik temsilcilikleri incelemektedir. Ba\u015fvurular ortalama olarak 1 ile 2 hafta i\u00e7erisinde sonu\u00e7lanmaktad\u0131r. Detayl\u0131 bilgi i\u00e7in \u0130sve\u00e7 temsilcili\u011finin vize b\u00f6l\u00fcm\u00fc ile ileti\u015fime ge\u00e7ebilirsiniz.<\/span><\/p>\n<h2><strong><span style=\"font-family: Roboto; font-size: 27px;\">\u0130sve\u00e7 Aile Ziyareti Vizesi Ka\u00e7 G\u00fcnde \u00c7\u0131kar?<\/span><\/strong><\/h2>\n<p><span style=\"font-family: Roboto; font-size: 14px;\">\u0130sve\u00e7\u2019te bulunan aile \u00fcyesini ziyaret etmek isteyen ki\u015filer \u0130sve\u00e7 aile ziyareti vizesi almal\u0131d\u0131r. \u0130sve\u00e7 aile ziyareti vizesi ba\u015fvurusu yapacak olan ki\u015filer vize ba\u015fvurusunun ne kadar s\u00fcrede sonu\u00e7lanaca\u011f\u0131n\u0131 merak etmektedir. Bu yaz\u0131da \u0130sve\u00e7 aile ziyareti vizesi alacak olan ki\u015filer i\u00e7in \u2018<strong>\u2019\u0130sve\u00e7 aile ziyareti vizesi<\/strong> ka\u00e7 g\u00fcnde sonu\u00e7lan\u0131r\u2019\u2019 sorusunun cevab\u0131 verilmi\u015ftir.<\/span><\/p>\n<p><span style=\"font-family: Roboto; font-size: 14px;\">\u0130sve\u00e7 aile ziyareti vizesi alacak olan ki\u015filerin ba\u015fvurular\u0131n\u0131n de\u011ferlendirilmesi i\u00e7in bir s\u00fcre k\u0131s\u0131tlamas\u0131 bulunmamaktad\u0131r. Ancak ba\u015fvurular ortalama olarak 1 hafta ile 3 hafta aras\u0131nda sonu\u00e7lanmaktad\u0131r. Bu s\u00fcre baz\u0131 durumlarda daha da uzayabilmektedir.<\/span><\/p>\n<p><span style=\"font-family: Roboto; font-size: 14px;\"><strong>\u0130sve\u00e7 aile ziyareti vizesi<\/strong> sonu\u00e7lanma s\u00fcresini bir\u00e7ok durum etkileyebilmektedir. Bu durumlardan birisi <strong>\u0130sve\u00e7 vize<\/strong> ba\u015fvurusunu inceleyen temsilcili\u011fin yo\u011funlu\u011fudur. Bir di\u011fer durum ise ba\u015fvuru yapacak olan ki\u015filerin Konsoloslu\u011fa eksik ve hatal\u0131 bilgi ya da belge beyan\u0131 ba\u015fvurunun sonu\u00e7lanma s\u00fcresini etkilemektedir.<\/span><\/p>\n<p><span style=\"font-family: Roboto; font-size: 14px;\">\u0130sve\u00e7 aile ziyareti vizesi ba\u015fvurusu inceleme s\u0131ras\u0131nda ek belge talebi ya da ba\u015fvuru sahibini y\u00fcz y\u00fcze g\u00f6r\u00fc\u015fmeye \u00e7a\u011f\u0131rmas\u0131 gibi durumlarda uzayabilmektedir.<strong> \u0130sve\u00e7 vize ba\u015fvurusu<\/strong>nun daha k\u0131sa bir s\u00fcrede sonu\u00e7lanabilmesi i\u00e7in profesyonel destek al\u0131nabilmektedir.<\/span><\/p>\n<h2><span style=\"font-size: 27px;\"><strong><span style=\"font-family: Roboto;\">\u0130sve\u00e7 Aile Ziyareti Vizesi Ba\u015fvuru<\/span><\/strong><\/span><\/h2>\n<p><span style=\"font-family: Roboto; font-size: 14px;\">\u0130sve\u00e7\u2019te bulunan aile \u00fcyesini ziyaret etmek isteyen ki\u015filerin \u0130sve\u00e7 aile ziyareti vizesi ba\u015fvuru i\u015flemi yapmas\u0131 gerekmektedir. \u0130sve\u00e7 aile ziyareti vizesi ba\u015fvurusu yapacak olan ki\u015filerin \u0130sve\u00e7\u2019te bulunan aile \u00fcyesinin \u0130sve\u00e7\u2019te yasal olarak ikamet ediyor olmas\u0131 gerekmektedir. \u0130sve\u00e7 aile ziyareti vizesi ba\u015fvuru i\u015flemi yapacak olan ki\u015filer, i\u015flemlerini a\u015fa\u011f\u0131daki gibi yapabilir.<\/span><\/p>\n<ul>\n<li><span style=\"font-family: Roboto; font-size: 14px;\"><strong>\u0130sve\u00e7 aile ziyareti vizesi ba\u015fvuru i\u015flemi<\/strong> yapacak olan ki\u015filer i\u015flemlerini \u0130sve\u00e7 vize ba\u015fvuru merkezine yapabilir. \u0130sve\u00e7 aile ziyareti vizesi ba\u015fvurusu yapacak olan ki\u015filer vize ba\u015fvurusunu VFS Global isimli \u015firkete yapmal\u0131d\u0131r.<\/span><\/li>\n<li><span style=\"font-family: Roboto; font-size: 14px;\">\u0130sve\u00e7 aile ziyareti vizesi ba\u015fvuru i\u015flemi yapacak olan ki\u015filer \u00f6ncelikle <strong>\u0130sve\u00e7 vize ba\u015fvuru formu<\/strong>nu aile ziyareti vizesine uygun olarak doldurmal\u0131d\u0131r.<\/span><\/li>\n<li><span style=\"font-family: Roboto; font-size: 14px;\"><strong>\u0130sve\u00e7 vize ba\u015fvuru<\/strong> formunu dolduran ki\u015filer, \u0130sve\u00e7 vize ba\u015fvurusu i\u00e7in VFS Global \u00fczerinden randevu almal\u0131d\u0131r.<\/span><\/li>\n<li><span style=\"font-family: Roboto; font-size: 14px;\">Randevu tarihine kadar \u0130sve\u00e7 aile ziyareti vizesi i\u00e7in gerekli olan evraklar haz\u0131rlanarak randevu tarihinde yetkililere teslim edilmelidir.<\/span><\/li>\n<li><span style=\"font-family: Roboto; font-size: 14px;\">Vize ba\u015fvuru merkezi teslim edilen evraklar\u0131 incelemesi i\u00e7in \u0130sve\u00e7 temsilcili\u011fine g\u00f6ndermektedir.<\/span><\/li>\n<\/ul>\n<p><span style=\"font-family: Roboto; font-size: 14px;\">\u0130sve\u00e7 aile ziyareti vizesi ba\u015fvurusunda bulunacak olan ki\u015filerin, \u0130sve\u00e7\u2019te bulunan aile \u00fcyelerinin \u0130sve\u00e7 vatanda\u015f\u0131 ya da \u0130sve\u00e7 oturum izni olmas\u0131 gerekmektedir.<\/span><\/p>\n<h3><span style=\"font-size: 24px;\"><strong><span style=\"font-family: Roboto;\">\u0130sve\u00e7 Aile Ziyareti Vizesi \u0130\u00e7in Gerekli Evraklar<\/span><\/strong><\/span><\/h3>\n<p><span style=\"font-family: Roboto; font-size: 14px;\">\u0130sve\u00e7 aile ziyareti vizesi alacak olan ki\u015filer <strong>\u0130sve\u00e7 vize ba\u015fvurusu<\/strong> i\u00e7in gerekli olan \u015fartlar\u0131 yerine getirmelidir. \u0130sve\u00e7 aile ziyareti vizesi alacak olan ki\u015filerin yerine getirmesi gereken \u015fartlardan birisi vize evraklar\u0131n\u0131n haz\u0131rlanmas\u0131d\u0131r. <strong>\u0130sve\u00e7 aile ziyareti vizesi<\/strong> i\u00e7in gerekli evraklar listesi a\u015fa\u011f\u0131da verilmi\u015ftir.<\/span><\/p>\n<ul>\n<li><span style=\"font-family: Roboto; font-size: 14px;\">Planlanan d\u00f6n\u00fc\u015f tarihinden sonra 6 ay daha ge\u00e7erli pasaport.<\/span><\/li>\n<li><span style=\"font-family: Roboto; font-size: 14px;\">T\u00fcm eski pasaportlar<\/span><\/li>\n<li><span style=\"font-family: Roboto; font-size: 14px;\">\u0130sve\u00e7 vize talep dilek\u00e7esi<\/span><\/li>\n<li><span style=\"font-family: Roboto; font-size: 14px;\">\u0130sve\u00e7 vize ba\u015fvuru formu<\/span><\/li>\n<li><span style=\"font-family: Roboto; font-size: 14px;\">Ba\u015fvuru sahibinin kimlik \u00f6n ve arka y\u00fcz fotokopisi<\/span><\/li>\n<li><span style=\"font-family: Roboto; font-size: 14px;\">\u0130sve\u00e7 aile ziyareti vizesi yapacak olan ki\u015filer, T\u00fcrk vatanda\u015f\u0131 de\u011filse T\u00fcrkiye yasal oturum izni<\/span><\/li>\n<li><span style=\"font-family: Roboto; font-size: 14px;\">2 adet biyometrik foto\u011fraf<\/span><\/li>\n<li><span style=\"font-family: Roboto; font-size: 14px;\">Son 3 aya ait maa\u015f bordrosu<\/span><\/li>\n<li><span style=\"font-family: Roboto; font-size: 14px;\">Vize \u00fccreti ve servis \u00fccreti<\/span><\/li>\n<li><span style=\"font-family: Roboto; font-size: 14px;\">T\u00fcm seyahat s\u00fcresini kapsayan seyahat sa\u011fl\u0131k sigortas\u0131<\/span><\/li>\n<li><span style=\"font-family: Roboto; font-size: 14px;\">\u0130sve\u00e7 otel rezervasyonlar\u0131<\/span><\/li>\n<li><span style=\"font-family: Roboto; font-size: 14px;\">\u00c7al\u0131\u015f\u0131yor ise detayl\u0131 SGK i\u015fe giri\u015f bildirgesi<\/span><\/li>\n<li><span style=\"font-family: Roboto; font-size: 14px;\">U\u00e7ak rezervasyonlar\u0131: gidi\u015f-d\u00f6n\u00fc\u015f bilet rezervasyon<\/span><\/li>\n<li><span style=\"font-family: Roboto; font-size: 14px;\">Detayl\u0131 n\u00fcfus kay\u0131t \u00f6rne\u011fi<\/span><\/li>\n<\/ul>\n<p><span style=\"font-family: Roboto; font-size: 14px;\"><strong>\u0130sve\u00e7 vize<\/strong> ba\u015fvurusunun incelenmesi s\u0131ras\u0131nda yukar\u0131daki belgelere ek belge talep etme hakk\u0131nda sahiptir. Bunun yan\u0131nda eksik ve hatal\u0131 belge beyan\u0131 nedeni ile ba\u015fvurular reddedilmektedir. Bu nedenle belgelerin eksiksiz olarak haz\u0131rlanmas\u0131 gerekmektedir.<\/span><\/p>\n<h3><strong><span style=\"font-family: Roboto; font-size: 24px;\">\u0130sve\u00e7 Aile Ziyareti Vizesi \u00dccreti<\/span><\/strong><\/h3>\n<p><span style=\"font-family: Roboto; font-size: 14px;\">\u0130sve\u00e7\u2019te bulunan aile \u00fcyesini ziyaret etmek isteyen ki\u015filerin <strong>\u0130sve\u00e7 aile ziyareti vizesi<\/strong> almas\u0131 gerekmektedir. \u0130sve\u00e7 aile ziyareti vizesi alacak olan ki\u015filerin \u0130sve\u00e7 aile ziyareti vizesi \u00fccreti \u00f6demesi gerekmektedir. \u0130sve\u00e7 aile ziyareti vizesi alacak olan ki\u015filer vize \u00fccretinin ne kadar oldu\u011funu merak etmektedir. Bu yaz\u0131da \u0130sve\u00e7 aile ziyareti vizesi \u00fccreti hakk\u0131nda bilgi verilmi\u015ftir.<\/span><\/p>\n<p><span style=\"font-family: Roboto; font-size: 14px;\"><strong>\u0130sve\u00e7 aile ziyareti vizesi<\/strong> k\u0131sa s\u00fcreli bir vize t\u00fcr\u00fcd\u00fcr. \u0130sve\u00e7 Schengen \u00fclkesi oldu\u011fundan dolay\u0131 k\u0131sa s\u00fcreli vize ba\u015fvurular\u0131n\u0131 de\u011ferlendirme yetkisi Schengen \u00fclkelerin ortak karar\u0131 ile belirlenmektedir. \u0130sve\u00e7 aile ziyareti vizesi \u00fccreti her y\u0131l yeniden belirlenmektedir. Bu nedenle vize \u00fccreti her y\u0131l farkl\u0131l\u0131k g\u00f6sterebilir.<\/span><\/p>\n<p><span style=\"font-family: Roboto; font-size: 14px;\">\u0130sve\u00e7 aile ziyareti vizesi \u00fccreti ba\u015fvuru sahibinin ya\u015f\u0131na g\u00f6re farkl\u0131l\u0131k g\u00f6stermektedir.<strong> \u0130sve\u00e7 aile ziyareti vizesi<\/strong> \u00fccreti a\u015fa\u011f\u0131da verilmi\u015ftir.<\/span><\/p>\n<ul>\n<li><span style=\"font-family: Roboto; font-size: 14px;\">0 ile 6 ya\u015f aras\u0131ndan \u0130sve\u00e7 aile ziyareti vizesi \u00fccreti al\u0131nmamaktad\u0131r.<\/span><\/li>\n<li><span style=\"font-family: Roboto; font-size: 14px;\">6 ile 12 ya\u015f aras\u0131ndan al\u0131nan vize \u00fccreti 40 Euro\u2019dur.<\/span><\/li>\n<li><span style=\"font-family: Roboto; font-size: 14px;\">12 ya\u015f ve \u00fczeri ki\u015filerin \u00f6demesi gereken vize \u00fccreti 80 Euro\u2019dur.<\/span><\/li>\n<\/ul>\n<p><span style=\"font-family: Roboto; font-size: 14px;\"><span style=\"color: #2acec2;\"><strong><a style=\"color: #2acec2;\" href=\"https:\/\/www.myvize.com.tr\/isvec\/isvec-vize-basvurusu\/\" target=\"_blank\" rel=\"noopener\">\u0130sve\u00e7 vize ba\u015fvurusu<\/a><\/strong><\/span> vize ba\u015fvuru merkezlerine yap\u0131lmaktad\u0131r. Bu nedenle vize ba\u015fvuru merkezi hizmet bedeli tahsil etmektedir.<\/span><\/p>\n","protected":false},"excerpt":{"rendered":"<p>\u0130sve\u00e7 Aile ve Arkada\u015f Ziyaret Vizesi \u0130sve\u00e7\u2019te ya\u015fayan yak\u0131n\u0131ndan davet mektuplar\u0131 alarak (davetiyeler) alarak seyahat etmesini planlayan T\u00fcrkiye Cumhuriyeti vatanda\u015f\u0131 ki\u015fisel durumuna uygun \u0130sve\u00e7 Aile ve Arkada\u015f Ziyaret vizesi Evrak\u0131n\u0131 haz\u0131rlayarak \u0130sve\u00e7 Konsolosluklar\u0131 ve \u0130sve\u00e7 B\u00fcy\u00fckel\u00e7ili\u011fi vize ba\u015fvurusunda bulunabilmektedir. Schengen vize kategorisi i\u00e7inde yer alan \u0130sve\u00e7 Aile ve Arkada\u015f Ziyaret vizesi maksimum 6 ayl\u0131k s\u00fcre<\/p>\n","protected":false},"author":1,"featured_media":0,"parent":18,"menu_order":0,"comment_status":"open","ping_status":"closed","template":"","meta":{"footnotes":""},"class_list":["post-33","page","type-page","status-publish","hentry"],"yoast_head":"<!-- This site is optimized with the Yoast SEO plugin v24.0 - https:\/\/yoast.com\/wordpress\/plugins\/seo\/ -->\n<title>\u0130sve\u00e7 Aile ve Arkada\u015f Ziyaret Vizesi - MyVize<\/title>\n<meta name=\"description\" content=\"\u0130sve\u00e7 Aile ve Arkada\u015f Ziyaret Vizesi Nas\u0131l Al\u0131n\u0131r? \u0130sve\u00e7 Aile ve Arkada\u015f Ziyaret Vize Ba\u015fvurusu Nas\u0131l Yap\u0131l\u0131r?\" \/>\n<meta name=\"robots\" content=\"index, follow, max-snippet:-1, max-image-preview:large, max-video-preview:-1\" \/>\n<link rel=\"canonical\" href=\"https:\/\/www.myvize.com.tr\/isvec\/vize-islemleri\/isvec-aile-ziyareti-vizesi\/\" \/>\n<meta property=\"og:locale\" content=\"tr_TR\" \/>\n<meta property=\"og:type\" content=\"article\" \/>\n<meta property=\"og:title\" content=\"\u0130sve\u00e7 Aile ve Arkada\u015f Ziyaret Vizesi - MyVize\" \/>\n<meta property=\"og:description\" content=\"\u0130sve\u00e7 Aile ve Arkada\u015f Ziyaret Vizesi Nas\u0131l Al\u0131n\u0131r? \u0130sve\u00e7 Aile ve Arkada\u015f Ziyaret Vize Ba\u015fvurusu Nas\u0131l Yap\u0131l\u0131r?\" \/>\n<meta property=\"og:url\" content=\"https:\/\/www.myvize.com.tr\/isvec\/vize-islemleri\/isvec-aile-ziyareti-vizesi\/\" \/>\n<meta property=\"og:site_name\" content=\"\u0130sve\u00e7 Vizesi\" \/>\n<meta property=\"article:modified_time\" content=\"2022-04-14T09:55:05+00:00\" \/>\n<meta property=\"og:image\" content=\"https:\/\/www.myvize.com.tr\/isvec\/wp-content\/uploads\/2021\/10\/6.jpg\" \/>\n<meta name=\"twitter:card\" content=\"summary_large_image\" \/>\n<meta name=\"twitter:label1\" content=\"Tahmini okuma s\u00fcresi\" \/>\n\t<meta name=\"twitter:data1\" content=\"5 dakika\" \/>\n<script type=\"application\/ld+json\" class=\"yoast-schema-graph\">{\"@context\":\"https:\/\/schema.org\",\"@graph\":[{\"@type\":\"WebPage\",\"@id\":\"https:\/\/www.myvize.com.tr\/isvec\/vize-islemleri\/isvec-aile-ziyareti-vizesi\/\",\"url\":\"https:\/\/www.myvize.com.tr\/isvec\/vize-islemleri\/isvec-aile-ziyareti-vizesi\/\",\"name\":\"\u0130sve\u00e7 Aile ve Arkada\u015f Ziyaret Vizesi - MyVize\",\"isPartOf\":{\"@id\":\"https:\/\/www.myvize.com.tr\/isvec\/#website\"},\"primaryImageOfPage\":{\"@id\":\"https:\/\/www.myvize.com.tr\/isvec\/vize-islemleri\/isvec-aile-ziyareti-vizesi\/#primaryimage\"},\"image\":{\"@id\":\"https:\/\/www.myvize.com.tr\/isvec\/vize-islemleri\/isvec-aile-ziyareti-vizesi\/#primaryimage\"},\"thumbnailUrl\":\"https:\/\/www.myvize.com.tr\/isvec\/wp-content\/uploads\/2021\/10\/6.jpg\",\"datePublished\":\"2020-11-30T09:42:19+00:00\",\"dateModified\":\"2022-04-14T09:55:05+00:00\",\"description\":\"\u0130sve\u00e7 Aile ve Arkada\u015f Ziyaret Vizesi Nas\u0131l Al\u0131n\u0131r? \u0130sve\u00e7 Aile ve Arkada\u015f Ziyaret Vize Ba\u015fvurusu Nas\u0131l Yap\u0131l\u0131r?\",\"breadcrumb\":{\"@id\":\"https:\/\/www.myvize.com.tr\/isvec\/vize-islemleri\/isvec-aile-ziyareti-vizesi\/#breadcrumb\"},\"inLanguage\":\"tr\",\"potentialAction\":[{\"@type\":\"ReadAction\",\"target\":[\"https:\/\/www.myvize.com.tr\/isvec\/vize-islemleri\/isvec-aile-ziyareti-vizesi\/\"]}]},{\"@type\":\"ImageObject\",\"inLanguage\":\"tr\",\"@id\":\"https:\/\/www.myvize.com.tr\/isvec\/vize-islemleri\/isvec-aile-ziyareti-vizesi\/#primaryimage\",\"url\":\"https:\/\/www.myvize.com.tr\/isvec\/wp-content\/uploads\/2021\/10\/6.jpg\",\"contentUrl\":\"https:\/\/www.myvize.com.tr\/isvec\/wp-content\/uploads\/2021\/10\/6.jpg\",\"width\":800,\"height\":500,\"caption\":\"\u0130sve\u00e7 Aile Ziyareti Vizesi\"},{\"@type\":\"BreadcrumbList\",\"@id\":\"https:\/\/www.myvize.com.tr\/isvec\/vize-islemleri\/isvec-aile-ziyareti-vizesi\/#breadcrumb\",\"itemListElement\":[{\"@type\":\"ListItem\",\"position\":1,\"name\":\"Anasayfa\",\"item\":\"https:\/\/www.myvize.com.tr\/isvec\/\"},{\"@type\":\"ListItem\",\"position\":2,\"name\":\"V\u0130ZE \u0130\u015eLEMLER\u0130\",\"item\":\"https:\/\/www.myvize.com.tr\/isvec\/vize-islemleri\/\"},{\"@type\":\"ListItem\",\"position\":3,\"name\":\"\u0130sve\u00e7 Aile Ziyareti Vizesi\"}]},{\"@type\":\"WebSite\",\"@id\":\"https:\/\/www.myvize.com.tr\/isvec\/#website\",\"url\":\"https:\/\/www.myvize.com.tr\/isvec\/\",\"name\":\"\u0130sve\u00e7 Vizesi\",\"description\":\"\",\"potentialAction\":[{\"@type\":\"SearchAction\",\"target\":{\"@type\":\"EntryPoint\",\"urlTemplate\":\"https:\/\/www.myvize.com.tr\/isvec\/?s={search_term_string}\"},\"query-input\":{\"@type\":\"PropertyValueSpecification\",\"valueRequired\":true,\"valueName\":\"search_term_string\"}}],\"inLanguage\":\"tr\"}]}<\/script>\n<!-- \/ Yoast SEO plugin. -->","yoast_head_json":{"title":"\u0130sve\u00e7 Aile ve Arkada\u015f Ziyaret Vizesi - MyVize","description":"\u0130sve\u00e7 Aile ve Arkada\u015f Ziyaret Vizesi Nas\u0131l Al\u0131n\u0131r? \u0130sve\u00e7 Aile ve Arkada\u015f Ziyaret Vize Ba\u015fvurusu Nas\u0131l Yap\u0131l\u0131r?","robots":{"index":"index","follow":"follow","max-snippet":"max-snippet:-1","max-image-preview":"max-image-preview:large","max-video-preview":"max-video-preview:-1"},"canonical":"https:\/\/www.myvize.com.tr\/isvec\/vize-islemleri\/isvec-aile-ziyareti-vizesi\/","og_locale":"tr_TR","og_type":"article","og_title":"\u0130sve\u00e7 Aile ve Arkada\u015f Ziyaret Vizesi - MyVize","og_description":"\u0130sve\u00e7 Aile ve Arkada\u015f Ziyaret Vizesi Nas\u0131l Al\u0131n\u0131r? \u0130sve\u00e7 Aile ve Arkada\u015f Ziyaret Vize Ba\u015fvurusu Nas\u0131l Yap\u0131l\u0131r?","og_url":"https:\/\/www.myvize.com.tr\/isvec\/vize-islemleri\/isvec-aile-ziyareti-vizesi\/","og_site_name":"\u0130sve\u00e7 Vizesi","article_modified_time":"2022-04-14T09:55:05+00:00","og_image":[{"url":"https:\/\/www.myvize.com.tr\/isvec\/wp-content\/uploads\/2021\/10\/6.jpg","type":"","width":"","height":""}],"twitter_card":"summary_large_image","twitter_misc":{"Tahmini okuma s\u00fcresi":"5 dakika"},"schema":{"@context":"https:\/\/schema.org","@graph":[{"@type":"WebPage","@id":"https:\/\/www.myvize.com.tr\/isvec\/vize-islemleri\/isvec-aile-ziyareti-vizesi\/","url":"https:\/\/www.myvize.com.tr\/isvec\/vize-islemleri\/isvec-aile-ziyareti-vizesi\/","name":"\u0130sve\u00e7 Aile ve Arkada\u015f Ziyaret Vizesi - MyVize","isPartOf":{"@id":"https:\/\/www.myvize.com.tr\/isvec\/#website"},"primaryImageOfPage":{"@id":"https:\/\/www.myvize.com.tr\/isvec\/vize-islemleri\/isvec-aile-ziyareti-vizesi\/#primaryimage"},"image":{"@id":"https:\/\/www.myvize.com.tr\/isvec\/vize-islemleri\/isvec-aile-ziyareti-vizesi\/#primaryimage"},"thumbnailUrl":"https:\/\/www.myvize.com.tr\/isvec\/wp-content\/uploads\/2021\/10\/6.jpg","datePublished":"2020-11-30T09:42:19+00:00","dateModified":"2022-04-14T09:55:05+00:00","description":"\u0130sve\u00e7 Aile ve Arkada\u015f Ziyaret Vizesi Nas\u0131l Al\u0131n\u0131r? \u0130sve\u00e7 Aile ve Arkada\u015f Ziyaret Vize Ba\u015fvurusu Nas\u0131l Yap\u0131l\u0131r?","breadcrumb":{"@id":"https:\/\/www.myvize.com.tr\/isvec\/vize-islemleri\/isvec-aile-ziyareti-vizesi\/#breadcrumb"},"inLanguage":"tr","potentialAction":[{"@type":"ReadAction","target":["https:\/\/www.myvize.com.tr\/isvec\/vize-islemleri\/isvec-aile-ziyareti-vizesi\/"]}]},{"@type":"ImageObject","inLanguage":"tr","@id":"https:\/\/www.myvize.com.tr\/isvec\/vize-islemleri\/isvec-aile-ziyareti-vizesi\/#primaryimage","url":"https:\/\/www.myvize.com.tr\/isvec\/wp-content\/uploads\/2021\/10\/6.jpg","contentUrl":"https:\/\/www.myvize.com.tr\/isvec\/wp-content\/uploads\/2021\/10\/6.jpg","width":800,"height":500,"caption":"\u0130sve\u00e7 Aile Ziyareti Vizesi"},{"@type":"BreadcrumbList","@id":"https:\/\/www.myvize.com.tr\/isvec\/vize-islemleri\/isvec-aile-ziyareti-vizesi\/#breadcrumb","itemListElement":[{"@type":"ListItem","position":1,"name":"Anasayfa","item":"https:\/\/www.myvize.com.tr\/isvec\/"},{"@type":"ListItem","position":2,"name":"V\u0130ZE \u0130\u015eLEMLER\u0130","item":"https:\/\/www.myvize.com.tr\/isvec\/vize-islemleri\/"},{"@type":"ListItem","position":3,"name":"\u0130sve\u00e7 Aile Ziyareti Vizesi"}]},{"@type":"WebSite","@id":"https:\/\/www.myvize.com.tr\/isvec\/#website","url":"https:\/\/www.myvize.com.tr\/isvec\/","name":"\u0130sve\u00e7 Vizesi","description":"","potentialAction":[{"@type":"SearchAction","target":{"@type":"EntryPoint","urlTemplate":"https:\/\/www.myvize.com.tr\/isvec\/?s={search_term_string}"},"query-input":{"@type":"PropertyValueSpecification","valueRequired":true,"valueName":"search_term_string"}}],"inLanguage":"tr"}]}},"_links":{"self":[{"href":"https:\/\/www.myvize.com.tr\/isvec\/wp-json\/wp\/v2\/pages\/33","targetHints":{"allow":["GET"]}}],"collection":[{"href":"https:\/\/www.myvize.com.tr\/isvec\/wp-json\/wp\/v2\/pages"}],"about":[{"href":"https:\/\/www.myvize.com.tr\/isvec\/wp-json\/wp\/v2\/types\/page"}],"author":[{"embeddable":true,"href":"https:\/\/www.myvize.com.tr\/isvec\/wp-json\/wp\/v2\/users\/1"}],"replies":[{"embeddable":true,"href":"https:\/\/www.myvize.com.tr\/isvec\/wp-json\/wp\/v2\/comments?post=33"}],"version-history":[{"count":8,"href":"https:\/\/www.myvize.com.tr\/isvec\/wp-json\/wp\/v2\/pages\/33\/revisions"}],"predecessor-version":[{"id":742,"href":"https:\/\/www.myvize.com.tr\/isvec\/wp-json\/wp\/v2\/pages\/33\/revisions\/742"}],"up":[{"embeddable":true,"href":"https:\/\/www.myvize.com.tr\/isvec\/wp-json\/wp\/v2\/pages\/18"}],"wp:attachment":[{"href":"https:\/\/www.myvize.com.tr\/isvec\/wp-json\/wp\/v2\/media?parent=33"}],"curies":[{"name":"wp","href":"https:\/\/api.w.org\/{rel}","templated":true}]}}