{"id":344,"date":"2021-06-28T22:36:59","date_gmt":"2021-06-28T19:36:59","guid":{"rendered":"https:\/\/www.myvize.com.tr\/isvec\/?page_id=344"},"modified":"2022-01-14T15:02:15","modified_gmt":"2022-01-14T12:02:15","slug":"isvicre-schengen-vize","status":"publish","type":"page","link":"https:\/\/www.myvize.com.tr\/isvec\/vize-islemleri\/isvicre-schengen-vize\/","title":{"rendered":"\u0130sve\u00e7 Schengen Vize"},"content":{"rendered":"<p><span style=\"font-family: Roboto;\"><\/span><\/p>\r\n<h2><strong><span style=\"font-family: Roboto; font-size: 27px;\">\u0130sve\u00e7 Schengen Vize Hakk\u0131nda<\/span><\/strong><\/h2>\r\n<p><span style=\"font-family: Roboto; font-size: 14px;\">\u0130svi\u00e7re Schengen b\u00f6lgesinde bulunan bir diyar oldu\u011fu i\u00e7in buraya mahsus pasaport abonelerinin ge\u00e7erli bir Schengen vizelerinden\u00a0bulunmuyorsa 90 g\u00fcn\u00fc ge\u00e7meden k\u0131sa s\u00fcreli ziyaretleri i\u00e7in \u0130svi\u00e7re Schengen vizesine m\u00fcracaat etmeleri gerekmektedir. Ancak oturma izni, \u00e7al\u0131\u015fma izni, aile sentezi gibi 90 g\u00fcn\u00fc a\u015fan s\u00fcreli vize arz ediliyorsa dolays\u0131z olarak \u0130svi\u00e7re uzun s\u00fcreli vize m\u00fcracaat\u0131 yap\u0131lmas\u0131 gerekmektedir. T\u00fcm operasyonlar\u0131n meselesiz bir bi\u00e7imde bitirilmesi halinde k\u0131sa s\u00fcreli Schengen \u0130svi\u00e7re vizesinden\u00a05 ile 15 g\u00fcn limitinde\u00a0sonu\u00e7lanabilmektedir. Seyahat tasar\u0131s\u0131nda mesele ya\u015fanmamas\u0131 ismine m\u00fcracaatlar\u0131n seyahatten 30 g\u00fcn evvelinde yap\u0131lmas\u0131 ehemmiyetlidir. \u00a0<\/span><\/p>\r\n<p><span style=\"font-family: Roboto; font-size: 14px;\">\r\n\r\n<\/span><\/p>\r\n<p><span style=\"font-family: Roboto; font-size: 14px;\"><strong>\u0130svi\u00e7re D tipi vize<\/strong> harek\u00e2tlar\u0131 k\u0131sa s\u00fcreli harek\u00e2tlardan daha fazla zaman alabilmektedir. Ba\u015fvuru yap\u0131l\u0131rken vize cinsine g\u00f6re zaman\u0131n uzayabilece\u011fi g\u00f6z \u00f6n\u00fcnde bulundurulmal\u0131d\u0131r. \u0130svi\u00e7re vizesi m\u00fcracaatlar\u0131n\u0131n ara\u015ft\u0131r\u0131lmas\u0131 ve sonu\u00e7land\u0131r\u0131lmas\u0131 i\u00e7in yetkili tek m\u00fcessese \u0130svi\u00e7re Konsoloslu\u011fudur.<\/span><\/p>\r\n<p><span style=\"font-family: Roboto; font-size: 14px;\">\r\n\r\n<\/span><\/p>\r\n<p><span style=\"font-family: Roboto; font-size: 14px;\">Ancak az\u00a0s\u00fcreli gezintiler i\u00e7in 90 g\u00fcn\u00fc a\u015fmayacak\u00a0<strong>\u0130svi\u00e7re Schengen vizesi<\/strong> m\u00fcracaatlar\u0131 Konsolosluk taraf\u0131ndan kabul edilmemekte, atand\u0131r\u0131lm\u0131\u015f vize merkezlerine y\u00f6nlendirilmektedir. \u015eayet oturma izni, \u00e7al\u0131\u015fma izni, aile sentezi vizesi gibi 90 g\u00fcnl\u00fck m\u00fcddeti a\u015facak vaziyetler i\u00e7in vize arz\u0131nda bulunulacaksa do\u011frudan Konsoloslu\u011fa m\u00fcracaat yap\u0131lmas\u0131 gerekmektedir.<\/span><\/p>\r\n<p><span style=\"font-family: Roboto;\"><\/span><\/p>","protected":false},"excerpt":{"rendered":"<p>\u0130sve\u00e7 Schengen Vize Hakk\u0131nda \u0130svi\u00e7re Schengen b\u00f6lgesinde bulunan bir diyar oldu\u011fu i\u00e7in buraya mahsus pasaport abonelerinin ge\u00e7erli bir Schengen vizelerinden\u00a0bulunmuyorsa 90 g\u00fcn\u00fc ge\u00e7meden k\u0131sa s\u00fcreli ziyaretleri i\u00e7in \u0130svi\u00e7re Schengen vizesine m\u00fcracaat etmeleri gerekmektedir. Ancak oturma izni, \u00e7al\u0131\u015fma izni, aile sentezi gibi 90 g\u00fcn\u00fc a\u015fan s\u00fcreli vize arz ediliyorsa dolays\u0131z olarak \u0130svi\u00e7re uzun s\u00fcreli vize m\u00fcracaat\u0131<\/p>\n","protected":false},"author":1,"featured_media":0,"parent":18,"menu_order":0,"comment_status":"open","ping_status":"closed","template":"","meta":{"footnotes":""},"class_list":["post-344","page","type-page","status-publish","hentry"],"yoast_head":"<!-- This site is optimized with the Yoast SEO plugin v24.0 - https:\/\/yoast.com\/wordpress\/plugins\/seo\/ -->\n<title>\u0130sve\u00e7 Schengen Vize - \u0130sve\u00e7 Vizesi - MyVize<\/title>\n<meta name=\"description\" content=\"\u0130sve\u00e7 Schengen Vizesi nas\u0131l al\u0131n\u0131r? \u0130sve\u00e7 Schengen Vize ba\u015fvurusu nas\u0131l yap\u0131l\u0131r? \u0130sve\u00e7 Schengen Vize i\u015flemleri nelerdir?\" \/>\n<meta name=\"robots\" content=\"index, follow, max-snippet:-1, max-image-preview:large, max-video-preview:-1\" \/>\n<link rel=\"canonical\" href=\"https:\/\/www.myvize.com.tr\/isvec\/vize-islemleri\/isvicre-schengen-vize\/\" \/>\n<meta property=\"og:locale\" content=\"tr_TR\" \/>\n<meta property=\"og:type\" content=\"article\" \/>\n<meta property=\"og:title\" content=\"\u0130sve\u00e7 Schengen Vize - \u0130sve\u00e7 Vizesi - MyVize\" \/>\n<meta property=\"og:description\" content=\"\u0130sve\u00e7 Schengen Vizesi nas\u0131l al\u0131n\u0131r? \u0130sve\u00e7 Schengen Vize ba\u015fvurusu nas\u0131l yap\u0131l\u0131r? \u0130sve\u00e7 Schengen Vize i\u015flemleri nelerdir?\" \/>\n<meta property=\"og:url\" content=\"https:\/\/www.myvize.com.tr\/isvec\/vize-islemleri\/isvicre-schengen-vize\/\" \/>\n<meta property=\"og:site_name\" content=\"\u0130sve\u00e7 Vizesi\" \/>\n<meta property=\"article:modified_time\" content=\"2022-01-14T12:02:15+00:00\" \/>\n<meta name=\"twitter:card\" content=\"summary_large_image\" \/>\n<meta name=\"twitter:label1\" content=\"Tahmini okuma s\u00fcresi\" \/>\n\t<meta name=\"twitter:data1\" content=\"1 dakika\" \/>\n<script type=\"application\/ld+json\" class=\"yoast-schema-graph\">{\"@context\":\"https:\/\/schema.org\",\"@graph\":[{\"@type\":\"WebPage\",\"@id\":\"https:\/\/www.myvize.com.tr\/isvec\/vize-islemleri\/isvicre-schengen-vize\/\",\"url\":\"https:\/\/www.myvize.com.tr\/isvec\/vize-islemleri\/isvicre-schengen-vize\/\",\"name\":\"\u0130sve\u00e7 Schengen Vize - \u0130sve\u00e7 Vizesi - MyVize\",\"isPartOf\":{\"@id\":\"https:\/\/www.myvize.com.tr\/isvec\/#website\"},\"datePublished\":\"2021-06-28T19:36:59+00:00\",\"dateModified\":\"2022-01-14T12:02:15+00:00\",\"description\":\"\u0130sve\u00e7 Schengen Vizesi nas\u0131l al\u0131n\u0131r? \u0130sve\u00e7 Schengen Vize ba\u015fvurusu nas\u0131l yap\u0131l\u0131r? \u0130sve\u00e7 Schengen Vize i\u015flemleri nelerdir?\",\"breadcrumb\":{\"@id\":\"https:\/\/www.myvize.com.tr\/isvec\/vize-islemleri\/isvicre-schengen-vize\/#breadcrumb\"},\"inLanguage\":\"tr\",\"potentialAction\":[{\"@type\":\"ReadAction\",\"target\":[\"https:\/\/www.myvize.com.tr\/isvec\/vize-islemleri\/isvicre-schengen-vize\/\"]}]},{\"@type\":\"BreadcrumbList\",\"@id\":\"https:\/\/www.myvize.com.tr\/isvec\/vize-islemleri\/isvicre-schengen-vize\/#breadcrumb\",\"itemListElement\":[{\"@type\":\"ListItem\",\"position\":1,\"name\":\"Anasayfa\",\"item\":\"https:\/\/www.myvize.com.tr\/isvec\/\"},{\"@type\":\"ListItem\",\"position\":2,\"name\":\"V\u0130ZE \u0130\u015eLEMLER\u0130\",\"item\":\"https:\/\/www.myvize.com.tr\/isvec\/vize-islemleri\/\"},{\"@type\":\"ListItem\",\"position\":3,\"name\":\"\u0130sve\u00e7 Schengen Vize\"}]},{\"@type\":\"WebSite\",\"@id\":\"https:\/\/www.myvize.com.tr\/isvec\/#website\",\"url\":\"https:\/\/www.myvize.com.tr\/isvec\/\",\"name\":\"\u0130sve\u00e7 Vizesi\",\"description\":\"\",\"potentialAction\":[{\"@type\":\"SearchAction\",\"target\":{\"@type\":\"EntryPoint\",\"urlTemplate\":\"https:\/\/www.myvize.com.tr\/isvec\/?s={search_term_string}\"},\"query-input\":{\"@type\":\"PropertyValueSpecification\",\"valueRequired\":true,\"valueName\":\"search_term_string\"}}],\"inLanguage\":\"tr\"}]}<\/script>\n<!-- \/ Yoast SEO plugin. -->","yoast_head_json":{"title":"\u0130sve\u00e7 Schengen Vize - \u0130sve\u00e7 Vizesi - MyVize","description":"\u0130sve\u00e7 Schengen Vizesi nas\u0131l al\u0131n\u0131r? \u0130sve\u00e7 Schengen Vize ba\u015fvurusu nas\u0131l yap\u0131l\u0131r? \u0130sve\u00e7 Schengen Vize i\u015flemleri nelerdir?","robots":{"index":"index","follow":"follow","max-snippet":"max-snippet:-1","max-image-preview":"max-image-preview:large","max-video-preview":"max-video-preview:-1"},"canonical":"https:\/\/www.myvize.com.tr\/isvec\/vize-islemleri\/isvicre-schengen-vize\/","og_locale":"tr_TR","og_type":"article","og_title":"\u0130sve\u00e7 Schengen Vize - \u0130sve\u00e7 Vizesi - MyVize","og_description":"\u0130sve\u00e7 Schengen Vizesi nas\u0131l al\u0131n\u0131r? \u0130sve\u00e7 Schengen Vize ba\u015fvurusu nas\u0131l yap\u0131l\u0131r? \u0130sve\u00e7 Schengen Vize i\u015flemleri nelerdir?","og_url":"https:\/\/www.myvize.com.tr\/isvec\/vize-islemleri\/isvicre-schengen-vize\/","og_site_name":"\u0130sve\u00e7 Vizesi","article_modified_time":"2022-01-14T12:02:15+00:00","twitter_card":"summary_large_image","twitter_misc":{"Tahmini okuma s\u00fcresi":"1 dakika"},"schema":{"@context":"https:\/\/schema.org","@graph":[{"@type":"WebPage","@id":"https:\/\/www.myvize.com.tr\/isvec\/vize-islemleri\/isvicre-schengen-vize\/","url":"https:\/\/www.myvize.com.tr\/isvec\/vize-islemleri\/isvicre-schengen-vize\/","name":"\u0130sve\u00e7 Schengen Vize - \u0130sve\u00e7 Vizesi - MyVize","isPartOf":{"@id":"https:\/\/www.myvize.com.tr\/isvec\/#website"},"datePublished":"2021-06-28T19:36:59+00:00","dateModified":"2022-01-14T12:02:15+00:00","description":"\u0130sve\u00e7 Schengen Vizesi nas\u0131l al\u0131n\u0131r? \u0130sve\u00e7 Schengen Vize ba\u015fvurusu nas\u0131l yap\u0131l\u0131r? \u0130sve\u00e7 Schengen Vize i\u015flemleri nelerdir?","breadcrumb":{"@id":"https:\/\/www.myvize.com.tr\/isvec\/vize-islemleri\/isvicre-schengen-vize\/#breadcrumb"},"inLanguage":"tr","potentialAction":[{"@type":"ReadAction","target":["https:\/\/www.myvize.com.tr\/isvec\/vize-islemleri\/isvicre-schengen-vize\/"]}]},{"@type":"BreadcrumbList","@id":"https:\/\/www.myvize.com.tr\/isvec\/vize-islemleri\/isvicre-schengen-vize\/#breadcrumb","itemListElement":[{"@type":"ListItem","position":1,"name":"Anasayfa","item":"https:\/\/www.myvize.com.tr\/isvec\/"},{"@type":"ListItem","position":2,"name":"V\u0130ZE \u0130\u015eLEMLER\u0130","item":"https:\/\/www.myvize.com.tr\/isvec\/vize-islemleri\/"},{"@type":"ListItem","position":3,"name":"\u0130sve\u00e7 Schengen Vize"}]},{"@type":"WebSite","@id":"https:\/\/www.myvize.com.tr\/isvec\/#website","url":"https:\/\/www.myvize.com.tr\/isvec\/","name":"\u0130sve\u00e7 Vizesi","description":"","potentialAction":[{"@type":"SearchAction","target":{"@type":"EntryPoint","urlTemplate":"https:\/\/www.myvize.com.tr\/isvec\/?s={search_term_string}"},"query-input":{"@type":"PropertyValueSpecification","valueRequired":true,"valueName":"search_term_string"}}],"inLanguage":"tr"}]}},"_links":{"self":[{"href":"https:\/\/www.myvize.com.tr\/isvec\/wp-json\/wp\/v2\/pages\/344","targetHints":{"allow":["GET"]}}],"collection":[{"href":"https:\/\/www.myvize.com.tr\/isvec\/wp-json\/wp\/v2\/pages"}],"about":[{"href":"https:\/\/www.myvize.com.tr\/isvec\/wp-json\/wp\/v2\/types\/page"}],"author":[{"embeddable":true,"href":"https:\/\/www.myvize.com.tr\/isvec\/wp-json\/wp\/v2\/users\/1"}],"replies":[{"embeddable":true,"href":"https:\/\/www.myvize.com.tr\/isvec\/wp-json\/wp\/v2\/comments?post=344"}],"version-history":[{"count":5,"href":"https:\/\/www.myvize.com.tr\/isvec\/wp-json\/wp\/v2\/pages\/344\/revisions"}],"predecessor-version":[{"id":644,"href":"https:\/\/www.myvize.com.tr\/isvec\/wp-json\/wp\/v2\/pages\/344\/revisions\/644"}],"up":[{"embeddable":true,"href":"https:\/\/www.myvize.com.tr\/isvec\/wp-json\/wp\/v2\/pages\/18"}],"wp:attachment":[{"href":"https:\/\/www.myvize.com.tr\/isvec\/wp-json\/wp\/v2\/media?parent=344"}],"curies":[{"name":"wp","href":"https:\/\/api.w.org\/{rel}","templated":true}]}}