{"id":375,"date":"2021-08-12T13:07:48","date_gmt":"2021-08-12T10:07:48","guid":{"rendered":"https:\/\/www.myvize.com.tr\/isvec\/?page_id=375"},"modified":"2022-04-14T13:07:32","modified_gmt":"2022-04-14T10:07:32","slug":"isvec-erasmus-vizesi","status":"publish","type":"page","link":"https:\/\/www.myvize.com.tr\/isvec\/isvec-erasmus-vizesi\/","title":{"rendered":"\u0130sve\u00e7 Erasmus Vizesi"},"content":{"rendered":"<h2><strong><span style=\"font-family: Roboto; font-size: 27px;\">\u0130sve\u00e7 Erasmus Vizesi Hakk\u0131nda\u00a0<\/span><\/strong><\/h2>\n<p><span style=\"font-family: Roboto; font-size: 14px;\">\u00dclkeler aras\u0131 \u00f6\u011frenci de\u011fi\u015fim program\u0131 olan Erasmus program\u0131na dahil olabilece\u011finiz \u00fclkelerden bir tanesi de \u0130sve\u00e7 \u00fclkesidir. \u00dcniversite e\u011fitiminize Erasmus program\u0131 sayesinde \u0130sve\u00e7\u2019te devam edebilirsiniz. Tabii ki bunun i\u00e7in ba\u015fvurunuzun ard\u0131ndan oradan davet alman\u0131z gerekmektedir. Ayr\u0131ca gidece\u011finiz \u00fclkenin Erasmus program\u0131na dahil olmas\u0131 gerekir. Ancak \u0130sve\u00e7\u2019te Erasmus program\u0131na dahil olmak i\u00e7in\u00a0<strong>\u0130sve\u00e7 Erasmus Vizesi<\/strong>\u00a0gerekmektedir. Bu vize ile \u0130sve\u00e7\u2019e giderken sorun ya\u015famaz orada standart oturum izninden daha uzun oturum iznine sahip olursunuz.<\/span><\/p>\n<h2><strong><span style=\"font-family: Roboto; font-size: 27px;\">\u0130sve\u00e7 Erasmus Vizesi Nas\u0131l Al\u0131n\u0131r?<\/span><\/strong><\/h2>\n<p><span style=\"font-family: Roboto; font-size: 14px;\">Avrupa Birli\u011fi stat\u00fcs\u00fcne uygun olarak se\u00e7ilen \u00f6\u011frencilerin \u00fcniversiteler aras\u0131 e\u011fitim g\u00f6rmek amac\u0131yla kar\u015f\u0131l\u0131kl\u0131 de\u011fi\u015fim program\u0131d\u0131r. Bu sayede hem \u00fcniversiteler hem de \u00f6\u011frenciler deneyim kazanacak, e\u011fitim seviyesini y\u00fckseltecektir. Ayr\u0131ca \u00f6\u011frenciler yeni dil \u00f6\u011frenebilir, \u00f6\u011frenmeye \u00e7al\u0131\u015ft\u0131\u011f\u0131 dili geli\u015ftirebilir, farkl\u0131 k\u00fclt\u00fcrlerle ha\u015f\u0131r ne\u015fir olabilir. Bu gibi durumlardan faydalanmak isteyen ki\u015filerin Erasmus program\u0131na dahil olmas\u0131 \u00f6nem ta\u015f\u0131r. Bu program i\u00e7in\u00a0<strong>\u0130sve\u00e7 Erasmus Vizesi<\/strong>\u00a0gerekmektedir.\u00a0<strong>\u0130sve\u00e7 Erasmus Vizesi<\/strong>\u00a0belli ba\u015fl\u0131 ko\u015fullar kar\u015f\u0131l\u0131\u011f\u0131nda alabilirsiniz. Bunun i\u00e7in birtak\u0131m evraklar gerekmektedir. Bu evraklar\u0131 eksiksiz tamamlamal\u0131, g\u00fcncel verilerden yararlanarak ba\u015fvuruda bulunmal\u0131s\u0131n\u0131z. Bu ba\u015fvurunuz belli bir s\u00fcre\u00e7 dahilinde incelenir, sonu\u00e7 size bildirilir. Genelde Erasmus vizelerinde sorun \u00e7\u0131kmasa da ret yeme olas\u0131l\u0131\u011f\u0131n\u0131z mevcuttur. Sahte evrak kullan\u0131m\u0131, eksik belge kullan\u0131m\u0131, ge\u00e7ersiz belge kullan\u0131m\u0131 ret cevab\u0131 alman\u0131za sebebiyet verebilir.<\/span><\/p>\n<p><img decoding=\"async\" src=\"https:\/\/www.myvize.com.tr\/isvec\/wp-content\/uploads\/2021\/10\/13.jpg\" \/><\/p>\n<h2><strong><span style=\"font-family: Roboto; font-size: 27px;\">\u0130sve\u00e7 Erasmus Vizesi Almak \u0130\u00e7in Gerekli Evraklar<\/span><\/strong><\/h2>\n<ul>\n<li><span style=\"font-family: Roboto; font-size: 14px;\">En az 6 ay s\u00fcre ge\u00e7erlili\u011fi olan Pasaport<\/span><\/li>\n<li><span style=\"font-family: Roboto; font-size: 14px;\">Pasaportunuzun fotokopisi<\/span><\/li>\n<li><span style=\"font-family: Roboto; font-size: 14px;\"><span style=\"color: #2acec2;\"><strong><a style=\"color: #2acec2;\" href=\"https:\/\/www.myvize.com.tr\/isvec\/form-ve-dilekce\/isvec-vize-basvuru-formu\/\" target=\"_blank\" rel=\"noopener\">\u0130sve\u00e7 Vize ba\u015fvuru formu<\/a><\/strong><\/span> ve taahh\u00fctname<\/span><\/li>\n<li><span style=\"font-family: Roboto; font-size: 14px;\">\u0130sve\u00e7 Ba\u015fkonsoloslu\u011funa yaz\u0131lm\u0131\u015f, yolculuk amac\u0131n\u0131 i\u00e7eren metin<\/span><\/li>\n<li><span style=\"font-family: Roboto; font-size: 14px;\">N\u00fcfus c\u00fczdan\u0131 fotokopisi<\/span><\/li>\n<li><span style=\"font-family: Roboto; font-size: 14px;\">2 adet biyometrik foto\u011fraf<\/span><\/li>\n<li><span style=\"font-family: Roboto; font-size: 14px;\">Tam vukuatl\u0131 n\u00fcfus kay\u0131t belgesi<\/span><\/li>\n<li><span style=\"font-family: Roboto; font-size: 14px;\">Gidi\u015f i\u00e7in u\u00e7ak rezervasyon bileti<\/span><\/li>\n<li><span style=\"font-family: Roboto; font-size: 14px;\">Orada konaklama i\u00e7in otel rezervasyonu veya kira kontrat\u0131<\/span><\/li>\n<li><span style=\"font-family: Roboto; font-size: 14px;\">Seyahat masraf\u0131n\u0131 kar\u015f\u0131lamaya yetecek mali finansman kan\u0131t\u0131<\/span><\/li>\n<\/ul>\n<p><span style=\"font-family: Roboto; font-size: 14px;\">Yukar\u0131daki belgeleri tamamlayan ki\u015filer \u0130sve\u00e7 Konsoloslu\u011funa ba\u015fvuruda bulunabilir.<\/span><\/p>\n","protected":false},"excerpt":{"rendered":"<p>\u0130sve\u00e7 Erasmus Vizesi Hakk\u0131nda\u00a0 \u00dclkeler aras\u0131 \u00f6\u011frenci de\u011fi\u015fim program\u0131 olan Erasmus program\u0131na dahil olabilece\u011finiz \u00fclkelerden bir tanesi de \u0130sve\u00e7 \u00fclkesidir. \u00dcniversite e\u011fitiminize Erasmus program\u0131 sayesinde \u0130sve\u00e7\u2019te devam edebilirsiniz. Tabii ki bunun i\u00e7in ba\u015fvurunuzun ard\u0131ndan oradan davet alman\u0131z gerekmektedir. Ayr\u0131ca gidece\u011finiz \u00fclkenin Erasmus program\u0131na dahil olmas\u0131 gerekir. Ancak \u0130sve\u00e7\u2019te Erasmus program\u0131na dahil olmak i\u00e7in\u00a0\u0130sve\u00e7 Erasmus Vizesi\u00a0gerekmektedir.<\/p>\n","protected":false},"author":1,"featured_media":0,"parent":0,"menu_order":0,"comment_status":"open","ping_status":"closed","template":"","meta":{"footnotes":""},"class_list":["post-375","page","type-page","status-publish","hentry"],"yoast_head":"<!-- This site is optimized with the Yoast SEO plugin v24.0 - https:\/\/yoast.com\/wordpress\/plugins\/seo\/ -->\n<title>\u0130sve\u00e7 Erasmus Vizesi - MyVize Vize Ba\u015fvuru Merkezi<\/title>\n<meta name=\"description\" content=\"\u0130sve\u00e7 Erasmus Vizesi Nas\u0131l Al\u0131n\u0131r? \u0130sve\u00e7 Erasmus Vizesi Almak \u0130\u00e7in Gerekli Evraklar Neler? \u0130sve\u00e7 Erasmus Vize Ba\u015fvurusu Nas\u0131l Yap\u0131l\u0131r?\" \/>\n<meta name=\"robots\" content=\"index, follow, max-snippet:-1, max-image-preview:large, max-video-preview:-1\" \/>\n<link rel=\"canonical\" href=\"https:\/\/www.myvize.com.tr\/isvec\/isvec-erasmus-vizesi\/\" \/>\n<meta property=\"og:locale\" content=\"tr_TR\" \/>\n<meta property=\"og:type\" content=\"article\" \/>\n<meta property=\"og:title\" content=\"\u0130sve\u00e7 Erasmus Vizesi - MyVize Vize Ba\u015fvuru Merkezi\" \/>\n<meta property=\"og:description\" content=\"\u0130sve\u00e7 Erasmus Vizesi Nas\u0131l Al\u0131n\u0131r? \u0130sve\u00e7 Erasmus Vizesi Almak \u0130\u00e7in Gerekli Evraklar Neler? \u0130sve\u00e7 Erasmus Vize Ba\u015fvurusu Nas\u0131l Yap\u0131l\u0131r?\" \/>\n<meta property=\"og:url\" content=\"https:\/\/www.myvize.com.tr\/isvec\/isvec-erasmus-vizesi\/\" \/>\n<meta property=\"og:site_name\" content=\"\u0130sve\u00e7 Vizesi\" \/>\n<meta property=\"article:modified_time\" content=\"2022-04-14T10:07:32+00:00\" \/>\n<meta property=\"og:image\" content=\"https:\/\/www.myvize.com.tr\/isvec\/wp-content\/uploads\/2021\/10\/13.jpg\" \/>\n<meta name=\"twitter:card\" content=\"summary_large_image\" \/>\n<meta name=\"twitter:label1\" content=\"Tahmini okuma s\u00fcresi\" \/>\n\t<meta name=\"twitter:data1\" content=\"2 dakika\" \/>\n<script type=\"application\/ld+json\" class=\"yoast-schema-graph\">{\"@context\":\"https:\/\/schema.org\",\"@graph\":[{\"@type\":\"WebPage\",\"@id\":\"https:\/\/www.myvize.com.tr\/isvec\/isvec-erasmus-vizesi\/\",\"url\":\"https:\/\/www.myvize.com.tr\/isvec\/isvec-erasmus-vizesi\/\",\"name\":\"\u0130sve\u00e7 Erasmus Vizesi - MyVize Vize Ba\u015fvuru Merkezi\",\"isPartOf\":{\"@id\":\"https:\/\/www.myvize.com.tr\/isvec\/#website\"},\"primaryImageOfPage\":{\"@id\":\"https:\/\/www.myvize.com.tr\/isvec\/isvec-erasmus-vizesi\/#primaryimage\"},\"image\":{\"@id\":\"https:\/\/www.myvize.com.tr\/isvec\/isvec-erasmus-vizesi\/#primaryimage\"},\"thumbnailUrl\":\"https:\/\/www.myvize.com.tr\/isvec\/wp-content\/uploads\/2021\/10\/13.jpg\",\"datePublished\":\"2021-08-12T10:07:48+00:00\",\"dateModified\":\"2022-04-14T10:07:32+00:00\",\"description\":\"\u0130sve\u00e7 Erasmus Vizesi Nas\u0131l Al\u0131n\u0131r? \u0130sve\u00e7 Erasmus Vizesi Almak \u0130\u00e7in Gerekli Evraklar Neler? \u0130sve\u00e7 Erasmus Vize Ba\u015fvurusu Nas\u0131l Yap\u0131l\u0131r?\",\"breadcrumb\":{\"@id\":\"https:\/\/www.myvize.com.tr\/isvec\/isvec-erasmus-vizesi\/#breadcrumb\"},\"inLanguage\":\"tr\",\"potentialAction\":[{\"@type\":\"ReadAction\",\"target\":[\"https:\/\/www.myvize.com.tr\/isvec\/isvec-erasmus-vizesi\/\"]}]},{\"@type\":\"ImageObject\",\"inLanguage\":\"tr\",\"@id\":\"https:\/\/www.myvize.com.tr\/isvec\/isvec-erasmus-vizesi\/#primaryimage\",\"url\":\"https:\/\/www.myvize.com.tr\/isvec\/wp-content\/uploads\/2021\/10\/13.jpg\",\"contentUrl\":\"https:\/\/www.myvize.com.tr\/isvec\/wp-content\/uploads\/2021\/10\/13.jpg\",\"width\":800,\"height\":500,\"caption\":\"\u0130sve\u00e7 Erasmus Vizesi\"},{\"@type\":\"BreadcrumbList\",\"@id\":\"https:\/\/www.myvize.com.tr\/isvec\/isvec-erasmus-vizesi\/#breadcrumb\",\"itemListElement\":[{\"@type\":\"ListItem\",\"position\":1,\"name\":\"Anasayfa\",\"item\":\"https:\/\/www.myvize.com.tr\/isvec\/\"},{\"@type\":\"ListItem\",\"position\":2,\"name\":\"\u0130sve\u00e7 Erasmus Vizesi\"}]},{\"@type\":\"WebSite\",\"@id\":\"https:\/\/www.myvize.com.tr\/isvec\/#website\",\"url\":\"https:\/\/www.myvize.com.tr\/isvec\/\",\"name\":\"\u0130sve\u00e7 Vizesi\",\"description\":\"\",\"potentialAction\":[{\"@type\":\"SearchAction\",\"target\":{\"@type\":\"EntryPoint\",\"urlTemplate\":\"https:\/\/www.myvize.com.tr\/isvec\/?s={search_term_string}\"},\"query-input\":{\"@type\":\"PropertyValueSpecification\",\"valueRequired\":true,\"valueName\":\"search_term_string\"}}],\"inLanguage\":\"tr\"}]}<\/script>\n<!-- \/ Yoast SEO plugin. -->","yoast_head_json":{"title":"\u0130sve\u00e7 Erasmus Vizesi - MyVize Vize Ba\u015fvuru Merkezi","description":"\u0130sve\u00e7 Erasmus Vizesi Nas\u0131l Al\u0131n\u0131r? \u0130sve\u00e7 Erasmus Vizesi Almak \u0130\u00e7in Gerekli Evraklar Neler? \u0130sve\u00e7 Erasmus Vize Ba\u015fvurusu Nas\u0131l Yap\u0131l\u0131r?","robots":{"index":"index","follow":"follow","max-snippet":"max-snippet:-1","max-image-preview":"max-image-preview:large","max-video-preview":"max-video-preview:-1"},"canonical":"https:\/\/www.myvize.com.tr\/isvec\/isvec-erasmus-vizesi\/","og_locale":"tr_TR","og_type":"article","og_title":"\u0130sve\u00e7 Erasmus Vizesi - MyVize Vize Ba\u015fvuru Merkezi","og_description":"\u0130sve\u00e7 Erasmus Vizesi Nas\u0131l Al\u0131n\u0131r? \u0130sve\u00e7 Erasmus Vizesi Almak \u0130\u00e7in Gerekli Evraklar Neler? \u0130sve\u00e7 Erasmus Vize Ba\u015fvurusu Nas\u0131l Yap\u0131l\u0131r?","og_url":"https:\/\/www.myvize.com.tr\/isvec\/isvec-erasmus-vizesi\/","og_site_name":"\u0130sve\u00e7 Vizesi","article_modified_time":"2022-04-14T10:07:32+00:00","og_image":[{"url":"https:\/\/www.myvize.com.tr\/isvec\/wp-content\/uploads\/2021\/10\/13.jpg","type":"","width":"","height":""}],"twitter_card":"summary_large_image","twitter_misc":{"Tahmini okuma s\u00fcresi":"2 dakika"},"schema":{"@context":"https:\/\/schema.org","@graph":[{"@type":"WebPage","@id":"https:\/\/www.myvize.com.tr\/isvec\/isvec-erasmus-vizesi\/","url":"https:\/\/www.myvize.com.tr\/isvec\/isvec-erasmus-vizesi\/","name":"\u0130sve\u00e7 Erasmus Vizesi - MyVize Vize Ba\u015fvuru Merkezi","isPartOf":{"@id":"https:\/\/www.myvize.com.tr\/isvec\/#website"},"primaryImageOfPage":{"@id":"https:\/\/www.myvize.com.tr\/isvec\/isvec-erasmus-vizesi\/#primaryimage"},"image":{"@id":"https:\/\/www.myvize.com.tr\/isvec\/isvec-erasmus-vizesi\/#primaryimage"},"thumbnailUrl":"https:\/\/www.myvize.com.tr\/isvec\/wp-content\/uploads\/2021\/10\/13.jpg","datePublished":"2021-08-12T10:07:48+00:00","dateModified":"2022-04-14T10:07:32+00:00","description":"\u0130sve\u00e7 Erasmus Vizesi Nas\u0131l Al\u0131n\u0131r? \u0130sve\u00e7 Erasmus Vizesi Almak \u0130\u00e7in Gerekli Evraklar Neler? \u0130sve\u00e7 Erasmus Vize Ba\u015fvurusu Nas\u0131l Yap\u0131l\u0131r?","breadcrumb":{"@id":"https:\/\/www.myvize.com.tr\/isvec\/isvec-erasmus-vizesi\/#breadcrumb"},"inLanguage":"tr","potentialAction":[{"@type":"ReadAction","target":["https:\/\/www.myvize.com.tr\/isvec\/isvec-erasmus-vizesi\/"]}]},{"@type":"ImageObject","inLanguage":"tr","@id":"https:\/\/www.myvize.com.tr\/isvec\/isvec-erasmus-vizesi\/#primaryimage","url":"https:\/\/www.myvize.com.tr\/isvec\/wp-content\/uploads\/2021\/10\/13.jpg","contentUrl":"https:\/\/www.myvize.com.tr\/isvec\/wp-content\/uploads\/2021\/10\/13.jpg","width":800,"height":500,"caption":"\u0130sve\u00e7 Erasmus Vizesi"},{"@type":"BreadcrumbList","@id":"https:\/\/www.myvize.com.tr\/isvec\/isvec-erasmus-vizesi\/#breadcrumb","itemListElement":[{"@type":"ListItem","position":1,"name":"Anasayfa","item":"https:\/\/www.myvize.com.tr\/isvec\/"},{"@type":"ListItem","position":2,"name":"\u0130sve\u00e7 Erasmus Vizesi"}]},{"@type":"WebSite","@id":"https:\/\/www.myvize.com.tr\/isvec\/#website","url":"https:\/\/www.myvize.com.tr\/isvec\/","name":"\u0130sve\u00e7 Vizesi","description":"","potentialAction":[{"@type":"SearchAction","target":{"@type":"EntryPoint","urlTemplate":"https:\/\/www.myvize.com.tr\/isvec\/?s={search_term_string}"},"query-input":{"@type":"PropertyValueSpecification","valueRequired":true,"valueName":"search_term_string"}}],"inLanguage":"tr"}]}},"_links":{"self":[{"href":"https:\/\/www.myvize.com.tr\/isvec\/wp-json\/wp\/v2\/pages\/375","targetHints":{"allow":["GET"]}}],"collection":[{"href":"https:\/\/www.myvize.com.tr\/isvec\/wp-json\/wp\/v2\/pages"}],"about":[{"href":"https:\/\/www.myvize.com.tr\/isvec\/wp-json\/wp\/v2\/types\/page"}],"author":[{"embeddable":true,"href":"https:\/\/www.myvize.com.tr\/isvec\/wp-json\/wp\/v2\/users\/1"}],"replies":[{"embeddable":true,"href":"https:\/\/www.myvize.com.tr\/isvec\/wp-json\/wp\/v2\/comments?post=375"}],"version-history":[{"count":4,"href":"https:\/\/www.myvize.com.tr\/isvec\/wp-json\/wp\/v2\/pages\/375\/revisions"}],"predecessor-version":[{"id":747,"href":"https:\/\/www.myvize.com.tr\/isvec\/wp-json\/wp\/v2\/pages\/375\/revisions\/747"}],"wp:attachment":[{"href":"https:\/\/www.myvize.com.tr\/isvec\/wp-json\/wp\/v2\/media?parent=375"}],"curies":[{"name":"wp","href":"https:\/\/api.w.org\/{rel}","templated":true}]}}