{"id":51,"date":"2020-11-30T12:49:31","date_gmt":"2020-11-30T09:49:31","guid":{"rendered":"https:\/\/www.myvize.com.tr\/isvec\/?page_id=51"},"modified":"2022-09-10T13:40:43","modified_gmt":"2022-09-10T10:40:43","slug":"isvec-vatandaslik-islemleri","status":"publish","type":"page","link":"https:\/\/www.myvize.com.tr\/isvec\/vize-islemleri\/isvec-vatandaslik-islemleri\/","title":{"rendered":"\u0130sve\u00e7 Vatanda\u015fl\u0131k \u0130\u015flemleri"},"content":{"rendered":"<h2><span style=\"font-family: Roboto; font-size: 27px;\"><strong>\u0130sve\u00e7 Vatanda\u015fl\u0131k \u0130\u015flemleri Hakk\u0131nda<\/strong><\/span><\/h2>\n<p><span style=\"font-family: Roboto; font-size: 14px;\"><strong>\u0130sve\u00e7\u2019da vatanda\u015fl\u0131k<\/strong> almas\u0131 i\u00e7in yabanc\u0131 yasas\u0131na g\u00f6re bir\u00e7ok d\u00fczenlemeler bulunmakta. Ki\u015finin oturma izin s\u00fcresi, oturma izin stat\u00fcs\u00fc, geli\u015f nedenler gibi nedenle yasan\u0131n hangi kolunda yararlanabilece\u011fi belirlenir.<\/span><br \/>\n<span style=\"font-family: Roboto; font-size: 14px;\">\u0130sve\u00e7 Vatanda\u015fl\u0131\u011f\u0131na ge\u00e7me \u00f6ncelikle ki\u015finin kendi karar\u0131na ba\u011fl\u0131. <strong>\u0130sve\u00e7 vatanda\u015fl\u0131\u011f\u0131<\/strong> ge\u00e7ildi\u011finde se\u00e7me-se\u00e7ilmek hakk\u0131, memur olmak hakk\u0131 ve<strong> \u0130sve\u00e7 vatanda\u015f\u0131<\/strong> hangi haktan yararlan\u0131yorsa hepsi yararlanabilme \u015fans\u0131 sahip olur.<\/span><br \/>\n<span style=\"font-family: Roboto; font-size: 14px;\">\u0130sve\u00e7\u2019te ya\u015fayan hukuk ile toplumsal kurala uyum g\u00f6stermi\u015f, anayasal hakk\u0131 \u00e7i\u011fnememi\u015f \u00fclke benimsemi\u015f, kendine burada d\u00fcnya kurmu\u015f her ki\u015filer i\u00e7in \u0130sve\u00e7 devlet bu ki\u015finin hakk\u0131 yasayla sabitlemi\u015ftir.<\/span><br \/>\n<span style=\"font-family: Roboto; font-size: 14px;\"><strong>\u0130sve\u00e7 Vatanda\u015flar\u0131<\/strong> olmak isteyen T\u00fcrk vatanda\u015f\u0131n\u0131n ikamet izni ve mesleki stat\u00fc bak\u0131lmakta.<\/span><br \/>\n<span style=\"font-family: Roboto; font-size: 14px;\">Bunun yan\u0131nda istenilen \u015fart\u0131n yerine getirilmesi gereklidir. <strong>\u0130sve\u00e7 Vatanda\u015fl\u0131\u011f\u0131<\/strong> i\u00e7in bulundu\u011fu b\u00f6lgede ki Sicil Memurlu\u011fu ba\u015fvuru yapabilir. T\u00fcrkiye\u2019den ba\u015fvuru yap\u0131lmas\u0131 isteniyorsa T\u00fcrkiye\u2019de bulunan <strong>\u0130sve\u00e7 Konsoloslu\u011fu<\/strong> ba\u015fvuru yap\u0131lmakta.<\/span><br \/>\n<span style=\"font-family: Roboto; font-size: 14px;\">\u0130sve\u00e7\u2019te vatanda\u015fl\u0131k alabilmek i\u00e7in \u00f6ncelikle kesintisiz \u015fekilde 5 y\u0131l s\u00fcre ile ikamet etmi\u015f olmak gerekmekte.<\/span><br \/>\n<span style=\"font-family: Roboto; font-size: 14px;\">Avrupa Birli\u011fi \u00fclkesinden birinden <strong>Mavi Kart<\/strong> alm\u0131\u015fsa ya da Avrupa Birli\u011fi \u00fclkesinden birinde kal\u0131c\u0131 oturma izniniz varsa \u0130sve\u00e7\u2019te uzun s\u00fcre oturma izni alabilirsiniz.<\/span><\/p>\n<h2><strong><span style=\"font-family: Roboto; font-size: 27px;\">\u0130sve\u00e7 Vatanda\u015fl\u0131\u011f\u0131 Alma<\/span><\/strong><\/h2>\n<p><span style=\"font-family: Roboto; font-size: 14px;\">Farkl\u0131 \u00fclke vatanda\u015f\u0131 olmak isteyen ki\u015filerin en \u00e7ok tercih etti\u011fi \u00fclkelerden birisi de \u0130sve\u00e7&#8217;tir . \u0130sve\u00e7 vatanda\u015f\u0131 olmay\u0131 isteyen ki\u015fi baz\u0131 \u015fartlar\u0131 sa\u011flamas\u0131 ve birtak\u0131m evraklar\u0131 tamamlamas\u0131 gerekiyor. B\u00fct\u00fcn bunlar ger\u00e7ekle\u015ftirdi\u011fi zaman vatanda\u015fl\u0131\u011f\u0131na kabul edilmesi ka\u00e7\u0131n\u0131lmazd\u0131r. Ba\u015fvuru i\u00e7in gereken \u015fartlardan ilki t\u00fcm \u00fclkede\u00a0 oldu\u011fu gibi belirli bir s\u00fcrede ikamet \u015fart\u0131 vard\u0131r. \u0130sve\u00e7, en az 5 y\u0131l s\u00fcre ile \u00fclkede ikamet eden ki\u015filer i\u00e7in vatanda\u015fl\u0131k ba\u015fvurusuna imk\u00e2n tan\u0131yor. E\u011fer hen\u00fcz bu s\u00fcre tamamlanmad\u0131ysa ba\u015fvurular\u0131n olumsuz cevaplanaca\u011f\u0131 rahatl\u0131kla s\u00f6ylenebilinir. Di\u011fer bir \u015fart\u0131 ise ya\u015f s\u0131n\u0131rd\u0131r. 18 ya\u015f\u0131n\u0131 ge\u00e7en herkes ba\u015fvuruyu yapabilir. Buna ek olarak vatanda\u015f ba\u015fvuru yapma i\u00e7in baz\u0131 evraklar\u0131n tamamlanmas\u0131 gerekiyor. \u0130sve\u00e7&#8217;te \u00e7ok say\u0131da T\u00fcrkiye Cumhuriyeti vatanda\u015f\u0131 ya\u015famaktad\u0131r. \u0130sve\u00e7&#8217;te master \u00f6\u011frenimini tamamlayan ki\u015filer \u0130sve\u00e7 daimi oturum izni i\u00e7in ba\u015fvuruyu yapabilir. T\u00fcm bu belgeler haz\u0131rland\u0131ktan sonra konsoloslu\u011fa ba\u015fvuru yap\u0131larak vatanda\u015f olabilir.<\/span><\/p>\n<h2><strong><span style=\"font-family: Roboto; font-size: 27px;\">\u0130sve\u00e7 Vatanda\u015fl\u0131\u011f\u0131 Nas\u0131l Al\u0131n\u0131r?<\/span><\/strong><\/h2>\n<p><span style=\"font-family: Roboto; font-size: 14px;\">\u0130sve\u00e7&#8217;de \u00e7ok say\u0131da T\u00fcrkiye Cumhuriyeti vatanda\u015f\u0131 ya\u015famaktad\u0131r. \u0130sve\u00e7&#8217;de master \u00f6\u011frenimini tamamlayan ki\u015filer \u0130sve\u00e7 daimi oturum izni i\u00e7in ba\u015fvuruyu yapabilir. \u0130sve\u00e7 en imtiyazl\u0131 vatanda\u015fl\u0131k talebi de\u011ferlendirmesi 2 y\u0131l ile 2 y\u0131ldan daha uzun bir s\u00fcreli \u0130sve\u00e7&#8217;de \u00f6\u011frenim g\u00f6rmekte olan ki\u015filer i\u00e7in yapmaktad\u0131r. \u0130sve\u00e7 vatanda\u015f\u0131 olmay\u0131 isteyen ki\u015fi baz\u0131 \u015fartlar\u0131 sa\u011flamas\u0131 ve birtak\u0131m evraklar\u0131 tamamlamas\u0131 gerekiyor. B\u00fct\u00fcn bunlar ger\u00e7ekle\u015ftirdi\u011fi zaman vatanda\u015fl\u0131\u011f\u0131na kabul edilmesi ka\u00e7\u0131n\u0131lmazd\u0131r. Uyum s\u00fcreci kapsam\u0131nda \u0130sve\u00e7 vatanda\u015fl\u0131\u011f\u0131na ge\u00e7mek isteyen i\u00e7in be\u015f sene \u0130sve\u00e7&#8217;de ya\u015fam\u0131\u015f ve \u00e7al\u0131\u015fm\u0131\u015f olmak \u015fart\u0131n\u0131 aramakta, fakat en zor vatanda\u015fl\u0131k hakk\u0131 uyum s\u00fcreci kapsam\u0131nda \u0130sve\u00e7 vatanda\u015fl\u0131\u011f\u0131na ge\u00e7meyi isteyene tan\u0131nmaktad\u0131r.\u00a0 Her durumda <strong>\u0130sve\u00e7 vatanda\u015fl\u0131\u011f\u0131na<\/strong> ba\u015fvurabilmenin yollar\u0131 ilk olarak oturma iznine sahip olmaktan ge\u00e7mektedir. \u0130sve\u00e7 vatanda\u015fl\u0131\u011f\u0131na ba\u015fvuracak ki\u015filerin yasal olarak \u0130sve\u00e7 oturum izni ve oturma kart\u0131na sahip olmas\u0131 gerekmektedir.\u00a0<\/span><\/p>\n<h2><strong><span style=\"font-family: Roboto; font-size: 27px;\">\u0130sve\u00e7 Vatanda\u015fl\u0131k Randevusu<\/span><\/strong><\/h2>\n<p><span style=\"font-family: Roboto; font-size: 14px;\"><strong>\u0130sve\u00e7&#8217;te s\u00fcrekli oturum-ikamet izni<\/strong> size \u0130sve\u00e7&#8217;te on y\u0131l boyunca ya\u015fama imkan\u0131 sunar. 10 y\u0131lda bir uzatmak ya da yenilemek i\u015flemi yap\u0131lmas\u0131 zorunludur. Bununla birlikte \u0130sve\u00e7 vatanda\u015flar\u0131n\u0131n sahip oldu\u011fu e\u011fitim almak, \u00e7al\u0131\u015fmak, t\u0131bbi yard\u0131m almak gibi bir\u00e7ok yasal hakka sahip olmakla beraber \u0130sve\u00e7&#8217;te ki se\u00e7imde oy kullanamazs\u0131n\u0131z, se\u00e7me ve se\u00e7ilme hakk\u0131n\u0131z olmaz ya da baz\u0131 kamu hizmetlerinden yararlanamayabilirsiniz<strong>. \u0130sve\u00e7&#8217;te s\u00fcrekli oturum izni<\/strong> talebi yerine \u0130sve\u00e7 vatanda\u015fl\u0131\u011f\u0131na ge\u00e7ti\u011finiz taktirde Avrupa Birli\u011fi vatanda\u015f\u0131 olarak kabul edilirsiniz ve Avrupa Birli\u011fi \u00fcyesi devletinde serbest dola\u015fma hakk\u0131na sahip olursunuz. Kendi uyru\u011funuza tamamen \u00e7\u0131kma yerine \u00e7ifte vatanda\u015f da olabilirsiniz. \u0130sve\u00e7 vatanda\u015f\u0131 olmay\u0131 isteyen ki\u015fi baz\u0131 \u015fartlar\u0131 sa\u011flamas\u0131 ve birtak\u0131m evraklar\u0131 tamamlamas\u0131 gerekiyor. B\u00fct\u00fcn bunlar ger\u00e7ekle\u015ftirdi\u011fi zaman vatanda\u015fl\u0131\u011f\u0131na kabul edilmesi ka\u00e7\u0131n\u0131lmazd\u0131r.<\/span><\/p>\n<h3><strong><span style=\"font-family: Roboto; font-size: 24px;\">\u0130sve\u00e7 Vatanda\u015fl\u0131k Ba\u015fvurusu\u00a0<\/span><\/strong><\/h3>\n<p><span style=\"font-family: Roboto; font-size: 14px;\">\u0130sve\u00e7 vatanda\u015fl\u0131k ba\u015fvurusu yapman\u0131z i\u00e7in a\u015fa\u011f\u0131da ki\u00a0 evrak\u0131n fotokopisi ile\u00a0 birlikte, duruma uygun \u2018vatanda\u015fl\u0131k beyan iste\u011fi&#8217; sunma gerekmekte:<\/span><\/p>\n<ul>\n<li><span style=\"font-family: Roboto; font-size: 14px;\">2 adet ba\u015fvuru formu\u00a0<\/span><\/li>\n<li><span style=\"font-family: Roboto; font-size: 14px;\">\u0130sve\u00e7 vatanda\u015fl\u0131k ba\u015fvurusu bulunan ki\u015fi ve e\u015finin kimlik fotokopisi<\/span><\/li>\n<li><span style=\"font-family: Roboto; font-size: 14px;\">Tam ad\u0131n\u0131z\u0131 yazd\u0131\u011f\u0131 adres beyan<\/span><\/li>\n<li><span style=\"font-family: Roboto; font-size: 14px;\">Do\u011fum belgesi<\/span><\/li>\n<li><span style=\"font-family: Roboto; font-size: 14px;\">Son 3 ayda al\u0131nm\u0131\u015f evlilik belgeleri<\/span><\/li>\n<li><span style=\"font-family: Roboto; font-size: 14px;\">Evlilik s\u00fcresi e\u015fin \u0130sve\u00e7 vatanda\u015flar\u0131 oldu\u011funu ispatlayan belge<\/span><\/li>\n<li><span style=\"font-family: Roboto; font-size: 14px;\">Ba\u015fvuru sahiplerinin yetkinin belirledi\u011fi seviyelerde yeterli \u0130sve\u00e7\u00e7e bilgisine sahip olmas\u0131 ya da \u0130sve\u00e7\u00e7e diplomas\u0131 ya da \u0130sve\u00e7\u00e7e dil sertifikas\u0131<\/span><\/li>\n<li><span style=\"font-family: Roboto; font-size: 14px;\">Adli sicil kay\u0131t\u0131 temiz olmas\u0131\u00a0<\/span><\/li>\n<li><span style=\"font-family: Roboto; font-size: 14px;\">\u00c7al\u0131\u015fma veya finansal durumu belgeyle ispat etmek gerekebilir<\/span><\/li>\n<\/ul>\n<p><span style=\"font-family: Roboto; font-size: 14px;\">Ba\u015fvuru emniyete, belediye yetkilisi ya da di\u011fer h\u00fck\u00fcmetlere ait idari departmanlar taraf\u0131ndan de\u011ferlendirilir ve emniyet taraf\u0131ndan g\u00f6r\u00fc\u015fmeye \u00e7a\u011fr\u0131labilirsiniz.\u00a0<strong> \u0130sve\u00e7 vatanda\u015f\u0131<\/strong> olmay\u0131 isteyen ki\u015fi baz\u0131 \u015fartlar\u0131 sa\u011flamas\u0131 ve birtak\u0131m evraklar\u0131 tamamlamas\u0131 gerekiyor. B\u00fct\u00fcn bunlar ger\u00e7ekle\u015ftirdi\u011fi zaman vatanda\u015fl\u0131\u011f\u0131na kabul edilmesi ka\u00e7\u0131n\u0131lmazd\u0131r. Ba\u015fvuru i\u00e7in gereken \u015fartlardan ilki t\u00fcm \u00fclkede\u00a0 oldu\u011fu gibi belirli bir s\u00fcrede ikamet \u015fart\u0131 vard\u0131r.<\/span><\/p>\n<p><span style=\"font-family: Roboto; font-size: 14px;\"><span style=\"color: #2acec2;\"><strong><a style=\"color: #2acec2;\" href=\"https:\/\/www.myvize.com.tr\/isvec\/vize-islemleri\/\" target=\"_blank\" rel=\"noopener\">\u0130sve\u00e7 Vize \u0130\u015flemleri <\/a><\/strong><\/span>ile ilgili bilgi almak i\u00e7in bizi aray\u0131n\u0131z.<\/span><\/p>\n<p><img decoding=\"async\" src=\"https:\/\/www.myvize.com.tr\/isvec\/wp-content\/uploads\/2021\/10\/21.jpg\" \/><\/p>\n","protected":false},"excerpt":{"rendered":"<p>\u0130sve\u00e7 Vatanda\u015fl\u0131k \u0130\u015flemleri Hakk\u0131nda \u0130sve\u00e7\u2019da vatanda\u015fl\u0131k almas\u0131 i\u00e7in yabanc\u0131 yasas\u0131na g\u00f6re bir\u00e7ok d\u00fczenlemeler bulunmakta. Ki\u015finin oturma izin s\u00fcresi, oturma izin stat\u00fcs\u00fc, geli\u015f nedenler gibi nedenle yasan\u0131n hangi kolunda yararlanabilece\u011fi belirlenir. \u0130sve\u00e7 Vatanda\u015fl\u0131\u011f\u0131na ge\u00e7me \u00f6ncelikle ki\u015finin kendi karar\u0131na ba\u011fl\u0131. \u0130sve\u00e7 vatanda\u015fl\u0131\u011f\u0131 ge\u00e7ildi\u011finde se\u00e7me-se\u00e7ilmek hakk\u0131, memur olmak hakk\u0131 ve \u0130sve\u00e7 vatanda\u015f\u0131 hangi haktan yararlan\u0131yorsa hepsi yararlanabilme \u015fans\u0131<\/p>\n","protected":false},"author":1,"featured_media":0,"parent":18,"menu_order":0,"comment_status":"open","ping_status":"closed","template":"","meta":{"footnotes":""},"class_list":["post-51","page","type-page","status-publish","hentry"],"yoast_head":"<!-- This site is optimized with the Yoast SEO plugin v24.0 - https:\/\/yoast.com\/wordpress\/plugins\/seo\/ -->\n<title>\u0130sve\u00e7 Vatanda\u015fl\u0131k \u0130\u015flemleri - MyVize Vize Ba\u015fvuru Merkezi<\/title>\n<meta name=\"description\" content=\"\u0130sve\u00e7 Vatanda\u015fl\u0131k \u0130\u015flemleri Nelerdir? \u0130sve\u00e7 Vatanda\u015fl\u0131k \u015eartlar\u0131 Nelerdir? \u0130sve\u00e7 Vatanda\u015fl\u0131\u011f\u0131 \u0130\u00e7in Gerekli Evraklar Neler?\" \/>\n<meta name=\"robots\" content=\"index, follow, max-snippet:-1, max-image-preview:large, max-video-preview:-1\" \/>\n<link rel=\"canonical\" href=\"https:\/\/www.myvize.com.tr\/isvec\/vize-islemleri\/isvec-vatandaslik-islemleri\/\" \/>\n<meta property=\"og:locale\" content=\"tr_TR\" \/>\n<meta property=\"og:type\" content=\"article\" \/>\n<meta property=\"og:title\" content=\"\u0130sve\u00e7 Vatanda\u015fl\u0131k \u0130\u015flemleri - MyVize Vize Ba\u015fvuru Merkezi\" \/>\n<meta property=\"og:description\" content=\"\u0130sve\u00e7 Vatanda\u015fl\u0131k \u0130\u015flemleri Nelerdir? \u0130sve\u00e7 Vatanda\u015fl\u0131k \u015eartlar\u0131 Nelerdir? \u0130sve\u00e7 Vatanda\u015fl\u0131\u011f\u0131 \u0130\u00e7in Gerekli Evraklar Neler?\" \/>\n<meta property=\"og:url\" content=\"https:\/\/www.myvize.com.tr\/isvec\/vize-islemleri\/isvec-vatandaslik-islemleri\/\" \/>\n<meta property=\"og:site_name\" content=\"\u0130sve\u00e7 Vizesi\" \/>\n<meta property=\"article:modified_time\" content=\"2022-09-10T10:40:43+00:00\" \/>\n<meta property=\"og:image\" content=\"https:\/\/www.myvize.com.tr\/isvec\/wp-content\/uploads\/2021\/10\/21.jpg\" \/>\n<meta name=\"twitter:card\" content=\"summary_large_image\" \/>\n<meta name=\"twitter:label1\" content=\"Tahmini okuma s\u00fcresi\" \/>\n\t<meta name=\"twitter:data1\" content=\"5 dakika\" \/>\n<script type=\"application\/ld+json\" class=\"yoast-schema-graph\">{\"@context\":\"https:\/\/schema.org\",\"@graph\":[{\"@type\":\"WebPage\",\"@id\":\"https:\/\/www.myvize.com.tr\/isvec\/vize-islemleri\/isvec-vatandaslik-islemleri\/\",\"url\":\"https:\/\/www.myvize.com.tr\/isvec\/vize-islemleri\/isvec-vatandaslik-islemleri\/\",\"name\":\"\u0130sve\u00e7 Vatanda\u015fl\u0131k \u0130\u015flemleri - MyVize Vize Ba\u015fvuru Merkezi\",\"isPartOf\":{\"@id\":\"https:\/\/www.myvize.com.tr\/isvec\/#website\"},\"primaryImageOfPage\":{\"@id\":\"https:\/\/www.myvize.com.tr\/isvec\/vize-islemleri\/isvec-vatandaslik-islemleri\/#primaryimage\"},\"image\":{\"@id\":\"https:\/\/www.myvize.com.tr\/isvec\/vize-islemleri\/isvec-vatandaslik-islemleri\/#primaryimage\"},\"thumbnailUrl\":\"https:\/\/www.myvize.com.tr\/isvec\/wp-content\/uploads\/2021\/10\/21.jpg\",\"datePublished\":\"2020-11-30T09:49:31+00:00\",\"dateModified\":\"2022-09-10T10:40:43+00:00\",\"description\":\"\u0130sve\u00e7 Vatanda\u015fl\u0131k \u0130\u015flemleri Nelerdir? \u0130sve\u00e7 Vatanda\u015fl\u0131k \u015eartlar\u0131 Nelerdir? \u0130sve\u00e7 Vatanda\u015fl\u0131\u011f\u0131 \u0130\u00e7in Gerekli Evraklar Neler?\",\"breadcrumb\":{\"@id\":\"https:\/\/www.myvize.com.tr\/isvec\/vize-islemleri\/isvec-vatandaslik-islemleri\/#breadcrumb\"},\"inLanguage\":\"tr\",\"potentialAction\":[{\"@type\":\"ReadAction\",\"target\":[\"https:\/\/www.myvize.com.tr\/isvec\/vize-islemleri\/isvec-vatandaslik-islemleri\/\"]}]},{\"@type\":\"ImageObject\",\"inLanguage\":\"tr\",\"@id\":\"https:\/\/www.myvize.com.tr\/isvec\/vize-islemleri\/isvec-vatandaslik-islemleri\/#primaryimage\",\"url\":\"https:\/\/www.myvize.com.tr\/isvec\/wp-content\/uploads\/2021\/10\/21.jpg\",\"contentUrl\":\"https:\/\/www.myvize.com.tr\/isvec\/wp-content\/uploads\/2021\/10\/21.jpg\",\"width\":800,\"height\":500,\"caption\":\"\u0130sve\u00e7 Vatanda\u015fl\u0131k \u0130\u015flemleri\"},{\"@type\":\"BreadcrumbList\",\"@id\":\"https:\/\/www.myvize.com.tr\/isvec\/vize-islemleri\/isvec-vatandaslik-islemleri\/#breadcrumb\",\"itemListElement\":[{\"@type\":\"ListItem\",\"position\":1,\"name\":\"Anasayfa\",\"item\":\"https:\/\/www.myvize.com.tr\/isvec\/\"},{\"@type\":\"ListItem\",\"position\":2,\"name\":\"V\u0130ZE \u0130\u015eLEMLER\u0130\",\"item\":\"https:\/\/www.myvize.com.tr\/isvec\/vize-islemleri\/\"},{\"@type\":\"ListItem\",\"position\":3,\"name\":\"\u0130sve\u00e7 Vatanda\u015fl\u0131k \u0130\u015flemleri\"}]},{\"@type\":\"WebSite\",\"@id\":\"https:\/\/www.myvize.com.tr\/isvec\/#website\",\"url\":\"https:\/\/www.myvize.com.tr\/isvec\/\",\"name\":\"\u0130sve\u00e7 Vizesi\",\"description\":\"\",\"potentialAction\":[{\"@type\":\"SearchAction\",\"target\":{\"@type\":\"EntryPoint\",\"urlTemplate\":\"https:\/\/www.myvize.com.tr\/isvec\/?s={search_term_string}\"},\"query-input\":{\"@type\":\"PropertyValueSpecification\",\"valueRequired\":true,\"valueName\":\"search_term_string\"}}],\"inLanguage\":\"tr\"}]}<\/script>\n<!-- \/ Yoast SEO plugin. -->","yoast_head_json":{"title":"\u0130sve\u00e7 Vatanda\u015fl\u0131k \u0130\u015flemleri - MyVize Vize Ba\u015fvuru Merkezi","description":"\u0130sve\u00e7 Vatanda\u015fl\u0131k \u0130\u015flemleri Nelerdir? \u0130sve\u00e7 Vatanda\u015fl\u0131k \u015eartlar\u0131 Nelerdir? \u0130sve\u00e7 Vatanda\u015fl\u0131\u011f\u0131 \u0130\u00e7in Gerekli Evraklar Neler?","robots":{"index":"index","follow":"follow","max-snippet":"max-snippet:-1","max-image-preview":"max-image-preview:large","max-video-preview":"max-video-preview:-1"},"canonical":"https:\/\/www.myvize.com.tr\/isvec\/vize-islemleri\/isvec-vatandaslik-islemleri\/","og_locale":"tr_TR","og_type":"article","og_title":"\u0130sve\u00e7 Vatanda\u015fl\u0131k \u0130\u015flemleri - MyVize Vize Ba\u015fvuru Merkezi","og_description":"\u0130sve\u00e7 Vatanda\u015fl\u0131k \u0130\u015flemleri Nelerdir? \u0130sve\u00e7 Vatanda\u015fl\u0131k \u015eartlar\u0131 Nelerdir? \u0130sve\u00e7 Vatanda\u015fl\u0131\u011f\u0131 \u0130\u00e7in Gerekli Evraklar Neler?","og_url":"https:\/\/www.myvize.com.tr\/isvec\/vize-islemleri\/isvec-vatandaslik-islemleri\/","og_site_name":"\u0130sve\u00e7 Vizesi","article_modified_time":"2022-09-10T10:40:43+00:00","og_image":[{"url":"https:\/\/www.myvize.com.tr\/isvec\/wp-content\/uploads\/2021\/10\/21.jpg","type":"","width":"","height":""}],"twitter_card":"summary_large_image","twitter_misc":{"Tahmini okuma s\u00fcresi":"5 dakika"},"schema":{"@context":"https:\/\/schema.org","@graph":[{"@type":"WebPage","@id":"https:\/\/www.myvize.com.tr\/isvec\/vize-islemleri\/isvec-vatandaslik-islemleri\/","url":"https:\/\/www.myvize.com.tr\/isvec\/vize-islemleri\/isvec-vatandaslik-islemleri\/","name":"\u0130sve\u00e7 Vatanda\u015fl\u0131k \u0130\u015flemleri - MyVize Vize Ba\u015fvuru Merkezi","isPartOf":{"@id":"https:\/\/www.myvize.com.tr\/isvec\/#website"},"primaryImageOfPage":{"@id":"https:\/\/www.myvize.com.tr\/isvec\/vize-islemleri\/isvec-vatandaslik-islemleri\/#primaryimage"},"image":{"@id":"https:\/\/www.myvize.com.tr\/isvec\/vize-islemleri\/isvec-vatandaslik-islemleri\/#primaryimage"},"thumbnailUrl":"https:\/\/www.myvize.com.tr\/isvec\/wp-content\/uploads\/2021\/10\/21.jpg","datePublished":"2020-11-30T09:49:31+00:00","dateModified":"2022-09-10T10:40:43+00:00","description":"\u0130sve\u00e7 Vatanda\u015fl\u0131k \u0130\u015flemleri Nelerdir? \u0130sve\u00e7 Vatanda\u015fl\u0131k \u015eartlar\u0131 Nelerdir? \u0130sve\u00e7 Vatanda\u015fl\u0131\u011f\u0131 \u0130\u00e7in Gerekli Evraklar Neler?","breadcrumb":{"@id":"https:\/\/www.myvize.com.tr\/isvec\/vize-islemleri\/isvec-vatandaslik-islemleri\/#breadcrumb"},"inLanguage":"tr","potentialAction":[{"@type":"ReadAction","target":["https:\/\/www.myvize.com.tr\/isvec\/vize-islemleri\/isvec-vatandaslik-islemleri\/"]}]},{"@type":"ImageObject","inLanguage":"tr","@id":"https:\/\/www.myvize.com.tr\/isvec\/vize-islemleri\/isvec-vatandaslik-islemleri\/#primaryimage","url":"https:\/\/www.myvize.com.tr\/isvec\/wp-content\/uploads\/2021\/10\/21.jpg","contentUrl":"https:\/\/www.myvize.com.tr\/isvec\/wp-content\/uploads\/2021\/10\/21.jpg","width":800,"height":500,"caption":"\u0130sve\u00e7 Vatanda\u015fl\u0131k \u0130\u015flemleri"},{"@type":"BreadcrumbList","@id":"https:\/\/www.myvize.com.tr\/isvec\/vize-islemleri\/isvec-vatandaslik-islemleri\/#breadcrumb","itemListElement":[{"@type":"ListItem","position":1,"name":"Anasayfa","item":"https:\/\/www.myvize.com.tr\/isvec\/"},{"@type":"ListItem","position":2,"name":"V\u0130ZE \u0130\u015eLEMLER\u0130","item":"https:\/\/www.myvize.com.tr\/isvec\/vize-islemleri\/"},{"@type":"ListItem","position":3,"name":"\u0130sve\u00e7 Vatanda\u015fl\u0131k \u0130\u015flemleri"}]},{"@type":"WebSite","@id":"https:\/\/www.myvize.com.tr\/isvec\/#website","url":"https:\/\/www.myvize.com.tr\/isvec\/","name":"\u0130sve\u00e7 Vizesi","description":"","potentialAction":[{"@type":"SearchAction","target":{"@type":"EntryPoint","urlTemplate":"https:\/\/www.myvize.com.tr\/isvec\/?s={search_term_string}"},"query-input":{"@type":"PropertyValueSpecification","valueRequired":true,"valueName":"search_term_string"}}],"inLanguage":"tr"}]}},"_links":{"self":[{"href":"https:\/\/www.myvize.com.tr\/isvec\/wp-json\/wp\/v2\/pages\/51","targetHints":{"allow":["GET"]}}],"collection":[{"href":"https:\/\/www.myvize.com.tr\/isvec\/wp-json\/wp\/v2\/pages"}],"about":[{"href":"https:\/\/www.myvize.com.tr\/isvec\/wp-json\/wp\/v2\/types\/page"}],"author":[{"embeddable":true,"href":"https:\/\/www.myvize.com.tr\/isvec\/wp-json\/wp\/v2\/users\/1"}],"replies":[{"embeddable":true,"href":"https:\/\/www.myvize.com.tr\/isvec\/wp-json\/wp\/v2\/comments?post=51"}],"version-history":[{"count":6,"href":"https:\/\/www.myvize.com.tr\/isvec\/wp-json\/wp\/v2\/pages\/51\/revisions"}],"predecessor-version":[{"id":850,"href":"https:\/\/www.myvize.com.tr\/isvec\/wp-json\/wp\/v2\/pages\/51\/revisions\/850"}],"up":[{"embeddable":true,"href":"https:\/\/www.myvize.com.tr\/isvec\/wp-json\/wp\/v2\/pages\/18"}],"wp:attachment":[{"href":"https:\/\/www.myvize.com.tr\/isvec\/wp-json\/wp\/v2\/media?parent=51"}],"curies":[{"name":"wp","href":"https:\/\/api.w.org\/{rel}","templated":true}]}}