{"id":53,"date":"2020-11-30T12:50:00","date_gmt":"2020-11-30T09:50:00","guid":{"rendered":"https:\/\/www.myvize.com.tr\/isvec\/?page_id=53"},"modified":"2022-04-14T13:20:47","modified_gmt":"2022-04-14T10:20:47","slug":"isvec-universite-egitimi","status":"publish","type":"page","link":"https:\/\/www.myvize.com.tr\/isvec\/vize-islemleri\/isvec-universite-egitimi\/","title":{"rendered":"\u0130sve\u00e7 \u00dcniversite E\u011fitimi"},"content":{"rendered":"<h2><span style=\"font-family: Roboto; font-size: 27px;\"><strong>\u0130sve\u00e7 \u00d6\u011frenci Vizesi<\/strong><\/span><\/h2>\n<p><span style=\"font-family: Roboto; font-size: 14px;\"><strong>\u0130sve\u00e7 \u00dcniversite \u00f6\u011frenci vize<\/strong> D t\u00fcr\u00fc vizeyi kapsamakta. Bu sayede <strong>\u0130sve\u00e7&#8217;de <\/strong>uzun d\u00f6nem kalabilmek \u015fans\u0131 sahip olabilirsiniz. Sene olarak sa\u011flanan vizeler <strong>\u0130sve\u00e7&#8217;de <\/strong>konsolosluklar arac\u0131l\u0131\u011f\u0131 ile uzatabilmektedir ve m\u00fcmk\u00fcnd\u00fcr. <strong>\u0130sve\u00e7&#8217;de <\/strong>e\u011fitim \u00f6\u011frenimi hayat\u0131na devam etme isteyenler mutlak suret yeterlilik m\u00fclakat\u0131 \u00e7a\u011fr\u0131lmakta. Bununla birlikte \u00fcniversitede kabul davet, \u00fcniversite \u00f6deme dekont ve kay\u0131t bilgisi ba\u015fvuru evrak\u0131n\u0131z aras\u0131nda bulunmalar\u0131 gerekir. \u00d6\u011frenci vizeniz \u00e7\u0131kmas\u0131 i\u00e7in belirtilen belgelerin, verilen bilginin eksiksiz olmas\u0131 gerekmekte. \u00d6\u011frenci olsa dahi maddi durum olana\u011f\u0131 beyan edilmesi \u00f6nemli. Yabanc\u0131 bir \u00fclke e\u011fitime giden biri hayat \u015fart\u0131n\u0131 sa\u011flayabiliyor olmas\u0131 \u0130sve\u00e7 i\u00e7in \u00f6nemli.<\/span><br \/>\n<span style=\"font-family: Roboto; font-size: 14px;\"><strong>2015 y\u0131l\u0131 K\u00fcresel Yenilik Endeksi<\/strong> bak\u0131m\u0131nda Avrupa\u2019da bulunan \u00fclke aras\u0131nda \u00fc\u00e7\u00fcnc\u00fc s\u0131rada bulunan \u0130sve\u00e7, y\u00fcksek \u00f6\u011fret a\u00e7\u0131s\u0131ndan d\u00fcnyada ba\u015far\u0131 s\u0131ralamas\u0131na 10 \u00fclkesinden birisi olma unvanlar\u0131na sahiptir. K\u00f6kl\u00fc bir \u00fcniversite e\u011fitimi kalitesine sahip olmas\u0131 yan\u0131 s\u0131ra, yenilik\u00e7i \u00fclke olmas\u0131nda dolay\u0131, \u0130ngilizce dili e\u011fitim program\u0131, \u00fcniversitenin i\u015f d\u00fcnyas\u0131yla ba\u011flant\u0131s\u0131, sosyal e\u015fit, ekonomi ya\u015fam alan\u0131 ve g\u00fcvenlik ve modern \u00e7evre bak\u0131m\u0131na tercih g\u00f6r\u00fclen yer aras\u0131ndad\u0131r.<\/span><\/p>\n<p><span style=\"font-family: Roboto; font-size: 14px;\"><span style=\"color: #2acec2;\"><strong><a style=\"color: #2acec2;\" href=\"https:\/\/www.myvize.com.tr\/isvec\/vize-islemleri\/isvec-dil-okulu-vizesi\/\" target=\"_blank\" rel=\"noopener\">\u0130sve\u00e7 Dil Okulu Vizesi<\/a><\/strong><\/span> ile ilgili bilgi almak i\u00e7in bizi aray\u0131n.<\/span><\/p>\n<p><img decoding=\"async\" src=\"https:\/\/www.myvize.com.tr\/isvec\/wp-content\/uploads\/2021\/10\/22.jpg\" \/><\/p>\n<p>&nbsp;<\/p>\n","protected":false},"excerpt":{"rendered":"<p>\u0130sve\u00e7 \u00d6\u011frenci Vizesi \u0130sve\u00e7 \u00dcniversite \u00f6\u011frenci vize D t\u00fcr\u00fc vizeyi kapsamakta. Bu sayede \u0130sve\u00e7&#8217;de uzun d\u00f6nem kalabilmek \u015fans\u0131 sahip olabilirsiniz. Sene olarak sa\u011flanan vizeler \u0130sve\u00e7&#8217;de konsolosluklar arac\u0131l\u0131\u011f\u0131 ile uzatabilmektedir ve m\u00fcmk\u00fcnd\u00fcr. \u0130sve\u00e7&#8217;de e\u011fitim \u00f6\u011frenimi hayat\u0131na devam etme isteyenler mutlak suret yeterlilik m\u00fclakat\u0131 \u00e7a\u011fr\u0131lmakta. Bununla birlikte \u00fcniversitede kabul davet, \u00fcniversite \u00f6deme dekont ve kay\u0131t bilgisi ba\u015fvuru<\/p>\n","protected":false},"author":1,"featured_media":0,"parent":18,"menu_order":0,"comment_status":"open","ping_status":"closed","template":"","meta":{"footnotes":""},"class_list":["post-53","page","type-page","status-publish","hentry"],"yoast_head":"<!-- This site is optimized with the Yoast SEO plugin v24.0 - https:\/\/yoast.com\/wordpress\/plugins\/seo\/ -->\n<title>\u0130sve\u00e7 \u00dcniversite E\u011fitimi - \u0130sve\u00e7 E\u011fitim Vize - MyVize<\/title>\n<meta name=\"description\" content=\"\u0130sve\u00e7 \u00dcniversite E\u011fitimi Nas\u0131l Al\u0131n\u0131r? \u0130sve\u00e7 \u00dcniversite E\u011fitimi Vizesi \u0130\u00e7in Hangi Evraklar Gerekli? \u0130sve\u00e7 \u00dcniversite E\u011fitimi Ba\u015fvurusu 2022.\" \/>\n<meta name=\"robots\" content=\"index, follow, max-snippet:-1, max-image-preview:large, max-video-preview:-1\" \/>\n<link rel=\"canonical\" href=\"https:\/\/www.myvize.com.tr\/isvec\/vize-islemleri\/isvec-universite-egitimi\/\" \/>\n<meta property=\"og:locale\" content=\"tr_TR\" \/>\n<meta property=\"og:type\" content=\"article\" \/>\n<meta property=\"og:title\" content=\"\u0130sve\u00e7 \u00dcniversite E\u011fitimi - \u0130sve\u00e7 E\u011fitim Vize - MyVize\" \/>\n<meta property=\"og:description\" content=\"\u0130sve\u00e7 \u00dcniversite E\u011fitimi Nas\u0131l Al\u0131n\u0131r? \u0130sve\u00e7 \u00dcniversite E\u011fitimi Vizesi \u0130\u00e7in Hangi Evraklar Gerekli? \u0130sve\u00e7 \u00dcniversite E\u011fitimi Ba\u015fvurusu 2022.\" \/>\n<meta property=\"og:url\" content=\"https:\/\/www.myvize.com.tr\/isvec\/vize-islemleri\/isvec-universite-egitimi\/\" \/>\n<meta property=\"og:site_name\" content=\"\u0130sve\u00e7 Vizesi\" \/>\n<meta property=\"article:modified_time\" content=\"2022-04-14T10:20:47+00:00\" \/>\n<meta property=\"og:image\" content=\"https:\/\/www.myvize.com.tr\/isvec\/wp-content\/uploads\/2021\/10\/22.jpg\" \/>\n<meta name=\"twitter:card\" content=\"summary_large_image\" \/>\n<meta name=\"twitter:label1\" content=\"Tahmini okuma s\u00fcresi\" \/>\n\t<meta name=\"twitter:data1\" content=\"1 dakika\" \/>\n<script type=\"application\/ld+json\" class=\"yoast-schema-graph\">{\"@context\":\"https:\/\/schema.org\",\"@graph\":[{\"@type\":\"WebPage\",\"@id\":\"https:\/\/www.myvize.com.tr\/isvec\/vize-islemleri\/isvec-universite-egitimi\/\",\"url\":\"https:\/\/www.myvize.com.tr\/isvec\/vize-islemleri\/isvec-universite-egitimi\/\",\"name\":\"\u0130sve\u00e7 \u00dcniversite E\u011fitimi - \u0130sve\u00e7 E\u011fitim Vize - MyVize\",\"isPartOf\":{\"@id\":\"https:\/\/www.myvize.com.tr\/isvec\/#website\"},\"primaryImageOfPage\":{\"@id\":\"https:\/\/www.myvize.com.tr\/isvec\/vize-islemleri\/isvec-universite-egitimi\/#primaryimage\"},\"image\":{\"@id\":\"https:\/\/www.myvize.com.tr\/isvec\/vize-islemleri\/isvec-universite-egitimi\/#primaryimage\"},\"thumbnailUrl\":\"https:\/\/www.myvize.com.tr\/isvec\/wp-content\/uploads\/2021\/10\/22.jpg\",\"datePublished\":\"2020-11-30T09:50:00+00:00\",\"dateModified\":\"2022-04-14T10:20:47+00:00\",\"description\":\"\u0130sve\u00e7 \u00dcniversite E\u011fitimi Nas\u0131l Al\u0131n\u0131r? \u0130sve\u00e7 \u00dcniversite E\u011fitimi Vizesi \u0130\u00e7in Hangi Evraklar Gerekli? \u0130sve\u00e7 \u00dcniversite E\u011fitimi Ba\u015fvurusu 2022.\",\"breadcrumb\":{\"@id\":\"https:\/\/www.myvize.com.tr\/isvec\/vize-islemleri\/isvec-universite-egitimi\/#breadcrumb\"},\"inLanguage\":\"tr\",\"potentialAction\":[{\"@type\":\"ReadAction\",\"target\":[\"https:\/\/www.myvize.com.tr\/isvec\/vize-islemleri\/isvec-universite-egitimi\/\"]}]},{\"@type\":\"ImageObject\",\"inLanguage\":\"tr\",\"@id\":\"https:\/\/www.myvize.com.tr\/isvec\/vize-islemleri\/isvec-universite-egitimi\/#primaryimage\",\"url\":\"https:\/\/www.myvize.com.tr\/isvec\/wp-content\/uploads\/2021\/10\/22.jpg\",\"contentUrl\":\"https:\/\/www.myvize.com.tr\/isvec\/wp-content\/uploads\/2021\/10\/22.jpg\",\"width\":800,\"height\":500,\"caption\":\"\u0130sve\u00e7 \u00dcniversite E\u011fitimi\"},{\"@type\":\"BreadcrumbList\",\"@id\":\"https:\/\/www.myvize.com.tr\/isvec\/vize-islemleri\/isvec-universite-egitimi\/#breadcrumb\",\"itemListElement\":[{\"@type\":\"ListItem\",\"position\":1,\"name\":\"Anasayfa\",\"item\":\"https:\/\/www.myvize.com.tr\/isvec\/\"},{\"@type\":\"ListItem\",\"position\":2,\"name\":\"V\u0130ZE \u0130\u015eLEMLER\u0130\",\"item\":\"https:\/\/www.myvize.com.tr\/isvec\/vize-islemleri\/\"},{\"@type\":\"ListItem\",\"position\":3,\"name\":\"\u0130sve\u00e7 \u00dcniversite E\u011fitimi\"}]},{\"@type\":\"WebSite\",\"@id\":\"https:\/\/www.myvize.com.tr\/isvec\/#website\",\"url\":\"https:\/\/www.myvize.com.tr\/isvec\/\",\"name\":\"\u0130sve\u00e7 Vizesi\",\"description\":\"\",\"potentialAction\":[{\"@type\":\"SearchAction\",\"target\":{\"@type\":\"EntryPoint\",\"urlTemplate\":\"https:\/\/www.myvize.com.tr\/isvec\/?s={search_term_string}\"},\"query-input\":{\"@type\":\"PropertyValueSpecification\",\"valueRequired\":true,\"valueName\":\"search_term_string\"}}],\"inLanguage\":\"tr\"}]}<\/script>\n<!-- \/ Yoast SEO plugin. -->","yoast_head_json":{"title":"\u0130sve\u00e7 \u00dcniversite E\u011fitimi - \u0130sve\u00e7 E\u011fitim Vize - MyVize","description":"\u0130sve\u00e7 \u00dcniversite E\u011fitimi Nas\u0131l Al\u0131n\u0131r? \u0130sve\u00e7 \u00dcniversite E\u011fitimi Vizesi \u0130\u00e7in Hangi Evraklar Gerekli? \u0130sve\u00e7 \u00dcniversite E\u011fitimi Ba\u015fvurusu 2022.","robots":{"index":"index","follow":"follow","max-snippet":"max-snippet:-1","max-image-preview":"max-image-preview:large","max-video-preview":"max-video-preview:-1"},"canonical":"https:\/\/www.myvize.com.tr\/isvec\/vize-islemleri\/isvec-universite-egitimi\/","og_locale":"tr_TR","og_type":"article","og_title":"\u0130sve\u00e7 \u00dcniversite E\u011fitimi - \u0130sve\u00e7 E\u011fitim Vize - MyVize","og_description":"\u0130sve\u00e7 \u00dcniversite E\u011fitimi Nas\u0131l Al\u0131n\u0131r? \u0130sve\u00e7 \u00dcniversite E\u011fitimi Vizesi \u0130\u00e7in Hangi Evraklar Gerekli? \u0130sve\u00e7 \u00dcniversite E\u011fitimi Ba\u015fvurusu 2022.","og_url":"https:\/\/www.myvize.com.tr\/isvec\/vize-islemleri\/isvec-universite-egitimi\/","og_site_name":"\u0130sve\u00e7 Vizesi","article_modified_time":"2022-04-14T10:20:47+00:00","og_image":[{"url":"https:\/\/www.myvize.com.tr\/isvec\/wp-content\/uploads\/2021\/10\/22.jpg","type":"","width":"","height":""}],"twitter_card":"summary_large_image","twitter_misc":{"Tahmini okuma s\u00fcresi":"1 dakika"},"schema":{"@context":"https:\/\/schema.org","@graph":[{"@type":"WebPage","@id":"https:\/\/www.myvize.com.tr\/isvec\/vize-islemleri\/isvec-universite-egitimi\/","url":"https:\/\/www.myvize.com.tr\/isvec\/vize-islemleri\/isvec-universite-egitimi\/","name":"\u0130sve\u00e7 \u00dcniversite E\u011fitimi - \u0130sve\u00e7 E\u011fitim Vize - MyVize","isPartOf":{"@id":"https:\/\/www.myvize.com.tr\/isvec\/#website"},"primaryImageOfPage":{"@id":"https:\/\/www.myvize.com.tr\/isvec\/vize-islemleri\/isvec-universite-egitimi\/#primaryimage"},"image":{"@id":"https:\/\/www.myvize.com.tr\/isvec\/vize-islemleri\/isvec-universite-egitimi\/#primaryimage"},"thumbnailUrl":"https:\/\/www.myvize.com.tr\/isvec\/wp-content\/uploads\/2021\/10\/22.jpg","datePublished":"2020-11-30T09:50:00+00:00","dateModified":"2022-04-14T10:20:47+00:00","description":"\u0130sve\u00e7 \u00dcniversite E\u011fitimi Nas\u0131l Al\u0131n\u0131r? \u0130sve\u00e7 \u00dcniversite E\u011fitimi Vizesi \u0130\u00e7in Hangi Evraklar Gerekli? \u0130sve\u00e7 \u00dcniversite E\u011fitimi Ba\u015fvurusu 2022.","breadcrumb":{"@id":"https:\/\/www.myvize.com.tr\/isvec\/vize-islemleri\/isvec-universite-egitimi\/#breadcrumb"},"inLanguage":"tr","potentialAction":[{"@type":"ReadAction","target":["https:\/\/www.myvize.com.tr\/isvec\/vize-islemleri\/isvec-universite-egitimi\/"]}]},{"@type":"ImageObject","inLanguage":"tr","@id":"https:\/\/www.myvize.com.tr\/isvec\/vize-islemleri\/isvec-universite-egitimi\/#primaryimage","url":"https:\/\/www.myvize.com.tr\/isvec\/wp-content\/uploads\/2021\/10\/22.jpg","contentUrl":"https:\/\/www.myvize.com.tr\/isvec\/wp-content\/uploads\/2021\/10\/22.jpg","width":800,"height":500,"caption":"\u0130sve\u00e7 \u00dcniversite E\u011fitimi"},{"@type":"BreadcrumbList","@id":"https:\/\/www.myvize.com.tr\/isvec\/vize-islemleri\/isvec-universite-egitimi\/#breadcrumb","itemListElement":[{"@type":"ListItem","position":1,"name":"Anasayfa","item":"https:\/\/www.myvize.com.tr\/isvec\/"},{"@type":"ListItem","position":2,"name":"V\u0130ZE \u0130\u015eLEMLER\u0130","item":"https:\/\/www.myvize.com.tr\/isvec\/vize-islemleri\/"},{"@type":"ListItem","position":3,"name":"\u0130sve\u00e7 \u00dcniversite E\u011fitimi"}]},{"@type":"WebSite","@id":"https:\/\/www.myvize.com.tr\/isvec\/#website","url":"https:\/\/www.myvize.com.tr\/isvec\/","name":"\u0130sve\u00e7 Vizesi","description":"","potentialAction":[{"@type":"SearchAction","target":{"@type":"EntryPoint","urlTemplate":"https:\/\/www.myvize.com.tr\/isvec\/?s={search_term_string}"},"query-input":{"@type":"PropertyValueSpecification","valueRequired":true,"valueName":"search_term_string"}}],"inLanguage":"tr"}]}},"_links":{"self":[{"href":"https:\/\/www.myvize.com.tr\/isvec\/wp-json\/wp\/v2\/pages\/53","targetHints":{"allow":["GET"]}}],"collection":[{"href":"https:\/\/www.myvize.com.tr\/isvec\/wp-json\/wp\/v2\/pages"}],"about":[{"href":"https:\/\/www.myvize.com.tr\/isvec\/wp-json\/wp\/v2\/types\/page"}],"author":[{"embeddable":true,"href":"https:\/\/www.myvize.com.tr\/isvec\/wp-json\/wp\/v2\/users\/1"}],"replies":[{"embeddable":true,"href":"https:\/\/www.myvize.com.tr\/isvec\/wp-json\/wp\/v2\/comments?post=53"}],"version-history":[{"count":5,"href":"https:\/\/www.myvize.com.tr\/isvec\/wp-json\/wp\/v2\/pages\/53\/revisions"}],"predecessor-version":[{"id":753,"href":"https:\/\/www.myvize.com.tr\/isvec\/wp-json\/wp\/v2\/pages\/53\/revisions\/753"}],"up":[{"embeddable":true,"href":"https:\/\/www.myvize.com.tr\/isvec\/wp-json\/wp\/v2\/pages\/18"}],"wp:attachment":[{"href":"https:\/\/www.myvize.com.tr\/isvec\/wp-json\/wp\/v2\/media?parent=53"}],"curies":[{"name":"wp","href":"https:\/\/api.w.org\/{rel}","templated":true}]}}