{"id":665,"date":"2021-12-18T15:24:38","date_gmt":"2021-12-18T12:24:38","guid":{"rendered":"https:\/\/www.myvize.com.tr\/isvec\/?page_id=665"},"modified":"2022-05-23T12:08:10","modified_gmt":"2022-05-23T09:08:10","slug":"isvec-vize-basvurusu","status":"publish","type":"page","link":"https:\/\/www.myvize.com.tr\/isvec\/isvec-vize-basvurusu\/","title":{"rendered":"\u0130sve\u00e7 Vize Ba\u015fvurusu"},"content":{"rendered":"<h2><span style=\"font-family: Roboto; font-size: 27px;\"><strong>\u0130sve\u00e7 Vize Ba\u015fvurusu Nas\u0131l Yap\u0131l\u0131r?<\/strong><\/span><\/h2>\n<p><span style=\"font-family: Roboto; font-size: 14px;\">D\u00fcnyan\u0131n en geli\u015fmi\u015f ve en modern \u00fclkelerinden bir tanesi Avrupa Birli\u011finin en elit \u00fclkelerinden bir tanesi olan \u0130sve\u00e7 \u00fclkesidir. D\u00fcnyan\u0131n en refah d\u00fczeyi y\u00fcksek olan \u00fclkeye T\u00fcrk vatanda\u015flar\u0131 da farkl\u0131 nedenlerden \u00f6t\u00fcr\u00fc gitmek istiyorlar. Bu durumda da acaba\u00a0<strong>\u0130sve\u00e7 vize ba\u015fvurusu nas\u0131l yap\u0131l\u0131r\u00a0<\/strong>diye merak ediyorlar. Bu yaz\u0131da da bu konuda temel bilgiler verilecektir. \u0130sve\u00e7 \u00fclkesine gidecek olan ki\u015filer kendileri a\u015fa\u011f\u0131da istenen evraklar ile birlikte \u0130sve\u00e7 Konsoloslu\u011funa ba\u015fvuru yaparak vize al\u0131p bu \u00fclkeye gidebilirler. Burada en temel olan husus i\u015fi son ana b\u0131rakmamak gerekti\u011fidir.<\/span><\/p>\n<p><span style=\"font-family: Roboto; font-size: 14px;\"><strong>\u0130sve\u00e7 vize t\u00fcrleri<\/strong> a\u015fa\u011f\u0131da yaz\u0131l\u0131 oldu\u011fu bi\u00e7imdedir:<\/span><\/p>\n<ul>\n<li><span style=\"font-family: Roboto; font-size: 14px;\">C tipi k\u0131sa s\u00fcreli vize<\/span><\/li>\n<li><span style=\"color: #2acec2;\"><strong><a style=\"color: #2acec2;\" href=\"https:\/\/www.myvize.com.tr\/isvec\/vize-islemleri\/isvec-turistik-vize\/\" target=\"_blank\" rel=\"noopener\"><span style=\"font-family: Roboto; font-size: 14px;\">\u0130sve\u00e7 Turistik vize<\/span><\/a><\/strong><\/span><\/li>\n<li><span style=\"font-family: Roboto; font-size: 14px;\">Aile, arkada\u015f, akraba ziyaret vizesi<\/span><\/li>\n<li><span style=\"font-family: Roboto; font-size: 14px;\">Ticari vize<\/span><\/li>\n<li><span style=\"font-family: Roboto; font-size: 14px;\">K\u0131sa s\u00fcreli staj ve \u00f6\u011frenim vizesi<\/span><\/li>\n<li><span style=\"font-family: Roboto; font-size: 14px;\">Transit vize<\/span><\/li>\n<li><span style=\"font-family: Roboto; font-size: 14px;\">D tipi uzun s\u00fcreli vize<\/span><\/li>\n<\/ul>\n<h2><span style=\"font-family: Roboto; font-size: 27px;\"><strong>\u0130sve\u00e7 Vize Ba\u015fvuru \u0130\u015flemleri<\/strong><\/span><\/h2>\n<p><span style=\"font-family: Roboto; font-size: 14px;\">\u00dcstte yap\u0131lan bu genel giri\u015ften sonra \u015fimdi de ad\u0131m ad\u0131m\u00a0<strong>\u0130sve\u00e7 vize ba\u015fvuru i\u015flemleri<\/strong><strong>\u00a0<\/strong>hakk\u0131nda bilgi vermek gerekir ise \u015fu bilgiler verilebilir:<\/span><\/p>\n<ul>\n<li><span style=\"font-family: Roboto; font-size: 14px;\">\u0130lk olarak <strong>\u0130sve\u00e7 resmi kurumlar\u0131<\/strong> taraf\u0131ndan istenen evraklar\u0131n tam ve eksiksiz bir bi\u00e7imde haz\u0131rlanmas\u0131 gerekir. Burada en ufak bir yanl\u0131\u015f\u0131n yap\u0131lmamas\u0131 gerekir.<\/span><\/li>\n<li><span style=\"font-family: Roboto; font-size: 14px;\">\u0130kinci ad\u0131mda 90 0212 373 58 03\u00a0telefonunun mesai saatleri i\u00e7inde aranarak \u0130sve\u00e7 Konsoloslu\u011fundan randevu al\u0131nmas\u0131 gerekir.<\/span><\/li>\n<li><span style=\"font-family: Roboto; font-size: 14px;\">Bu a\u015famada tamamland\u0131ktan sonra s\u0131rada al\u0131nacak olan vize i\u00e7in vize ba\u015fvuru \u00fccretinin \u00f6denmesi gerekir.<\/span><\/li>\n<li><span style=\"font-family: Roboto; font-size: 14px;\">Son a\u015famada ise vize ba\u015fvurusu yapan ki\u015finin kendisine verilen randevu saatinde \u0130sve\u00e7 Konsoloslu\u011funda tam zaman\u0131nda bulunulmas\u0131 gerekir.<\/span><\/li>\n<\/ul>\n<h2><span style=\"font-family: Roboto; font-size: 14px;\">Vize ba\u015fvuru i\u015flemleri k\u0131saca bu \u015fekilde ilerler durumdad\u0131r.<\/span><\/h2>\n<h2><span style=\"font-family: Roboto; font-size: 27px;\"><strong>\u0130sve\u00e7 Vize Ba\u015fvurusu Nereden Yap\u0131l\u0131r?<\/strong><\/span><\/h2>\n<p><span style=\"font-family: Roboto; font-size: 14px;\">D\u00fcnyan\u0131n en \u00e7ok geli\u015fmi\u015f \u00fclkelerinin ba\u015f\u0131nda \u0130sve\u00e7 gelmektedir. Sosyal devlet olman\u0131n t\u00fcm ko\u015fullar\u0131n\u0131 da tam anlam\u0131 ile ta\u015f\u0131makta olan bir \u00fcledir. \u0130\u015fte \u00fclkemizden de bir\u00e7ok insa \u00e7ok farkl\u0131 nedenlerden \u00f6t\u00fcr\u00fc de\u011fi\u015fik zamanlarda bu \u00fclkeye gitmek istiyor. Bu durumda do\u011fal olarak vize al\u0131nmas\u0131 gerekiyor. Bilindi\u011fi \u00fczere \u0130sve\u00e7 bir Avrupa \u00fclkesi olup\u00a0 T\u00fcrkiye\u2019den gidecek olanlar da vize talep ediyor. Bu durumda da bu \u00fclkeye gidecek olan bireyler do\u011fal olarak\u00a0<strong>\u0130sve\u00e7 Vize Ba\u015fvurusu nereden yap\u0131l\u0131r?\u00a0<\/strong>Diye merak ediyorlar. \u00a0Bu sorunun yan\u0131t\u0131 ise olduk\u00e7a basittir. Ki\u015filer e\u011fer bu \u00fclkeye k\u0131sa s\u00fcreli olarak gidecek ise \u00f6rne\u011fin akraba ziyareti, turistik\u00a0 gezi, k\u0131sa s\u00fcreli dil okulu gibi nedenlerden \u00f6t\u00fcr\u00fc gidilecek durumlarda al\u0131nacak olan vize t\u00fcrleri i\u00e7in \u0130sve\u00e7 H\u00fck\u00fcmetinin onay verdi\u011fi akredite olmu\u015f yetkili acenteler arac\u0131l\u0131\u011f\u0131 ile al\u0131n\u0131r. E\u011fer uzun s\u00fcreli olarak bu \u00fclkeye gidilecek ise o zaman \u0130sve\u00e7 Konsolosluklar\u0131na ya da Ankara \u0130sve\u00e7 B\u00fcy\u00fckel\u00e7ili\u011fine ba\u015fvuru yap\u0131lmas\u0131 gerekir.<\/span><\/p>\n<h2><span style=\"font-family: Roboto; font-size: 27px;\"><strong>\u0130sve\u00e7 Vize Ba\u015fvuru \u015eartlar\u0131<\/strong><\/span><\/h2>\n<p><span style=\"font-family: Roboto; font-size: 14px;\">\u015eimdi de art\u0131k<strong>\u00a0\u0130sve\u00e7 vize ba\u015fvuru \u015fartlar\u0131\u00a0<\/strong>hakk\u0131nda s\u00f6ylenebilecek olanlar \u015fu \u015fekildedir:<\/span><\/p>\n<ul>\n<li><span style=\"font-family: Roboto; font-size: 14px;\"><span style=\"color: #2acec2;\"><strong><a style=\"color: #2acec2;\" href=\"https:\/\/www.myvize.com.tr\/isvec\/vize-islemleri\/isvec-vizesi\/\" target=\"_blank\" rel=\"noopener\">\u0130sve\u00e7 vizesi<\/a><\/strong><\/span> ba\u015fvurular\u0131nda en \u00f6nemli olan \u015fey ki\u015finin e\u011fer ilk defa ba\u015fvuru yap\u0131yor ise parmak izi vermesidir. Verilen parmak izinin ge\u00e7erlilik s\u00fcresi 5 y\u0131ld\u0131r.<\/span><\/li>\n<li><span style=\"font-family: Roboto; font-size: 14px;\">Her bir vize t\u00fcr\u00fcn\u00fcn kendine \u00f6zel vize t\u00fcrleri i\u00e7in istenen evraklar\u0131 vard\u0131r. Bu evraklar\u0131n haz\u0131rlanmas\u0131 gerekir.Evraklar us\u00fcl\u00fcne uygun olarak haz\u0131rlanmal\u0131d\u0131r<\/span><\/li>\n<li><span style=\"font-family: Roboto; font-size: 14px;\">Randevu al\u0131nmas\u0131 bu i\u015fin olmazsa olmazlar\u0131 aras\u0131ndad\u0131r. Randevu al\u0131nmadan vize ba\u015fvurusu yap\u0131lmas\u0131 olanaks\u0131zd\u0131r.<\/span><\/li>\n<li><span style=\"font-family: Roboto; font-size: 14px;\">Pasaport konusu da burada son derece \u00f6nemlidir. Pasaportun en az 3 ay ge\u00e7erlili\u011fi bulunmal\u0131d\u0131r. Ayr\u0131ca yine en az 2 bo\u015f sayfas\u0131 bulunmas\u0131 gerekir.<\/span><\/li>\n<\/ul>\n<h3><span style=\"font-family: Roboto; font-size: 24px;\"><strong>\u0130sve\u00e7 Vize Ba\u015fvurusu \u0130\u00e7in Gerekli Evraklar<\/strong><\/span><\/h3>\n<p><span style=\"font-family: Roboto; font-size: 14px;\"><strong>\u0130sve\u00e7 vize ba\u015fvurusu i\u00e7in gerekli evraklar\u00a0<\/strong>a\u015fa\u011f\u0131da yaz\u0131l\u0131 oldu\u011fu bi\u00e7imdedir:<\/span><\/p>\n<ul>\n<li><span style=\"font-family: Roboto; font-size: 14px;\">G\u00fcncel olan pasaport.\u00a0 Bunun yan\u0131 s\u0131ra ki\u015finin var ise eski pasaportlar\u0131<\/span><\/li>\n<li><span style=\"font-family: Roboto; font-size: 14px;\">En ge\u00e7 3 ay \u00f6nce \u00e7ekilmi\u015f olan 2 adet biometrik olan foto\u011fraf. Arka fonu beyaz olmal\u0131d\u0131r<\/span><\/li>\n<li><span style=\"font-family: Roboto; font-size: 14px;\">Seyahat sa\u011fl\u0131k sigortas\u0131<\/span><\/li>\n<li><span style=\"font-family: Roboto; font-size: 14px;\">Vize ba\u015fvuru \u00fccreti \u00f6denti dekontu<\/span><\/li>\n<li><span style=\"font-family: Roboto; font-size: 14px;\">Banka hesap d\u00f6k\u00fcmleri<\/span><\/li>\n<li><span style=\"font-family: Roboto; font-size: 14px;\">Gelir durumunu g\u00f6steren belgeler<\/span><\/li>\n<li><span style=\"font-family: Roboto; font-size: 14px;\">E-devlet \u00fczerinden al\u0131nacak olan\u00a0 ikametgah belgesi<\/span><\/li>\n<li><span style=\"font-family: Roboto; font-size: 14px;\">U\u00e7ak ve bilet rezervasyonlar\u0131<\/span><\/li>\n<li><span style=\"font-family: Roboto; font-size: 14px;\">Ki\u015finin maddi durumunu g\u00f6steren her t\u00fcrl\u00fc belge<\/span><\/li>\n<li><span style=\"font-family: Roboto; font-size: 14px;\">Aile ziyaretleri i\u00e7in aileden gelen davetiye<\/span><\/li>\n<li><span style=\"font-family: Roboto; font-size: 14px;\">Ticari ziyaretler i\u00e7in benzer bir bi\u00e7imde yine \u00e7a\u011f\u0131ran firmadan olan davetiye<\/span><\/li>\n<\/ul>\n<p><span style=\"font-family: Roboto; font-size: 14px;\">Bunlar d\u0131\u015f\u0131nda ekstra vize t\u00fcr\u00fcne g\u00f6re istenen evraklar vard\u0131r.<\/span><\/p>\n<h3><span style=\"font-family: Roboto; font-size: 24px;\"><strong>\u0130sve\u00e7 Vize Ba\u015fvuru \u00dccreti Nedir?<\/strong><\/span><\/h3>\n<p><span style=\"font-family: Roboto; font-size: 14px;\">Yukar\u0131da verilen bu maj\u00f6r bilgilerden sonra \u015fimdi de i\u015fin finansal y\u00f6n\u00fcn\u00fc merak edenler i\u00e7in g\u00fcncel 2022 senesi i\u00e7in\u00a0<strong>\u0130sve\u00e7 Vize Ba\u015fvuru \u00fccreti nedir\u00a0<\/strong>sorusunun yan\u0131t\u0131n\u0131 vermek gerekir ise o noktada da \u015fu \u015fekilde bir bilgi verilebilir.<\/span><\/p>\n<p><span style=\"font-family: Roboto; font-size: 14px;\"><strong>\u0130sve\u00e7 vize ba\u015fvurusu<\/strong> \u00fccret kalemleri ile t\u00fcm bilgiler \u0130sve\u00e7 Konsoloslu\u011fu\u2019nun kendi resmi sitesinde g\u00fcncel olarak s\u00fcrekli mevcuttur.\u00a0 Herhangi bir de\u011fi\u015fim olmas\u0131 durumunda sitede yay\u0131nlanmaktad\u0131r. Bug\u00fcn itibar\u0131 ile vize ba\u015fvuru yap\u0131ld\u0131\u011f\u0131 zaman \u00f6denecek olan \u00fccretler \u015fu \u015fekildedir:<\/span><\/p>\n<ul>\n<li><span style=\"font-family: Roboto; font-size: 14px;\">Konolosluk i\u00e7in olan vize harc\u0131: 80 Euro<\/span><\/li>\n<li><span style=\"font-family: Roboto; font-size: 14px;\">Kurye ve kargo i\u00e7in \u00f6denecek olan \u00fccret: 10 Euro<\/span><\/li>\n<li><span style=\"font-family: Roboto; font-size: 14px;\">Vize ba\u015fvuru formu doldurma \u00fccreti:\u00a0 10 Euro<\/span><\/li>\n<li><span style=\"font-family: Roboto; font-size: 14px;\">Foto\u011fraf \u00e7ektirme bedeli: 5 Euro<\/span><\/li>\n<li><span style=\"font-family: Roboto; font-size: 14px;\">Vize ba\u015fvuru merkezine \u00f6denen ve standart olan ek hizmet bedel \u00fccreti: 30 Euro<\/span><\/li>\n<li><span style=\"font-family: Roboto; font-size: 14px;\">Konsoloslukta fotokopi giderleri: 1 TRY<\/span><\/li>\n<\/ul>\n<p><span style=\"font-family: Roboto;\"><img loading=\"lazy\" decoding=\"async\" src=\"https:\/\/www.myvize.com.tr\/romanya\/wp-content\/uploads\/2021\/07\/aDOBE-LOGO-1.png\" width=\"75\" height=\"75\" \/><strong>\u00a0\u00a0\u00a0\u0130sve\u00e7 Vizesi Ba\u015fvuru Formunu\u00a0\u00a0<a href=\"https:\/\/www.myvize.com.tr\/isvec\/wp-content\/uploads\/2021\/12\/Isvec-vize-basvuru-formu-pdf-2.pdf\" target=\"_blank\" rel=\"noreferrer noopener\">(\u0130ndirmek \u0130\u00e7in T\u0131klay\u0131n\u0131z!!)<\/a><\/strong><\/span><\/p>\n","protected":false},"excerpt":{"rendered":"<p>\u0130sve\u00e7 Vize Ba\u015fvurusu Nas\u0131l Yap\u0131l\u0131r? D\u00fcnyan\u0131n en geli\u015fmi\u015f ve en modern \u00fclkelerinden bir tanesi Avrupa Birli\u011finin en elit \u00fclkelerinden bir tanesi olan \u0130sve\u00e7 \u00fclkesidir. D\u00fcnyan\u0131n en refah d\u00fczeyi y\u00fcksek olan \u00fclkeye T\u00fcrk vatanda\u015flar\u0131 da farkl\u0131 nedenlerden \u00f6t\u00fcr\u00fc gitmek istiyorlar. Bu durumda da acaba\u00a0\u0130sve\u00e7 vize ba\u015fvurusu nas\u0131l yap\u0131l\u0131r\u00a0diye merak ediyorlar. Bu yaz\u0131da da bu konuda temel<\/p>\n","protected":false},"author":1,"featured_media":0,"parent":0,"menu_order":0,"comment_status":"closed","ping_status":"closed","template":"","meta":{"footnotes":""},"class_list":["post-665","page","type-page","status-publish","hentry"],"yoast_head":"<!-- This site is optimized with the Yoast SEO plugin v24.0 - https:\/\/yoast.com\/wordpress\/plugins\/seo\/ -->\n<title>\u0130sve\u00e7 Vize Ba\u015fvuru \u0130\u015flemleri - MyVize Vize Ba\u015fvuru Merkezi<\/title>\n<meta name=\"description\" content=\"\u0130sve\u00e7 Vize Ba\u015fvuru \u0130\u015flemleri nelerdir : nas\u0131l yap\u0131l\u0131r? \u0130sve\u00e7 Vize Ba\u015fvurusu Bilgi Almak \u0130\u00e7in Hemen Aray\u0131n: 0850 346 84 93\" \/>\n<meta name=\"robots\" content=\"index, follow, max-snippet:-1, max-image-preview:large, max-video-preview:-1\" \/>\n<link rel=\"canonical\" href=\"https:\/\/www.myvize.com.tr\/isvec\/isvec-vize-basvurusu\/\" \/>\n<meta property=\"og:locale\" content=\"tr_TR\" \/>\n<meta property=\"og:type\" content=\"article\" \/>\n<meta property=\"og:title\" content=\"\u0130sve\u00e7 Vize Ba\u015fvuru \u0130\u015flemleri - MyVize Vize Ba\u015fvuru Merkezi\" \/>\n<meta property=\"og:description\" content=\"\u0130sve\u00e7 Vize Ba\u015fvuru \u0130\u015flemleri nelerdir : nas\u0131l yap\u0131l\u0131r? \u0130sve\u00e7 Vize Ba\u015fvurusu Bilgi Almak \u0130\u00e7in Hemen Aray\u0131n: 0850 346 84 93\" \/>\n<meta property=\"og:url\" content=\"https:\/\/www.myvize.com.tr\/isvec\/isvec-vize-basvurusu\/\" \/>\n<meta property=\"og:site_name\" content=\"\u0130sve\u00e7 Vizesi\" \/>\n<meta property=\"article:modified_time\" content=\"2022-05-23T09:08:10+00:00\" \/>\n<meta property=\"og:image\" content=\"https:\/\/www.myvize.com.tr\/romanya\/wp-content\/uploads\/2021\/07\/aDOBE-LOGO-1.png\" \/>\n<meta name=\"twitter:card\" content=\"summary_large_image\" \/>\n<meta name=\"twitter:label1\" content=\"Tahmini okuma s\u00fcresi\" \/>\n\t<meta name=\"twitter:data1\" content=\"4 dakika\" \/>\n<script type=\"application\/ld+json\" class=\"yoast-schema-graph\">{\"@context\":\"https:\/\/schema.org\",\"@graph\":[{\"@type\":\"WebPage\",\"@id\":\"https:\/\/www.myvize.com.tr\/isvec\/isvec-vize-basvurusu\/\",\"url\":\"https:\/\/www.myvize.com.tr\/isvec\/isvec-vize-basvurusu\/\",\"name\":\"\u0130sve\u00e7 Vize Ba\u015fvuru \u0130\u015flemleri - MyVize Vize Ba\u015fvuru Merkezi\",\"isPartOf\":{\"@id\":\"https:\/\/www.myvize.com.tr\/isvec\/#website\"},\"primaryImageOfPage\":{\"@id\":\"https:\/\/www.myvize.com.tr\/isvec\/isvec-vize-basvurusu\/#primaryimage\"},\"image\":{\"@id\":\"https:\/\/www.myvize.com.tr\/isvec\/isvec-vize-basvurusu\/#primaryimage\"},\"thumbnailUrl\":\"https:\/\/www.myvize.com.tr\/romanya\/wp-content\/uploads\/2021\/07\/aDOBE-LOGO-1.png\",\"datePublished\":\"2021-12-18T12:24:38+00:00\",\"dateModified\":\"2022-05-23T09:08:10+00:00\",\"description\":\"\u0130sve\u00e7 Vize Ba\u015fvuru \u0130\u015flemleri nelerdir : nas\u0131l yap\u0131l\u0131r? \u0130sve\u00e7 Vize Ba\u015fvurusu Bilgi Almak \u0130\u00e7in Hemen Aray\u0131n: 0850 346 84 93\",\"breadcrumb\":{\"@id\":\"https:\/\/www.myvize.com.tr\/isvec\/isvec-vize-basvurusu\/#breadcrumb\"},\"inLanguage\":\"tr\",\"potentialAction\":[{\"@type\":\"ReadAction\",\"target\":[\"https:\/\/www.myvize.com.tr\/isvec\/isvec-vize-basvurusu\/\"]}]},{\"@type\":\"ImageObject\",\"inLanguage\":\"tr\",\"@id\":\"https:\/\/www.myvize.com.tr\/isvec\/isvec-vize-basvurusu\/#primaryimage\",\"url\":\"https:\/\/www.myvize.com.tr\/romanya\/wp-content\/uploads\/2021\/07\/aDOBE-LOGO-1.png\",\"contentUrl\":\"https:\/\/www.myvize.com.tr\/romanya\/wp-content\/uploads\/2021\/07\/aDOBE-LOGO-1.png\"},{\"@type\":\"BreadcrumbList\",\"@id\":\"https:\/\/www.myvize.com.tr\/isvec\/isvec-vize-basvurusu\/#breadcrumb\",\"itemListElement\":[{\"@type\":\"ListItem\",\"position\":1,\"name\":\"Anasayfa\",\"item\":\"https:\/\/www.myvize.com.tr\/isvec\/\"},{\"@type\":\"ListItem\",\"position\":2,\"name\":\"\u0130sve\u00e7 Vize Ba\u015fvurusu\"}]},{\"@type\":\"WebSite\",\"@id\":\"https:\/\/www.myvize.com.tr\/isvec\/#website\",\"url\":\"https:\/\/www.myvize.com.tr\/isvec\/\",\"name\":\"\u0130sve\u00e7 Vizesi\",\"description\":\"\",\"potentialAction\":[{\"@type\":\"SearchAction\",\"target\":{\"@type\":\"EntryPoint\",\"urlTemplate\":\"https:\/\/www.myvize.com.tr\/isvec\/?s={search_term_string}\"},\"query-input\":{\"@type\":\"PropertyValueSpecification\",\"valueRequired\":true,\"valueName\":\"search_term_string\"}}],\"inLanguage\":\"tr\"}]}<\/script>\n<!-- \/ Yoast SEO plugin. -->","yoast_head_json":{"title":"\u0130sve\u00e7 Vize Ba\u015fvuru \u0130\u015flemleri - MyVize Vize Ba\u015fvuru Merkezi","description":"\u0130sve\u00e7 Vize Ba\u015fvuru \u0130\u015flemleri nelerdir : nas\u0131l yap\u0131l\u0131r? \u0130sve\u00e7 Vize Ba\u015fvurusu Bilgi Almak \u0130\u00e7in Hemen Aray\u0131n: 0850 346 84 93","robots":{"index":"index","follow":"follow","max-snippet":"max-snippet:-1","max-image-preview":"max-image-preview:large","max-video-preview":"max-video-preview:-1"},"canonical":"https:\/\/www.myvize.com.tr\/isvec\/isvec-vize-basvurusu\/","og_locale":"tr_TR","og_type":"article","og_title":"\u0130sve\u00e7 Vize Ba\u015fvuru \u0130\u015flemleri - MyVize Vize Ba\u015fvuru Merkezi","og_description":"\u0130sve\u00e7 Vize Ba\u015fvuru \u0130\u015flemleri nelerdir : nas\u0131l yap\u0131l\u0131r? \u0130sve\u00e7 Vize Ba\u015fvurusu Bilgi Almak \u0130\u00e7in Hemen Aray\u0131n: 0850 346 84 93","og_url":"https:\/\/www.myvize.com.tr\/isvec\/isvec-vize-basvurusu\/","og_site_name":"\u0130sve\u00e7 Vizesi","article_modified_time":"2022-05-23T09:08:10+00:00","og_image":[{"url":"https:\/\/www.myvize.com.tr\/romanya\/wp-content\/uploads\/2021\/07\/aDOBE-LOGO-1.png","type":"","width":"","height":""}],"twitter_card":"summary_large_image","twitter_misc":{"Tahmini okuma s\u00fcresi":"4 dakika"},"schema":{"@context":"https:\/\/schema.org","@graph":[{"@type":"WebPage","@id":"https:\/\/www.myvize.com.tr\/isvec\/isvec-vize-basvurusu\/","url":"https:\/\/www.myvize.com.tr\/isvec\/isvec-vize-basvurusu\/","name":"\u0130sve\u00e7 Vize Ba\u015fvuru \u0130\u015flemleri - MyVize Vize Ba\u015fvuru Merkezi","isPartOf":{"@id":"https:\/\/www.myvize.com.tr\/isvec\/#website"},"primaryImageOfPage":{"@id":"https:\/\/www.myvize.com.tr\/isvec\/isvec-vize-basvurusu\/#primaryimage"},"image":{"@id":"https:\/\/www.myvize.com.tr\/isvec\/isvec-vize-basvurusu\/#primaryimage"},"thumbnailUrl":"https:\/\/www.myvize.com.tr\/romanya\/wp-content\/uploads\/2021\/07\/aDOBE-LOGO-1.png","datePublished":"2021-12-18T12:24:38+00:00","dateModified":"2022-05-23T09:08:10+00:00","description":"\u0130sve\u00e7 Vize Ba\u015fvuru \u0130\u015flemleri nelerdir : nas\u0131l yap\u0131l\u0131r? \u0130sve\u00e7 Vize Ba\u015fvurusu Bilgi Almak \u0130\u00e7in Hemen Aray\u0131n: 0850 346 84 93","breadcrumb":{"@id":"https:\/\/www.myvize.com.tr\/isvec\/isvec-vize-basvurusu\/#breadcrumb"},"inLanguage":"tr","potentialAction":[{"@type":"ReadAction","target":["https:\/\/www.myvize.com.tr\/isvec\/isvec-vize-basvurusu\/"]}]},{"@type":"ImageObject","inLanguage":"tr","@id":"https:\/\/www.myvize.com.tr\/isvec\/isvec-vize-basvurusu\/#primaryimage","url":"https:\/\/www.myvize.com.tr\/romanya\/wp-content\/uploads\/2021\/07\/aDOBE-LOGO-1.png","contentUrl":"https:\/\/www.myvize.com.tr\/romanya\/wp-content\/uploads\/2021\/07\/aDOBE-LOGO-1.png"},{"@type":"BreadcrumbList","@id":"https:\/\/www.myvize.com.tr\/isvec\/isvec-vize-basvurusu\/#breadcrumb","itemListElement":[{"@type":"ListItem","position":1,"name":"Anasayfa","item":"https:\/\/www.myvize.com.tr\/isvec\/"},{"@type":"ListItem","position":2,"name":"\u0130sve\u00e7 Vize Ba\u015fvurusu"}]},{"@type":"WebSite","@id":"https:\/\/www.myvize.com.tr\/isvec\/#website","url":"https:\/\/www.myvize.com.tr\/isvec\/","name":"\u0130sve\u00e7 Vizesi","description":"","potentialAction":[{"@type":"SearchAction","target":{"@type":"EntryPoint","urlTemplate":"https:\/\/www.myvize.com.tr\/isvec\/?s={search_term_string}"},"query-input":{"@type":"PropertyValueSpecification","valueRequired":true,"valueName":"search_term_string"}}],"inLanguage":"tr"}]}},"_links":{"self":[{"href":"https:\/\/www.myvize.com.tr\/isvec\/wp-json\/wp\/v2\/pages\/665","targetHints":{"allow":["GET"]}}],"collection":[{"href":"https:\/\/www.myvize.com.tr\/isvec\/wp-json\/wp\/v2\/pages"}],"about":[{"href":"https:\/\/www.myvize.com.tr\/isvec\/wp-json\/wp\/v2\/types\/page"}],"author":[{"embeddable":true,"href":"https:\/\/www.myvize.com.tr\/isvec\/wp-json\/wp\/v2\/users\/1"}],"replies":[{"embeddable":true,"href":"https:\/\/www.myvize.com.tr\/isvec\/wp-json\/wp\/v2\/comments?post=665"}],"version-history":[{"count":5,"href":"https:\/\/www.myvize.com.tr\/isvec\/wp-json\/wp\/v2\/pages\/665\/revisions"}],"predecessor-version":[{"id":802,"href":"https:\/\/www.myvize.com.tr\/isvec\/wp-json\/wp\/v2\/pages\/665\/revisions\/802"}],"wp:attachment":[{"href":"https:\/\/www.myvize.com.tr\/isvec\/wp-json\/wp\/v2\/media?parent=665"}],"curies":[{"name":"wp","href":"https:\/\/api.w.org\/{rel}","templated":true}]}}