{"id":74,"date":"2020-11-30T13:02:26","date_gmt":"2020-11-30T10:02:26","guid":{"rendered":"https:\/\/www.myvize.com.tr\/isvec\/?page_id=74"},"modified":"2022-06-23T13:02:01","modified_gmt":"2022-06-23T10:02:01","slug":"antalya-konsoloslugu","status":"publish","type":"page","link":"https:\/\/www.myvize.com.tr\/isvec\/konsolosluklar\/antalya-konsoloslugu\/","title":{"rendered":"\u0130sve\u00e7 Antalya Konsoloslu\u011fu"},"content":{"rendered":"<h2><span style=\"font-family: Roboto; font-size: 27px;\"><strong>\u0130sve\u00e7 Antalya Fahri Konsoloslu\u011fu\u00a0<\/strong><\/span><\/h2>\n<p><span style=\"font-family: Roboto; font-size: 14px;\"><strong>\u0130sve\u00e7 Antalya Fahri Konsolosluk<\/strong> ve di\u011fer \u0130sve\u00e7 temsilcili\u011fi \u0130sve\u00e7 ve T\u00fcrkiye aras\u0131nda ki uluslararas\u0131 anla\u015fma uyar\u0131nca T\u00fcrkiye Cumhuriyeti s\u0131n\u0131r\u0131 i\u00e7indeki \u0130sve\u00e7 vatanda\u015f\u0131n\u0131n vatanda\u015fl\u0131k i\u015fleminde destek olmaktad\u0131r. \u0130sve\u00e7 Antalya Fahri Konsolosluk, <strong>\u0130sve\u00e7 vizesi<\/strong> i\u015fleminde i\u015flem yetkisine sahip de\u011fildir. Ba\u015fvuru <strong>\u0130sve\u00e7 Ba\u015fkonsoloslu\u011fu<\/strong> \u0130stanbul, <strong><a href=\"https:\/\/www.myvize.com.tr\/isvec\/konsolosluklar\/ankara-buyukelciligi\/\" target=\"_blank\" rel=\"noopener\"><span style=\"color: #2acec2;\">\u0130sve\u00e7 Ankara B\u00fcy\u00fckel\u00e7ili\u011fi <\/span><\/a><\/strong>ve bu kurulu\u015fa ba\u011fl\u0131 olarak \u00e7al\u0131\u015fan vize ba\u015fvuru merkezine yap\u0131lmaktad\u0131r. \u0130sve\u00e7 vizesi onay\u0131 ve reddi karar\u0131 sadece \u0130sve\u00e7 Ba\u015fkonsolosluku ve \u0130sve\u00e7 B\u00fcy\u00fckel\u00e7ili\u011fi taraf\u0131ndan al\u0131nmakta.<\/span><br \/>\n<span style=\"font-family: Roboto; font-size: 14px;\">T\u00fcrkiye\u2019de ya\u015fayan <strong>\u0130sve\u00e7 vatanda\u015f\u0131<\/strong> evlilik, pasaport yenilemek, noter i\u015flemleri, kimlik yenilemek, do\u011fum ve \u00f6l\u00fcm kayd\u0131 i\u015flemi konusunda <strong>\u0130sve\u00e7 Antalya Fahri Konsoloslu\u011funda<\/strong> destek alabilmektedir.<\/span><br \/>\n<span style=\"font-family: Roboto; font-size: 14px;\">Adresi: Genclik Mahallesi Fevzi \u00c7akmak Cad, Mahmut \u00c7il Apt. No:79\/3 \u2013 ANTALYA<\/span><br \/>\n<span style=\"font-family: Roboto; font-size: 14px;\">\u0130sve\u00e7 Antalya Fahri Konsolosluk Pazartesi &#8211; Cuma, 09.00-17.00 saati aras\u0131nda i\u015flem yapmakta olup \u0130sve\u00e7&#8217;i ve T\u00fcrkiye\u2019deki resm\u00ee tatilde kapal\u0131d\u0131r.<\/span><br \/>\n<span style=\"font-family: Roboto; font-size: 14px;\">\u0130sve\u00e7 Antalya Fahri Konsolosluk, <strong>\u0130sve\u00e7 Ankara B\u00fcy\u00fckel\u00e7ili\u011fi<\/strong>, \u0130sve\u00e7 Antalya Ba\u015fkonsoloslu\u011fu ve T\u00fcrkiye\u2019de faaliyet g\u00f6steren di\u011fer <strong>\u0130sve\u00e7 Konsoloslu\u011fu<\/strong> \u0130sve\u00e7 ve T\u00fcrkiye taraf\u0131ndan resm\u00ee tatil olarak kabul edilen g\u00fcnlerde hizmet vermemekte. \u0130sve\u00e7 Antalya Fahri Konsolosluku belirtilen tarihlerde kapal\u0131 olacakt\u0131r.<\/span><\/p>\n<h2><strong><span style=\"font-family: Roboto; font-size: 27px;\">\u0130sve\u00e7 Antalya Konsolosu Kimdir?<\/span><\/strong><\/h2>\n<p><span style=\"font-family: Roboto; font-size: 14px;\">\u0130ki y\u00f6nl\u00fc olarak g\u00f6reve sahip olan \u0130sve\u00e7 Antalya Konsoloslu\u011fu hakk\u0131nda bilgi alabilirsiniz. K\u00fclt\u00fcrel faaliyetlerin geli\u015ftirilmesi a\u015famas\u0131nda \u00f6nemli bir yere sahip olan mercidir. Ayr\u0131ca \u0130sve\u00e7 vatanda\u015flar\u0131n\u0131n evlilik, bo\u015fanma, apostil ve pasaport gibi \u00e7e\u015fitli i\u015flemlerini ger\u00e7ekle\u015ftiren bir adrestir. Sizler de Mrs Nil Sagir taraf\u0131ndan y\u00f6netilmekte olan \u0130sve\u00e7 Antalya Konsoloslu\u011fu ile vize i\u015flemleri d\u0131\u015f\u0131nda di\u011fer ba\u015fvurular\u0131 ger\u00e7ekle\u015ftirebilirsiniz. Vize dosyalar\u0131n\u0131z\u0131 ula\u015ft\u0131rabilece\u011finiz bu adres konsolosluk ya da b\u00fcy\u00fckel\u00e7ilik mercilerinin onay\u0131na sunacakt\u0131r. Aksi durumda vize ba\u015fvurular\u0131 i\u00e7in karar verme yetkisinin bulunmad\u0131\u011f\u0131n\u0131 da belirtebiliriz.\u00a0<strong>\u0130sve\u00e7 Antalya Konsolosu Kimdir?<\/strong>\u00a0G\u00f6revi Nedir? Hangi b\u00f6lgelerde g\u00f6revlidir? Gibi pek \u00e7ok sorununu yan\u0131t\u0131n\u0131 alabilece\u011finizi ve herhangi bir a\u015famada ma\u011fduriyet ya\u015famayaca\u011f\u0131n\u0131z\u0131 da aktarmaktay\u0131z.<\/span><\/p>\n<h2><strong><span style=\"font-family: Roboto; font-size: 27px;\">\u0130sve\u00e7 Antalya Konsoloslu\u011fu Vize \u0130\u015flemleri<\/span><\/strong><\/h2>\n<p><span style=\"font-family: Roboto; font-size: 14px;\">En k\u0131sa s\u00fcrede ve h\u0131zl\u0131 \u015fekilde\u00a0<strong>\u0130sve\u00e7 Antalya Konsoloslu\u011fu vize i\u015flemleri<\/strong>\u00a0ile ilgili geli\u015fmeleri takip edebileceksiniz. A&#8217;dan Z&#8217;ye t\u00fcm s\u00fcre\u00e7 hakk\u0131nda bilgi sahibi olabilece\u011finizi de hat\u0131rlatmaktay\u0131z. \u0130\u015flemleri h\u0131zl\u0131ca tamamlaman\u0131za olanak veren adresimiz ile hangi evraklar\u0131 tamamlaman\u0131z gerekti\u011fini net bi\u00e7imde \u00f6\u011frenmi\u015f olacaks\u0131n\u0131z. Bu sayede vize i\u015flemlerinde ba\u015far\u0131l\u0131 sonu\u00e7lar\u0131 elde edebilece\u011finizi hat\u0131rlat\u0131yoruz. Kolay yoldan vize alman\u0131n yollar\u0131n\u0131 ke\u015ffetmek isteyenlerin dan\u0131\u015fmanl\u0131k hizmetlerini almalar\u0131na arac\u0131l\u0131k ediyoruz. Antalya ve \u00e7evresinde bulunan vatanda\u015flar\u0131n i\u015flemlerini ba\u015flatmalar\u0131na, randevular\u0131n\u0131 almalar\u0131na ve dosyalar\u0131n\u0131 eksiksiz bi\u00e7imde ibraz etmelerine olanak verilmektedir. G\u00fcvenilir ve kaliteli hizmetleri hemen alabilece\u011finizi ve vize evraklar\u0131n\u0131 tam olarak sunaca\u011f\u0131n\u0131z\u0131 da vurguluyoruz. Vize i\u015flemleri hakk\u0131nda merak etti\u011finiz her \u015feyi bizlere sorabilirsiniz.<\/span><\/p>\n<h2><strong><span style=\"font-family: Roboto; font-size: 27px;\">\u0130sve\u00e7 Antalya Konsoloslu\u011fu Vize Ba\u015fvurusu<\/span><\/strong><\/h2>\n<p><span style=\"font-family: Roboto; font-size: 14px;\">T\u00fcrkiye s\u0131n\u0131rlar\u0131 i\u00e7erisinde ya\u015fayan ve \u00e7e\u015fitli izinlere sahip olan \u0130sve\u00e7 vatanda\u015flar\u0131n\u0131n taleplerini yerine getiren adres konsolosluklar olacakt\u0131r. Antalya ve \u00e7evresinde ya\u015fayanlar\u0131n hangi adresler \u00fczerinden ba\u015fvuru yapabileceklerini netle\u015ftirmekteyiz. Buna g\u00f6re do\u011fum veya \u00f6l\u00fcm kay\u0131tlar\u0131, kimlik yenileme i\u015flemleri ya da pasaport yenilenmesi gibi hususlarda destek alabilece\u011finizi de vurgulamaktay\u0131z.\u00a0<strong>\u0130sve\u00e7 Antalya Konsoloslu\u011fu vize ba\u015fvurusu\u00a0<\/strong>ile hedeflerinize h\u0131zla ula\u015fabileceksiniz. Resmi tatillerde kapal\u0131 olan bu adreslere ba\u015fvuru yapmadan \u00f6nce bilgi almak istiyor olabilirsiniz. Belirli tarihlerde kapal\u0131 olmas\u0131ndan kaynakl\u0131 hangi g\u00fcn ve saatte randevu alaca\u011f\u0131n\u0131z\u0131 netle\u015ftirmeniz gerekecektir. Sizler de vize onay\u0131 veya reddi ile ilgili herhangi bir karar vermemesine kar\u015f\u0131n, dosyalar\u0131n\u0131z\u0131 kabul edecek olan bu merci \u00fczerinden ba\u015fvurular\u0131 yapabilir ve sonu\u00e7lar\u0131 alabilirsiniz.<\/span><\/p>\n<h3><strong><span style=\"font-family: Roboto; font-size: 24px;\">\u0130sve\u00e7 Antalya Konsoloslu\u011fu Vize Randevusu<\/span><\/strong><\/h3>\n<p><span style=\"font-family: Roboto; font-size: 14px;\"><strong>\u0130sve\u00e7 vizesine ba\u015fvuru yapmak<\/strong> isteyenlerin randevu almas\u0131 zorunludur. Antalya ve \u00e7evresinde bulunan vatanda\u015flar\u0131n \u0130sve\u00e7\u2019e seyahat etmelerinden \u00f6nce mutlaka olu\u015fturacaklar\u0131 vize randevusu hakk\u0131nda detayl\u0131 bilgileri vermekteyiz. Randevular\u0131n\u0131z\u0131 telefonlar ya da e-posta arac\u0131l\u0131\u011f\u0131yla olu\u015fturaca\u011f\u0131n\u0131z\u0131 da vurguluyoruz. Sizler de web sitemiz \u00fczerinden\u00a0<strong>\u0130sve\u00e7 Antalya Konsoloslu\u011fu Vize Randevusu<\/strong>\u00a0ile ilgili detaylara eri\u015febileceksiniz. S\u0131n\u0131rl\u0131 yetkiye sahip olmalar\u0131 sebebiyle vize ba\u015fvurular\u0131n\u0131 onaylamayan, ancak dosyalar\u0131 kabul eden bir merci olacakt\u0131r. Vize veya pasaport vermemesine kar\u015f\u0131n, taleplerinizi geri \u00e7evirmeyece\u011fini vurguluyoruz. Buna g\u00f6re sizler de hemen randevu i\u015flemlerini ba\u015flatabilece\u011finizi unutmamal\u0131s\u0131n\u0131z. B\u00fcy\u00fckel\u00e7ilik veya Konsolosluk arac\u0131l\u0131\u011f\u0131yla ger\u00e7ekle\u015ftirilecek ba\u015fvurular\u0131n\u0131z i\u00e7in ileti\u015fime ge\u00e7ebilir ve hemen randevular\u0131n\u0131z\u0131 ger\u00e7ekle\u015ftirebilirsiniz. Antalya\u2019daki en yak\u0131n merci \u00fczerinden ba\u015fvurular\u0131n\u0131z\u0131 h\u0131zla yapabilece\u011finizi de aktarmaktay\u0131z.<\/span><\/p>\n","protected":false},"excerpt":{"rendered":"<p>\u0130sve\u00e7 Antalya Fahri Konsoloslu\u011fu\u00a0 \u0130sve\u00e7 Antalya Fahri Konsolosluk ve di\u011fer \u0130sve\u00e7 temsilcili\u011fi \u0130sve\u00e7 ve T\u00fcrkiye aras\u0131nda ki uluslararas\u0131 anla\u015fma uyar\u0131nca T\u00fcrkiye Cumhuriyeti s\u0131n\u0131r\u0131 i\u00e7indeki \u0130sve\u00e7 vatanda\u015f\u0131n\u0131n vatanda\u015fl\u0131k i\u015fleminde destek olmaktad\u0131r. \u0130sve\u00e7 Antalya Fahri Konsolosluk, \u0130sve\u00e7 vizesi i\u015fleminde i\u015flem yetkisine sahip de\u011fildir. Ba\u015fvuru \u0130sve\u00e7 Ba\u015fkonsoloslu\u011fu \u0130stanbul, \u0130sve\u00e7 Ankara B\u00fcy\u00fckel\u00e7ili\u011fi ve bu kurulu\u015fa ba\u011fl\u0131 olarak \u00e7al\u0131\u015fan vize<\/p>\n","protected":false},"author":1,"featured_media":0,"parent":69,"menu_order":0,"comment_status":"open","ping_status":"closed","template":"","meta":{"footnotes":""},"class_list":["post-74","page","type-page","status-publish","hentry"],"yoast_head":"<!-- This site is optimized with the Yoast SEO plugin v24.0 - https:\/\/yoast.com\/wordpress\/plugins\/seo\/ -->\n<title>\u0130sve\u00e7 Antalya Fahri Konsoloslu\u011fu - MyVize<\/title>\n<meta name=\"description\" content=\"\u0130sve\u00e7 Antalya Fahri Konsoloslu\u011fu \u0130leti\u015fim Bilgileri Telefon Numaras\u0131 Mail Adresi Bilgileri \u0130\u00e7erir. \u0130sve\u00e7 Vize Dan\u0131\u015fman\u0131 \u0130\u00e7in Hemen Aray\u0131n.\" \/>\n<meta name=\"robots\" content=\"index, follow, max-snippet:-1, max-image-preview:large, max-video-preview:-1\" \/>\n<link rel=\"canonical\" href=\"https:\/\/www.myvize.com.tr\/isvec\/konsolosluklar\/antalya-konsoloslugu\/\" \/>\n<meta property=\"og:locale\" content=\"tr_TR\" \/>\n<meta property=\"og:type\" content=\"article\" \/>\n<meta property=\"og:title\" content=\"\u0130sve\u00e7 Antalya Fahri Konsoloslu\u011fu - MyVize\" \/>\n<meta property=\"og:description\" content=\"\u0130sve\u00e7 Antalya Fahri Konsoloslu\u011fu \u0130leti\u015fim Bilgileri Telefon Numaras\u0131 Mail Adresi Bilgileri \u0130\u00e7erir. \u0130sve\u00e7 Vize Dan\u0131\u015fman\u0131 \u0130\u00e7in Hemen Aray\u0131n.\" \/>\n<meta property=\"og:url\" content=\"https:\/\/www.myvize.com.tr\/isvec\/konsolosluklar\/antalya-konsoloslugu\/\" \/>\n<meta property=\"og:site_name\" content=\"\u0130sve\u00e7 Vizesi\" \/>\n<meta property=\"article:modified_time\" content=\"2022-06-23T10:02:01+00:00\" \/>\n<meta name=\"twitter:card\" content=\"summary_large_image\" \/>\n<meta name=\"twitter:label1\" content=\"Tahmini okuma s\u00fcresi\" \/>\n\t<meta name=\"twitter:data1\" content=\"3 dakika\" \/>\n<script type=\"application\/ld+json\" class=\"yoast-schema-graph\">{\"@context\":\"https:\/\/schema.org\",\"@graph\":[{\"@type\":\"WebPage\",\"@id\":\"https:\/\/www.myvize.com.tr\/isvec\/konsolosluklar\/antalya-konsoloslugu\/\",\"url\":\"https:\/\/www.myvize.com.tr\/isvec\/konsolosluklar\/antalya-konsoloslugu\/\",\"name\":\"\u0130sve\u00e7 Antalya Fahri Konsoloslu\u011fu - MyVize\",\"isPartOf\":{\"@id\":\"https:\/\/www.myvize.com.tr\/isvec\/#website\"},\"datePublished\":\"2020-11-30T10:02:26+00:00\",\"dateModified\":\"2022-06-23T10:02:01+00:00\",\"description\":\"\u0130sve\u00e7 Antalya Fahri Konsoloslu\u011fu \u0130leti\u015fim Bilgileri Telefon Numaras\u0131 Mail Adresi Bilgileri \u0130\u00e7erir. \u0130sve\u00e7 Vize Dan\u0131\u015fman\u0131 \u0130\u00e7in Hemen Aray\u0131n.\",\"breadcrumb\":{\"@id\":\"https:\/\/www.myvize.com.tr\/isvec\/konsolosluklar\/antalya-konsoloslugu\/#breadcrumb\"},\"inLanguage\":\"tr\",\"potentialAction\":[{\"@type\":\"ReadAction\",\"target\":[\"https:\/\/www.myvize.com.tr\/isvec\/konsolosluklar\/antalya-konsoloslugu\/\"]}]},{\"@type\":\"BreadcrumbList\",\"@id\":\"https:\/\/www.myvize.com.tr\/isvec\/konsolosluklar\/antalya-konsoloslugu\/#breadcrumb\",\"itemListElement\":[{\"@type\":\"ListItem\",\"position\":1,\"name\":\"Anasayfa\",\"item\":\"https:\/\/www.myvize.com.tr\/isvec\/\"},{\"@type\":\"ListItem\",\"position\":2,\"name\":\"KONSOLOSLUKLAR\",\"item\":\"https:\/\/www.myvize.com.tr\/isvec\/konsolosluklar\/\"},{\"@type\":\"ListItem\",\"position\":3,\"name\":\"\u0130sve\u00e7 Antalya Konsoloslu\u011fu\"}]},{\"@type\":\"WebSite\",\"@id\":\"https:\/\/www.myvize.com.tr\/isvec\/#website\",\"url\":\"https:\/\/www.myvize.com.tr\/isvec\/\",\"name\":\"\u0130sve\u00e7 Vizesi\",\"description\":\"\",\"potentialAction\":[{\"@type\":\"SearchAction\",\"target\":{\"@type\":\"EntryPoint\",\"urlTemplate\":\"https:\/\/www.myvize.com.tr\/isvec\/?s={search_term_string}\"},\"query-input\":{\"@type\":\"PropertyValueSpecification\",\"valueRequired\":true,\"valueName\":\"search_term_string\"}}],\"inLanguage\":\"tr\"}]}<\/script>\n<!-- \/ Yoast SEO plugin. -->","yoast_head_json":{"title":"\u0130sve\u00e7 Antalya Fahri Konsoloslu\u011fu - MyVize","description":"\u0130sve\u00e7 Antalya Fahri Konsoloslu\u011fu \u0130leti\u015fim Bilgileri Telefon Numaras\u0131 Mail Adresi Bilgileri \u0130\u00e7erir. \u0130sve\u00e7 Vize Dan\u0131\u015fman\u0131 \u0130\u00e7in Hemen Aray\u0131n.","robots":{"index":"index","follow":"follow","max-snippet":"max-snippet:-1","max-image-preview":"max-image-preview:large","max-video-preview":"max-video-preview:-1"},"canonical":"https:\/\/www.myvize.com.tr\/isvec\/konsolosluklar\/antalya-konsoloslugu\/","og_locale":"tr_TR","og_type":"article","og_title":"\u0130sve\u00e7 Antalya Fahri Konsoloslu\u011fu - MyVize","og_description":"\u0130sve\u00e7 Antalya Fahri Konsoloslu\u011fu \u0130leti\u015fim Bilgileri Telefon Numaras\u0131 Mail Adresi Bilgileri \u0130\u00e7erir. \u0130sve\u00e7 Vize Dan\u0131\u015fman\u0131 \u0130\u00e7in Hemen Aray\u0131n.","og_url":"https:\/\/www.myvize.com.tr\/isvec\/konsolosluklar\/antalya-konsoloslugu\/","og_site_name":"\u0130sve\u00e7 Vizesi","article_modified_time":"2022-06-23T10:02:01+00:00","twitter_card":"summary_large_image","twitter_misc":{"Tahmini okuma s\u00fcresi":"3 dakika"},"schema":{"@context":"https:\/\/schema.org","@graph":[{"@type":"WebPage","@id":"https:\/\/www.myvize.com.tr\/isvec\/konsolosluklar\/antalya-konsoloslugu\/","url":"https:\/\/www.myvize.com.tr\/isvec\/konsolosluklar\/antalya-konsoloslugu\/","name":"\u0130sve\u00e7 Antalya Fahri Konsoloslu\u011fu - MyVize","isPartOf":{"@id":"https:\/\/www.myvize.com.tr\/isvec\/#website"},"datePublished":"2020-11-30T10:02:26+00:00","dateModified":"2022-06-23T10:02:01+00:00","description":"\u0130sve\u00e7 Antalya Fahri Konsoloslu\u011fu \u0130leti\u015fim Bilgileri Telefon Numaras\u0131 Mail Adresi Bilgileri \u0130\u00e7erir. \u0130sve\u00e7 Vize Dan\u0131\u015fman\u0131 \u0130\u00e7in Hemen Aray\u0131n.","breadcrumb":{"@id":"https:\/\/www.myvize.com.tr\/isvec\/konsolosluklar\/antalya-konsoloslugu\/#breadcrumb"},"inLanguage":"tr","potentialAction":[{"@type":"ReadAction","target":["https:\/\/www.myvize.com.tr\/isvec\/konsolosluklar\/antalya-konsoloslugu\/"]}]},{"@type":"BreadcrumbList","@id":"https:\/\/www.myvize.com.tr\/isvec\/konsolosluklar\/antalya-konsoloslugu\/#breadcrumb","itemListElement":[{"@type":"ListItem","position":1,"name":"Anasayfa","item":"https:\/\/www.myvize.com.tr\/isvec\/"},{"@type":"ListItem","position":2,"name":"KONSOLOSLUKLAR","item":"https:\/\/www.myvize.com.tr\/isvec\/konsolosluklar\/"},{"@type":"ListItem","position":3,"name":"\u0130sve\u00e7 Antalya Konsoloslu\u011fu"}]},{"@type":"WebSite","@id":"https:\/\/www.myvize.com.tr\/isvec\/#website","url":"https:\/\/www.myvize.com.tr\/isvec\/","name":"\u0130sve\u00e7 Vizesi","description":"","potentialAction":[{"@type":"SearchAction","target":{"@type":"EntryPoint","urlTemplate":"https:\/\/www.myvize.com.tr\/isvec\/?s={search_term_string}"},"query-input":{"@type":"PropertyValueSpecification","valueRequired":true,"valueName":"search_term_string"}}],"inLanguage":"tr"}]}},"_links":{"self":[{"href":"https:\/\/www.myvize.com.tr\/isvec\/wp-json\/wp\/v2\/pages\/74","targetHints":{"allow":["GET"]}}],"collection":[{"href":"https:\/\/www.myvize.com.tr\/isvec\/wp-json\/wp\/v2\/pages"}],"about":[{"href":"https:\/\/www.myvize.com.tr\/isvec\/wp-json\/wp\/v2\/types\/page"}],"author":[{"embeddable":true,"href":"https:\/\/www.myvize.com.tr\/isvec\/wp-json\/wp\/v2\/users\/1"}],"replies":[{"embeddable":true,"href":"https:\/\/www.myvize.com.tr\/isvec\/wp-json\/wp\/v2\/comments?post=74"}],"version-history":[{"count":5,"href":"https:\/\/www.myvize.com.tr\/isvec\/wp-json\/wp\/v2\/pages\/74\/revisions"}],"predecessor-version":[{"id":821,"href":"https:\/\/www.myvize.com.tr\/isvec\/wp-json\/wp\/v2\/pages\/74\/revisions\/821"}],"up":[{"embeddable":true,"href":"https:\/\/www.myvize.com.tr\/isvec\/wp-json\/wp\/v2\/pages\/69"}],"wp:attachment":[{"href":"https:\/\/www.myvize.com.tr\/isvec\/wp-json\/wp\/v2\/media?parent=74"}],"curies":[{"name":"wp","href":"https:\/\/api.w.org\/{rel}","templated":true}]}}