{"id":80,"date":"2020-11-30T13:04:17","date_gmt":"2020-11-30T10:04:17","guid":{"rendered":"https:\/\/www.myvize.com.tr\/isvec\/?page_id=80"},"modified":"2022-04-14T14:34:09","modified_gmt":"2022-04-14T11:34:09","slug":"kayseri-fahri-konsoloslugu","status":"publish","type":"page","link":"https:\/\/www.myvize.com.tr\/isvec\/konsolosluklar\/kayseri-fahri-konsoloslugu\/","title":{"rendered":"\u0130sve\u00e7 Kayseri Konsoloslu\u011fu"},"content":{"rendered":"<h2><span style=\"font-family: Roboto; font-size: 27px;\"><strong>\u0130sve\u00e7 Kayseri Fahri Konsoloslu\u011fu Hakk\u0131nda<\/strong><\/span><\/h2>\n<p><span style=\"font-family: Roboto; font-size: 15px;\"><strong>\u0130sve\u00e7 Kayseri Fahri Konsolosluk<\/strong> vize ba\u015fvurusunu kabul etme yetkisine sahip de\u011fil. Vize ba\u015fvurusunu \u0130sve\u00e7 B\u00fcy\u00fckel\u00e7ili\u011fine ya da ba\u015fkonsoloslu\u011fa y\u00f6nlendirmektedir. <strong>\u0130sve\u00e7 Vizesi ba\u015fvurusu<\/strong> yetkilendirilmi\u015f vize ba\u015fvuru merkezine yap\u0131lmaktad\u0131r. \u0130sve\u00e7 bir Schengen \u00fclkesidir. Ondan dolay\u0131 vize ba\u015fvurusu Schengen vize ba\u015fvuru kural\u0131na g\u00f6re kabul edilmektedir.<\/span><\/p>\n<p><span style=\"font-family: Roboto; font-size: 15px;\">\u0130sve\u00e7 Kayseri Fahri Konsoloslu\u011fu, hafta i\u00e7i her g\u00fcn 08.00- 16.00 saati aras\u0131nda \u00e7al\u0131\u015fmakta. T\u00fcrkiye resm\u00ee tatili ve \u0130sve\u00e7 resm\u00ee tatilinde hizmet vermemektedir. <strong>\u0130sve\u00e7 Kayseri Fahri Konsolosluk<\/strong>u, T\u00fcrkiye\u2019de bulunan \u0130sve\u00e7 Fahri Konsoloslu\u011funda birisidir. \u0130sve\u00e7 Kayseri Fahri Konsolosluku, <span style=\"color: #2acec2;\"><strong><a style=\"color: #2acec2;\" href=\"https:\/\/www.myvize.com.tr\/isvec\/subelerimiz\/kayseri\/\" target=\"_blank\" rel=\"noopener\">Kayseri<\/a><\/strong><\/span> ve \u00e7evresi de \u00e7al\u0131\u015fma y\u00fcr\u00fctmektedir. <\/span><\/p>\n<p><span style=\"font-family: Roboto; font-size: 15px;\"><strong>\u0130sve\u00e7 Kayseri Fahri konsoloslu\u011fu<\/strong> amac\u0131 \u0130sve\u00e7 ile b\u00f6lge ticari ili\u015fkisini geli\u015ftirmektir. Fahri konsolosluk \u00e7al\u0131\u015fan\u0131n\u0131n ve fahri konsolosuk \u0130sve\u00e7 vatanda\u015f\u0131 olma zorunluluklar\u0131 yoktur. Fahri konsoloslu\u011fu diplomat ve siyasal bir yetkisi bulunmamakta. Ayn\u0131 zamanda do\u011frudan \u0130sve\u00e7 d\u0131\u015f i\u015flerine ba\u011fl\u0131 de\u011fildir.<strong> \u0130sve\u00e7&#8217;in Kayseri&#8217;deki Fahri Konsoloslu\u011fu<\/strong>, \u0130sve\u00e7 vatanda\u015f\u0131na pasaport, do\u011fum, \u00f6l\u00fcm, kimlik de\u011fi\u015ftirmek gibi i\u015flemlerde yard\u0131mc\u0131 olmakta. Ayr\u0131ca T\u00fcrkiye ile \u0130sve\u00e7 aras\u0131nda ki ticari, k\u00fclt\u00fcrel, ekonomi, sosyal, siyasal ili\u015fkiyi geli\u015ftirmeyi ama\u00e7lar. Ancak hi\u00e7bir diplomat yetkisi bulunmamaktad\u0131r.<\/span><\/p>\n<h2><span style=\"font-family: Roboto; font-size: 27px;\"><strong>\u0130sve\u00e7 Kayseri Fahri Konsoloslu\u011fu Ba\u015fvurusu<\/strong><\/span><\/h2>\n<p><span style=\"font-family: Roboto; font-size: 15px;\"><strong>\u0130sve\u00e7 Kayseri Fahri Konsoloslu\u011fu<\/strong> ba\u015fvuru i\u015flemleri ba\u015flatmak istiyorsan\u0131z randevu almal\u0131s\u0131n\u0131z. Ancak fahri konsolosluklar vize verme yetkisine sahip olmad\u0131\u011f\u0131ndan vize ba\u015fvurusu yapacaksan\u0131z Kayseri Fahri Konsoloslu\u011fu\u2019ndan de\u011fil, \u0130sve\u00e7 Ankara B\u00fcy\u00fckel\u00e7ili\u011fi\u2019nden randevu alman\u0131z gerekir. Ba\u015fvurular\u0131n\u0131z\u0131 bir vize ba\u015fvuru merkezi ile y\u00fcr\u00fctmeniz size <strong>\u0130sve\u00e7 vizesi alma<\/strong> s\u00fcrecinde b\u00fcy\u00fck katk\u0131 sa\u011flayacakt\u0131r. \u00d6zellikle \u0130sve\u00e7 vizesi i\u00e7in gerekli evraklar\u0131n haz\u0131rlanmas\u0131nda profesyonel bir deste\u011fe ihtiya\u00e7 duyman\u0131z olas\u0131d\u0131r. Vize evraklar\u0131n\u0131n konsolosluk ya da b\u00fcy\u00fckel\u00e7ilik taleplerine uygun haz\u0131rlanmamas\u0131 vize reddi ile kar\u015f\u0131la\u015fman\u0131za neden olabilmektedir. Bu da \u0130sve\u00e7 vize ba\u015fvuru s\u00fcrecinizin ba\u015ftan ba\u015flamas\u0131 gerekti\u011fi anlam\u0131na gelecektir. \u0130sve\u00e7 vize ba\u015fvurusu s\u0131ras\u0131nda \u00f6deyece\u011finiz vize \u00fccreti ve di\u011fer t\u00fcm masraflar da yeniden devreye girecektir. \u00c7\u00fcnk\u00fc hi\u00e7bir konsolosluk ya da b\u00fcy\u00fckel\u00e7ilik, vize ba\u015fvurusu s\u0131ras\u0131nda \u00f6dedi\u011finiz har\u00e7 \u00fccretlerinin iadesini yapmaz. Her bir vize ba\u015fvurusu yeni bir konsolosluk \u00fccreti \u00f6deyece\u011finiz anlam\u0131na gelir. Bu hem vakit kayb\u0131 hem de vize masraflar\u0131n\u0131z\u0131n a\u015f\u0131r\u0131 oranda artmas\u0131 demektir. Bu y\u00fczden <strong>\u0130sve\u00e7 Kayseri Fahri Konsoloslu\u011fu<\/strong> ile vize ba\u015fvurusu yapamayaca\u011f\u0131n\u0131z\u0131 unutmadan hemen MyVize ile ileti\u015fime ge\u00e7meniz \u00f6nerilir.<\/span><\/p>\n<p><span style=\"font-family: Roboto; font-size: 15px;\">MyVize, <strong>\u0130sve\u00e7 Kayseri Fahri Konsoloslu\u011fu<\/strong>\u2019nun aksine b\u00fcy\u00fckel\u00e7ilikle sizin i\u00e7in vize randevusu almak amac\u0131yla ileti\u015fime ge\u00e7ebilir. Sizin i\u00e7in gerekli t\u00fcm vize evraklar\u0131n\u0131 haz\u0131rlayabilir ve sizin ad\u0131n\u0131za vize ba\u015fvurusunda bulunabilir. \u0130sve\u00e7\u2019in Kayseri\u2019deki fahri konsoloslu\u011fu ile y\u00fcr\u00fctebilece\u011finiz ba\u015fvuru i\u015flemleri olduk\u00e7a s\u0131n\u0131rl\u0131d\u0131r. Bunlar standart vatanda\u015fl\u0131k i\u015flemleri, do\u011fum, pasaport, ikamet, kimlik kart\u0131, emeklilik ve di\u011fer bir\u00e7ok y\u00fczeysel resm\u00ee i\u015flemden olu\u015fmaktad\u0131r.<\/span><\/p>\n<h2><span style=\"font-family: Roboto; font-size: 27px;\"><strong>\u0130sve\u00e7 Kayseri Fahri Konsoloslu\u011fu Vize Ba\u015fvuru \u0130\u015flemleri<\/strong><\/span><\/h2>\n<p><span style=\"font-family: Roboto; font-size: 15px;\"><strong>\u0130sve\u00e7 Kayseri Fahri Konsoloslu\u011fu<\/strong> vize ba\u015fvurusu kabul etmez. Vize verme yetkisi bulunmayan <strong>\u0130sve\u00e7 Kayseri Fahri Konsoloslu\u011fu<\/strong>\u2019nun yerine Kayseri i\u00e7inde ya\u015fayanlar MyVize ya da Ankara B\u00fcy\u00fckel\u00e7ili\u011fi ile ileti\u015fime ge\u00e7erek vize ba\u015fvurusu yapabilirler. Vize i\u00e7in ba\u015fvuruda bulunmadan \u00f6nce yap\u0131lmas\u0131 gerekenler hakk\u0131nda detayl\u0131 bilgi yine MyVize ile ileti\u015fime ge\u00e7ilerek \u00f6\u011frenilebilir.<\/span><\/p>\n<p><span style=\"font-family: Roboto; font-size: 15px;\"><strong>\u0130sve\u00e7 Kayseri Fahri Konsoloslu\u011fu<\/strong> ile vize ba\u015fvurusu yapmak isteyenler i\u00e7in en uygun yol, \u0130sve\u00e7 vize merkezlerimizden birine gelerek dan\u0131\u015fmanl\u0131k hizmeti almakt\u0131r. K\u00fc\u00e7\u00fck bir dan\u0131\u015fmanl\u0131k bedeli kar\u015f\u0131l\u0131\u011f\u0131nda, bu kurulu\u015flar\u0131n \u00e7al\u0131\u015fanlar\u0131 t\u00fcm evraklar\u0131n mevcudiyetini, gerekliliklere uygunlu\u011funu kontrol edecek ve vize evraklar\u0131n\u0131z\u0131 m\u00fcmk\u00fcn olan en k\u0131sa s\u00fcrede de\u011ferlendirilmek \u00fczere \u0130sve\u00e7 B\u00fcy\u00fckel\u00e7ili\u011fi\u2019ne g\u00f6nderecektir.<\/span><\/p>\n<p><span style=\"font-family: Roboto; font-size: 15px;\"><strong>\u0130sve\u00e7 Kayseri Fahri Konsoloslu\u011fu<\/strong> vize ba\u015fvurusu almad\u0131\u011f\u0131 i\u00e7in b\u00fcy\u00fckel\u00e7ili\u011fe teslim etmeniz gereken \u00f6nemli evraklar \u015f\u00f6yle s\u0131ralanabilir:<\/span><\/p>\n<ul>\n<li><span style=\"font-family: Roboto; font-size: 15px;\"><strong>\u0130sve\u00e7 Vize Ba\u015fvuru Formu: <\/strong>\u0130ngilizce veya \u0130sve\u00e7\u00e7e doldurulur ve ba\u015fvuru sahibi taraf\u0131ndan \u015fahsen imzalan\u0131r (\u00e7ocu\u011fun ebeveyn taraf\u0131ndan imzalanm\u0131\u015f bir ankete de ihtiyac\u0131 olacakt\u0131r);<\/span><\/li>\n<li><span style=\"font-family: Roboto; font-size: 15px;\"><strong>Uluslararas\u0131 pasaport:<\/strong> Ge\u00e7erlilik s\u00fcresi &#8211; seyahatin biti\u015f tarihinden itibaren en az \u00fc\u00e7 ay, sahibinin imzas\u0131n\u0131n bulunmas\u0131 ve en az iki bo\u015f sayfa gereklidir.<\/span><\/li>\n<li><span style=\"font-family: Roboto; font-size: 15px;\">Pasaport fotokopisi: Pasaportun ilk sayfas\u0131 + t\u00fcm eski Schengen vizelerinin fotokopileri<\/span><\/li>\n<li><span style=\"font-family: Roboto; font-size: 15px;\">Foto\u011fraf: Bir foto\u011fraf<strong> 3,5 x 4,5 cm<\/strong> (a\u015fa\u011f\u0131daki foto\u011fraf gereksinimlerine bak\u0131n);<\/span><\/li>\n<li><span style=\"font-family: Roboto; font-size: 15px;\">C. pasaport fotokopisi: Giri\u015fleri veya damgalar\u0131 olan i\u00e7 pasaportun t\u00fcm sayfalar\u0131.<\/span><\/li>\n<li><span style=\"font-family: Roboto; font-size: 15px;\">Gidi\u015f d\u00f6n\u00fc\u015f u\u00e7ak biletleriniz: Her iki y\u00f6nde de herhangi bir ula\u015f\u0131m t\u00fcr\u00fc i\u00e7in u\u00e7ak biletlerinin veya biletlerin fotokopisi.<\/span><\/li>\n<li><span style=\"font-family: Roboto; font-size: 15px;\">Otel rezervasyonlar\u0131n\u0131n fotokopisi: Rezervasyon yap\u0131lan otel \/ pansiyon odas\u0131n\u0131n teyidi. Belge, gelen ailenin \/ \u015firketin t\u00fcm \u00fcyelerini ve konaklama \u00f6demesi hakk\u0131nda bilgileri i\u00e7ermelidir;<\/span><\/li>\n<li><span style=\"font-family: Roboto; font-size: 15px;\">\u0130\u015f yerinizden belgeler: \u00d6ng\u00f6r\u00fclen pozisyon ve maa\u015f\u0131n\u0131z ile ilgili detayl\u0131 bilgiler. Giri\u015fimciler i\u00e7in &#8211; \u015firket tescil belgesinin fotokopisi ve vergi \u00f6deme belgesinin bir kopyas\u0131 (vergi beyannamesi)<\/span><\/li>\n<li><span style=\"font-family: Roboto; font-size: 15px;\">Banka hesap durumu: Hesap ekstresi 6 aydan daha eski olmamal\u0131d\u0131r ve mutlaka banka taraf\u0131ndan ka\u015feli ve imzal\u0131 olmal\u0131d\u0131r. Bankada yeterli miktarda paran\u0131z\u0131n da bulunmas\u0131 gerekir.<\/span><\/li>\n<li><span style=\"font-family: Roboto; font-size: 15px;\">\u00d6\u011frenciler i\u00e7in: \u00d6\u011frenim yerinden al\u0131nan sertifika, sponsorun genel medeni pasaportunun fotokopisi ile birlikte sponsorluk mektubu, \u00e7al\u0131\u015fma belgesi \/ sponsorun hesab\u0131ndan al\u0131nan beyan (genel kurallara g\u00f6re d\u00fczenlenmi\u015f)<\/span><\/li>\n<li><span style=\"font-family: Roboto; font-size: 15px;\">Sa\u011fl\u0131k Sigortas\u0131<\/span><\/li>\n<li><span style=\"font-family: Roboto; font-size: 15px;\">Schengen b\u00f6lgesi boyunca ve seyahatin tamam\u0131 boyunca ge\u00e7erli sa\u011fl\u0131k sigortas\u0131 (sigorta kapsam\u0131 en az 30.000 eurodur)<\/span><\/li>\n<li><span style=\"font-family: Roboto; font-size: 15px;\">Ticari vize i\u00e7in: davetiye ve s\u00f6zle\u015fmenin bir kopyas\u0131. Ev sahibinden, ziyaretin amac\u0131 ve zamanlamas\u0131 ile \u0130sve\u00e7&#8217;te kal\u0131\u015f s\u00fcresi i\u00e7in t\u00fcm masraflar\u0131 kimin \u00f6dedi\u011fi hakk\u0131nda bilgi i\u00e7eren bir davetiyeye ihtiyac\u0131n\u0131z var;<\/span><\/li>\n<li><span style=\"font-family: Roboto; font-size: 15px;\">\u00d6zel ziyaret i\u00e7in: davetiye ve\/veya akrabal\u0131k kan\u0131t\u0131. Akrabalar\u0131 \/ arkada\u015flar\u0131 ziyaret etmek i\u00e7in &#8211; davetiye, \u0130sve\u00e7&#8217;te yasal ikamet izni ve akrabal\u0131k kan\u0131t\u0131<\/span><\/li>\n<\/ul>\n<h2><span style=\"font-family: Roboto; font-size: 27px;\"><strong>\u0130sve\u00e7 Kayseri Fahri Konsoloslu\u011fu Randevu<\/strong><\/span><\/h2>\n<p><span style=\"font-family: Roboto; font-size: 15px;\"><strong>\u0130sve\u00e7 vize<\/strong> ba\u015fvurunuzu Kayseri\u2019den yapmak istiyorsan\u0131z \u00f6ncelikle \u0130sve\u00e7 Fahri Konsoloslu\u011fu\u2019ndan randevu alman\u0131z gerekir. Randevu olu\u015fturma i\u015flemi t\u0131pk\u0131 di\u011fer konsolosluklarda oldu\u011fu gibidir: Konsoloslu\u011fun ilgili departman\u0131na ula\u015f\u0131m sa\u011flayarak konsolosluk randevusu alabilirsiniz.<\/span><\/p>\n<p><span style=\"font-family: Roboto; font-size: 15px;\"><span style=\"color: #2acec2;\"><strong><a style=\"color: #2acec2;\" href=\"https:\/\/www.myvize.com.tr\/isvec\/vize-islemleri\/\" target=\"_blank\" rel=\"noopener\">\u0130sve\u00e7 vize i\u015flemleri<\/a><\/strong><\/span> T\u00fcrkiye\u2019nin herhangi bir ilinden ger\u00e7ekle\u015ftirilebilir. B\u00fcy\u00fckel\u00e7ilikler ve konsolosluklar, b\u00fcy\u00fck \u015fehirlerde, kom\u015fu iller i\u00e7in de hizmet vermektedir. Ancak vize verme yetkisi baz\u0131 fahri konsolosluklarda bulunmaz. <strong>\u0130sve\u00e7 Kayseri Fahri Konsoloslu\u011fu<\/strong> da vize verme yetkisine sahip de\u011fildir. Bu y\u00fczden Kayseri\u2019yi g\u00f6rev alan\u0131ndaki \u015fehir olarak belirlemi\u015f \u0130sve\u00e7 Ankara B\u00fcy\u00fckel\u00e7ili\u011fi\u2019nden randevu almak gerekir. \u0130sve\u00e7 vize ba\u015fvurular\u0131n\u0131z\u0131 Kayseri\u2019den yapmak i\u00e7in Ankara B\u00fcy\u00fckel\u00e7ili\u011fi\u2019nden randevu alabilirsiniz.<\/span><\/p>\n<h3><span style=\"font-family: Roboto; font-size: 24px;\"><strong>\u0130sve\u00e7 Kayseri Fahri Konsoloslu\u011fu Vize Randevusu \u0130\u015flemleri<\/strong><\/span><\/h3>\n<p><span style=\"font-family: Roboto; font-size: 15px;\">Schengen b\u00f6lgesi \u00fclkelerinden <strong>\u0130sve\u00e7\u2019e seyahat etmek<\/strong> i\u00e7in Kayseri\u2019de bulunan vatanda\u015flar <strong>\u0130sve\u00e7 Kayseri Fahri Konsoloslu\u011fu<\/strong>\u2019na vize randevusu yapmaktad\u0131r. Ancak \u0130sve\u00e7\u2019in Kayseri Fahri Konsoloslu\u011fu vize randevusu vermez. Bunun yerine Kayseri\u2019de ya\u015fayan t\u00fcm vatanda\u015flar \u0130sve\u00e7 Ankara B\u00fcy\u00fckel\u00e7ili\u011fi\u2019ne vize randevusu i\u00e7in ula\u015fmal\u0131d\u0131r. \u0130sve\u00e7 vizesi i\u00e7in belirli ba\u015fvuru prosed\u00fcrleri vard\u0131r.<\/span><\/p>\n<p><span style=\"font-family: Roboto; font-size: 15px;\">Bunlardan en \u00f6nemlisi bir vize ba\u015fvuru merkezi ile ileti\u015fime ge\u00e7erek vize evraklar\u0131n\u0131 haz\u0131rlamakt\u0131r. <a href=\"https:\/\/www.myvize.com.tr\/\" target=\"_blank\" rel=\"noopener\"><strong>MyVize<\/strong><\/a>\u2019ye<span style=\"color: #2acec2;\"><strong><a style=\"color: #2acec2;\" href=\"https:\/\/www.myvize.com.tr\/isvec\/vize-islemleri\/isvec-vize-randevusu\/\" target=\"_blank\" rel=\"noopener\"> \u0130sve\u00e7 vize randevusu<\/a><\/strong><\/span> almak i\u00e7in Kayseri\u2019den ula\u015f\u0131m sa\u011flaman\u0131z size vakit kazand\u0131racakt\u0131r. \u00c7\u00fcnk\u00fc <strong>\u0130sve\u00e7 B\u00fcy\u00fckel\u00e7ili\u011fi<\/strong> randevu s\u00fcrecini \u00e7al\u0131\u015fma saatlerindeki yo\u011funlu\u011fa ba\u011fl\u0131 olarak uzatabilmektedir. \u0130sve\u00e7 vizesine Kayseri Fahri Konsoloslu\u011fu ile vize randevusu olu\u015fturarak ba\u015fvuru yapmak isteyenler bu y\u00fczden vakit kaybetmeden <strong>MyVize<\/strong>\u2019yi aramal\u0131d\u0131r. MyVize sizin i\u00e7in en uygun vize randevusunu almak i\u00e7in dan\u0131\u015fmanlar\u0131 arac\u0131l\u0131\u011f\u0131yla b\u00fcy\u00fckel\u00e7ili\u011fe ula\u015facakt\u0131r.<\/span><\/p>\n<p><span style=\"font-family: Roboto; font-size: 15px;\">14 Eyl\u00fcl 2015 tarihinden sonra ilk kez k\u0131sa s\u00fcreli \u0130sve\u00e7 Schengen vizesi alabilmek i\u00e7in, t\u00fcm ba\u015fvuru sahiplerinin biyometrik veri sa\u011flamak \u00fczere konsolosluk veya yetkili vize merkezine \u015fahsen gelmeleri gerekmektedir. 12 ya\u015f\u0131ndan k\u00fc\u00e7\u00fck \u00e7ocuklar\u0131n parmak izi vermesine gerek yoktur.<\/span><\/p>\n","protected":false},"excerpt":{"rendered":"<p>\u0130sve\u00e7 Kayseri Fahri Konsoloslu\u011fu Hakk\u0131nda \u0130sve\u00e7 Kayseri Fahri Konsolosluk vize ba\u015fvurusunu kabul etme yetkisine sahip de\u011fil. Vize ba\u015fvurusunu \u0130sve\u00e7 B\u00fcy\u00fckel\u00e7ili\u011fine ya da ba\u015fkonsoloslu\u011fa y\u00f6nlendirmektedir. \u0130sve\u00e7 Vizesi ba\u015fvurusu yetkilendirilmi\u015f vize ba\u015fvuru merkezine yap\u0131lmaktad\u0131r. \u0130sve\u00e7 bir Schengen \u00fclkesidir. Ondan dolay\u0131 vize ba\u015fvurusu Schengen vize ba\u015fvuru kural\u0131na g\u00f6re kabul edilmektedir. \u0130sve\u00e7 Kayseri Fahri Konsoloslu\u011fu, hafta i\u00e7i her g\u00fcn<\/p>\n","protected":false},"author":1,"featured_media":0,"parent":69,"menu_order":0,"comment_status":"open","ping_status":"closed","template":"","meta":{"footnotes":""},"class_list":["post-80","page","type-page","status-publish","hentry"],"yoast_head":"<!-- This site is optimized with the Yoast SEO plugin v24.0 - https:\/\/yoast.com\/wordpress\/plugins\/seo\/ -->\n<title>\u0130sve\u00e7 Kayseri Fahri Konsoloslu\u011fu - MyVize<\/title>\n<meta name=\"description\" content=\"\u0130sve\u00e7 Kayseri Fahri Konsoloslu\u011fu \u0130leti\u015fim Bilgileri Telefon Numaras\u0131 Mail Adresi Bilgileri \u0130\u00e7erir. \u0130sve\u00e7 Vize Dan\u0131\u015fman\u0131 \u0130\u00e7in Hemen Aray\u0131n.\" \/>\n<meta name=\"robots\" content=\"index, follow, max-snippet:-1, max-image-preview:large, max-video-preview:-1\" \/>\n<link rel=\"canonical\" href=\"https:\/\/www.myvize.com.tr\/isvec\/konsolosluklar\/kayseri-fahri-konsoloslugu\/\" \/>\n<meta property=\"og:locale\" content=\"tr_TR\" \/>\n<meta property=\"og:type\" content=\"article\" \/>\n<meta property=\"og:title\" content=\"\u0130sve\u00e7 Kayseri Fahri Konsoloslu\u011fu - MyVize\" \/>\n<meta property=\"og:description\" content=\"\u0130sve\u00e7 Kayseri Fahri Konsoloslu\u011fu \u0130leti\u015fim Bilgileri Telefon Numaras\u0131 Mail Adresi Bilgileri \u0130\u00e7erir. \u0130sve\u00e7 Vize Dan\u0131\u015fman\u0131 \u0130\u00e7in Hemen Aray\u0131n.\" \/>\n<meta property=\"og:url\" content=\"https:\/\/www.myvize.com.tr\/isvec\/konsolosluklar\/kayseri-fahri-konsoloslugu\/\" \/>\n<meta property=\"og:site_name\" content=\"\u0130sve\u00e7 Vizesi\" \/>\n<meta property=\"article:modified_time\" content=\"2022-04-14T11:34:09+00:00\" \/>\n<meta name=\"twitter:card\" content=\"summary_large_image\" \/>\n<meta name=\"twitter:label1\" content=\"Tahmini okuma s\u00fcresi\" \/>\n\t<meta name=\"twitter:data1\" content=\"5 dakika\" \/>\n<script type=\"application\/ld+json\" class=\"yoast-schema-graph\">{\"@context\":\"https:\/\/schema.org\",\"@graph\":[{\"@type\":\"WebPage\",\"@id\":\"https:\/\/www.myvize.com.tr\/isvec\/konsolosluklar\/kayseri-fahri-konsoloslugu\/\",\"url\":\"https:\/\/www.myvize.com.tr\/isvec\/konsolosluklar\/kayseri-fahri-konsoloslugu\/\",\"name\":\"\u0130sve\u00e7 Kayseri Fahri Konsoloslu\u011fu - MyVize\",\"isPartOf\":{\"@id\":\"https:\/\/www.myvize.com.tr\/isvec\/#website\"},\"datePublished\":\"2020-11-30T10:04:17+00:00\",\"dateModified\":\"2022-04-14T11:34:09+00:00\",\"description\":\"\u0130sve\u00e7 Kayseri Fahri Konsoloslu\u011fu \u0130leti\u015fim Bilgileri Telefon Numaras\u0131 Mail Adresi Bilgileri \u0130\u00e7erir. \u0130sve\u00e7 Vize Dan\u0131\u015fman\u0131 \u0130\u00e7in Hemen Aray\u0131n.\",\"breadcrumb\":{\"@id\":\"https:\/\/www.myvize.com.tr\/isvec\/konsolosluklar\/kayseri-fahri-konsoloslugu\/#breadcrumb\"},\"inLanguage\":\"tr\",\"potentialAction\":[{\"@type\":\"ReadAction\",\"target\":[\"https:\/\/www.myvize.com.tr\/isvec\/konsolosluklar\/kayseri-fahri-konsoloslugu\/\"]}]},{\"@type\":\"BreadcrumbList\",\"@id\":\"https:\/\/www.myvize.com.tr\/isvec\/konsolosluklar\/kayseri-fahri-konsoloslugu\/#breadcrumb\",\"itemListElement\":[{\"@type\":\"ListItem\",\"position\":1,\"name\":\"Anasayfa\",\"item\":\"https:\/\/www.myvize.com.tr\/isvec\/\"},{\"@type\":\"ListItem\",\"position\":2,\"name\":\"KONSOLOSLUKLAR\",\"item\":\"https:\/\/www.myvize.com.tr\/isvec\/konsolosluklar\/\"},{\"@type\":\"ListItem\",\"position\":3,\"name\":\"\u0130sve\u00e7 Kayseri Konsoloslu\u011fu\"}]},{\"@type\":\"WebSite\",\"@id\":\"https:\/\/www.myvize.com.tr\/isvec\/#website\",\"url\":\"https:\/\/www.myvize.com.tr\/isvec\/\",\"name\":\"\u0130sve\u00e7 Vizesi\",\"description\":\"\",\"potentialAction\":[{\"@type\":\"SearchAction\",\"target\":{\"@type\":\"EntryPoint\",\"urlTemplate\":\"https:\/\/www.myvize.com.tr\/isvec\/?s={search_term_string}\"},\"query-input\":{\"@type\":\"PropertyValueSpecification\",\"valueRequired\":true,\"valueName\":\"search_term_string\"}}],\"inLanguage\":\"tr\"}]}<\/script>\n<!-- \/ Yoast SEO plugin. -->","yoast_head_json":{"title":"\u0130sve\u00e7 Kayseri Fahri Konsoloslu\u011fu - MyVize","description":"\u0130sve\u00e7 Kayseri Fahri Konsoloslu\u011fu \u0130leti\u015fim Bilgileri Telefon Numaras\u0131 Mail Adresi Bilgileri \u0130\u00e7erir. \u0130sve\u00e7 Vize Dan\u0131\u015fman\u0131 \u0130\u00e7in Hemen Aray\u0131n.","robots":{"index":"index","follow":"follow","max-snippet":"max-snippet:-1","max-image-preview":"max-image-preview:large","max-video-preview":"max-video-preview:-1"},"canonical":"https:\/\/www.myvize.com.tr\/isvec\/konsolosluklar\/kayseri-fahri-konsoloslugu\/","og_locale":"tr_TR","og_type":"article","og_title":"\u0130sve\u00e7 Kayseri Fahri Konsoloslu\u011fu - MyVize","og_description":"\u0130sve\u00e7 Kayseri Fahri Konsoloslu\u011fu \u0130leti\u015fim Bilgileri Telefon Numaras\u0131 Mail Adresi Bilgileri \u0130\u00e7erir. \u0130sve\u00e7 Vize Dan\u0131\u015fman\u0131 \u0130\u00e7in Hemen Aray\u0131n.","og_url":"https:\/\/www.myvize.com.tr\/isvec\/konsolosluklar\/kayseri-fahri-konsoloslugu\/","og_site_name":"\u0130sve\u00e7 Vizesi","article_modified_time":"2022-04-14T11:34:09+00:00","twitter_card":"summary_large_image","twitter_misc":{"Tahmini okuma s\u00fcresi":"5 dakika"},"schema":{"@context":"https:\/\/schema.org","@graph":[{"@type":"WebPage","@id":"https:\/\/www.myvize.com.tr\/isvec\/konsolosluklar\/kayseri-fahri-konsoloslugu\/","url":"https:\/\/www.myvize.com.tr\/isvec\/konsolosluklar\/kayseri-fahri-konsoloslugu\/","name":"\u0130sve\u00e7 Kayseri Fahri Konsoloslu\u011fu - MyVize","isPartOf":{"@id":"https:\/\/www.myvize.com.tr\/isvec\/#website"},"datePublished":"2020-11-30T10:04:17+00:00","dateModified":"2022-04-14T11:34:09+00:00","description":"\u0130sve\u00e7 Kayseri Fahri Konsoloslu\u011fu \u0130leti\u015fim Bilgileri Telefon Numaras\u0131 Mail Adresi Bilgileri \u0130\u00e7erir. \u0130sve\u00e7 Vize Dan\u0131\u015fman\u0131 \u0130\u00e7in Hemen Aray\u0131n.","breadcrumb":{"@id":"https:\/\/www.myvize.com.tr\/isvec\/konsolosluklar\/kayseri-fahri-konsoloslugu\/#breadcrumb"},"inLanguage":"tr","potentialAction":[{"@type":"ReadAction","target":["https:\/\/www.myvize.com.tr\/isvec\/konsolosluklar\/kayseri-fahri-konsoloslugu\/"]}]},{"@type":"BreadcrumbList","@id":"https:\/\/www.myvize.com.tr\/isvec\/konsolosluklar\/kayseri-fahri-konsoloslugu\/#breadcrumb","itemListElement":[{"@type":"ListItem","position":1,"name":"Anasayfa","item":"https:\/\/www.myvize.com.tr\/isvec\/"},{"@type":"ListItem","position":2,"name":"KONSOLOSLUKLAR","item":"https:\/\/www.myvize.com.tr\/isvec\/konsolosluklar\/"},{"@type":"ListItem","position":3,"name":"\u0130sve\u00e7 Kayseri Konsoloslu\u011fu"}]},{"@type":"WebSite","@id":"https:\/\/www.myvize.com.tr\/isvec\/#website","url":"https:\/\/www.myvize.com.tr\/isvec\/","name":"\u0130sve\u00e7 Vizesi","description":"","potentialAction":[{"@type":"SearchAction","target":{"@type":"EntryPoint","urlTemplate":"https:\/\/www.myvize.com.tr\/isvec\/?s={search_term_string}"},"query-input":{"@type":"PropertyValueSpecification","valueRequired":true,"valueName":"search_term_string"}}],"inLanguage":"tr"}]}},"_links":{"self":[{"href":"https:\/\/www.myvize.com.tr\/isvec\/wp-json\/wp\/v2\/pages\/80","targetHints":{"allow":["GET"]}}],"collection":[{"href":"https:\/\/www.myvize.com.tr\/isvec\/wp-json\/wp\/v2\/pages"}],"about":[{"href":"https:\/\/www.myvize.com.tr\/isvec\/wp-json\/wp\/v2\/types\/page"}],"author":[{"embeddable":true,"href":"https:\/\/www.myvize.com.tr\/isvec\/wp-json\/wp\/v2\/users\/1"}],"replies":[{"embeddable":true,"href":"https:\/\/www.myvize.com.tr\/isvec\/wp-json\/wp\/v2\/comments?post=80"}],"version-history":[{"count":6,"href":"https:\/\/www.myvize.com.tr\/isvec\/wp-json\/wp\/v2\/pages\/80\/revisions"}],"predecessor-version":[{"id":771,"href":"https:\/\/www.myvize.com.tr\/isvec\/wp-json\/wp\/v2\/pages\/80\/revisions\/771"}],"up":[{"embeddable":true,"href":"https:\/\/www.myvize.com.tr\/isvec\/wp-json\/wp\/v2\/pages\/69"}],"wp:attachment":[{"href":"https:\/\/www.myvize.com.tr\/isvec\/wp-json\/wp\/v2\/media?parent=80"}],"curies":[{"name":"wp","href":"https:\/\/api.w.org\/{rel}","templated":true}]}}