{"id":82,"date":"2020-11-30T13:04:43","date_gmt":"2020-11-30T10:04:43","guid":{"rendered":"https:\/\/www.myvize.com.tr\/isvec\/?page_id=82"},"modified":"2022-04-14T14:36:38","modified_gmt":"2022-04-14T11:36:38","slug":"bursa-fahri-konsoloslugu","status":"publish","type":"page","link":"https:\/\/www.myvize.com.tr\/isvec\/konsolosluklar\/bursa-fahri-konsoloslugu\/","title":{"rendered":"\u0130sve\u00e7 Bursa Konsoloslu\u011fu"},"content":{"rendered":"<h2><span style=\"font-family: Roboto; font-size: 27px;\"><strong>\u0130sve\u00e7 Bursa Fahri Konsoloslu\u011fu<\/strong><\/span><\/h2>\n<p><span style=\"font-family: Roboto; font-size: 14px;\"><strong>\u0130sve\u00e7 \u00a0Bursa Fahri Konsoloslu\u011fu<\/strong> vize ba\u015fvurusunu kabul etme yetkisine sahip de\u011fil. Vize ba\u015fvurusunu \u0130sve\u00e7 B\u00fcy\u00fckel\u00e7ili\u011fi&#8217;ne ya da ba\u015fkonsoloslu\u011fa y\u00f6nlendirmektedir.<span style=\"color: #2acec2;\"><strong><a style=\"color: #2acec2;\" href=\"https:\/\/www.myvize.com.tr\/isvec\/vize-islemleri\/isvec-vizesi\/\" target=\"_blank\" rel=\"noopener\"> \u0130sve\u00e7 Vizesi<\/a><\/strong><\/span> ba\u015fvurusu yetkilendirilmi\u015f vize ba\u015fvuru merkezine yap\u0131lmaktad\u0131r. \u0130sve\u00e7 bir Schengen \u00fclkesidir. Ondan dolay\u0131 vize ba\u015fvurusu Schengen vize ba\u015fvuru kural\u0131na g\u00f6re kabul edilmektedir.<\/span><br \/>\n<span style=\"font-family: Roboto; font-size: 14px;\">\u0130sve\u00e7 Bursa Fahri Konsoloslu\u011fu, hafta i\u00e7i her g\u00fcn 08.00- 16.00 saati aras\u0131nda \u00e7al\u0131\u015fmakta. T\u00fcrkiye resmi tatili ve \u0130sve\u00e7 resmi tatilinde hizmet vermemektedir. <strong>\u0130sve\u00e7 Fahri Konsoloslu\u011fu,<\/strong> T\u00fcrkiye\u2019de bulunan \u0130sve\u00e7 Fahri Konsolosluklar\u0131ndan birisidir. \u0130sve\u00e7 Fahri Konsoloslu\u011fu, Bursa ve \u00e7evresi de \u00e7al\u0131\u015fma y\u00fcr\u00fctmektedir. <\/span><\/p>\n<p><span style=\"font-family: Roboto; font-size: 14px;\"><strong>\u0130sve\u00e7 Bursa Fahri Konsoloslu\u011fu<\/strong> amac\u0131 \u0130sve\u00e7 ile b\u00f6lge ticari ili\u015fkisini geli\u015ftirmektir. Fahri konsolosluk \u00e7al\u0131\u015fan\u0131n\u0131n ve fahri konsolosuk \u0130sve\u00e7 vatanda\u015f\u0131 olma zorunluluklar\u0131 yoktur. Fahri konsoloslu\u011fu diplomat ve siyasal bir yetkisi bulunmamakta. Ayn\u0131 zamanda do\u011frudan \u0130sve\u00e7 d\u0131\u015f i\u015flerine ba\u011fl\u0131 de\u011fildir.<strong> \u0130sve\u00e7 Fahri Konsoloslu\u011fu<\/strong>, \u0130sve\u00e7 vatanda\u015f\u0131na pasaport, do\u011fum, \u00f6l\u00fcm, kimlik de\u011fi\u015ftirmek gibi i\u015flemlerde yard\u0131mc\u0131 olmakta. Ayr\u0131ca T\u00fcrkiye ile \u0130sve\u00e7 aras\u0131nda ki ticari, k\u00fclt\u00fcrel, ekonomi, sosyal, siyasal ili\u015fkiyi geli\u015ftirmeyi ama\u00e7lar. Ancak hi\u00e7bir diplomat yetkisi bulunmamaktad\u0131r.<\/span><\/p>\n<h2><strong><span style=\"font-family: Roboto; font-size: 27px;\">\u0130sve\u00e7 Bursa Fahri Konsoloslu\u011fu Ba\u015fvuru<\/span><\/strong><\/h2>\n<p><span style=\"font-family: Roboto; font-size: 14px;\"><strong>\u0130sve\u00e7 Bursa Fahri Konsoloslu\u011fu<\/strong> ba\u015fvurular\u0131n\u0131z\u0131 vize i\u015flemleri hari\u00e7 ger\u00e7ekle\u015ftirebilirsiniz. \u00d6zellikle pasaport, kimlik ve di\u011fer bir\u00e7ok resm\u00ee i\u015flem i\u00e7in ba\u015fvuru yapabilece\u011finiz Bursa Fahri Konsoloslu\u011fu imza yetkisine sahip de\u011fildir. Bu y\u00fczden imza yetkisi gerektiren ve b\u00fcy\u00fckel\u00e7i ya da ba\u015fkonsolos iznine gerek duyulan t\u00fcm i\u015flemler i\u00e7in <strong>MyVize<\/strong> ile ileti\u015fime ge\u00e7erek ilgili birimlere ba\u015fvuruda bulunmal\u0131s\u0131n\u0131zd\u0131r. <strong><span style=\"color: #2acec2;\"><a style=\"color: #2acec2;\" href=\"https:\/\/www.bursa.bel.tr\/\" target=\"_blank\" rel=\"noopener\">Bursa<\/a><\/span> Fahri Konsoloslu\u011fu<\/strong>, ba\u015fvuru taleplerinizi ancak kendi yetki alan\u0131ndaki i\u015fler i\u00e7in kabul edebilir. Bunun d\u0131\u015f\u0131nda ister fahri konsolosluk ister b\u00fcy\u00fckel\u00e7ilik olsun t\u00fcm ba\u015fvuru i\u015flemleriniz i\u00e7in randevu alman\u0131z da gerekmektedir.<\/span><\/p>\n<h2><strong><span style=\"font-family: Roboto; font-size: 27px;\">\u0130sve\u00e7 Bursa Fahri Konsoloslu\u011fu Vize Ba\u015fvurusu \u0130\u015flemleri<\/span><\/strong><\/h2>\n<p><span style=\"font-family: Roboto; font-size: 14px;\"><strong>\u0130sve\u00e7 Bursa Fahri Konsoloslu\u011fu<\/strong> vize ba\u015fvurusu kabul etmemektedir. \u00c7\u00fcnk\u00fc fahri konsolosluklar\u0131n vize verme yetkisi bulunmaz. Bunun yerine vize ba\u015fvurusu i\u00e7in Bursa Fahri Konsoloslu\u011fu\u2019nda de\u011fil, b\u00fcy\u00fckel\u00e7ilikte bir randevu olu\u015fturman\u0131z gerekir. <strong>\u0130sve\u00e7 Ankara B\u00fcy\u00fckel\u00e7ili\u011fi<\/strong> vize ba\u015fvurusu yapman\u0131z i\u00e7in en yetkili temsilciliktir. Bursa ilinde <span style=\"color: #000000;\"><strong>\u0130sve\u00e7 vizesi<\/strong><\/span> i\u00e7in ba\u015fvuru i\u015flemleri ba\u015flatmak isteyenler, ba\u015fvuruda bulunacaklar\u0131 vize t\u00fcr\u00fcne uygun olarak gerekli belgeleri haz\u0131rlamal\u0131d\u0131r. Bu belgelerin aras\u0131nda vize t\u00fcr\u00fcne bak\u0131lmaks\u0131z\u0131n ortak evraklar bulundu\u011fu gibi, vize t\u00fcr\u00fcne farkl\u0131 evraklar da bulunmaktad\u0131r. Bu y\u00fczden <span style=\"color: #000000;\"><strong>\u0130sve\u00e7 vize ba\u015fvurusu<\/strong><\/span> yapmak isteyenler, evrak haz\u0131rl\u0131\u011f\u0131 hususunda profesyonel yard\u0131m almal\u0131d\u0131r. \u0130sve\u00e7 Vize Ba\u015fvuru Merkezi MyVize ile Bursa ili i\u00e7inden de \u0130sve\u00e7 vizesine ba\u015fvurabilir, gerekli evraklar\u0131 Ankara B\u00fcy\u00fckel\u00e7ili\u011fi\u2019ne sunabilirsiniz. <strong>\u0130sve\u00e7 B\u00fcy\u00fckel\u00e7ili\u011fi<\/strong>, vize ba\u015fvurunuzu evraklar\u0131n\u0131z\u0131 g\u00f6ndermeniz sonras\u0131 inceleyecek ve sizi m\u00fclakata \u00e7a\u011f\u0131racakt\u0131r. Vize m\u00fclakat\u0131 s\u0131ras\u0131nda profesyonel vize dan\u0131\u015fmanlar\u0131m\u0131z sizlere e\u015flik edecek ve s\u00fcreci kolayl\u0131kla tamamlaman\u0131za yard\u0131mc\u0131 olacakt\u0131r.<\/span><\/p>\n<p><span style=\"font-family: Roboto; font-size: 14px;\">\u0130sve\u00e7 bir Schengen \u00fcye \u00fclkesidir ve vize ba\u015fvurusunda bulunman\u0131z s\u0131ras\u0131nda Schengen vize ko\u015fullar\u0131na tabi tutulursunuz. \u0130sve\u00e7 Schengen vizesi i\u00e7in gerekli t\u00fcm evraklar da buna g\u00f6re haz\u0131rlan\u0131r.<strong> \u0130sve\u00e7 vizesi<\/strong> i\u00e7in haz\u0131rlaman\u0131z gereken evraklar hakk\u0131nda b\u00fcy\u00fckel\u00e7ilikten bilgi alman\u0131z m\u00fcmk\u00fcn de\u011fildir. A\u015fa\u011f\u0131daki \u0130sve\u00e7 vizesi evraklar\u0131 vize t\u00fcr\u00fc g\u00f6zetilmeden t\u00fcm ba\u015fvurular i\u00e7in ge\u00e7erli olabilecek standart evraklard\u0131r:<\/span><\/p>\n<ul>\n<li><span style=\"font-family: Roboto; font-size: 14px;\"><strong>\u0130sve\u00e7 vize ba\u015fvuru formu:<\/strong> Tamamen ger\u00e7e\u011fi yans\u0131tan bilgilerle doldurulmal\u0131 ve imzalanmal\u0131d\u0131r.<\/span><\/li>\n<li><span style=\"font-family: Roboto; font-size: 14px;\"><strong>Pasaport:<\/strong> Pasaportunuzun ge\u00e7erlili\u011fi, \u0130sve\u00e7\u2019ten d\u00f6nece\u011finiz tarihten sonra da 3 ay daha ge\u00e7erlili\u011fini koruyacak \u015fekilde olmal\u0131d\u0131r. Ayr\u0131ca pasaport son 10 y\u0131l i\u00e7inde al\u0131nm\u0131\u015f ve vize bas\u0131lmas\u0131 i\u00e7in de iki sayfas\u0131n\u0131n bo\u015f olmas\u0131 gerekmektedir.<\/span><\/li>\n<li><span style=\"font-family: Roboto; font-size: 14px;\"><strong>Vize davetiyesi:<\/strong> \u0130sve\u00e7\u2019te ikamet eden bir arkada\u015f ya da akrabay\u0131 ziyaret edecekseniz, ilgili ki\u015fiden davetiye alman\u0131z da gerekmektedir. Vize davetiyesi \u0130sve\u00e7\u2019e gitmeniz i\u00e7in \u00f6nemli belgelerden biridir.<\/span><\/li>\n<li><span style=\"font-family: Roboto; font-size: 14px;\"><strong>Maa\u015f bordrosu:<\/strong> \u00c7al\u0131\u015f\u0131yorsan\u0131z maa\u015f bordronuzu da mutlaka evraklar aras\u0131na eklemeniz gerekir.<\/span><\/li>\n<li><span style=\"font-family: Roboto; font-size: 14px;\"><strong>SGK Hizmet D\u00f6k\u00fcm\u00fc:<\/strong> Yine T\u00fcrkiye Cumhuriyeti s\u0131n\u0131rlar\u0131 i\u00e7inde \u00f6dedi\u011finiz sigorta primlerine ili\u015fkin bilgi verecek bu d\u00f6k\u00fcm de belgelere eklenmelidir.<\/span><\/li>\n<li><span style=\"font-family: Roboto; font-size: 14px;\"><strong>Seyahat Sa\u011fl\u0131k Sigortas\u0131:<\/strong> Seyahat Sa\u011fl\u0131k Sigortas\u0131, \u0130sve\u00e7 vize ba\u015fvurusu yapmak isteyen her vatanda\u015f i\u00e7in gereklidir. Konsolosluk bunu zorunlu tutmaktad\u0131r. Seyahat sa\u011fl\u0131k sigortas\u0131n\u0131n t\u00fcm Schengen \u00fclkeleri i\u00e7inde ge\u00e7erli olacak \u015fekilde yapt\u0131r\u0131lmas\u0131 \u00f6nemlidir. Ayr\u0131ca sigorta teminat tutar\u0131 da en az 30.000 euro olmal\u0131d\u0131r.<\/span><\/li>\n<li><span style=\"font-family: Roboto; font-size: 14px;\"><strong>\u00d6\u011frenciler i\u00e7in:<\/strong> \u00d6\u011frenci belgesi, transkript, dil okulu ya da \u00fcniversite vizesine ba\u015fvuracaklarsa okuldan kabul mektubu<\/span><\/li>\n<li><span style=\"font-family: Roboto; font-size: 14px;\"><strong>Emekliler i\u00e7in:<\/strong> Emekli maa\u015flar\u0131n\u0131n d\u00fczenli olarak al\u0131nd\u0131\u011f\u0131na dair son 3 aya ait emeklilik maa\u015f d\u00f6k\u00fcm\u00fc<\/span><\/li>\n<li><span style=\"font-family: Roboto; font-size: 14px;\">Medeni durum belgesi<\/span><\/li>\n<li><span style=\"font-family: Roboto; font-size: 14px;\">Do\u011fum belgesi<\/span><\/li>\n<li><span style=\"font-family: Roboto; font-size: 14px;\">T\u00fcrkiye Cumhuriyeti Kimlik Kart\u0131 fotokopisi<\/span><\/li>\n<li><span style=\"font-family: Roboto; font-size: 14px;\">Daha \u00f6nce al\u0131nm\u0131\u015f olan Schengen vizelerinin fotokopisi<\/span><\/li>\n<\/ul>\n<h2><strong><span style=\"font-family: Roboto; font-size: 27px;\">\u0130sve\u00e7 Bursa Fahri Konsoloslu\u011fu Randevu<\/span><\/strong><\/h2>\n<p><span style=\"font-family: Roboto; font-size: 14px;\">\u0130sve\u00e7 vizesi i\u00e7in <strong>Bursa Fahri Konsoloslu\u011fu<\/strong> ile randevu olu\u015fturman\u0131z zorunludur. Ancak fahri konsolosluklar vize verme yetkisine sahip olmad\u0131\u011f\u0131ndan vize i\u015flemlerinizi \u0130sve\u00e7 Bursa Fahri Konsoloslu\u011fu&#8217;yla tamamlayamazs\u0131n\u0131z. Bu y\u00fczden Bursa\u2019y\u0131 g\u00f6rev alan\u0131 i\u00e7inde bar\u0131nd\u0131ran \u0130sve\u00e7 B\u00fcy\u00fckel\u00e7ili\u011fi Ankara\u2019y\u0131 arayarak randevu talebinde bulunman\u0131z gerekmektedir. Ancak vize i\u00e7in de\u011fil de di\u011fer resm\u00ee i\u015flemler i\u00e7in fahri konsoloslu\u011fu randevu almak amac\u0131yla arayabilirsiniz. Kimlik, pasaport, do\u011fum, \u00f6l\u00fcm, tapu ve di\u011fer t\u00fcm resm\u00ee i\u015flemler hakk\u0131nda imza yetkisi olan bir birimle ileti\u015fime ge\u00e7mek i\u00e7in Ankara B\u00fcy\u00fckel\u00e7ili\u011fi\u2019nde randevu olu\u015fturman\u0131z gerekir. <strong>MyVize <a href=\"https:\/\/www.myvize.com.tr\/\" target=\"_blank\" rel=\"noopener\">Vize Ba\u015fvuru Merkezi<\/a><\/strong>, <strong>\u0130sve\u00e7 Fahri Konsoloslu\u011fu<\/strong> yetkilerine d\u00e2hil olmayan her i\u015flem i\u00e7in b\u00fcy\u00fckel\u00e7ilikten randevu alman\u0131z\u0131 sa\u011flayacakt\u0131r.<\/span><\/p>\n<p><span style=\"font-family: Roboto; font-size: 14px;\">Bursa \u0130sve\u00e7 Vize Ba\u015fvuru Merkezi\u2019miz MyVize, Ankara B\u00fcy\u00fckel\u00e7ili\u011fi \u00e7al\u0131\u015fma saatleri \u00e7er\u00e7evesinde randevu alman\u0131z i\u00e7in ilgili birimlere randevu talebinde bulunacakt\u0131r. Randevu taleplerimizi, ger\u00e7ekle\u015ftirmek istedi\u011finiz i\u015flem \u00f6zelinde belirli bir tarih i\u00e7in yapabiliriz. \u0130sve\u00e7 Bursa konsolosluk i\u015flemleri i\u00e7in randevu s\u00fcreci, b\u00fcy\u00fckel\u00e7ili\u011fin yo\u011funlu\u011funa g\u00f6re de\u011fi\u015febilmektedir.<\/span><\/p>\n<h3><span style=\"font-size: 24px;\"><strong><span style=\"font-family: Roboto;\">\u0130sve\u00e7 Bursa Fahri Konsoloslu\u011fu Vize Randevusu Alma<\/span><\/strong><\/span><\/h3>\n<p><span style=\"font-family: Roboto; font-size: 14px;\">\u0130sve\u00e7 Bursa Fahri Konsoloslu\u011fu&#8217;ndan vize randevusu alarak vize ba\u015fvurusunda bulunman\u0131z m\u00fcmk\u00fcn de\u011fildir. Vize i\u015flemleri i\u00e7in ba\u015fvuru s\u00fcreci y\u00fcr\u00fctme yetkisi tamamen Ankara B\u00fcy\u00fckel\u00e7ili\u011fi ya da Ba\u015fkonsoloslu\u011fu\u2019ndad\u0131r. Bursa ilinde ikamet eden t\u00fcm vatanda\u015flar, <strong>\u0130sve\u00e7 vize randevusu<\/strong> i\u00e7in fahri konsoloslu\u011fu ziyaret etmek yerine MyVize\u2019ye ba\u015fvuruda bulunabilir. Bursa merkezli bir fahri konsolosluk ile \u0130sve\u00e7 vizesi almak m\u00fcmk\u00fcn de\u011fildir.<\/span><\/p>\n<p><span style=\"font-family: Roboto; font-size: 14px;\">Fahri konsolosluk, fahri bir konsolos taraf\u0131ndan y\u00f6netilen bir t\u00fcr konsolosluk kurulu\u015fudur. Kendisini tayin eden \u00fclkeden maa\u015f almaz, ayn\u0131 zamanda gidece\u011fi \u00fclkenin kamu hizmetindedir ve g\u00f6revlerini g\u00f6n\u00fcll\u00fc olarak yerine getirir. Ayn\u0131 zamanda, fahri konsolosluk ofisinin a\u00e7\u0131lmas\u0131n\u0131 ve \u00e7al\u0131\u015fmalar\u0131n\u0131n organizasyonunu finanse eder. Diplomatik hiyerar\u015fide, fahri konsolos, ba\u015fkonsolosa veya ola\u011fan\u00fcst\u00fc tam yetkili b\u00fcy\u00fckel\u00e7iye tabidir. Asl\u0131nda, bu tabi k\u0131lma olduk\u00e7a resm\u00eedir. Fahri konsolosun gidece\u011fi \u00fclkeye vize verme hakk\u0131 verilmemi\u015fse, i\u015fi genellikle, masraflar\u0131 kendisine ait olmak \u00fczere, ilgili konsolosluk b\u00f6lgesinde y\u0131lda bir veya iki etkinlik d\u00fczenlemekten ibarettir. <\/span><span style=\"font-family: Roboto; font-size: 14px;\"><strong>\u0130sve\u00e7 Ankara B\u00fcy\u00fckel\u00e7ili\u011fi\u2019ne<\/strong> yapaca\u011f\u0131m\u0131z randevu talepleri ve di\u011fer konularda bilgi almak i\u00e7in l\u00fctfen <strong>MyVize<\/strong> ile ileti\u015fime ge\u00e7in.<\/span><\/p>\n","protected":false},"excerpt":{"rendered":"<p>\u0130sve\u00e7 Bursa Fahri Konsoloslu\u011fu \u0130sve\u00e7 \u00a0Bursa Fahri Konsoloslu\u011fu vize ba\u015fvurusunu kabul etme yetkisine sahip de\u011fil. Vize ba\u015fvurusunu \u0130sve\u00e7 B\u00fcy\u00fckel\u00e7ili\u011fi&#8217;ne ya da ba\u015fkonsoloslu\u011fa y\u00f6nlendirmektedir. \u0130sve\u00e7 Vizesi ba\u015fvurusu yetkilendirilmi\u015f vize ba\u015fvuru merkezine yap\u0131lmaktad\u0131r. \u0130sve\u00e7 bir Schengen \u00fclkesidir. Ondan dolay\u0131 vize ba\u015fvurusu Schengen vize ba\u015fvuru kural\u0131na g\u00f6re kabul edilmektedir. \u0130sve\u00e7 Bursa Fahri Konsoloslu\u011fu, hafta i\u00e7i her g\u00fcn 08.00-<\/p>\n","protected":false},"author":1,"featured_media":0,"parent":69,"menu_order":0,"comment_status":"open","ping_status":"closed","template":"","meta":{"footnotes":""},"class_list":["post-82","page","type-page","status-publish","hentry"],"yoast_head":"<!-- This site is optimized with the Yoast SEO plugin v24.0 - https:\/\/yoast.com\/wordpress\/plugins\/seo\/ -->\n<title>\u0130sve\u00e7 Bursa Fahri Konsoloslu\u011fu \u0130leti\u015fim - MyVize<\/title>\n<meta name=\"description\" content=\"\u0130sve\u00e7 Bursa Fahri Konsoloslu\u011fu \u0130leti\u015fim Bilgileri Telefon Numaras\u0131 Mail Adresi Bilgileri \u0130\u00e7erir. \u0130sve\u00e7 Vize Dan\u0131\u015fman\u0131 \u0130\u00e7in Hemen Aray\u0131n.\" \/>\n<meta name=\"robots\" content=\"index, follow, max-snippet:-1, max-image-preview:large, max-video-preview:-1\" \/>\n<link rel=\"canonical\" href=\"https:\/\/www.myvize.com.tr\/isvec\/konsolosluklar\/bursa-fahri-konsoloslugu\/\" \/>\n<meta property=\"og:locale\" content=\"tr_TR\" \/>\n<meta property=\"og:type\" content=\"article\" \/>\n<meta property=\"og:title\" content=\"\u0130sve\u00e7 Bursa Fahri Konsoloslu\u011fu \u0130leti\u015fim - MyVize\" \/>\n<meta property=\"og:description\" content=\"\u0130sve\u00e7 Bursa Fahri Konsoloslu\u011fu \u0130leti\u015fim Bilgileri Telefon Numaras\u0131 Mail Adresi Bilgileri \u0130\u00e7erir. \u0130sve\u00e7 Vize Dan\u0131\u015fman\u0131 \u0130\u00e7in Hemen Aray\u0131n.\" \/>\n<meta property=\"og:url\" content=\"https:\/\/www.myvize.com.tr\/isvec\/konsolosluklar\/bursa-fahri-konsoloslugu\/\" \/>\n<meta property=\"og:site_name\" content=\"\u0130sve\u00e7 Vizesi\" \/>\n<meta property=\"article:modified_time\" content=\"2022-04-14T11:36:38+00:00\" \/>\n<meta name=\"twitter:card\" content=\"summary_large_image\" \/>\n<meta name=\"twitter:label1\" content=\"Tahmini okuma s\u00fcresi\" \/>\n\t<meta name=\"twitter:data1\" content=\"5 dakika\" \/>\n<script type=\"application\/ld+json\" class=\"yoast-schema-graph\">{\"@context\":\"https:\/\/schema.org\",\"@graph\":[{\"@type\":\"WebPage\",\"@id\":\"https:\/\/www.myvize.com.tr\/isvec\/konsolosluklar\/bursa-fahri-konsoloslugu\/\",\"url\":\"https:\/\/www.myvize.com.tr\/isvec\/konsolosluklar\/bursa-fahri-konsoloslugu\/\",\"name\":\"\u0130sve\u00e7 Bursa Fahri Konsoloslu\u011fu \u0130leti\u015fim - MyVize\",\"isPartOf\":{\"@id\":\"https:\/\/www.myvize.com.tr\/isvec\/#website\"},\"datePublished\":\"2020-11-30T10:04:43+00:00\",\"dateModified\":\"2022-04-14T11:36:38+00:00\",\"description\":\"\u0130sve\u00e7 Bursa Fahri Konsoloslu\u011fu \u0130leti\u015fim Bilgileri Telefon Numaras\u0131 Mail Adresi Bilgileri \u0130\u00e7erir. \u0130sve\u00e7 Vize Dan\u0131\u015fman\u0131 \u0130\u00e7in Hemen Aray\u0131n.\",\"breadcrumb\":{\"@id\":\"https:\/\/www.myvize.com.tr\/isvec\/konsolosluklar\/bursa-fahri-konsoloslugu\/#breadcrumb\"},\"inLanguage\":\"tr\",\"potentialAction\":[{\"@type\":\"ReadAction\",\"target\":[\"https:\/\/www.myvize.com.tr\/isvec\/konsolosluklar\/bursa-fahri-konsoloslugu\/\"]}]},{\"@type\":\"BreadcrumbList\",\"@id\":\"https:\/\/www.myvize.com.tr\/isvec\/konsolosluklar\/bursa-fahri-konsoloslugu\/#breadcrumb\",\"itemListElement\":[{\"@type\":\"ListItem\",\"position\":1,\"name\":\"Anasayfa\",\"item\":\"https:\/\/www.myvize.com.tr\/isvec\/\"},{\"@type\":\"ListItem\",\"position\":2,\"name\":\"KONSOLOSLUKLAR\",\"item\":\"https:\/\/www.myvize.com.tr\/isvec\/konsolosluklar\/\"},{\"@type\":\"ListItem\",\"position\":3,\"name\":\"\u0130sve\u00e7 Bursa Konsoloslu\u011fu\"}]},{\"@type\":\"WebSite\",\"@id\":\"https:\/\/www.myvize.com.tr\/isvec\/#website\",\"url\":\"https:\/\/www.myvize.com.tr\/isvec\/\",\"name\":\"\u0130sve\u00e7 Vizesi\",\"description\":\"\",\"potentialAction\":[{\"@type\":\"SearchAction\",\"target\":{\"@type\":\"EntryPoint\",\"urlTemplate\":\"https:\/\/www.myvize.com.tr\/isvec\/?s={search_term_string}\"},\"query-input\":{\"@type\":\"PropertyValueSpecification\",\"valueRequired\":true,\"valueName\":\"search_term_string\"}}],\"inLanguage\":\"tr\"}]}<\/script>\n<!-- \/ Yoast SEO plugin. -->","yoast_head_json":{"title":"\u0130sve\u00e7 Bursa Fahri Konsoloslu\u011fu \u0130leti\u015fim - MyVize","description":"\u0130sve\u00e7 Bursa Fahri Konsoloslu\u011fu \u0130leti\u015fim Bilgileri Telefon Numaras\u0131 Mail Adresi Bilgileri \u0130\u00e7erir. \u0130sve\u00e7 Vize Dan\u0131\u015fman\u0131 \u0130\u00e7in Hemen Aray\u0131n.","robots":{"index":"index","follow":"follow","max-snippet":"max-snippet:-1","max-image-preview":"max-image-preview:large","max-video-preview":"max-video-preview:-1"},"canonical":"https:\/\/www.myvize.com.tr\/isvec\/konsolosluklar\/bursa-fahri-konsoloslugu\/","og_locale":"tr_TR","og_type":"article","og_title":"\u0130sve\u00e7 Bursa Fahri Konsoloslu\u011fu \u0130leti\u015fim - MyVize","og_description":"\u0130sve\u00e7 Bursa Fahri Konsoloslu\u011fu \u0130leti\u015fim Bilgileri Telefon Numaras\u0131 Mail Adresi Bilgileri \u0130\u00e7erir. \u0130sve\u00e7 Vize Dan\u0131\u015fman\u0131 \u0130\u00e7in Hemen Aray\u0131n.","og_url":"https:\/\/www.myvize.com.tr\/isvec\/konsolosluklar\/bursa-fahri-konsoloslugu\/","og_site_name":"\u0130sve\u00e7 Vizesi","article_modified_time":"2022-04-14T11:36:38+00:00","twitter_card":"summary_large_image","twitter_misc":{"Tahmini okuma s\u00fcresi":"5 dakika"},"schema":{"@context":"https:\/\/schema.org","@graph":[{"@type":"WebPage","@id":"https:\/\/www.myvize.com.tr\/isvec\/konsolosluklar\/bursa-fahri-konsoloslugu\/","url":"https:\/\/www.myvize.com.tr\/isvec\/konsolosluklar\/bursa-fahri-konsoloslugu\/","name":"\u0130sve\u00e7 Bursa Fahri Konsoloslu\u011fu \u0130leti\u015fim - MyVize","isPartOf":{"@id":"https:\/\/www.myvize.com.tr\/isvec\/#website"},"datePublished":"2020-11-30T10:04:43+00:00","dateModified":"2022-04-14T11:36:38+00:00","description":"\u0130sve\u00e7 Bursa Fahri Konsoloslu\u011fu \u0130leti\u015fim Bilgileri Telefon Numaras\u0131 Mail Adresi Bilgileri \u0130\u00e7erir. \u0130sve\u00e7 Vize Dan\u0131\u015fman\u0131 \u0130\u00e7in Hemen Aray\u0131n.","breadcrumb":{"@id":"https:\/\/www.myvize.com.tr\/isvec\/konsolosluklar\/bursa-fahri-konsoloslugu\/#breadcrumb"},"inLanguage":"tr","potentialAction":[{"@type":"ReadAction","target":["https:\/\/www.myvize.com.tr\/isvec\/konsolosluklar\/bursa-fahri-konsoloslugu\/"]}]},{"@type":"BreadcrumbList","@id":"https:\/\/www.myvize.com.tr\/isvec\/konsolosluklar\/bursa-fahri-konsoloslugu\/#breadcrumb","itemListElement":[{"@type":"ListItem","position":1,"name":"Anasayfa","item":"https:\/\/www.myvize.com.tr\/isvec\/"},{"@type":"ListItem","position":2,"name":"KONSOLOSLUKLAR","item":"https:\/\/www.myvize.com.tr\/isvec\/konsolosluklar\/"},{"@type":"ListItem","position":3,"name":"\u0130sve\u00e7 Bursa Konsoloslu\u011fu"}]},{"@type":"WebSite","@id":"https:\/\/www.myvize.com.tr\/isvec\/#website","url":"https:\/\/www.myvize.com.tr\/isvec\/","name":"\u0130sve\u00e7 Vizesi","description":"","potentialAction":[{"@type":"SearchAction","target":{"@type":"EntryPoint","urlTemplate":"https:\/\/www.myvize.com.tr\/isvec\/?s={search_term_string}"},"query-input":{"@type":"PropertyValueSpecification","valueRequired":true,"valueName":"search_term_string"}}],"inLanguage":"tr"}]}},"_links":{"self":[{"href":"https:\/\/www.myvize.com.tr\/isvec\/wp-json\/wp\/v2\/pages\/82","targetHints":{"allow":["GET"]}}],"collection":[{"href":"https:\/\/www.myvize.com.tr\/isvec\/wp-json\/wp\/v2\/pages"}],"about":[{"href":"https:\/\/www.myvize.com.tr\/isvec\/wp-json\/wp\/v2\/types\/page"}],"author":[{"embeddable":true,"href":"https:\/\/www.myvize.com.tr\/isvec\/wp-json\/wp\/v2\/users\/1"}],"replies":[{"embeddable":true,"href":"https:\/\/www.myvize.com.tr\/isvec\/wp-json\/wp\/v2\/comments?post=82"}],"version-history":[{"count":5,"href":"https:\/\/www.myvize.com.tr\/isvec\/wp-json\/wp\/v2\/pages\/82\/revisions"}],"predecessor-version":[{"id":772,"href":"https:\/\/www.myvize.com.tr\/isvec\/wp-json\/wp\/v2\/pages\/82\/revisions\/772"}],"up":[{"embeddable":true,"href":"https:\/\/www.myvize.com.tr\/isvec\/wp-json\/wp\/v2\/pages\/69"}],"wp:attachment":[{"href":"https:\/\/www.myvize.com.tr\/isvec\/wp-json\/wp\/v2\/media?parent=82"}],"curies":[{"name":"wp","href":"https:\/\/api.w.org\/{rel}","templated":true}]}}