{"id":84,"date":"2020-11-30T13:05:08","date_gmt":"2020-11-30T10:05:08","guid":{"rendered":"https:\/\/www.myvize.com.tr\/isvec\/?page_id=84"},"modified":"2022-06-24T17:01:37","modified_gmt":"2022-06-24T14:01:37","slug":"trabzon-fahri-konsoloslugu","status":"publish","type":"page","link":"https:\/\/www.myvize.com.tr\/isvec\/konsolosluklar\/trabzon-fahri-konsoloslugu\/","title":{"rendered":"\u0130sve\u00e7 Trabzon Konsoloslu\u011fu"},"content":{"rendered":"<h2><strong><span style=\"font-family: Roboto; font-size: 27px;\">\u0130sve\u00e7 Trabzon Konsolosu Kimdir?<\/span><\/strong><\/h2>\n<p><span style=\"font-family: Roboto; font-size: 14px;\"><strong>\u0130sve\u00e7\u2019in Trabzon Fahri Konsolosu<\/strong>, \u0130sve\u00e7 ile T\u00fcrkiye aras\u0131nda ki ili\u015fkilerin ilerlemesi i\u00e7in \u00f6nemli bir nokta da yer almaktad\u0131r. T\u00fcrkiye ve \u0130sve\u00e7 aras\u0131ndaki ili\u015fkiyi her alanda d\u00fczenlemeleri ama\u00e7lamaktad\u0131r. G\u00f6rev b\u00f6lgesi i\u00e7indeki \u0130sve\u00e7 vatanda\u015flar\u0131n\u0131n sorunlar\u0131 ile ilgilenmekde ve \u0130sve\u00e7 vatanda\u015f\u0131na her alanda destek olmaktad\u0131r. <strong>\u0130sve\u00e7 Trabzon Fahri Konsolosu g\u00f6rev b\u00f6lgesi<\/strong> i\u00e7inde \u0130sve\u00e7 etkinli\u011fini artt\u0131rmay\u0131 ve bu b\u00f6lgede \u0130sve\u00e7 k\u00fclt\u00fcr\u00fc tan\u0131tmay\u0131 ama\u00e7lamaktad\u0131r. G\u00f6rev b\u00f6lgesi i\u00e7inde \u0130sve\u00e7 i\u00e7in yeni yat\u0131r\u0131m alan\u0131 aramakta ve yeni i\u015f birlikinin yap\u0131lmas\u0131n\u0131 sa\u011flamaktad\u0131r. \u0130sve\u00e7 Trabzon Fahri Konsolosu, \u0130sve\u00e7\u2019in T\u00fcrkiye\u2019de ki hak ve \u00e7\u0131karlar\u0131n\u0131 savunmakta. \u0130sve\u00e7 Ankara B\u00fcy\u00fckel\u00e7isi\u2019ne ba\u011fl\u0131 olarak \u00e7al\u0131\u015fmalar y\u00fcr\u00fctmektedir. \u0130sve\u00e7 Trabzon Konsolosu hakk\u0131nda detayl\u0131 bilgiler almak i\u00e7in \u0130sve\u00e7 Konsoloslu\u011funun resmi internet sitesi ziyaret ederek \u0130sve\u00e7 Trabzon Konsolosu hakk\u0131nda detayl\u0131 bilgiler alabilirsiniz.<\/span><\/p>\n<h2><strong><span style=\"font-family: Roboto; font-size: 27px;\">\u0130sve\u00e7 Trabzon Konsolosu Hakk\u0131nda<\/span><\/strong><\/h2>\n<p><span style=\"font-family: Roboto; font-size: 14px;\">T\u00fcrkiye ve \u0130sve\u00e7 ile ili\u015fkilerin ilerlemesinde ve k\u00fclt\u00fcrel geli\u015fmelerin takip edilmesinde \u00f6nemli bir rol oynayan \u0130sve\u00e7 Trabzon Konsolosu Kimdir? Sorusunun yan\u0131t\u0131n\u0131 almak istiyor olabilirsiniz. \u00c7e\u015fitli alanlarda \u0130sve\u00e7 vatanda\u015flar\u0131n\u0131n da hizmet almalar\u0131n\u0131 sa\u011flayan ve haklar\u0131n\u0131 koruyan bu merci evlilik, bo\u015fanma, apostil ve buna benzer i\u015flemlerin ger\u00e7ekle\u015ftirilmesini sa\u011flamaktad\u0131r. Ancak ki\u015filerin mutlaka randevu olu\u015fturmas\u0131 gerekti\u011fini vurgulamaktay\u0131z. \u0130sve\u00e7li vatanda\u015flar\u0131n hak ve \u00e7\u0131karlar\u0131n\u0131 korumakta olan Trabzon Konsoloslu\u011fu \u00fczerinden vize onay\u0131 verilmemektedir. Ancak <strong>\u0130sve\u00e7\u2019e seyahat etmek<\/strong> isteyenlerin vize dosyalar\u0131n\u0131 kabul etmektedir. Buna g\u00f6re randevular\u0131n\u0131z\u0131 olu\u015fturman\u0131z\u0131n ard\u0131ndan sizler de bekledi\u011finiz sonu\u00e7lar\u0131 k\u0131sa s\u00fcrede elde edebilirsiniz. Vize alacak olan ki\u015filerin dikkat etmesi gereken hususlar bu sayede ele al\u0131nmaktad\u0131r. Haz\u0131rlanacak dosyalara dair detaylara yer verildi\u011fini vurgulayabiliriz.<\/span><\/p>\n<h2><strong><span style=\"font-family: Roboto; font-size: 27px;\">\u0130sve\u00e7 Trabzon Konsoloslu\u011fu Vize<\/span><\/strong><\/h2>\n<p><span style=\"font-family: Roboto; font-size: 14px;\"><strong>\u0130sve\u00e7\u2019e seyahat<\/strong> edecek olan T\u00fcrkiye Cumhuriyeti vatanda\u015flar\u0131n\u0131n <strong>\u0130sve\u00e7 Trabzon Konsoloslu\u011fu vize i\u015flemleri<\/strong> hakk\u0131nda ara\u015ft\u0131rma yapt\u0131klar\u0131 g\u00f6r\u00fclmektedir. Buna g\u00f6re gerekli bilgilere ve belge \u00f6rneklerine sitemiz \u00fczerinden ula\u015fabilece\u011finizi vurgulamaktay\u0131z. Olu\u015fturulacak randevularda tarih ve saatlere dikkat etmelisiniz. B\u00fcy\u00fckel\u00e7ilik veya \u0130stanbul Konsoloslu\u011fu taraf\u0131ndan onaylanacak olan vize ba\u015fvurular\u0131n\u0131z\u0131 ve ad\u0131m ad\u0131m i\u015flemleri Trabzon Konsoloslu\u011fu \u00fczerinden de takip edebileceksiniz. Vize t\u00fcr\u00fcne g\u00f6re de\u011fi\u015fen s\u00fcre\u00e7ler hakk\u0131nda kapsaml\u0131 bilgileri elde edeceksiniz. Konsolosluk ile ileti\u015fime ge\u00e7menize ve t\u00fcm i\u015flemlerinizi kesintisiz bi\u00e7imde ger\u00e7ekle\u015ftirmenize olanak verilecektir. Sizler de haz\u0131rlanacak evraklara dair listelere ve detaylara bu sayede ula\u015fm\u0131\u015f olacaks\u0131n\u0131z. Ba\u015fvurular\u0131n incelenmesini sa\u011flayan ilgili kurumlara dosyalar\u0131n\u0131z Trabzon Konsoloslu\u011fu arac\u0131l\u0131\u011f\u0131yla ula\u015ft\u0131r\u0131lm\u0131\u015f olacakt\u0131r. Dan\u0131\u015fmanl\u0131k hizmetlerini sunan ekiplerimizi aramaya ba\u015flayabilirsiniz.<\/span><\/p>\n<h2><strong><span style=\"font-family: Roboto; font-size: 27px;\">\u0130sve\u00e7 Trabzon Konsoloslu\u011fu Vize \u0130\u015flemleri<\/span><\/strong><\/h2>\n<p><span style=\"font-family: Roboto; font-size: 14px;\"><strong>\u0130sve\u00e7\u2019e seyahat etmek<\/strong> isteyen ile \u00a0\u0130sve\u00e7 seyahatleri i\u00e7in vize alacak olan ki\u015filer, <strong>\u00a0\u0130sve\u00e7 vize ba\u015fvurusu<\/strong>\u00a0 \u0130sve\u00e7 Trabzon Konsoloslu\u011funa yapabilir. \u00a0\u0130sve\u00e7 Trabzon Konsoloslu\u011fu\u2019na vize ba\u015fvurusu yapacak olan ki\u015filer, <strong>\u00a0\u0130sve\u00e7 Trabzon Konsoloslu\u011fu vize i\u015flemler<\/strong>i hakk\u0131nda ara\u015ft\u0131rma yapmaktad\u0131r. A\u015fa\u011f\u0131da \u00a0\u0130sve\u00e7 Trabzon Konsoloslu\u011fu vize i\u015flemleri hakk\u0131nda bilgi verilmi\u015ftir. \u00a0\u0130sve\u00e7 Trabzon Konsoloslu\u011fu vize ba\u015fvurusu yapacak olan ki\u015filer, \u00f6ncelikle \u00a0\u0130sve\u00e7 seyahat ama\u00e7lar\u0131na uygun vize t\u00fcr\u00fcn\u00fc belirlemelidir. Vize t\u00fcr\u00fc belirleyen ki\u015filer, \u00a0\u0130sve\u00e7 Trabzon Konsoloslu\u011fu vize i\u015flemi i\u00e7in konsolosluk ile ileti\u015fime ge\u00e7erek randevusunu alabilir.<\/span><br \/>\n<span style=\"font-family: Roboto; font-size: 14px;\">Randevu alan ki\u015fi, randevu tarihine kadar <strong>\u00a0\u0130sve\u00e7 vizesi i\u00e7in gerekli olan evrak\u0131<\/strong> haz\u0131rlamal\u0131d\u0131r. Haz\u0131rlanan evraklar \u0130sve\u00e7 Trabzon Konsoloslu\u011fu\u2019na randevu tarihinde teslim edilmeli ve \u00a0\u0130sve\u00e7 Trabzon Konsoloslu\u011fu vize i\u015flemleri yerine getirilmelidir. \u00a0\u0130sve\u00e7 Trabzon Konsoloslu\u011fu\u2019na yap\u0131lan ba\u015fvuru inceleme ve de\u011ferlendirme yetkisi \u00a0\u0130sve\u00e7\u2019in Ankara B\u00fcy\u00fckel\u00e7ili\u011fi ile \u0130stanbul Ba\u015fkonsoloslu\u011funa aittir. Ba\u015fvuru vize t\u00fcr\u00fcne g\u00f6re farkl\u0131 s\u00fcrede sonu\u00e7lanabilir.<\/span><\/p>\n<h3><span style=\"font-size: 24px;\"><strong><span style=\"font-family: Roboto;\">\u0130sve\u00e7 Trabzon Konsoloslu\u011fu Vize Ba\u015fvurusu<\/span><\/strong><\/span><\/h3>\n<p><span style=\"font-family: Roboto; font-size: 14px;\">\u0130sve\u00e7\u2019in T\u00fcrkiye temsilcili\u011finden birisi \u00a0\u0130sve\u00e7 Trabzon Konsoloslu\u011fu\u2019dur. \u00a0\u0130sve\u00e7 Trabzon Konsoloslu\u011funa vize ba\u015fvurusu yapacak olan ki\u015filer, \u00a0\u0130sve\u00e7 Trabzon Konsoloslu\u011fu vize ba\u015fvuru hakk\u0131nda ara\u015ft\u0131rma yapmaktad\u0131r. Bu yaz\u0131 da <strong>\u00a0\u0130sve\u00e7 Trabzon Konsoloslu\u011fu vize ba\u015fvurusu<\/strong> hakk\u0131nda bilgiler verilmi\u015ftir. \u00a0\u0130sve\u00e7 Trabzon Konsoloslu\u011fu vize ba\u015fvurusu yapacak olan ki\u015filer, \u00a0\u0130sve\u00e7 Trabzon Konsoloslu\u011fundan randevu almal\u0131d\u0131r. Randevu tarihlerine kadar \u00a0\u0130sve\u00e7 vizesi i\u00e7in gerekli olan evraklar eksiksiz olarak haz\u0131rlamal\u0131 ve randevu tarihlerinde yetkiliye teslim edilmelidir. Ba\u015fvuru yapacak olan ki\u015fi, \u00a0\u0130sve\u00e7 Trabzon Konsoloslu\u011funa parmak izi verisi vermeleri gerekmektedir. Ayr\u0131ca vize ba\u015fvurusu yapacak olan ki\u015finin vize \u00fccretini \u00f6demesi gerekmektedir. \u00a0\u0130sve\u00e7 Trabzon Konsoloslu\u011fu\u2019na vize ba\u015fvurusu yapacak olan ki\u015fi, \u00a0<strong>\u0130sve\u00e7 Trabzon Konsoloslu\u011fu vize ba\u015fvurusu<\/strong> i\u00e7in gerekli olan evraklar\u0131 eksiksiz \u015fekilde haz\u0131rlamal\u0131d\u0131r. Evrak \u00a0\u0130sve\u00e7 seyahat ama\u00e7lar\u0131n\u0131 kan\u0131t nitelikte olmal\u0131d\u0131r. Ba\u015fvuru yapacak olan ki\u015filer, \u00a0\u0130sve\u00e7\u2019de bulundu\u011fu s\u00fcre boyunca seyahat masraflar\u0131n\u0131 kar\u015f\u0131layacak maddi duruma sahip olmal\u0131.<\/span><\/p>\n<h3><strong><span style=\"font-family: Roboto; font-size: 24px;\">\u0130sve\u00e7 Trabzon Konsoloslu\u011fu Vize Ba\u015fvurusu Nas\u0131l Yap\u0131l\u0131r?<\/span><\/strong><\/h3>\n<p><span style=\"font-family: Roboto; font-size: 14px;\">Vize ba\u015fvurusunda bulunmak isteyenlerin daha \u00f6nce biyometrik veri ibraz\u0131nda bulunmam\u0131\u015f olmas\u0131 halinde \u015fahsen bulunmas\u0131 gerekecektir. Seyahatleriniz i\u00e7in sunaca\u011f\u0131n\u0131z belgelerin, kan\u0131t niteli\u011fini ta\u015f\u0131mas\u0131na ve bilgilerinizi ispatlay\u0131c\u0131 nitelikte olmas\u0131na dikkat etmelisiniz. Randevu tarihlerinde evraklar\u0131n sunulmas\u0131n\u0131 sa\u011flayan ekiplerimiz ile ma\u011fdur olmayacaks\u0131n\u0131z. \u0130leti\u015fim bilgilerine ula\u015fabilece\u011finiz adresimiz ile acil durumlara kar\u015f\u0131 \u00e7\u00f6z\u00fcm \u00fcretebileceksiniz. Ticari ama\u00e7larla, turistik sebeplerle ya da aile ziyareti gibi \u00e7e\u015fitli ama\u00e7larla seyahat etmek istedi\u011finizde ba\u015fvurular\u0131n\u0131z\u0131n onay s\u00fcrecini takipte kalacaks\u0131n\u0131z. Gerekli belgeleri eksiksiz ve hatas\u0131z \u015fekilde olu\u015fturman\u0131z sizler i\u00e7in daha faydal\u0131 olacakt\u0131r. Bu sayede zaman kayb\u0131 ya\u015famayaca\u011f\u0131n\u0131z\u0131 ve do\u011fru \u00e7\u00f6z\u00fcmleri hemen elde edece\u011finizi de vurgulamaktay\u0131z. \u0130nternet \u00fczerinden veya telefonlar arac\u0131l\u0131\u011f\u0131yla h\u0131zl\u0131 bi\u00e7imde ileti\u015fime ge\u00e7meniz s\u00f6z konusu olacakt\u0131r.<\/span><\/p>\n<h3><span style=\"font-size: 24px;\"><strong><span style=\"font-family: Roboto;\">\u0130sve\u00e7 Trabzon Konsoloslu\u011fu Vize Randevusu<\/span><\/strong><\/span><\/h3>\n<p><span style=\"font-family: Roboto; font-size: 14px;\"><strong>\u0130sve\u00e7\u2019e seyahat edecek<\/strong> olan ki\u015fi, \u00a0\u0130sve\u00e7 seyahatleri i\u00e7in vize almal\u0131. \u00a0<strong>\u0130sve\u00e7 vizesi alacak<\/strong> olan ki\u015fi, \u00a0\u0130sve\u00e7 Trabzon Konsoloslu\u011fundan randevu al\u0131p almamas\u0131 gerekti\u011fi hakk\u0131nda ara\u015ft\u0131rmalar yapmaktad\u0131r. Bu yaz\u0131da \u00a0\u0130sve\u00e7 Trabzon Konsoloslu\u011fu vize ba\u015fvurusu yapacak olan ki\u015fi i\u00e7in \u00a0\u0130sve\u00e7 Trabzon Konsoloslu\u011fu vize randevusu hakk\u0131nda bilgi verilmi\u015ftir. \u00a0\u0130sve\u00e7 Trabzon Konsoloslu\u011fu vize ba\u015fvurusu yapacak olan ki\u015filerin ba\u015fvurusu i\u00e7in randevu almalar\u0131 gerekmektedir. Randevu \u00a0\u0130sve\u00e7 Trabzon Konsoloslu\u011fu ile ileti\u015fim ge\u00e7erek al\u0131nabilir. Randevu alm\u0131\u015f olan ki\u015filer, \u00a0\u0130sve\u00e7 Trabzon Konsoloslu\u011fu randevu tarihinde gerekli olan evraklar\u0131 yetkililere teslim ederek ba\u015fvuru yerine getirmeli. \u00a0\u0130sve\u00e7 Trabzon Konsoloslu\u011fu vize randevusu alm\u0131\u015f olan ki\u015filerin randevu tarihini ka\u00e7\u0131rmamas\u0131 gerekmektedir. \u00a0\u0130sve\u00e7 Trabzon Konsoloslu\u011fu vize randevusu alm\u0131\u015f olan ki\u015finin randevusu ka\u00e7\u0131rmas\u0131 durumuna vize ba\u015fvuru kabul edilmeyebilir. Bu durum da ba\u015fvuru yapacak olan ki\u015filerin yeniden \u00a0\u0130sve\u00e7 Trabzon Konsoloslu\u011fu\u2019ndan randevu almas\u0131 gerekebilir. \u00a0\u0130sve\u00e7 seyahat plan\u0131 aksayabilir.<\/span><\/p>\n<h3><strong><span style=\"font-family: Roboto; font-size: 24px;\">\u0130sve\u00e7 Trabzon Konsoloslu\u011fu Vize Randevusu Nas\u0131l Al\u0131n\u0131r?<\/span><\/strong><\/h3>\n<p><span style=\"font-family: Roboto; font-size: 14px;\">\u0130sve\u00e7 seyahatleriniz i\u00e7in mutlaka vize alman\u0131z gerekti\u011fini vurgulamaktay\u0131z. Ancak vize ba\u015fvurusunda bulunmak isteyenlerin randevu olu\u015fturmas\u0131 gerekmektedir. Sizler de randevu bilgileri hakk\u0131nda kapsaml\u0131 bilgilere ula\u015fabilir ve online olarak ger\u00e7ekle\u015ftirece\u011finiz i\u015flemleri rahatl\u0131kla g\u00f6rebilirsiniz. Gerekli evraklar\u0131n yetkililerce teslim al\u0131nmas\u0131 i\u00e7in gerek duyaca\u011f\u0131n\u0131z randevularda tarih ve saatleri tatil g\u00fcnlerini dikkate alarak olu\u015fturmal\u0131s\u0131n\u0131z. Planlar\u0131n\u0131z\u0131 aksatmadan en iyi ve h\u0131zl\u0131 \u00e7\u00f6z\u00fcmlere ula\u015fabilece\u011finizi de aktarmaktay\u0131z. Sizler de ba\u015fvurular\u0131n\u0131z\u0131 ka\u00e7\u0131rmadan tam zaman\u0131nda ilgili adreste olabilir veya yetkilendirilmi\u015f ofislerimizin bu ba\u015fvurular\u0131 takip etmesini sa\u011flayabilirsiniz. Sorunsuz \u015fekilde ilerlemenize ve seyahatlerinizi aksatmadan \u00e7\u00f6z\u00fcmlere ula\u015fman\u0131za olanak verilecektir. Randevular\u0131n olu\u015fturulmas\u0131n\u0131 ve sonu\u00e7lar\u0131n takip edilmesini sa\u011flayacak olan ekiplerimiz her a\u015famada bilgi vermeye devam edecektir.<\/span><\/p>\n<h4><span style=\"font-family: Roboto; font-size: 22px;\"><strong>Trabzon \u0130sve\u00e7 Konsoloslu\u011fu \u0130leti\u015fim Bilgileri<\/strong><\/span><\/h4>\n<p><span style=\"font-family: Roboto; font-size: 14px;\"><strong>\u0130sve\u00e7 Trabzon Fahri Konsolosluk<\/strong>, T\u00fcrkiye Cumhuriyeti Trabzon topra\u011f\u0131 i\u00e7inde \u0130sve\u00e7 Devleti\u2019nin haklar\u0131n\u0131 korumak da ve g\u00f6rev b\u00f6lgesi i\u00e7inde ya\u015fayan \u0130sve\u00e7 vatanda\u015f\u0131na destek olmakta. <strong>\u0130sve\u00e7 Trabzon Fahri Konsoloslu\u011fu<\/strong> g\u00f6rev ve yetkisi a\u015fa\u011f\u0131da verilmi\u015ftir.<\/span><br \/>\n<span style=\"font-family: Roboto; font-size: 14px;\">\u0130sve\u00e7 Trabzon Fahri Konsoloslu\u011fu diplomat bir yetkisi bulunmamakta.<\/span><br \/>\n<span style=\"font-family: Roboto; font-size: 14px;\"><strong>\u0130sve\u00e7 Trabzon Fahri Konsolosluk<\/strong>, \u00e7al\u0131\u015fmas\u0131n\u0131 \u0130sve\u00e7\u2019in Ankara B\u00fcy\u00fckel\u00e7iliki\u2019ne ba\u011fl\u0131 olarak Trabzon ve \u00e7evresine \u00e7al\u0131\u015fma y\u00fcr\u00fctmekte. <strong>Ankara \u0130sve\u00e7 B\u00fcy\u00fckel\u00e7ili\u011fe<\/strong> vermi\u015f oldu\u011fu g\u00f6revi \u0130sve\u00e7 ve \u00e7evresinde yere getirmektedir.<\/span><br \/>\n<span style=\"font-family: Roboto; font-size: 14px;\">\u0130sve\u00e7 Trabzon Fahri Konsolosluk, acil durum haricinde Trabzon ve \u00e7evresine yer alan \u0130sve\u00e7 vatanda\u015f\u0131na belge tasdiki yapmak yetkisi verilmi\u015ftir.<\/span><br \/>\n<span style=\"font-family: Roboto; font-size: 14px;\"><strong>\u0130sve\u00e7 Trabzon Fahri Konsolosluk<\/strong>, T\u00fcrk vatanda\u015f\u0131na vize hizmeti verme yetkileri verilmemi\u015ftir. <span style=\"color: #2acec2;\"><strong><a style=\"color: #2acec2;\" href=\"https:\/\/www.myvize.com.tr\/isvec\/vize-islemleri\/isvec-vizesi\/\" target=\"_blank\" rel=\"noopener\">\u0130sve\u00e7 vizesi<\/a><\/strong><\/span> ba\u015fvurusunu de\u011ferlendirme yetkisi \u0130sve\u00e7 Ankara B\u00fcy\u00fckel\u00e7iliki\u2019ne ve<span style=\"color: #2acec2;\"><strong><a style=\"color: #2acec2;\" href=\"https:\/\/www.myvize.com.tr\/isvec\/konsolosluklar\/isvec-istanbul-fahri-konsoloslugu\/\" target=\"_blank\" rel=\"noopener\"> \u0130sve\u00e7 \u0130stanbul Ba\u015fkonsoloslu\u011fu<\/a><\/strong><\/span>\u2019na verilmi\u015ftir.<\/span><br \/>\n<span style=\"font-family: Roboto; font-size: 14px;\">\u0130sve\u00e7 Trabzon Fahri Konsoloslu\u011fa, Trabzon ve \u00e7evresine i\u015f kurmu\u015f \u0130sve\u00e7 vatanda\u015f\u0131na ticari destek sa\u011flamakta.<\/span><br \/>\n<span style=\"font-family: Roboto; font-size: 14px;\"><strong>\u0130sve\u00e7 Trabzon Fahri Konsolosluk<\/strong>, \u0130sve\u00e7 k\u00fclt\u00fcr\u00fc Trabzon ve \u00e7evresine tan\u0131tmaktad\u0131r.<\/span><br \/>\n<span style=\"font-family: Roboto; font-size: 14px;\"><strong>\u0130sve\u00e7 Trabzon Fahri Konsoloslu\u011fu<\/strong> \u00c7al\u0131\u015fma Saatleri ve \u0130leti\u015fim Bilgileri<\/span><br \/>\n<span style=\"font-family: Roboto; font-size: 14px;\">Adresi: Yeni Mahalle, Devlet Sahil Yolu Caddesi, No: 44, Ortahisar\/Trabzon<\/span><br \/>\n<span style=\"font-family: Roboto; font-size: 14px;\">\u00c7al\u0131\u015fma Saati: Hafta i\u00e7i saat 09.00 ve 16.00 aras\u0131 \u00e7al\u0131\u015fmaktad\u0131r.<\/span><\/p>\n","protected":false},"excerpt":{"rendered":"<p>\u0130sve\u00e7 Trabzon Konsolosu Kimdir? \u0130sve\u00e7\u2019in Trabzon Fahri Konsolosu, \u0130sve\u00e7 ile T\u00fcrkiye aras\u0131nda ki ili\u015fkilerin ilerlemesi i\u00e7in \u00f6nemli bir nokta da yer almaktad\u0131r. T\u00fcrkiye ve \u0130sve\u00e7 aras\u0131ndaki ili\u015fkiyi her alanda d\u00fczenlemeleri ama\u00e7lamaktad\u0131r. G\u00f6rev b\u00f6lgesi i\u00e7indeki \u0130sve\u00e7 vatanda\u015flar\u0131n\u0131n sorunlar\u0131 ile ilgilenmekde ve \u0130sve\u00e7 vatanda\u015f\u0131na her alanda destek olmaktad\u0131r. \u0130sve\u00e7 Trabzon Fahri Konsolosu g\u00f6rev b\u00f6lgesi i\u00e7inde \u0130sve\u00e7 etkinli\u011fini<\/p>\n","protected":false},"author":1,"featured_media":0,"parent":69,"menu_order":0,"comment_status":"open","ping_status":"closed","template":"","meta":{"footnotes":""},"class_list":["post-84","page","type-page","status-publish","hentry"],"yoast_head":"<!-- This site is optimized with the Yoast SEO plugin v24.0 - https:\/\/yoast.com\/wordpress\/plugins\/seo\/ -->\n<title>\u0130sve\u00e7 Trabzon Fahri Konsoloslu\u011fu - MyVize<\/title>\n<meta name=\"description\" content=\"\u0130sve\u00e7 Trabzon Fahri Konsoloslu\u011fu \u0130leti\u015fim Bilgileri Telefon Numaras\u0131 Mail Adresi Bilgileri \u0130\u00e7erir. \u0130sve\u00e7 Vize Dan\u0131\u015fman\u0131 \u0130\u00e7in Hemen Aray\u0131n.\" \/>\n<meta name=\"robots\" content=\"index, follow, max-snippet:-1, max-image-preview:large, max-video-preview:-1\" \/>\n<link rel=\"canonical\" href=\"https:\/\/www.myvize.com.tr\/isvec\/konsolosluklar\/trabzon-fahri-konsoloslugu\/\" \/>\n<meta property=\"og:locale\" content=\"tr_TR\" \/>\n<meta property=\"og:type\" content=\"article\" \/>\n<meta property=\"og:title\" content=\"\u0130sve\u00e7 Trabzon Fahri Konsoloslu\u011fu - MyVize\" \/>\n<meta property=\"og:description\" content=\"\u0130sve\u00e7 Trabzon Fahri Konsoloslu\u011fu \u0130leti\u015fim Bilgileri Telefon Numaras\u0131 Mail Adresi Bilgileri \u0130\u00e7erir. \u0130sve\u00e7 Vize Dan\u0131\u015fman\u0131 \u0130\u00e7in Hemen Aray\u0131n.\" \/>\n<meta property=\"og:url\" content=\"https:\/\/www.myvize.com.tr\/isvec\/konsolosluklar\/trabzon-fahri-konsoloslugu\/\" \/>\n<meta property=\"og:site_name\" content=\"\u0130sve\u00e7 Vizesi\" \/>\n<meta property=\"article:modified_time\" content=\"2022-06-24T14:01:37+00:00\" \/>\n<meta name=\"twitter:card\" content=\"summary_large_image\" \/>\n<meta name=\"twitter:label1\" content=\"Tahmini okuma s\u00fcresi\" \/>\n\t<meta name=\"twitter:data1\" content=\"5 dakika\" \/>\n<script type=\"application\/ld+json\" class=\"yoast-schema-graph\">{\"@context\":\"https:\/\/schema.org\",\"@graph\":[{\"@type\":\"WebPage\",\"@id\":\"https:\/\/www.myvize.com.tr\/isvec\/konsolosluklar\/trabzon-fahri-konsoloslugu\/\",\"url\":\"https:\/\/www.myvize.com.tr\/isvec\/konsolosluklar\/trabzon-fahri-konsoloslugu\/\",\"name\":\"\u0130sve\u00e7 Trabzon Fahri Konsoloslu\u011fu - MyVize\",\"isPartOf\":{\"@id\":\"https:\/\/www.myvize.com.tr\/isvec\/#website\"},\"datePublished\":\"2020-11-30T10:05:08+00:00\",\"dateModified\":\"2022-06-24T14:01:37+00:00\",\"description\":\"\u0130sve\u00e7 Trabzon Fahri Konsoloslu\u011fu \u0130leti\u015fim Bilgileri Telefon Numaras\u0131 Mail Adresi Bilgileri \u0130\u00e7erir. \u0130sve\u00e7 Vize Dan\u0131\u015fman\u0131 \u0130\u00e7in Hemen Aray\u0131n.\",\"breadcrumb\":{\"@id\":\"https:\/\/www.myvize.com.tr\/isvec\/konsolosluklar\/trabzon-fahri-konsoloslugu\/#breadcrumb\"},\"inLanguage\":\"tr\",\"potentialAction\":[{\"@type\":\"ReadAction\",\"target\":[\"https:\/\/www.myvize.com.tr\/isvec\/konsolosluklar\/trabzon-fahri-konsoloslugu\/\"]}]},{\"@type\":\"BreadcrumbList\",\"@id\":\"https:\/\/www.myvize.com.tr\/isvec\/konsolosluklar\/trabzon-fahri-konsoloslugu\/#breadcrumb\",\"itemListElement\":[{\"@type\":\"ListItem\",\"position\":1,\"name\":\"Anasayfa\",\"item\":\"https:\/\/www.myvize.com.tr\/isvec\/\"},{\"@type\":\"ListItem\",\"position\":2,\"name\":\"KONSOLOSLUKLAR\",\"item\":\"https:\/\/www.myvize.com.tr\/isvec\/konsolosluklar\/\"},{\"@type\":\"ListItem\",\"position\":3,\"name\":\"\u0130sve\u00e7 Trabzon Konsoloslu\u011fu\"}]},{\"@type\":\"WebSite\",\"@id\":\"https:\/\/www.myvize.com.tr\/isvec\/#website\",\"url\":\"https:\/\/www.myvize.com.tr\/isvec\/\",\"name\":\"\u0130sve\u00e7 Vizesi\",\"description\":\"\",\"potentialAction\":[{\"@type\":\"SearchAction\",\"target\":{\"@type\":\"EntryPoint\",\"urlTemplate\":\"https:\/\/www.myvize.com.tr\/isvec\/?s={search_term_string}\"},\"query-input\":{\"@type\":\"PropertyValueSpecification\",\"valueRequired\":true,\"valueName\":\"search_term_string\"}}],\"inLanguage\":\"tr\"}]}<\/script>\n<!-- \/ Yoast SEO plugin. -->","yoast_head_json":{"title":"\u0130sve\u00e7 Trabzon Fahri Konsoloslu\u011fu - MyVize","description":"\u0130sve\u00e7 Trabzon Fahri Konsoloslu\u011fu \u0130leti\u015fim Bilgileri Telefon Numaras\u0131 Mail Adresi Bilgileri \u0130\u00e7erir. \u0130sve\u00e7 Vize Dan\u0131\u015fman\u0131 \u0130\u00e7in Hemen Aray\u0131n.","robots":{"index":"index","follow":"follow","max-snippet":"max-snippet:-1","max-image-preview":"max-image-preview:large","max-video-preview":"max-video-preview:-1"},"canonical":"https:\/\/www.myvize.com.tr\/isvec\/konsolosluklar\/trabzon-fahri-konsoloslugu\/","og_locale":"tr_TR","og_type":"article","og_title":"\u0130sve\u00e7 Trabzon Fahri Konsoloslu\u011fu - MyVize","og_description":"\u0130sve\u00e7 Trabzon Fahri Konsoloslu\u011fu \u0130leti\u015fim Bilgileri Telefon Numaras\u0131 Mail Adresi Bilgileri \u0130\u00e7erir. \u0130sve\u00e7 Vize Dan\u0131\u015fman\u0131 \u0130\u00e7in Hemen Aray\u0131n.","og_url":"https:\/\/www.myvize.com.tr\/isvec\/konsolosluklar\/trabzon-fahri-konsoloslugu\/","og_site_name":"\u0130sve\u00e7 Vizesi","article_modified_time":"2022-06-24T14:01:37+00:00","twitter_card":"summary_large_image","twitter_misc":{"Tahmini okuma s\u00fcresi":"5 dakika"},"schema":{"@context":"https:\/\/schema.org","@graph":[{"@type":"WebPage","@id":"https:\/\/www.myvize.com.tr\/isvec\/konsolosluklar\/trabzon-fahri-konsoloslugu\/","url":"https:\/\/www.myvize.com.tr\/isvec\/konsolosluklar\/trabzon-fahri-konsoloslugu\/","name":"\u0130sve\u00e7 Trabzon Fahri Konsoloslu\u011fu - MyVize","isPartOf":{"@id":"https:\/\/www.myvize.com.tr\/isvec\/#website"},"datePublished":"2020-11-30T10:05:08+00:00","dateModified":"2022-06-24T14:01:37+00:00","description":"\u0130sve\u00e7 Trabzon Fahri Konsoloslu\u011fu \u0130leti\u015fim Bilgileri Telefon Numaras\u0131 Mail Adresi Bilgileri \u0130\u00e7erir. \u0130sve\u00e7 Vize Dan\u0131\u015fman\u0131 \u0130\u00e7in Hemen Aray\u0131n.","breadcrumb":{"@id":"https:\/\/www.myvize.com.tr\/isvec\/konsolosluklar\/trabzon-fahri-konsoloslugu\/#breadcrumb"},"inLanguage":"tr","potentialAction":[{"@type":"ReadAction","target":["https:\/\/www.myvize.com.tr\/isvec\/konsolosluklar\/trabzon-fahri-konsoloslugu\/"]}]},{"@type":"BreadcrumbList","@id":"https:\/\/www.myvize.com.tr\/isvec\/konsolosluklar\/trabzon-fahri-konsoloslugu\/#breadcrumb","itemListElement":[{"@type":"ListItem","position":1,"name":"Anasayfa","item":"https:\/\/www.myvize.com.tr\/isvec\/"},{"@type":"ListItem","position":2,"name":"KONSOLOSLUKLAR","item":"https:\/\/www.myvize.com.tr\/isvec\/konsolosluklar\/"},{"@type":"ListItem","position":3,"name":"\u0130sve\u00e7 Trabzon Konsoloslu\u011fu"}]},{"@type":"WebSite","@id":"https:\/\/www.myvize.com.tr\/isvec\/#website","url":"https:\/\/www.myvize.com.tr\/isvec\/","name":"\u0130sve\u00e7 Vizesi","description":"","potentialAction":[{"@type":"SearchAction","target":{"@type":"EntryPoint","urlTemplate":"https:\/\/www.myvize.com.tr\/isvec\/?s={search_term_string}"},"query-input":{"@type":"PropertyValueSpecification","valueRequired":true,"valueName":"search_term_string"}}],"inLanguage":"tr"}]}},"_links":{"self":[{"href":"https:\/\/www.myvize.com.tr\/isvec\/wp-json\/wp\/v2\/pages\/84","targetHints":{"allow":["GET"]}}],"collection":[{"href":"https:\/\/www.myvize.com.tr\/isvec\/wp-json\/wp\/v2\/pages"}],"about":[{"href":"https:\/\/www.myvize.com.tr\/isvec\/wp-json\/wp\/v2\/types\/page"}],"author":[{"embeddable":true,"href":"https:\/\/www.myvize.com.tr\/isvec\/wp-json\/wp\/v2\/users\/1"}],"replies":[{"embeddable":true,"href":"https:\/\/www.myvize.com.tr\/isvec\/wp-json\/wp\/v2\/comments?post=84"}],"version-history":[{"count":8,"href":"https:\/\/www.myvize.com.tr\/isvec\/wp-json\/wp\/v2\/pages\/84\/revisions"}],"predecessor-version":[{"id":823,"href":"https:\/\/www.myvize.com.tr\/isvec\/wp-json\/wp\/v2\/pages\/84\/revisions\/823"}],"up":[{"embeddable":true,"href":"https:\/\/www.myvize.com.tr\/isvec\/wp-json\/wp\/v2\/pages\/69"}],"wp:attachment":[{"href":"https:\/\/www.myvize.com.tr\/isvec\/wp-json\/wp\/v2\/media?parent=84"}],"curies":[{"name":"wp","href":"https:\/\/api.w.org\/{rel}","templated":true}]}}