{"id":86,"date":"2020-11-30T13:05:31","date_gmt":"2020-11-30T10:05:31","guid":{"rendered":"https:\/\/www.myvize.com.tr\/isvec\/?page_id=86"},"modified":"2022-06-04T13:01:42","modified_gmt":"2022-06-04T10:01:42","slug":"edirne-fahri-konsoloslugu","status":"publish","type":"page","link":"https:\/\/www.myvize.com.tr\/isvec\/konsolosluklar\/edirne-fahri-konsoloslugu\/","title":{"rendered":"\u0130sve\u00e7 Edirne Konsoloslu\u011fu"},"content":{"rendered":"<h2><span style=\"font-family: Roboto; font-size: 27px;\"><strong>Edirne \u0130sve\u00e7 Fahri Konsoloslu\u011fu Hakk\u0131nda<\/strong><\/span><\/h2>\n<p><span style=\"font-family: Roboto; font-size: 14px;\">\u0130sve\u00e7\u2019in T\u00fcrkiye\u2019de bulunan fahri konsoloslukundan birisi <strong>\u0130sve\u00e7 Edirne Fahri Konsoloslu\u011fu<\/strong>. \u0130sve\u00e7\u2019in Edirne Fahri Konsolosluk, Edirne ve \u00e7evresinde bulunan illler de\u00a0ki \u0130sve\u00e7 vatanda\u015f\u0131na hizmet vermektedir. G\u00f6rev alan\u0131 aras\u0131nda <span style=\"color: #2acec2;\"><strong><a style=\"color: #2acec2;\" href=\"https:\/\/www.myvize.com.tr\/isvec\/subelerimiz\/edirne\/\" target=\"_blank\" rel=\"noopener\">Edirne<\/a><\/strong><\/span>, Tekirda\u011f ve K\u0131rklareli bulunmakta. <strong>\u0130sve\u00e7 Edirne Fahri Konsoloslu\u011fu<\/strong> g\u00f6rev ve yetkisi a\u015fa\u011f\u0131da verilmi\u015ftir.<\/span><br \/>\n<span style=\"font-family: Roboto; font-size: 14px;\">\u0130sve\u00e7\u2019in Edirne\u2019de bulunan Edirne Fahri Konsolosluk, Ankara \u0130sve\u00e7 B\u00fcy\u00fckel\u00e7iliki\u2019ne ba\u011fl\u0131 olarak Edirne ve \u00e7evresin de \u00e7al\u0131\u015fma y\u00fcr\u00fctmekte.<\/span><\/p>\n<p><span style=\"font-family: Roboto; font-size: 14px;\"><strong>\u0130sve\u00e7 Edirne Fahri Konsoloslu\u011fu<\/strong> diplomatik bir yetkisi bulunmamakta.<\/span><br \/>\n<span style=\"font-family: Roboto; font-size: 14px;\">\u0130sve\u00e7 Edirne Konsolosluk, Edirne ve \u00e7evresin de i\u015f kurmu\u015f olan veya Edirne ve \u00e7evresinde ticaret yapma isteyen \u0130sve\u00e7 vatanda\u015f\u0131na destek olmaktad\u0131r.<\/span><br \/>\n<span style=\"font-family: Roboto; font-size: 14px;\">\u0130sve\u00e7 k\u00fclt\u00fcr\u00fc, Edirne ve \u00e7evresi tan\u0131tmak ama\u00e7lanmakta.<\/span><br \/>\n<span style=\"font-family: Roboto; font-size: 14px;\"><strong>\u0130sve\u00e7 Edirne Fahri Konsoloslu\u011fu<\/strong> diplomatik bir temsilcili\u011fi olmad\u0131\u011f\u0131nda dolay\u0131 \u0130sve\u00e7 vatanda\u015f\u0131na konsolosluk hizmeti vermemekte. \u0130sve\u00e7 Edirne Fahri Konsolosluk vize hizmeti de vermemekte.<\/span><\/p>\n<p><span style=\"font-size: 16px;\"><strong><span style=\"font-family: Roboto;\">\u0130sve\u00e7 Edirne Fahri Konsolosluk \u0130leti\u015fim Bilgisi ve \u00c7al\u0131\u015fma Saati:<\/span><\/strong><\/span><br \/>\n<span style=\"font-family: Roboto; font-size: 14px;\">Adres: Koca Sinan Mahallesi 78 4 . Sokak, No: 16, Edirne Merkez \/ Edirne<\/span><br \/>\n<span style=\"font-family: Roboto; font-size: 14px;\">\u00c7al\u0131\u015fma Saati: Hafta i\u00e7i 09.00 ile 16.00 aras\u0131 hizmet vermektedir.<\/span><\/p>\n<h2><strong><span style=\"font-family: Roboto; font-size: 27px;\">\u0130sve\u00e7 Edirne Fahri Konsolosu Kimdir?<\/span><\/strong><\/h2>\n<p><span style=\"font-family: Roboto; font-size: 14px;\"><strong>\u0130sve\u00e7\u2019in Edirne Fahri Konsolosu<\/strong>, \u0130sve\u00e7 ile T\u00fcrkiye aras\u0131nda ki ili\u015fkilerin ilerlemesi i\u00e7in \u00f6nemli bir nokta da yer almaktad\u0131r. T\u00fcrkiye ve \u0130sve\u00e7 aras\u0131ndaki ili\u015fkiyi her alanda d\u00fczenlemeleri ama\u00e7lamaktad\u0131r. G\u00f6rev b\u00f6lgesi i\u00e7indeki \u0130sve\u00e7 vatanda\u015flar\u0131n\u0131n sorunlar\u0131 ile ilgilenmekde ve \u0130sve\u00e7 vatanda\u015f\u0131na her alanda destek olmaktad\u0131r. \u0130sve\u00e7 Edirne Fahri Konsolosu g\u00f6rev b\u00f6lgesi i\u00e7inde \u0130sve\u00e7 etkinli\u011fini artt\u0131rmay\u0131 ve bu b\u00f6lgede<strong> \u0130sve\u00e7 k\u00fclt\u00fcr\u00fc<\/strong> tan\u0131tmay\u0131 ama\u00e7lamaktad\u0131r. G\u00f6rev b\u00f6lgesi i\u00e7inde \u0130sve\u00e7 i\u00e7in yeni yat\u0131r\u0131m alan\u0131 aramakta ve yeni i\u015f birlikinin yap\u0131lmas\u0131n\u0131 sa\u011flamaktad\u0131r. \u0130sve\u00e7 Edirne Fahri Konsolosu, \u0130sve\u00e7\u2019in T\u00fcrkiye\u2019de ki hak ve \u00e7\u0131karlar\u0131n\u0131 savunmakta. \u0130sve\u00e7 Ankara B\u00fcy\u00fckel\u00e7isi\u2019ne ba\u011fl\u0131 olarak \u00e7al\u0131\u015fmalar y\u00fcr\u00fctmektedir. \u0130sve\u00e7 Edirne Konsolosu hakk\u0131nda detayl\u0131 bilgiler almak i\u00e7in \u0130sve\u00e7 Konsoloslu\u011funun resmi internet sitesi ziyaret ederek \u0130sve\u00e7 Edirne Konsolosu hakk\u0131nda detayl\u0131 bilgiler alabilirsiniz.<\/span><\/p>\n<h2><strong><span style=\"font-family: Roboto; font-size: 27px;\">\u0130sve\u00e7 Edirne Konsoloslu\u011fu Vize \u0130\u015flemleri<\/span><\/strong><\/h2>\n<p><span style=\"font-family: Roboto; font-size: 14px;\"><strong>\u00a0\u0130sve\u00e7\u2019e seyahat etmek<\/strong> isteyen ile\u00a0 \u0130sve\u00e7 seyahatleri i\u00e7in vize alacak olan ki\u015filer,\u00a0<strong> \u0130sve\u00e7 vize ba\u015fvurusu<\/strong> \u00a0 \u0130sve\u00e7 Edirne\u00a0 Konsoloslu\u011funa yapabilir.\u00a0 \u0130sve\u00e7 Edirne Konsoloslu\u011fu\u2019na vize ba\u015fvurusu yapacak olan ki\u015filer,\u00a0 \u0130sve\u00e7 Edirne\u00a0 Konsoloslu\u011fu vize i\u015flemleri hakk\u0131nda ara\u015ft\u0131rma yapmaktad\u0131r. A\u015fa\u011f\u0131da\u00a0 \u0130sve\u00e7 Edirne Konsoloslu\u011fu vize i\u015flemleri hakk\u0131nda bilgi verilmi\u015ftir.\u00a0 \u0130sve\u00e7 Edirne Konsoloslu\u011fu vize ba\u015fvurusu yapacak olan ki\u015filer, \u00f6ncelikle\u00a0 \u0130sve\u00e7 seyahat ama\u00e7lar\u0131na uygun vize t\u00fcr\u00fcn\u00fc belirlemelidir. Vize t\u00fcr\u00fc belirleyen ki\u015filer,\u00a0 \u0130sve\u00e7 Edirne Konsoloslu\u011fu vize i\u015flemi i\u00e7in konsolosluk ile ileti\u015fime ge\u00e7erek randevusunu alabilir.<\/span><\/p>\n<p><span style=\"font-family: Roboto; font-size: 14px;\">Randevu alan ki\u015fi, randevu tarihine kadar\u00a0 <strong>\u0130sve\u00e7 vizesi i\u00e7in gerekli olan evrak\u0131<\/strong> haz\u0131rlamal\u0131d\u0131r. Haz\u0131rlanan evraklar \u0130sve\u00e7 Edirne Konsoloslu\u011fu\u2019na randevu tarihinde teslim edilmeli ve\u00a0 \u0130sve\u00e7 Edirne Konsoloslu\u011fu vize i\u015flemleri yerine getirilmelidir.\u00a0 \u0130sve\u00e7 Edirne Konsoloslu\u011fu\u2019na yap\u0131lan ba\u015fvuru inceleme ve de\u011ferlendirme yetkisi\u00a0 \u0130sve\u00e7\u2019in Ankara B\u00fcy\u00fckel\u00e7ili\u011fi ile \u0130stanbul Ba\u015fkonsoloslu\u011funa aittir. Ba\u015fvuru vize t\u00fcr\u00fcne g\u00f6re farkl\u0131 s\u00fcrede sonu\u00e7lanabilir.<\/span><\/p>\n<h2><strong><span style=\"font-family: Roboto; font-size: 27px;\">\u0130sve\u00e7 Edirne Konsoloslu\u011fu Vize Randevusu<\/span><\/strong><\/h2>\n<p><span style=\"font-family: Roboto; font-size: 14px;\"><strong>\u00a0\u0130sve\u00e7\u2019e seyahat<\/strong> edecek olan ki\u015fi,\u00a0 \u0130sve\u00e7 seyahatleri i\u00e7in vize almal\u0131.\u00a0 \u0130sve\u00e7 vizesi alacak olan ki\u015fi,\u00a0 \u0130sve\u00e7 Edirne Konsoloslu\u011fundan randevu al\u0131p almamas\u0131 gerekti\u011fi hakk\u0131nda ara\u015ft\u0131rmalar yapmaktad\u0131r. Bu yaz\u0131da\u00a0 \u0130sve\u00e7 Edirne Konsoloslu\u011fu vize ba\u015fvurusu yapacak olan ki\u015fi i\u00e7in\u00a0 \u0130sve\u00e7 Edirne\u00a0 Konsoloslu\u011fu vize randevusu hakk\u0131nda bilgi verilmi\u015ftir.\u00a0<strong> \u0130sve\u00e7 Edirne\u00a0 Konsoloslu\u011fu<\/strong> vize ba\u015fvurusu yapacak olan ki\u015filerin ba\u015fvurusu i\u00e7in randevu almalar\u0131 gerekmektedir. Randevu\u00a0 \u0130sve\u00e7 Edirne Konsoloslu\u011fu ile ileti\u015fim ge\u00e7erek al\u0131nabilir. Randevu alm\u0131\u015f olan ki\u015filer,\u00a0 \u0130sve\u00e7 Edirne Konsoloslu\u011fu randevu tarihinde gerekli olan evraklar\u0131 yetkililere teslim ederek ba\u015fvuru yerine getirmeli.\u00a0 \u0130sve\u00e7 Edirne Konsoloslu\u011fu vize randevusu alm\u0131\u015f olan ki\u015filerin randevu tarihini ka\u00e7\u0131rmamas\u0131 gerekmektedir.\u00a0 \u0130sve\u00e7 Edirne Konsoloslu\u011fu vize randevusu alm\u0131\u015f olan ki\u015finin randevusu ka\u00e7\u0131rmas\u0131 durumuna vize ba\u015fvuru kabul edilmeyebilir. Bu durum da ba\u015fvuru yapacak olan ki\u015filerin yeniden\u00a0 \u0130sve\u00e7 Edirne Konsoloslu\u011fu\u2019ndan randevu almas\u0131 gerekebilir.\u00a0 \u0130sve\u00e7 seyahat plan\u0131 aksayabilir.<\/span><\/p>\n<h3><strong><span style=\"font-family: Roboto; font-size: 24px;\">\u0130sve\u00e7 Edirne Konsoloslu\u011fu Vize Ba\u015fvurusu<\/span><\/strong><\/h3>\n<p><span style=\"font-family: Roboto; font-size: 14px;\">\u00a0\u0130sve\u00e7\u2019in T\u00fcrkiye temsilcili\u011finden birisi\u00a0 \u0130sve\u00e7 Edirne Konsoloslu\u011fu\u2019dur.\u00a0 \u0130sve\u00e7 Edirne Konsoloslu\u011funa vize ba\u015fvurusu yapacak olan ki\u015filer,\u00a0 \u0130sve\u00e7 Edirne Konsoloslu\u011fu vize ba\u015fvuru hakk\u0131nda ara\u015ft\u0131rma yapmaktad\u0131r. Bu yaz\u0131 da\u00a0 \u0130sve\u00e7 Edirne Konsoloslu\u011fu vize ba\u015fvurusu hakk\u0131nda bilgiler verilmi\u015ftir.\u00a0 \u0130sve\u00e7 Edirne Konsoloslu\u011fu vize ba\u015fvurusu yapacak olan ki\u015filer,\u00a0 \u0130sve\u00e7 Edirne Konsoloslu\u011fundan randevu almal\u0131d\u0131r. Randevu tarihlerine kadar\u00a0<span style=\"color: #2acec2;\"><strong><a style=\"color: #2acec2;\" href=\"https:\/\/www.myvize.com.tr\/isvec\/vize-islemleri\/isvec-vizesi\/\" target=\"_blank\" rel=\"noopener\"> \u0130sve\u00e7 vizesi <\/a><\/strong><\/span>i\u00e7in gerekli olan evraklar eksiksiz olarak haz\u0131rlamal\u0131 ve randevu tarihlerinde yetkiliye teslim edilmelidir. Ba\u015fvuru yapacak olan ki\u015fi,\u00a0 \u0130sve\u00e7 Edirne Konsoloslu\u011funa parmak izi verisi vermeleri gerekmektedir. Ayr\u0131ca vize ba\u015fvurusu yapacak olan ki\u015finin vize \u00fccretini \u00f6demesi gerekmektedir.\u00a0 \u0130sve\u00e7 Edirne Konsoloslu\u011fu\u2019na vize ba\u015fvurusu yapacak olan ki\u015fi,\u00a0 <strong>\u0130sve\u00e7 Edirne Konsoloslu\u011fu vize ba\u015fvurusu<\/strong> i\u00e7in gerekli olan evraklar\u0131 eksiksiz \u015fekilde haz\u0131rlamal\u0131d\u0131r. Evrak\u00a0 \u0130sve\u00e7 seyahat ama\u00e7lar\u0131n\u0131 kan\u0131t nitelikte olmal\u0131d\u0131r. Ba\u015fvuru yapacak olan ki\u015filer,\u00a0 \u0130sve\u00e7\u2019de bulundu\u011fu s\u00fcre boyunca seyahat masraflar\u0131n\u0131 kar\u015f\u0131layacak maddi duruma sahip olmal\u0131.<\/span><\/p>\n","protected":false},"excerpt":{"rendered":"<p>Edirne \u0130sve\u00e7 Fahri Konsoloslu\u011fu Hakk\u0131nda \u0130sve\u00e7\u2019in T\u00fcrkiye\u2019de bulunan fahri konsoloslukundan birisi \u0130sve\u00e7 Edirne Fahri Konsoloslu\u011fu. \u0130sve\u00e7\u2019in Edirne Fahri Konsolosluk, Edirne ve \u00e7evresinde bulunan illler de\u00a0ki \u0130sve\u00e7 vatanda\u015f\u0131na hizmet vermektedir. G\u00f6rev alan\u0131 aras\u0131nda Edirne, Tekirda\u011f ve K\u0131rklareli bulunmakta. \u0130sve\u00e7 Edirne Fahri Konsoloslu\u011fu g\u00f6rev ve yetkisi a\u015fa\u011f\u0131da verilmi\u015ftir. \u0130sve\u00e7\u2019in Edirne\u2019de bulunan Edirne Fahri Konsolosluk, Ankara \u0130sve\u00e7 B\u00fcy\u00fckel\u00e7iliki\u2019ne<\/p>\n","protected":false},"author":1,"featured_media":0,"parent":69,"menu_order":0,"comment_status":"open","ping_status":"closed","template":"","meta":{"footnotes":""},"class_list":["post-86","page","type-page","status-publish","hentry"],"yoast_head":"<!-- This site is optimized with the Yoast SEO plugin v24.0 - https:\/\/yoast.com\/wordpress\/plugins\/seo\/ -->\n<title>\u0130sve\u00e7 Edirne Fahri Konsoloslu\u011fu - MyVize<\/title>\n<meta name=\"description\" content=\"\u0130sve\u00e7 Edirne Fahri Konsoloslu\u011fu \u0130leti\u015fim Bilgileri Telefon Numaras\u0131 Mail Adresi Bilgileri \u0130\u00e7erir. \u0130sve\u00e7 Vize Dan\u0131\u015fman\u0131 \u0130\u00e7in Hemen Aray\u0131n.\" \/>\n<meta name=\"robots\" content=\"index, follow, max-snippet:-1, max-image-preview:large, max-video-preview:-1\" \/>\n<link rel=\"canonical\" href=\"https:\/\/www.myvize.com.tr\/isvec\/konsolosluklar\/edirne-fahri-konsoloslugu\/\" \/>\n<meta property=\"og:locale\" content=\"tr_TR\" \/>\n<meta property=\"og:type\" content=\"article\" \/>\n<meta property=\"og:title\" content=\"\u0130sve\u00e7 Edirne Fahri Konsoloslu\u011fu - MyVize\" \/>\n<meta property=\"og:description\" content=\"\u0130sve\u00e7 Edirne Fahri Konsoloslu\u011fu \u0130leti\u015fim Bilgileri Telefon Numaras\u0131 Mail Adresi Bilgileri \u0130\u00e7erir. \u0130sve\u00e7 Vize Dan\u0131\u015fman\u0131 \u0130\u00e7in Hemen Aray\u0131n.\" \/>\n<meta property=\"og:url\" content=\"https:\/\/www.myvize.com.tr\/isvec\/konsolosluklar\/edirne-fahri-konsoloslugu\/\" \/>\n<meta property=\"og:site_name\" content=\"\u0130sve\u00e7 Vizesi\" \/>\n<meta property=\"article:modified_time\" content=\"2022-06-04T10:01:42+00:00\" \/>\n<meta name=\"twitter:card\" content=\"summary_large_image\" \/>\n<meta name=\"twitter:label1\" content=\"Tahmini okuma s\u00fcresi\" \/>\n\t<meta name=\"twitter:data1\" content=\"3 dakika\" \/>\n<script type=\"application\/ld+json\" class=\"yoast-schema-graph\">{\"@context\":\"https:\/\/schema.org\",\"@graph\":[{\"@type\":\"WebPage\",\"@id\":\"https:\/\/www.myvize.com.tr\/isvec\/konsolosluklar\/edirne-fahri-konsoloslugu\/\",\"url\":\"https:\/\/www.myvize.com.tr\/isvec\/konsolosluklar\/edirne-fahri-konsoloslugu\/\",\"name\":\"\u0130sve\u00e7 Edirne Fahri Konsoloslu\u011fu - MyVize\",\"isPartOf\":{\"@id\":\"https:\/\/www.myvize.com.tr\/isvec\/#website\"},\"datePublished\":\"2020-11-30T10:05:31+00:00\",\"dateModified\":\"2022-06-04T10:01:42+00:00\",\"description\":\"\u0130sve\u00e7 Edirne Fahri Konsoloslu\u011fu \u0130leti\u015fim Bilgileri Telefon Numaras\u0131 Mail Adresi Bilgileri \u0130\u00e7erir. \u0130sve\u00e7 Vize Dan\u0131\u015fman\u0131 \u0130\u00e7in Hemen Aray\u0131n.\",\"breadcrumb\":{\"@id\":\"https:\/\/www.myvize.com.tr\/isvec\/konsolosluklar\/edirne-fahri-konsoloslugu\/#breadcrumb\"},\"inLanguage\":\"tr\",\"potentialAction\":[{\"@type\":\"ReadAction\",\"target\":[\"https:\/\/www.myvize.com.tr\/isvec\/konsolosluklar\/edirne-fahri-konsoloslugu\/\"]}]},{\"@type\":\"BreadcrumbList\",\"@id\":\"https:\/\/www.myvize.com.tr\/isvec\/konsolosluklar\/edirne-fahri-konsoloslugu\/#breadcrumb\",\"itemListElement\":[{\"@type\":\"ListItem\",\"position\":1,\"name\":\"Anasayfa\",\"item\":\"https:\/\/www.myvize.com.tr\/isvec\/\"},{\"@type\":\"ListItem\",\"position\":2,\"name\":\"KONSOLOSLUKLAR\",\"item\":\"https:\/\/www.myvize.com.tr\/isvec\/konsolosluklar\/\"},{\"@type\":\"ListItem\",\"position\":3,\"name\":\"\u0130sve\u00e7 Edirne Konsoloslu\u011fu\"}]},{\"@type\":\"WebSite\",\"@id\":\"https:\/\/www.myvize.com.tr\/isvec\/#website\",\"url\":\"https:\/\/www.myvize.com.tr\/isvec\/\",\"name\":\"\u0130sve\u00e7 Vizesi\",\"description\":\"\",\"potentialAction\":[{\"@type\":\"SearchAction\",\"target\":{\"@type\":\"EntryPoint\",\"urlTemplate\":\"https:\/\/www.myvize.com.tr\/isvec\/?s={search_term_string}\"},\"query-input\":{\"@type\":\"PropertyValueSpecification\",\"valueRequired\":true,\"valueName\":\"search_term_string\"}}],\"inLanguage\":\"tr\"}]}<\/script>\n<!-- \/ Yoast SEO plugin. -->","yoast_head_json":{"title":"\u0130sve\u00e7 Edirne Fahri Konsoloslu\u011fu - MyVize","description":"\u0130sve\u00e7 Edirne Fahri Konsoloslu\u011fu \u0130leti\u015fim Bilgileri Telefon Numaras\u0131 Mail Adresi Bilgileri \u0130\u00e7erir. \u0130sve\u00e7 Vize Dan\u0131\u015fman\u0131 \u0130\u00e7in Hemen Aray\u0131n.","robots":{"index":"index","follow":"follow","max-snippet":"max-snippet:-1","max-image-preview":"max-image-preview:large","max-video-preview":"max-video-preview:-1"},"canonical":"https:\/\/www.myvize.com.tr\/isvec\/konsolosluklar\/edirne-fahri-konsoloslugu\/","og_locale":"tr_TR","og_type":"article","og_title":"\u0130sve\u00e7 Edirne Fahri Konsoloslu\u011fu - MyVize","og_description":"\u0130sve\u00e7 Edirne Fahri Konsoloslu\u011fu \u0130leti\u015fim Bilgileri Telefon Numaras\u0131 Mail Adresi Bilgileri \u0130\u00e7erir. \u0130sve\u00e7 Vize Dan\u0131\u015fman\u0131 \u0130\u00e7in Hemen Aray\u0131n.","og_url":"https:\/\/www.myvize.com.tr\/isvec\/konsolosluklar\/edirne-fahri-konsoloslugu\/","og_site_name":"\u0130sve\u00e7 Vizesi","article_modified_time":"2022-06-04T10:01:42+00:00","twitter_card":"summary_large_image","twitter_misc":{"Tahmini okuma s\u00fcresi":"3 dakika"},"schema":{"@context":"https:\/\/schema.org","@graph":[{"@type":"WebPage","@id":"https:\/\/www.myvize.com.tr\/isvec\/konsolosluklar\/edirne-fahri-konsoloslugu\/","url":"https:\/\/www.myvize.com.tr\/isvec\/konsolosluklar\/edirne-fahri-konsoloslugu\/","name":"\u0130sve\u00e7 Edirne Fahri Konsoloslu\u011fu - MyVize","isPartOf":{"@id":"https:\/\/www.myvize.com.tr\/isvec\/#website"},"datePublished":"2020-11-30T10:05:31+00:00","dateModified":"2022-06-04T10:01:42+00:00","description":"\u0130sve\u00e7 Edirne Fahri Konsoloslu\u011fu \u0130leti\u015fim Bilgileri Telefon Numaras\u0131 Mail Adresi Bilgileri \u0130\u00e7erir. \u0130sve\u00e7 Vize Dan\u0131\u015fman\u0131 \u0130\u00e7in Hemen Aray\u0131n.","breadcrumb":{"@id":"https:\/\/www.myvize.com.tr\/isvec\/konsolosluklar\/edirne-fahri-konsoloslugu\/#breadcrumb"},"inLanguage":"tr","potentialAction":[{"@type":"ReadAction","target":["https:\/\/www.myvize.com.tr\/isvec\/konsolosluklar\/edirne-fahri-konsoloslugu\/"]}]},{"@type":"BreadcrumbList","@id":"https:\/\/www.myvize.com.tr\/isvec\/konsolosluklar\/edirne-fahri-konsoloslugu\/#breadcrumb","itemListElement":[{"@type":"ListItem","position":1,"name":"Anasayfa","item":"https:\/\/www.myvize.com.tr\/isvec\/"},{"@type":"ListItem","position":2,"name":"KONSOLOSLUKLAR","item":"https:\/\/www.myvize.com.tr\/isvec\/konsolosluklar\/"},{"@type":"ListItem","position":3,"name":"\u0130sve\u00e7 Edirne Konsoloslu\u011fu"}]},{"@type":"WebSite","@id":"https:\/\/www.myvize.com.tr\/isvec\/#website","url":"https:\/\/www.myvize.com.tr\/isvec\/","name":"\u0130sve\u00e7 Vizesi","description":"","potentialAction":[{"@type":"SearchAction","target":{"@type":"EntryPoint","urlTemplate":"https:\/\/www.myvize.com.tr\/isvec\/?s={search_term_string}"},"query-input":{"@type":"PropertyValueSpecification","valueRequired":true,"valueName":"search_term_string"}}],"inLanguage":"tr"}]}},"_links":{"self":[{"href":"https:\/\/www.myvize.com.tr\/isvec\/wp-json\/wp\/v2\/pages\/86","targetHints":{"allow":["GET"]}}],"collection":[{"href":"https:\/\/www.myvize.com.tr\/isvec\/wp-json\/wp\/v2\/pages"}],"about":[{"href":"https:\/\/www.myvize.com.tr\/isvec\/wp-json\/wp\/v2\/types\/page"}],"author":[{"embeddable":true,"href":"https:\/\/www.myvize.com.tr\/isvec\/wp-json\/wp\/v2\/users\/1"}],"replies":[{"embeddable":true,"href":"https:\/\/www.myvize.com.tr\/isvec\/wp-json\/wp\/v2\/comments?post=86"}],"version-history":[{"count":5,"href":"https:\/\/www.myvize.com.tr\/isvec\/wp-json\/wp\/v2\/pages\/86\/revisions"}],"predecessor-version":[{"id":775,"href":"https:\/\/www.myvize.com.tr\/isvec\/wp-json\/wp\/v2\/pages\/86\/revisions\/775"}],"up":[{"embeddable":true,"href":"https:\/\/www.myvize.com.tr\/isvec\/wp-json\/wp\/v2\/pages\/69"}],"wp:attachment":[{"href":"https:\/\/www.myvize.com.tr\/isvec\/wp-json\/wp\/v2\/media?parent=86"}],"curies":[{"name":"wp","href":"https:\/\/api.w.org\/{rel}","templated":true}]}}