{"id":88,"date":"2020-11-30T13:05:51","date_gmt":"2020-11-30T10:05:51","guid":{"rendered":"https:\/\/www.myvize.com.tr\/isvec\/?page_id=88"},"modified":"2022-04-14T14:53:24","modified_gmt":"2022-04-14T11:53:24","slug":"bodrum-fahri-konsoloslugu","status":"publish","type":"page","link":"https:\/\/www.myvize.com.tr\/isvec\/konsolosluklar\/bodrum-fahri-konsoloslugu\/","title":{"rendered":"\u0130sve\u00e7 Bodrum Konsoloslu\u011fu"},"content":{"rendered":"<h2><span style=\"font-family: Roboto; font-size: 27px;\"><strong>\u0130sve\u00e7 Bodrum Fahri Konsoloslu\u011fu\u00a0<\/strong><\/span><\/h2>\n<p><span style=\"font-family: Roboto; font-size: 14px;\"><strong>\u0130sve\u00e7 Bodrum Fahri Konsoloslu\u011fu<\/strong>, Mu\u011fla&#8217;n\u0131n Bodrum il\u00e7esin de bulunmakta. Fahri konsoloslu\u011fu amac\u0131 \u0130sve\u00e7 ile b\u00f6lge ticari ili\u015fkisini geli\u015ftirmektir. Fahri konsolosluk \u00e7al\u0131\u015fan\u0131n\u0131n ve fahri konsolosuk <strong>\u0130sve\u00e7 vatanda\u015f\u0131<\/strong> olma zorunluluklar\u0131 yoktur. Fahri konsoloslu\u011fu diplomat ve siyasal bir yetkisi bulunmamakta. Ayn\u0131 zamanda do\u011frudan \u0130sve\u00e7 d\u0131\u015f i\u015flerine ba\u011fl\u0131 de\u011fildir. \u0130sve\u00e7 Bodrum Fahri Konsoloslu\u011fu, \u0130sve\u00e7 vatanda\u015f\u0131na pasaport, do\u011fum, \u00f6l\u00fcm, kimlik de\u011fi\u015ftirmek gibi i\u015flemlerde yard\u0131mc\u0131 olmakta. Ayr\u0131ca T\u00fcrkiye ile \u0130sve\u00e7 aras\u0131nda ki ticari, k\u00fclt\u00fcrel, ekonomi, sosyal, siyasal ili\u015fkiyi geli\u015ftirmeyi ama\u00e7lar. Ancak hi\u00e7bir diplomat yetkisi bulunmamaktad\u0131r.<\/span><br \/>\n<span style=\"font-family: Roboto; font-size: 14px;\"><strong>\u0130sve\u00e7 Bodrum Fahri Konsolosluk<\/strong> vize ba\u015fvurusunu kabul etme yetkisine sahip de\u011fil. Vize ba\u015fvurusunu \u0130sve\u00e7 B\u00fcy\u00fckel\u00e7ili\u011fine ya da ba\u015fkonsoloslu\u011fa y\u00f6nlendirmektedir.<span style=\"color: #2acec2;\"><strong><a style=\"color: #2acec2;\" href=\"https:\/\/www.myvize.com.tr\/isvec\/vize-islemleri\/isvec-vizesi\/\" target=\"_blank\" rel=\"noopener\"> \u0130sve\u00e7 Vizesi<\/a><\/strong><\/span> ba\u015fvurusu yetkilendirilmi\u015f vize ba\u015fvuru merkezine yap\u0131lmaktad\u0131r. \u0130sve\u00e7 bir Schengen \u00fclkesidir. Ondan dolay\u0131 vize ba\u015fvurusu <span style=\"color: #2acec2;\"><strong><a style=\"color: #2acec2;\" href=\"https:\/\/www.myvize.com.tr\/isvec\/vize-islemleri\/isvec-schengen-vizes\/\" target=\"_blank\" rel=\"noopener\">\u0130sve\u00e7 Schengen vizesi<\/a><\/strong><\/span> ba\u015fvuru kural\u0131na g\u00f6re kabul edilmektedir.<\/span><br \/>\n<span style=\"font-family: Roboto; font-size: 14px;\"><strong>\u0130sve\u00e7 Bodrum Fahri Konsolosluku<\/strong>, hafta i\u00e7i her g\u00fcn 08.00- 16.00 saati aras\u0131nda \u00e7al\u0131\u015fmakta. T\u00fcrkiye resmi tatili ve \u0130sve\u00e7 resmi tatilinde hizmet vermemektedir. <strong>\u0130sve\u00e7 Bodrum Fahri Konsolosluk<\/strong>u, T\u00fcrkiye\u2019de bulunan \u0130sve\u00e7 Fahri Konsoloslu\u011funda birisidir. \u0130sve\u00e7 Bodrum Fahri Konsolosluku, Bodrum ve \u00e7evresi de \u00e7al\u0131\u015fma y\u00fcr\u00fctmektedir.\u00a0<\/span><\/p>\n","protected":false},"excerpt":{"rendered":"<p>\u0130sve\u00e7 Bodrum Fahri Konsoloslu\u011fu\u00a0 \u0130sve\u00e7 Bodrum Fahri Konsoloslu\u011fu, Mu\u011fla&#8217;n\u0131n Bodrum il\u00e7esin de bulunmakta. Fahri konsoloslu\u011fu amac\u0131 \u0130sve\u00e7 ile b\u00f6lge ticari ili\u015fkisini geli\u015ftirmektir. Fahri konsolosluk \u00e7al\u0131\u015fan\u0131n\u0131n ve fahri konsolosuk \u0130sve\u00e7 vatanda\u015f\u0131 olma zorunluluklar\u0131 yoktur. Fahri konsoloslu\u011fu diplomat ve siyasal bir yetkisi bulunmamakta. Ayn\u0131 zamanda do\u011frudan \u0130sve\u00e7 d\u0131\u015f i\u015flerine ba\u011fl\u0131 de\u011fildir. \u0130sve\u00e7 Bodrum Fahri Konsoloslu\u011fu, \u0130sve\u00e7 vatanda\u015f\u0131na<\/p>\n","protected":false},"author":1,"featured_media":0,"parent":69,"menu_order":0,"comment_status":"open","ping_status":"closed","template":"","meta":{"footnotes":""},"class_list":["post-88","page","type-page","status-publish","hentry"],"yoast_head":"<!-- This site is optimized with the Yoast SEO plugin v24.0 - https:\/\/yoast.com\/wordpress\/plugins\/seo\/ -->\n<title>\u0130sve\u00e7 Bodrum Fahri Konsoloslu\u011fu - MyVize<\/title>\n<meta name=\"description\" content=\"\u0130sve\u00e7 Bodrum Fahri Konsoloslu\u011fu \u0130leti\u015fim Bilgileri Telefon Numaras\u0131 Mail Adresi Bilgileri \u0130\u00e7erir. \u0130sve\u00e7 Vize Dan\u0131\u015fman\u0131 \u0130\u00e7in Hemen Aray\u0131n.\" \/>\n<meta name=\"robots\" content=\"index, follow, max-snippet:-1, max-image-preview:large, max-video-preview:-1\" \/>\n<link rel=\"canonical\" href=\"https:\/\/www.myvize.com.tr\/isvec\/konsolosluklar\/bodrum-fahri-konsoloslugu\/\" \/>\n<meta property=\"og:locale\" content=\"tr_TR\" \/>\n<meta property=\"og:type\" content=\"article\" \/>\n<meta property=\"og:title\" content=\"\u0130sve\u00e7 Bodrum Fahri Konsoloslu\u011fu - MyVize\" \/>\n<meta property=\"og:description\" content=\"\u0130sve\u00e7 Bodrum Fahri Konsoloslu\u011fu \u0130leti\u015fim Bilgileri Telefon Numaras\u0131 Mail Adresi Bilgileri \u0130\u00e7erir. \u0130sve\u00e7 Vize Dan\u0131\u015fman\u0131 \u0130\u00e7in Hemen Aray\u0131n.\" \/>\n<meta property=\"og:url\" content=\"https:\/\/www.myvize.com.tr\/isvec\/konsolosluklar\/bodrum-fahri-konsoloslugu\/\" \/>\n<meta property=\"og:site_name\" content=\"\u0130sve\u00e7 Vizesi\" \/>\n<meta property=\"article:modified_time\" content=\"2022-04-14T11:53:24+00:00\" \/>\n<meta name=\"twitter:card\" content=\"summary_large_image\" \/>\n<meta name=\"twitter:label1\" content=\"Tahmini okuma s\u00fcresi\" \/>\n\t<meta name=\"twitter:data1\" content=\"1 dakika\" \/>\n<script type=\"application\/ld+json\" class=\"yoast-schema-graph\">{\"@context\":\"https:\/\/schema.org\",\"@graph\":[{\"@type\":\"WebPage\",\"@id\":\"https:\/\/www.myvize.com.tr\/isvec\/konsolosluklar\/bodrum-fahri-konsoloslugu\/\",\"url\":\"https:\/\/www.myvize.com.tr\/isvec\/konsolosluklar\/bodrum-fahri-konsoloslugu\/\",\"name\":\"\u0130sve\u00e7 Bodrum Fahri Konsoloslu\u011fu - MyVize\",\"isPartOf\":{\"@id\":\"https:\/\/www.myvize.com.tr\/isvec\/#website\"},\"datePublished\":\"2020-11-30T10:05:51+00:00\",\"dateModified\":\"2022-04-14T11:53:24+00:00\",\"description\":\"\u0130sve\u00e7 Bodrum Fahri Konsoloslu\u011fu \u0130leti\u015fim Bilgileri Telefon Numaras\u0131 Mail Adresi Bilgileri \u0130\u00e7erir. \u0130sve\u00e7 Vize Dan\u0131\u015fman\u0131 \u0130\u00e7in Hemen Aray\u0131n.\",\"breadcrumb\":{\"@id\":\"https:\/\/www.myvize.com.tr\/isvec\/konsolosluklar\/bodrum-fahri-konsoloslugu\/#breadcrumb\"},\"inLanguage\":\"tr\",\"potentialAction\":[{\"@type\":\"ReadAction\",\"target\":[\"https:\/\/www.myvize.com.tr\/isvec\/konsolosluklar\/bodrum-fahri-konsoloslugu\/\"]}]},{\"@type\":\"BreadcrumbList\",\"@id\":\"https:\/\/www.myvize.com.tr\/isvec\/konsolosluklar\/bodrum-fahri-konsoloslugu\/#breadcrumb\",\"itemListElement\":[{\"@type\":\"ListItem\",\"position\":1,\"name\":\"Anasayfa\",\"item\":\"https:\/\/www.myvize.com.tr\/isvec\/\"},{\"@type\":\"ListItem\",\"position\":2,\"name\":\"KONSOLOSLUKLAR\",\"item\":\"https:\/\/www.myvize.com.tr\/isvec\/konsolosluklar\/\"},{\"@type\":\"ListItem\",\"position\":3,\"name\":\"\u0130sve\u00e7 Bodrum Konsoloslu\u011fu\"}]},{\"@type\":\"WebSite\",\"@id\":\"https:\/\/www.myvize.com.tr\/isvec\/#website\",\"url\":\"https:\/\/www.myvize.com.tr\/isvec\/\",\"name\":\"\u0130sve\u00e7 Vizesi\",\"description\":\"\",\"potentialAction\":[{\"@type\":\"SearchAction\",\"target\":{\"@type\":\"EntryPoint\",\"urlTemplate\":\"https:\/\/www.myvize.com.tr\/isvec\/?s={search_term_string}\"},\"query-input\":{\"@type\":\"PropertyValueSpecification\",\"valueRequired\":true,\"valueName\":\"search_term_string\"}}],\"inLanguage\":\"tr\"}]}<\/script>\n<!-- \/ Yoast SEO plugin. -->","yoast_head_json":{"title":"\u0130sve\u00e7 Bodrum Fahri Konsoloslu\u011fu - MyVize","description":"\u0130sve\u00e7 Bodrum Fahri Konsoloslu\u011fu \u0130leti\u015fim Bilgileri Telefon Numaras\u0131 Mail Adresi Bilgileri \u0130\u00e7erir. \u0130sve\u00e7 Vize Dan\u0131\u015fman\u0131 \u0130\u00e7in Hemen Aray\u0131n.","robots":{"index":"index","follow":"follow","max-snippet":"max-snippet:-1","max-image-preview":"max-image-preview:large","max-video-preview":"max-video-preview:-1"},"canonical":"https:\/\/www.myvize.com.tr\/isvec\/konsolosluklar\/bodrum-fahri-konsoloslugu\/","og_locale":"tr_TR","og_type":"article","og_title":"\u0130sve\u00e7 Bodrum Fahri Konsoloslu\u011fu - MyVize","og_description":"\u0130sve\u00e7 Bodrum Fahri Konsoloslu\u011fu \u0130leti\u015fim Bilgileri Telefon Numaras\u0131 Mail Adresi Bilgileri \u0130\u00e7erir. \u0130sve\u00e7 Vize Dan\u0131\u015fman\u0131 \u0130\u00e7in Hemen Aray\u0131n.","og_url":"https:\/\/www.myvize.com.tr\/isvec\/konsolosluklar\/bodrum-fahri-konsoloslugu\/","og_site_name":"\u0130sve\u00e7 Vizesi","article_modified_time":"2022-04-14T11:53:24+00:00","twitter_card":"summary_large_image","twitter_misc":{"Tahmini okuma s\u00fcresi":"1 dakika"},"schema":{"@context":"https:\/\/schema.org","@graph":[{"@type":"WebPage","@id":"https:\/\/www.myvize.com.tr\/isvec\/konsolosluklar\/bodrum-fahri-konsoloslugu\/","url":"https:\/\/www.myvize.com.tr\/isvec\/konsolosluklar\/bodrum-fahri-konsoloslugu\/","name":"\u0130sve\u00e7 Bodrum Fahri Konsoloslu\u011fu - MyVize","isPartOf":{"@id":"https:\/\/www.myvize.com.tr\/isvec\/#website"},"datePublished":"2020-11-30T10:05:51+00:00","dateModified":"2022-04-14T11:53:24+00:00","description":"\u0130sve\u00e7 Bodrum Fahri Konsoloslu\u011fu \u0130leti\u015fim Bilgileri Telefon Numaras\u0131 Mail Adresi Bilgileri \u0130\u00e7erir. \u0130sve\u00e7 Vize Dan\u0131\u015fman\u0131 \u0130\u00e7in Hemen Aray\u0131n.","breadcrumb":{"@id":"https:\/\/www.myvize.com.tr\/isvec\/konsolosluklar\/bodrum-fahri-konsoloslugu\/#breadcrumb"},"inLanguage":"tr","potentialAction":[{"@type":"ReadAction","target":["https:\/\/www.myvize.com.tr\/isvec\/konsolosluklar\/bodrum-fahri-konsoloslugu\/"]}]},{"@type":"BreadcrumbList","@id":"https:\/\/www.myvize.com.tr\/isvec\/konsolosluklar\/bodrum-fahri-konsoloslugu\/#breadcrumb","itemListElement":[{"@type":"ListItem","position":1,"name":"Anasayfa","item":"https:\/\/www.myvize.com.tr\/isvec\/"},{"@type":"ListItem","position":2,"name":"KONSOLOSLUKLAR","item":"https:\/\/www.myvize.com.tr\/isvec\/konsolosluklar\/"},{"@type":"ListItem","position":3,"name":"\u0130sve\u00e7 Bodrum Konsoloslu\u011fu"}]},{"@type":"WebSite","@id":"https:\/\/www.myvize.com.tr\/isvec\/#website","url":"https:\/\/www.myvize.com.tr\/isvec\/","name":"\u0130sve\u00e7 Vizesi","description":"","potentialAction":[{"@type":"SearchAction","target":{"@type":"EntryPoint","urlTemplate":"https:\/\/www.myvize.com.tr\/isvec\/?s={search_term_string}"},"query-input":{"@type":"PropertyValueSpecification","valueRequired":true,"valueName":"search_term_string"}}],"inLanguage":"tr"}]}},"_links":{"self":[{"href":"https:\/\/www.myvize.com.tr\/isvec\/wp-json\/wp\/v2\/pages\/88","targetHints":{"allow":["GET"]}}],"collection":[{"href":"https:\/\/www.myvize.com.tr\/isvec\/wp-json\/wp\/v2\/pages"}],"about":[{"href":"https:\/\/www.myvize.com.tr\/isvec\/wp-json\/wp\/v2\/types\/page"}],"author":[{"embeddable":true,"href":"https:\/\/www.myvize.com.tr\/isvec\/wp-json\/wp\/v2\/users\/1"}],"replies":[{"embeddable":true,"href":"https:\/\/www.myvize.com.tr\/isvec\/wp-json\/wp\/v2\/comments?post=88"}],"version-history":[{"count":4,"href":"https:\/\/www.myvize.com.tr\/isvec\/wp-json\/wp\/v2\/pages\/88\/revisions"}],"predecessor-version":[{"id":777,"href":"https:\/\/www.myvize.com.tr\/isvec\/wp-json\/wp\/v2\/pages\/88\/revisions\/777"}],"up":[{"embeddable":true,"href":"https:\/\/www.myvize.com.tr\/isvec\/wp-json\/wp\/v2\/pages\/69"}],"wp:attachment":[{"href":"https:\/\/www.myvize.com.tr\/isvec\/wp-json\/wp\/v2\/media?parent=88"}],"curies":[{"name":"wp","href":"https:\/\/api.w.org\/{rel}","templated":true}]}}