{"id":94,"date":"2020-11-30T13:07:41","date_gmt":"2020-11-30T10:07:41","guid":{"rendered":"https:\/\/www.myvize.com.tr\/isvec\/?page_id=94"},"modified":"2022-04-14T14:39:46","modified_gmt":"2022-04-14T11:39:46","slug":"baskonsolosluk-bolumleri","status":"publish","type":"page","link":"https:\/\/www.myvize.com.tr\/isvec\/konsolosluklar\/baskonsolosluk-bolumleri\/","title":{"rendered":"\u0130sve\u00e7 Ba\u015fkonsolosluk B\u00f6l\u00fcmleri"},"content":{"rendered":"<h2><span style=\"font-family: Roboto; font-size: 27px;\"><strong>\u0130sve\u00e7 Ba\u015fkonsolosluk B\u00f6l\u00fcmleri Hakk\u0131nda<\/strong><\/span><\/h2>\n<p><span style=\"font-family: Roboto; font-size: 14px;\"><strong>\u0130sve\u00e7 Ba\u015fkonsoloslu\u011fu,<\/strong> \u0130sve\u00e7\u2019in T\u00fcrkiye Cumhuriyeti topra\u011f\u0131nda bulunan temsilcisinden birisidir. <strong>\u0130sve\u00e7 Ba\u015fkonsoloslu\u011fu<\/strong>, T\u00fcrkiye topra\u011f\u0131nda ya\u015fayan \u0130sve\u00e7 vatanda\u015f\u0131na konsolosluk hizmeti vermekte. Ayr\u0131ca T\u00fcrkiye Cumhuriyeti ile her alanda ili\u015fki geli\u015ftirmeleri ve yeni ekonomi alan yaratmay\u0131 ama\u00e7. Bunun yan\u0131nda \u0130sve\u00e7&#8217;e seyahat edecek T\u00fcrkiye vatanda\u015f\u0131na vize hizmeti vermektedir. \u0130sve\u00e7 Ba\u015fkonsolosluku bu hizmet i\u00e7in farkl\u0131 b\u00f6l\u00fcm olu\u015fturmu\u015fdur. A\u015fa\u011f\u0131da <strong>\u0130sve\u00e7 Ba\u015fkonsolosluk b\u00f6l\u00fcm\u00fc<\/strong> verilmi\u015ftir.<\/span><br \/>\n<span style=\"font-family: Roboto; font-size: 14px;\">Y\u00f6netim B\u00f6l\u00fcm: \u0130<strong>sve\u00e7 Ba\u015fkonsolosluk b\u00f6l\u00fcm\u00fc<\/strong> aras\u0131nda bulunan y\u00f6netim b\u00f6l\u00fcm Konsoloslu\u011fun idari i\u015fi ile ilgilenmektedir. Ba\u015fkonsolosluk b\u00fct\u00e7esi belirlenmesi, personel i\u015fi, konsolosluk bak\u0131m gibi alana bakmaktad\u0131r.<\/span><br \/>\n<span style=\"font-family: Roboto; font-size: 14px;\">K\u00fclt\u00fcrel \u0130li\u015fki B\u00f6l\u00fcm\u00fc: <strong>\u0130sve\u00e7 Ba\u015fkonsoloslu\u011fu<\/strong> k\u00fclt\u00fcrel ili\u015fki b\u00f6l\u00fcm\u00fc; T\u00fcrkiye ile \u0130sve\u00e7 aras\u0131ndaki k\u00fclt\u00fcrel ili\u015fki d\u00fczenleme ve k\u00fclt\u00fcr al\u0131\u015fveri\u015f yapmay\u0131 ama\u00e7lamakta.<\/span><br \/>\n<span style=\"font-family: Roboto; font-size: 14px;\">Ticaret ve Ekonomi B\u00f6l\u00fcm: Ticaret ve Ekonomik b\u00f6l\u00fcm <strong>\u0130sve\u00e7 Ba\u015fkonsolosluk b\u00f6l\u00fcm\u00fc<\/strong> i\u00e7inde bulunan di\u011fer bir b\u00f6l\u00fcm. Bu b\u00f6l\u00fcm\u00fcn g\u00f6revi T\u00fcrkiye ile \u0130sve\u00e7 aras\u0131nda ki ekonomi i\u015f birli\u011fini geli\u015ftirme ve yeni ticaret alan\u0131 bulmakt\u0131r.<\/span><br \/>\n<span style=\"font-family: Roboto; font-size: 14px;\">Vize B\u00f6l\u00fcm: \u0130sve\u00e7 Ba\u015fkonsolosluk b\u00f6l\u00fcm\u00fc aras\u0131nda bulunan di\u011fer b\u00f6l\u00fcm vizesi b\u00f6l\u00fcm\u00fcd\u00fcr. Vize b\u00f6l\u00fcm T\u00fcrkiye Cumhuriyeti vatanda\u015f\u0131na <span style=\"color: #2acec2;\"><strong><a style=\"color: #2acec2;\" href=\"https:\/\/www.myvize.com.tr\/isvec\/vize-islemleri\/isvec-vizesi\/\" target=\"_blank\" rel=\"noopener\">\u0130sve\u00e7 vizesi<\/a><\/strong><\/span> hizmeti vermektedir.<\/span><br \/>\n<span style=\"font-family: Roboto; font-size: 14px;\">Konsolosluk \u0130\u015fleri B\u00f6l\u00fcm: <strong>\u0130sve\u00e7 Ba\u015fkonsolosluk b\u00f6l\u00fcm\u00fc<\/strong> aras\u0131nda bulunan konsolosluk i\u015fi b\u00f6l\u00fcm; \u0130sve\u00e7 vatanda\u015f\u0131na noterlik hizmeti, kimlik, pasaport, do\u011fum, evlilik, bo\u015fanmak gibi hizmet vermektedir.<\/span><br \/>\n<span style=\"font-family: Roboto; font-size: 14px;\">E\u011fitim B\u00f6l\u00fcm: E\u011fitim B\u00f6l\u00fcm T\u00fcrkiye\u2019de ya\u015fayan \u0130sve\u00e7 vatanda\u015f\u0131n\u0131n e\u011fitim konusunda destek alma i\u00e7in ba\u015fvurabilece\u011fi bir b\u00f6l\u00fcmd\u00fcr.<\/span><\/p>\n","protected":false},"excerpt":{"rendered":"<p>\u0130sve\u00e7 Ba\u015fkonsolosluk B\u00f6l\u00fcmleri Hakk\u0131nda \u0130sve\u00e7 Ba\u015fkonsoloslu\u011fu, \u0130sve\u00e7\u2019in T\u00fcrkiye Cumhuriyeti topra\u011f\u0131nda bulunan temsilcisinden birisidir. \u0130sve\u00e7 Ba\u015fkonsoloslu\u011fu, T\u00fcrkiye topra\u011f\u0131nda ya\u015fayan \u0130sve\u00e7 vatanda\u015f\u0131na konsolosluk hizmeti vermekte. Ayr\u0131ca T\u00fcrkiye Cumhuriyeti ile her alanda ili\u015fki geli\u015ftirmeleri ve yeni ekonomi alan yaratmay\u0131 ama\u00e7. Bunun yan\u0131nda \u0130sve\u00e7&#8217;e seyahat edecek T\u00fcrkiye vatanda\u015f\u0131na vize hizmeti vermektedir. \u0130sve\u00e7 Ba\u015fkonsolosluku bu hizmet i\u00e7in farkl\u0131 b\u00f6l\u00fcm olu\u015fturmu\u015fdur.<\/p>\n","protected":false},"author":1,"featured_media":0,"parent":69,"menu_order":0,"comment_status":"open","ping_status":"closed","template":"","meta":{"footnotes":""},"class_list":["post-94","page","type-page","status-publish","hentry"],"yoast_head":"<!-- This site is optimized with the Yoast SEO plugin v24.0 - https:\/\/yoast.com\/wordpress\/plugins\/seo\/ -->\n<title>\u0130sve\u00e7 Ba\u015fkonsolosluk B\u00f6l\u00fcmleri - MyVize Vize Ba\u015fvuru Merkezi<\/title>\n<meta name=\"description\" content=\"\u0130sve\u00e7 Ba\u015fkonsolosluk B\u00f6l\u00fcmleri Nelerdir? \u0130sve\u00e7 Ba\u015fkonsolosluk B\u00f6l\u00fcmleri Ka\u00e7a Ayr\u0131l\u0131r? Bilgi \u0130\u00e7in Vize Uzmanlar\u0131m\u0131z\u0131 Aray\u0131n: 0850 346 84 93\" \/>\n<meta name=\"robots\" content=\"index, follow, max-snippet:-1, max-image-preview:large, max-video-preview:-1\" \/>\n<link rel=\"canonical\" href=\"https:\/\/www.myvize.com.tr\/isvec\/konsolosluklar\/baskonsolosluk-bolumleri\/\" \/>\n<meta property=\"og:locale\" content=\"tr_TR\" \/>\n<meta property=\"og:type\" content=\"article\" \/>\n<meta property=\"og:title\" content=\"\u0130sve\u00e7 Ba\u015fkonsolosluk B\u00f6l\u00fcmleri - MyVize Vize Ba\u015fvuru Merkezi\" \/>\n<meta property=\"og:description\" content=\"\u0130sve\u00e7 Ba\u015fkonsolosluk B\u00f6l\u00fcmleri Nelerdir? \u0130sve\u00e7 Ba\u015fkonsolosluk B\u00f6l\u00fcmleri Ka\u00e7a Ayr\u0131l\u0131r? Bilgi \u0130\u00e7in Vize Uzmanlar\u0131m\u0131z\u0131 Aray\u0131n: 0850 346 84 93\" \/>\n<meta property=\"og:url\" content=\"https:\/\/www.myvize.com.tr\/isvec\/konsolosluklar\/baskonsolosluk-bolumleri\/\" \/>\n<meta property=\"og:site_name\" content=\"\u0130sve\u00e7 Vizesi\" \/>\n<meta property=\"article:modified_time\" content=\"2022-04-14T11:39:46+00:00\" \/>\n<meta name=\"twitter:card\" content=\"summary_large_image\" \/>\n<meta name=\"twitter:label1\" content=\"Tahmini okuma s\u00fcresi\" \/>\n\t<meta name=\"twitter:data1\" content=\"2 dakika\" \/>\n<script type=\"application\/ld+json\" class=\"yoast-schema-graph\">{\"@context\":\"https:\/\/schema.org\",\"@graph\":[{\"@type\":\"WebPage\",\"@id\":\"https:\/\/www.myvize.com.tr\/isvec\/konsolosluklar\/baskonsolosluk-bolumleri\/\",\"url\":\"https:\/\/www.myvize.com.tr\/isvec\/konsolosluklar\/baskonsolosluk-bolumleri\/\",\"name\":\"\u0130sve\u00e7 Ba\u015fkonsolosluk B\u00f6l\u00fcmleri - MyVize Vize Ba\u015fvuru Merkezi\",\"isPartOf\":{\"@id\":\"https:\/\/www.myvize.com.tr\/isvec\/#website\"},\"datePublished\":\"2020-11-30T10:07:41+00:00\",\"dateModified\":\"2022-04-14T11:39:46+00:00\",\"description\":\"\u0130sve\u00e7 Ba\u015fkonsolosluk B\u00f6l\u00fcmleri Nelerdir? \u0130sve\u00e7 Ba\u015fkonsolosluk B\u00f6l\u00fcmleri Ka\u00e7a Ayr\u0131l\u0131r? Bilgi \u0130\u00e7in Vize Uzmanlar\u0131m\u0131z\u0131 Aray\u0131n: 0850 346 84 93\",\"breadcrumb\":{\"@id\":\"https:\/\/www.myvize.com.tr\/isvec\/konsolosluklar\/baskonsolosluk-bolumleri\/#breadcrumb\"},\"inLanguage\":\"tr\",\"potentialAction\":[{\"@type\":\"ReadAction\",\"target\":[\"https:\/\/www.myvize.com.tr\/isvec\/konsolosluklar\/baskonsolosluk-bolumleri\/\"]}]},{\"@type\":\"BreadcrumbList\",\"@id\":\"https:\/\/www.myvize.com.tr\/isvec\/konsolosluklar\/baskonsolosluk-bolumleri\/#breadcrumb\",\"itemListElement\":[{\"@type\":\"ListItem\",\"position\":1,\"name\":\"Anasayfa\",\"item\":\"https:\/\/www.myvize.com.tr\/isvec\/\"},{\"@type\":\"ListItem\",\"position\":2,\"name\":\"KONSOLOSLUKLAR\",\"item\":\"https:\/\/www.myvize.com.tr\/isvec\/konsolosluklar\/\"},{\"@type\":\"ListItem\",\"position\":3,\"name\":\"\u0130sve\u00e7 Ba\u015fkonsolosluk B\u00f6l\u00fcmleri\"}]},{\"@type\":\"WebSite\",\"@id\":\"https:\/\/www.myvize.com.tr\/isvec\/#website\",\"url\":\"https:\/\/www.myvize.com.tr\/isvec\/\",\"name\":\"\u0130sve\u00e7 Vizesi\",\"description\":\"\",\"potentialAction\":[{\"@type\":\"SearchAction\",\"target\":{\"@type\":\"EntryPoint\",\"urlTemplate\":\"https:\/\/www.myvize.com.tr\/isvec\/?s={search_term_string}\"},\"query-input\":{\"@type\":\"PropertyValueSpecification\",\"valueRequired\":true,\"valueName\":\"search_term_string\"}}],\"inLanguage\":\"tr\"}]}<\/script>\n<!-- \/ Yoast SEO plugin. -->","yoast_head_json":{"title":"\u0130sve\u00e7 Ba\u015fkonsolosluk B\u00f6l\u00fcmleri - MyVize Vize Ba\u015fvuru Merkezi","description":"\u0130sve\u00e7 Ba\u015fkonsolosluk B\u00f6l\u00fcmleri Nelerdir? \u0130sve\u00e7 Ba\u015fkonsolosluk B\u00f6l\u00fcmleri Ka\u00e7a Ayr\u0131l\u0131r? Bilgi \u0130\u00e7in Vize Uzmanlar\u0131m\u0131z\u0131 Aray\u0131n: 0850 346 84 93","robots":{"index":"index","follow":"follow","max-snippet":"max-snippet:-1","max-image-preview":"max-image-preview:large","max-video-preview":"max-video-preview:-1"},"canonical":"https:\/\/www.myvize.com.tr\/isvec\/konsolosluklar\/baskonsolosluk-bolumleri\/","og_locale":"tr_TR","og_type":"article","og_title":"\u0130sve\u00e7 Ba\u015fkonsolosluk B\u00f6l\u00fcmleri - MyVize Vize Ba\u015fvuru Merkezi","og_description":"\u0130sve\u00e7 Ba\u015fkonsolosluk B\u00f6l\u00fcmleri Nelerdir? \u0130sve\u00e7 Ba\u015fkonsolosluk B\u00f6l\u00fcmleri Ka\u00e7a Ayr\u0131l\u0131r? Bilgi \u0130\u00e7in Vize Uzmanlar\u0131m\u0131z\u0131 Aray\u0131n: 0850 346 84 93","og_url":"https:\/\/www.myvize.com.tr\/isvec\/konsolosluklar\/baskonsolosluk-bolumleri\/","og_site_name":"\u0130sve\u00e7 Vizesi","article_modified_time":"2022-04-14T11:39:46+00:00","twitter_card":"summary_large_image","twitter_misc":{"Tahmini okuma s\u00fcresi":"2 dakika"},"schema":{"@context":"https:\/\/schema.org","@graph":[{"@type":"WebPage","@id":"https:\/\/www.myvize.com.tr\/isvec\/konsolosluklar\/baskonsolosluk-bolumleri\/","url":"https:\/\/www.myvize.com.tr\/isvec\/konsolosluklar\/baskonsolosluk-bolumleri\/","name":"\u0130sve\u00e7 Ba\u015fkonsolosluk B\u00f6l\u00fcmleri - MyVize Vize Ba\u015fvuru Merkezi","isPartOf":{"@id":"https:\/\/www.myvize.com.tr\/isvec\/#website"},"datePublished":"2020-11-30T10:07:41+00:00","dateModified":"2022-04-14T11:39:46+00:00","description":"\u0130sve\u00e7 Ba\u015fkonsolosluk B\u00f6l\u00fcmleri Nelerdir? \u0130sve\u00e7 Ba\u015fkonsolosluk B\u00f6l\u00fcmleri Ka\u00e7a Ayr\u0131l\u0131r? Bilgi \u0130\u00e7in Vize Uzmanlar\u0131m\u0131z\u0131 Aray\u0131n: 0850 346 84 93","breadcrumb":{"@id":"https:\/\/www.myvize.com.tr\/isvec\/konsolosluklar\/baskonsolosluk-bolumleri\/#breadcrumb"},"inLanguage":"tr","potentialAction":[{"@type":"ReadAction","target":["https:\/\/www.myvize.com.tr\/isvec\/konsolosluklar\/baskonsolosluk-bolumleri\/"]}]},{"@type":"BreadcrumbList","@id":"https:\/\/www.myvize.com.tr\/isvec\/konsolosluklar\/baskonsolosluk-bolumleri\/#breadcrumb","itemListElement":[{"@type":"ListItem","position":1,"name":"Anasayfa","item":"https:\/\/www.myvize.com.tr\/isvec\/"},{"@type":"ListItem","position":2,"name":"KONSOLOSLUKLAR","item":"https:\/\/www.myvize.com.tr\/isvec\/konsolosluklar\/"},{"@type":"ListItem","position":3,"name":"\u0130sve\u00e7 Ba\u015fkonsolosluk B\u00f6l\u00fcmleri"}]},{"@type":"WebSite","@id":"https:\/\/www.myvize.com.tr\/isvec\/#website","url":"https:\/\/www.myvize.com.tr\/isvec\/","name":"\u0130sve\u00e7 Vizesi","description":"","potentialAction":[{"@type":"SearchAction","target":{"@type":"EntryPoint","urlTemplate":"https:\/\/www.myvize.com.tr\/isvec\/?s={search_term_string}"},"query-input":{"@type":"PropertyValueSpecification","valueRequired":true,"valueName":"search_term_string"}}],"inLanguage":"tr"}]}},"_links":{"self":[{"href":"https:\/\/www.myvize.com.tr\/isvec\/wp-json\/wp\/v2\/pages\/94","targetHints":{"allow":["GET"]}}],"collection":[{"href":"https:\/\/www.myvize.com.tr\/isvec\/wp-json\/wp\/v2\/pages"}],"about":[{"href":"https:\/\/www.myvize.com.tr\/isvec\/wp-json\/wp\/v2\/types\/page"}],"author":[{"embeddable":true,"href":"https:\/\/www.myvize.com.tr\/isvec\/wp-json\/wp\/v2\/users\/1"}],"replies":[{"embeddable":true,"href":"https:\/\/www.myvize.com.tr\/isvec\/wp-json\/wp\/v2\/comments?post=94"}],"version-history":[{"count":6,"href":"https:\/\/www.myvize.com.tr\/isvec\/wp-json\/wp\/v2\/pages\/94\/revisions"}],"predecessor-version":[{"id":779,"href":"https:\/\/www.myvize.com.tr\/isvec\/wp-json\/wp\/v2\/pages\/94\/revisions\/779"}],"up":[{"embeddable":true,"href":"https:\/\/www.myvize.com.tr\/isvec\/wp-json\/wp\/v2\/pages\/69"}],"wp:attachment":[{"href":"https:\/\/www.myvize.com.tr\/isvec\/wp-json\/wp\/v2\/media?parent=94"}],"curies":[{"name":"wp","href":"https:\/\/api.w.org\/{rel}","templated":true}]}}