{"id":174,"date":"2020-12-24T17:27:19","date_gmt":"2020-12-24T14:27:19","guid":{"rendered":"https:\/\/www.myvize.com.tr\/isvicre\/?page_id=174"},"modified":"2022-04-13T20:54:41","modified_gmt":"2022-04-13T17:54:41","slug":"evlilik-tescili","status":"publish","type":"page","link":"https:\/\/www.myvize.com.tr\/isvicre\/oturum-2\/evlilik-tescili\/","title":{"rendered":"\u0130svi\u00e7re Evlilik Tescili"},"content":{"rendered":"<h2><span style=\"font-family: Roboto; font-size: 27px;\"><strong>\u0130svi\u00e7re Evlilik Tescili Hakk\u0131nda<\/strong><\/span><\/h2>\n<p><span style=\"font-family: Roboto; font-size: 14px;\">T\u00fcrkiye\u2019de yap\u0131lan bir evlili\u011fin \u0130svi\u00e7re\u2019de bulunan yetkili makamlar taraf\u0131ndan kabul g\u00f6rmesi i\u00e7in <strong>\u0130svi\u00e7re evlilik tescili<\/strong> prosed\u00fcr\u00fcn\u00fcn uygulanmas\u0131 gerekir. Bu i\u015flem i\u00e7in T\u00fcrkiye\u2019deki \u0130svi\u00e7re Konsoloslu\u011fu\u2019na gidilmesi ka\u00e7\u0131n\u0131lmazd\u0131r. Ba\u015fkonsolosluktan randevu al\u0131narak, istenen belgelerin ibraz edilmesi \u015fart\u0131yla evlilik tescil i\u015flemi ger\u00e7ekle\u015ftirilir.<\/span><\/p>\n<h2><span style=\"font-family: Roboto; font-size: 27px;\"><strong>\u0130svi\u00e7re Evlilik Tescili \u0130\u00e7in \u0130stenen Evraklar Nelerdir?<\/strong><\/span><\/h2>\n<p><span style=\"font-family: Roboto; font-size: 14px;\">Konsoloslu\u011fa sunaca\u011f\u0131n\u0131z t\u00fcm evlilik tescil evraklar\u0131n\u0131n apostil ile onayl\u0131 olmas\u0131 gerekir. Bu kavram kimilerine yabanc\u0131 gelse de s\u00f6z konusu i\u015flem t\u00fcm kaymakaml\u0131klarda \u00fccretsiz olarak yap\u0131lmaktad\u0131r. Online olarak al\u0131nm\u0131\u015f ve \u0131slak imzaya sahip olmayan belgeler kabul edilmez. Haz\u0131rlanan evraklar\u0131n A4 ebatlar\u0131nda bir set \u015feklide konsoloslu\u011fa ibraz edilmesi gerekir. Eksik evraklar ile m\u00fcracaat\u0131n ger\u00e7ekle\u015fmesi durumunda konsolosluk, ba\u015fvuru evraklar\u0131n\u0131 iade etme hakk\u0131na sahiptir. Randevunuzu alarak gitti\u011finiz konsoloslukta <strong>\u0130svi\u00e7re evlilik tescili<\/strong> i\u00e7in istenen evraklar \u015funlard\u0131r.<\/span><\/p>\n<p><span style=\"font-family: Roboto; font-size: 14px;\">l Uluslararas\u0131 evlenme kay\u0131t \u00f6rne\u011fi<\/span><\/p>\n<p><span style=\"font-family: Roboto; font-size: 14px;\">l Uluslararas\u0131 do\u011fum kay\u0131t \u00f6rne\u011fi<\/span><\/p>\n<p><span style=\"font-family: Roboto; font-size: 14px;\">l Vukuatl\u0131 n\u00fcfus kay\u0131t \u00f6rne\u011fi ve terc\u00fcmesi<\/span><\/p>\n<p><span style=\"font-family: Roboto; font-size: 14px;\">l Yerle\u015fim yeri evrak\u0131 ve terc\u00fcmesi<\/span><\/p>\n<p><span style=\"font-family: Roboto; font-size: 14px;\">l E\u015flerden birisi daha \u00f6nceden bo\u015fanm\u0131\u015f ise kesinle\u015fme tarihi bulunan bo\u015fanma karar\u0131 ve terc\u00fcmesi<\/span><\/p>\n<p><span style=\"font-family: Roboto; font-size: 14px;\">l \u00d6nceki e\u015f vefat etti ise \u00f6l\u00fcm kay\u0131t belgesi<\/span><\/p>\n<p><span style=\"font-family: Roboto; font-size: 14px;\">l E\u015fin ge\u00e7erli pasaportu<\/span><\/p>\n<p><span style=\"font-family: Roboto; font-size: 14px;\">T\u00fcrkiye,<strong> \u0130svi\u00e7re Medeni Kanunu\u2019nu<\/strong> kullanan bir \u00fclkedir. Bu nedenle evlilik kurallar\u0131 ve uygulanan prosed\u00fcr \u0130svi\u00e7re ile ayn\u0131d\u0131r. E\u015flerin her ikisinin de 18 ya\u015f\u0131n\u0131 doldurmu\u015f olmas\u0131 ya da ak\u0131l sa\u011fl\u0131\u011f\u0131n\u0131n yerinde olmas\u0131 gibi kurallar bu nedenle ayn\u0131d\u0131r. Gerekli evraklar\u0131n ibraz edilmesini m\u00fcteakip k\u0131sa s\u00fcre i\u00e7erisinde evlilik tescil i\u015flemi ger\u00e7ekle\u015ftirilir.<\/span><\/p>\n<p><strong><span style=\"font-family: Roboto; font-size: 16px;\"><span style=\"color: #2acec2;\"><a style=\"color: #2acec2;\" href=\"https:\/\/www.myvize.com.tr\/isvicre\/vize-islemleri\/isvicre-vize-basvurusu\/\" target=\"_blank\" rel=\"noopener\">\u0130svi\u00e7re Vize Ba\u015fvurusu<\/a><\/span> ile ilgili bilgi almak i\u00e7in t\u0131klay\u0131n\u0131z.<\/span><\/strong><\/p>\n","protected":false},"excerpt":{"rendered":"<p>\u0130svi\u00e7re Evlilik Tescili Hakk\u0131nda T\u00fcrkiye\u2019de yap\u0131lan bir evlili\u011fin \u0130svi\u00e7re\u2019de bulunan yetkili makamlar taraf\u0131ndan kabul g\u00f6rmesi i\u00e7in \u0130svi\u00e7re evlilik tescili prosed\u00fcr\u00fcn\u00fcn uygulanmas\u0131 gerekir. Bu i\u015flem i\u00e7in T\u00fcrkiye\u2019deki \u0130svi\u00e7re Konsoloslu\u011fu\u2019na gidilmesi ka\u00e7\u0131n\u0131lmazd\u0131r. Ba\u015fkonsolosluktan randevu al\u0131narak, istenen belgelerin ibraz edilmesi \u015fart\u0131yla evlilik tescil i\u015flemi ger\u00e7ekle\u015ftirilir. \u0130svi\u00e7re Evlilik Tescili \u0130\u00e7in \u0130stenen Evraklar Nelerdir? Konsoloslu\u011fa sunaca\u011f\u0131n\u0131z t\u00fcm evlilik tescil evraklar\u0131n\u0131n<\/p>\n","protected":false},"author":1,"featured_media":0,"parent":162,"menu_order":0,"comment_status":"open","ping_status":"closed","template":"","meta":{"footnotes":""},"class_list":["post-174","page","type-page","status-publish","hentry"],"yoast_head":"<!-- This site is optimized with the Yoast SEO plugin v24.0 - https:\/\/yoast.com\/wordpress\/plugins\/seo\/ -->\n<title>\u0130svi\u00e7re Evlilik Tescili - \u0130svi\u00e7re Evlilik \u015eartlar\u0131 - MyVize<\/title>\n<meta name=\"description\" content=\"\u0130svi\u00e7re evlilik tescili evrak listesi g\u00fcncel. \u0130svi\u00e7re evlilik tescil \u015fartlar\u0131 nelerdir? \u0130svi\u00e7re evlilik tescil i\u015flemleri g\u00f6rsel anlat\u0131m.\" \/>\n<meta name=\"robots\" content=\"index, follow, max-snippet:-1, max-image-preview:large, max-video-preview:-1\" \/>\n<link rel=\"canonical\" href=\"https:\/\/www.myvize.com.tr\/isvicre\/oturum-2\/evlilik-tescili\/\" \/>\n<meta property=\"og:locale\" content=\"tr_TR\" \/>\n<meta property=\"og:type\" content=\"article\" \/>\n<meta property=\"og:title\" content=\"\u0130svi\u00e7re Evlilik Tescili - \u0130svi\u00e7re Evlilik \u015eartlar\u0131 - MyVize\" \/>\n<meta property=\"og:description\" content=\"\u0130svi\u00e7re evlilik tescili evrak listesi g\u00fcncel. \u0130svi\u00e7re evlilik tescil \u015fartlar\u0131 nelerdir? \u0130svi\u00e7re evlilik tescil i\u015flemleri g\u00f6rsel anlat\u0131m.\" \/>\n<meta property=\"og:url\" content=\"https:\/\/www.myvize.com.tr\/isvicre\/oturum-2\/evlilik-tescili\/\" \/>\n<meta property=\"og:site_name\" content=\"\u0130svi\u00e7re Vizesi\" \/>\n<meta property=\"article:modified_time\" content=\"2022-04-13T17:54:41+00:00\" \/>\n<meta name=\"twitter:card\" content=\"summary_large_image\" \/>\n<meta name=\"twitter:label1\" content=\"Tahmini okuma s\u00fcresi\" \/>\n\t<meta name=\"twitter:data1\" content=\"1 dakika\" \/>\n<script type=\"application\/ld+json\" class=\"yoast-schema-graph\">{\"@context\":\"https:\/\/schema.org\",\"@graph\":[{\"@type\":\"WebPage\",\"@id\":\"https:\/\/www.myvize.com.tr\/isvicre\/oturum-2\/evlilik-tescili\/\",\"url\":\"https:\/\/www.myvize.com.tr\/isvicre\/oturum-2\/evlilik-tescili\/\",\"name\":\"\u0130svi\u00e7re Evlilik Tescili - \u0130svi\u00e7re Evlilik \u015eartlar\u0131 - MyVize\",\"isPartOf\":{\"@id\":\"https:\/\/www.myvize.com.tr\/isvicre\/#website\"},\"datePublished\":\"2020-12-24T14:27:19+00:00\",\"dateModified\":\"2022-04-13T17:54:41+00:00\",\"description\":\"\u0130svi\u00e7re evlilik tescili evrak listesi g\u00fcncel. \u0130svi\u00e7re evlilik tescil \u015fartlar\u0131 nelerdir? \u0130svi\u00e7re evlilik tescil i\u015flemleri g\u00f6rsel anlat\u0131m.\",\"breadcrumb\":{\"@id\":\"https:\/\/www.myvize.com.tr\/isvicre\/oturum-2\/evlilik-tescili\/#breadcrumb\"},\"inLanguage\":\"tr\",\"potentialAction\":[{\"@type\":\"ReadAction\",\"target\":[\"https:\/\/www.myvize.com.tr\/isvicre\/oturum-2\/evlilik-tescili\/\"]}]},{\"@type\":\"BreadcrumbList\",\"@id\":\"https:\/\/www.myvize.com.tr\/isvicre\/oturum-2\/evlilik-tescili\/#breadcrumb\",\"itemListElement\":[{\"@type\":\"ListItem\",\"position\":1,\"name\":\"Anasayfa\",\"item\":\"https:\/\/www.myvize.com.tr\/isvicre\/\"},{\"@type\":\"ListItem\",\"position\":2,\"name\":\"OTURUM\",\"item\":\"https:\/\/www.myvize.com.tr\/isvicre\/oturum-2\/\"},{\"@type\":\"ListItem\",\"position\":3,\"name\":\"\u0130svi\u00e7re Evlilik Tescili\"}]},{\"@type\":\"WebSite\",\"@id\":\"https:\/\/www.myvize.com.tr\/isvicre\/#website\",\"url\":\"https:\/\/www.myvize.com.tr\/isvicre\/\",\"name\":\"\u0130svi\u00e7re Vizesi\",\"description\":\"\",\"potentialAction\":[{\"@type\":\"SearchAction\",\"target\":{\"@type\":\"EntryPoint\",\"urlTemplate\":\"https:\/\/www.myvize.com.tr\/isvicre\/?s={search_term_string}\"},\"query-input\":{\"@type\":\"PropertyValueSpecification\",\"valueRequired\":true,\"valueName\":\"search_term_string\"}}],\"inLanguage\":\"tr\"}]}<\/script>\n<!-- \/ Yoast SEO plugin. -->","yoast_head_json":{"title":"\u0130svi\u00e7re Evlilik Tescili - \u0130svi\u00e7re Evlilik \u015eartlar\u0131 - MyVize","description":"\u0130svi\u00e7re evlilik tescili evrak listesi g\u00fcncel. \u0130svi\u00e7re evlilik tescil \u015fartlar\u0131 nelerdir? \u0130svi\u00e7re evlilik tescil i\u015flemleri g\u00f6rsel anlat\u0131m.","robots":{"index":"index","follow":"follow","max-snippet":"max-snippet:-1","max-image-preview":"max-image-preview:large","max-video-preview":"max-video-preview:-1"},"canonical":"https:\/\/www.myvize.com.tr\/isvicre\/oturum-2\/evlilik-tescili\/","og_locale":"tr_TR","og_type":"article","og_title":"\u0130svi\u00e7re Evlilik Tescili - \u0130svi\u00e7re Evlilik \u015eartlar\u0131 - MyVize","og_description":"\u0130svi\u00e7re evlilik tescili evrak listesi g\u00fcncel. \u0130svi\u00e7re evlilik tescil \u015fartlar\u0131 nelerdir? \u0130svi\u00e7re evlilik tescil i\u015flemleri g\u00f6rsel anlat\u0131m.","og_url":"https:\/\/www.myvize.com.tr\/isvicre\/oturum-2\/evlilik-tescili\/","og_site_name":"\u0130svi\u00e7re Vizesi","article_modified_time":"2022-04-13T17:54:41+00:00","twitter_card":"summary_large_image","twitter_misc":{"Tahmini okuma s\u00fcresi":"1 dakika"},"schema":{"@context":"https:\/\/schema.org","@graph":[{"@type":"WebPage","@id":"https:\/\/www.myvize.com.tr\/isvicre\/oturum-2\/evlilik-tescili\/","url":"https:\/\/www.myvize.com.tr\/isvicre\/oturum-2\/evlilik-tescili\/","name":"\u0130svi\u00e7re Evlilik Tescili - \u0130svi\u00e7re Evlilik \u015eartlar\u0131 - MyVize","isPartOf":{"@id":"https:\/\/www.myvize.com.tr\/isvicre\/#website"},"datePublished":"2020-12-24T14:27:19+00:00","dateModified":"2022-04-13T17:54:41+00:00","description":"\u0130svi\u00e7re evlilik tescili evrak listesi g\u00fcncel. \u0130svi\u00e7re evlilik tescil \u015fartlar\u0131 nelerdir? \u0130svi\u00e7re evlilik tescil i\u015flemleri g\u00f6rsel anlat\u0131m.","breadcrumb":{"@id":"https:\/\/www.myvize.com.tr\/isvicre\/oturum-2\/evlilik-tescili\/#breadcrumb"},"inLanguage":"tr","potentialAction":[{"@type":"ReadAction","target":["https:\/\/www.myvize.com.tr\/isvicre\/oturum-2\/evlilik-tescili\/"]}]},{"@type":"BreadcrumbList","@id":"https:\/\/www.myvize.com.tr\/isvicre\/oturum-2\/evlilik-tescili\/#breadcrumb","itemListElement":[{"@type":"ListItem","position":1,"name":"Anasayfa","item":"https:\/\/www.myvize.com.tr\/isvicre\/"},{"@type":"ListItem","position":2,"name":"OTURUM","item":"https:\/\/www.myvize.com.tr\/isvicre\/oturum-2\/"},{"@type":"ListItem","position":3,"name":"\u0130svi\u00e7re Evlilik Tescili"}]},{"@type":"WebSite","@id":"https:\/\/www.myvize.com.tr\/isvicre\/#website","url":"https:\/\/www.myvize.com.tr\/isvicre\/","name":"\u0130svi\u00e7re Vizesi","description":"","potentialAction":[{"@type":"SearchAction","target":{"@type":"EntryPoint","urlTemplate":"https:\/\/www.myvize.com.tr\/isvicre\/?s={search_term_string}"},"query-input":{"@type":"PropertyValueSpecification","valueRequired":true,"valueName":"search_term_string"}}],"inLanguage":"tr"}]}},"_links":{"self":[{"href":"https:\/\/www.myvize.com.tr\/isvicre\/wp-json\/wp\/v2\/pages\/174","targetHints":{"allow":["GET"]}}],"collection":[{"href":"https:\/\/www.myvize.com.tr\/isvicre\/wp-json\/wp\/v2\/pages"}],"about":[{"href":"https:\/\/www.myvize.com.tr\/isvicre\/wp-json\/wp\/v2\/types\/page"}],"author":[{"embeddable":true,"href":"https:\/\/www.myvize.com.tr\/isvicre\/wp-json\/wp\/v2\/users\/1"}],"replies":[{"embeddable":true,"href":"https:\/\/www.myvize.com.tr\/isvicre\/wp-json\/wp\/v2\/comments?post=174"}],"version-history":[{"count":5,"href":"https:\/\/www.myvize.com.tr\/isvicre\/wp-json\/wp\/v2\/pages\/174\/revisions"}],"predecessor-version":[{"id":766,"href":"https:\/\/www.myvize.com.tr\/isvicre\/wp-json\/wp\/v2\/pages\/174\/revisions\/766"}],"up":[{"embeddable":true,"href":"https:\/\/www.myvize.com.tr\/isvicre\/wp-json\/wp\/v2\/pages\/162"}],"wp:attachment":[{"href":"https:\/\/www.myvize.com.tr\/isvicre\/wp-json\/wp\/v2\/media?parent=174"}],"curies":[{"name":"wp","href":"https:\/\/api.w.org\/{rel}","templated":true}]}}