{"id":78,"date":"2020-11-30T13:03:47","date_gmt":"2020-11-30T10:03:47","guid":{"rendered":"https:\/\/www.myvize.com.tr\/isvicre\/?page_id=78"},"modified":"2022-04-13T21:35:15","modified_gmt":"2022-04-13T18:35:15","slug":"izmir-baskonsoloslugu","status":"publish","type":"page","link":"https:\/\/www.myvize.com.tr\/isvicre\/konsolosluklar\/izmir-baskonsoloslugu\/","title":{"rendered":"\u0130svi\u00e7re \u0130zmir Ba\u015fkonsoloslu\u011fu"},"content":{"rendered":"<h2><span style=\"font-family: Roboto; font-size: 27px;\"><strong>\u0130svi\u00e7re \u0130zmir Fahri Ba\u015fkonsoloslu\u011fu<\/strong><\/span><\/h2>\n<p><span style=\"font-family: Roboto; font-size: 14px;\"><strong>\u0130svi\u00e7re \u0130zmir Ba\u015fkonsoloslu\u011fu<\/strong>, T\u00fcrkiye Cumhuriyeti vatanda\u015flar\u0131n\u0131n \u0130svi\u00e7re vize ba\u015fvurular\u0131n\u0131 de\u011ferlendirmek ve \u0130svi\u00e7re vatanda\u015flar\u0131n\u0131n konsolosluk i\u015flerinin giderilmesi i\u00e7in kurulmu\u015ftur. Bu kapsamda s\u00f6z konusu birim hafta i\u00e7i 10:00-17:00 saatleri aras\u0131nda \u00e7al\u0131\u015fmaktad\u0131r.<\/span><\/p>\n<p><span style=\"font-family: Roboto; font-size: 14px;\">\u0130zmir\u2019de ikamet ediyorsan\u0131z ve \u0130svi\u00e7re vizesi almak istiyorsan\u0131z burada bulunan <strong>\u0130svi\u00e7re \u0130zmir Ba\u015fkonsoloslu\u011fu<\/strong> ilgili birimine ba\u015fvuru yapabilirsiniz. Vize ba\u015fvurusu yapaca\u011f\u0131n\u0131z zaman \u00f6ncelikle online \u0130svi\u00e7re vize ba\u015fvuru formunu doldurman\u0131z gerekir. S\u00f6z konusu form \u0130ngilizce doldurulmal\u0131d\u0131r. Formda, ki\u015finin ne maksatla \u0130svi\u00e7re\u2019ye seyahat etti\u011fi, nerede konaklayaca\u011f\u0131, mesle\u011fi ve ekonomik durumu gibi sorular yer almaktad\u0131r.<\/span><\/p>\n<h2><span style=\"font-family: Roboto; font-size: 27px;\"><strong>\u0130svi\u00e7re \u0130zmir Ba\u015fkonsoloslu\u011fu\u2019nun G\u00f6revi Nedir?<\/strong><\/span><\/h2>\n<p><span style=\"font-family: Roboto; font-size: 14px;\"><strong>\u0130svi\u00e7re \u0130zmir Ba\u015fkonsoloslu\u011fu<\/strong> yukar\u0131da da belirtildi\u011fi gibi \u00f6ncelikle vize i\u015flemleri ve \u0130svi\u00e7re vatanda\u015flar\u0131n\u0131n konsolosluk i\u015flemleri i\u00e7in kurulmu\u015f bir birimdir. Vize talebinin olumlu sonu\u00e7lanmas\u0131 i\u00e7in konsolosluk taraf\u0131ndan talep edilen t\u00fcm belgelerin tam ve eksiksiz \u015fekilde doldurulmas\u0131 gerekir.<\/span><\/p>\n<p><span style=\"font-family: Roboto; font-size: 14px;\">Konsolosluk, vize ba\u015fvurunuzu de\u011ferlendirirken sizin \u00fclkenize geri d\u00f6nece\u011finizden emin olmak ister. Bu nedenle maddi teminat ve i\u015f yeri belgesi gibi evraklar, inand\u0131r\u0131c\u0131l\u0131k a\u00e7\u0131s\u0131ndan etkilidir. Konsolosluk yetkilileri ba\u015fvuru talebini al\u0131r, de\u011ferlendirir ve belli bir s\u00fcre sonra sonuca ba\u011flar. De\u011ferlendirme s\u00fcreci genel olarak 7-10 g\u00fcn i\u00e7erisinde sonlanmaktad\u0131r. Vize ba\u015fvuru sonucunuz ise adresinize resmi yaz\u0131 ile bildirilmektedir.<\/span><\/p>\n<p><span style=\"font-family: Roboto; font-size: 14px;\">Ge\u00e7erli bir pasaport, biyometrik foto\u011fraf ve istenen bir k\u0131s\u0131m evraklarla birlikte vize ba\u015fvurusunda bulunabilirsiniz. Olumlu cevab\u0131n gelmesini m\u00fcteakip seyahatinizi ger\u00e7ekle\u015ftirebilirsiniz. Seyahat vizeleri genel olarak 90 g\u00fcn ile s\u0131n\u0131rl\u0131 tutulmu\u015ftur.<\/span><\/p>\n","protected":false},"excerpt":{"rendered":"<p>\u0130svi\u00e7re \u0130zmir Fahri Ba\u015fkonsoloslu\u011fu \u0130svi\u00e7re \u0130zmir Ba\u015fkonsoloslu\u011fu, T\u00fcrkiye Cumhuriyeti vatanda\u015flar\u0131n\u0131n \u0130svi\u00e7re vize ba\u015fvurular\u0131n\u0131 de\u011ferlendirmek ve \u0130svi\u00e7re vatanda\u015flar\u0131n\u0131n konsolosluk i\u015flerinin giderilmesi i\u00e7in kurulmu\u015ftur. Bu kapsamda s\u00f6z konusu birim hafta i\u00e7i 10:00-17:00 saatleri aras\u0131nda \u00e7al\u0131\u015fmaktad\u0131r. \u0130zmir\u2019de ikamet ediyorsan\u0131z ve \u0130svi\u00e7re vizesi almak istiyorsan\u0131z burada bulunan \u0130svi\u00e7re \u0130zmir Ba\u015fkonsoloslu\u011fu ilgili birimine ba\u015fvuru yapabilirsiniz. Vize ba\u015fvurusu yapaca\u011f\u0131n\u0131z zaman \u00f6ncelikle<\/p>\n","protected":false},"author":1,"featured_media":0,"parent":69,"menu_order":0,"comment_status":"open","ping_status":"closed","template":"","meta":{"footnotes":""},"class_list":["post-78","page","type-page","status-publish","hentry"],"yoast_head":"<!-- This site is optimized with the Yoast SEO plugin v24.0 - https:\/\/yoast.com\/wordpress\/plugins\/seo\/ -->\n<title>\u0130svi\u00e7re \u0130zmir Ba\u015fkonsoloslu\u011fu Vize \u0130\u015flemleri - MyVize<\/title>\n<meta name=\"description\" content=\"\u0130svi\u00e7re \u0130zmir Ba\u015fkonsoloslu\u011fu \u00e7al\u0131\u015fma saatleri. \u0130svi\u00e7re \u0130zmir Ba\u015fkonsoloslu\u011fu ula\u015f\u0131m, ileti\u015fim bilgileri ve faaliyet alan\u0131.\" \/>\n<meta name=\"robots\" content=\"index, follow, max-snippet:-1, max-image-preview:large, max-video-preview:-1\" \/>\n<link rel=\"canonical\" href=\"https:\/\/www.myvize.com.tr\/isvicre\/konsolosluklar\/izmir-baskonsoloslugu\/\" \/>\n<meta property=\"og:locale\" content=\"tr_TR\" \/>\n<meta property=\"og:type\" content=\"article\" \/>\n<meta property=\"og:title\" content=\"\u0130svi\u00e7re \u0130zmir Ba\u015fkonsoloslu\u011fu Vize \u0130\u015flemleri - MyVize\" \/>\n<meta property=\"og:description\" content=\"\u0130svi\u00e7re \u0130zmir Ba\u015fkonsoloslu\u011fu \u00e7al\u0131\u015fma saatleri. \u0130svi\u00e7re \u0130zmir Ba\u015fkonsoloslu\u011fu ula\u015f\u0131m, ileti\u015fim bilgileri ve faaliyet alan\u0131.\" \/>\n<meta property=\"og:url\" content=\"https:\/\/www.myvize.com.tr\/isvicre\/konsolosluklar\/izmir-baskonsoloslugu\/\" \/>\n<meta property=\"og:site_name\" content=\"\u0130svi\u00e7re Vizesi\" \/>\n<meta property=\"article:modified_time\" content=\"2022-04-13T18:35:15+00:00\" \/>\n<meta name=\"twitter:card\" content=\"summary_large_image\" \/>\n<meta name=\"twitter:label1\" content=\"Tahmini okuma s\u00fcresi\" \/>\n\t<meta name=\"twitter:data1\" content=\"1 dakika\" \/>\n<script type=\"application\/ld+json\" class=\"yoast-schema-graph\">{\"@context\":\"https:\/\/schema.org\",\"@graph\":[{\"@type\":\"WebPage\",\"@id\":\"https:\/\/www.myvize.com.tr\/isvicre\/konsolosluklar\/izmir-baskonsoloslugu\/\",\"url\":\"https:\/\/www.myvize.com.tr\/isvicre\/konsolosluklar\/izmir-baskonsoloslugu\/\",\"name\":\"\u0130svi\u00e7re \u0130zmir Ba\u015fkonsoloslu\u011fu Vize \u0130\u015flemleri - MyVize\",\"isPartOf\":{\"@id\":\"https:\/\/www.myvize.com.tr\/isvicre\/#website\"},\"datePublished\":\"2020-11-30T10:03:47+00:00\",\"dateModified\":\"2022-04-13T18:35:15+00:00\",\"description\":\"\u0130svi\u00e7re \u0130zmir Ba\u015fkonsoloslu\u011fu \u00e7al\u0131\u015fma saatleri. \u0130svi\u00e7re \u0130zmir Ba\u015fkonsoloslu\u011fu ula\u015f\u0131m, ileti\u015fim bilgileri ve faaliyet alan\u0131.\",\"breadcrumb\":{\"@id\":\"https:\/\/www.myvize.com.tr\/isvicre\/konsolosluklar\/izmir-baskonsoloslugu\/#breadcrumb\"},\"inLanguage\":\"tr\",\"potentialAction\":[{\"@type\":\"ReadAction\",\"target\":[\"https:\/\/www.myvize.com.tr\/isvicre\/konsolosluklar\/izmir-baskonsoloslugu\/\"]}]},{\"@type\":\"BreadcrumbList\",\"@id\":\"https:\/\/www.myvize.com.tr\/isvicre\/konsolosluklar\/izmir-baskonsoloslugu\/#breadcrumb\",\"itemListElement\":[{\"@type\":\"ListItem\",\"position\":1,\"name\":\"Anasayfa\",\"item\":\"https:\/\/www.myvize.com.tr\/isvicre\/\"},{\"@type\":\"ListItem\",\"position\":2,\"name\":\"KONSOLOSLUKLAR\",\"item\":\"https:\/\/www.myvize.com.tr\/isvicre\/konsolosluklar\/\"},{\"@type\":\"ListItem\",\"position\":3,\"name\":\"\u0130svi\u00e7re \u0130zmir Ba\u015fkonsoloslu\u011fu\"}]},{\"@type\":\"WebSite\",\"@id\":\"https:\/\/www.myvize.com.tr\/isvicre\/#website\",\"url\":\"https:\/\/www.myvize.com.tr\/isvicre\/\",\"name\":\"\u0130svi\u00e7re Vizesi\",\"description\":\"\",\"potentialAction\":[{\"@type\":\"SearchAction\",\"target\":{\"@type\":\"EntryPoint\",\"urlTemplate\":\"https:\/\/www.myvize.com.tr\/isvicre\/?s={search_term_string}\"},\"query-input\":{\"@type\":\"PropertyValueSpecification\",\"valueRequired\":true,\"valueName\":\"search_term_string\"}}],\"inLanguage\":\"tr\"}]}<\/script>\n<!-- \/ Yoast SEO plugin. -->","yoast_head_json":{"title":"\u0130svi\u00e7re \u0130zmir Ba\u015fkonsoloslu\u011fu Vize \u0130\u015flemleri - MyVize","description":"\u0130svi\u00e7re \u0130zmir Ba\u015fkonsoloslu\u011fu \u00e7al\u0131\u015fma saatleri. \u0130svi\u00e7re \u0130zmir Ba\u015fkonsoloslu\u011fu ula\u015f\u0131m, ileti\u015fim bilgileri ve faaliyet alan\u0131.","robots":{"index":"index","follow":"follow","max-snippet":"max-snippet:-1","max-image-preview":"max-image-preview:large","max-video-preview":"max-video-preview:-1"},"canonical":"https:\/\/www.myvize.com.tr\/isvicre\/konsolosluklar\/izmir-baskonsoloslugu\/","og_locale":"tr_TR","og_type":"article","og_title":"\u0130svi\u00e7re \u0130zmir Ba\u015fkonsoloslu\u011fu Vize \u0130\u015flemleri - MyVize","og_description":"\u0130svi\u00e7re \u0130zmir Ba\u015fkonsoloslu\u011fu \u00e7al\u0131\u015fma saatleri. \u0130svi\u00e7re \u0130zmir Ba\u015fkonsoloslu\u011fu ula\u015f\u0131m, ileti\u015fim bilgileri ve faaliyet alan\u0131.","og_url":"https:\/\/www.myvize.com.tr\/isvicre\/konsolosluklar\/izmir-baskonsoloslugu\/","og_site_name":"\u0130svi\u00e7re Vizesi","article_modified_time":"2022-04-13T18:35:15+00:00","twitter_card":"summary_large_image","twitter_misc":{"Tahmini okuma s\u00fcresi":"1 dakika"},"schema":{"@context":"https:\/\/schema.org","@graph":[{"@type":"WebPage","@id":"https:\/\/www.myvize.com.tr\/isvicre\/konsolosluklar\/izmir-baskonsoloslugu\/","url":"https:\/\/www.myvize.com.tr\/isvicre\/konsolosluklar\/izmir-baskonsoloslugu\/","name":"\u0130svi\u00e7re \u0130zmir Ba\u015fkonsoloslu\u011fu Vize \u0130\u015flemleri - MyVize","isPartOf":{"@id":"https:\/\/www.myvize.com.tr\/isvicre\/#website"},"datePublished":"2020-11-30T10:03:47+00:00","dateModified":"2022-04-13T18:35:15+00:00","description":"\u0130svi\u00e7re \u0130zmir Ba\u015fkonsoloslu\u011fu \u00e7al\u0131\u015fma saatleri. \u0130svi\u00e7re \u0130zmir Ba\u015fkonsoloslu\u011fu ula\u015f\u0131m, ileti\u015fim bilgileri ve faaliyet alan\u0131.","breadcrumb":{"@id":"https:\/\/www.myvize.com.tr\/isvicre\/konsolosluklar\/izmir-baskonsoloslugu\/#breadcrumb"},"inLanguage":"tr","potentialAction":[{"@type":"ReadAction","target":["https:\/\/www.myvize.com.tr\/isvicre\/konsolosluklar\/izmir-baskonsoloslugu\/"]}]},{"@type":"BreadcrumbList","@id":"https:\/\/www.myvize.com.tr\/isvicre\/konsolosluklar\/izmir-baskonsoloslugu\/#breadcrumb","itemListElement":[{"@type":"ListItem","position":1,"name":"Anasayfa","item":"https:\/\/www.myvize.com.tr\/isvicre\/"},{"@type":"ListItem","position":2,"name":"KONSOLOSLUKLAR","item":"https:\/\/www.myvize.com.tr\/isvicre\/konsolosluklar\/"},{"@type":"ListItem","position":3,"name":"\u0130svi\u00e7re \u0130zmir Ba\u015fkonsoloslu\u011fu"}]},{"@type":"WebSite","@id":"https:\/\/www.myvize.com.tr\/isvicre\/#website","url":"https:\/\/www.myvize.com.tr\/isvicre\/","name":"\u0130svi\u00e7re Vizesi","description":"","potentialAction":[{"@type":"SearchAction","target":{"@type":"EntryPoint","urlTemplate":"https:\/\/www.myvize.com.tr\/isvicre\/?s={search_term_string}"},"query-input":{"@type":"PropertyValueSpecification","valueRequired":true,"valueName":"search_term_string"}}],"inLanguage":"tr"}]}},"_links":{"self":[{"href":"https:\/\/www.myvize.com.tr\/isvicre\/wp-json\/wp\/v2\/pages\/78","targetHints":{"allow":["GET"]}}],"collection":[{"href":"https:\/\/www.myvize.com.tr\/isvicre\/wp-json\/wp\/v2\/pages"}],"about":[{"href":"https:\/\/www.myvize.com.tr\/isvicre\/wp-json\/wp\/v2\/types\/page"}],"author":[{"embeddable":true,"href":"https:\/\/www.myvize.com.tr\/isvicre\/wp-json\/wp\/v2\/users\/1"}],"replies":[{"embeddable":true,"href":"https:\/\/www.myvize.com.tr\/isvicre\/wp-json\/wp\/v2\/comments?post=78"}],"version-history":[{"count":5,"href":"https:\/\/www.myvize.com.tr\/isvicre\/wp-json\/wp\/v2\/pages\/78\/revisions"}],"predecessor-version":[{"id":780,"href":"https:\/\/www.myvize.com.tr\/isvicre\/wp-json\/wp\/v2\/pages\/78\/revisions\/780"}],"up":[{"embeddable":true,"href":"https:\/\/www.myvize.com.tr\/isvicre\/wp-json\/wp\/v2\/pages\/69"}],"wp:attachment":[{"href":"https:\/\/www.myvize.com.tr\/isvicre\/wp-json\/wp\/v2\/media?parent=78"}],"curies":[{"name":"wp","href":"https:\/\/api.w.org\/{rel}","templated":true}]}}