{"id":178,"date":"2020-12-22T16:08:42","date_gmt":"2020-12-22T13:08:42","guid":{"rendered":"https:\/\/www.myvize.com.tr\/italya\/?page_id=178"},"modified":"2022-04-16T14:29:34","modified_gmt":"2022-04-16T11:29:34","slug":"italya-calisma-izni","status":"publish","type":"page","link":"https:\/\/www.myvize.com.tr\/italya\/oturum-2\/italya-calisma-izni\/","title":{"rendered":"\u0130talya \u00c7al\u0131\u015fma \u0130zni"},"content":{"rendered":"","protected":false},"excerpt":{"rendered":"","protected":false},"author":1,"featured_media":0,"parent":161,"menu_order":0,"comment_status":"open","ping_status":"closed","template":"","meta":{"footnotes":""},"class_list":["post-178","page","type-page","status-publish","hentry"],"yoast_head":"<!-- This site is optimized with the Yoast SEO plugin v24.0 - https:\/\/yoast.com\/wordpress\/plugins\/seo\/ -->\n<title>\u0130talya \u00c7al\u0131\u015fma \u0130zni Vizesi \u0130\u015flemleri - MyVize<\/title>\n<meta name=\"description\" content=\"\u0130talya \u00c7al\u0131\u015fma \u0130zni Vizesi Nas\u0131l Al\u0131n\u0131r? \u0130talya \u00c7al\u0131\u015fma \u0130zni \u015eartlar\u0131 Nelerdir? \u00c7al\u0131\u015fma \u0130zni Vizesi \u0130\u00e7in Gerekli Evraklar Neler?\" \/>\n<meta name=\"robots\" content=\"index, follow, max-snippet:-1, max-image-preview:large, max-video-preview:-1\" \/>\n<link rel=\"canonical\" href=\"https:\/\/www.myvize.com.tr\/italya\/oturum-2\/italya-calisma-izni\/\" \/>\n<meta property=\"og:locale\" content=\"tr_TR\" \/>\n<meta property=\"og:type\" content=\"article\" \/>\n<meta property=\"og:title\" content=\"\u0130talya \u00c7al\u0131\u015fma \u0130zni Vizesi \u0130\u015flemleri - MyVize\" \/>\n<meta property=\"og:description\" content=\"\u0130talya \u00c7al\u0131\u015fma \u0130zni Vizesi Nas\u0131l Al\u0131n\u0131r? \u0130talya \u00c7al\u0131\u015fma \u0130zni \u015eartlar\u0131 Nelerdir? \u00c7al\u0131\u015fma \u0130zni Vizesi \u0130\u00e7in Gerekli Evraklar Neler?\" \/>\n<meta property=\"og:url\" content=\"https:\/\/www.myvize.com.tr\/italya\/oturum-2\/italya-calisma-izni\/\" \/>\n<meta property=\"og:site_name\" content=\"\u0130talya Vizesi\" \/>\n<meta property=\"article:modified_time\" content=\"2022-04-16T11:29:34+00:00\" \/>\n<meta name=\"twitter:card\" content=\"summary_large_image\" \/>\n<script type=\"application\/ld+json\" class=\"yoast-schema-graph\">{\"@context\":\"https:\/\/schema.org\",\"@graph\":[{\"@type\":\"WebPage\",\"@id\":\"https:\/\/www.myvize.com.tr\/italya\/oturum-2\/italya-calisma-izni\/\",\"url\":\"https:\/\/www.myvize.com.tr\/italya\/oturum-2\/italya-calisma-izni\/\",\"name\":\"\u0130talya \u00c7al\u0131\u015fma \u0130zni Vizesi \u0130\u015flemleri - MyVize\",\"isPartOf\":{\"@id\":\"https:\/\/www.myvize.com.tr\/italya\/#website\"},\"datePublished\":\"2020-12-22T13:08:42+00:00\",\"dateModified\":\"2022-04-16T11:29:34+00:00\",\"description\":\"\u0130talya \u00c7al\u0131\u015fma \u0130zni Vizesi Nas\u0131l Al\u0131n\u0131r? \u0130talya \u00c7al\u0131\u015fma \u0130zni \u015eartlar\u0131 Nelerdir? \u00c7al\u0131\u015fma \u0130zni Vizesi \u0130\u00e7in Gerekli Evraklar Neler?\",\"breadcrumb\":{\"@id\":\"https:\/\/www.myvize.com.tr\/italya\/oturum-2\/italya-calisma-izni\/#breadcrumb\"},\"inLanguage\":\"tr\",\"potentialAction\":[{\"@type\":\"ReadAction\",\"target\":[\"https:\/\/www.myvize.com.tr\/italya\/oturum-2\/italya-calisma-izni\/\"]}]},{\"@type\":\"BreadcrumbList\",\"@id\":\"https:\/\/www.myvize.com.tr\/italya\/oturum-2\/italya-calisma-izni\/#breadcrumb\",\"itemListElement\":[{\"@type\":\"ListItem\",\"position\":1,\"name\":\"Anasayfa\",\"item\":\"https:\/\/www.myvize.com.tr\/italya\/\"},{\"@type\":\"ListItem\",\"position\":2,\"name\":\"\u0130TALYA OTURUM KARTI\",\"item\":\"https:\/\/www.myvize.com.tr\/italya\/oturum-2\/\"},{\"@type\":\"ListItem\",\"position\":3,\"name\":\"\u0130talya \u00c7al\u0131\u015fma \u0130zni\"}]},{\"@type\":\"WebSite\",\"@id\":\"https:\/\/www.myvize.com.tr\/italya\/#website\",\"url\":\"https:\/\/www.myvize.com.tr\/italya\/\",\"name\":\"\u0130talya Vizesi\",\"description\":\"\",\"potentialAction\":[{\"@type\":\"SearchAction\",\"target\":{\"@type\":\"EntryPoint\",\"urlTemplate\":\"https:\/\/www.myvize.com.tr\/italya\/?s={search_term_string}\"},\"query-input\":{\"@type\":\"PropertyValueSpecification\",\"valueRequired\":true,\"valueName\":\"search_term_string\"}}],\"inLanguage\":\"tr\"}]}<\/script>\n<!-- \/ Yoast SEO plugin. -->","yoast_head_json":{"title":"\u0130talya \u00c7al\u0131\u015fma \u0130zni Vizesi \u0130\u015flemleri - MyVize","description":"\u0130talya \u00c7al\u0131\u015fma \u0130zni Vizesi Nas\u0131l Al\u0131n\u0131r? \u0130talya \u00c7al\u0131\u015fma \u0130zni \u015eartlar\u0131 Nelerdir? \u00c7al\u0131\u015fma \u0130zni Vizesi \u0130\u00e7in Gerekli Evraklar Neler?","robots":{"index":"index","follow":"follow","max-snippet":"max-snippet:-1","max-image-preview":"max-image-preview:large","max-video-preview":"max-video-preview:-1"},"canonical":"https:\/\/www.myvize.com.tr\/italya\/oturum-2\/italya-calisma-izni\/","og_locale":"tr_TR","og_type":"article","og_title":"\u0130talya \u00c7al\u0131\u015fma \u0130zni Vizesi \u0130\u015flemleri - MyVize","og_description":"\u0130talya \u00c7al\u0131\u015fma \u0130zni Vizesi Nas\u0131l Al\u0131n\u0131r? \u0130talya \u00c7al\u0131\u015fma \u0130zni \u015eartlar\u0131 Nelerdir? \u00c7al\u0131\u015fma \u0130zni Vizesi \u0130\u00e7in Gerekli Evraklar Neler?","og_url":"https:\/\/www.myvize.com.tr\/italya\/oturum-2\/italya-calisma-izni\/","og_site_name":"\u0130talya Vizesi","article_modified_time":"2022-04-16T11:29:34+00:00","twitter_card":"summary_large_image","schema":{"@context":"https:\/\/schema.org","@graph":[{"@type":"WebPage","@id":"https:\/\/www.myvize.com.tr\/italya\/oturum-2\/italya-calisma-izni\/","url":"https:\/\/www.myvize.com.tr\/italya\/oturum-2\/italya-calisma-izni\/","name":"\u0130talya \u00c7al\u0131\u015fma \u0130zni Vizesi \u0130\u015flemleri - MyVize","isPartOf":{"@id":"https:\/\/www.myvize.com.tr\/italya\/#website"},"datePublished":"2020-12-22T13:08:42+00:00","dateModified":"2022-04-16T11:29:34+00:00","description":"\u0130talya \u00c7al\u0131\u015fma \u0130zni Vizesi Nas\u0131l Al\u0131n\u0131r? \u0130talya \u00c7al\u0131\u015fma \u0130zni \u015eartlar\u0131 Nelerdir? \u00c7al\u0131\u015fma \u0130zni Vizesi \u0130\u00e7in Gerekli Evraklar Neler?","breadcrumb":{"@id":"https:\/\/www.myvize.com.tr\/italya\/oturum-2\/italya-calisma-izni\/#breadcrumb"},"inLanguage":"tr","potentialAction":[{"@type":"ReadAction","target":["https:\/\/www.myvize.com.tr\/italya\/oturum-2\/italya-calisma-izni\/"]}]},{"@type":"BreadcrumbList","@id":"https:\/\/www.myvize.com.tr\/italya\/oturum-2\/italya-calisma-izni\/#breadcrumb","itemListElement":[{"@type":"ListItem","position":1,"name":"Anasayfa","item":"https:\/\/www.myvize.com.tr\/italya\/"},{"@type":"ListItem","position":2,"name":"\u0130TALYA OTURUM KARTI","item":"https:\/\/www.myvize.com.tr\/italya\/oturum-2\/"},{"@type":"ListItem","position":3,"name":"\u0130talya \u00c7al\u0131\u015fma \u0130zni"}]},{"@type":"WebSite","@id":"https:\/\/www.myvize.com.tr\/italya\/#website","url":"https:\/\/www.myvize.com.tr\/italya\/","name":"\u0130talya Vizesi","description":"","potentialAction":[{"@type":"SearchAction","target":{"@type":"EntryPoint","urlTemplate":"https:\/\/www.myvize.com.tr\/italya\/?s={search_term_string}"},"query-input":{"@type":"PropertyValueSpecification","valueRequired":true,"valueName":"search_term_string"}}],"inLanguage":"tr"}]}},"_links":{"self":[{"href":"https:\/\/www.myvize.com.tr\/italya\/wp-json\/wp\/v2\/pages\/178","targetHints":{"allow":["GET"]}}],"collection":[{"href":"https:\/\/www.myvize.com.tr\/italya\/wp-json\/wp\/v2\/pages"}],"about":[{"href":"https:\/\/www.myvize.com.tr\/italya\/wp-json\/wp\/v2\/types\/page"}],"author":[{"embeddable":true,"href":"https:\/\/www.myvize.com.tr\/italya\/wp-json\/wp\/v2\/users\/1"}],"replies":[{"embeddable":true,"href":"https:\/\/www.myvize.com.tr\/italya\/wp-json\/wp\/v2\/comments?post=178"}],"version-history":[{"count":5,"href":"https:\/\/www.myvize.com.tr\/italya\/wp-json\/wp\/v2\/pages\/178\/revisions"}],"predecessor-version":[{"id":1015,"href":"https:\/\/www.myvize.com.tr\/italya\/wp-json\/wp\/v2\/pages\/178\/revisions\/1015"}],"up":[{"embeddable":true,"href":"https:\/\/www.myvize.com.tr\/italya\/wp-json\/wp\/v2\/pages\/161"}],"wp:attachment":[{"href":"https:\/\/www.myvize.com.tr\/italya\/wp-json\/wp\/v2\/media?parent=178"}],"curies":[{"name":"wp","href":"https:\/\/api.w.org\/{rel}","templated":true}]}}