{"id":180,"date":"2020-12-22T16:09:19","date_gmt":"2020-12-22T13:09:19","guid":{"rendered":"https:\/\/www.myvize.com.tr\/italya\/?page_id=180"},"modified":"2022-10-06T12:22:50","modified_gmt":"2022-10-06T09:22:50","slug":"italya-aile-birlesimi","status":"publish","type":"page","link":"https:\/\/www.myvize.com.tr\/italya\/vatandaslik\/italya-aile-birlesimi\/","title":{"rendered":"\u0130talya Aile Birle\u015fimi"},"content":{"rendered":"<h2><strong><span style=\"font-family: Roboto; font-size: 27px;\">\u0130talya Aile Birle\u015fimi Hakk\u0131nda<\/span><\/strong><\/h2>\n<p><span style=\"font-family: Roboto; font-size: 14px;\">\u0130talya\u2019da bulunan aile bireyleri ile beraber ya\u015famak isteyen T\u00fcrk vatanda\u015flar\u0131n\u0131n <strong>\u0130talya aile birle\u015fimi<\/strong> yapmas\u0131 gerekmektedir. Bunun i\u00e7in <strong>\u0130talya aile birle\u015fimi vizesi<\/strong> almalar\u0131 gerekmektedir.<strong> \u0130talya aile birle\u015fimi<\/strong> yapacak olan ki\u015filerin \u0130talya\u2019da bulunan yak\u0131n\u0131n\u0131n e\u015fi ya da birinci dereceden akrabas\u0131 olmas\u0131 gerekmektedir.<\/span><\/p>\n<p><span style=\"font-family: Roboto; font-size: 14px;\"><strong>\u0130talya aile birle\u015fimi<\/strong> ba\u015fvurusunda bulunacak olan ki\u015filerin, \u0130talya\u2019da bulunan yak\u0131nlar\u0131n\u0131n \u0130talya oturum izni ya da <strong>\u0130talya vatanda\u015f\u0131<\/strong> olmas\u0131 gerekmektedir. \u0130talya\u2019da bulunan yak\u0131n\u0131n ayr\u0131ca ba\u015fvuru sahibine bir davetiye vermesi gerekmektedir.<\/span><\/p>\n<p><span style=\"font-family: Roboto; font-size: 14px;\"><strong>\u0130talya aile birle\u015fimi<\/strong> ba\u015fvurusunda bulunacak olan ki\u015filerin; \u0130talyancay\u0131 iyi derecede bilmesi gerekmektedir. \u0130talya aile birle\u015fimi ba\u015fvurusu yapacak olan ki\u015filerin; \u0130talya\u2019daki ya\u015famlar\u0131n\u0131 kendi ba\u015flar\u0131na idame ettirebilecek maddi durumunun olmas\u0131 gerekmektedir. Ayr\u0131ca <strong>\u0130talya aile birle\u015fimi ba\u015fvurusu<\/strong> yapacak olan ki\u015filerin<strong> \u0130talya aile birle\u015fimi vizesi<\/strong> i\u00e7in sab\u0131kas\u0131n\u0131n iyi olmas\u0131 gerekmektedir. Ba\u015fvuru sahibinin ayr\u0131ca \u0130talya\u2019n\u0131n sosyal ya\u015fam\u0131na ve \u0130talya kamu d\u00fczenine uygun ya\u015fayabilece\u011fini kan\u0131tlamas\u0131 gerekmektedir.<\/span><\/p>\n<p><span style=\"font-family: Roboto; font-size: 14px;\"><strong>\u0130talya aile birle\u015fimi vize<\/strong> ba\u015fvurusu yapacak olan ki\u015filer ba\u015fvurular\u0131n\u0131, \u0130talya\u2019n\u0131n T\u00fcrkiye\u2019de bulunan diplomatik temsilciliklerine yapmas\u0131 gerekmektedir. Bunun nedeni T\u00fcrkiye&#8217;de \u0130talya temsilcili\u011fi bulunmamas\u0131d\u0131r.<strong> \u0130talya aile birle\u015fimi<\/strong> i\u00e7in gerekli olan belgelerin haz\u0131rlan\u0131p yetkililere randevu tarihinde teslim edilmesi gerekmektedir.<\/span><\/p>\n<h2><span style=\"font-family: Roboto; font-size: 27px;\"><strong>\u0130talya Aile Birle\u015fimi Vizesi Hakk\u0131nda 2022<\/strong><\/span><\/h2>\n<p><span style=\"font-family: Roboto; font-size: 14px;\"><strong>\u0130talya Aile Birle\u015fimi vize<\/strong> uzun s\u00fcre vize kategorisi i\u00e7inde yer alan ulusal vize ya da D tip olarak adland\u0131r\u0131lan vize t\u00fcr\u00fc i\u00e7erisinde yer almaktad\u0131r. Bir \u0130talyan vatanda\u015f ile evlilik yapmak ya da uzun s\u00fcre \u0130talya\u2019da ikamet eden akraban\u0131z\u0131n yan\u0131na yerle\u015fme i\u00e7in <strong>\u0130talya aile birle\u015fim vizesi<\/strong> prosed\u00fcr\u00fcnde yararlanabilirsiniz. <strong>\u0130talya Aile Birle\u015fim vizesi<\/strong>, k\u0131sa s\u00fcre <span style=\"color: #2acec2;\"><strong><a style=\"color: #2acec2;\" href=\"https:\/\/www.myvize.com.tr\/italya\/vize-islemleri\/italya-schengen-vizesi\/\" target=\"_blank\" rel=\"noopener\">\u0130talya Schengen vizesi<\/a><\/strong><\/span> t\u00fcr\u00fc olan \u0130talya Aile &amp; Akraba ziyaret vize ile kar\u0131\u015ft\u0131r\u0131lmamal\u0131d\u0131r.<\/span><br \/>\n<span style=\"font-family: Roboto; font-size: 14px;\">\u0130talya\u2019da ikamet eden yak\u0131n\u0131n e\u011fer \u0130talya\u2019da oturma izni ve \u00e7al\u0131\u015fma izni varsa a\u015fa\u011f\u0131da ki prosed\u00fcr g\u00f6re hareket edilme gerekir.<\/span><br \/>\n<span style=\"font-family: Roboto; font-size: 14px;\">\u00d6ncelikle \u0130talya \u0130\u00e7i\u015fi Bakanl\u0131\u011f\u0131n\u0131n resm\u00ee web sitesi girerek \u201cModello S\u201d formu doldurarak bunu online olarak ilgili makamlara g\u00f6ndermeniz gerekmektedir. Formdaki dil \u0130talyanca ve form sadece \u0130talyanca doldurulmakta. G\u00f6\u00e7menlik b\u00fcrosundan formun doldurulmas\u0131 konusuna yard\u0131m alabilirsiniz.<\/span><br \/>\n<span style=\"font-family: Roboto; font-size: 14px;\">G\u00f6\u00e7men B\u00fcrosu (Sportello Unico Immigrazione) konaklamak ve gelir d\u00fczeyinizle ilgili sundu\u011funuz evrak\u0131 kontrol etmek i\u00e7in sizi m\u00fclakat davet eder.<\/span><br \/>\n<span style=\"font-family: Roboto; font-size: 14px;\">G\u00f6\u00e7menlik B\u00fcrosu taraf\u0131nda verilen izin belgesi, <strong>\u0130talya\u2019da \u00e7al\u0131\u015fmak ve oturum izni<\/strong> mahiyetinde olup \u00e7\u0131k\u0131\u015f 180 g\u00fcn bulabilir. Bu izin belgesi ald\u0131ktan sonra T\u00fcrkiye\u2019de 6 ay i\u00e7erisinde \u0130talya Konsoloslu\u011funa aile birle\u015fim i\u00e7in vize ba\u015fvurusuna bulunabilirsiniz.<\/span><br \/>\n<span style=\"font-family: Roboto; font-size: 14px;\">Vizeniz onayland\u0131kdan ve \u0130talya\u2019ya geldikten sonra 8 g\u00fcn i\u00e7erisinde G\u00f6\u00e7men ofisine aile birle\u015fim i\u00e7in ba\u015fvuruda bulunmak gerekir. \u0130talya vizeniz onay veya ret verecek tek yetkililerce kurum sadece<strong> \u0130talya Konsoloslu\u011fu<\/strong> ve \u0130talya B\u00fcy\u00fckel\u00e7ili\u011fidir.<\/span><\/p>\n<p><span style=\"font-family: Roboto; font-size: 14px;\"><span style=\"color: #2acec2;\"><strong><a style=\"color: #2acec2;\" href=\"https:\/\/www.myvize.com.tr\/italya\/vize-islemleri\/italya-vize-randevusu\/\" target=\"_blank\" rel=\"noopener\">\u0130talya Vize Randevusu <\/a><\/strong><\/span>ile ilgili bilgi almak i\u00e7in bizi aray\u0131n.<\/span><\/p>\n<p><img decoding=\"async\" src=\"https:\/\/www.myvize.com.tr\/italya\/wp-content\/uploads\/2021\/10\/46.jpg\" \/><\/p>\n<h2><span style=\"font-family: Roboto; font-size: 27px;\">\u0130talya Aile Birle\u015fimi Vizesi Nedir?<\/span><\/h2>\n<p><span style=\"font-family: Roboto; font-size: 14px;\">\u0130talya bir\u00e7ok ki\u015finin ya\u015famak istedi\u011fi \u00fclke aralar\u0131ndan yer almaktad\u0131r. Bu sebeple \u0130talya\u2019da akrabas\u0131 olan ya da bir Yunan vatanda\u015flar\u0131 ile evli olan ki\u015fi aile birle\u015fim vizesi alarak bu \u00fclkelerde belirli bir s\u00fcre ya\u015fam hakk\u0131na sahip olabilmektedir. Bu izinler yaln\u0131zca belirli bir s\u00fcre i\u00e7in verildi\u011finde ki\u015filer ilerleyen s\u00fcre\u00e7lerde vize s\u00fcresi doldu\u011funda yenileme i\u015flemi yapabilir. Duruma g\u00f6re haz\u0131rlamas\u0131 gereken evraklar olduk\u00e7a \u00e7e\u015fitlidir. Bu sebeple bu s\u00fcre\u00e7te profesyonel bir dan\u0131\u015fmanl\u0131k hizmeti alman\u0131zda olduk\u00e7a \u00f6nemli olabilmektedir. Profesyoneller olarak verilen bu hizmetler s\u0131ras\u0131nda dikkat etmesi gereken en \u00f6nemli nokta vize i\u015flemlerinde evrak\u0131n her zaman do\u011fru eksiksiz ve g\u00fcncelli\u011fi olmal\u0131d\u0131r. Pasaport g\u00fcncel olmas\u0131 ve i\u00e7erisinde en az 2 tane bo\u015f yaprak olmal\u0131. Bununla birlikte ba\u015fvuru formu uzun \u0131slak imzalar\u0131 ve tarihleri olarak teslim etmeleri \u00f6nem ta\u015f\u0131maktad\u0131r. Ayn\u0131 zamanda dilek\u00e7eniz ve ba\u015fvuru formunuz uzun tutarl\u0131 bir \u015fekilde doldurmalar\u0131 ve dilek\u00e7enizde de \u0131slak imza olmas\u0131 \u00f6nemli bir detayd\u0131r. \u0130\u015flemler s\u0131ras\u0131nda t\u00fcm evraklar\u0131n\u0131z\u0131n aile birle\u015fim dizisi destekleyecek nitelikte olmalar\u0131na \u00f6zen g\u00f6stermelidir.<\/span><\/p>\n<h2><strong><span style=\"font-family: Roboto; font-size: 27px;\">\u0130talya Aile Birle\u015fimi Vizesi Nas\u0131l Al\u0131n\u0131r?\u00a0<\/span><\/strong><\/h2>\n<p><span style=\"font-family: Roboto; font-size: 14px;\"><strong>\u0130talya aile birle\u015fim vize<\/strong> al\u0131nabilmesi i\u00e7in ki\u015filerin meslek bilgilerini, finansal bilgilerini, \u00fczerinde bulunan gayrimenkul ile ara\u00e7 tapusunun n\u00fcshas\u0131n\u0131n bulunmas\u0131 \u00f6zen g\u00f6stermelidir. Ayn\u0131 zamanda \u0130talya\u2019da kal\u0131ncak olan konut kiralar\u0131 kontrat\u0131 ya da ki\u015finin \u00fczerine ise tapu n\u00fcshalar\u0131 dosyada yer almas\u0131 gerekmektedir. Bu i\u015flemler s\u0131ras\u0131nda mutlaka vize \u00fccretlerinin g\u00fcncel veri \u00fczerinden yat\u0131rmalar\u0131 gereklidir. Vize \u00fccretleri yat\u0131r\u0131ld\u0131\u011f\u0131nda bankadan verilen dekont da dosyaya eklemeleri ve ba\u015fvuru eksiksiz bir dosya i\u00e7inde yapmal\u0131s\u0131n\u0131z. Aile birle\u015fim vizesinde bir\u00e7ok evraklar istenmektedir.\u0130talya B\u00fcy\u00fckel\u00e7ili\u011fi ve \u0130talya Konsoloslu\u011fu do\u011frudan yap\u0131lan Aile Birle\u015fimi Vizesi ba\u015fvurusunu kabul etmemektedir. Evraklar\u0131n tek bir dosya i\u00e7erisinde g\u00fcncel olarak sunmalar\u0131 vizenizi en ge\u00e7 on g\u00fcn i\u00e7inde alman\u0131z a\u00e7\u0131s\u0131nda \u00f6nem ta\u015f\u0131maktad\u0131r. Seyahat tarihiniz belli ve u\u00e7ak biletinizi ald\u0131ysan\u0131z vize i\u015flemini mutlaka seyahatinizden en az 1 ay \u00f6ncesinden tamamlama gerekmektedir. \u0130talya aile birle\u015fimi vizesi i\u00e7in \u0130talya Konsoloslu\u011fu \u00fczerine ba\u015fvuru yap\u0131labilmektedir. <strong>\u0130talya aile birle\u015fimi vizesi<\/strong> i\u00e7in konsoloslukdan mail ya da telefonla yoluyla randevu almal\u0131 ve belirlenen saatlerde ba\u015fvuru sahibi \u015fahsen konsoloslukda bulunmal\u0131d\u0131r.\u00a0<\/span><\/p>\n<h3><span style=\"font-family: Roboto; font-size: 24px;\">\u0130talya Aile Birle\u015fimi Vizesi Nereden Al\u0131n\u0131r?<\/span><\/h3>\n<p><span style=\"font-family: Roboto; font-size: 14px;\"><strong>\u0130talya B\u00fcy\u00fckel\u00e7ili\u011fi<\/strong> ve <strong>\u0130talya Konsoloslu\u011fu<\/strong> do\u011frudan yap\u0131lan Aile Birle\u015fimi Vizesi ba\u015fvurusunu kabul etmemektedir. T\u00fcrkiye Cumhuriyeti vatanda\u015flar\u0131 ya da T\u00fcrkiye Cumhuriyeti oturum izni bulunan yabanc\u0131 uyruklu vatanda\u015flar\u0131n aile birle\u015fimi vize ba\u015fvurusunu konsolosluk taraf\u0131ndan yetkilendirmi\u015f vize ba\u015fvuru merkezi \u00fczerinden ger\u00e7ekle\u015ftirmesi gerekmektedir. \u0130talya aile birle\u015fimi vizeleri ba\u015fvurular\u0131 en erken seyahat tarihlerinin 3 ay \u00f6ncesi yap\u0131labilmekte. T\u00fcrkiye Cumhuriyeti s\u0131n\u0131r\u0131 i\u00e7erisinden ger\u00e7ekle\u015ftirilmi\u015f olan \u0130talya vizesi ba\u015fvurusunun de\u011ferlendirmesi ve sonu\u00e7lamas\u0131 s\u00fcresi yedi ile on be\u015f i\u015f g\u00fcn\u00fc olarak belirlemi\u015fdir. Aile Birle\u015fimi vizesi ba\u015fvuru s\u00fcrecinin konsolosluk yo\u011funlu\u011funa ya da resm\u00ee tatillere denk gelmesi sonu\u00e7lanma g\u00fcn say\u0131s\u0131 de\u011fi\u015fikli\u011fe neden olabilmektedir. Ba\u015fvuru sahibinin m\u00fclakata davet edilmesi ya da ek evraklar talep etmesi sonu\u00e7lanma s\u00fcrecini uzatabilmektedir. Aile Birle\u015fimi vizesi ba\u015fvurular\u0131n\u0131n seyahat tarihinin bir ay \u00f6ncesinden ger\u00e7ekle\u015ftirilmi\u015f olmas\u0131 tavsiye edilmektedir. \u0130talya B\u00fcy\u00fckel\u00e7ili\u011fi ve \u0130talya Konsoloslu\u011fu do\u011frudan yap\u0131lan Aile Birle\u015fimi Vize\u00a0ba\u015fvurular\u0131n\u0131 kabul etmemektedir.\u00a0<\/span><\/p>\n","protected":false},"excerpt":{"rendered":"<p>\u0130talya Aile Birle\u015fimi Hakk\u0131nda \u0130talya\u2019da bulunan aile bireyleri ile beraber ya\u015famak isteyen T\u00fcrk vatanda\u015flar\u0131n\u0131n \u0130talya aile birle\u015fimi yapmas\u0131 gerekmektedir. Bunun i\u00e7in \u0130talya aile birle\u015fimi vizesi almalar\u0131 gerekmektedir. \u0130talya aile birle\u015fimi yapacak olan ki\u015filerin \u0130talya\u2019da bulunan yak\u0131n\u0131n\u0131n e\u015fi ya da birinci dereceden akrabas\u0131 olmas\u0131 gerekmektedir. \u0130talya aile birle\u015fimi ba\u015fvurusunda bulunacak olan ki\u015filerin, \u0130talya\u2019da bulunan yak\u0131nlar\u0131n\u0131n \u0130talya<\/p>\n","protected":false},"author":1,"featured_media":0,"parent":164,"menu_order":0,"comment_status":"open","ping_status":"closed","template":"","meta":{"footnotes":""},"class_list":["post-180","page","type-page","status-publish","hentry"],"yoast_head":"<!-- This site is optimized with the Yoast SEO plugin v24.0 - https:\/\/yoast.com\/wordpress\/plugins\/seo\/ -->\n<title>\u0130talya Aile Birle\u015fimi - \u0130talya Vize Randevusu - MyVize<\/title>\n<meta name=\"description\" content=\"\u0130talya Aile Birle\u015fimi Nas\u0131l Yap\u0131l\u0131r? \u0130talya Aile Birle\u015fimi Vize \u0130\u015flemleri Nelerdir? \u0130talya Aile Birle\u015fimi \u015eartlar\u0131 Nelerdir?\" \/>\n<meta name=\"robots\" content=\"index, follow, max-snippet:-1, max-image-preview:large, max-video-preview:-1\" \/>\n<link rel=\"canonical\" href=\"https:\/\/www.myvize.com.tr\/italya\/vatandaslik\/italya-aile-birlesimi\/\" \/>\n<meta property=\"og:locale\" content=\"tr_TR\" \/>\n<meta property=\"og:type\" content=\"article\" \/>\n<meta property=\"og:title\" content=\"\u0130talya Aile Birle\u015fimi - \u0130talya Vize Randevusu - MyVize\" \/>\n<meta property=\"og:description\" content=\"\u0130talya Aile Birle\u015fimi Nas\u0131l Yap\u0131l\u0131r? \u0130talya Aile Birle\u015fimi Vize \u0130\u015flemleri Nelerdir? \u0130talya Aile Birle\u015fimi \u015eartlar\u0131 Nelerdir?\" \/>\n<meta property=\"og:url\" content=\"https:\/\/www.myvize.com.tr\/italya\/vatandaslik\/italya-aile-birlesimi\/\" \/>\n<meta property=\"og:site_name\" content=\"\u0130talya Vizesi\" \/>\n<meta property=\"article:modified_time\" content=\"2022-10-06T09:22:50+00:00\" \/>\n<meta property=\"og:image\" content=\"https:\/\/www.myvize.com.tr\/italya\/wp-content\/uploads\/2021\/10\/46.jpg\" \/>\n<meta name=\"twitter:card\" content=\"summary_large_image\" \/>\n<meta name=\"twitter:label1\" content=\"Tahmini okuma s\u00fcresi\" \/>\n\t<meta name=\"twitter:data1\" content=\"4 dakika\" \/>\n<script type=\"application\/ld+json\" class=\"yoast-schema-graph\">{\"@context\":\"https:\/\/schema.org\",\"@graph\":[{\"@type\":\"WebPage\",\"@id\":\"https:\/\/www.myvize.com.tr\/italya\/vatandaslik\/italya-aile-birlesimi\/\",\"url\":\"https:\/\/www.myvize.com.tr\/italya\/vatandaslik\/italya-aile-birlesimi\/\",\"name\":\"\u0130talya Aile Birle\u015fimi - \u0130talya Vize Randevusu - MyVize\",\"isPartOf\":{\"@id\":\"https:\/\/www.myvize.com.tr\/italya\/#website\"},\"primaryImageOfPage\":{\"@id\":\"https:\/\/www.myvize.com.tr\/italya\/vatandaslik\/italya-aile-birlesimi\/#primaryimage\"},\"image\":{\"@id\":\"https:\/\/www.myvize.com.tr\/italya\/vatandaslik\/italya-aile-birlesimi\/#primaryimage\"},\"thumbnailUrl\":\"https:\/\/www.myvize.com.tr\/italya\/wp-content\/uploads\/2021\/10\/46.jpg\",\"datePublished\":\"2020-12-22T13:09:19+00:00\",\"dateModified\":\"2022-10-06T09:22:50+00:00\",\"description\":\"\u0130talya Aile Birle\u015fimi Nas\u0131l Yap\u0131l\u0131r? \u0130talya Aile Birle\u015fimi Vize \u0130\u015flemleri Nelerdir? \u0130talya Aile Birle\u015fimi \u015eartlar\u0131 Nelerdir?\",\"breadcrumb\":{\"@id\":\"https:\/\/www.myvize.com.tr\/italya\/vatandaslik\/italya-aile-birlesimi\/#breadcrumb\"},\"inLanguage\":\"tr\",\"potentialAction\":[{\"@type\":\"ReadAction\",\"target\":[\"https:\/\/www.myvize.com.tr\/italya\/vatandaslik\/italya-aile-birlesimi\/\"]}]},{\"@type\":\"ImageObject\",\"inLanguage\":\"tr\",\"@id\":\"https:\/\/www.myvize.com.tr\/italya\/vatandaslik\/italya-aile-birlesimi\/#primaryimage\",\"url\":\"https:\/\/www.myvize.com.tr\/italya\/wp-content\/uploads\/2021\/10\/46.jpg\",\"contentUrl\":\"https:\/\/www.myvize.com.tr\/italya\/wp-content\/uploads\/2021\/10\/46.jpg\",\"width\":800,\"height\":500,\"caption\":\"\u0130talya Aile Birle\u015fimi\"},{\"@type\":\"BreadcrumbList\",\"@id\":\"https:\/\/www.myvize.com.tr\/italya\/vatandaslik\/italya-aile-birlesimi\/#breadcrumb\",\"itemListElement\":[{\"@type\":\"ListItem\",\"position\":1,\"name\":\"Anasayfa\",\"item\":\"https:\/\/www.myvize.com.tr\/italya\/\"},{\"@type\":\"ListItem\",\"position\":2,\"name\":\"VATANDA\u015eLIK\",\"item\":\"https:\/\/www.myvize.com.tr\/italya\/vatandaslik\/\"},{\"@type\":\"ListItem\",\"position\":3,\"name\":\"\u0130talya Aile Birle\u015fimi\"}]},{\"@type\":\"WebSite\",\"@id\":\"https:\/\/www.myvize.com.tr\/italya\/#website\",\"url\":\"https:\/\/www.myvize.com.tr\/italya\/\",\"name\":\"\u0130talya Vizesi\",\"description\":\"\",\"potentialAction\":[{\"@type\":\"SearchAction\",\"target\":{\"@type\":\"EntryPoint\",\"urlTemplate\":\"https:\/\/www.myvize.com.tr\/italya\/?s={search_term_string}\"},\"query-input\":{\"@type\":\"PropertyValueSpecification\",\"valueRequired\":true,\"valueName\":\"search_term_string\"}}],\"inLanguage\":\"tr\"}]}<\/script>\n<!-- \/ Yoast SEO plugin. -->","yoast_head_json":{"title":"\u0130talya Aile Birle\u015fimi - \u0130talya Vize Randevusu - MyVize","description":"\u0130talya Aile Birle\u015fimi Nas\u0131l Yap\u0131l\u0131r? \u0130talya Aile Birle\u015fimi Vize \u0130\u015flemleri Nelerdir? \u0130talya Aile Birle\u015fimi \u015eartlar\u0131 Nelerdir?","robots":{"index":"index","follow":"follow","max-snippet":"max-snippet:-1","max-image-preview":"max-image-preview:large","max-video-preview":"max-video-preview:-1"},"canonical":"https:\/\/www.myvize.com.tr\/italya\/vatandaslik\/italya-aile-birlesimi\/","og_locale":"tr_TR","og_type":"article","og_title":"\u0130talya Aile Birle\u015fimi - \u0130talya Vize Randevusu - MyVize","og_description":"\u0130talya Aile Birle\u015fimi Nas\u0131l Yap\u0131l\u0131r? \u0130talya Aile Birle\u015fimi Vize \u0130\u015flemleri Nelerdir? \u0130talya Aile Birle\u015fimi \u015eartlar\u0131 Nelerdir?","og_url":"https:\/\/www.myvize.com.tr\/italya\/vatandaslik\/italya-aile-birlesimi\/","og_site_name":"\u0130talya Vizesi","article_modified_time":"2022-10-06T09:22:50+00:00","og_image":[{"url":"https:\/\/www.myvize.com.tr\/italya\/wp-content\/uploads\/2021\/10\/46.jpg","type":"","width":"","height":""}],"twitter_card":"summary_large_image","twitter_misc":{"Tahmini okuma s\u00fcresi":"4 dakika"},"schema":{"@context":"https:\/\/schema.org","@graph":[{"@type":"WebPage","@id":"https:\/\/www.myvize.com.tr\/italya\/vatandaslik\/italya-aile-birlesimi\/","url":"https:\/\/www.myvize.com.tr\/italya\/vatandaslik\/italya-aile-birlesimi\/","name":"\u0130talya Aile Birle\u015fimi - \u0130talya Vize Randevusu - MyVize","isPartOf":{"@id":"https:\/\/www.myvize.com.tr\/italya\/#website"},"primaryImageOfPage":{"@id":"https:\/\/www.myvize.com.tr\/italya\/vatandaslik\/italya-aile-birlesimi\/#primaryimage"},"image":{"@id":"https:\/\/www.myvize.com.tr\/italya\/vatandaslik\/italya-aile-birlesimi\/#primaryimage"},"thumbnailUrl":"https:\/\/www.myvize.com.tr\/italya\/wp-content\/uploads\/2021\/10\/46.jpg","datePublished":"2020-12-22T13:09:19+00:00","dateModified":"2022-10-06T09:22:50+00:00","description":"\u0130talya Aile Birle\u015fimi Nas\u0131l Yap\u0131l\u0131r? \u0130talya Aile Birle\u015fimi Vize \u0130\u015flemleri Nelerdir? \u0130talya Aile Birle\u015fimi \u015eartlar\u0131 Nelerdir?","breadcrumb":{"@id":"https:\/\/www.myvize.com.tr\/italya\/vatandaslik\/italya-aile-birlesimi\/#breadcrumb"},"inLanguage":"tr","potentialAction":[{"@type":"ReadAction","target":["https:\/\/www.myvize.com.tr\/italya\/vatandaslik\/italya-aile-birlesimi\/"]}]},{"@type":"ImageObject","inLanguage":"tr","@id":"https:\/\/www.myvize.com.tr\/italya\/vatandaslik\/italya-aile-birlesimi\/#primaryimage","url":"https:\/\/www.myvize.com.tr\/italya\/wp-content\/uploads\/2021\/10\/46.jpg","contentUrl":"https:\/\/www.myvize.com.tr\/italya\/wp-content\/uploads\/2021\/10\/46.jpg","width":800,"height":500,"caption":"\u0130talya Aile Birle\u015fimi"},{"@type":"BreadcrumbList","@id":"https:\/\/www.myvize.com.tr\/italya\/vatandaslik\/italya-aile-birlesimi\/#breadcrumb","itemListElement":[{"@type":"ListItem","position":1,"name":"Anasayfa","item":"https:\/\/www.myvize.com.tr\/italya\/"},{"@type":"ListItem","position":2,"name":"VATANDA\u015eLIK","item":"https:\/\/www.myvize.com.tr\/italya\/vatandaslik\/"},{"@type":"ListItem","position":3,"name":"\u0130talya Aile Birle\u015fimi"}]},{"@type":"WebSite","@id":"https:\/\/www.myvize.com.tr\/italya\/#website","url":"https:\/\/www.myvize.com.tr\/italya\/","name":"\u0130talya Vizesi","description":"","potentialAction":[{"@type":"SearchAction","target":{"@type":"EntryPoint","urlTemplate":"https:\/\/www.myvize.com.tr\/italya\/?s={search_term_string}"},"query-input":{"@type":"PropertyValueSpecification","valueRequired":true,"valueName":"search_term_string"}}],"inLanguage":"tr"}]}},"_links":{"self":[{"href":"https:\/\/www.myvize.com.tr\/italya\/wp-json\/wp\/v2\/pages\/180","targetHints":{"allow":["GET"]}}],"collection":[{"href":"https:\/\/www.myvize.com.tr\/italya\/wp-json\/wp\/v2\/pages"}],"about":[{"href":"https:\/\/www.myvize.com.tr\/italya\/wp-json\/wp\/v2\/types\/page"}],"author":[{"embeddable":true,"href":"https:\/\/www.myvize.com.tr\/italya\/wp-json\/wp\/v2\/users\/1"}],"replies":[{"embeddable":true,"href":"https:\/\/www.myvize.com.tr\/italya\/wp-json\/wp\/v2\/comments?post=180"}],"version-history":[{"count":6,"href":"https:\/\/www.myvize.com.tr\/italya\/wp-json\/wp\/v2\/pages\/180\/revisions"}],"predecessor-version":[{"id":1093,"href":"https:\/\/www.myvize.com.tr\/italya\/wp-json\/wp\/v2\/pages\/180\/revisions\/1093"}],"up":[{"embeddable":true,"href":"https:\/\/www.myvize.com.tr\/italya\/wp-json\/wp\/v2\/pages\/164"}],"wp:attachment":[{"href":"https:\/\/www.myvize.com.tr\/italya\/wp-json\/wp\/v2\/media?parent=180"}],"curies":[{"name":"wp","href":"https:\/\/api.w.org\/{rel}","templated":true}]}}