{"id":186,"date":"2020-12-22T16:10:51","date_gmt":"2020-12-22T13:10:51","guid":{"rendered":"https:\/\/www.myvize.com.tr\/italya\/?page_id=186"},"modified":"2022-10-06T13:15:24","modified_gmt":"2022-10-06T10:15:24","slug":"italya-ticari-vize-dilekce-ornegi","status":"publish","type":"page","link":"https:\/\/www.myvize.com.tr\/italya\/form-ve-dilekce\/italya-ticari-vize-dilekce-ornegi\/","title":{"rendered":"\u0130talya Ticari Vize Dilek\u00e7e \u00d6rne\u011fi"},"content":{"rendered":"<p><span style=\"font-family: Roboto;\"><\/span><\/p>\r\n<p><span style=\"font-family: Roboto; font-size: 14px;\">\u0130talya\u2019ya ticari ama\u00e7la yap\u0131lacak seyahat i\u00e7in \u0130talya Konsoloslu\u011funa <strong>\u0130talya ticari vize dilek\u00e7e \u00f6rne\u011fi<\/strong>\u00a0sunulmal\u0131d\u0131r.<strong> \u0130talya ticari vizesi<\/strong> i\u00e7in gerek duyulan evraklar mesleki, finansal ve ki\u015fisel olarak 3 gruba ayr\u0131lm\u0131\u015ft\u0131r. Ki\u015fisel evraklar\u0131 \u015fah\u0131s kendi haz\u0131rlamal\u0131d\u0131r. Meslek evraklar\u0131 ise meslek gruplar\u0131na g\u00f6re farkl\u0131l\u0131klar g\u00f6stermektedir. Finansal evraklar\u0131 ise \u015firketler haz\u0131rlamakla y\u00fck\u00fcml\u00fcd\u00fcr.<\/span><\/p>\r\n<p><span style=\"font-family: Roboto; font-size: 14px;\">\r\n\r\n<\/span><\/p>\r\n<p><span style=\"font-family: Roboto; font-size: 14px;\"><strong>\u0130talya vize<\/strong> ba\u015fvurular\u0131nda b\u00f6lge ayr\u0131mc\u0131l\u0131\u011f\u0131 ve s\u0131n\u0131rlamalar\u0131 bulunmaktad\u0131r. \u0130kametinizin bulundu\u011fu \u015fehrin ba\u011fl\u0131 oldu\u011fu Konsoloslu\u011funa ba\u015fvurmakla y\u00fck\u00fcml\u00fcs\u00fcn\u00fcz.<\/span><\/p>\r\n<h2><strong><span style=\"font-family: Roboto; font-size: 27px;\">\u0130talya Ticari Vize \u0130\u015flemleri<\/span><\/strong><\/h2>\r\n<p><span style=\"font-family: Roboto; font-size: 14px;\">\u0130talya&#8217;ya ticari gezi amac\u0131yla seyahat edecek Umuma Pasaport hamilleri T\u00fcrkiye Cumhuriyeti vatanda\u015flar\u0131 \u0130talya Konsoloslu\u011funa, <strong>\u0130talya ticari vizesi<\/strong> i\u00e7in gerekli belgeler sunmal\u0131d\u0131r. \u0130talya Konsoloslu\u011funun taraf\u0131nda belirtilen bu evraklar\u0131n\u00a0g\u00fcncel olmas\u0131na dikkat edilmelidir. Baz\u0131 evraklar\u0131n orijinal olma zorunlulu\u011fu vard\u0131r. \u0130talya ticari vizesi i\u00e7in gerekli evraklar,<strong> \u0130talya&#8217;ya gidi\u015f<\/strong> amac\u0131na uygun haz\u0131rlanarak \u0130talya Konsoloslu\u011funa sunulmal\u0131d\u0131r. \u0130talya vizesi i\u00e7in gerekli evraklar\u0131 yapacak oldu\u011funuz seyahatin i\u00e7eri\u011fine g\u00f6re de\u011fi\u015fiklik g\u00f6sterecektir. \u0130talya Konsoloslu\u011fu yetkilendirilmi\u015f oldu\u011fu vize merkezlerinden \u0130talya ticari vize i\u00e7in gerekli evraklar\u0131 \u00f6\u011frenebilir ve vize ba\u015fvuru i\u015fleminde bulunabilirsiniz. Ayr\u0131ca<strong> \u0130talya vize i\u015flemi<\/strong> i\u00e7in gerekli olan evraklar \u0130talya Konsoloslu\u011fu ek evrak isteme taleplerine g\u00f6re de \u015fekillenebilecek. \u015e\u00f6yle ki \u0130talya Konsoloslu\u011fu ba\u015fvuru sahibi hakk\u0131nda daha kapsam\u0131 bilgiler edinebilmek i\u00e7in ek belge\u00a0talebinde bulunma hakk\u0131 s\u00fcreklili\u011fi vard\u0131r. \u0130talya ticari vize ak\u0131betine ait karar veren kurulu\u015f sadece<strong> \u0130talya Konsolosluklar\u0131<\/strong>, \u0130talya Ba\u015fkonsoloslu\u011fu ve \u0130talya B\u00fcy\u00fckel\u00e7ili\u011fidir. \u0130talya konsoloslu\u011funun ticari vizesi ba\u015fvurusu 15 i\u015f g\u00fcn\u00fc i\u00e7inde sonu\u00e7lan\u0131r.<\/span><\/p>\r\n<h2><strong><span style=\"font-family: Roboto; font-size: 27px;\">\u0130talya Ticari Vize Dilek\u00e7esi Nas\u0131l Yaz\u0131l\u0131r?<\/span><\/strong><\/h2>\r\n<p><span style=\"font-family: Roboto; font-size: 14px;\">\u0130talya&#8217;ya\u00a0 ticari ama\u00e7la seyahat eden ki\u015filerin yapaca\u011f\u0131 seyahat ile ilgili \u0130talya \u0130stanbul Ba\u015fkonsoloslu\u011fa hitaben \u0130talya ticari vizesi talep dilek\u00e7esi sunmas\u0131 gerekli. \u0130talya ticari vizesi talep dilek\u00e7esi yaz\u0131l\u0131rken a\u015fa\u011f\u0131da ki hususa dikkat edilmeli. \u0130talya ticari vizesi talep dilek\u00e7esini personeli i\u015f seyahatine g\u00f6nderecek \u015firketlerin yetkilisi taraf\u0131ndan \u015firket antet ka\u011f\u0131da yazmalar\u0131 ve \u015firket yetkilisi ka\u015fe ve imzas\u0131n\u0131 ta\u015f\u0131mal\u0131d\u0131r. \u0130talya ticari vizesi talep dilek\u00e7esi seyahatin ama\u00e7lar\u0131 a\u00e7\u0131k\u00e7a yaz\u0131lmal\u0131d\u0131r. ticari vizesi talep dilek\u00e7esi seyahate \u00e7\u0131kacak ki\u015filerin firmada ki g\u00f6revi a\u00e7\u0131k\u00e7a ifade edilmelidir. <strong>\u0130talya&#8217;ya\u00a0 seyahat<\/strong> edecek ki\u015finin seyahatinin ba\u015flang\u0131\u00e7 ve biti\u015f tarihleri ile varsa ek seyahatleri hakk\u0131nda \u0130talya ticari vize talep dilek\u00e7esi net bilgiler vermelidir. \u0130talya Konsoloslu\u011funa ticari vize talep dilek\u00e7e\u00a0haz\u0131rlan\u0131rken seyahat edecek ki\u015filerin seyahat s\u00fcrelerine olu\u015facak masraflar\u0131n nas\u0131l kar\u015f\u0131lanaca\u011f\u0131 bilgisi yer almal\u0131d\u0131r. <strong>\u0130talya ticari vize talep dilek\u00e7eleri<\/strong> yer alan bilgi dosyaya konulan evralarla desteklenmelidir. Ama\u00e7lar\u0131na ve ger\u00e7e\u011fe uygun bir bi\u00e7imde doldurmas\u0131 verilen sahte bilginin su\u00e7 unsuru ta\u015f\u0131yaca\u011f\u0131n\u0131 g\u00f6z \u00f6n\u00fcne bulundurulmal\u0131d\u0131r.\u00a0Bu durumlarda yap\u0131lan i\u015flemlerin red almas\u0131 ola\u011fan bir durumdur.<\/span><\/p>\r\n<h2><strong><span style=\"font-family: Roboto; font-size: 27px;\">\u0130talya Ticari Vize Dilek\u00e7e \u00d6rne\u011fi Hakk\u0131nda<\/span><\/strong><\/h2>\r\n<p><span style=\"font-family: Roboto; font-size: 14px;\"><strong>\u0130talya ticari vizesi<\/strong> alacak olan ki\u015filerin, <strong>\u0130talya ticari vize dilek\u00e7esi<\/strong> yazmas\u0131 gerekmektedir. Ba\u015fvuru sahibi e\u011fer \u015firket taraf\u0131ndan \u0130talya\u2019ya g\u00f6nderiliyor ise \u015firketin antetli ka\u011f\u0131d\u0131na yaz\u0131lmal\u0131d\u0131r. Dilek\u00e7ede seyahat bilgileri, seyahat tarihleri gibi bilgiler bulunmal\u0131d\u0131r. Bunun yan\u0131nda \u015firket, <strong>vize ba\u015fvuru<\/strong> sahibinin t\u00fcm masraflar\u0131n\u0131 kar\u015f\u0131layaca\u011f\u0131n\u0131 bildirmelidir. <strong>\u0130talya ticari vize dilek\u00e7esi<\/strong>, \u015firket yetkilileri taraf\u0131ndan imzalanmal\u0131d\u0131r. Ayr\u0131ca \u015firketin ka\u015fesinin bas\u0131lmas\u0131 gerekmektedir.<\/span><\/p>\r\n<h3><span style=\"font-family: Roboto; font-size: 24px;\"><strong>\u0130talya Ticari Vize Dilek\u00e7e \u00d6rne\u011fi \u0130le \u0130lgili<\/strong><\/span><\/h3>\r\n<p><span style=\"font-family: Roboto; font-size: 14px;\"><span style=\"color: #2acec2;\"><strong><a style=\"color: #2acec2;\" href=\"https:\/\/www.myvize.com.tr\/italya\/konsolosluklar\/ankara-buyukelciligi\/\" target=\"_blank\" rel=\"noopener\">\u0130talya B\u00fcy\u00fckel\u00e7ili\u011fi Ankara <\/a><\/strong><\/span>\u00a0\u00a0\u00a0\u00a0\u00a0\u00a0\u00a0\u00a0\u00a0\u00a0\u00a0\u00a0\u00a0\u00a0\u00a0\u00a0\u00a0\u00a0\u00a0\u00a0\u00a0\u00a0\u00a0\u00a0\u00a0\u00a0\u00a0\u00a0\u00a0\u00a0\u00a0\u00a0\u00a0\u00a0\u00a0\u00a0\u00a0\u00a0\u00a0\u00a0\u00a0\u00a0\u00a0\u00a0\u00a0\u00a0\u00a0\u00a0\u00a0\u00a0\u00a0\u00a0\u00a0\u00a0\u00a0\u00a0\u00a0\u00a0\u00a0\u00a0\u00a0\u00a0\u00a0\u00a0\u00a0\u00a0\u00a0\u00a0\u00a0\u00a0\u00a0\u00a0\u00a0\u00a0\u00a0\u00a0\u00a0\u00a0\u00a0\u00a0\u00a0\u00a0\u00a0\u00a0\u00a0\u00a0\u00a0\u00a0\u00a0\u00a0\u00a0\u00a0\u00a0\u00a0\u00a0\u00a0\u00a0\u00a0\u00a0\u00a0\u00a0\u00a0\u00a0\u00a0\u00a0\u00a0\u00a0\u00a0\u00a0\u00a0\u00a0\u00a0\u00a0\u00a0\u00a0\u00a0\u00a0\u00a0\u00a0\u00a0\u00a0\u00a0\u00a0\u00a0\u00a0 \u2026\/\u2026\/\u2026.<\/span><\/p>\r\n<p><span style=\"font-family: Roboto; font-size: 14px;\">Vize B\u00f6l\u00fcm\u00fc<\/span><\/p>\r\n<p><span style=\"font-family: Roboto; font-size: 14px;\">25 y\u0131ld\u0131r d\u00fcnyan\u0131n 13 \u00fclkesinde hizmette bulunan Arda Ev Dekorasyonlar\u0131 A\u015e\u2019de \u00e7al\u0131\u015fmakta olan M\u00fcmtaz I\u015f\u0131k, \u0130talya\u2019ya seyahatte bulunacakt\u0131r. Arda Ev Dekorasyonlar\u0131 A\u015e, bu alanda T\u00fcrkiye\u2019de bulunan en iyi 3 \u015firketten birisidir.<\/span><\/p>\r\n<p><span style=\"font-family: Roboto; font-size: 14px;\">\u015eirketimizin Avrupa Temsilcisi olan M\u00fcmtaz I\u015f\u0131k, \u00a0ticaret g\u00f6r\u00fc\u015fmesi yapmak i\u00e7in 01.09.2021- 30.10.2021 tarihleri aras\u0131nda \u0130talya\u2019ya seyahat edecek olup, seyahati sonras\u0131 \u015firketimiz Arda Ev Dekorasyonlar\u0131 A\u015e\u2019de \u00e7al\u0131\u015fmaya devam edecektir. M\u00fcmtaz I\u015f\u0131k\u2019\u0131n seyahati kapsam\u0131ndaki t\u00fcm masraflar\u0131n\u0131 \u015firketimiz Arda Ev Dekorasyonlar\u0131 A\u015e kar\u015f\u0131layacakt\u0131r. Ayr\u0131ca <strong>M\u00fcmtaz I\u015f\u0131k g\u00f6r\u00fc\u015fme<\/strong> sonras\u0131 Arda Ev Dekorasyonlar\u0131 A\u015e\u2019de \u00e7al\u0131\u015fmaya devam edecektir.\u00a0 Vize bitimi tarihinden \u00f6nce \u0130talya\u2019ndan ayr\u0131lacakt\u0131r.<\/span><\/p>\r\n<p><span style=\"font-family: Roboto; font-size: 14px;\">Sat\u0131\u015f temsilcilimiz M\u00fcmtaz I\u015f\u0131k\u2019a i\u015f g\u00f6r\u00fc\u015fmesi i\u00e7in gerekli olan \u0130talya Ticaret Vizesinin verilmesini rica ederiz.<\/span><\/p>\r\n<p><span style=\"font-family: Roboto; font-size: 14px;\"><strong>\u0130sim Soyad<\/strong><\/span><\/p>\r\n<p><span style=\"font-family: Roboto; font-size: 14px;\"><strong>\u0130mza\/Ka\u015fe<\/strong><\/span><\/p>\r\n<p><span style=\"font-family: Roboto; font-size: 14px;\">\r\n\r\n<\/span><\/p>\r\n<h3 class=\"wp-block-heading\"><span style=\"font-size: 24px;\"><strong><span style=\"font-family: Roboto;\">\u0130talya Ticari Vize Dilek\u00e7esinde Dikkat Edilmesi Gerekenler<\/span><\/strong><\/span><\/h3>\r\n<p><span style=\"font-family: Roboto; font-size: 14px;\">\r\n\r\n<\/span><\/p>\r\n<ul class=\"wp-block-list\">\r\n<li><span style=\"font-family: Roboto; font-size: 14px;\">\u0130talya\u2019ya seyahatini ger\u00e7ekle\u015ftirecek ki\u015finin seyahat ba\u015flang\u0131\u00e7 ve biti\u015f tarihlerini dilek\u00e7esinde belirtmelidir. Varsa ek seyahati bu bilgileri de dilek\u00e7esine eklemelidir.<\/span><\/li>\r\n<\/ul>\r\n<p><span style=\"font-family: Roboto; font-size: 14px;\">\r\n\r\n<\/span><\/p>\r\n<ul class=\"wp-block-list\">\r\n<li><span style=\"font-family: Roboto; font-size: 14px;\"><strong>\u0130talya ticari vize dilek\u00e7e \u00f6rne\u011fi<\/strong>\u00a0ile ba\u015fvuruda bulunacak \u015firket antetli ka\u011f\u0131da dilek\u00e7esini yazmak zorundad\u0131r.<\/span><\/li>\r\n<\/ul>\r\n<p><span style=\"font-family: Roboto; font-size: 14px;\">\r\n\r\n<\/span><\/p>\r\n<ul class=\"wp-block-list\">\r\n<li><span style=\"font-family: Roboto; font-size: 14px;\"><strong>\u0130talya vize dilek\u00e7e \u00f6rne\u011fi<\/strong>\u00a0i\u00e7eri\u011finde seyahate \u00e7\u0131kacak ki\u015finin firmadaki g\u00f6rev ve konumu mutlaka belirtilmelidir.<\/span><\/li>\r\n<\/ul>\r\n<p><span style=\"font-family: Roboto; font-size: 14px;\">\r\n\r\n<\/span><\/p>\r\n<ul class=\"wp-block-list\">\r\n<li><span style=\"font-family: Roboto; font-size: 14px;\">Dilek\u00e7ede seyahatin amac\u0131 a\u00e7\u0131k\u00e7a belirtilmelidir. \u00d6rnek \u00fczerinden a\u00e7\u0131klamak gerekirse ki\u015fi i\u015f konferans\u0131na kat\u0131lacaksa dilek\u00e7e i\u00e7eri\u011finde konferansa ait bilgileri sunmakla y\u00fck\u00fcml\u00fcd\u00fcr.<\/span><\/li>\r\n<\/ul>\r\n<p><span style=\"font-family: Roboto; font-size: 14px;\">\r\n\r\n<\/span><\/p>\r\n<ul class=\"wp-block-list\">\r\n<li><span style=\"font-family: Roboto; font-size: 14px;\">Seyahat edecek kimsenin seyahat esnas\u0131nda yapaca\u011f\u0131 masraflar\u0131n\u00a0 (hastal\u0131k, kaza ,transfer ,konaklama gibi) ne \u015fekilde kar\u015f\u0131lanaca\u011f\u0131n\u0131\u00a0 dilek\u00e7esinde a\u00e7\u0131k\u00e7a belirtmeli.<\/span><\/li>\r\n<\/ul>\r\n<p><span style=\"font-family: Roboto; font-size: 14px;\">\r\n\r\n<\/span><\/p>\r\n<ul class=\"wp-block-list\">\r\n<li><span style=\"font-family: Roboto; font-size: 14px;\"><span style=\"color: #2acec2;\"><strong><a style=\"color: #2acec2;\" href=\"https:\/\/www.myvize.com.tr\/italya\/vize-islemleri\/italya-ticari-vize\/\" target=\"_blank\" rel=\"noopener\">\u0130talya ticari vize<\/a><\/strong><\/span> dilek\u00e7esinde yer alan bilgiler ile dosyaya konan evraklar aras\u0131nda tutarl\u0131l\u0131k olmak zorundad\u0131r.<\/span><\/li>\r\n<\/ul>\r\n<p><img decoding=\"async\" src=\"https:\/\/www.myvize.com.tr\/italya\/wp-content\/uploads\/2021\/10\/54.jpg\" \/><\/p>\r\n<p><span style=\"font-family: Roboto;\"><\/span><\/p>","protected":false},"excerpt":{"rendered":"<p>\u0130talya\u2019ya ticari ama\u00e7la yap\u0131lacak seyahat i\u00e7in \u0130talya Konsoloslu\u011funa \u0130talya ticari vize dilek\u00e7e \u00f6rne\u011fi\u00a0sunulmal\u0131d\u0131r. \u0130talya ticari vizesi i\u00e7in gerek duyulan evraklar mesleki, finansal ve ki\u015fisel olarak 3 gruba ayr\u0131lm\u0131\u015ft\u0131r. Ki\u015fisel evraklar\u0131 \u015fah\u0131s kendi haz\u0131rlamal\u0131d\u0131r. Meslek evraklar\u0131 ise meslek gruplar\u0131na g\u00f6re farkl\u0131l\u0131klar g\u00f6stermektedir. Finansal evraklar\u0131 ise \u015firketler haz\u0131rlamakla y\u00fck\u00fcml\u00fcd\u00fcr. \u0130talya vize ba\u015fvurular\u0131nda b\u00f6lge ayr\u0131mc\u0131l\u0131\u011f\u0131 ve s\u0131n\u0131rlamalar\u0131 bulunmaktad\u0131r.<\/p>\n","protected":false},"author":1,"featured_media":0,"parent":167,"menu_order":0,"comment_status":"open","ping_status":"closed","template":"","meta":{"footnotes":""},"class_list":["post-186","page","type-page","status-publish","hentry"],"yoast_head":"<!-- This site is optimized with the Yoast SEO plugin v24.0 - https:\/\/yoast.com\/wordpress\/plugins\/seo\/ -->\n<title>\u0130talya Ticari Vize Dilek\u00e7e \u00d6rne\u011fi - MyVize<\/title>\n<meta name=\"description\" content=\"\u0130talya Ticari Vize Dilek\u00e7e \u00d6rne\u011fi Nas\u0131l Olmal\u0131d\u0131r? \u0130talya Ticari Vize Dilek\u00e7esi Nas\u0131l Yaz\u0131lmal\u0131d\u0131r? Bilgi \u0130\u00e7in Hemen Aray\u0131n: 0850 346 84 93\" \/>\n<meta name=\"robots\" content=\"index, follow, max-snippet:-1, max-image-preview:large, max-video-preview:-1\" \/>\n<link rel=\"canonical\" href=\"https:\/\/www.myvize.com.tr\/italya\/form-ve-dilekce\/italya-ticari-vize-dilekce-ornegi\/\" \/>\n<meta property=\"og:locale\" content=\"tr_TR\" \/>\n<meta property=\"og:type\" content=\"article\" \/>\n<meta property=\"og:title\" content=\"\u0130talya Ticari Vize Dilek\u00e7e \u00d6rne\u011fi - MyVize\" \/>\n<meta property=\"og:description\" content=\"\u0130talya Ticari Vize Dilek\u00e7e \u00d6rne\u011fi Nas\u0131l Olmal\u0131d\u0131r? \u0130talya Ticari Vize Dilek\u00e7esi Nas\u0131l Yaz\u0131lmal\u0131d\u0131r? Bilgi \u0130\u00e7in Hemen Aray\u0131n: 0850 346 84 93\" \/>\n<meta property=\"og:url\" content=\"https:\/\/www.myvize.com.tr\/italya\/form-ve-dilekce\/italya-ticari-vize-dilekce-ornegi\/\" \/>\n<meta property=\"og:site_name\" content=\"\u0130talya Vizesi\" \/>\n<meta property=\"article:modified_time\" content=\"2022-10-06T10:15:24+00:00\" \/>\n<meta property=\"og:image\" content=\"https:\/\/www.myvize.com.tr\/italya\/wp-content\/uploads\/2021\/10\/54.jpg\" \/>\n<meta name=\"twitter:card\" content=\"summary_large_image\" \/>\n<meta name=\"twitter:label1\" content=\"Tahmini okuma s\u00fcresi\" \/>\n\t<meta name=\"twitter:data1\" content=\"4 dakika\" \/>\n<script type=\"application\/ld+json\" class=\"yoast-schema-graph\">{\"@context\":\"https:\/\/schema.org\",\"@graph\":[{\"@type\":\"WebPage\",\"@id\":\"https:\/\/www.myvize.com.tr\/italya\/form-ve-dilekce\/italya-ticari-vize-dilekce-ornegi\/\",\"url\":\"https:\/\/www.myvize.com.tr\/italya\/form-ve-dilekce\/italya-ticari-vize-dilekce-ornegi\/\",\"name\":\"\u0130talya Ticari Vize Dilek\u00e7e \u00d6rne\u011fi - MyVize\",\"isPartOf\":{\"@id\":\"https:\/\/www.myvize.com.tr\/italya\/#website\"},\"primaryImageOfPage\":{\"@id\":\"https:\/\/www.myvize.com.tr\/italya\/form-ve-dilekce\/italya-ticari-vize-dilekce-ornegi\/#primaryimage\"},\"image\":{\"@id\":\"https:\/\/www.myvize.com.tr\/italya\/form-ve-dilekce\/italya-ticari-vize-dilekce-ornegi\/#primaryimage\"},\"thumbnailUrl\":\"https:\/\/www.myvize.com.tr\/italya\/wp-content\/uploads\/2021\/10\/54.jpg\",\"datePublished\":\"2020-12-22T13:10:51+00:00\",\"dateModified\":\"2022-10-06T10:15:24+00:00\",\"description\":\"\u0130talya Ticari Vize Dilek\u00e7e \u00d6rne\u011fi Nas\u0131l Olmal\u0131d\u0131r? \u0130talya Ticari Vize Dilek\u00e7esi Nas\u0131l Yaz\u0131lmal\u0131d\u0131r? Bilgi \u0130\u00e7in Hemen Aray\u0131n: 0850 346 84 93\",\"breadcrumb\":{\"@id\":\"https:\/\/www.myvize.com.tr\/italya\/form-ve-dilekce\/italya-ticari-vize-dilekce-ornegi\/#breadcrumb\"},\"inLanguage\":\"tr\",\"potentialAction\":[{\"@type\":\"ReadAction\",\"target\":[\"https:\/\/www.myvize.com.tr\/italya\/form-ve-dilekce\/italya-ticari-vize-dilekce-ornegi\/\"]}]},{\"@type\":\"ImageObject\",\"inLanguage\":\"tr\",\"@id\":\"https:\/\/www.myvize.com.tr\/italya\/form-ve-dilekce\/italya-ticari-vize-dilekce-ornegi\/#primaryimage\",\"url\":\"https:\/\/www.myvize.com.tr\/italya\/wp-content\/uploads\/2021\/10\/54.jpg\",\"contentUrl\":\"https:\/\/www.myvize.com.tr\/italya\/wp-content\/uploads\/2021\/10\/54.jpg\",\"width\":800,\"height\":500,\"caption\":\"\u0130talya Ticari Vize Dilek\u00e7e \u00d6rne\u011fi\"},{\"@type\":\"BreadcrumbList\",\"@id\":\"https:\/\/www.myvize.com.tr\/italya\/form-ve-dilekce\/italya-ticari-vize-dilekce-ornegi\/#breadcrumb\",\"itemListElement\":[{\"@type\":\"ListItem\",\"position\":1,\"name\":\"Anasayfa\",\"item\":\"https:\/\/www.myvize.com.tr\/italya\/\"},{\"@type\":\"ListItem\",\"position\":2,\"name\":\"FORM VE D\u0130LEK\u00c7E\",\"item\":\"https:\/\/www.myvize.com.tr\/italya\/form-ve-dilekce\/\"},{\"@type\":\"ListItem\",\"position\":3,\"name\":\"\u0130talya Ticari Vize Dilek\u00e7e \u00d6rne\u011fi\"}]},{\"@type\":\"WebSite\",\"@id\":\"https:\/\/www.myvize.com.tr\/italya\/#website\",\"url\":\"https:\/\/www.myvize.com.tr\/italya\/\",\"name\":\"\u0130talya Vizesi\",\"description\":\"\",\"potentialAction\":[{\"@type\":\"SearchAction\",\"target\":{\"@type\":\"EntryPoint\",\"urlTemplate\":\"https:\/\/www.myvize.com.tr\/italya\/?s={search_term_string}\"},\"query-input\":{\"@type\":\"PropertyValueSpecification\",\"valueRequired\":true,\"valueName\":\"search_term_string\"}}],\"inLanguage\":\"tr\"}]}<\/script>\n<!-- \/ Yoast SEO plugin. -->","yoast_head_json":{"title":"\u0130talya Ticari Vize Dilek\u00e7e \u00d6rne\u011fi - MyVize","description":"\u0130talya Ticari Vize Dilek\u00e7e \u00d6rne\u011fi Nas\u0131l Olmal\u0131d\u0131r? \u0130talya Ticari Vize Dilek\u00e7esi Nas\u0131l Yaz\u0131lmal\u0131d\u0131r? Bilgi \u0130\u00e7in Hemen Aray\u0131n: 0850 346 84 93","robots":{"index":"index","follow":"follow","max-snippet":"max-snippet:-1","max-image-preview":"max-image-preview:large","max-video-preview":"max-video-preview:-1"},"canonical":"https:\/\/www.myvize.com.tr\/italya\/form-ve-dilekce\/italya-ticari-vize-dilekce-ornegi\/","og_locale":"tr_TR","og_type":"article","og_title":"\u0130talya Ticari Vize Dilek\u00e7e \u00d6rne\u011fi - MyVize","og_description":"\u0130talya Ticari Vize Dilek\u00e7e \u00d6rne\u011fi Nas\u0131l Olmal\u0131d\u0131r? \u0130talya Ticari Vize Dilek\u00e7esi Nas\u0131l Yaz\u0131lmal\u0131d\u0131r? Bilgi \u0130\u00e7in Hemen Aray\u0131n: 0850 346 84 93","og_url":"https:\/\/www.myvize.com.tr\/italya\/form-ve-dilekce\/italya-ticari-vize-dilekce-ornegi\/","og_site_name":"\u0130talya Vizesi","article_modified_time":"2022-10-06T10:15:24+00:00","og_image":[{"url":"https:\/\/www.myvize.com.tr\/italya\/wp-content\/uploads\/2021\/10\/54.jpg","type":"","width":"","height":""}],"twitter_card":"summary_large_image","twitter_misc":{"Tahmini okuma s\u00fcresi":"4 dakika"},"schema":{"@context":"https:\/\/schema.org","@graph":[{"@type":"WebPage","@id":"https:\/\/www.myvize.com.tr\/italya\/form-ve-dilekce\/italya-ticari-vize-dilekce-ornegi\/","url":"https:\/\/www.myvize.com.tr\/italya\/form-ve-dilekce\/italya-ticari-vize-dilekce-ornegi\/","name":"\u0130talya Ticari Vize Dilek\u00e7e \u00d6rne\u011fi - MyVize","isPartOf":{"@id":"https:\/\/www.myvize.com.tr\/italya\/#website"},"primaryImageOfPage":{"@id":"https:\/\/www.myvize.com.tr\/italya\/form-ve-dilekce\/italya-ticari-vize-dilekce-ornegi\/#primaryimage"},"image":{"@id":"https:\/\/www.myvize.com.tr\/italya\/form-ve-dilekce\/italya-ticari-vize-dilekce-ornegi\/#primaryimage"},"thumbnailUrl":"https:\/\/www.myvize.com.tr\/italya\/wp-content\/uploads\/2021\/10\/54.jpg","datePublished":"2020-12-22T13:10:51+00:00","dateModified":"2022-10-06T10:15:24+00:00","description":"\u0130talya Ticari Vize Dilek\u00e7e \u00d6rne\u011fi Nas\u0131l Olmal\u0131d\u0131r? \u0130talya Ticari Vize Dilek\u00e7esi Nas\u0131l Yaz\u0131lmal\u0131d\u0131r? Bilgi \u0130\u00e7in Hemen Aray\u0131n: 0850 346 84 93","breadcrumb":{"@id":"https:\/\/www.myvize.com.tr\/italya\/form-ve-dilekce\/italya-ticari-vize-dilekce-ornegi\/#breadcrumb"},"inLanguage":"tr","potentialAction":[{"@type":"ReadAction","target":["https:\/\/www.myvize.com.tr\/italya\/form-ve-dilekce\/italya-ticari-vize-dilekce-ornegi\/"]}]},{"@type":"ImageObject","inLanguage":"tr","@id":"https:\/\/www.myvize.com.tr\/italya\/form-ve-dilekce\/italya-ticari-vize-dilekce-ornegi\/#primaryimage","url":"https:\/\/www.myvize.com.tr\/italya\/wp-content\/uploads\/2021\/10\/54.jpg","contentUrl":"https:\/\/www.myvize.com.tr\/italya\/wp-content\/uploads\/2021\/10\/54.jpg","width":800,"height":500,"caption":"\u0130talya Ticari Vize Dilek\u00e7e \u00d6rne\u011fi"},{"@type":"BreadcrumbList","@id":"https:\/\/www.myvize.com.tr\/italya\/form-ve-dilekce\/italya-ticari-vize-dilekce-ornegi\/#breadcrumb","itemListElement":[{"@type":"ListItem","position":1,"name":"Anasayfa","item":"https:\/\/www.myvize.com.tr\/italya\/"},{"@type":"ListItem","position":2,"name":"FORM VE D\u0130LEK\u00c7E","item":"https:\/\/www.myvize.com.tr\/italya\/form-ve-dilekce\/"},{"@type":"ListItem","position":3,"name":"\u0130talya Ticari Vize Dilek\u00e7e \u00d6rne\u011fi"}]},{"@type":"WebSite","@id":"https:\/\/www.myvize.com.tr\/italya\/#website","url":"https:\/\/www.myvize.com.tr\/italya\/","name":"\u0130talya Vizesi","description":"","potentialAction":[{"@type":"SearchAction","target":{"@type":"EntryPoint","urlTemplate":"https:\/\/www.myvize.com.tr\/italya\/?s={search_term_string}"},"query-input":{"@type":"PropertyValueSpecification","valueRequired":true,"valueName":"search_term_string"}}],"inLanguage":"tr"}]}},"_links":{"self":[{"href":"https:\/\/www.myvize.com.tr\/italya\/wp-json\/wp\/v2\/pages\/186","targetHints":{"allow":["GET"]}}],"collection":[{"href":"https:\/\/www.myvize.com.tr\/italya\/wp-json\/wp\/v2\/pages"}],"about":[{"href":"https:\/\/www.myvize.com.tr\/italya\/wp-json\/wp\/v2\/types\/page"}],"author":[{"embeddable":true,"href":"https:\/\/www.myvize.com.tr\/italya\/wp-json\/wp\/v2\/users\/1"}],"replies":[{"embeddable":true,"href":"https:\/\/www.myvize.com.tr\/italya\/wp-json\/wp\/v2\/comments?post=186"}],"version-history":[{"count":10,"href":"https:\/\/www.myvize.com.tr\/italya\/wp-json\/wp\/v2\/pages\/186\/revisions"}],"predecessor-version":[{"id":1094,"href":"https:\/\/www.myvize.com.tr\/italya\/wp-json\/wp\/v2\/pages\/186\/revisions\/1094"}],"up":[{"embeddable":true,"href":"https:\/\/www.myvize.com.tr\/italya\/wp-json\/wp\/v2\/pages\/167"}],"wp:attachment":[{"href":"https:\/\/www.myvize.com.tr\/italya\/wp-json\/wp\/v2\/media?parent=186"}],"curies":[{"name":"wp","href":"https:\/\/api.w.org\/{rel}","templated":true}]}}