{"id":190,"date":"2020-12-22T16:11:38","date_gmt":"2020-12-22T13:11:38","guid":{"rendered":"https:\/\/www.myvize.com.tr\/italya\/?page_id=190"},"modified":"2022-10-07T12:10:53","modified_gmt":"2022-10-07T09:10:53","slug":"aile-arkadas-ziyaret-davetiyesi","status":"publish","type":"page","link":"https:\/\/www.myvize.com.tr\/italya\/form-ve-dilekce\/aile-arkadas-ziyaret-davetiyesi\/","title":{"rendered":"\u0130talya Aile-Arkada\u015f Ziyaret Davetiyesi"},"content":{"rendered":"<h2><strong><span style=\"font-family: Roboto; font-size: 27px;\">\u0130talya Aile-Arkada\u015f Ziyaret Davetiyesi Hakk\u0131nda<\/span><\/strong><\/h2>\n<p><span style=\"font-family: Roboto; font-size: 14px;\">\u0130talya\u2019da bulunan T\u00fcrk vatanda\u015flar\u0131n\u0131n seyahatleri \u00f6ncesinde <strong>\u0130talya aile ve arkada\u015f ziyareti vizesi<\/strong> almas\u0131 gerekmektedir. Bunun i\u00e7in \u0130talya\u2019da bulunan yak\u0131n\u0131n <strong>\u0130talya vatanda\u015f\u0131<\/strong> ya da oturum izninin olmas\u0131 gerekmektedir.<\/span><\/p>\n<p><span style=\"font-family: Roboto; font-size: 14px;\"><strong>\u0130talya aile ve arkada\u015f<\/strong> ziyaretinde bulunacak ki\u015filerin <span style=\"color: #2acec2;\"><strong><a style=\"color: #2acec2;\" href=\"https:\/\/www.myvize.com.tr\/italya\/vize-islemleri\/italya-vize-basvurusu\/\" target=\"_blank\" rel=\"noopener\">\u0130talya vize ba\u015fvurusu<\/a><\/strong><\/span> i\u00e7in baz\u0131 belgeler haz\u0131rlamas\u0131 gerekmektedir. Bu belgelerden birisi de<strong> \u0130talya aile- arkada\u015f ziyaret<\/strong> davetiyesidir. Bu davet mektubunun \u0130talya\u2019da bulunan yak\u0131n taraf\u0131ndan yaz\u0131lmas\u0131 gerekmektedir. Davetiyeyi g\u00f6nderen ki\u015filer ba\u015fvuru sahibini yan\u0131nda ya\u015famaya kabul etti\u011fini g\u00f6stermektedir.<\/span><\/p>\n<p><span style=\"font-family: Roboto; font-size: 14px;\"><strong>\u0130talya aile- arkada\u015f ziyaret<\/strong> <strong>davetiyesi<\/strong> \u0130talyanca yaz\u0131lmal\u0131d\u0131r. Ba\u015fvuru sahibine ise faks ya da mail yolu ile iletilmelidir. Ba\u015fvuru sahibi ise bu davetiyeyi gerekli belgeler aras\u0131na eklemelidir.<\/span><\/p>\n<p><span style=\"font-family: Roboto; font-size: 14px;\"><strong>\u0130talya aile- arkada\u015f ziyareti<\/strong> davetiyesinde, davetiye g\u00f6nderen ki\u015filerin kimlik bilgileri, vatanda\u015fl\u0131k bilgileri gibi bilgiler yer almal\u0131d\u0131r. Bunun yan\u0131nda seyahat edecek olan ki\u015filerin kimlik bilgisi, pasaport bilgisi, vatanda\u015fl\u0131k bilgisi gibi bilgiler yer almal\u0131d\u0131r.<\/span><\/p>\n<p><span style=\"font-family: Roboto; font-size: 14px;\">Bu davetiyeye ek olarak davetlinin kimlik belgesi fotokopisi, davetlinin banka garantileri, konaklama ve u\u00e7u\u015f bilgileri gibi belgeler olmal\u0131d\u0131r. <strong>\u0130talya aile- arkada\u015f ziyaret davetiyesi<\/strong> davet eden ki\u015fi taraf\u0131ndan \u0130talyanca olarak doldurulmal\u0131d\u0131r. Davetiye \u0131slak imzal\u0131 olmal\u0131d\u0131r.<\/span><\/p>\n<p><img decoding=\"async\" src=\"https:\/\/www.myvize.com.tr\/italya\/wp-content\/uploads\/2021\/10\/55.jpg\" \/><\/p>\n<h2><span style=\"font-size: 27px;\"><strong><span style=\"font-family: Roboto;\">\u0130<\/span><span style=\"font-family: Roboto;\">talya Aile-Arkada\u015f Ziyaret Davetiyesi \u0130le \u0130lgili<\/span><\/strong><\/span><\/h2>\n<p><span style=\"font-family: Roboto; font-size: 14px;\">\u0130talya\u2019da bulunan T\u00fcrk vatanda\u015fl\u0131n\u0131n seyahati \u00f6ncesinde <strong>\u0130talya aile ve arkada\u015f ziyareti vize<\/strong> almas\u0131 gerekmektedir. Bunun i\u00e7in \u0130talya\u2019da bulunan yak\u0131n\u0131n \u0130talya vatanda\u015f ya da oturum izni olmas\u0131 gerekmektedir.<\/span><br \/>\n<span style=\"font-family: Roboto; font-size: 14px;\">\u0130talya aile ve arkada\u015f ziyaretinde bulunacak ki\u015filerin <strong>\u0130talya vize ba\u015fvurusu<\/strong> i\u00e7in baz\u0131 belge haz\u0131rlamalar\u0131 gerekmektedir. Bu belgeden birisi de<strong> \u0130talya aile- arkada\u015f ziyareti<\/strong> davetiyesidir. Bu davet mektubu \u0130talya\u2019da bulunan yak\u0131n taraf\u0131ndan yaz\u0131lmalar\u0131 gerekmektedir. Davetiyeyi g\u00f6nderen ki\u015fi ba\u015fvuru sahiblerini yan\u0131nda ya\u015famaya kabul etti\u011fi g\u00f6stermektedir.<\/span><br \/>\n<span style=\"font-family: Roboto; font-size: 14px;\"><strong>\u0130talya aile- arkada\u015f ziyareti<\/strong> davetiyesi \u0130talyanca yaz\u0131lmal\u0131. Ba\u015fvuru sahiblerine ise faks ya da mail yol ile iletilmelidir. Ba\u015fvuru sahibleri ise bu davetiyeyi gerekli belge aras\u0131na eklemelidir.<\/span><br \/>\n<span style=\"font-family: Roboto; font-size: 14px;\">\u0130talya aile- arkada\u015f ziyaretleri davetiyesinde, davetiye g\u00f6nderen ki\u015finin kimlik bilgisi, vatanda\u015fl\u0131k bilgisi gibi bilgi yer almal\u0131d\u0131r. Bunun yan\u0131nda seyahat edecek olan ki\u015finin kimlik bilgileri, pasaport bilgileri, vatanda\u015fl\u0131k bilgisi gibi bilgi yer almal\u0131d\u0131r.<\/span><br \/>\n<span style=\"font-family: Roboto; font-size: 14px;\">Bu davetiyeye ek olarak davetlilerin kimlik belgesi fotokopileri, davetlinin banka garantisi, konaklama ve u\u00e7u\u015f bilgisi gibi belge olmal\u0131d\u0131r. <strong>\u0130talya aile- arkada\u015f ziyaret<\/strong> davetiyeleri davet eden ki\u015filer taraf\u0131ndan \u0130talyanca olarak doldurulmal\u0131. Davetiyenin \u0131slak imzal\u0131 olmas\u0131 gereklidir.<\/span><br \/>\n<span style=\"font-family: Roboto; font-size: 14px;\">\u0130talya davetiye ba\u015fvurusunda bulunurken \u0130talyanca ya da T\u00fcrk\u00e7e haz\u0131rlanan ve eksiksiz doldurulan<strong> \u0130talya vizesi<\/strong> davetiye form sunman\u0131z talep edilir. \u00d6ncelikle \u0130talya Vize ba\u015fvurusunun da b\u00f6lge s\u0131n\u0131rlama bulunmakta. Ba\u015fvuru sahipi ikamet etmek de oldu\u011fu \u015fehre hizmet veren ilgililer. <span style=\"color: #2acec2;\"><strong><a style=\"color: #2acec2;\" href=\"https:\/\/www.myvize.com.tr\/italya\/vize-islemleri\/italya-vizesi\/\" target=\"_blank\" rel=\"noopener\">\u0130talya Vizesi<\/a><\/strong><\/span> ba\u015fvuru merkezlerine m\u00fcracaat ger\u00e7ekle\u015ftirme gerekecektir.<\/span><\/p>\n<h2><strong><span style=\"font-family: Roboto; font-size: 27px;\">\u0130talya Aile-Arkada\u015f Ziyaret Vize \u0130\u015flemleri<\/span><\/strong><\/h2>\n<p><span style=\"font-family: Roboto; font-size: 14px;\">\u0130talya&#8217;da Aile-Arkada\u015f Ziyaret\u00a0 ama\u00e7larla seyahat edecek ki\u015filerin \u00fclkelere yapaca\u011f\u0131 seyahate ili\u015fkin \u0130talya \u0130stanbul Ba\u015fkonsoloslu\u011funa hitaben \u0130talya Aile-Arkada\u015f Ziyaret vizesi talep davetiyeleri yazmal\u0131d\u0131r. \u0130talya Aile-Arkada\u015f Ziyaret vizesi talep davetiyesi yaz\u0131l\u0131rken dikkat edilmesi gereken husus a\u015fa\u011f\u0131da ki gibidir. \u00dclkeye yap\u0131lacak seyahatin amac\u0131 net olarak ifade edilmelidir. \u00d6rne\u011fin; Aile-Arkada\u015f Ziyaret bir tura kat\u0131lacak ki\u015fi <strong>\u0130talya Aile-Arkada\u015f Ziyaret vizesi<\/strong> talep davetiyesi de kat\u0131laca\u011f\u0131 i\u015ften bahsetmesi ve varsa i\u015f ile ilgili belgesini dosyas\u0131na eklemelidir.\u00a0 Seyahat tarihleri a\u00e7\u0131k\u00e7a yazmal\u0131d\u0131r. C Aile-Arkada\u015f Ziyaret\u00a0 vize ba\u015fvurusunda bulunacak ki\u015fileri \u0130talya Aile-Arkada\u015f Ziyaret vizesi talep davetiyesinde \u00fclkeye giri\u015f yapaca\u011f\u0131 tarihleri, \u00fclkeden ayr\u0131laca\u011f\u0131 tarihi ve ayn\u0131 s\u00fcre\u00e7 i\u00e7erisinde ba\u015fka bir \u00fclkeye ge\u00e7i\u015f yapaca\u011f\u0131 bir seyahatler var ise bu seyahatin tarihlerini a\u00e7\u0131k\u00e7a yazmal\u0131d\u0131r. Seyahat masraflar\u0131n\u0131n nas\u0131l kar\u015f\u0131lanaca\u011f\u0131n\u0131 a\u00e7\u0131k\u00e7a ifade edilmelidir.<strong> \u0130talya Aile-Arkada\u015f Ziyaret vize Talep davetiye<\/strong> yaz\u0131l\u0131rken ki\u015filerin seyahati s\u00fcresine olu\u015facak (konaklamak, transfer, hasta, kaza, vb.) masraflar\u0131n\u0131n nas\u0131l kar\u015f\u0131lanaca\u011f\u0131 net olarak ifade edilmelidir. \u0130talya Konsoloslu\u011funa Aile-Arkada\u015f Ziyaret vizesi ba\u015fvurusunda sunulan belgeler ile \u0130talya Aile-Arkada\u015f Ziyaret vize talep davetiyesine yer verilen ifadenin birbirini destekleyici olmas\u0131na dikkat edilmelidir.<\/span><\/p>\n<h2><strong><span style=\"font-family: Roboto; font-size: 27px;\">\u0130talya Aile-Arkada\u015f Ziyaret Vize Davetiye Mektubu \u00a0Nas\u0131l Yaz\u0131l\u0131r?<\/span><\/strong><\/h2>\n<p><span style=\"font-family: Roboto; font-size: 14px;\"><strong>\u0130talya\u00a0 vize<\/strong> ba\u015fvurusunda talep yaz\u0131n\u0131z olu\u015furken davetiyeleri sundu\u011funuz evrak ile uyumlu olmal\u0131d\u0131r. Vize talep davetiyesi yaz\u0131l\u0131rken dikkat edilmesi gereken: \u0130talya vizesi davetiyesi \u0130ngilizce olarak yaz\u0131labilmektedir. davetiyelerin tarihi yaz\u0131lmal\u0131d\u0131r. \u0130talya&#8217;\u0131n hangi temsilciliklere ve hangi departmanlara hitap etti\u011finiz mutlaka belirtilmelidir. \u0130sim, soy isim ve pasaport numaralar\u0131 bulunmal\u0131d\u0131r. Seyahat tarihleriniz net olmal\u0131d\u0131r. davetiye de belirtti\u011finiz seyahat tarihleriniz ile ba\u015fvuru formu, otel, u\u00e7ak\u00a0 ve seyahat sa\u011fl\u0131k sigortas\u0131 kapsam\u0131 \u00fczerinde yaz\u0131l\u0131 seyahat tarihleri uyumlu olmal\u0131. Seyahat planlamas\u0131 ait ayr\u0131nt\u0131ya vermek gerekir. Bunlar ula\u015f\u0131m arac\u0131, konaklama bilgileri ve ziyaret ama\u00e7lar\u0131d\u0131r. Ge\u00e7mi\u015f seyahatlerden,\u00a0 ge\u00e7mi\u015f vize red durumundan bahsedilmesi olumludur. Vize talebi s\u00fcrelerine ba\u011fl\u0131 olarak tek, \u00e7ift veya da \u00e7ok giri\u015f se\u00e7ene\u011fi belirtmelisiniz.\u00a0 Meslek bilginiz yer almal\u0131d\u0131r. Banka geliri y\u00fcksek ya da anla\u015f\u0131lmaz durum telafi etmesi ad\u0131na yapt\u0131\u011f\u0131n\u0131z i\u015f hakk\u0131nda detay verilmelidir. \u0130talya&#8217;da masraf\u0131 kimin ve nas\u0131l kar\u015f\u0131layaca\u011f\u0131n\u0131 belirtilmelidir. Verilen vize s\u00fcresi s\u0131n\u0131rlar\u0131 i\u00e7inde ikamet etti\u011finiz \u00fclkeye geri d\u00f6nece\u011fi taahh\u00fct etmelisiniz.<\/span><\/p>\n<h3><strong><span style=\"font-family: Roboto; font-size: 24px;\">\u0130talya Aile-Arkada\u015f Ziyaret Vize Davetiyesinde Dikkat Edilmesi Gerekenler<\/span><\/strong><\/h3>\n<p><span style=\"font-family: Roboto; font-size: 14px;\">\u0130talya Aile-Arkada\u015f Ziyaret vizesi \u00f6rne\u011fi ile <strong>\u0130talya\u2019a seyahat etmek<\/strong> isteye ki\u015filerin dikkat etmesi gereken durumlar \u015funlard\u0131r; \u0130talya konsoloslu\u011fu i\u015f \u00e7oklu\u011fu sebebiyle ba\u015fvurunuz ileri tarihlere randevu verebilir. Bu sebeple en az\u0131ndan seyahatiniz bir ay kala ba\u015fvuru yapman\u0131z i\u015finizi kolayla\u015ft\u0131racakt\u0131r. \u0130talya vize ba\u015fvuru i\u015flemleri s\u0131ras\u0131nda m\u00fclakat ve dijital parmak izi almaya \u00e7a\u011f\u0131rmaktad\u0131r. \u0130talya Aile-Arkada\u015f Ziyaret vize \u00f6rne\u011fi haz\u0131rlan\u0131rken seyahat edecek ki\u015finin masraflar\u0131n\u0131n nas\u0131l kar\u015f\u0131lanaca\u011f\u0131na ait detayl\u0131 bilgilere davetiyede yer verilmeli. Seyahat edecek ki\u015filerin seyahat ba\u015flang\u0131\u00e7 ile biti\u015f tarihlerine davetiyesinde yer vermelidir. davetiyede seyahatlere \u00e7\u0131kacak ki\u015finin firmadaki g\u00f6revi ve konumlar\u0131 a\u00e7\u0131k\u00e7a belirtmek gerekmektedir. Personeli seyahate g\u00f6nderecek firma antetli ka\u011f\u0131da \u0130talya Aile-Arkada\u015f Ziyaret vizesi talep davetiyeleri yaz\u0131lmal\u0131d\u0131r, imzalanmal\u0131 ve ka\u015felenmelidir. \u0130talya Aile-Arkada\u015f Ziyaret vize istek davetiyesinde seyahatlerin amac\u0131n\u0131 a\u00e7\u0131k\u00e7a yaz\u0131lmal\u0131d\u0131r. \u00d6rne\u011fin; \u015fah\u0131s firmas\u0131 i\u015f orta\u011f\u0131 ba\u015fka bir \u015firketle toplant\u0131 yapmak suretiyle gezi edecek ise \u0130talya\u2019da firma ile alakal\u0131 bilgilere yer verilmeli. Ki\u015fi i\u015f konferans\u0131na kat\u0131lacaksa \u0130talya Aile-Arkada\u015f Ziyaret vize istek davetiyesine konu\u015fmas\u0131 ile alakal\u0131 malumat olmal\u0131d\u0131r.<\/span><\/p>\n","protected":false},"excerpt":{"rendered":"<p>\u0130talya Aile-Arkada\u015f Ziyaret Davetiyesi Hakk\u0131nda \u0130talya\u2019da bulunan T\u00fcrk vatanda\u015flar\u0131n\u0131n seyahatleri \u00f6ncesinde \u0130talya aile ve arkada\u015f ziyareti vizesi almas\u0131 gerekmektedir. Bunun i\u00e7in \u0130talya\u2019da bulunan yak\u0131n\u0131n \u0130talya vatanda\u015f\u0131 ya da oturum izninin olmas\u0131 gerekmektedir. \u0130talya aile ve arkada\u015f ziyaretinde bulunacak ki\u015filerin \u0130talya vize ba\u015fvurusu i\u00e7in baz\u0131 belgeler haz\u0131rlamas\u0131 gerekmektedir. Bu belgelerden birisi de \u0130talya aile- arkada\u015f ziyaret<\/p>\n","protected":false},"author":1,"featured_media":0,"parent":167,"menu_order":0,"comment_status":"open","ping_status":"closed","template":"","meta":{"footnotes":""},"class_list":["post-190","page","type-page","status-publish","hentry"],"yoast_head":"<!-- This site is optimized with the Yoast SEO plugin v24.0 - https:\/\/yoast.com\/wordpress\/plugins\/seo\/ -->\n<title>\u0130talya Aile-Arkada\u015f Ziyaret Davetiyesi - MyVize<\/title>\n<meta name=\"description\" content=\"\u0130talya Aile-Arkada\u015f Ziyaret Davetiyesi Nas\u0131l Yaz\u0131l\u0131r? \u0130talya Aile-Arkada\u015f Ziyaret Davetiyesi 2021. Bilgi \u0130\u00e7in Hemen Aray\u0131n: 0850 346 84 93\" \/>\n<meta name=\"robots\" content=\"index, follow, max-snippet:-1, max-image-preview:large, max-video-preview:-1\" \/>\n<link rel=\"canonical\" href=\"https:\/\/www.myvize.com.tr\/italya\/form-ve-dilekce\/aile-arkadas-ziyaret-davetiyesi\/\" \/>\n<meta property=\"og:locale\" content=\"tr_TR\" \/>\n<meta property=\"og:type\" content=\"article\" \/>\n<meta property=\"og:title\" content=\"\u0130talya Aile-Arkada\u015f Ziyaret Davetiyesi - MyVize\" \/>\n<meta property=\"og:description\" content=\"\u0130talya Aile-Arkada\u015f Ziyaret Davetiyesi Nas\u0131l Yaz\u0131l\u0131r? \u0130talya Aile-Arkada\u015f Ziyaret Davetiyesi 2021. Bilgi \u0130\u00e7in Hemen Aray\u0131n: 0850 346 84 93\" \/>\n<meta property=\"og:url\" content=\"https:\/\/www.myvize.com.tr\/italya\/form-ve-dilekce\/aile-arkadas-ziyaret-davetiyesi\/\" \/>\n<meta property=\"og:site_name\" content=\"\u0130talya Vizesi\" \/>\n<meta property=\"article:modified_time\" content=\"2022-10-07T09:10:53+00:00\" \/>\n<meta property=\"og:image\" content=\"https:\/\/www.myvize.com.tr\/italya\/wp-content\/uploads\/2021\/10\/55.jpg\" \/>\n<meta name=\"twitter:card\" content=\"summary_large_image\" \/>\n<meta name=\"twitter:label1\" content=\"Tahmini okuma s\u00fcresi\" \/>\n\t<meta name=\"twitter:data1\" content=\"4 dakika\" \/>\n<script type=\"application\/ld+json\" class=\"yoast-schema-graph\">{\"@context\":\"https:\/\/schema.org\",\"@graph\":[{\"@type\":\"WebPage\",\"@id\":\"https:\/\/www.myvize.com.tr\/italya\/form-ve-dilekce\/aile-arkadas-ziyaret-davetiyesi\/\",\"url\":\"https:\/\/www.myvize.com.tr\/italya\/form-ve-dilekce\/aile-arkadas-ziyaret-davetiyesi\/\",\"name\":\"\u0130talya Aile-Arkada\u015f Ziyaret Davetiyesi - MyVize\",\"isPartOf\":{\"@id\":\"https:\/\/www.myvize.com.tr\/italya\/#website\"},\"primaryImageOfPage\":{\"@id\":\"https:\/\/www.myvize.com.tr\/italya\/form-ve-dilekce\/aile-arkadas-ziyaret-davetiyesi\/#primaryimage\"},\"image\":{\"@id\":\"https:\/\/www.myvize.com.tr\/italya\/form-ve-dilekce\/aile-arkadas-ziyaret-davetiyesi\/#primaryimage\"},\"thumbnailUrl\":\"https:\/\/www.myvize.com.tr\/italya\/wp-content\/uploads\/2021\/10\/55.jpg\",\"datePublished\":\"2020-12-22T13:11:38+00:00\",\"dateModified\":\"2022-10-07T09:10:53+00:00\",\"description\":\"\u0130talya Aile-Arkada\u015f Ziyaret Davetiyesi Nas\u0131l Yaz\u0131l\u0131r? \u0130talya Aile-Arkada\u015f Ziyaret Davetiyesi 2021. Bilgi \u0130\u00e7in Hemen Aray\u0131n: 0850 346 84 93\",\"breadcrumb\":{\"@id\":\"https:\/\/www.myvize.com.tr\/italya\/form-ve-dilekce\/aile-arkadas-ziyaret-davetiyesi\/#breadcrumb\"},\"inLanguage\":\"tr\",\"potentialAction\":[{\"@type\":\"ReadAction\",\"target\":[\"https:\/\/www.myvize.com.tr\/italya\/form-ve-dilekce\/aile-arkadas-ziyaret-davetiyesi\/\"]}]},{\"@type\":\"ImageObject\",\"inLanguage\":\"tr\",\"@id\":\"https:\/\/www.myvize.com.tr\/italya\/form-ve-dilekce\/aile-arkadas-ziyaret-davetiyesi\/#primaryimage\",\"url\":\"https:\/\/www.myvize.com.tr\/italya\/wp-content\/uploads\/2021\/10\/55.jpg\",\"contentUrl\":\"https:\/\/www.myvize.com.tr\/italya\/wp-content\/uploads\/2021\/10\/55.jpg\",\"width\":800,\"height\":500,\"caption\":\"\u0130talya Aile-Arkada\u015f Ziyaret Davetiyesi\"},{\"@type\":\"BreadcrumbList\",\"@id\":\"https:\/\/www.myvize.com.tr\/italya\/form-ve-dilekce\/aile-arkadas-ziyaret-davetiyesi\/#breadcrumb\",\"itemListElement\":[{\"@type\":\"ListItem\",\"position\":1,\"name\":\"Anasayfa\",\"item\":\"https:\/\/www.myvize.com.tr\/italya\/\"},{\"@type\":\"ListItem\",\"position\":2,\"name\":\"FORM VE D\u0130LEK\u00c7E\",\"item\":\"https:\/\/www.myvize.com.tr\/italya\/form-ve-dilekce\/\"},{\"@type\":\"ListItem\",\"position\":3,\"name\":\"\u0130talya Aile-Arkada\u015f Ziyaret Davetiyesi\"}]},{\"@type\":\"WebSite\",\"@id\":\"https:\/\/www.myvize.com.tr\/italya\/#website\",\"url\":\"https:\/\/www.myvize.com.tr\/italya\/\",\"name\":\"\u0130talya Vizesi\",\"description\":\"\",\"potentialAction\":[{\"@type\":\"SearchAction\",\"target\":{\"@type\":\"EntryPoint\",\"urlTemplate\":\"https:\/\/www.myvize.com.tr\/italya\/?s={search_term_string}\"},\"query-input\":{\"@type\":\"PropertyValueSpecification\",\"valueRequired\":true,\"valueName\":\"search_term_string\"}}],\"inLanguage\":\"tr\"}]}<\/script>\n<!-- \/ Yoast SEO plugin. -->","yoast_head_json":{"title":"\u0130talya Aile-Arkada\u015f Ziyaret Davetiyesi - MyVize","description":"\u0130talya Aile-Arkada\u015f Ziyaret Davetiyesi Nas\u0131l Yaz\u0131l\u0131r? \u0130talya Aile-Arkada\u015f Ziyaret Davetiyesi 2021. Bilgi \u0130\u00e7in Hemen Aray\u0131n: 0850 346 84 93","robots":{"index":"index","follow":"follow","max-snippet":"max-snippet:-1","max-image-preview":"max-image-preview:large","max-video-preview":"max-video-preview:-1"},"canonical":"https:\/\/www.myvize.com.tr\/italya\/form-ve-dilekce\/aile-arkadas-ziyaret-davetiyesi\/","og_locale":"tr_TR","og_type":"article","og_title":"\u0130talya Aile-Arkada\u015f Ziyaret Davetiyesi - MyVize","og_description":"\u0130talya Aile-Arkada\u015f Ziyaret Davetiyesi Nas\u0131l Yaz\u0131l\u0131r? \u0130talya Aile-Arkada\u015f Ziyaret Davetiyesi 2021. Bilgi \u0130\u00e7in Hemen Aray\u0131n: 0850 346 84 93","og_url":"https:\/\/www.myvize.com.tr\/italya\/form-ve-dilekce\/aile-arkadas-ziyaret-davetiyesi\/","og_site_name":"\u0130talya Vizesi","article_modified_time":"2022-10-07T09:10:53+00:00","og_image":[{"url":"https:\/\/www.myvize.com.tr\/italya\/wp-content\/uploads\/2021\/10\/55.jpg","type":"","width":"","height":""}],"twitter_card":"summary_large_image","twitter_misc":{"Tahmini okuma s\u00fcresi":"4 dakika"},"schema":{"@context":"https:\/\/schema.org","@graph":[{"@type":"WebPage","@id":"https:\/\/www.myvize.com.tr\/italya\/form-ve-dilekce\/aile-arkadas-ziyaret-davetiyesi\/","url":"https:\/\/www.myvize.com.tr\/italya\/form-ve-dilekce\/aile-arkadas-ziyaret-davetiyesi\/","name":"\u0130talya Aile-Arkada\u015f Ziyaret Davetiyesi - MyVize","isPartOf":{"@id":"https:\/\/www.myvize.com.tr\/italya\/#website"},"primaryImageOfPage":{"@id":"https:\/\/www.myvize.com.tr\/italya\/form-ve-dilekce\/aile-arkadas-ziyaret-davetiyesi\/#primaryimage"},"image":{"@id":"https:\/\/www.myvize.com.tr\/italya\/form-ve-dilekce\/aile-arkadas-ziyaret-davetiyesi\/#primaryimage"},"thumbnailUrl":"https:\/\/www.myvize.com.tr\/italya\/wp-content\/uploads\/2021\/10\/55.jpg","datePublished":"2020-12-22T13:11:38+00:00","dateModified":"2022-10-07T09:10:53+00:00","description":"\u0130talya Aile-Arkada\u015f Ziyaret Davetiyesi Nas\u0131l Yaz\u0131l\u0131r? \u0130talya Aile-Arkada\u015f Ziyaret Davetiyesi 2021. Bilgi \u0130\u00e7in Hemen Aray\u0131n: 0850 346 84 93","breadcrumb":{"@id":"https:\/\/www.myvize.com.tr\/italya\/form-ve-dilekce\/aile-arkadas-ziyaret-davetiyesi\/#breadcrumb"},"inLanguage":"tr","potentialAction":[{"@type":"ReadAction","target":["https:\/\/www.myvize.com.tr\/italya\/form-ve-dilekce\/aile-arkadas-ziyaret-davetiyesi\/"]}]},{"@type":"ImageObject","inLanguage":"tr","@id":"https:\/\/www.myvize.com.tr\/italya\/form-ve-dilekce\/aile-arkadas-ziyaret-davetiyesi\/#primaryimage","url":"https:\/\/www.myvize.com.tr\/italya\/wp-content\/uploads\/2021\/10\/55.jpg","contentUrl":"https:\/\/www.myvize.com.tr\/italya\/wp-content\/uploads\/2021\/10\/55.jpg","width":800,"height":500,"caption":"\u0130talya Aile-Arkada\u015f Ziyaret Davetiyesi"},{"@type":"BreadcrumbList","@id":"https:\/\/www.myvize.com.tr\/italya\/form-ve-dilekce\/aile-arkadas-ziyaret-davetiyesi\/#breadcrumb","itemListElement":[{"@type":"ListItem","position":1,"name":"Anasayfa","item":"https:\/\/www.myvize.com.tr\/italya\/"},{"@type":"ListItem","position":2,"name":"FORM VE D\u0130LEK\u00c7E","item":"https:\/\/www.myvize.com.tr\/italya\/form-ve-dilekce\/"},{"@type":"ListItem","position":3,"name":"\u0130talya Aile-Arkada\u015f Ziyaret Davetiyesi"}]},{"@type":"WebSite","@id":"https:\/\/www.myvize.com.tr\/italya\/#website","url":"https:\/\/www.myvize.com.tr\/italya\/","name":"\u0130talya Vizesi","description":"","potentialAction":[{"@type":"SearchAction","target":{"@type":"EntryPoint","urlTemplate":"https:\/\/www.myvize.com.tr\/italya\/?s={search_term_string}"},"query-input":{"@type":"PropertyValueSpecification","valueRequired":true,"valueName":"search_term_string"}}],"inLanguage":"tr"}]}},"_links":{"self":[{"href":"https:\/\/www.myvize.com.tr\/italya\/wp-json\/wp\/v2\/pages\/190","targetHints":{"allow":["GET"]}}],"collection":[{"href":"https:\/\/www.myvize.com.tr\/italya\/wp-json\/wp\/v2\/pages"}],"about":[{"href":"https:\/\/www.myvize.com.tr\/italya\/wp-json\/wp\/v2\/types\/page"}],"author":[{"embeddable":true,"href":"https:\/\/www.myvize.com.tr\/italya\/wp-json\/wp\/v2\/users\/1"}],"replies":[{"embeddable":true,"href":"https:\/\/www.myvize.com.tr\/italya\/wp-json\/wp\/v2\/comments?post=190"}],"version-history":[{"count":9,"href":"https:\/\/www.myvize.com.tr\/italya\/wp-json\/wp\/v2\/pages\/190\/revisions"}],"predecessor-version":[{"id":1102,"href":"https:\/\/www.myvize.com.tr\/italya\/wp-json\/wp\/v2\/pages\/190\/revisions\/1102"}],"up":[{"embeddable":true,"href":"https:\/\/www.myvize.com.tr\/italya\/wp-json\/wp\/v2\/pages\/167"}],"wp:attachment":[{"href":"https:\/\/www.myvize.com.tr\/italya\/wp-json\/wp\/v2\/media?parent=190"}],"curies":[{"name":"wp","href":"https:\/\/api.w.org\/{rel}","templated":true}]}}