{"id":235,"date":"2020-12-28T13:06:38","date_gmt":"2020-12-28T10:06:38","guid":{"rendered":"https:\/\/www.myvize.com.tr\/italya\/?page_id=235"},"modified":"2022-04-20T12:16:54","modified_gmt":"2022-04-20T09:16:54","slug":"diyarbakir","status":"publish","type":"page","link":"https:\/\/www.myvize.com.tr\/italya\/subelerimiz\/diyarbakir\/","title":{"rendered":"Diyarbak\u0131r"},"content":{"rendered":"<h2><span style=\"font-family: Roboto; font-size: 27px;\"><strong>Diyarbak\u0131r \u0130talya Vize Ba\u015fvurusu<\/strong><\/span><\/h2>\n<p><span style=\"font-family: Roboto; font-size: 14px;\">Diyarbak\u0131r ve \u00e7evresinde bulunan T\u00fcrk vatanda\u015flar\u0131, k\u0131sa s\u00fcreli <strong>\u0130talya vize<\/strong> ba\u015fvurular\u0131n\u0131 <span style=\"color: #2acec2;\"><strong><a style=\"color: #2acec2;\" href=\"https:\/\/www.myvize.com.tr\/italya\/vize-islemleri\/italya-vizesi\/\" target=\"_blank\" rel=\"noopener\">\u0130talya vizesi<\/a><\/strong><\/span> ba\u015fvuru merkezlerine yapmal\u0131d\u0131r. Uzun s\u00fcreli <strong>\u0130talya vize<\/strong> ba\u015fvurular\u0131 yani <strong>\u0130talya ulusal vize<\/strong> ba\u015fvurular\u0131 ise \u0130talya\u2019n\u0131n diplomatik temsilciliklerine yap\u0131lmal\u0131d\u0131r.<\/span><\/p>\n<p><span style=\"font-family: Roboto; font-size: 14px;\">\u0130talya bir Schengen \u00fclkesidir. Bundan dolay\u0131 Diyarbak\u0131r ve \u00e7evresinde<strong> \u0130talya vize ba\u015fvurusu<\/strong> yapacak olan T\u00fcrk vatanda\u015flar\u0131 vize ba\u015fvurular\u0131n\u0131 <strong>Diyarbak\u0131r vize ba\u015fvuru<\/strong> merkezine yapmal\u0131d\u0131r. Yani Diyarbak\u0131r ve \u00e7evresinde ikamet eden ki\u015filer k\u0131sa s\u00fcreli vize ba\u015fvurular\u0131n\u0131 \u0130talya\u2019n\u0131n Diyarbak\u0131r\u2019da yetkilendirmi\u015f oldu\u011fu vize ba\u015fvuru merkezine yapmal\u0131d\u0131r. Diyarbak\u0131r\u2019da yetkilendirilmi\u015f olan <strong>\u0130talya vize ba\u015fvuru<\/strong> merkezi iDATA ve VFS Global isimli \u015firkettir.<\/span><\/p>\n<p><span style=\"font-family: Roboto; font-size: 14px;\">Diyarbak\u0131r ve \u00e7evresinde <strong>\u0130talya vize ba\u015fvurusu<\/strong> yapacak olan ki\u015filer k\u0131sa s\u00fcreli vize ba\u015fvurular\u0131 i\u00e7in<strong> Diyarbak\u0131r \u0130talya vize<\/strong> ba\u015fvuru merkezinden randevu almal\u0131 ve randevu tarihinde gerekli belgeler ile \u0130talya vize ba\u015fvuru merkezinde bulunmal\u0131d\u0131r.<\/span><\/p>\n<p><span style=\"font-family: Roboto; font-size: 14px;\">Diyarbak\u0131r ve \u00e7evresinde ikamet eden ve ulusal \u0130talya vizesi almak isteyen T\u00fcrk vatanda\u015flar\u0131, vize ba\u015fvurular\u0131n\u0131 \u0130talya Ankara B\u00fcy\u00fckel\u00e7ili\u011fi\u2019ne ve \u0130stanbul Ba\u015fkonsolsolu\u011fu gibi diplomatik temsilciliklere\u00a0yapmal\u0131d\u0131r.<\/span><\/p>\n<p><span style=\"font-family: Roboto; font-size: 14px;\">K\u0131sa s\u00fcreli vize ba\u015fvurular\u0131 Diyarbak\u0131r<strong> \u0130talya vize ba\u015fvuru<\/strong> merkezine, uzun s\u00fcreli vize ba\u015fvurular\u0131 ise Diyarbak\u0131r Ankara B\u00fcy\u00fckel\u00e7ili\u011fi\u2019ne ve \u0130stanbul Ba\u015fkonsoloslu\u011fu&#8217;na yap\u0131lmal\u0131d\u0131r.<\/span><\/p>\n<p><span style=\"font-family: Roboto; font-size: 14px;\"><img decoding=\"async\" src=\"https:\/\/www.myvize.com.tr\/italya\/wp-content\/uploads\/2021\/09\/8-11.jpg\" \/><\/span><\/p>\n","protected":false},"excerpt":{"rendered":"<p>Diyarbak\u0131r \u0130talya Vize Ba\u015fvurusu Diyarbak\u0131r ve \u00e7evresinde bulunan T\u00fcrk vatanda\u015flar\u0131, k\u0131sa s\u00fcreli \u0130talya vize ba\u015fvurular\u0131n\u0131 \u0130talya vizesi ba\u015fvuru merkezlerine yapmal\u0131d\u0131r. Uzun s\u00fcreli \u0130talya vize ba\u015fvurular\u0131 yani \u0130talya ulusal vize ba\u015fvurular\u0131 ise \u0130talya\u2019n\u0131n diplomatik temsilciliklerine yap\u0131lmal\u0131d\u0131r. \u0130talya bir Schengen \u00fclkesidir. Bundan dolay\u0131 Diyarbak\u0131r ve \u00e7evresinde \u0130talya vize ba\u015fvurusu yapacak olan T\u00fcrk vatanda\u015flar\u0131 vize ba\u015fvurular\u0131n\u0131 Diyarbak\u0131r vize<\/p>\n","protected":false},"author":1,"featured_media":0,"parent":224,"menu_order":0,"comment_status":"open","ping_status":"closed","template":"","meta":{"footnotes":""},"class_list":["post-235","page","type-page","status-publish","hentry"],"yoast_head":"<!-- This site is optimized with the Yoast SEO plugin v24.0 - https:\/\/yoast.com\/wordpress\/plugins\/seo\/ -->\n<title>\u0130talya Vizesi Diyarbak\u0131r Vize \u015eubesi - MyVize<\/title>\n<meta name=\"description\" content=\"\u0130talya Vizesi Diyarbak\u0131r Vize Ba\u015fvuru Merkezi. \u0130talya Vizesi Nas\u0131l Al\u0131n\u0131r? \u0130talya Vize \u00dccreti Ne Kadard\u0131r? Bilgi \u0130\u00e7in Aray\u0131n: 0850 346 84 93\" \/>\n<meta name=\"robots\" content=\"index, follow, max-snippet:-1, max-image-preview:large, max-video-preview:-1\" \/>\n<link rel=\"canonical\" href=\"https:\/\/www.myvize.com.tr\/italya\/subelerimiz\/diyarbakir\/\" \/>\n<meta property=\"og:locale\" content=\"tr_TR\" \/>\n<meta property=\"og:type\" content=\"article\" \/>\n<meta property=\"og:title\" content=\"\u0130talya Vizesi Diyarbak\u0131r Vize \u015eubesi - MyVize\" \/>\n<meta property=\"og:description\" content=\"\u0130talya Vizesi Diyarbak\u0131r Vize Ba\u015fvuru Merkezi. \u0130talya Vizesi Nas\u0131l Al\u0131n\u0131r? \u0130talya Vize \u00dccreti Ne Kadard\u0131r? Bilgi \u0130\u00e7in Aray\u0131n: 0850 346 84 93\" \/>\n<meta property=\"og:url\" content=\"https:\/\/www.myvize.com.tr\/italya\/subelerimiz\/diyarbakir\/\" \/>\n<meta property=\"og:site_name\" content=\"\u0130talya Vizesi\" \/>\n<meta property=\"article:modified_time\" content=\"2022-04-20T09:16:54+00:00\" \/>\n<meta property=\"og:image\" content=\"https:\/\/www.myvize.com.tr\/italya\/wp-content\/uploads\/2021\/09\/8-11.jpg\" \/>\n<meta name=\"twitter:card\" content=\"summary_large_image\" \/>\n<meta name=\"twitter:label1\" content=\"Tahmini okuma s\u00fcresi\" \/>\n\t<meta name=\"twitter:data1\" content=\"1 dakika\" \/>\n<script type=\"application\/ld+json\" class=\"yoast-schema-graph\">{\"@context\":\"https:\/\/schema.org\",\"@graph\":[{\"@type\":\"WebPage\",\"@id\":\"https:\/\/www.myvize.com.tr\/italya\/subelerimiz\/diyarbakir\/\",\"url\":\"https:\/\/www.myvize.com.tr\/italya\/subelerimiz\/diyarbakir\/\",\"name\":\"\u0130talya Vizesi Diyarbak\u0131r Vize \u015eubesi - MyVize\",\"isPartOf\":{\"@id\":\"https:\/\/www.myvize.com.tr\/italya\/#website\"},\"primaryImageOfPage\":{\"@id\":\"https:\/\/www.myvize.com.tr\/italya\/subelerimiz\/diyarbakir\/#primaryimage\"},\"image\":{\"@id\":\"https:\/\/www.myvize.com.tr\/italya\/subelerimiz\/diyarbakir\/#primaryimage\"},\"thumbnailUrl\":\"https:\/\/www.myvize.com.tr\/italya\/wp-content\/uploads\/2021\/09\/8-11.jpg\",\"datePublished\":\"2020-12-28T10:06:38+00:00\",\"dateModified\":\"2022-04-20T09:16:54+00:00\",\"description\":\"\u0130talya Vizesi Diyarbak\u0131r Vize Ba\u015fvuru Merkezi. \u0130talya Vizesi Nas\u0131l Al\u0131n\u0131r? \u0130talya Vize \u00dccreti Ne Kadard\u0131r? Bilgi \u0130\u00e7in Aray\u0131n: 0850 346 84 93\",\"breadcrumb\":{\"@id\":\"https:\/\/www.myvize.com.tr\/italya\/subelerimiz\/diyarbakir\/#breadcrumb\"},\"inLanguage\":\"tr\",\"potentialAction\":[{\"@type\":\"ReadAction\",\"target\":[\"https:\/\/www.myvize.com.tr\/italya\/subelerimiz\/diyarbakir\/\"]}]},{\"@type\":\"ImageObject\",\"inLanguage\":\"tr\",\"@id\":\"https:\/\/www.myvize.com.tr\/italya\/subelerimiz\/diyarbakir\/#primaryimage\",\"url\":\"https:\/\/www.myvize.com.tr\/italya\/wp-content\/uploads\/2021\/09\/8-11.jpg\",\"contentUrl\":\"https:\/\/www.myvize.com.tr\/italya\/wp-content\/uploads\/2021\/09\/8-11.jpg\",\"width\":800,\"height\":500,\"caption\":\"\u0130talya \u015eubelerimiz Diyarbak\u0131r\"},{\"@type\":\"BreadcrumbList\",\"@id\":\"https:\/\/www.myvize.com.tr\/italya\/subelerimiz\/diyarbakir\/#breadcrumb\",\"itemListElement\":[{\"@type\":\"ListItem\",\"position\":1,\"name\":\"Anasayfa\",\"item\":\"https:\/\/www.myvize.com.tr\/italya\/\"},{\"@type\":\"ListItem\",\"position\":2,\"name\":\"\u015eUBELER\u0130M\u0130Z\",\"item\":\"https:\/\/www.myvize.com.tr\/italya\/subelerimiz\/\"},{\"@type\":\"ListItem\",\"position\":3,\"name\":\"Diyarbak\u0131r\"}]},{\"@type\":\"WebSite\",\"@id\":\"https:\/\/www.myvize.com.tr\/italya\/#website\",\"url\":\"https:\/\/www.myvize.com.tr\/italya\/\",\"name\":\"\u0130talya Vizesi\",\"description\":\"\",\"potentialAction\":[{\"@type\":\"SearchAction\",\"target\":{\"@type\":\"EntryPoint\",\"urlTemplate\":\"https:\/\/www.myvize.com.tr\/italya\/?s={search_term_string}\"},\"query-input\":{\"@type\":\"PropertyValueSpecification\",\"valueRequired\":true,\"valueName\":\"search_term_string\"}}],\"inLanguage\":\"tr\"}]}<\/script>\n<!-- \/ Yoast SEO plugin. -->","yoast_head_json":{"title":"\u0130talya Vizesi Diyarbak\u0131r Vize \u015eubesi - MyVize","description":"\u0130talya Vizesi Diyarbak\u0131r Vize Ba\u015fvuru Merkezi. \u0130talya Vizesi Nas\u0131l Al\u0131n\u0131r? \u0130talya Vize \u00dccreti Ne Kadard\u0131r? Bilgi \u0130\u00e7in Aray\u0131n: 0850 346 84 93","robots":{"index":"index","follow":"follow","max-snippet":"max-snippet:-1","max-image-preview":"max-image-preview:large","max-video-preview":"max-video-preview:-1"},"canonical":"https:\/\/www.myvize.com.tr\/italya\/subelerimiz\/diyarbakir\/","og_locale":"tr_TR","og_type":"article","og_title":"\u0130talya Vizesi Diyarbak\u0131r Vize \u015eubesi - MyVize","og_description":"\u0130talya Vizesi Diyarbak\u0131r Vize Ba\u015fvuru Merkezi. \u0130talya Vizesi Nas\u0131l Al\u0131n\u0131r? \u0130talya Vize \u00dccreti Ne Kadard\u0131r? Bilgi \u0130\u00e7in Aray\u0131n: 0850 346 84 93","og_url":"https:\/\/www.myvize.com.tr\/italya\/subelerimiz\/diyarbakir\/","og_site_name":"\u0130talya Vizesi","article_modified_time":"2022-04-20T09:16:54+00:00","og_image":[{"url":"https:\/\/www.myvize.com.tr\/italya\/wp-content\/uploads\/2021\/09\/8-11.jpg","type":"","width":"","height":""}],"twitter_card":"summary_large_image","twitter_misc":{"Tahmini okuma s\u00fcresi":"1 dakika"},"schema":{"@context":"https:\/\/schema.org","@graph":[{"@type":"WebPage","@id":"https:\/\/www.myvize.com.tr\/italya\/subelerimiz\/diyarbakir\/","url":"https:\/\/www.myvize.com.tr\/italya\/subelerimiz\/diyarbakir\/","name":"\u0130talya Vizesi Diyarbak\u0131r Vize \u015eubesi - MyVize","isPartOf":{"@id":"https:\/\/www.myvize.com.tr\/italya\/#website"},"primaryImageOfPage":{"@id":"https:\/\/www.myvize.com.tr\/italya\/subelerimiz\/diyarbakir\/#primaryimage"},"image":{"@id":"https:\/\/www.myvize.com.tr\/italya\/subelerimiz\/diyarbakir\/#primaryimage"},"thumbnailUrl":"https:\/\/www.myvize.com.tr\/italya\/wp-content\/uploads\/2021\/09\/8-11.jpg","datePublished":"2020-12-28T10:06:38+00:00","dateModified":"2022-04-20T09:16:54+00:00","description":"\u0130talya Vizesi Diyarbak\u0131r Vize Ba\u015fvuru Merkezi. \u0130talya Vizesi Nas\u0131l Al\u0131n\u0131r? \u0130talya Vize \u00dccreti Ne Kadard\u0131r? Bilgi \u0130\u00e7in Aray\u0131n: 0850 346 84 93","breadcrumb":{"@id":"https:\/\/www.myvize.com.tr\/italya\/subelerimiz\/diyarbakir\/#breadcrumb"},"inLanguage":"tr","potentialAction":[{"@type":"ReadAction","target":["https:\/\/www.myvize.com.tr\/italya\/subelerimiz\/diyarbakir\/"]}]},{"@type":"ImageObject","inLanguage":"tr","@id":"https:\/\/www.myvize.com.tr\/italya\/subelerimiz\/diyarbakir\/#primaryimage","url":"https:\/\/www.myvize.com.tr\/italya\/wp-content\/uploads\/2021\/09\/8-11.jpg","contentUrl":"https:\/\/www.myvize.com.tr\/italya\/wp-content\/uploads\/2021\/09\/8-11.jpg","width":800,"height":500,"caption":"\u0130talya \u015eubelerimiz Diyarbak\u0131r"},{"@type":"BreadcrumbList","@id":"https:\/\/www.myvize.com.tr\/italya\/subelerimiz\/diyarbakir\/#breadcrumb","itemListElement":[{"@type":"ListItem","position":1,"name":"Anasayfa","item":"https:\/\/www.myvize.com.tr\/italya\/"},{"@type":"ListItem","position":2,"name":"\u015eUBELER\u0130M\u0130Z","item":"https:\/\/www.myvize.com.tr\/italya\/subelerimiz\/"},{"@type":"ListItem","position":3,"name":"Diyarbak\u0131r"}]},{"@type":"WebSite","@id":"https:\/\/www.myvize.com.tr\/italya\/#website","url":"https:\/\/www.myvize.com.tr\/italya\/","name":"\u0130talya Vizesi","description":"","potentialAction":[{"@type":"SearchAction","target":{"@type":"EntryPoint","urlTemplate":"https:\/\/www.myvize.com.tr\/italya\/?s={search_term_string}"},"query-input":{"@type":"PropertyValueSpecification","valueRequired":true,"valueName":"search_term_string"}}],"inLanguage":"tr"}]}},"_links":{"self":[{"href":"https:\/\/www.myvize.com.tr\/italya\/wp-json\/wp\/v2\/pages\/235","targetHints":{"allow":["GET"]}}],"collection":[{"href":"https:\/\/www.myvize.com.tr\/italya\/wp-json\/wp\/v2\/pages"}],"about":[{"href":"https:\/\/www.myvize.com.tr\/italya\/wp-json\/wp\/v2\/types\/page"}],"author":[{"embeddable":true,"href":"https:\/\/www.myvize.com.tr\/italya\/wp-json\/wp\/v2\/users\/1"}],"replies":[{"embeddable":true,"href":"https:\/\/www.myvize.com.tr\/italya\/wp-json\/wp\/v2\/comments?post=235"}],"version-history":[{"count":6,"href":"https:\/\/www.myvize.com.tr\/italya\/wp-json\/wp\/v2\/pages\/235\/revisions"}],"predecessor-version":[{"id":1058,"href":"https:\/\/www.myvize.com.tr\/italya\/wp-json\/wp\/v2\/pages\/235\/revisions\/1058"}],"up":[{"embeddable":true,"href":"https:\/\/www.myvize.com.tr\/italya\/wp-json\/wp\/v2\/pages\/224"}],"wp:attachment":[{"href":"https:\/\/www.myvize.com.tr\/italya\/wp-json\/wp\/v2\/media?parent=235"}],"curies":[{"name":"wp","href":"https:\/\/api.w.org\/{rel}","templated":true}]}}