{"id":247,"date":"2020-12-28T13:08:25","date_gmt":"2020-12-28T10:08:25","guid":{"rendered":"https:\/\/www.myvize.com.tr\/italya\/?page_id=247"},"modified":"2022-10-03T15:38:10","modified_gmt":"2022-10-03T12:38:10","slug":"edirne","status":"publish","type":"page","link":"https:\/\/www.myvize.com.tr\/italya\/subelerimiz\/edirne\/","title":{"rendered":"Edirne"},"content":{"rendered":"<h2><span style=\"font-family: Roboto; font-size: 27px;\"><strong>Vize Ba\u015fvuru Merkezi Edirne<\/strong><\/span><\/h2>\n<p><span style=\"font-family: Roboto; font-size: 14px;\">Edirne Myvize, planlad\u0131\u011f\u0131n\u0131z yurt d\u0131\u015f\u0131 seyahatinizi ger\u00e7ekle\u015ftirmenin ilk ad\u0131m\u0131 vize ba\u015fvurusu konusunda size hizmet veren, ba\u015fvurunuzu ger\u00e7ekle\u015ftiren vize dan\u0131\u015fmanl\u0131k firmas\u0131d\u0131r. Tecr\u00fcbe ve alan\u0131nda uzman vize temsilcisiyle seyahat etmek istedi\u011finiz \u00fclke vize prosed\u00fcr\u00fc hakk\u0131nda kolayca bilgi alabilirsiniz.<\/span><br \/>\n<span style=\"font-family: Roboto; font-size: 14px;\">Vize ba\u015fvuru a\u015famas\u0131 s\u0131k\u0131c\u0131, karma\u015f\u0131k ve bir o kadar zor olmaktad\u0131r. Fakat sizin bu s\u0131k\u0131nt\u0131l\u0131 s\u00fcre\u00e7le u\u011fra\u015fman\u0131za gerek kalmadan gerekli prosed\u00fcr\u00fc sizin ad\u0131n\u0131za tamaml\u0131yoruz.<span style=\"color: #2acec2;\"><strong><a style=\"color: #2acec2;\" href=\"https:\/\/www.myvize.com.tr\/italya\/subelerimiz\/edirne\/\" target=\"_blank\" rel=\"noopener\"> Edirne<\/a><\/strong><\/span> ve \u00e7evre \u015fehirde ikamet ediyorsan\u0131z Edirne Myvize Ofisimizle ileti\u015fime ge\u00e7ebilirsiniz. Ba\u015fvuru hakk\u0131nda bilgi almak i\u00e7in dilerseniz ofisi ziyaret edebilir dilerseniz \u00e7a\u011fr\u0131 merkezimizden bizi arayarak telefondan online destekler alabilirsiniz.<\/span><\/p>\n<p><img decoding=\"async\" src=\"https:\/\/www.myvize.com.tr\/italya\/wp-content\/uploads\/2021\/09\/8-6.jpg\" \/><\/p>\n<p><span style=\"font-family: Roboto; font-size: 14px;\">Vize i\u015fleminin her \u00fclkeye g\u00f6re farkl\u0131 prosed\u00fcr\u00a0bulundu\u011funu\u00a0hat\u0131rlatal\u0131m. Ba\u015fvuru yapmay\u0131\u00a0istedi\u011finiz \u00fclkenin vize \u015fart\u0131 hakk\u0131nda detayl\u0131 bilgiler almak i\u00e7in bizimle ileti\u015fime ge\u00e7iniz. M\u00fc\u015fteri temsilcimiz destek almak istedi\u011finiz\u00a0konularda sizlere yard\u0131mc\u0131 olmaya \u00e7al\u0131\u015facaklard\u0131r. \u00dclkeye g\u00f6re dikkat edilmesi gerekli\u00a0\u00f6nemli noktalar vard\u0131r. Bize ula\u015ft\u0131\u011f\u0131n\u0131zda kolay\u00a0ba\u015fvuru s\u00fcreci ya\u015faman\u0131z i\u00e7in t\u00fcm detay\u0131 sizlerle payla\u015fmakta ve ba\u015fvuru dosyan\u0131z\u0131 haz\u0131rlamaktay\u0131z.<\/span><br \/>\n<span style=\"font-family: Roboto; font-size: 14px;\">Myvize ile \u0130talya vizesine Edirne\u2019den ba\u015fvurabilirsiniz. Edirne\u2019den ger\u00e7ekle\u015ftirmeyi istedi\u011finiz <strong>\u0130talya vizesine<\/strong> ba\u015fvurunuzu kolayca tamamlayabilmek ad\u0131na haz\u0131rlam\u0131\u015f oldu\u011fumuz web sitesinde ihtiyac\u0131n\u0131z olan bilgilere ula\u015fabileceksiniz.<\/span><br \/>\n<span style=\"font-family: Roboto; font-size: 14px;\">Edirne&#8217;den <strong>\u0130talya vize<\/strong> ba\u015fvurusu yap\u0131lmadan \u00f6nce <strong>Myvize Edirne \u015fubesi<\/strong> sayfam\u0131z\u0131 ziyaret etmeniz \u00f6neririz. Taraf\u0131m\u0131zca talep edilecek dan\u0131\u015fmanl\u0131k hizmeti sonucunda alaca\u011f\u0131n\u0131z profesyonel destekle birlikte vize s\u00fcresinde de herhangi problem ya\u015famadan ba\u015fvurunuzu tamamlayabilirsiniz. <strong>Myvize Edirne \u015fubesi<\/strong> olarak bu sayfada <strong>\u0130talya vizesi<\/strong> hakk\u0131nda gerekli belgelere ula\u015fabilir, ba\u015fvuru s\u00fcresinde neler yapman\u0131z gerekti\u011fine dair bilgiler edinebilirsiniz.<\/span><\/p>\n<h2><span style=\"font-family: Roboto; font-size: 27px;\"><strong>Edirne \u0130talya Vize Ba\u015fvurusu<\/strong><\/span><\/h2>\n<p><span style=\"font-family: Roboto; font-size: 14px;\">Edirne\u2019de ikamet ermekte olan ve \u0130talya\u2019ya seyahat edecek olan ki\u015filerin <span style=\"color: #2acec2;\"><strong><a style=\"color: #2acec2;\" href=\"https:\/\/www.myvize.com.tr\/italya\/vize-islemleri\/italya-vizesi\/\" target=\"_blank\" rel=\"noopener\">\u0130talya vizesi<\/a><\/strong><\/span> almas\u0131 gerekmektedir. \u0130talya bir Schengen \u00fclkesidir. Bundan dolay\u0131 \u0130talya\u2019ya seyahat edecek olan ve Edirne ve \u00e7evresinde ikamet eden ki\u015filer, k\u0131sa s\u00fcreli \u0130talya vizesi almas\u0131 gerekmektedir. Uzun s\u00fcreli olarak \u0130talya\u2019ya seyahat edecek olan ki\u015filer ise<strong> \u0130talya ulusal vizesi<\/strong> almal\u0131d\u0131r.<\/span><\/p>\n<p><span style=\"font-family: Roboto; font-size: 14px;\">Edirne ve \u00e7evresinde bulunan ki\u015filer k\u0131sa s\u00fcreli <strong>\u0130talya vize<\/strong> ba\u015fvurular\u0131n\u0131, <strong>\u0130talya Konsoloslu\u011fu<\/strong> taraf\u0131ndan Edirne\u2019de yetkilendirilmi\u015f vize ba\u015fvuru merkezlerine yapmal\u0131d\u0131r. <strong>\u0130talya Konsoloslu\u011fu<\/strong>, Edirne ve \u00e7evresinde vize ba\u015fvurular\u0131 i\u00e7in <strong>VFS Global<\/strong> ve<strong> iDATA<\/strong> isimli vize ba\u015fvuru merkezini yetkilendirmi\u015ftir. Edirne<span style=\"color: #2acec2;\"><strong><a style=\"color: #2acec2;\" href=\"https:\/\/www.myvize.com.tr\/italya\/vize-islemleri\/italya-vize-basvurusu\/\" target=\"_blank\" rel=\"noopener\"> \u0130talya Vize Ba\u015fvurusu <\/a><\/strong><\/span>yapacak olan ki\u015filerin Edirne \u0130talya vize ba\u015fvuru merkezinden randevu almas\u0131 gerekmektedir.<\/span><\/p>\n<p><span style=\"font-family: Roboto; font-size: 14px;\">Uzun s\u00fcreli olarak \u0130talya\u2019ya seyahat edecek olan ve Edirne \u00e7evresinde ikamet eden ki\u015filer ba\u015fvurular\u0131n\u0131 \u0130talya diplomatik temsilciliklerine\u00a0ba\u015fvuruda bulunmal\u0131d\u0131r. <strong>\u0130talya Ankara B\u00fcy\u00fckel\u00e7ili\u011fine<\/strong> ya da \u0130talya \u0130stanbul Ba\u015fkonsoloslu\u011fu&#8217;na\u00a0vize ba\u015fvurusu yapacak olan ve Edirne \u00e7evresinde ikamet eden ki\u015filer vize randevusu almal\u0131d\u0131r.<\/span><\/p>\n<p><span style=\"font-family: Roboto; font-size: 14px;\"><strong>Edirne \u0130talya vizesi<\/strong> alacak olan ki\u015filerin vize ba\u015fvuru i\u00e7in gerekli belgeleri haz\u0131rlay\u0131p vize ba\u015fvurusu yap\u0131lacak olan yere teslim etmesi gerekmektedir.<\/span><\/p>\n","protected":false},"excerpt":{"rendered":"<p>Vize Ba\u015fvuru Merkezi Edirne Edirne Myvize, planlad\u0131\u011f\u0131n\u0131z yurt d\u0131\u015f\u0131 seyahatinizi ger\u00e7ekle\u015ftirmenin ilk ad\u0131m\u0131 vize ba\u015fvurusu konusunda size hizmet veren, ba\u015fvurunuzu ger\u00e7ekle\u015ftiren vize dan\u0131\u015fmanl\u0131k firmas\u0131d\u0131r. Tecr\u00fcbe ve alan\u0131nda uzman vize temsilcisiyle seyahat etmek istedi\u011finiz \u00fclke vize prosed\u00fcr\u00fc hakk\u0131nda kolayca bilgi alabilirsiniz. Vize ba\u015fvuru a\u015famas\u0131 s\u0131k\u0131c\u0131, karma\u015f\u0131k ve bir o kadar zor olmaktad\u0131r. Fakat sizin bu s\u0131k\u0131nt\u0131l\u0131<\/p>\n","protected":false},"author":1,"featured_media":0,"parent":224,"menu_order":0,"comment_status":"open","ping_status":"closed","template":"","meta":{"footnotes":""},"class_list":["post-247","page","type-page","status-publish","hentry"],"yoast_head":"<!-- This site is optimized with the Yoast SEO plugin v24.0 - https:\/\/yoast.com\/wordpress\/plugins\/seo\/ -->\n<title>\u0130talya Edirne Vize Ba\u015fvuru \u015eubesi - MyVize<\/title>\n<meta name=\"description\" content=\"\u0130talya Vizesi Edirne Vize Ba\u015fvuru Merkezi. \u0130talya Vizesi Nas\u0131l Al\u0131n\u0131r? \u0130talya Vize Ba\u015fvurusu Nas\u0131l Yap\u0131l\u0131r? Bilgi \u0130\u00e7in Aray\u0131n: 0850 346 84 93\" \/>\n<meta name=\"robots\" content=\"index, follow, max-snippet:-1, max-image-preview:large, max-video-preview:-1\" \/>\n<link rel=\"canonical\" href=\"https:\/\/www.myvize.com.tr\/italya\/subelerimiz\/edirne\/\" \/>\n<meta property=\"og:locale\" content=\"tr_TR\" \/>\n<meta property=\"og:type\" content=\"article\" \/>\n<meta property=\"og:title\" content=\"\u0130talya Edirne Vize Ba\u015fvuru \u015eubesi - MyVize\" \/>\n<meta property=\"og:description\" content=\"\u0130talya Vizesi Edirne Vize Ba\u015fvuru Merkezi. \u0130talya Vizesi Nas\u0131l Al\u0131n\u0131r? \u0130talya Vize Ba\u015fvurusu Nas\u0131l Yap\u0131l\u0131r? Bilgi \u0130\u00e7in Aray\u0131n: 0850 346 84 93\" \/>\n<meta property=\"og:url\" content=\"https:\/\/www.myvize.com.tr\/italya\/subelerimiz\/edirne\/\" \/>\n<meta property=\"og:site_name\" content=\"\u0130talya Vizesi\" \/>\n<meta property=\"article:modified_time\" content=\"2022-10-03T12:38:10+00:00\" \/>\n<meta property=\"og:image\" content=\"https:\/\/www.myvize.com.tr\/italya\/wp-content\/uploads\/2021\/09\/8-6.jpg\" \/>\n<meta name=\"twitter:card\" content=\"summary_large_image\" \/>\n<meta name=\"twitter:label1\" content=\"Tahmini okuma s\u00fcresi\" \/>\n\t<meta name=\"twitter:data1\" content=\"2 dakika\" \/>\n<script type=\"application\/ld+json\" class=\"yoast-schema-graph\">{\"@context\":\"https:\/\/schema.org\",\"@graph\":[{\"@type\":\"WebPage\",\"@id\":\"https:\/\/www.myvize.com.tr\/italya\/subelerimiz\/edirne\/\",\"url\":\"https:\/\/www.myvize.com.tr\/italya\/subelerimiz\/edirne\/\",\"name\":\"\u0130talya Edirne Vize Ba\u015fvuru \u015eubesi - MyVize\",\"isPartOf\":{\"@id\":\"https:\/\/www.myvize.com.tr\/italya\/#website\"},\"primaryImageOfPage\":{\"@id\":\"https:\/\/www.myvize.com.tr\/italya\/subelerimiz\/edirne\/#primaryimage\"},\"image\":{\"@id\":\"https:\/\/www.myvize.com.tr\/italya\/subelerimiz\/edirne\/#primaryimage\"},\"thumbnailUrl\":\"https:\/\/www.myvize.com.tr\/italya\/wp-content\/uploads\/2021\/09\/8-6.jpg\",\"datePublished\":\"2020-12-28T10:08:25+00:00\",\"dateModified\":\"2022-10-03T12:38:10+00:00\",\"description\":\"\u0130talya Vizesi Edirne Vize Ba\u015fvuru Merkezi. \u0130talya Vizesi Nas\u0131l Al\u0131n\u0131r? \u0130talya Vize Ba\u015fvurusu Nas\u0131l Yap\u0131l\u0131r? Bilgi \u0130\u00e7in Aray\u0131n: 0850 346 84 93\",\"breadcrumb\":{\"@id\":\"https:\/\/www.myvize.com.tr\/italya\/subelerimiz\/edirne\/#breadcrumb\"},\"inLanguage\":\"tr\",\"potentialAction\":[{\"@type\":\"ReadAction\",\"target\":[\"https:\/\/www.myvize.com.tr\/italya\/subelerimiz\/edirne\/\"]}]},{\"@type\":\"ImageObject\",\"inLanguage\":\"tr\",\"@id\":\"https:\/\/www.myvize.com.tr\/italya\/subelerimiz\/edirne\/#primaryimage\",\"url\":\"https:\/\/www.myvize.com.tr\/italya\/wp-content\/uploads\/2021\/09\/8-6.jpg\",\"contentUrl\":\"https:\/\/www.myvize.com.tr\/italya\/wp-content\/uploads\/2021\/09\/8-6.jpg\",\"width\":800,\"height\":500,\"caption\":\"\u0130talya \u015eubelerimiz Edirne\"},{\"@type\":\"BreadcrumbList\",\"@id\":\"https:\/\/www.myvize.com.tr\/italya\/subelerimiz\/edirne\/#breadcrumb\",\"itemListElement\":[{\"@type\":\"ListItem\",\"position\":1,\"name\":\"Anasayfa\",\"item\":\"https:\/\/www.myvize.com.tr\/italya\/\"},{\"@type\":\"ListItem\",\"position\":2,\"name\":\"\u015eUBELER\u0130M\u0130Z\",\"item\":\"https:\/\/www.myvize.com.tr\/italya\/subelerimiz\/\"},{\"@type\":\"ListItem\",\"position\":3,\"name\":\"Edirne\"}]},{\"@type\":\"WebSite\",\"@id\":\"https:\/\/www.myvize.com.tr\/italya\/#website\",\"url\":\"https:\/\/www.myvize.com.tr\/italya\/\",\"name\":\"\u0130talya Vizesi\",\"description\":\"\",\"potentialAction\":[{\"@type\":\"SearchAction\",\"target\":{\"@type\":\"EntryPoint\",\"urlTemplate\":\"https:\/\/www.myvize.com.tr\/italya\/?s={search_term_string}\"},\"query-input\":{\"@type\":\"PropertyValueSpecification\",\"valueRequired\":true,\"valueName\":\"search_term_string\"}}],\"inLanguage\":\"tr\"}]}<\/script>\n<!-- \/ Yoast SEO plugin. -->","yoast_head_json":{"title":"\u0130talya Edirne Vize Ba\u015fvuru \u015eubesi - MyVize","description":"\u0130talya Vizesi Edirne Vize Ba\u015fvuru Merkezi. \u0130talya Vizesi Nas\u0131l Al\u0131n\u0131r? \u0130talya Vize Ba\u015fvurusu Nas\u0131l Yap\u0131l\u0131r? Bilgi \u0130\u00e7in Aray\u0131n: 0850 346 84 93","robots":{"index":"index","follow":"follow","max-snippet":"max-snippet:-1","max-image-preview":"max-image-preview:large","max-video-preview":"max-video-preview:-1"},"canonical":"https:\/\/www.myvize.com.tr\/italya\/subelerimiz\/edirne\/","og_locale":"tr_TR","og_type":"article","og_title":"\u0130talya Edirne Vize Ba\u015fvuru \u015eubesi - MyVize","og_description":"\u0130talya Vizesi Edirne Vize Ba\u015fvuru Merkezi. \u0130talya Vizesi Nas\u0131l Al\u0131n\u0131r? \u0130talya Vize Ba\u015fvurusu Nas\u0131l Yap\u0131l\u0131r? Bilgi \u0130\u00e7in Aray\u0131n: 0850 346 84 93","og_url":"https:\/\/www.myvize.com.tr\/italya\/subelerimiz\/edirne\/","og_site_name":"\u0130talya Vizesi","article_modified_time":"2022-10-03T12:38:10+00:00","og_image":[{"url":"https:\/\/www.myvize.com.tr\/italya\/wp-content\/uploads\/2021\/09\/8-6.jpg","type":"","width":"","height":""}],"twitter_card":"summary_large_image","twitter_misc":{"Tahmini okuma s\u00fcresi":"2 dakika"},"schema":{"@context":"https:\/\/schema.org","@graph":[{"@type":"WebPage","@id":"https:\/\/www.myvize.com.tr\/italya\/subelerimiz\/edirne\/","url":"https:\/\/www.myvize.com.tr\/italya\/subelerimiz\/edirne\/","name":"\u0130talya Edirne Vize Ba\u015fvuru \u015eubesi - MyVize","isPartOf":{"@id":"https:\/\/www.myvize.com.tr\/italya\/#website"},"primaryImageOfPage":{"@id":"https:\/\/www.myvize.com.tr\/italya\/subelerimiz\/edirne\/#primaryimage"},"image":{"@id":"https:\/\/www.myvize.com.tr\/italya\/subelerimiz\/edirne\/#primaryimage"},"thumbnailUrl":"https:\/\/www.myvize.com.tr\/italya\/wp-content\/uploads\/2021\/09\/8-6.jpg","datePublished":"2020-12-28T10:08:25+00:00","dateModified":"2022-10-03T12:38:10+00:00","description":"\u0130talya Vizesi Edirne Vize Ba\u015fvuru Merkezi. \u0130talya Vizesi Nas\u0131l Al\u0131n\u0131r? \u0130talya Vize Ba\u015fvurusu Nas\u0131l Yap\u0131l\u0131r? Bilgi \u0130\u00e7in Aray\u0131n: 0850 346 84 93","breadcrumb":{"@id":"https:\/\/www.myvize.com.tr\/italya\/subelerimiz\/edirne\/#breadcrumb"},"inLanguage":"tr","potentialAction":[{"@type":"ReadAction","target":["https:\/\/www.myvize.com.tr\/italya\/subelerimiz\/edirne\/"]}]},{"@type":"ImageObject","inLanguage":"tr","@id":"https:\/\/www.myvize.com.tr\/italya\/subelerimiz\/edirne\/#primaryimage","url":"https:\/\/www.myvize.com.tr\/italya\/wp-content\/uploads\/2021\/09\/8-6.jpg","contentUrl":"https:\/\/www.myvize.com.tr\/italya\/wp-content\/uploads\/2021\/09\/8-6.jpg","width":800,"height":500,"caption":"\u0130talya \u015eubelerimiz Edirne"},{"@type":"BreadcrumbList","@id":"https:\/\/www.myvize.com.tr\/italya\/subelerimiz\/edirne\/#breadcrumb","itemListElement":[{"@type":"ListItem","position":1,"name":"Anasayfa","item":"https:\/\/www.myvize.com.tr\/italya\/"},{"@type":"ListItem","position":2,"name":"\u015eUBELER\u0130M\u0130Z","item":"https:\/\/www.myvize.com.tr\/italya\/subelerimiz\/"},{"@type":"ListItem","position":3,"name":"Edirne"}]},{"@type":"WebSite","@id":"https:\/\/www.myvize.com.tr\/italya\/#website","url":"https:\/\/www.myvize.com.tr\/italya\/","name":"\u0130talya Vizesi","description":"","potentialAction":[{"@type":"SearchAction","target":{"@type":"EntryPoint","urlTemplate":"https:\/\/www.myvize.com.tr\/italya\/?s={search_term_string}"},"query-input":{"@type":"PropertyValueSpecification","valueRequired":true,"valueName":"search_term_string"}}],"inLanguage":"tr"}]}},"_links":{"self":[{"href":"https:\/\/www.myvize.com.tr\/italya\/wp-json\/wp\/v2\/pages\/247","targetHints":{"allow":["GET"]}}],"collection":[{"href":"https:\/\/www.myvize.com.tr\/italya\/wp-json\/wp\/v2\/pages"}],"about":[{"href":"https:\/\/www.myvize.com.tr\/italya\/wp-json\/wp\/v2\/types\/page"}],"author":[{"embeddable":true,"href":"https:\/\/www.myvize.com.tr\/italya\/wp-json\/wp\/v2\/users\/1"}],"replies":[{"embeddable":true,"href":"https:\/\/www.myvize.com.tr\/italya\/wp-json\/wp\/v2\/comments?post=247"}],"version-history":[{"count":5,"href":"https:\/\/www.myvize.com.tr\/italya\/wp-json\/wp\/v2\/pages\/247\/revisions"}],"predecessor-version":[{"id":1086,"href":"https:\/\/www.myvize.com.tr\/italya\/wp-json\/wp\/v2\/pages\/247\/revisions\/1086"}],"up":[{"embeddable":true,"href":"https:\/\/www.myvize.com.tr\/italya\/wp-json\/wp\/v2\/pages\/224"}],"wp:attachment":[{"href":"https:\/\/www.myvize.com.tr\/italya\/wp-json\/wp\/v2\/media?parent=247"}],"curies":[{"name":"wp","href":"https:\/\/api.w.org\/{rel}","templated":true}]}}