{"id":354,"date":"2021-07-07T18:36:05","date_gmt":"2021-07-07T15:36:05","guid":{"rendered":"https:\/\/www.myvize.com.tr\/italya\/?page_id=354"},"modified":"2022-10-14T13:05:45","modified_gmt":"2022-10-14T10:05:45","slug":"italya-vize-fotograf-olcusu","status":"publish","type":"page","link":"https:\/\/www.myvize.com.tr\/italya\/form-ve-dilekce\/italya-vize-fotograf-olcusu\/","title":{"rendered":"\u0130talya Vize Foto\u011fraf \u00d6l\u00e7\u00fcs\u00fc"},"content":{"rendered":"<p><span style=\"font-family: Roboto;\"><\/span><\/p>\r\n<p><span style=\"font-family: Roboto; font-size: 14px;\"><span style=\"color: #2acec2;\"><strong><a style=\"color: #2acec2;\" href=\"https:\/\/www.myvize.com.tr\/italya\/vize-islemleri\/\" target=\"_blank\" rel=\"noopener\">\u0130talya vize i\u015flemleri <\/a><\/strong><\/span>i\u00e7in kullan\u0131lan foto\u011fraf \u00f6l\u00e7\u00fcleri dikkat gerektiren detaylardan biridir. \u0130talya vize ba\u015fvurusunda kullan\u0131lmak \u00fczere \u00e7ekilen foto\u011fraf profili vize i\u015flemlerinde sizi fiziksel anlamda tan\u0131tan en \u00f6nemli belgedir. <span style=\"color: #2acec2;\"><strong><a style=\"color: #2acec2;\" href=\"https:\/\/www.myvize.com.tr\/italya\/vize-islemleri\/italya-vizesi\/\" target=\"_blank\" rel=\"noopener\">\u0130talya vizesi<\/a><\/strong><\/span> i\u00e7in belirlenen resim \u00f6l\u00e7\u00fcleri do\u011fru olarak yap\u0131lmas\u0131 zorunludur. E\u011fer verilen \u00f6l\u00e7\u00fclerin d\u0131\u015f\u0131nda bir boyut olursa bu vize yetkilileri taraf\u0131ndan onaylanmayacakt\u0131r. Bu y\u00fczden <strong>\u0130talya vizesi<\/strong> i\u00e7in \u00e7ektirilecek resim \u00e7ok \u00f6nem ta\u015f\u0131r. Arka fonun beyaz kullan\u0131lmas\u0131 bir gelenek gibidir. \u0130talya\u2019ya vize \u00e7\u0131kartmak isteyen birinin vize foto\u011fraf \u00f6l\u00e7\u00fcleri 35\u00d745 olarak belirlenmi\u015ftir. Bu y\u00fczden bu \u00f6l\u00e7\u00fclerin d\u0131\u015f\u0131na \u00e7\u0131k\u0131lmas\u0131 s\u0131k\u0131nt\u0131 yaratacakt\u0131r.<\/span><\/p>\r\n<p><span style=\"font-family: Roboto; font-size: 14px;\">\r\n\r\n<\/span><\/p>\r\n<h2 class=\"wp-block-heading\"><span style=\"font-family: Roboto; font-size: 27px;\"><strong>\u0130talya Vize Foto\u011fraf Boyutlar\u0131<\/strong><\/span><\/h2>\r\n<p><span style=\"font-family: Roboto; font-size: 14px;\">\r\n\r\n<\/span><\/p>\r\n<p><span style=\"font-family: Roboto; font-size: 14px;\">\u0130talya\u2019ya vize almak isteyen herkes vize foto\u011fraflar\u0131 konusunda dikkat etmelidir.<strong> \u0130talya vize<\/strong> foto\u011fraflar\u0131n\u0131n usul\u00fcne uygun olabilmesi i\u00e7in belirtilen niteliklerde olmas\u0131 gerekir. Foto\u011fraf boyutlar\u0131 y\u00fcksekli\u011fi 45 mm geni\u015fli\u011fi ise 35 mm olacak bi\u00e7imde d\u00fczenlenmelidir. Belirtilen boyutlarda olmayan resimler <strong>\u0130talya<\/strong> <strong>vize i\u015flemleri<\/strong> i\u00e7in kabul g\u00f6rmesi m\u00fcmk\u00fcn olmamaktad\u0131r. Vize i\u015fleyi\u015finin do\u011fru y\u00fcr\u00fct\u00fclmesi a\u00e7\u0131s\u0131ndan kullan\u0131lan vize foto\u011fraf\u0131n\u0131zda y\u00fcz\u00fcn\u00fcz net bir \u015fekilde g\u00f6r\u00fcnmelidir. Ayr\u0131ca resim en az alt\u0131 ayl\u0131k halinizi yans\u0131tmal\u0131d\u0131r.<\/span><\/p>\r\n<p><span style=\"font-family: Roboto;\"><\/span><\/p>\r\n<p><img decoding=\"async\" src=\"https:\/\/www.myvize.com.tr\/italya\/wp-content\/uploads\/2021\/10\/52.jpg\" \/><\/p>\r\n<h2><span style=\"font-family: Roboto; font-size: 27px;\"><strong>\u0130talya Vize Foto\u011fraf \u00d6l\u00e7\u00fcs\u00fc Hakk\u0131nda<\/strong><\/span><\/h2>\r\n<p><span style=\"font-family: Roboto; font-size: 14px;\">Vize ba\u015fvurusunda bulunmak i\u00e7in belirli kurala uyulmas\u0131 gerekmektedir.<strong> \u0130talya vizesi<\/strong> ba\u015fvurusunda bulunacaklar foto\u011fraf \u00f6l\u00e7\u00fcs\u00fc konusunda dikkatli olmas\u0131 \u00f6nerilmektedir. Kural gere\u011fince uygun \u00f6l\u00e7\u00fc de olmayan foto\u011fraf ile ba\u015fvuru yapan ne yaz\u0131k ki ret durumu ile kar\u015f\u0131 kar\u015f\u0131 kal\u0131r. Foto\u011fraf \u00f6l\u00e7\u00fcs\u00fc sayesi de y\u00fcz daha detayl\u0131 olarak g\u00f6r\u00fcnt\u00fclenmekte. <strong>\u0130talya vize foto\u011fraf \u00f6l\u00e7\u00fc 35\u00d745<\/strong> mm olarak belirtilmi\u015ftir. Bu sebeple bu \u00f6l\u00e7\u00fcn\u00fcn d\u0131\u015fa \u00e7\u0131k\u0131lmas\u0131 b\u00fcy\u00fck s\u0131k\u0131nt\u0131 yaratmakta. Resmin farkl\u0131 \u00f6l\u00e7\u00fcde ba\u015fvurunun reddedilmesi ile sonu\u00e7lanacakd\u0131r. Bu da zaman kayb\u0131na yol a\u00e7maktad\u0131r.<\/span><br \/><span style=\"font-family: Roboto; font-size: 14px;\"><strong>\u0130talya vizesi<\/strong> almak isteyen her ko\u015fulu gerekti\u011fi gibi yerine getirme zorundad\u0131r. Resm\u00ee bir makam yap\u0131lan ba\u015fvuruda her detay \u00f6nem te\u015fkil etmekte. Bu y\u00fczden teslim edece\u011finiz foto\u011fraf titizlikle haz\u0131rlanmal\u0131d\u0131r. <strong>\u0130talya vize foto\u011fraf boyutu<\/strong> sa\u00e7\u0131n ba\u015flad\u0131\u011f\u0131 b\u00f6lgede ba\u015flay\u0131p, foto\u011fraf bitime kadar 34,5 mm olmal\u0131d\u0131r. Bu \u015fekil de y\u00fcz daha belirgin bir hal almakta. Resm\u00ee evraka koyulacak her foto\u011fraf\u0131n arka plan beyaz olarak belirlenmi\u015fdir. Ayr\u0131ca kullanaca\u011f\u0131 resmin 6 aydan fazla olmamas\u0131na dikkat edilmeleri gerekmektedir. En son ki haliniz en etkili foto\u011fraf\u0131 oldu\u011fu unutmamal\u0131s\u0131n\u0131z. Dikkat edilmesi gereken konu Kural gere\u011fince uygun \u00f6l\u00e7\u00fc de olmayan foto\u011fraf ile ba\u015fvuru yapan ne yaz\u0131k ki ret durumu ile kar\u015f\u0131 kar\u015f\u0131 kal\u0131r. Aksi durumda ba\u015fvurular\u0131n\u0131z olumsuz \u00f6nde sonu\u00e7lanmaktad\u0131r. Olumsuz sonu\u00e7lanan ba\u015fvuru nedeni olarak, ba\u015fvuruda kullan\u0131lan foto\u011fraf neden g\u00f6sterilmektedir. Bu hususa dikkat etmeniz tavsiye edilir.<\/span><\/p>","protected":false},"excerpt":{"rendered":"<p>\u0130talya vize i\u015flemleri i\u00e7in kullan\u0131lan foto\u011fraf \u00f6l\u00e7\u00fcleri dikkat gerektiren detaylardan biridir. \u0130talya vize ba\u015fvurusunda kullan\u0131lmak \u00fczere \u00e7ekilen foto\u011fraf profili vize i\u015flemlerinde sizi fiziksel anlamda tan\u0131tan en \u00f6nemli belgedir. \u0130talya vizesi i\u00e7in belirlenen resim \u00f6l\u00e7\u00fcleri do\u011fru olarak yap\u0131lmas\u0131 zorunludur. E\u011fer verilen \u00f6l\u00e7\u00fclerin d\u0131\u015f\u0131nda bir boyut olursa bu vize yetkilileri taraf\u0131ndan onaylanmayacakt\u0131r. Bu y\u00fczden \u0130talya vizesi i\u00e7in<\/p>\n","protected":false},"author":1,"featured_media":0,"parent":167,"menu_order":0,"comment_status":"open","ping_status":"closed","template":"","meta":{"footnotes":""},"class_list":["post-354","page","type-page","status-publish","hentry"],"yoast_head":"<!-- This site is optimized with the Yoast SEO plugin v24.0 - https:\/\/yoast.com\/wordpress\/plugins\/seo\/ -->\n<title>\u0130talya Vize Foto\u011fraf \u00d6l\u00e7\u00fcs\u00fc - \u0130talya Vizesi - MyVize<\/title>\n<meta name=\"description\" content=\"\u0130talya Vize Foto\u011fraf \u00d6l\u00e7\u00fcs\u00fc Nas\u0131l Olmal\u0131d\u0131r? \u0130talya Vize Foto\u011fraf \u00d6l\u00e7\u00fc \u00d6zellikleri Nelerdir?Bilgi \u0130\u00e7in Hemen Aray\u0131n: 0850 346 84 93\" \/>\n<meta name=\"robots\" content=\"index, follow, max-snippet:-1, max-image-preview:large, max-video-preview:-1\" \/>\n<link rel=\"canonical\" href=\"https:\/\/www.myvize.com.tr\/italya\/form-ve-dilekce\/italya-vize-fotograf-olcusu\/\" \/>\n<meta property=\"og:locale\" content=\"tr_TR\" \/>\n<meta property=\"og:type\" content=\"article\" \/>\n<meta property=\"og:title\" content=\"\u0130talya Vize Foto\u011fraf \u00d6l\u00e7\u00fcs\u00fc - \u0130talya Vizesi - MyVize\" \/>\n<meta property=\"og:description\" content=\"\u0130talya Vize Foto\u011fraf \u00d6l\u00e7\u00fcs\u00fc Nas\u0131l Olmal\u0131d\u0131r? \u0130talya Vize Foto\u011fraf \u00d6l\u00e7\u00fc \u00d6zellikleri Nelerdir?Bilgi \u0130\u00e7in Hemen Aray\u0131n: 0850 346 84 93\" \/>\n<meta property=\"og:url\" content=\"https:\/\/www.myvize.com.tr\/italya\/form-ve-dilekce\/italya-vize-fotograf-olcusu\/\" \/>\n<meta property=\"og:site_name\" content=\"\u0130talya Vizesi\" \/>\n<meta property=\"article:modified_time\" content=\"2022-10-14T10:05:45+00:00\" \/>\n<meta property=\"og:image\" content=\"https:\/\/www.myvize.com.tr\/italya\/wp-content\/uploads\/2021\/10\/52.jpg\" \/>\n<meta name=\"twitter:card\" content=\"summary_large_image\" \/>\n<meta name=\"twitter:label1\" content=\"Tahmini okuma s\u00fcresi\" \/>\n\t<meta name=\"twitter:data1\" content=\"2 dakika\" \/>\n<script type=\"application\/ld+json\" class=\"yoast-schema-graph\">{\"@context\":\"https:\/\/schema.org\",\"@graph\":[{\"@type\":\"WebPage\",\"@id\":\"https:\/\/www.myvize.com.tr\/italya\/form-ve-dilekce\/italya-vize-fotograf-olcusu\/\",\"url\":\"https:\/\/www.myvize.com.tr\/italya\/form-ve-dilekce\/italya-vize-fotograf-olcusu\/\",\"name\":\"\u0130talya Vize Foto\u011fraf \u00d6l\u00e7\u00fcs\u00fc - \u0130talya Vizesi - MyVize\",\"isPartOf\":{\"@id\":\"https:\/\/www.myvize.com.tr\/italya\/#website\"},\"primaryImageOfPage\":{\"@id\":\"https:\/\/www.myvize.com.tr\/italya\/form-ve-dilekce\/italya-vize-fotograf-olcusu\/#primaryimage\"},\"image\":{\"@id\":\"https:\/\/www.myvize.com.tr\/italya\/form-ve-dilekce\/italya-vize-fotograf-olcusu\/#primaryimage\"},\"thumbnailUrl\":\"https:\/\/www.myvize.com.tr\/italya\/wp-content\/uploads\/2021\/10\/52.jpg\",\"datePublished\":\"2021-07-07T15:36:05+00:00\",\"dateModified\":\"2022-10-14T10:05:45+00:00\",\"description\":\"\u0130talya Vize Foto\u011fraf \u00d6l\u00e7\u00fcs\u00fc Nas\u0131l Olmal\u0131d\u0131r? \u0130talya Vize Foto\u011fraf \u00d6l\u00e7\u00fc \u00d6zellikleri Nelerdir?Bilgi \u0130\u00e7in Hemen Aray\u0131n: 0850 346 84 93\",\"breadcrumb\":{\"@id\":\"https:\/\/www.myvize.com.tr\/italya\/form-ve-dilekce\/italya-vize-fotograf-olcusu\/#breadcrumb\"},\"inLanguage\":\"tr\",\"potentialAction\":[{\"@type\":\"ReadAction\",\"target\":[\"https:\/\/www.myvize.com.tr\/italya\/form-ve-dilekce\/italya-vize-fotograf-olcusu\/\"]}]},{\"@type\":\"ImageObject\",\"inLanguage\":\"tr\",\"@id\":\"https:\/\/www.myvize.com.tr\/italya\/form-ve-dilekce\/italya-vize-fotograf-olcusu\/#primaryimage\",\"url\":\"https:\/\/www.myvize.com.tr\/italya\/wp-content\/uploads\/2021\/10\/52.jpg\",\"contentUrl\":\"https:\/\/www.myvize.com.tr\/italya\/wp-content\/uploads\/2021\/10\/52.jpg\",\"width\":800,\"height\":500,\"caption\":\"\u0130talya Vize Foto\u011fraf \u00d6l\u00e7\u00fcs\u00fc\"},{\"@type\":\"BreadcrumbList\",\"@id\":\"https:\/\/www.myvize.com.tr\/italya\/form-ve-dilekce\/italya-vize-fotograf-olcusu\/#breadcrumb\",\"itemListElement\":[{\"@type\":\"ListItem\",\"position\":1,\"name\":\"Anasayfa\",\"item\":\"https:\/\/www.myvize.com.tr\/italya\/\"},{\"@type\":\"ListItem\",\"position\":2,\"name\":\"FORM VE D\u0130LEK\u00c7E\",\"item\":\"https:\/\/www.myvize.com.tr\/italya\/form-ve-dilekce\/\"},{\"@type\":\"ListItem\",\"position\":3,\"name\":\"\u0130talya Vize Foto\u011fraf \u00d6l\u00e7\u00fcs\u00fc\"}]},{\"@type\":\"WebSite\",\"@id\":\"https:\/\/www.myvize.com.tr\/italya\/#website\",\"url\":\"https:\/\/www.myvize.com.tr\/italya\/\",\"name\":\"\u0130talya Vizesi\",\"description\":\"\",\"potentialAction\":[{\"@type\":\"SearchAction\",\"target\":{\"@type\":\"EntryPoint\",\"urlTemplate\":\"https:\/\/www.myvize.com.tr\/italya\/?s={search_term_string}\"},\"query-input\":{\"@type\":\"PropertyValueSpecification\",\"valueRequired\":true,\"valueName\":\"search_term_string\"}}],\"inLanguage\":\"tr\"}]}<\/script>\n<!-- \/ Yoast SEO plugin. -->","yoast_head_json":{"title":"\u0130talya Vize Foto\u011fraf \u00d6l\u00e7\u00fcs\u00fc - \u0130talya Vizesi - MyVize","description":"\u0130talya Vize Foto\u011fraf \u00d6l\u00e7\u00fcs\u00fc Nas\u0131l Olmal\u0131d\u0131r? \u0130talya Vize Foto\u011fraf \u00d6l\u00e7\u00fc \u00d6zellikleri Nelerdir?Bilgi \u0130\u00e7in Hemen Aray\u0131n: 0850 346 84 93","robots":{"index":"index","follow":"follow","max-snippet":"max-snippet:-1","max-image-preview":"max-image-preview:large","max-video-preview":"max-video-preview:-1"},"canonical":"https:\/\/www.myvize.com.tr\/italya\/form-ve-dilekce\/italya-vize-fotograf-olcusu\/","og_locale":"tr_TR","og_type":"article","og_title":"\u0130talya Vize Foto\u011fraf \u00d6l\u00e7\u00fcs\u00fc - \u0130talya Vizesi - MyVize","og_description":"\u0130talya Vize Foto\u011fraf \u00d6l\u00e7\u00fcs\u00fc Nas\u0131l Olmal\u0131d\u0131r? \u0130talya Vize Foto\u011fraf \u00d6l\u00e7\u00fc \u00d6zellikleri Nelerdir?Bilgi \u0130\u00e7in Hemen Aray\u0131n: 0850 346 84 93","og_url":"https:\/\/www.myvize.com.tr\/italya\/form-ve-dilekce\/italya-vize-fotograf-olcusu\/","og_site_name":"\u0130talya Vizesi","article_modified_time":"2022-10-14T10:05:45+00:00","og_image":[{"url":"https:\/\/www.myvize.com.tr\/italya\/wp-content\/uploads\/2021\/10\/52.jpg","type":"","width":"","height":""}],"twitter_card":"summary_large_image","twitter_misc":{"Tahmini okuma s\u00fcresi":"2 dakika"},"schema":{"@context":"https:\/\/schema.org","@graph":[{"@type":"WebPage","@id":"https:\/\/www.myvize.com.tr\/italya\/form-ve-dilekce\/italya-vize-fotograf-olcusu\/","url":"https:\/\/www.myvize.com.tr\/italya\/form-ve-dilekce\/italya-vize-fotograf-olcusu\/","name":"\u0130talya Vize Foto\u011fraf \u00d6l\u00e7\u00fcs\u00fc - \u0130talya Vizesi - MyVize","isPartOf":{"@id":"https:\/\/www.myvize.com.tr\/italya\/#website"},"primaryImageOfPage":{"@id":"https:\/\/www.myvize.com.tr\/italya\/form-ve-dilekce\/italya-vize-fotograf-olcusu\/#primaryimage"},"image":{"@id":"https:\/\/www.myvize.com.tr\/italya\/form-ve-dilekce\/italya-vize-fotograf-olcusu\/#primaryimage"},"thumbnailUrl":"https:\/\/www.myvize.com.tr\/italya\/wp-content\/uploads\/2021\/10\/52.jpg","datePublished":"2021-07-07T15:36:05+00:00","dateModified":"2022-10-14T10:05:45+00:00","description":"\u0130talya Vize Foto\u011fraf \u00d6l\u00e7\u00fcs\u00fc Nas\u0131l Olmal\u0131d\u0131r? \u0130talya Vize Foto\u011fraf \u00d6l\u00e7\u00fc \u00d6zellikleri Nelerdir?Bilgi \u0130\u00e7in Hemen Aray\u0131n: 0850 346 84 93","breadcrumb":{"@id":"https:\/\/www.myvize.com.tr\/italya\/form-ve-dilekce\/italya-vize-fotograf-olcusu\/#breadcrumb"},"inLanguage":"tr","potentialAction":[{"@type":"ReadAction","target":["https:\/\/www.myvize.com.tr\/italya\/form-ve-dilekce\/italya-vize-fotograf-olcusu\/"]}]},{"@type":"ImageObject","inLanguage":"tr","@id":"https:\/\/www.myvize.com.tr\/italya\/form-ve-dilekce\/italya-vize-fotograf-olcusu\/#primaryimage","url":"https:\/\/www.myvize.com.tr\/italya\/wp-content\/uploads\/2021\/10\/52.jpg","contentUrl":"https:\/\/www.myvize.com.tr\/italya\/wp-content\/uploads\/2021\/10\/52.jpg","width":800,"height":500,"caption":"\u0130talya Vize Foto\u011fraf \u00d6l\u00e7\u00fcs\u00fc"},{"@type":"BreadcrumbList","@id":"https:\/\/www.myvize.com.tr\/italya\/form-ve-dilekce\/italya-vize-fotograf-olcusu\/#breadcrumb","itemListElement":[{"@type":"ListItem","position":1,"name":"Anasayfa","item":"https:\/\/www.myvize.com.tr\/italya\/"},{"@type":"ListItem","position":2,"name":"FORM VE D\u0130LEK\u00c7E","item":"https:\/\/www.myvize.com.tr\/italya\/form-ve-dilekce\/"},{"@type":"ListItem","position":3,"name":"\u0130talya Vize Foto\u011fraf \u00d6l\u00e7\u00fcs\u00fc"}]},{"@type":"WebSite","@id":"https:\/\/www.myvize.com.tr\/italya\/#website","url":"https:\/\/www.myvize.com.tr\/italya\/","name":"\u0130talya Vizesi","description":"","potentialAction":[{"@type":"SearchAction","target":{"@type":"EntryPoint","urlTemplate":"https:\/\/www.myvize.com.tr\/italya\/?s={search_term_string}"},"query-input":{"@type":"PropertyValueSpecification","valueRequired":true,"valueName":"search_term_string"}}],"inLanguage":"tr"}]}},"_links":{"self":[{"href":"https:\/\/www.myvize.com.tr\/italya\/wp-json\/wp\/v2\/pages\/354","targetHints":{"allow":["GET"]}}],"collection":[{"href":"https:\/\/www.myvize.com.tr\/italya\/wp-json\/wp\/v2\/pages"}],"about":[{"href":"https:\/\/www.myvize.com.tr\/italya\/wp-json\/wp\/v2\/types\/page"}],"author":[{"embeddable":true,"href":"https:\/\/www.myvize.com.tr\/italya\/wp-json\/wp\/v2\/users\/1"}],"replies":[{"embeddable":true,"href":"https:\/\/www.myvize.com.tr\/italya\/wp-json\/wp\/v2\/comments?post=354"}],"version-history":[{"count":5,"href":"https:\/\/www.myvize.com.tr\/italya\/wp-json\/wp\/v2\/pages\/354\/revisions"}],"predecessor-version":[{"id":1112,"href":"https:\/\/www.myvize.com.tr\/italya\/wp-json\/wp\/v2\/pages\/354\/revisions\/1112"}],"up":[{"embeddable":true,"href":"https:\/\/www.myvize.com.tr\/italya\/wp-json\/wp\/v2\/pages\/167"}],"wp:attachment":[{"href":"https:\/\/www.myvize.com.tr\/italya\/wp-json\/wp\/v2\/media?parent=354"}],"curies":[{"name":"wp","href":"https:\/\/api.w.org\/{rel}","templated":true}]}}