{"id":415,"date":"2021-08-18T14:02:18","date_gmt":"2021-08-18T11:02:18","guid":{"rendered":"https:\/\/www.myvize.com.tr\/italya\/?page_id=415"},"modified":"2022-10-07T12:13:47","modified_gmt":"2022-10-07T09:13:47","slug":"italya-ticari-vize-davet-mektubu","status":"publish","type":"page","link":"https:\/\/www.myvize.com.tr\/italya\/italya-ticari-vize-davet-mektubu\/","title":{"rendered":"\u0130talya Ticari Vize Davet Mektubu"},"content":{"rendered":"<p><span style=\"font-family: Roboto; font-size: 14px;\">Avrupa\u2019n\u0131n g\u00fcney b\u00f6lgesinde yer alan \u0130talya \u00fclkesi, <strong>Schengen Vizesi<\/strong> Antla\u015fmas\u0131na \u00fcye olan 26 \u00fclkeden birdir. Bu vize sayesinde 90 g\u00fcn s\u0131n\u0131r\u0131 ile konaklama ve seyahat iznine sahipsiniz. Bunun d\u0131\u015f\u0131ndaki vizeler i\u00e7in \u0130talya Konsoloslu\u011funa ba\u015fvurman\u0131z gerekmektedir. Ticari Vizeyi kendiniz hakk\u0131nda dilek\u00e7e yazarak alma ihtimaliniz vard\u0131r.\u00a0 <span style=\"color: #2acec2;\"><strong><a style=\"color: #2acec2;\" href=\"https:\/\/www.myvize.com.tr\/italya\/vize-islemleri\/italya-ticari-vize\/\" target=\"_blank\" rel=\"noopener\">\u0130talya Ticari vize<\/a><\/strong><\/span> konusunda kat\u0131 kurallar\u0131 olmayan \u0130talya \u00fclkesine dilek\u00e7e ya da davet mektubu yeterli kalacakt\u0131r. Dilek\u00e7e yazmak isteyen vatanda\u015flar ki\u015fisel bilgilerini eksiksiz yaz\u0131p, dilek\u00e7esinde neden bu vizeyi istedi\u011fini mesle\u011finden, i\u015finden detayl\u0131 bahsederek belirtmeli, hatta belgeler ile de desteklenmelidir.\u00a0<\/span><\/p>\n<p><strong><span style=\"font-family: Roboto; font-size: 14px;\">Davetiye mektubu \u00f6rne\u011fi nas\u0131l yaz\u0131l\u0131r:\u00a0<\/span><\/strong><\/p>\n<ul>\n<li><span style=\"font-family: Roboto; font-size: 14px;\">Mektubun ba\u015f\u0131na tarih atmal\u0131s\u0131n\u0131z\u00a0<\/span><\/li>\n<li><span style=\"font-family: Roboto; font-size: 14px;\">Ard\u0131ndan \u0130talya B\u00fcy\u00fckel\u00e7ili\u011fine, diye hitap ederek mektuba ba\u015flamal\u0131s\u0131n\u0131z.\u00a0<\/span><\/li>\n<li><span style=\"font-family: Roboto; font-size: 14px;\">Yunanistan\u2019a gidecek ki\u015finin ad\u0131 soyad\u0131 ve pasaport numaras\u0131 yaz\u0131l\u0131r. Sonra bir sonraki paragrafa \u0130talya\u2019ya gidecek ki\u015finin nerede ya\u015fad\u0131\u011f\u0131, ziyaret eden ki\u015fi ile aralar\u0131ndaki ili\u015fki belirtilir ve ard\u0131ndan\u00a0neden \u0130talya&#8217;ya\u00a0davet edildi\u011fine dair gerek\u00e7e yaz\u0131l\u0131r.\u00a0<\/span><\/li>\n<li><span style=\"font-family: Roboto; font-size: 14px;\">Mektubun bitiminde davet eden ki\u015fi ad\u0131n\u0131, do\u011fum tarihini, adresini, telefon numaras\u0131n\u0131 ve imzas\u0131n\u0131 b\u0131rakmal\u0131d\u0131r.\u00a0\u00a0<\/span><\/li>\n<\/ul>\n<p><span style=\"font-family: Roboto; font-size: 14px;\">\u00a0\u00a0 Mektup onay al\u0131rsa<strong> Konsolosluk<\/strong> taraf\u0131ndan ka\u015fe ve m\u00fch\u00fcrlenerek evraklar\u0131n\u0131z\u0131n aras\u0131na konulup dikkate al\u0131nacakt\u0131r.\u00a0<\/span><\/p>\n<p><img decoding=\"async\" src=\"https:\/\/www.myvize.com.tr\/italya\/wp-content\/uploads\/2021\/10\/49.jpg\" \/><\/p>\n<h2><span style=\"font-family: Roboto; font-size: 27px;\"><strong>\u0130talya Ticari Vize Davetiye Mektubu Hakk\u0131nda<\/strong><\/span><\/h2>\n<p><span style=\"font-family: Roboto; font-size: 14px;\">\u0130talya\u2019ya ticari ama\u00e7l\u0131 olarak seyahat edecek olan ki\u015filerin, \u0130talya\u2019da bulunan \u015firket ya da kurumdan davetiye almas\u0131 gerekmektedir. <strong>\u0130talya vize davetiye mektubu<\/strong> olmadan, \u0130talya ticari vize ba\u015fvurular\u0131 <strong>\u0130talya Konsoloslu\u011fu<\/strong> taraf\u0131ndan kabul edilmemektedir.<\/span><\/p>\n<p><span style=\"font-family: Roboto; font-size: 14px;\"><strong>\u0130talya ticari vize<\/strong> davetiye mektubu, \u0130talya\u2019da bulunan \u015firket ya da kuru taraf\u0131ndan \u015firketin antetli ka\u011f\u0131d\u0131na yaz\u0131lmal\u0131d\u0131r. Bu mektupta davetin amac\u0131, davet tarihleri, davet edilen ki\u015finin bilgileri, davet eden \u015firketin bilgileri yer almal\u0131d\u0131r. <strong>\u0130talya ticari vize davet mektubu<\/strong> \u0130talya resmi dili ile yaz\u0131lmas\u0131 gerekmektedir. \u00a0<\/span><\/p>\n<p><span style=\"font-family: Roboto; font-size: 14px;\">\u0130talya\u2019da bulunan \u015firket ya da kurum taraf\u0131ndan yaz\u0131lm\u0131\u015f olan <strong>\u0130talya ticari vize<\/strong> davetiye mektubu ile \u0130talya\u2019da bulunan \u015firket seyahat boyunca sorumlulu\u011fun kendisinde oldu\u011funu kabul etmi\u015f olur.<\/span><\/p>\n<p><span style=\"font-family: Roboto; font-size: 14px;\"><strong>\u0130talya ticari vize<\/strong> davetiye mektubu, vize alaca\u011f\u0131n\u0131z\u0131 garanti etmemektedir. Ancak \u0130talya ticari vize ba\u015fvurular\u0131n\u0131 g\u00fc\u00e7lendirmektedir.<\/span><\/p>\n<p><span style=\"font-family: Roboto; font-size: 14px;\"><strong>\u0130talya ticari vize<\/strong> davet mektubunda \u015fu \u015fekilde yaz\u0131lmal\u0131d\u0131r;<\/span><\/p>\n<ul>\n<li><span style=\"font-family: Roboto; font-size: 14px;\">Tarih ve yer; davetiye yazan ki\u015finin bulundu\u011fu \u015fehir ve yaz\u0131ld\u0131\u011f\u0131 tarih yer almal\u0131d\u0131r.<\/span><\/li>\n<li><span style=\"font-family: Roboto; font-size: 14px;\">\u0130talya Konsoloslu\u011fu\u2019na hitaben yaz\u0131lmal\u0131d\u0131r.<\/span><\/li>\n<li><span style=\"font-family: Roboto; font-size: 14px;\">Davet edilen ki\u015fi hakk\u0131nda detayl\u0131 bilgi<\/span><\/li>\n<li><span style=\"font-family: Roboto; font-size: 14px;\">Davet mektubunu destekleyen di\u011fer belgeler<\/span><\/li>\n<li><span style=\"font-family: Roboto; font-size: 14px;\"><span style=\"color: #2acec2;\"><strong><a style=\"color: #2acec2;\" href=\"https:\/\/www.myvize.com.tr\/italya\/vize-islemleri\/italya-vize-basvurusu\/\" target=\"_blank\" rel=\"noopener\">\u0130talya Vize ba\u015fvurusu<\/a><\/strong><\/span> yapan ki\u015finin dosya referans numaras\u0131<\/span><\/li>\n<\/ul>\n<h2><strong><span style=\"font-family: Roboto; font-size: 27px;\">\u0130talya Ticari Vize \u0130\u015flemleri<\/span><\/strong><\/h2>\n<p><span style=\"font-family: Roboto; font-size: 14px;\">\u0130talya&#8217;a ticaret ama\u00e7larla seyahat edecek ki\u015filerin \u00fclkelere yapaca\u011f\u0131 seyahate ili\u015fkin \u0130talya \u0130stanbul Ba\u015fkonsoloslu\u011funa hitaben \u0130talya ticari vizesi talep dilek\u00e7eleri yazmal\u0131d\u0131r. \u0130talya ticari vizesi talep dilek\u00e7esi yaz\u0131l\u0131rken dikkat edilmesi gereken husus a\u015fa\u011f\u0131da ki gibidir. \u00dclkeye yap\u0131lacak seyahatin amac\u0131 net olarak ifade edilmelidir. \u00d6rne\u011fin; ticari bir tura kat\u0131lacak ki\u015fi \u0130talya ticari vizesi talep dilek\u00e7esi de kat\u0131laca\u011f\u0131 i\u015ften bahsetmesi ve varsa i\u015f ile ilgili belgesini dosyas\u0131na eklemelidir.\u00a0 Seyahat tarihleri a\u00e7\u0131k\u00e7a yazmal\u0131d\u0131r. C ticaret vize ba\u015fvurusunda bulunacak ki\u015fileri <strong>\u0130talya ticari vizesi<\/strong> talep dilek\u00e7esinde \u00fclkeye giri\u015f yapaca\u011f\u0131 tarihleri, \u00fclkeden ayr\u0131laca\u011f\u0131 tarihi ve ayn\u0131 s\u00fcre\u00e7 i\u00e7erisinde ba\u015fka bir \u00fclkeye ge\u00e7i\u015f yapaca\u011f\u0131 bir seyahatler var ise bu seyahatin tarihlerini a\u00e7\u0131k\u00e7a yazmal\u0131d\u0131r. Seyahat masraflar\u0131n\u0131n nas\u0131l kar\u015f\u0131lanaca\u011f\u0131n\u0131 a\u00e7\u0131k\u00e7a ifade edilmelidir. \u0130talya ticari vize Talep Dilek\u00e7e yaz\u0131l\u0131rken ki\u015filerin seyahati s\u00fcresine olu\u015facak (konaklamak, transfer, hasta, kaza, vb.) masraflar\u0131n\u0131n nas\u0131l kar\u015f\u0131lanaca\u011f\u0131 net olarak ifade edilmelidir. \u0130talya Konsoloslu\u011funa ticari vizesi ba\u015fvurusunda sunulan belgeler ile \u0130talya ticari vize talep dilek\u00e7esine yer verilen ifadenin birbirini destekleyici olmas\u0131na dikkat edilmelidir.<\/span><\/p>\n<h2><strong><span style=\"font-family: Roboto; font-size: 27px;\">\u0130talya Ticari Vize Davetiye Mektubu \u00a0Nas\u0131l Yaz\u0131l\u0131r?<\/span><\/strong><\/h2>\n<p><span style=\"font-family: Roboto; font-size: 14px;\"><strong>\u0130talya\u00a0 vize<\/strong> ba\u015fvurusunda talep yaz\u0131n\u0131z olu\u015furken dilek\u00e7eleri sundu\u011funuz evrak ile uyumlu olmal\u0131d\u0131r. Vize talep dilek\u00e7esi yaz\u0131l\u0131rken dikkat edilmesi gereken: \u0130talya vizesi dilek\u00e7esi \u0130ngilizce olarak yaz\u0131labilmektedir. Dilek\u00e7elerin tarihi yaz\u0131lmal\u0131d\u0131r. \u0130talya&#8217;\u0131n hangi temsilciliklere ve hangi departmanlara hitap etti\u011finiz mutlaka belirtilmelidir. \u0130sim, soy isim ve pasaport numaralar\u0131 bulunmal\u0131d\u0131r. Seyahat tarihleriniz net olmal\u0131d\u0131r. Dilek\u00e7e de belirtti\u011finiz seyahat tarihleriniz ile ba\u015fvuru formu, otel, u\u00e7ak\u00a0 ve seyahat sa\u011fl\u0131k sigortas\u0131 kapsam\u0131 \u00fczerinde yaz\u0131l\u0131 seyahat tarihleri uyumlu olmal\u0131. Seyahat planlamas\u0131 ait ayr\u0131nt\u0131ya vermek gerekir. Bunlar ula\u015f\u0131m arac\u0131, konaklama bilgileri ve ziyaret ama\u00e7lar\u0131d\u0131r. Ge\u00e7mi\u015f seyahatlerden,\u00a0 ge\u00e7mi\u015f vize red durumundan bahsedilmesi olumludur. Vize talebi s\u00fcrelerine ba\u011fl\u0131 olarak tek, \u00e7ift veya da \u00e7ok giri\u015f se\u00e7ene\u011fi belirtmelisiniz.\u00a0 Meslek bilginiz yer almal\u0131d\u0131r. Banka geliri y\u00fcksek ya da anla\u015f\u0131lmaz durum telafi etmesi ad\u0131na yapt\u0131\u011f\u0131n\u0131z i\u015f hakk\u0131nda detay verilmelidir. \u0130talya&#8217;da masraf\u0131 kimin ve nas\u0131l kar\u015f\u0131layaca\u011f\u0131n\u0131 belirtilmelidir. Verilen vize s\u00fcresi s\u0131n\u0131rlar\u0131 i\u00e7inde ikamet etti\u011finiz \u00fclkeye geri d\u00f6nece\u011fi taahh\u00fct etmelisiniz.<\/span><\/p>\n<h2><strong><span style=\"font-family: Roboto; font-size: 27px;\">\u0130talya Ticari Vize Dilek\u00e7esinde Dikkat Edilmesi Gerekenler<\/span><\/strong><\/h2>\n<p><span style=\"font-family: Roboto; font-size: 14px;\"><strong>\u0130talya ticari vizesi \u00f6rne\u011fi<\/strong> ile <strong>\u0130talya\u2019a seyahat etmek<\/strong> isteye ki\u015filerin dikkat etmesi gereken durumlar \u015funlard\u0131r; \u0130talya konsoloslu\u011fu i\u015f \u00e7oklu\u011fu sebebiyle ba\u015fvurunuz ileri tarihlere randevu verebilir. Bu sebeple en az\u0131ndan seyahatiniz bir ay kala ba\u015fvuru yapman\u0131z i\u015finizi kolayla\u015ft\u0131racakt\u0131r. \u0130talya vize ba\u015fvuru i\u015flemleri s\u0131ras\u0131nda m\u00fclakat ve dijital parmak izi almaya \u00e7a\u011f\u0131rmaktad\u0131r. \u0130talya ticari vize \u00f6rne\u011fi haz\u0131rlan\u0131rken seyahat edecek ki\u015finin masraflar\u0131n\u0131n nas\u0131l kar\u015f\u0131lanaca\u011f\u0131na ait detayl\u0131 bilgilere dilek\u00e7ede yer verilmeli. Seyahat edecek ki\u015filerin seyahat ba\u015flang\u0131\u00e7 ile biti\u015f tarihlerine dilek\u00e7esinde yer vermelidir. Dilek\u00e7ede seyahatlere \u00e7\u0131kacak ki\u015finin firmadaki g\u00f6revi ve konumlar\u0131 a\u00e7\u0131k\u00e7a belirtmek gerekmektedir. Personeli seyahate g\u00f6nderecek firma antetli ka\u011f\u0131da<strong> \u0130talya ticari vizesi talep dilek\u00e7eleri<\/strong> yaz\u0131lmal\u0131d\u0131r, imzalanmal\u0131 ve ka\u015felenmelidir. \u0130talya ticari vize istek dilek\u00e7esinde seyahatlerin amac\u0131n\u0131 a\u00e7\u0131k\u00e7a yaz\u0131lmal\u0131d\u0131r. \u00d6rne\u011fin; \u015fah\u0131s firmas\u0131 i\u015f orta\u011f\u0131 ba\u015fka bir \u015firketle toplant\u0131 yapmak suretiyle gezi edecek ise <strong>\u0130talya\u2019da firma<\/strong> ile alakal\u0131 bilgilere yer verilmeli. Ki\u015fi i\u015f konferans\u0131na kat\u0131lacaksa <strong>\u0130talya ticari vize istek<\/strong> dilek\u00e7esine konu\u015fmas\u0131 ile alakal\u0131 malumat olmal\u0131d\u0131r.<\/span><\/p>\n","protected":false},"excerpt":{"rendered":"<p>Avrupa\u2019n\u0131n g\u00fcney b\u00f6lgesinde yer alan \u0130talya \u00fclkesi, Schengen Vizesi Antla\u015fmas\u0131na \u00fcye olan 26 \u00fclkeden birdir. Bu vize sayesinde 90 g\u00fcn s\u0131n\u0131r\u0131 ile konaklama ve seyahat iznine sahipsiniz. Bunun d\u0131\u015f\u0131ndaki vizeler i\u00e7in \u0130talya Konsoloslu\u011funa ba\u015fvurman\u0131z gerekmektedir. Ticari Vizeyi kendiniz hakk\u0131nda dilek\u00e7e yazarak alma ihtimaliniz vard\u0131r.\u00a0 \u0130talya Ticari vize konusunda kat\u0131 kurallar\u0131 olmayan \u0130talya \u00fclkesine dilek\u00e7e ya<\/p>\n","protected":false},"author":1,"featured_media":0,"parent":0,"menu_order":0,"comment_status":"open","ping_status":"closed","template":"","meta":{"footnotes":""},"class_list":["post-415","page","type-page","status-publish","hentry"],"yoast_head":"<!-- This site is optimized with the Yoast SEO plugin v24.0 - https:\/\/yoast.com\/wordpress\/plugins\/seo\/ -->\n<title>\u0130talya Ticari Vize Davet Mektubu - MyVize<\/title>\n<meta name=\"description\" content=\"\u0130talya Ticari Vize Davet Mektubu Nas\u0131l Yaz\u0131l\u0131r? \u0130talya Ticari Vize Davet Mektubu \u00d6rne\u011fi. Bilgi \u0130\u00e7in Vize Uzmanlar\u0131m\u0131z\u0131 Aray\u0131n: 0850 346 84 93\" \/>\n<meta name=\"robots\" content=\"index, follow, max-snippet:-1, max-image-preview:large, max-video-preview:-1\" \/>\n<link rel=\"canonical\" href=\"https:\/\/www.myvize.com.tr\/italya\/italya-ticari-vize-davet-mektubu\/\" \/>\n<meta property=\"og:locale\" content=\"tr_TR\" \/>\n<meta property=\"og:type\" content=\"article\" \/>\n<meta property=\"og:title\" content=\"\u0130talya Ticari Vize Davet Mektubu - MyVize\" \/>\n<meta property=\"og:description\" content=\"\u0130talya Ticari Vize Davet Mektubu Nas\u0131l Yaz\u0131l\u0131r? \u0130talya Ticari Vize Davet Mektubu \u00d6rne\u011fi. Bilgi \u0130\u00e7in Vize Uzmanlar\u0131m\u0131z\u0131 Aray\u0131n: 0850 346 84 93\" \/>\n<meta property=\"og:url\" content=\"https:\/\/www.myvize.com.tr\/italya\/italya-ticari-vize-davet-mektubu\/\" \/>\n<meta property=\"og:site_name\" content=\"\u0130talya Vizesi\" \/>\n<meta property=\"article:modified_time\" content=\"2022-10-07T09:13:47+00:00\" \/>\n<meta property=\"og:image\" content=\"https:\/\/www.myvize.com.tr\/italya\/wp-content\/uploads\/2021\/10\/49.jpg\" \/>\n<meta name=\"twitter:card\" content=\"summary_large_image\" \/>\n<meta name=\"twitter:label1\" content=\"Tahmini okuma s\u00fcresi\" \/>\n\t<meta name=\"twitter:data1\" content=\"4 dakika\" \/>\n<script type=\"application\/ld+json\" class=\"yoast-schema-graph\">{\"@context\":\"https:\/\/schema.org\",\"@graph\":[{\"@type\":\"WebPage\",\"@id\":\"https:\/\/www.myvize.com.tr\/italya\/italya-ticari-vize-davet-mektubu\/\",\"url\":\"https:\/\/www.myvize.com.tr\/italya\/italya-ticari-vize-davet-mektubu\/\",\"name\":\"\u0130talya Ticari Vize Davet Mektubu - MyVize\",\"isPartOf\":{\"@id\":\"https:\/\/www.myvize.com.tr\/italya\/#website\"},\"primaryImageOfPage\":{\"@id\":\"https:\/\/www.myvize.com.tr\/italya\/italya-ticari-vize-davet-mektubu\/#primaryimage\"},\"image\":{\"@id\":\"https:\/\/www.myvize.com.tr\/italya\/italya-ticari-vize-davet-mektubu\/#primaryimage\"},\"thumbnailUrl\":\"https:\/\/www.myvize.com.tr\/italya\/wp-content\/uploads\/2021\/10\/49.jpg\",\"datePublished\":\"2021-08-18T11:02:18+00:00\",\"dateModified\":\"2022-10-07T09:13:47+00:00\",\"description\":\"\u0130talya Ticari Vize Davet Mektubu Nas\u0131l Yaz\u0131l\u0131r? \u0130talya Ticari Vize Davet Mektubu \u00d6rne\u011fi. Bilgi \u0130\u00e7in Vize Uzmanlar\u0131m\u0131z\u0131 Aray\u0131n: 0850 346 84 93\",\"breadcrumb\":{\"@id\":\"https:\/\/www.myvize.com.tr\/italya\/italya-ticari-vize-davet-mektubu\/#breadcrumb\"},\"inLanguage\":\"tr\",\"potentialAction\":[{\"@type\":\"ReadAction\",\"target\":[\"https:\/\/www.myvize.com.tr\/italya\/italya-ticari-vize-davet-mektubu\/\"]}]},{\"@type\":\"ImageObject\",\"inLanguage\":\"tr\",\"@id\":\"https:\/\/www.myvize.com.tr\/italya\/italya-ticari-vize-davet-mektubu\/#primaryimage\",\"url\":\"https:\/\/www.myvize.com.tr\/italya\/wp-content\/uploads\/2021\/10\/49.jpg\",\"contentUrl\":\"https:\/\/www.myvize.com.tr\/italya\/wp-content\/uploads\/2021\/10\/49.jpg\",\"width\":800,\"height\":500,\"caption\":\"\u0130talya Ticari Vize Davet Mektubu\"},{\"@type\":\"BreadcrumbList\",\"@id\":\"https:\/\/www.myvize.com.tr\/italya\/italya-ticari-vize-davet-mektubu\/#breadcrumb\",\"itemListElement\":[{\"@type\":\"ListItem\",\"position\":1,\"name\":\"Anasayfa\",\"item\":\"https:\/\/www.myvize.com.tr\/italya\/\"},{\"@type\":\"ListItem\",\"position\":2,\"name\":\"\u0130talya Ticari Vize Davet Mektubu\"}]},{\"@type\":\"WebSite\",\"@id\":\"https:\/\/www.myvize.com.tr\/italya\/#website\",\"url\":\"https:\/\/www.myvize.com.tr\/italya\/\",\"name\":\"\u0130talya Vizesi\",\"description\":\"\",\"potentialAction\":[{\"@type\":\"SearchAction\",\"target\":{\"@type\":\"EntryPoint\",\"urlTemplate\":\"https:\/\/www.myvize.com.tr\/italya\/?s={search_term_string}\"},\"query-input\":{\"@type\":\"PropertyValueSpecification\",\"valueRequired\":true,\"valueName\":\"search_term_string\"}}],\"inLanguage\":\"tr\"}]}<\/script>\n<!-- \/ Yoast SEO plugin. -->","yoast_head_json":{"title":"\u0130talya Ticari Vize Davet Mektubu - MyVize","description":"\u0130talya Ticari Vize Davet Mektubu Nas\u0131l Yaz\u0131l\u0131r? \u0130talya Ticari Vize Davet Mektubu \u00d6rne\u011fi. Bilgi \u0130\u00e7in Vize Uzmanlar\u0131m\u0131z\u0131 Aray\u0131n: 0850 346 84 93","robots":{"index":"index","follow":"follow","max-snippet":"max-snippet:-1","max-image-preview":"max-image-preview:large","max-video-preview":"max-video-preview:-1"},"canonical":"https:\/\/www.myvize.com.tr\/italya\/italya-ticari-vize-davet-mektubu\/","og_locale":"tr_TR","og_type":"article","og_title":"\u0130talya Ticari Vize Davet Mektubu - MyVize","og_description":"\u0130talya Ticari Vize Davet Mektubu Nas\u0131l Yaz\u0131l\u0131r? \u0130talya Ticari Vize Davet Mektubu \u00d6rne\u011fi. Bilgi \u0130\u00e7in Vize Uzmanlar\u0131m\u0131z\u0131 Aray\u0131n: 0850 346 84 93","og_url":"https:\/\/www.myvize.com.tr\/italya\/italya-ticari-vize-davet-mektubu\/","og_site_name":"\u0130talya Vizesi","article_modified_time":"2022-10-07T09:13:47+00:00","og_image":[{"url":"https:\/\/www.myvize.com.tr\/italya\/wp-content\/uploads\/2021\/10\/49.jpg","type":"","width":"","height":""}],"twitter_card":"summary_large_image","twitter_misc":{"Tahmini okuma s\u00fcresi":"4 dakika"},"schema":{"@context":"https:\/\/schema.org","@graph":[{"@type":"WebPage","@id":"https:\/\/www.myvize.com.tr\/italya\/italya-ticari-vize-davet-mektubu\/","url":"https:\/\/www.myvize.com.tr\/italya\/italya-ticari-vize-davet-mektubu\/","name":"\u0130talya Ticari Vize Davet Mektubu - MyVize","isPartOf":{"@id":"https:\/\/www.myvize.com.tr\/italya\/#website"},"primaryImageOfPage":{"@id":"https:\/\/www.myvize.com.tr\/italya\/italya-ticari-vize-davet-mektubu\/#primaryimage"},"image":{"@id":"https:\/\/www.myvize.com.tr\/italya\/italya-ticari-vize-davet-mektubu\/#primaryimage"},"thumbnailUrl":"https:\/\/www.myvize.com.tr\/italya\/wp-content\/uploads\/2021\/10\/49.jpg","datePublished":"2021-08-18T11:02:18+00:00","dateModified":"2022-10-07T09:13:47+00:00","description":"\u0130talya Ticari Vize Davet Mektubu Nas\u0131l Yaz\u0131l\u0131r? \u0130talya Ticari Vize Davet Mektubu \u00d6rne\u011fi. Bilgi \u0130\u00e7in Vize Uzmanlar\u0131m\u0131z\u0131 Aray\u0131n: 0850 346 84 93","breadcrumb":{"@id":"https:\/\/www.myvize.com.tr\/italya\/italya-ticari-vize-davet-mektubu\/#breadcrumb"},"inLanguage":"tr","potentialAction":[{"@type":"ReadAction","target":["https:\/\/www.myvize.com.tr\/italya\/italya-ticari-vize-davet-mektubu\/"]}]},{"@type":"ImageObject","inLanguage":"tr","@id":"https:\/\/www.myvize.com.tr\/italya\/italya-ticari-vize-davet-mektubu\/#primaryimage","url":"https:\/\/www.myvize.com.tr\/italya\/wp-content\/uploads\/2021\/10\/49.jpg","contentUrl":"https:\/\/www.myvize.com.tr\/italya\/wp-content\/uploads\/2021\/10\/49.jpg","width":800,"height":500,"caption":"\u0130talya Ticari Vize Davet Mektubu"},{"@type":"BreadcrumbList","@id":"https:\/\/www.myvize.com.tr\/italya\/italya-ticari-vize-davet-mektubu\/#breadcrumb","itemListElement":[{"@type":"ListItem","position":1,"name":"Anasayfa","item":"https:\/\/www.myvize.com.tr\/italya\/"},{"@type":"ListItem","position":2,"name":"\u0130talya Ticari Vize Davet Mektubu"}]},{"@type":"WebSite","@id":"https:\/\/www.myvize.com.tr\/italya\/#website","url":"https:\/\/www.myvize.com.tr\/italya\/","name":"\u0130talya Vizesi","description":"","potentialAction":[{"@type":"SearchAction","target":{"@type":"EntryPoint","urlTemplate":"https:\/\/www.myvize.com.tr\/italya\/?s={search_term_string}"},"query-input":{"@type":"PropertyValueSpecification","valueRequired":true,"valueName":"search_term_string"}}],"inLanguage":"tr"}]}},"_links":{"self":[{"href":"https:\/\/www.myvize.com.tr\/italya\/wp-json\/wp\/v2\/pages\/415","targetHints":{"allow":["GET"]}}],"collection":[{"href":"https:\/\/www.myvize.com.tr\/italya\/wp-json\/wp\/v2\/pages"}],"about":[{"href":"https:\/\/www.myvize.com.tr\/italya\/wp-json\/wp\/v2\/types\/page"}],"author":[{"embeddable":true,"href":"https:\/\/www.myvize.com.tr\/italya\/wp-json\/wp\/v2\/users\/1"}],"replies":[{"embeddable":true,"href":"https:\/\/www.myvize.com.tr\/italya\/wp-json\/wp\/v2\/comments?post=415"}],"version-history":[{"count":6,"href":"https:\/\/www.myvize.com.tr\/italya\/wp-json\/wp\/v2\/pages\/415\/revisions"}],"predecessor-version":[{"id":1103,"href":"https:\/\/www.myvize.com.tr\/italya\/wp-json\/wp\/v2\/pages\/415\/revisions\/1103"}],"wp:attachment":[{"href":"https:\/\/www.myvize.com.tr\/italya\/wp-json\/wp\/v2\/media?parent=415"}],"curies":[{"name":"wp","href":"https:\/\/api.w.org\/{rel}","templated":true}]}}