{"id":45,"date":"2020-11-30T12:47:57","date_gmt":"2020-11-30T09:47:57","guid":{"rendered":"https:\/\/www.myvize.com.tr\/italya\/?page_id=45"},"modified":"2022-04-16T13:30:52","modified_gmt":"2022-04-16T10:30:52","slug":"italya-oturum-izni","status":"publish","type":"page","link":"https:\/\/www.myvize.com.tr\/italya\/vize-islemleri\/italya-oturum-izni\/","title":{"rendered":"\u0130talya Oturum \u0130zni"},"content":{"rendered":"<p><span style=\"font-family: Roboto; font-size: 14px;\">\u0130talya oturum izni (permesso di soggiorno) sadece \u0130talya&#8217;ya \u00f6zel bir vize ile girilerek al\u0131nabilir. Genel bir kural olarak, oturma izni alman\u0131n temeli D tipi vizedir. B\u00f6yle bir vizenin varl\u0131\u011f\u0131, oturma izni almay\u0131 garanti eder.<\/span><\/p>\n<p><span style=\"font-family: Roboto; font-size: 14px;\">D tipi vizeler, al\u0131nma gerek\u00e7elerine g\u00f6re, ikamet izni t\u00fcrleriyle \u00f6rt\u00fc\u015fen kategorilere ayr\u0131lmaktad\u0131r. Vize kategorisi \u201cAnnotazioni \/ A\u00e7\u0131klamalar\u201d alan\u0131nda belirtilir (burada \u201cTurismo\u201d, ola\u011fan \u0130talyan \u201cSchengen\u201d C tipi vizede belirtilir). Bir kategorideki vize, yaln\u0131zca ilgili t\u00fcrde oturma izni alma hakk\u0131 verir: \u00f6rne\u011fin, Lavoro autonomo (ba\u011f\u0131ms\u0131z \u00e7al\u0131\u015fma) kategorisine ait bir vizeye sahipseniz, yaln\u0131zca ayn\u0131 t\u00fcrden bir oturma izni alabilirsiniz.<\/span><\/p>\n<p><span style=\"font-family: Roboto; font-size: 14px;\">Bu nedenle, herhangi bir g\u00f6\u00e7menlik prosed\u00fcr\u00fcn\u00fcn ana g\u00f6revi, se\u00e7ilen oturma izni t\u00fcr\u00fcne kar\u015f\u0131l\u0131k gelen gerek\u00e7elerle D tipi vize almakt\u0131r.<\/span><\/p>\n<blockquote><p><span style=\"font-size: 14px;\"><strong><a href=\"https:\/\/www.myvize.com.tr\/italya\/vize-islemleri\/italya-vize-basvurusu\/\" target=\"_blank\" rel=\"noopener\"><span style=\"font-family: Roboto;\">\u0130talya Vize Ba\u015fvurusu<\/span><\/a><\/strong><\/span><\/p><\/blockquote>\n<p><span style=\"font-family: Roboto; font-size: 14px;\">Vize almak i\u00e7in daim\u00ee ikamet etti\u011finiz \u00fclkedeki \u0130talyan diplomatik misyonuyla (genellikle Ba\u015fkonsolosluk) ileti\u015fime ge\u00e7melisiniz. Konsoloslu\u011fa, vize almaya esas olan belgelerin eklendi\u011fi, doldurulmu\u015f ve imzalanm\u0131\u015f bir Ba\u015fvuru Formu sunulur. Her bir vize kategorisi i\u00e7in, \u0130talyan hukuku kendi vize alma gerek\u00e7elerini sa\u011flar.<\/span><\/p>\n<p><span style=\"font-family: Roboto; font-size: 14px;\">Daim\u00ee ikametg\u00e2h \u00fclkesi, vatanda\u015fl\u0131k \u00fclkesi ile ayn\u0131 olmayabilir. Bir T\u00fcrkiye Cumhuriyeti vatanda\u015f\u0131, ba\u015fka bir \u00fclkenin topraklar\u0131nda kal\u0131c\u0131 olarak ikamet ediyorsa (genellikle bu \u00fclkenin yetkilileri taraf\u0131ndan verilen oturma iznine dayanarak), \u0130talya vizesi almak i\u00e7in o \u00fclkedeki <strong><a href=\"https:\/\/www.myvize.com.tr\/italya\/konsolosluklar\/\" target=\"_blank\" rel=\"noopener\">\u0130talyan Konsoloslu\u011fu<\/a><\/strong>\u2019na ba\u015fvurabilir.<\/span><\/p>\n<h2><strong><span style=\"font-family: Roboto; font-size: 27px;\">\u0130talya&#8217;da oturma izni nas\u0131l al\u0131n\u0131r?<\/span><\/strong><\/h2>\n<p><span style=\"font-family: Roboto; font-size: 14px;\">\u0130talya oturum izni i\u00e7in D tipi vize almak, normal bir &#8220;Schengen&#8221; vizesinden \u00e7ok daha zordur. D tipi vizenin verilmesi, \u0130talya&#8217;n\u0131n t\u00fcm sosyal ve di\u011fer garantilerin sa\u011flanmas\u0131yla kendi topraklar\u0131nda daim\u00ee ikamet i\u00e7in yabanc\u0131 bir vatanda\u015f\u0131 kabul etmeye haz\u0131r oldu\u011fu anlam\u0131na gelir. Bu nedenle konsolosluklar bu t\u00fcr t\u00fcm talepleri dikkatlice de\u011ferlendirir, g\u00f6nderilen belgeleri inceler ve kontrol eder ve ancak ondan sonra bir karar verir. Konsoloslu\u011fun karar\u0131 her zaman olumlu olmaktan uzakt\u0131r, \u0130talyan mevzuat\u0131 bunun i\u00e7in yeterli gerek\u00e7e sa\u011flad\u0131\u011f\u0131ndan, \u00e7o\u011fu zaman vize reddedilir. En yayg\u0131n reddetme nedeni, sunulan belgelerin g\u00f6\u00e7menlik yasas\u0131n\u0131n gerekliliklerine uygun olmamas\u0131d\u0131r.<\/span><\/p>\n<p><span style=\"font-family: Roboto; font-size: 14px;\">\u0130talya&#8217;n\u0131n g\u00f6\u00e7menlik mevzuat\u0131n\u0131 dikkatlice incelerseniz ve buna tam olarak uygun bir belge paketi haz\u0131rlarsan\u0131z reddetmeyi \u00f6nleyebilirsiniz. G\u00f6\u00e7menlik prosed\u00fcr\u00fcn\u00fcn ba\u015far\u0131s\u0131 i\u00e7in en b\u00fcy\u00fck \u015fans, \u0130talyan g\u00f6\u00e7menlik hukuku alan\u0131nda uzmanla\u015fm\u0131\u015f profesyonel avukatlarla ileti\u015fime ge\u00e7ilerek verilir. Bu t\u00fcr hizmetler acentemiz taraf\u0131ndan sunulmaktad\u0131r.<\/span><\/p>\n<p><span style=\"font-size: 14px;\">\u0130talya&#8217;da \u00e7al\u0131\u015fmak ister misiniz?<\/span><\/p>\n<h2><span style=\"font-size: 27px;\"><strong><span style=\"font-family: Roboto;\">\u0130talya oturum izni ka\u00e7 g\u00fcnde \u00e7\u0131kar?<\/span><\/strong><\/span><\/h2>\n<p><span style=\"font-family: Roboto; font-size: 14px;\">Konsolosluk taraf\u0131ndan D tipi vize ba\u015fvurusu i\u00e7in yasal azami i\u015flem s\u00fcresi 120 g\u00fcnd\u00fcr. Uygulamada \u00e7o\u011fu durumda 10-20 g\u00fcn i\u00e7inde karar verilir. Uygulamam\u0131zda kaydedilen rekor k\u0131sa d\u00f6nem sadece 3 g\u00fcnd\u00fc.<\/span><\/p>\n<h2><strong><span style=\"font-family: Roboto; font-size: 27px;\">\u0130talya&#8217;da Oturma \u0130zni \u0130\u00e7in Gerekli Belgeler<\/span><\/strong><\/h2>\n<p><span style=\"font-family: Roboto; font-size: 14px;\">\u0130talya&#8217;da oturma izni almak isteyenler i\u00e7in, \u0130talyan yasalar\u0131n\u0131n \u00f6ng\u00f6rd\u00fc\u011f\u00fc belirli bir evrak dosyas\u0131 haz\u0131rlamalar\u0131 gerekmektedir:<\/span><\/p>\n<ul>\n<li><span style=\"font-family: Roboto; font-size: 14px;\">Uluslararas\u0131 pasaport ve t\u00fcm sayfalar\u0131n\u0131n kopyalar\u0131;<\/span><\/li>\n<li><span style=\"font-family: Roboto; font-size: 14px;\">D\u00f6rt foto\u011fraf;<\/span><\/li>\n<li><span style=\"font-family: Roboto; font-size: 14px;\">Adli sicil kayd\u0131: Hem yurt d\u0131\u015f\u0131na seyahat ederken hem de kendi \u00fclkenizde s\u0131k s\u0131k sab\u0131ka kayd\u0131n\u0131z\u0131 kan\u0131tlaman\u0131z gerekir. Yurt d\u0131\u015f\u0131 i\u00e7in sertifika d\u00fczenlerken, belgenin ge\u00e7erlilik s\u00fcresini dikkate almaya de\u011fer ve d\u00e2hil\u00ee kullan\u0131m sertifikas\u0131n\u0131n ge\u00e7erlilik s\u00fcresi sadece 30 g\u00fcnd\u00fcr.<\/span><\/li>\n<li><span style=\"font-family: Roboto; font-size: 14px;\">\u0130talya \u015fehirlerindeki postanelerden veya t\u00fct\u00fcnc\u00fclerden sat\u0131n al\u0131nabilen devlet vergisinin damgas\u0131;<\/span><\/li>\n<li><span style=\"font-family: Roboto; font-size: 14px;\">Varsa gayrimenkul\u00fcn m\u00fclkiyetini veya uzun s\u00fcreli gayrimenkul kiralamas\u0131n\u0131 onaylayan bir belge;<\/span><\/li>\n<li><span style=\"font-family: Roboto; font-size: 14px;\">Oturma izni almak i\u00e7in gerek\u00e7elerin varl\u0131\u011f\u0131n\u0131 do\u011frulayan belgeler (\u00f6rne\u011fin, e\u011fitim, aile birle\u015fimi veya bir i\u015fletmede \u00e7al\u0131\u015fma i\u00e7in).<\/span><\/li>\n<\/ul>\n<div id=\"attachment_582\" style=\"width: 810px\" class=\"wp-caption aligncenter\"><img loading=\"lazy\" decoding=\"async\" aria-describedby=\"caption-attachment-582\" class=\"size-full wp-image-582\" src=\"https:\/\/www.myvize.com.tr\/italya\/wp-content\/uploads\/2021\/10\/32.jpg\" alt=\"\u0130talya Oturum \u0130zni Nas\u0131l Al\u0131n\u0131r\" width=\"800\" height=\"500\" srcset=\"https:\/\/www.myvize.com.tr\/italya\/wp-content\/uploads\/2021\/10\/32.jpg 800w, https:\/\/www.myvize.com.tr\/italya\/wp-content\/uploads\/2021\/10\/32-300x188.jpg 300w, https:\/\/www.myvize.com.tr\/italya\/wp-content\/uploads\/2021\/10\/32-768x480.jpg 768w, https:\/\/www.myvize.com.tr\/italya\/wp-content\/uploads\/2021\/10\/32-280x175.jpg 280w\" sizes=\"auto, (max-width: 800px) 100vw, 800px\" \/><p id=\"caption-attachment-582\" class=\"wp-caption-text\"><span style=\"font-size: 14px;\">\u0130talya Oturum \u0130zni Nas\u0131l Al\u0131n\u0131r?<\/span><\/p><\/div>\n<h2><span style=\"font-size: 27px;\"><strong><span style=\"font-family: Roboto;\">\u0130talya Oturum \u0130zni Ba\u015fvurusu<\/span><\/strong><\/span><\/h2>\n<p><span style=\"font-family: Roboto; font-size: 14px;\">\u0130talya oturum izni i\u00e7in ba\u015fvuruda bulunmak gereken D tipi vize ulusald\u0131r ve &#8220;Schengen&#8221; de\u011fildir. 265\/2010 Say\u0131l\u0131 AB T\u00fcz\u00fc\u011f\u00fc&#8217;ne g\u00f6re, AB \u00fclkelerinden biri taraf\u0131ndan verilen ulusal uzun s\u00fcreli vize, y\u0131l\u0131n her yar\u0131s\u0131nda \u00fc\u00e7 ay boyunca di\u011fer AB \u00fclkelerinin topraklar\u0131nda kalma hakk\u0131 verir. Oturma izni (oturma izni). B\u00f6yle bir vizenin ge\u00e7erlili\u011fi genellikle bir y\u0131ld\u0131r, ancak yasa, bu vize ile \u0130talya&#8217;ya giri\u015fin, ba\u015flama tarihinden itibaren 180 g\u00fcn i\u00e7inde yap\u0131lmas\u0131n\u0131 \u015fart ko\u015fuyor.<\/span><\/p>\n<p><span style=\"font-family: Roboto; font-size: 14px;\">\u0130talya&#8217;ya girdikten sonraki 8 g\u00fcn i\u00e7inde, D tipi vize sahibi, ald\u0131ktan sonra Schengen b\u00f6lgesinde serbest\u00e7e dola\u015fman\u0131n m\u00fcmk\u00fcn oldu\u011fu oturma iznine (permesso di soggiorno) ba\u015fvurmak zorundad\u0131r. Oturma izninin al\u0131nmas\u0131yla birlikte vize kullan\u0131m\u0131 sona erer (ge\u00e7erlilik s\u00fcresi dolmam\u0131\u015f olsa bile), gelecekte \u0130talya&#8217;da ya\u015famak ve di\u011fer Schengen \u00fclkelerinde kalmak i\u00e7in yaln\u0131zca oturma izni esas al\u0131n\u0131r.<\/span><\/p>\n<blockquote><p><span style=\"font-size: 14px;\"><strong><a href=\"https:\/\/www.myvize.com.tr\/italya\/vize-islemleri\/italya-turistik-vize\/\" target=\"_blank\" rel=\"noopener\"><span style=\"font-family: Roboto;\">\u0130talya Turistik Vize<\/span><\/a><\/strong><\/span><\/p><\/blockquote>\n<p><span style=\"font-family: Roboto; font-size: 14px;\">Ayn\u0131 anda birden fazla aile \u00fcyesi i\u00e7in oturma izni ba\u015fvurusunda bulunulmas\u0131 durumunda, her biri i\u00e7in ayr\u0131 bir belge seti doldurulur ve sunulur. Bu, verileri bir (iste\u011fe ba\u011fl\u0131) veya her iki ebeveynin belgelerinde belirtilen ve daha sonra bir veya her iki ebeveynin oturma iznine d\u00e2 hil edilecek 14 ya\u015f\u0131ndan k\u00fc\u00e7\u00fck \u00e7ocuklar i\u00e7in ge\u00e7erli de\u011fildir.<\/span><\/p>\n<p><span style=\"font-family: Roboto; font-size: 14px;\">Belgeleri g\u00f6nderdikten hemen sonra, ba\u015fvuru sahibine, adres, parmak izleri i\u00e7in tarih ve saati, foto\u011fraflar\u0131 ve orijinal belgelerin sunumunu g\u00f6steren polis karakoluna (Questura) davetiyenin ekli \u00e7\u0131kt\u0131s\u0131n\u0131 i\u00e7eren bir makbuz (ricevuta) verilir. Tarih, belirli bir polis karakolunun i\u015f y\u00fck\u00fcne ba\u011fl\u0131 olarak, genellikle belgelerin g\u00f6nderildi\u011fi tarihten itibaren bir ay i\u00e7inde bilgisayar taraf\u0131ndan otomatik olarak atan\u0131r.<\/span><\/p>\n<h3><strong><span style=\"font-family: Roboto; font-size: 24px;\">\u0130talya Oturum \u0130zni \u00dccreti<\/span><\/strong><\/h3>\n<p><span style=\"font-family: Roboto; font-size: 14px;\">2021&#8217;de, bir \u0130talyan oturma izni verilmesine ili\u015fkin vergi:<\/span><\/p>\n<ul>\n<li><span style=\"font-family: Roboto; font-size: 14px;\">40 avro &#8211; 3 aydan bir y\u0131la kadar ge\u00e7erli oturma izninin maliyeti<\/span><\/li>\n<li><span style=\"font-family: Roboto; font-size: 14px;\">50 avro &#8211; bir ila iki y\u0131ll\u0131k bir s\u00fcre i\u00e7in oturma izninin maliyeti<\/span><\/li>\n<li><span style=\"font-family: Roboto; font-size: 14px;\">100 Euro &#8211; uzun s\u00fcreli ikamet edenler i\u00e7in AB oturma izni vermenin maliyeti<\/span><\/li>\n<\/ul>\n<p><span style=\"font-family: Roboto; font-size: 14px;\">Yukar\u0131da belirtilen sabit tutarlara ek olarak a\u015fa\u011f\u0131dakilerin de \u00f6deme i\u00e7in zorunlu oldu\u011funu hat\u0131rlat\u0131r\u0131z:<\/span><\/p>\n<ul>\n<li><span style=\"font-family: Roboto; font-size: 14px;\">Elektronik ortamda oturma izni verilmesi i\u00e7in 30,46 Euro (re\u015fit olmayanlar da d\u00e2hil olmak \u00fczere)<\/span><\/li>\n<li><span style=\"font-family: Roboto; font-size: 14px;\">\u0130talyan Postanesi taraf\u0131ndan sa\u011flanan hizmetler i\u00e7in 30,00 \u20ac<\/span><\/li>\n<li><span style=\"font-family: Roboto; font-size: 14px;\">16,00 \u20ac &#8211; damga vergisi.<\/span><\/li>\n<\/ul>\n<p><span style=\"font-family: Roboto; font-size: 14px;\">Bu nedenle, 2021&#8217;de bir \u0130talyan oturma izninin \u0130talyan oturma izni (yenileme, restorasyon, veri g\u00fcncelleme veya ilk d\u00fczenleme) alman\u0131n maliyeti:<\/span><\/p>\n<ul>\n<li><span style=\"font-family: Roboto; font-size: 14px;\">70,46 \u20ac &#8211; \u00fc\u00e7 aydan uzun ve bir y\u0131ldan az veya ona e\u015fit bir oturma izninin verilmesi ve uzat\u0131lmas\u0131 i\u00e7in;<\/span><\/li>\n<li><span style=\"font-family: Roboto; font-size: 14px;\">80,46 \u20ac &#8211; bir y\u0131ldan fazla ve iki y\u0131la e\u015fit veya daha az ge\u00e7erli bir oturma izninin verilmesi ve uzat\u0131lmas\u0131 i\u00e7in;<\/span><\/li>\n<li><span style=\"font-family: Roboto; font-size: 14px;\">130,46 \u20ac &#8211; uzun s\u00fcreli ikamet edenler i\u00e7in bir AB oturma izni verilmesi i\u00e7in (s\u00fcrekli oturma izni).<\/span><\/li>\n<\/ul>\n","protected":false},"excerpt":{"rendered":"<p>\u0130talya oturum izni (permesso di soggiorno) sadece \u0130talya&#8217;ya \u00f6zel bir vize ile girilerek al\u0131nabilir. Genel bir kural olarak, oturma izni alman\u0131n temeli D tipi vizedir. B\u00f6yle bir vizenin varl\u0131\u011f\u0131, oturma izni almay\u0131 garanti eder. D tipi vizeler, al\u0131nma gerek\u00e7elerine g\u00f6re, ikamet izni t\u00fcrleriyle \u00f6rt\u00fc\u015fen kategorilere ayr\u0131lmaktad\u0131r. Vize kategorisi \u201cAnnotazioni \/ A\u00e7\u0131klamalar\u201d alan\u0131nda belirtilir (burada \u201cTurismo\u201d,<\/p>\n","protected":false},"author":1,"featured_media":0,"parent":18,"menu_order":0,"comment_status":"open","ping_status":"closed","template":"","meta":{"footnotes":""},"class_list":["post-45","page","type-page","status-publish","hentry"],"yoast_head":"<!-- This site is optimized with the Yoast SEO plugin v24.0 - https:\/\/yoast.com\/wordpress\/plugins\/seo\/ -->\n<title>\u0130talya Oturum \u0130zni Nas\u0131l Al\u0131n\u0131r? - MyVize<\/title>\n<meta name=\"description\" content=\"\u0130talya Oturum \u0130zni Nas\u0131l Al\u0131n\u0131r? \u0130talya Oturum \u0130zni Ba\u015fvurusu Nas\u0131l Yap\u0131l\u0131r? \u00dccretler ve Bilgi \u0130\u00e7in Bizi Aray\u0131n: 0850 346 84 93\" \/>\n<meta name=\"robots\" content=\"index, follow, max-snippet:-1, max-image-preview:large, max-video-preview:-1\" \/>\n<link rel=\"canonical\" href=\"https:\/\/www.myvize.com.tr\/italya\/vize-islemleri\/italya-oturum-izni\/\" \/>\n<meta property=\"og:locale\" content=\"tr_TR\" \/>\n<meta property=\"og:type\" content=\"article\" \/>\n<meta property=\"og:title\" content=\"\u0130talya Oturum \u0130zni Nas\u0131l Al\u0131n\u0131r? - MyVize\" \/>\n<meta property=\"og:description\" content=\"\u0130talya Oturum \u0130zni Nas\u0131l Al\u0131n\u0131r? \u0130talya Oturum \u0130zni Ba\u015fvurusu Nas\u0131l Yap\u0131l\u0131r? \u00dccretler ve Bilgi \u0130\u00e7in Bizi Aray\u0131n: 0850 346 84 93\" \/>\n<meta property=\"og:url\" content=\"https:\/\/www.myvize.com.tr\/italya\/vize-islemleri\/italya-oturum-izni\/\" \/>\n<meta property=\"og:site_name\" content=\"\u0130talya Vizesi\" \/>\n<meta property=\"article:modified_time\" content=\"2022-04-16T10:30:52+00:00\" \/>\n<meta property=\"og:image\" content=\"https:\/\/www.myvize.com.tr\/italya\/wp-content\/uploads\/2021\/10\/32.jpg\" \/>\n<meta name=\"twitter:card\" content=\"summary_large_image\" \/>\n<meta name=\"twitter:label1\" content=\"Tahmini okuma s\u00fcresi\" \/>\n\t<meta name=\"twitter:data1\" content=\"5 dakika\" \/>\n<script type=\"application\/ld+json\" class=\"yoast-schema-graph\">{\"@context\":\"https:\/\/schema.org\",\"@graph\":[{\"@type\":\"WebPage\",\"@id\":\"https:\/\/www.myvize.com.tr\/italya\/vize-islemleri\/italya-oturum-izni\/\",\"url\":\"https:\/\/www.myvize.com.tr\/italya\/vize-islemleri\/italya-oturum-izni\/\",\"name\":\"\u0130talya Oturum \u0130zni Nas\u0131l Al\u0131n\u0131r? - MyVize\",\"isPartOf\":{\"@id\":\"https:\/\/www.myvize.com.tr\/italya\/#website\"},\"primaryImageOfPage\":{\"@id\":\"https:\/\/www.myvize.com.tr\/italya\/vize-islemleri\/italya-oturum-izni\/#primaryimage\"},\"image\":{\"@id\":\"https:\/\/www.myvize.com.tr\/italya\/vize-islemleri\/italya-oturum-izni\/#primaryimage\"},\"thumbnailUrl\":\"https:\/\/www.myvize.com.tr\/italya\/wp-content\/uploads\/2021\/10\/32.jpg\",\"datePublished\":\"2020-11-30T09:47:57+00:00\",\"dateModified\":\"2022-04-16T10:30:52+00:00\",\"description\":\"\u0130talya Oturum \u0130zni Nas\u0131l Al\u0131n\u0131r? \u0130talya Oturum \u0130zni Ba\u015fvurusu Nas\u0131l Yap\u0131l\u0131r? \u00dccretler ve Bilgi \u0130\u00e7in Bizi Aray\u0131n: 0850 346 84 93\",\"breadcrumb\":{\"@id\":\"https:\/\/www.myvize.com.tr\/italya\/vize-islemleri\/italya-oturum-izni\/#breadcrumb\"},\"inLanguage\":\"tr\",\"potentialAction\":[{\"@type\":\"ReadAction\",\"target\":[\"https:\/\/www.myvize.com.tr\/italya\/vize-islemleri\/italya-oturum-izni\/\"]}]},{\"@type\":\"ImageObject\",\"inLanguage\":\"tr\",\"@id\":\"https:\/\/www.myvize.com.tr\/italya\/vize-islemleri\/italya-oturum-izni\/#primaryimage\",\"url\":\"https:\/\/www.myvize.com.tr\/italya\/wp-content\/uploads\/2021\/10\/32.jpg\",\"contentUrl\":\"https:\/\/www.myvize.com.tr\/italya\/wp-content\/uploads\/2021\/10\/32.jpg\",\"width\":800,\"height\":500,\"caption\":\"\u0130talya Oturum \u0130zni Nas\u0131l Al\u0131n\u0131r?\"},{\"@type\":\"BreadcrumbList\",\"@id\":\"https:\/\/www.myvize.com.tr\/italya\/vize-islemleri\/italya-oturum-izni\/#breadcrumb\",\"itemListElement\":[{\"@type\":\"ListItem\",\"position\":1,\"name\":\"Anasayfa\",\"item\":\"https:\/\/www.myvize.com.tr\/italya\/\"},{\"@type\":\"ListItem\",\"position\":2,\"name\":\"V\u0130ZE \u0130\u015eLEMLER\u0130\",\"item\":\"https:\/\/www.myvize.com.tr\/italya\/vize-islemleri\/\"},{\"@type\":\"ListItem\",\"position\":3,\"name\":\"\u0130talya Oturum \u0130zni\"}]},{\"@type\":\"WebSite\",\"@id\":\"https:\/\/www.myvize.com.tr\/italya\/#website\",\"url\":\"https:\/\/www.myvize.com.tr\/italya\/\",\"name\":\"\u0130talya Vizesi\",\"description\":\"\",\"potentialAction\":[{\"@type\":\"SearchAction\",\"target\":{\"@type\":\"EntryPoint\",\"urlTemplate\":\"https:\/\/www.myvize.com.tr\/italya\/?s={search_term_string}\"},\"query-input\":{\"@type\":\"PropertyValueSpecification\",\"valueRequired\":true,\"valueName\":\"search_term_string\"}}],\"inLanguage\":\"tr\"}]}<\/script>\n<!-- \/ Yoast SEO plugin. -->","yoast_head_json":{"title":"\u0130talya Oturum \u0130zni Nas\u0131l Al\u0131n\u0131r? - MyVize","description":"\u0130talya Oturum \u0130zni Nas\u0131l Al\u0131n\u0131r? \u0130talya Oturum \u0130zni Ba\u015fvurusu Nas\u0131l Yap\u0131l\u0131r? \u00dccretler ve Bilgi \u0130\u00e7in Bizi Aray\u0131n: 0850 346 84 93","robots":{"index":"index","follow":"follow","max-snippet":"max-snippet:-1","max-image-preview":"max-image-preview:large","max-video-preview":"max-video-preview:-1"},"canonical":"https:\/\/www.myvize.com.tr\/italya\/vize-islemleri\/italya-oturum-izni\/","og_locale":"tr_TR","og_type":"article","og_title":"\u0130talya Oturum \u0130zni Nas\u0131l Al\u0131n\u0131r? - MyVize","og_description":"\u0130talya Oturum \u0130zni Nas\u0131l Al\u0131n\u0131r? \u0130talya Oturum \u0130zni Ba\u015fvurusu Nas\u0131l Yap\u0131l\u0131r? \u00dccretler ve Bilgi \u0130\u00e7in Bizi Aray\u0131n: 0850 346 84 93","og_url":"https:\/\/www.myvize.com.tr\/italya\/vize-islemleri\/italya-oturum-izni\/","og_site_name":"\u0130talya Vizesi","article_modified_time":"2022-04-16T10:30:52+00:00","og_image":[{"url":"https:\/\/www.myvize.com.tr\/italya\/wp-content\/uploads\/2021\/10\/32.jpg","type":"","width":"","height":""}],"twitter_card":"summary_large_image","twitter_misc":{"Tahmini okuma s\u00fcresi":"5 dakika"},"schema":{"@context":"https:\/\/schema.org","@graph":[{"@type":"WebPage","@id":"https:\/\/www.myvize.com.tr\/italya\/vize-islemleri\/italya-oturum-izni\/","url":"https:\/\/www.myvize.com.tr\/italya\/vize-islemleri\/italya-oturum-izni\/","name":"\u0130talya Oturum \u0130zni Nas\u0131l Al\u0131n\u0131r? - MyVize","isPartOf":{"@id":"https:\/\/www.myvize.com.tr\/italya\/#website"},"primaryImageOfPage":{"@id":"https:\/\/www.myvize.com.tr\/italya\/vize-islemleri\/italya-oturum-izni\/#primaryimage"},"image":{"@id":"https:\/\/www.myvize.com.tr\/italya\/vize-islemleri\/italya-oturum-izni\/#primaryimage"},"thumbnailUrl":"https:\/\/www.myvize.com.tr\/italya\/wp-content\/uploads\/2021\/10\/32.jpg","datePublished":"2020-11-30T09:47:57+00:00","dateModified":"2022-04-16T10:30:52+00:00","description":"\u0130talya Oturum \u0130zni Nas\u0131l Al\u0131n\u0131r? \u0130talya Oturum \u0130zni Ba\u015fvurusu Nas\u0131l Yap\u0131l\u0131r? \u00dccretler ve Bilgi \u0130\u00e7in Bizi Aray\u0131n: 0850 346 84 93","breadcrumb":{"@id":"https:\/\/www.myvize.com.tr\/italya\/vize-islemleri\/italya-oturum-izni\/#breadcrumb"},"inLanguage":"tr","potentialAction":[{"@type":"ReadAction","target":["https:\/\/www.myvize.com.tr\/italya\/vize-islemleri\/italya-oturum-izni\/"]}]},{"@type":"ImageObject","inLanguage":"tr","@id":"https:\/\/www.myvize.com.tr\/italya\/vize-islemleri\/italya-oturum-izni\/#primaryimage","url":"https:\/\/www.myvize.com.tr\/italya\/wp-content\/uploads\/2021\/10\/32.jpg","contentUrl":"https:\/\/www.myvize.com.tr\/italya\/wp-content\/uploads\/2021\/10\/32.jpg","width":800,"height":500,"caption":"\u0130talya Oturum \u0130zni Nas\u0131l Al\u0131n\u0131r?"},{"@type":"BreadcrumbList","@id":"https:\/\/www.myvize.com.tr\/italya\/vize-islemleri\/italya-oturum-izni\/#breadcrumb","itemListElement":[{"@type":"ListItem","position":1,"name":"Anasayfa","item":"https:\/\/www.myvize.com.tr\/italya\/"},{"@type":"ListItem","position":2,"name":"V\u0130ZE \u0130\u015eLEMLER\u0130","item":"https:\/\/www.myvize.com.tr\/italya\/vize-islemleri\/"},{"@type":"ListItem","position":3,"name":"\u0130talya Oturum \u0130zni"}]},{"@type":"WebSite","@id":"https:\/\/www.myvize.com.tr\/italya\/#website","url":"https:\/\/www.myvize.com.tr\/italya\/","name":"\u0130talya Vizesi","description":"","potentialAction":[{"@type":"SearchAction","target":{"@type":"EntryPoint","urlTemplate":"https:\/\/www.myvize.com.tr\/italya\/?s={search_term_string}"},"query-input":{"@type":"PropertyValueSpecification","valueRequired":true,"valueName":"search_term_string"}}],"inLanguage":"tr"}]}},"_links":{"self":[{"href":"https:\/\/www.myvize.com.tr\/italya\/wp-json\/wp\/v2\/pages\/45","targetHints":{"allow":["GET"]}}],"collection":[{"href":"https:\/\/www.myvize.com.tr\/italya\/wp-json\/wp\/v2\/pages"}],"about":[{"href":"https:\/\/www.myvize.com.tr\/italya\/wp-json\/wp\/v2\/types\/page"}],"author":[{"embeddable":true,"href":"https:\/\/www.myvize.com.tr\/italya\/wp-json\/wp\/v2\/users\/1"}],"replies":[{"embeddable":true,"href":"https:\/\/www.myvize.com.tr\/italya\/wp-json\/wp\/v2\/comments?post=45"}],"version-history":[{"count":6,"href":"https:\/\/www.myvize.com.tr\/italya\/wp-json\/wp\/v2\/pages\/45\/revisions"}],"predecessor-version":[{"id":1005,"href":"https:\/\/www.myvize.com.tr\/italya\/wp-json\/wp\/v2\/pages\/45\/revisions\/1005"}],"up":[{"embeddable":true,"href":"https:\/\/www.myvize.com.tr\/italya\/wp-json\/wp\/v2\/pages\/18"}],"wp:attachment":[{"href":"https:\/\/www.myvize.com.tr\/italya\/wp-json\/wp\/v2\/media?parent=45"}],"curies":[{"name":"wp","href":"https:\/\/api.w.org\/{rel}","templated":true}]}}