{"id":53,"date":"2020-11-30T12:50:00","date_gmt":"2020-11-30T09:50:00","guid":{"rendered":"https:\/\/www.myvize.com.tr\/italya\/?page_id=53"},"modified":"2022-10-13T16:00:06","modified_gmt":"2022-10-13T13:00:06","slug":"italya-universite-egitimi","status":"publish","type":"page","link":"https:\/\/www.myvize.com.tr\/italya\/vize-islemleri\/italya-universite-egitimi\/","title":{"rendered":"\u0130talya \u00dcniversite E\u011fitimi"},"content":{"rendered":"<h2><strong><span style=\"font-size: 27px; font-family: Roboto;\">\u0130talya \u00dcniversite E\u011fitimi Hakk\u0131nda<\/span><\/strong><\/h2>\n<p><span style=\"font-family: Roboto; font-size: 14px;\"><strong>\u0130talya,<\/strong> T\u00fcrk \u00f6\u011frenciye sundu\u011fu bir\u00e7ok f\u0131rsat ile son y\u0131lda e\u011fitim i\u00e7in se\u00e7ilen en pop\u00fcler \u00fclkeden biri olmu\u015ftur. \u0130talya&#8217;y\u0131 pop\u00fcler hale getirilen ba\u015fl\u0131ca sebep \u015f\u00f6yle s\u0131ralanabilir; \u0130talya, y\u00fcksek bir e\u011fitimi seviyesi ve e\u015fsiz bir k\u00fclt\u00fcr ortam sunmaktad\u0131r. Mimarl\u0131k, Tasar\u0131m, M\u00fchendis \u0130ktisat gibi bir\u00e7ok alanda d\u00fcnya \u00e7ap\u0131na \u00fcne sahiptir. \u00c7o\u011funlu\u011fu devlet \u00fcniversite olan 90 \u00fcniversite ile geni\u015f bir program7 yelpazesi sunmaktad\u0131r. A\u011f\u0131rl\u0131kl\u0131 olarak \u0130talyanca b\u00f6l\u00fcm sunulmas\u0131na kar\u015f\u0131n \u0130ngilizce olarak da \u00e7ok say\u0131larda lisans programlar\u0131 sunulmaktad\u0131r. E\u011fitim \u00fccreti di\u011fer \u00fclke ile kar\u015f\u0131la\u015ft\u0131r\u0131ld\u0131\u011f\u0131na olduk\u00e7a makul. \u00dcniversiteden \u00fcniversite ya da b\u00f6l\u00fcmden b\u00f6l\u00fcm de\u011fi\u015fiklik g\u00f6stermekle birlikte bir \u00f6\u011frenci y\u0131ll\u0131k e\u011fitim \u00fccret 1200 Euro ve 19000 Euro aras\u0131 de\u011fi\u015fmektedir. Yurt d\u0131\u015f\u0131 E\u011fitim Dan\u0131\u015fmanl\u0131\u011f\u0131 olarak \u0130talya&#8217;da ki bir\u00e7ok \u00fcniversitenin T\u00fcrkiye&#8217;de ki tek resm\u00ee kay\u0131t ofis olarak \u00f6\u011frenciye \u00fccretsiz dan\u0131\u015fmanl\u0131k hizmeti sunmaktad\u0131r. \u0130talyan \u00fcniversitesine giri\u015fte birka\u00e7 farkl\u0131 format s\u00f6z konusu. T\u0131p, Veterinerlik ve Mimarl\u0131k b\u00f6l\u00fcm\u00fc i\u00e7in \u00fcniversite genellikle <strong>\u0130talyan E\u011fitim Bakanl\u0131\u011f\u0131<\/strong> taraf\u0131nda merkezi olarak d\u00fczenlenen s\u0131nav vas\u0131tas\u0131 ile \u00f6\u011frenci kabul eder. M\u00fchendislik, Tasar\u0131m, Dizayn gibi b\u00f6l\u00fcm i\u00e7in ise \u00fcniversite genellikle kendi s\u0131nav\u0131n\u0131 d\u00fczenlemektedir. Bu alanlar d\u0131\u015f\u0131nda kalan bir\u00e7ok b\u00f6l\u00fcm ba\u015fvuru yapabilme i\u00e7in ise herhangi bir s\u0131nava girme gerek yoktur. \u00d6\u011frencinin ba\u015fvuru akademik ba\u015far\u0131s\u0131 g\u00f6re de\u011ferlendirilmekte. <strong>\u0130talya \u00dcniversite E\u011fitim Sistemi<\/strong> ve S\u00fcresi <strong>\u0130talya&#8217;da lisans e\u011fitim<\/strong> (Laurea Triennale) \u00fc\u00e7 y\u0131l, Master program\u0131 ise 1 y\u0131l ya da 2 y\u0131l s\u00fcrmekte.<\/span><\/p>\n<h2><strong><span style=\"font-family: Roboto; font-size: 27px;\">\u0130talya&#8217;da \u00dcniversite Okumak<\/span><\/strong><\/h2>\n<p><span style=\"font-family: Roboto; font-size: 14px;\"><strong>Yurt d\u0131\u015f\u0131 da \u00fcniversite okumak<\/strong> deyince akla ilk Avrupa \u00fclkesi gelse de farkl\u0131 \u00fclkelerde de \u00fcniversite okumak uygun bir tercih olabilir. Yurt d\u0131\u015f\u0131nda \u00fcniversite okumak isteyen i\u00e7in ise \u0130talya gerek k\u00fclt\u00fcr\u00fc gerek de e\u011fitim kalitesiyle \u00f6n plan \u00e7\u0131k\u0131yor. \u0130talya, i\u00e7inde \u00e7ok fazla din ve k\u00fclt\u00fcre ait insan bulunduran bir \u00fclkedir. \u0130talya&#8217;da her dine destek verilir. \u0130talya\u2019 n\u0131n ana dil \u0130talyanca ve \u0130ngilizcedir. Fakat \u00e7ok fazla k\u00fclt\u00fcr\u00fc i\u00e7 i\u00e7e ya\u015fad\u0131\u011f\u0131\u00a0 \u00fclke oldu\u011fu i\u00e7in bir \u00e7ok dil konu\u015fulur. Okulda ise \u0130talyanca yan\u0131nda \u0130ngilizce e\u011fitimler de olduk\u00e7a fazlad\u0131r. \u0130ngilizce e\u011fitimler veren \u00fcniversite kurumlar\u0131n\u0131 bulmakta zorlanmazs\u0131n\u0131z.\u00a0 \u0130talya \u00fcniversitesinde<strong> \u0130talyanca ve \u0130ngilizce<\/strong> yan\u0131nda \u0130ngilizce e\u011fitimde verilmektedir. \u0130talya&#8217;daki \u00fcniversitenin \u00f6\u011frenci kabul i\u00e7in farkl\u0131 prosed\u00fcrleri bulunmaktad\u0131r. Her kurumlar farkl\u0131 \u015fartlar ile \u00f6\u011frenci kabul etmektedir. \u0130talya&#8217;da \u00fcniversite okumay\u0131 isteyen ki\u015fi \u00f6ncelikle \u00fcniversite program\u0131n\u0131 belirlemelidir. E\u011fer \u0130ngilizce e\u011fitimleri veren bir \u00fcniversitelere girecekseniz \u0130ngilizce dil yeterlili\u011fi kan\u0131tlamas\u0131 gerekecektir. Bunun i\u00e7in bir dil s\u0131nav\u0131na girmeniz gerekmektedir.<\/span><\/p>\n<p><strong><span style=\"font-family: Roboto; font-size: 27px;\">\u0130talya \u00dcniversite E\u011fitimi Almak \u0130\u00e7in Nas\u0131l Bir Yer?<\/span><\/strong><\/p>\n<p><span style=\"font-family: Roboto; font-size: 14px;\"><strong>\u0130talya e\u011fitim<\/strong> a\u00e7\u0131s\u0131nda yurt d\u0131\u015f\u0131n\u0131n en geli\u015fmi\u015fidir. Yurt d\u0131\u015f\u0131nda \u00fcniversite okumak isteyenlerin say\u0131s\u0131 son y\u0131lda bir hayli artm\u0131\u015ft\u0131r. \u0130talya bir\u00e7ok k\u00fclt\u00fcr\u00fc bir arda bulundurulan \u00fclkelerden biridir. Bundan dolay\u0131 bir\u00e7ok dili konu\u015fmaktad\u0131r. \u0130talya&#8217;da \u00fcniversite e\u011fitim almak i\u00e7in \u0130talya \u00f6\u011frenci vizesi al\u0131nmal\u0131d\u0131r. \u00dcniversitelerden kabul almak tek ba\u015fa yeterli de\u011fildir. \u0130talya \u00f6\u011frenci vizesi i\u00e7in \u0130talya \u0130stanbul Ba\u015fkonsoloslu\u011funa ya da \u0130talya Ankara B\u00fcy\u00fckel\u00e7ili\u011fine ba\u015fvurmal\u0131s\u0131n\u0131z. Gerekli \u015fartlar\u0131 yerine getirdikten sonra <strong>\u0130talya \u00f6\u011frenci vizesi<\/strong> alabilirsiniz. <strong>\u0130talya Konsoloslu\u011fu<\/strong> \u00f6\u011frenci vizesi i\u00e7in \u0130talya&#8217;da ki \u00fcniversite taraf\u0131nda yaz\u0131lm\u0131\u015f kabul mektubu talep edilmektedir. Ayr\u0131ca vize ba\u015fvurular\u0131 s\u0131ras\u0131nda bir tak\u0131m belgeler istenmektedir. Bu belgelerden birisi de \u0130talya&#8217;da ki e\u011fitim programlar\u0131d\u0131r. Yani e\u011fitimler ne kadar s\u00fcrece\u011fi, hangi b\u00f6l\u00fcmleri okuyaca\u011f\u0131, okul har\u00e7 \u00fccreti gibi bilgilerin yer ald\u0131\u011f\u0131 belge gereklidir. \u0130talya&#8217;da bulunan baz\u0131 \u00fcniversitede \u0130talyanca ya da \u0130ngilizce yeterlilik isteyebilir. Bunun i\u00e7in ise dil s\u0131nav\u0131na girmeniz ve ge\u00e7erli not alman\u0131z gerekmektedir. \u0130talya&#8217;da bulunan \u00fcniversitenin istedi\u011fi baz\u0131 belge bulunmaktad\u0131r. Bunlar Lise diploma, transkript, \u00f6zge\u00e7mi\u015fi, referans mektuplar\u0131, sa\u011fl\u0131k belgeleri gibi belgedir. Ancak bunun i\u00e7in sadece \u00fcniversite taraf\u0131ndan kabul edilmesi yetmemektedir. \u0130talya Konsoloslu\u011funda \u00f6\u011frenci vizesi almal\u0131d\u0131r.<\/span><\/p>\n<p><strong><span style=\"font-family: Roboto; font-size: 24px;\">\u0130talya \u00dcniversite E\u011fitim Sistemi<\/span><\/strong><\/p>\n<p><span style=\"font-family: Roboto; font-size: 14px;\"><strong>\u0130talya&#8217;da \u00fcniversiteye ba\u015fvuru yapmak<\/strong> i\u00e7in t\u00fcm \u00fcniversiteye uygulad\u0131\u011f\u0131 bir prosed\u00fcr yoktur. Her kurum ile her program farkl\u0131 \u015fartlar\u00a0 kabul s\u00fcreci vard\u0131r. \u00d6ncelikle ki\u015fi kendi uygun \u00fcniversite program\u0131n\u0131 belirleyip o program kabul \u015fartlar\u0131na g\u00f6re ba\u015fvuru s\u00fcre\u00e7lerinizi ger\u00e7ekle\u015ftirmelisiniz. \u0130talya&#8217;da bir \u00e7ok dil ait \u00f6\u011fretim kurumu bulunur ancak \u0130ngilizce e\u011fitim veren kurumlarda olduk\u00e7a fazlad\u0131r. Uluslararas\u0131 \u00f6\u011frenciler genellikle \u0130ngilizce e\u011fitim program\u0131nda e\u011fitim g\u00f6rmeyi tercih eder.\u00a0E\u011fer orta \u00f6\u011fretim e\u011fitimleri \u0130ngilizce dilinden almad\u0131ysa \u0130talya da \u0130ngilizce e\u011fitim veren bir kurum ba\u015fvurdu\u011funa dil yeterlili\u011fi kan\u0131tlamak i\u00e7in bir dil s\u0131nav\u0131na girmesi gerekebilir. Bu s\u0131nav kuruma ait \u00f6zel bir s\u0131nav ya da m\u00fclakat \u015feklinde de olabilir. \u0130talya da her \u00fcniversite kabul ko\u015fulu farkl\u0131 ancak haz\u0131rlamak gereken belgeler genellikle ayn\u0131d\u0131r. Lise diplomas\u0131, transkripti, \u0130ngilizce dil yeterlilik belgesi, \u00f6zge\u00e7mi\u015f, referans mektubu ve sa\u011fl\u0131k raporunu haz\u0131rlamas\u0131 gereken belgelerden baz\u0131s\u0131d\u0131r. \u0130talya&#8217;da baz\u0131 okul \u0130talyanca yeterlilik de isteyebilir. Bunun i\u00e7inde uluslar aras\u0131 \u00f6\u011frencilerin \u0130talyanca dil kurslar\u0131\u00a0zorunlu k\u0131labilir. \u0130ngilizce yeterlilik\u00a0i\u00e7in ise okul\u00a0kendi s\u0131navlar\u0131 d\u0131\u015f\u0131nda bir s\u0131nav\u0131 sonucu da yeterlili\u011fi olabilir. Bu s\u0131navlardan almay\u0131 gereken min. puan okuldan okula farkl\u0131l\u0131klar g\u00f6sterebilir.<\/span><\/p>\n<p><strong><span style=\"font-family: Roboto; font-size: 16px;\"><span style=\"color: #2acec2;\"><a style=\"color: #2acec2;\" href=\"https:\/\/www.myvize.com.tr\/italya\/italya-erasmus-vizesi\/\" target=\"_blank\" rel=\"noopener\">\u0130talya Erasmus Vizesi<\/a><\/span> ile ilgili bilgi almak i\u00e7in aray\u0131n.<\/span><\/strong><\/p>\n<p><img decoding=\"async\" src=\"https:\/\/www.myvize.com.tr\/italya\/wp-content\/uploads\/2021\/10\/38.jpg\" \/><\/p>\n","protected":false},"excerpt":{"rendered":"<p>\u0130talya \u00dcniversite E\u011fitimi Hakk\u0131nda \u0130talya, T\u00fcrk \u00f6\u011frenciye sundu\u011fu bir\u00e7ok f\u0131rsat ile son y\u0131lda e\u011fitim i\u00e7in se\u00e7ilen en pop\u00fcler \u00fclkeden biri olmu\u015ftur. \u0130talya&#8217;y\u0131 pop\u00fcler hale getirilen ba\u015fl\u0131ca sebep \u015f\u00f6yle s\u0131ralanabilir; \u0130talya, y\u00fcksek bir e\u011fitimi seviyesi ve e\u015fsiz bir k\u00fclt\u00fcr ortam sunmaktad\u0131r. Mimarl\u0131k, Tasar\u0131m, M\u00fchendis \u0130ktisat gibi bir\u00e7ok alanda d\u00fcnya \u00e7ap\u0131na \u00fcne sahiptir. \u00c7o\u011funlu\u011fu devlet \u00fcniversite olan<\/p>\n","protected":false},"author":1,"featured_media":0,"parent":18,"menu_order":0,"comment_status":"open","ping_status":"closed","template":"","meta":{"footnotes":""},"class_list":["post-53","page","type-page","status-publish","hentry"],"yoast_head":"<!-- This site is optimized with the Yoast SEO plugin v24.0 - https:\/\/yoast.com\/wordpress\/plugins\/seo\/ -->\n<title>\u0130talya \u00dcniversite E\u011fitimi - \u0130talya Vize - MyVize<\/title>\n<meta name=\"description\" content=\"\u0130talya \u00dcniversite E\u011fitimi Vizesi Nas\u0131l Al\u0131n\u0131r? \u0130talya \u00dcniversite E\u011fitimi \u015eartlar\u0131 Neler? \u0130talya \u00dcniversite E\u011fitimi Ba\u015fvurusu Nas\u0131l Yap\u0131l\u0131r?\" \/>\n<meta name=\"robots\" content=\"index, follow, max-snippet:-1, max-image-preview:large, max-video-preview:-1\" \/>\n<link rel=\"canonical\" href=\"https:\/\/www.myvize.com.tr\/italya\/vize-islemleri\/italya-universite-egitimi\/\" \/>\n<meta property=\"og:locale\" content=\"tr_TR\" \/>\n<meta property=\"og:type\" content=\"article\" \/>\n<meta property=\"og:title\" content=\"\u0130talya \u00dcniversite E\u011fitimi - \u0130talya Vize - MyVize\" \/>\n<meta property=\"og:description\" content=\"\u0130talya \u00dcniversite E\u011fitimi Vizesi Nas\u0131l Al\u0131n\u0131r? \u0130talya \u00dcniversite E\u011fitimi \u015eartlar\u0131 Neler? \u0130talya \u00dcniversite E\u011fitimi Ba\u015fvurusu Nas\u0131l Yap\u0131l\u0131r?\" \/>\n<meta property=\"og:url\" content=\"https:\/\/www.myvize.com.tr\/italya\/vize-islemleri\/italya-universite-egitimi\/\" \/>\n<meta property=\"og:site_name\" content=\"\u0130talya Vizesi\" \/>\n<meta property=\"article:modified_time\" content=\"2022-10-13T13:00:06+00:00\" \/>\n<meta property=\"og:image\" content=\"https:\/\/www.myvize.com.tr\/italya\/wp-content\/uploads\/2021\/10\/38.jpg\" \/>\n<meta name=\"twitter:card\" content=\"summary_large_image\" \/>\n<meta name=\"twitter:label1\" content=\"Tahmini okuma s\u00fcresi\" \/>\n\t<meta name=\"twitter:data1\" content=\"4 dakika\" \/>\n<script type=\"application\/ld+json\" class=\"yoast-schema-graph\">{\"@context\":\"https:\/\/schema.org\",\"@graph\":[{\"@type\":\"WebPage\",\"@id\":\"https:\/\/www.myvize.com.tr\/italya\/vize-islemleri\/italya-universite-egitimi\/\",\"url\":\"https:\/\/www.myvize.com.tr\/italya\/vize-islemleri\/italya-universite-egitimi\/\",\"name\":\"\u0130talya \u00dcniversite E\u011fitimi - \u0130talya Vize - MyVize\",\"isPartOf\":{\"@id\":\"https:\/\/www.myvize.com.tr\/italya\/#website\"},\"primaryImageOfPage\":{\"@id\":\"https:\/\/www.myvize.com.tr\/italya\/vize-islemleri\/italya-universite-egitimi\/#primaryimage\"},\"image\":{\"@id\":\"https:\/\/www.myvize.com.tr\/italya\/vize-islemleri\/italya-universite-egitimi\/#primaryimage\"},\"thumbnailUrl\":\"https:\/\/www.myvize.com.tr\/italya\/wp-content\/uploads\/2021\/10\/38.jpg\",\"datePublished\":\"2020-11-30T09:50:00+00:00\",\"dateModified\":\"2022-10-13T13:00:06+00:00\",\"description\":\"\u0130talya \u00dcniversite E\u011fitimi Vizesi Nas\u0131l Al\u0131n\u0131r? \u0130talya \u00dcniversite E\u011fitimi \u015eartlar\u0131 Neler? \u0130talya \u00dcniversite E\u011fitimi Ba\u015fvurusu Nas\u0131l Yap\u0131l\u0131r?\",\"breadcrumb\":{\"@id\":\"https:\/\/www.myvize.com.tr\/italya\/vize-islemleri\/italya-universite-egitimi\/#breadcrumb\"},\"inLanguage\":\"tr\",\"potentialAction\":[{\"@type\":\"ReadAction\",\"target\":[\"https:\/\/www.myvize.com.tr\/italya\/vize-islemleri\/italya-universite-egitimi\/\"]}]},{\"@type\":\"ImageObject\",\"inLanguage\":\"tr\",\"@id\":\"https:\/\/www.myvize.com.tr\/italya\/vize-islemleri\/italya-universite-egitimi\/#primaryimage\",\"url\":\"https:\/\/www.myvize.com.tr\/italya\/wp-content\/uploads\/2021\/10\/38.jpg\",\"contentUrl\":\"https:\/\/www.myvize.com.tr\/italya\/wp-content\/uploads\/2021\/10\/38.jpg\",\"width\":800,\"height\":500,\"caption\":\"\u0130talya \u00dcniversite E\u011fitimi\"},{\"@type\":\"BreadcrumbList\",\"@id\":\"https:\/\/www.myvize.com.tr\/italya\/vize-islemleri\/italya-universite-egitimi\/#breadcrumb\",\"itemListElement\":[{\"@type\":\"ListItem\",\"position\":1,\"name\":\"Anasayfa\",\"item\":\"https:\/\/www.myvize.com.tr\/italya\/\"},{\"@type\":\"ListItem\",\"position\":2,\"name\":\"V\u0130ZE \u0130\u015eLEMLER\u0130\",\"item\":\"https:\/\/www.myvize.com.tr\/italya\/vize-islemleri\/\"},{\"@type\":\"ListItem\",\"position\":3,\"name\":\"\u0130talya \u00dcniversite E\u011fitimi\"}]},{\"@type\":\"WebSite\",\"@id\":\"https:\/\/www.myvize.com.tr\/italya\/#website\",\"url\":\"https:\/\/www.myvize.com.tr\/italya\/\",\"name\":\"\u0130talya Vizesi\",\"description\":\"\",\"potentialAction\":[{\"@type\":\"SearchAction\",\"target\":{\"@type\":\"EntryPoint\",\"urlTemplate\":\"https:\/\/www.myvize.com.tr\/italya\/?s={search_term_string}\"},\"query-input\":{\"@type\":\"PropertyValueSpecification\",\"valueRequired\":true,\"valueName\":\"search_term_string\"}}],\"inLanguage\":\"tr\"}]}<\/script>\n<!-- \/ Yoast SEO plugin. -->","yoast_head_json":{"title":"\u0130talya \u00dcniversite E\u011fitimi - \u0130talya Vize - MyVize","description":"\u0130talya \u00dcniversite E\u011fitimi Vizesi Nas\u0131l Al\u0131n\u0131r? \u0130talya \u00dcniversite E\u011fitimi \u015eartlar\u0131 Neler? \u0130talya \u00dcniversite E\u011fitimi Ba\u015fvurusu Nas\u0131l Yap\u0131l\u0131r?","robots":{"index":"index","follow":"follow","max-snippet":"max-snippet:-1","max-image-preview":"max-image-preview:large","max-video-preview":"max-video-preview:-1"},"canonical":"https:\/\/www.myvize.com.tr\/italya\/vize-islemleri\/italya-universite-egitimi\/","og_locale":"tr_TR","og_type":"article","og_title":"\u0130talya \u00dcniversite E\u011fitimi - \u0130talya Vize - MyVize","og_description":"\u0130talya \u00dcniversite E\u011fitimi Vizesi Nas\u0131l Al\u0131n\u0131r? \u0130talya \u00dcniversite E\u011fitimi \u015eartlar\u0131 Neler? \u0130talya \u00dcniversite E\u011fitimi Ba\u015fvurusu Nas\u0131l Yap\u0131l\u0131r?","og_url":"https:\/\/www.myvize.com.tr\/italya\/vize-islemleri\/italya-universite-egitimi\/","og_site_name":"\u0130talya Vizesi","article_modified_time":"2022-10-13T13:00:06+00:00","og_image":[{"url":"https:\/\/www.myvize.com.tr\/italya\/wp-content\/uploads\/2021\/10\/38.jpg","type":"","width":"","height":""}],"twitter_card":"summary_large_image","twitter_misc":{"Tahmini okuma s\u00fcresi":"4 dakika"},"schema":{"@context":"https:\/\/schema.org","@graph":[{"@type":"WebPage","@id":"https:\/\/www.myvize.com.tr\/italya\/vize-islemleri\/italya-universite-egitimi\/","url":"https:\/\/www.myvize.com.tr\/italya\/vize-islemleri\/italya-universite-egitimi\/","name":"\u0130talya \u00dcniversite E\u011fitimi - \u0130talya Vize - MyVize","isPartOf":{"@id":"https:\/\/www.myvize.com.tr\/italya\/#website"},"primaryImageOfPage":{"@id":"https:\/\/www.myvize.com.tr\/italya\/vize-islemleri\/italya-universite-egitimi\/#primaryimage"},"image":{"@id":"https:\/\/www.myvize.com.tr\/italya\/vize-islemleri\/italya-universite-egitimi\/#primaryimage"},"thumbnailUrl":"https:\/\/www.myvize.com.tr\/italya\/wp-content\/uploads\/2021\/10\/38.jpg","datePublished":"2020-11-30T09:50:00+00:00","dateModified":"2022-10-13T13:00:06+00:00","description":"\u0130talya \u00dcniversite E\u011fitimi Vizesi Nas\u0131l Al\u0131n\u0131r? \u0130talya \u00dcniversite E\u011fitimi \u015eartlar\u0131 Neler? \u0130talya \u00dcniversite E\u011fitimi Ba\u015fvurusu Nas\u0131l Yap\u0131l\u0131r?","breadcrumb":{"@id":"https:\/\/www.myvize.com.tr\/italya\/vize-islemleri\/italya-universite-egitimi\/#breadcrumb"},"inLanguage":"tr","potentialAction":[{"@type":"ReadAction","target":["https:\/\/www.myvize.com.tr\/italya\/vize-islemleri\/italya-universite-egitimi\/"]}]},{"@type":"ImageObject","inLanguage":"tr","@id":"https:\/\/www.myvize.com.tr\/italya\/vize-islemleri\/italya-universite-egitimi\/#primaryimage","url":"https:\/\/www.myvize.com.tr\/italya\/wp-content\/uploads\/2021\/10\/38.jpg","contentUrl":"https:\/\/www.myvize.com.tr\/italya\/wp-content\/uploads\/2021\/10\/38.jpg","width":800,"height":500,"caption":"\u0130talya \u00dcniversite E\u011fitimi"},{"@type":"BreadcrumbList","@id":"https:\/\/www.myvize.com.tr\/italya\/vize-islemleri\/italya-universite-egitimi\/#breadcrumb","itemListElement":[{"@type":"ListItem","position":1,"name":"Anasayfa","item":"https:\/\/www.myvize.com.tr\/italya\/"},{"@type":"ListItem","position":2,"name":"V\u0130ZE \u0130\u015eLEMLER\u0130","item":"https:\/\/www.myvize.com.tr\/italya\/vize-islemleri\/"},{"@type":"ListItem","position":3,"name":"\u0130talya \u00dcniversite E\u011fitimi"}]},{"@type":"WebSite","@id":"https:\/\/www.myvize.com.tr\/italya\/#website","url":"https:\/\/www.myvize.com.tr\/italya\/","name":"\u0130talya Vizesi","description":"","potentialAction":[{"@type":"SearchAction","target":{"@type":"EntryPoint","urlTemplate":"https:\/\/www.myvize.com.tr\/italya\/?s={search_term_string}"},"query-input":{"@type":"PropertyValueSpecification","valueRequired":true,"valueName":"search_term_string"}}],"inLanguage":"tr"}]}},"_links":{"self":[{"href":"https:\/\/www.myvize.com.tr\/italya\/wp-json\/wp\/v2\/pages\/53","targetHints":{"allow":["GET"]}}],"collection":[{"href":"https:\/\/www.myvize.com.tr\/italya\/wp-json\/wp\/v2\/pages"}],"about":[{"href":"https:\/\/www.myvize.com.tr\/italya\/wp-json\/wp\/v2\/types\/page"}],"author":[{"embeddable":true,"href":"https:\/\/www.myvize.com.tr\/italya\/wp-json\/wp\/v2\/users\/1"}],"replies":[{"embeddable":true,"href":"https:\/\/www.myvize.com.tr\/italya\/wp-json\/wp\/v2\/comments?post=53"}],"version-history":[{"count":7,"href":"https:\/\/www.myvize.com.tr\/italya\/wp-json\/wp\/v2\/pages\/53\/revisions"}],"predecessor-version":[{"id":1111,"href":"https:\/\/www.myvize.com.tr\/italya\/wp-json\/wp\/v2\/pages\/53\/revisions\/1111"}],"up":[{"embeddable":true,"href":"https:\/\/www.myvize.com.tr\/italya\/wp-json\/wp\/v2\/pages\/18"}],"wp:attachment":[{"href":"https:\/\/www.myvize.com.tr\/italya\/wp-json\/wp\/v2\/media?parent=53"}],"curies":[{"name":"wp","href":"https:\/\/api.w.org\/{rel}","templated":true}]}}