{"id":74,"date":"2020-11-30T13:02:26","date_gmt":"2020-11-30T10:02:26","guid":{"rendered":"https:\/\/www.myvize.com.tr\/italya\/?page_id=74"},"modified":"2022-04-16T15:08:16","modified_gmt":"2022-04-16T12:08:16","slug":"antalya-konsoloslugu","status":"publish","type":"page","link":"https:\/\/www.myvize.com.tr\/italya\/konsolosluklar\/antalya-konsoloslugu\/","title":{"rendered":"\u0130talya Antalya Konsoloslu\u011fu"},"content":{"rendered":"<h2><span style=\"font-family: Roboto; font-size: 27px;\"><strong>\u0130talya Antalya Konsoloslu\u011fu Hakk\u0131nda<\/strong><\/span><\/h2>\n<p><span style=\"font-family: Roboto; font-size: 14px;\"><strong>\u0130talya Antalya Konsoloslu\u011fu<\/strong>, \u0130talya\u2019n\u0131n T\u00fcrkiye\u2019de bulunan ve <strong>\u0130talya D\u0131\u015fi\u015fleri Bakanl\u0131\u011f\u0131<\/strong> taraf\u0131ndan yetkilendirilmi\u015f temsilcili\u011fidir. T\u00fcrkiye\u2019de \u0130talya Ankara B\u00fcy\u00fckel\u00e7ili\u011fi\u2019ne ba\u011fl\u0131d\u0131r. \u0130talya\u2019n\u0131n Ankara B\u00fcy\u00fckel\u00e7ili\u011fi\u2019nin vermi\u015f oldu\u011fu g\u00f6revleri yerine getirmektedir. <strong>\u0130talya Antalya Konsoloslu\u011fu<\/strong> yetki ve g\u00f6revleri a\u015fa\u011f\u0131da verilmi\u015ftir.<\/span><\/p>\n<ul>\n<li><span style=\"font-family: Roboto; font-size: 14px;\"><strong>\u0130talya Antalya Konsoloslu\u011fu<\/strong>, T\u00fcrkiye\u2019de bulunan \u0130talya vatanda\u015flar\u0131na konsolosluk ve vatanda\u015fl\u0131k hizmeti vermektedir.<\/span><\/li>\n<li><span style=\"font-family: Roboto; font-size: 14px;\">\u0130talya\u2019ya seyahat etmek isteyen T\u00fcrk vatanda\u015flar\u0131n\u0131n <span style=\"color: #2acec2;\"><strong><a style=\"color: #2acec2;\" href=\"https:\/\/www.myvize.com.tr\/italya\/vize-islemleri\/italya-vizesi\/\" target=\"_blank\" rel=\"noopener\">\u0130talya vizesi<\/a><\/strong><\/span> ba\u015fvurular\u0131n\u0131 kabul etmektedir. Ancak vize ba\u015fvurular\u0131n\u0131 de\u011ferlendirme yetkisi bulunmamaktad\u0131r.<\/span><\/li>\n<li><span style=\"font-family: Roboto; font-size: 14px;\">T\u00fcrkiye ile \u0130talya aras\u0131nda bulunan askeri, diplomatik, siyasi, ekonomik, ticari ba\u011flar\u0131 ve ili\u015fkilerde k\u00f6pr\u00fc g\u00f6revi g\u00f6rmektedir.<\/span><\/li>\n<li><span style=\"font-family: Roboto; font-size: 14px;\">T\u00fcrkiye\u2019de i\u015f kurmu\u015f ya da ticaret yapan \u0130talya vatanda\u015flar\u0131na destek sa\u011flamaktad\u0131r.<\/span><\/li>\n<li><span style=\"font-family: Roboto; font-size: 14px;\">T\u00fcrkiye medyas\u0131n\u0131<strong> \u0130talya g\u00fcndemi hakk\u0131nda<\/strong> bilgilendirmektedir.<\/span><\/li>\n<li><span style=\"font-family: Roboto; font-size: 14px;\"><span style=\"color: #2acec2;\"><strong><a style=\"color: #2acec2;\" href=\"https:\/\/www.myvize.com.tr\/italya\/subelerimiz\/antalya\/\" target=\"_blank\" rel=\"noopener\">Antalya<\/a><\/strong><\/span> ve \u00e7evresinde \u0130talya k\u00fclt\u00fcr\u00fcn\u00fcn tan\u0131t\u0131lmas\u0131 ama\u00e7lanmaktad\u0131r.<\/span><\/li>\n<li><span style=\"font-family: Roboto; font-size: 14px;\">\u0130talya\u2019n\u0131n Antalya\u2019da bulunan konsoloslu\u011fu, T\u00fcrkiye\u2019nin Antalya, Mersin, Isparta, Konya ve Karaman illerinden sorumludur.<\/span><\/li>\n<\/ul>\n<h2><span style=\"font-family: Roboto; font-size: 27px;\"><strong>\u0130talya Antalya Fahri Konsoloslu\u011fu<\/strong><\/span><\/h2>\n<p><span style=\"font-family: Roboto; font-size: 14px;\"><strong>\u0130talya Antalya Fahri Konsoloslu\u011fu<\/strong>, hafta i\u00e7i her g\u00fcn saat 09.30 ve 17.30 ara \u00a0hizmet vermektedir. \u0130talya Antalya Fahri Konsolosluku, T\u00fcrkiye ve \u0130talya resm\u00ee tatilinde \u00e7al\u0131\u015fmamaktad\u0131r.<\/span><br \/>\n<span style=\"font-family: Roboto; font-size: 14px;\"><strong>\u0130talya Antalya Konsoloslu\u011fu<\/strong> Adresi: \u00a0\u015eirinyal\u0131, Eski Lara Yolu, 1513 Sokak 11\/1, Muratpa\u015fa\/Antalya<\/span><br \/>\n<span style=\"font-family: Roboto; font-size: 14px;\">\u0130talya\u2019n\u0131n T\u00fcrkiye\u2019de bulunan fahri konsoloslu\u011fa birisi <strong>\u0130talya Antalya Fahri Konsoloslu\u011fu<\/strong>. \u0130talya\u2019n\u0131n Antalya Fahri Konsolosluku, Antalya ve \u00e7evresinde ki \u0130talya vatanda\u015f\u0131na hizmetleri vermektedr. G\u00f6rev alan\u0131 aras\u0131nda Antalya, Antalya ili ve \u00e7evresi bulunmakta. <strong>\u0130talya Antalya Fahri Konsoloslu\u011fu<\/strong> g\u00f6rev ve yetkileri verilmi\u015fdir.<\/span><br \/>\n<span style=\"font-family: Roboto; font-size: 14px;\">\u0130talya\u2019n\u0131n Antalya\u2019da bulunan Antalya Fahri Konsoloslu\u011fu, <span style=\"color: #2acec2;\"><strong><a style=\"color: #2acec2;\" href=\"https:\/\/www.myvize.com.tr\/italya\/konsolosluklar\/ankara-buyukelciligi\/\" target=\"_blank\" rel=\"noopener\">Ankara \u0130talya B\u00fcy\u00fckel\u00e7ili\u011fe<\/a><\/strong><\/span> ba\u011fl\u0131 olarak Antalya ve \u00e7evresi de \u00e7al\u0131\u015fmak y\u00fcr\u00fctmektedir.<\/span><br \/>\n<span style=\"font-family: Roboto; font-size: 14px;\"><strong>\u0130talya Antalya Fahri Konsoloslu\u011fu<\/strong> diplomatik bir yetkileri bulunmamakta.<\/span><br \/>\n<span style=\"font-family: Roboto; font-size: 14px;\">\u0130talya Antalya Konsoloslu\u011fu, Antalya ve \u00e7evresi de i\u015f kurmu\u015f olan veya \u00a0Antalya ve \u00e7evresine ticaret yapmay\u0131 istenilen \u0130talya vatanda\u015flara destek olmaktad\u0131r.<\/span><br \/>\n<span style=\"font-family: Roboto; font-size: 14px;\">\u0130talya k\u00fclt\u00fcr\u00fc, Antalya ve \u00e7evresi tan\u0131tmak ama\u00e7lanmakta.<\/span><br \/>\n<span style=\"font-family: Roboto; font-size: 14px;\"><strong>\u0130talya Antalya Fahri Konsolosluk<\/strong> diplomatik bir temsilcili\u011fe olmad\u0131\u011f\u0131 da dolay\u0131 \u0130talya vatanda\u015f\u0131na konsolosluk hizmetleri vermemektedir. \u0130talya Antalya Fahri Konsoloslu\u011fu vize hizmetleri de vermemektedir.<\/span><br \/>\n<span style=\"font-family: Roboto; font-size: 14px;\"><strong>\u0130talya Antalya Fahri Konsoloslu\u011fu<\/strong> diplomat yetkileri sahip olmamas\u0131na ra\u011fmen \u0130talya ticareti ve i\u015f amac\u0131 ile seyahat ger\u00e7ekle\u015ftircek ki\u015fiye, \u0130talya vizesi i\u015flem prosed\u00fcr\u00fc hakk\u0131nda destek vermekte.<\/span><br \/>\n<span style=\"font-family: Roboto; font-size: 14px;\">Antalya ve \u00e7evresi de ya\u015fayan T\u00fcrkiye Cumhuriyet vatanda\u015f\u0131, konsolosluk i\u015flemini Antalya \u0130talya Konsoloslu\u011funda yapabilir.<\/span><br \/>\n<span style=\"font-family: Roboto; font-size: 14px;\">\u0130talya vatanda\u015flar\u0131n\u0131n yeni kimlik \u00e7\u0131karma, pasaport yenileme, evlilik, \u00f6l\u00fcm ve do\u011fumu sonra da yap\u0131lmas\u0131 gereken resm\u00ee i\u015flemlerinde yard\u0131mc\u0131 olmakta.<\/span><\/p>\n<p><span style=\"font-family: Roboto; font-size: 14px;\"><img decoding=\"async\" src=\"https:\/\/www.myvize.com.tr\/italya\/wp-content\/uploads\/2021\/10\/59.jpg\" \/><\/span><\/p>\n<h2><strong><span style=\"font-family: Roboto; font-size: 27px;\">\u0130talya Antalya Konsoloslosu Kimdir?<\/span><\/strong><\/h2>\n<p><span style=\"font-family: Roboto; font-size: 14px;\">\u0130talya\u2019n\u0131n T\u00fcrkiye\u2019de bulunan temsilciliklerinden birisi \u0130talya Antalya Konsoloslu\u011fu\u2019dur. \u0130talya Antalya Konsoloslu\u011fu\u2019nu temsil eden ki\u015fi ise \u0130talya Antalya Konsoloslosu\u2019dur. Bu yaz\u0131da \u0130talya Konsoloslosu\u2019nun kim oldu\u011funu merak eden ki\u015filer i\u00e7in \u201c\u0130talya Konsolosu Kimdir?\u201d sorusunun cevab\u0131 verilmi\u015ftir.<\/span><\/p>\n<p><span style=\"font-family: Roboto; font-size: 14px;\">\u0130talya Antalya Fahri Konsolosu \u00d6zden Berhayat\u2019t\u0131r. \u00d6zden Berhayat \u0130talya ile T\u00fcrkiye aras\u0131ndaki ikili ili\u015fkileri geli\u015ftirmeyi ve \u0130talya ile T\u00fcrkiye aras\u0131nda yeni yat\u0131r\u0131m alanlar\u0131n\u0131n ortaya \u00e7\u0131kar\u0131lmas\u0131n\u0131 ama\u00e7lamaktad\u0131r. Antalya \u00e7evresindeki \u0130talya vatanda\u015flar\u0131na konsolosluk himayesi sa\u011flamaktad\u0131r.<\/span><\/p>\n<p><span style=\"font-family: Roboto; font-size: 14px;\">\u0130talya Antalya Konsolosu olan \u00d6zden Berhayat\u2019\u0131n g\u00f6revleri a\u015fa\u011f\u0131da verilmi\u015ftir.<\/span><\/p>\n<ul>\n<li><span style=\"font-family: Roboto; font-size: 14px;\">Antalya ve \u00e7evresinde \u0130talya vatanda\u015flar\u0131na konsolosluk himayesi sa\u011flamak,<\/span><\/li>\n<li><span style=\"font-family: Roboto; font-size: 14px;\">Antalya ve \u00e7evresinde \u0130talya hak ve \u00e7\u0131karlar\u0131n\u0131 korumak,<\/span><\/li>\n<li><span style=\"font-family: Roboto; font-size: 14px;\">Antalya ve \u00e7evresine \u0130talya ad\u0131na yeni yat\u0131r\u0131m alanlar\u0131 ortaya \u00e7\u0131karmak ve \u0130talya ekonomik \u00e7\u0131karlar\u0131n\u0131 korumak,<\/span><\/li>\n<li><span style=\"font-family: Roboto; font-size: 14px;\">\u0130talya Ankara B\u00fcy\u00fckel\u00e7ili\u011fi\u2019nin vermi\u015f oldu\u011fu g\u00f6revleri yerine getirmek,<\/span><\/li>\n<li><span style=\"font-family: Roboto; font-size: 14px;\">\u0130talya k\u00fclt\u00fcr\u00fcn\u00fcn Antalya ve \u00e7evresinde tan\u0131t\u0131m\u0131n\u0131 sa\u011flamak,<\/span><\/li>\n<li><span style=\"font-family: Roboto; font-size: 14px;\">\u0130talya\u2019dan gelen diplomatlar\u0131 kar\u015f\u0131lamak,<\/span><\/li>\n<\/ul>\n<h2><strong><span style=\"font-family: Roboto; font-size: 27px;\">\u0130talya Antalya Konsoloslu\u011fu Vize \u0130\u015flemleri<\/span><\/strong><\/h2>\n<p><span style=\"font-family: Roboto; font-size: 14px;\"><strong>T\u00fcrkiye\u2019den \u0130talya\u2019ya seyahat<\/strong> edecek olan ki\u015filer, \u0130talya seyahatleri i\u00e7in \u0130talya vizesi almal\u0131d\u0131r. \u0130talya vizesini Antalya\u2019dan alacak olan ki\u015filer, \u0130talya Antalya Konsoloslu\u011fu vize i\u015flemlerini merak etmektedir. Bu yaz\u0131da \u0130talya Antalya Konsoloslu\u011fu vize i\u015flemleri hakk\u0131nda bilgi verilmi\u015ftir.<\/span><\/p>\n<p><span style=\"font-family: Roboto; font-size: 14px;\">\u0130talya Antalya Konsoloslu\u011fu vize i\u015flemleri;<\/span><\/p>\n<ul>\n<li><span style=\"font-family: Roboto; font-size: 14px;\">\u0130talya Antalya Konsoloslu\u011fu vize i\u015flemleri i\u00e7in \u00f6ncelikle \u0130talya seyahat amac\u0131na uygun olan \u0130talya vize t\u00fcr\u00fcn\u00fc belirlemelidir. Bu durum evraklar ile kan\u0131tlanmal\u0131d\u0131r.<\/span><\/li>\n<li><span style=\"font-family: Roboto; font-size: 14px;\">\u0130talya vize t\u00fcr\u00fcn\u00fc belirleyen ki\u015filer, \u0130talya Antalya Konsoloslu\u011fu\u2019ndan randevu almal\u0131d\u0131r. Randevular \u0130talya Antalya Konsoloslu\u011fu ile ileti\u015fime ge\u00e7ilerek al\u0131nabilir.<\/span><\/li>\n<li><span style=\"font-family: Roboto; font-size: 14px;\">\u0130talya Antalya Konsoloslu\u011fu vize randevusuna kadar gerekli olan \u0130talya vize evraklar\u0131 haz\u0131rlanmal\u0131d\u0131r.<\/span><\/li>\n<li><span style=\"font-family: Roboto; font-size: 14px;\">Haz\u0131rlanan \u0130talya vize evraklar\u0131 randevu tarihinde \u0130talya Antalya Konsoloslu\u011fu\u2019na teslim etmelidir.<\/span><\/li>\n<li><span style=\"font-family: Roboto; font-size: 14px;\">\u0130talya Antalya Konsoloslu\u011fu\u2019na yap\u0131lan vize ba\u015fvurular\u0131n\u0131 de\u011ferlendirme yetkisi \u0130talya Ankara B\u00fcy\u00fckel\u00e7ili\u011fi ve \u0130talya \u0130stanbul Ba\u015fkonsoloslu\u011fu\u2019na aittir.<\/span><\/li>\n<li><span style=\"font-family: Roboto; font-size: 14px;\">\u0130talya Antalya Konsoloslu\u011fu\u2019na yap\u0131lan vize ba\u015fvurular\u0131 ortalama olarak 7 i\u015f g\u00fcn\u00fc i\u00e7erisinde sonu\u00e7lanmaktad\u0131r.<\/span><\/li>\n<\/ul>\n<h3><span style=\"font-size: 24px;\"><strong><span style=\"font-family: Roboto;\">\u0130talya Antalya Konsoloslu\u011fu Vize Ba\u015fvurusu<\/span><\/strong><\/span><\/h3>\n<p><span style=\"font-family: Roboto; font-size: 14px;\"><strong>\u0130talya\u2019ya seyahat edecek<\/strong> olan ki\u015filer, \u0130talya seyahati i\u00e7in vize almal\u0131d\u0131r. \u0130talya vizesi alacak olan ki\u015filer vize ba\u015fvurular\u0131n\u0131 \u0130talya Antalya Konsoloslu\u011fu\u2019na yapabilir. \u0130talya Antalya Konsoloslu\u011fu\u2019na vize ba\u015fvurusu yapacak olan ki\u015filer, \u0130talya Antalya Konsoloslu\u011fu vize ba\u015fvurusunu ara\u015ft\u0131rmaktad\u0131r. Bu yaz\u0131da \u0130talya Antalya Konsoloslu\u011fu hakk\u0131nda bilgi verilmi\u015ftir.<\/span><\/p>\n<p><span style=\"font-family: Roboto; font-size: 14px;\">\u0130talya Antalya Konsoloslu\u011fu vize ba\u015fvurusunda bulunacak olan ki\u015filer,<strong> \u0130talya vize ba\u015fvurusu<\/strong> i\u00e7in randevu almal\u0131d\u0131r. Randevu tarihine kadar \u0130talya vize ba\u015fvurusu i\u00e7in gerekli olan evraklar haz\u0131rlanmal\u0131 ve \u0130talya Antalya Konsoloslu\u011fu randevu tarihinde yetkililere teslim edilmelidir.<\/span><\/p>\n<p><span style=\"font-family: Roboto; font-size: 14px;\">\u0130talya Antalya Konsoloslu\u011fu\u2019na vize ba\u015fvurusu yapacak olan ki\u015filer, a\u015fa\u011f\u0131daki durumlara dikkat etmelidir.<\/span><\/p>\n<ul>\n<li><span style=\"font-family: Roboto; font-size: 14px;\">\u0130talya Antalya Konsoloslu\u011fu\u2019na vize ba\u015fvurusu yapacak olan ki\u015filer gerekli olan vize evraklar\u0131n\u0131 eksiksiz olarak haz\u0131rlamal\u0131d\u0131r.<\/span><\/li>\n<li><span style=\"font-family: Roboto; font-size: 14px;\">Ba\u015fvuru yapacak olan ki\u015filer, gerekli olan ve \u0130talya\u2019da ge\u00e7erli olan seyahat sigortas\u0131n\u0131 yapt\u0131rmal\u0131d\u0131r.<\/span><\/li>\n<li><span style=\"font-family: Roboto; font-size: 14px;\"><strong>\u0130talya vize<\/strong> ba\u015fvurusunda bulunacak olan ki\u015filerin \u0130talya seyahat masraflar\u0131n\u0131 kar\u015f\u0131layacak maddi duruma sahip olmas\u0131 gerekmektedir.<\/span><\/li>\n<\/ul>\n<h3><span style=\"font-size: 24px;\"><strong><span style=\"font-family: Roboto;\">\u0130talya Antalya Konsoloslu\u011fu Vize Randevusu<\/span><\/strong><\/span><\/h3>\n<p><span style=\"font-family: Roboto; font-size: 14px;\">Antalya \u00e7evresinde ikamet eden ve \u0130talya vizesi alacak olan ki\u015filer, <strong>\u0130talya vize<\/strong> ba\u015fvurusunu \u0130talya Antalya Konsoloslu\u011fu\u2019na yapabilir. \u0130talya Antalya Konsoloslu\u011fu\u2019na vize ba\u015fvurusu i\u00e7in randevu al\u0131nmal\u0131d\u0131r. Bu yaz\u0131da \u0130talya Antalya Konsoloslu\u011fu vize randevusu hakk\u0131nda bilgi verilmi\u015ftir.<\/span><\/p>\n<p><span style=\"font-family: Roboto; font-size: 14px;\">\u0130talya Antalya Konsoloslu\u011fu\u2019ndan randevu almak isteyen ki\u015filer, \u0130talya Antalya Konsoloslu\u011fu vize randevusunu konsolosluk ile ileti\u015fime ge\u00e7erek alabilir. \u0130talya Antalya Konsoloslu\u011fu vize randevusu alacak olan ki\u015filer a\u015fa\u011f\u0131daki durumlara dikkat etmelidir.<\/span><\/p>\n<ul>\n<li><span style=\"font-family: Roboto; font-size: 14px;\">\u0130talya Antalya Konsoloslu\u011fu vize randevusu alm\u0131\u015f olan ki\u015filer, \u0130talya vize randevusunu ka\u00e7\u0131rmamal\u0131d\u0131r. Randevusuz ba\u015fvuru kabul edilmez.<\/span><\/li>\n<li><span style=\"font-family: Roboto; font-size: 14px;\">Randevu tarihinde gerekli olan evraklar yan\u0131n\u0131zda bulunmal\u0131d\u0131r.<\/span><\/li>\n<li><span style=\"font-family: Roboto; font-size: 14px;\"><strong>\u0130talya Antalya Konsoloslu\u011fu vize evraklar\u0131<\/strong> konsoloslu\u011fun istedi\u011fi s\u0131rada haz\u0131rlamal\u0131d\u0131r.<\/span><\/li>\n<li><span style=\"font-family: Roboto; font-size: 14px;\">\u0130talya Antalya Konsoloslu\u011fu vize randevusundan en az 15 dakika \u00f6nce konsoloslukta bulunman\u0131z tavsiye edilmektedir.<\/span><\/li>\n<li><span style=\"font-family: Roboto; font-size: 14px;\">\u0130talya Antalya Konsoloslu\u011fu\u2019nu ziyaret etmeden \u00f6nce \u0130talya Antalya Konsoloslu\u011fu ile ileti\u015fime ge\u00e7erek detayl\u0131 bilgi alman\u0131z tavsiye edilmektedir. \u00a0<\/span><\/li>\n<\/ul>\n<p><span style=\"font-family: Roboto; font-size: 20px;\"><strong>\u0130talya Antalya Konsoloslu\u011fu \u00c7al\u0131\u015fma Saatleri<\/strong><\/span><\/p>\n<p><span style=\"font-family: Roboto; font-size: 14px;\"><strong>\u0130talya\u2019n\u0131n Antalya Konsoloslu\u011fu<\/strong>, saat 09.00 ile 17.00 aras\u0131nda hizmet vermektedir.<\/span><\/p>\n<p><span style=\"font-family: Roboto; font-size: 20px;\"><strong>\u0130talya Antalya Konsoloslu\u011fu Adresi<\/strong><\/span><\/p>\n<p><span style=\"font-family: Roboto; font-size: 14px;\">Adres: \u015eirinyal\u0131 Mahallesi, Eski Lara Yolu, 1513 Sokak, No: 11\/1, 07160 Muratpa\u015fa\/Antalya<\/span><\/p>\n","protected":false},"excerpt":{"rendered":"<p>\u0130talya Antalya Konsoloslu\u011fu Hakk\u0131nda \u0130talya Antalya Konsoloslu\u011fu, \u0130talya\u2019n\u0131n T\u00fcrkiye\u2019de bulunan ve \u0130talya D\u0131\u015fi\u015fleri Bakanl\u0131\u011f\u0131 taraf\u0131ndan yetkilendirilmi\u015f temsilcili\u011fidir. T\u00fcrkiye\u2019de \u0130talya Ankara B\u00fcy\u00fckel\u00e7ili\u011fi\u2019ne ba\u011fl\u0131d\u0131r. \u0130talya\u2019n\u0131n Ankara B\u00fcy\u00fckel\u00e7ili\u011fi\u2019nin vermi\u015f oldu\u011fu g\u00f6revleri yerine getirmektedir. \u0130talya Antalya Konsoloslu\u011fu yetki ve g\u00f6revleri a\u015fa\u011f\u0131da verilmi\u015ftir. \u0130talya Antalya Konsoloslu\u011fu, T\u00fcrkiye\u2019de bulunan \u0130talya vatanda\u015flar\u0131na konsolosluk ve vatanda\u015fl\u0131k hizmeti vermektedir. \u0130talya\u2019ya seyahat etmek isteyen T\u00fcrk<\/p>\n","protected":false},"author":1,"featured_media":0,"parent":69,"menu_order":0,"comment_status":"open","ping_status":"closed","template":"","meta":{"footnotes":""},"class_list":["post-74","page","type-page","status-publish","hentry"],"yoast_head":"<!-- This site is optimized with the Yoast SEO plugin v24.0 - https:\/\/yoast.com\/wordpress\/plugins\/seo\/ -->\n<title>\u0130talya Antalya Fahri Konsoloslu\u011fu - MyVize<\/title>\n<meta name=\"description\" content=\"\u0130talya Antalya Konsoloslu\u011fu Vize \u0130\u015flemleri Nelerdir? \u0130talya Antalya Konsoloslu\u011fu Nerededir? Bilgi \u0130\u00e7in Hemen Aray\u0131n: 0850 346 84 93\" \/>\n<meta name=\"robots\" content=\"index, follow, max-snippet:-1, max-image-preview:large, max-video-preview:-1\" \/>\n<link rel=\"canonical\" href=\"https:\/\/www.myvize.com.tr\/italya\/konsolosluklar\/antalya-konsoloslugu\/\" \/>\n<meta property=\"og:locale\" content=\"tr_TR\" \/>\n<meta property=\"og:type\" content=\"article\" \/>\n<meta property=\"og:title\" content=\"\u0130talya Antalya Fahri Konsoloslu\u011fu - MyVize\" \/>\n<meta property=\"og:description\" content=\"\u0130talya Antalya Konsoloslu\u011fu Vize \u0130\u015flemleri Nelerdir? \u0130talya Antalya Konsoloslu\u011fu Nerededir? Bilgi \u0130\u00e7in Hemen Aray\u0131n: 0850 346 84 93\" \/>\n<meta property=\"og:url\" content=\"https:\/\/www.myvize.com.tr\/italya\/konsolosluklar\/antalya-konsoloslugu\/\" \/>\n<meta property=\"og:site_name\" content=\"\u0130talya Vizesi\" \/>\n<meta property=\"article:modified_time\" content=\"2022-04-16T12:08:16+00:00\" \/>\n<meta property=\"og:image\" content=\"https:\/\/www.myvize.com.tr\/italya\/wp-content\/uploads\/2021\/10\/59.jpg\" \/>\n<meta name=\"twitter:card\" content=\"summary_large_image\" \/>\n<meta name=\"twitter:label1\" content=\"Tahmini okuma s\u00fcresi\" \/>\n\t<meta name=\"twitter:data1\" content=\"5 dakika\" \/>\n<script type=\"application\/ld+json\" class=\"yoast-schema-graph\">{\"@context\":\"https:\/\/schema.org\",\"@graph\":[{\"@type\":\"WebPage\",\"@id\":\"https:\/\/www.myvize.com.tr\/italya\/konsolosluklar\/antalya-konsoloslugu\/\",\"url\":\"https:\/\/www.myvize.com.tr\/italya\/konsolosluklar\/antalya-konsoloslugu\/\",\"name\":\"\u0130talya Antalya Fahri Konsoloslu\u011fu - MyVize\",\"isPartOf\":{\"@id\":\"https:\/\/www.myvize.com.tr\/italya\/#website\"},\"primaryImageOfPage\":{\"@id\":\"https:\/\/www.myvize.com.tr\/italya\/konsolosluklar\/antalya-konsoloslugu\/#primaryimage\"},\"image\":{\"@id\":\"https:\/\/www.myvize.com.tr\/italya\/konsolosluklar\/antalya-konsoloslugu\/#primaryimage\"},\"thumbnailUrl\":\"https:\/\/www.myvize.com.tr\/italya\/wp-content\/uploads\/2021\/10\/59.jpg\",\"datePublished\":\"2020-11-30T10:02:26+00:00\",\"dateModified\":\"2022-04-16T12:08:16+00:00\",\"description\":\"\u0130talya Antalya Konsoloslu\u011fu Vize \u0130\u015flemleri Nelerdir? \u0130talya Antalya Konsoloslu\u011fu Nerededir? Bilgi \u0130\u00e7in Hemen Aray\u0131n: 0850 346 84 93\",\"breadcrumb\":{\"@id\":\"https:\/\/www.myvize.com.tr\/italya\/konsolosluklar\/antalya-konsoloslugu\/#breadcrumb\"},\"inLanguage\":\"tr\",\"potentialAction\":[{\"@type\":\"ReadAction\",\"target\":[\"https:\/\/www.myvize.com.tr\/italya\/konsolosluklar\/antalya-konsoloslugu\/\"]}]},{\"@type\":\"ImageObject\",\"inLanguage\":\"tr\",\"@id\":\"https:\/\/www.myvize.com.tr\/italya\/konsolosluklar\/antalya-konsoloslugu\/#primaryimage\",\"url\":\"https:\/\/www.myvize.com.tr\/italya\/wp-content\/uploads\/2021\/10\/59.jpg\",\"contentUrl\":\"https:\/\/www.myvize.com.tr\/italya\/wp-content\/uploads\/2021\/10\/59.jpg\",\"width\":800,\"height\":500,\"caption\":\"\u0130talya Antalya Konsoloslu\u011fu\"},{\"@type\":\"BreadcrumbList\",\"@id\":\"https:\/\/www.myvize.com.tr\/italya\/konsolosluklar\/antalya-konsoloslugu\/#breadcrumb\",\"itemListElement\":[{\"@type\":\"ListItem\",\"position\":1,\"name\":\"Anasayfa\",\"item\":\"https:\/\/www.myvize.com.tr\/italya\/\"},{\"@type\":\"ListItem\",\"position\":2,\"name\":\"KONSOLOSLUKLAR\",\"item\":\"https:\/\/www.myvize.com.tr\/italya\/konsolosluklar\/\"},{\"@type\":\"ListItem\",\"position\":3,\"name\":\"\u0130talya Antalya Konsoloslu\u011fu\"}]},{\"@type\":\"WebSite\",\"@id\":\"https:\/\/www.myvize.com.tr\/italya\/#website\",\"url\":\"https:\/\/www.myvize.com.tr\/italya\/\",\"name\":\"\u0130talya Vizesi\",\"description\":\"\",\"potentialAction\":[{\"@type\":\"SearchAction\",\"target\":{\"@type\":\"EntryPoint\",\"urlTemplate\":\"https:\/\/www.myvize.com.tr\/italya\/?s={search_term_string}\"},\"query-input\":{\"@type\":\"PropertyValueSpecification\",\"valueRequired\":true,\"valueName\":\"search_term_string\"}}],\"inLanguage\":\"tr\"}]}<\/script>\n<!-- \/ Yoast SEO plugin. -->","yoast_head_json":{"title":"\u0130talya Antalya Fahri Konsoloslu\u011fu - MyVize","description":"\u0130talya Antalya Konsoloslu\u011fu Vize \u0130\u015flemleri Nelerdir? \u0130talya Antalya Konsoloslu\u011fu Nerededir? Bilgi \u0130\u00e7in Hemen Aray\u0131n: 0850 346 84 93","robots":{"index":"index","follow":"follow","max-snippet":"max-snippet:-1","max-image-preview":"max-image-preview:large","max-video-preview":"max-video-preview:-1"},"canonical":"https:\/\/www.myvize.com.tr\/italya\/konsolosluklar\/antalya-konsoloslugu\/","og_locale":"tr_TR","og_type":"article","og_title":"\u0130talya Antalya Fahri Konsoloslu\u011fu - MyVize","og_description":"\u0130talya Antalya Konsoloslu\u011fu Vize \u0130\u015flemleri Nelerdir? \u0130talya Antalya Konsoloslu\u011fu Nerededir? Bilgi \u0130\u00e7in Hemen Aray\u0131n: 0850 346 84 93","og_url":"https:\/\/www.myvize.com.tr\/italya\/konsolosluklar\/antalya-konsoloslugu\/","og_site_name":"\u0130talya Vizesi","article_modified_time":"2022-04-16T12:08:16+00:00","og_image":[{"url":"https:\/\/www.myvize.com.tr\/italya\/wp-content\/uploads\/2021\/10\/59.jpg","type":"","width":"","height":""}],"twitter_card":"summary_large_image","twitter_misc":{"Tahmini okuma s\u00fcresi":"5 dakika"},"schema":{"@context":"https:\/\/schema.org","@graph":[{"@type":"WebPage","@id":"https:\/\/www.myvize.com.tr\/italya\/konsolosluklar\/antalya-konsoloslugu\/","url":"https:\/\/www.myvize.com.tr\/italya\/konsolosluklar\/antalya-konsoloslugu\/","name":"\u0130talya Antalya Fahri Konsoloslu\u011fu - MyVize","isPartOf":{"@id":"https:\/\/www.myvize.com.tr\/italya\/#website"},"primaryImageOfPage":{"@id":"https:\/\/www.myvize.com.tr\/italya\/konsolosluklar\/antalya-konsoloslugu\/#primaryimage"},"image":{"@id":"https:\/\/www.myvize.com.tr\/italya\/konsolosluklar\/antalya-konsoloslugu\/#primaryimage"},"thumbnailUrl":"https:\/\/www.myvize.com.tr\/italya\/wp-content\/uploads\/2021\/10\/59.jpg","datePublished":"2020-11-30T10:02:26+00:00","dateModified":"2022-04-16T12:08:16+00:00","description":"\u0130talya Antalya Konsoloslu\u011fu Vize \u0130\u015flemleri Nelerdir? \u0130talya Antalya Konsoloslu\u011fu Nerededir? Bilgi \u0130\u00e7in Hemen Aray\u0131n: 0850 346 84 93","breadcrumb":{"@id":"https:\/\/www.myvize.com.tr\/italya\/konsolosluklar\/antalya-konsoloslugu\/#breadcrumb"},"inLanguage":"tr","potentialAction":[{"@type":"ReadAction","target":["https:\/\/www.myvize.com.tr\/italya\/konsolosluklar\/antalya-konsoloslugu\/"]}]},{"@type":"ImageObject","inLanguage":"tr","@id":"https:\/\/www.myvize.com.tr\/italya\/konsolosluklar\/antalya-konsoloslugu\/#primaryimage","url":"https:\/\/www.myvize.com.tr\/italya\/wp-content\/uploads\/2021\/10\/59.jpg","contentUrl":"https:\/\/www.myvize.com.tr\/italya\/wp-content\/uploads\/2021\/10\/59.jpg","width":800,"height":500,"caption":"\u0130talya Antalya Konsoloslu\u011fu"},{"@type":"BreadcrumbList","@id":"https:\/\/www.myvize.com.tr\/italya\/konsolosluklar\/antalya-konsoloslugu\/#breadcrumb","itemListElement":[{"@type":"ListItem","position":1,"name":"Anasayfa","item":"https:\/\/www.myvize.com.tr\/italya\/"},{"@type":"ListItem","position":2,"name":"KONSOLOSLUKLAR","item":"https:\/\/www.myvize.com.tr\/italya\/konsolosluklar\/"},{"@type":"ListItem","position":3,"name":"\u0130talya Antalya Konsoloslu\u011fu"}]},{"@type":"WebSite","@id":"https:\/\/www.myvize.com.tr\/italya\/#website","url":"https:\/\/www.myvize.com.tr\/italya\/","name":"\u0130talya Vizesi","description":"","potentialAction":[{"@type":"SearchAction","target":{"@type":"EntryPoint","urlTemplate":"https:\/\/www.myvize.com.tr\/italya\/?s={search_term_string}"},"query-input":{"@type":"PropertyValueSpecification","valueRequired":true,"valueName":"search_term_string"}}],"inLanguage":"tr"}]}},"_links":{"self":[{"href":"https:\/\/www.myvize.com.tr\/italya\/wp-json\/wp\/v2\/pages\/74","targetHints":{"allow":["GET"]}}],"collection":[{"href":"https:\/\/www.myvize.com.tr\/italya\/wp-json\/wp\/v2\/pages"}],"about":[{"href":"https:\/\/www.myvize.com.tr\/italya\/wp-json\/wp\/v2\/types\/page"}],"author":[{"embeddable":true,"href":"https:\/\/www.myvize.com.tr\/italya\/wp-json\/wp\/v2\/users\/1"}],"replies":[{"embeddable":true,"href":"https:\/\/www.myvize.com.tr\/italya\/wp-json\/wp\/v2\/comments?post=74"}],"version-history":[{"count":8,"href":"https:\/\/www.myvize.com.tr\/italya\/wp-json\/wp\/v2\/pages\/74\/revisions"}],"predecessor-version":[{"id":1030,"href":"https:\/\/www.myvize.com.tr\/italya\/wp-json\/wp\/v2\/pages\/74\/revisions\/1030"}],"up":[{"embeddable":true,"href":"https:\/\/www.myvize.com.tr\/italya\/wp-json\/wp\/v2\/pages\/69"}],"wp:attachment":[{"href":"https:\/\/www.myvize.com.tr\/italya\/wp-json\/wp\/v2\/media?parent=74"}],"curies":[{"name":"wp","href":"https:\/\/api.w.org\/{rel}","templated":true}]}}