{"id":84,"date":"2020-11-30T13:05:08","date_gmt":"2020-11-30T10:05:08","guid":{"rendered":"https:\/\/www.myvize.com.tr\/italya\/?page_id=84"},"modified":"2022-10-03T12:16:30","modified_gmt":"2022-10-03T09:16:30","slug":"trabzon-fahri-konsoloslugu","status":"publish","type":"page","link":"https:\/\/www.myvize.com.tr\/italya\/konsolosluklar\/trabzon-fahri-konsoloslugu\/","title":{"rendered":"\u0130talya Trabzon Konsoloslu\u011fu"},"content":{"rendered":"<h2><span style=\"font-family: Roboto; font-size: 27px;\"><strong>\u0130talya Trabzon Fahri Konsoloslu\u011fu Hakk\u0131nda Bilgi<\/strong><\/span><\/h2>\n<p><span style=\"font-family: Roboto; font-size: 14px;\"><strong>\u0130talya Trabzon Fahri Konsoloslu\u011fu<\/strong>, hafta i\u00e7i her g\u00fcn 09.30- 17.00 saatler aras\u0131nda \u00e7al\u0131\u015fmaktad\u0131r.<\/span><br \/>\n<span style=\"font-family: Roboto; font-size: 14px;\"><span style=\"color: #2acec2;\"><strong><a style=\"color: #2acec2;\" href=\"https:\/\/www.myvize.com.tr\/italya\/subelerimiz\/trabzon\/\" target=\"_blank\" rel=\"noopener\">Trabzon<\/a><\/strong><\/span> ve Rize, Giresun, Ordu, Artvin gibi Karadeniz \u015fehirlerinde ikamet eden T\u00fcrk vatanda\u015flar\u0131, \u0130talyan vatanda\u015f\u0131 ve T\u00fcrkiye\u2019de oturum iznine sahip olan \u00fc\u00e7\u00fcnc\u00fc \u00fclke vatanda\u015flar\u0131 konsolosluk i\u015flemi <strong>\u0130talya Trabzon Fahri Konsoloslu\u011fu<\/strong> taraf\u0131ndan y\u00fcr\u00fct\u00fclmektedir.<strong> \u0130talya Konsoloslu\u011fu<\/strong> a\u00e7\u0131lmad\u0131\u011f\u0131 b\u00f6lgede hizmet veren \u0130talya Trabzon Fahri Konsoloslu\u011fu vize ba\u015fvurusu de\u011ferlendirmesi yetkisi bulunmamaktad\u0131r.<\/span><br \/>\n<span style=\"font-family: Roboto; font-size: 14px;\">T\u00fcrkiye resm\u00ee tatiller ve \u0130talya resm\u00ee tatilinde hizmet vermemektedir. Tatil g\u00fcn\u00fc al\u0131nan randevu ge\u00e7ersiz olup, i\u015flem ger\u00e7ekle\u015ftiremezsiniz. <strong>\u0130talya Trabzon Fahri Konsoloslu\u011fu<\/strong>, T\u00fcrkiye\u2019de ikamet eden ve belli ama\u00e7lar \u00e7er\u00e7evesinde \u00fclkemizde ya\u015fayan \u0130talya vatanda\u015f\u0131 i\u00e7in Trabzon Konsoloslu\u011fu hizmet sunuyor. Fakat vize i\u015flemini y\u00fcr\u00fctme ve onaylama gibi yetkisi bulunmamaktad\u0131r. Bu sebepten \u0130talya H\u00fck\u00fbmet taraf\u0131ndan <strong>\u0130talya Trabzon Fahri konsoloslu\u011fu<\/strong> vize i\u015flemi i\u00e7in yetkilendirilmi\u015ftir. \u0130talya Trabzon konsoloslu\u011funda \u0130talya devletiyle ilgili i\u015flem yap\u0131lmaktad\u0131r.<\/span><br \/>\n<span style=\"font-family: Roboto; font-size: 14px;\">T\u00fcrkiye Cumhuriyeti Devleti s\u0131n\u0131r\u0131 i\u00e7erisinde \u0130talya Devlet fahri temsilcilik g\u00f6revini y\u00fcr\u00fcten \u0130talya Trabzon Fahri Konsoloslu\u011fu, T\u00fcrkiye ve \u0130talya aras\u0131 k\u00f6pr\u00fc kurmaktad\u0131r.<\/span><br \/>\n<span style=\"font-family: Roboto; font-size: 14px;\"><strong>\u0130talya Trabzon Fahri Konsoloslu\u011fu<\/strong> diplomatik yetki sahibi olmamas\u0131na ra\u011fmen \u0130talya&#8217;ya ticari ve \u00e7al\u0131\u015fma amac\u0131 seyahat ger\u00e7ekle\u015ftirecek ki\u015filere, <span style=\"color: #2acec2;\"><strong><a style=\"color: #2acec2;\" href=\"https:\/\/www.myvize.com.tr\/italya\/vize-islemleri\/italya-vizesi\/\" target=\"_blank\" rel=\"noopener\">\u0130talya vizesi<\/a><\/strong><\/span> i\u015flem prosed\u00fcr\u00fc hakk\u0131nda destek vermektedir. \u0130talya\u2019da 90 g\u00fcnden daha uzun s\u00fcre ikamet etme isteyeni T\u00fcrkiye Cumhuriyeti vatanda\u015f\u0131, uzun s\u00fcreli ikamet vize ba\u015fvurusu i\u00e7in <strong>\u0130talya Trabzon Fahri Konsoloslu\u011fu<\/strong> ile irtibata ge\u00e7erek, bilgi al\u0131nmas\u0131 \u00f6nerilir.<\/span><\/p>\n<p><img decoding=\"async\" src=\"https:\/\/www.myvize.com.tr\/italya\/wp-content\/uploads\/2021\/10\/64.jpg\" \/><\/p>\n<h2><span style=\"font-family: Roboto; font-size: 27px;\"><strong>\u0130talya Trabzon Fahri Konsoloslu\u011fu Hakk\u0131nda<\/strong><\/span><\/h2>\n<p><span style=\"font-family: Roboto; font-size: 14px;\"><strong>\u0130talya Trabzon Fahri Konsoloslu\u011fu<\/strong>, \u0130talya\u2019n\u0131n T\u00fcrkiye\u2019de bulunan ve diplomatik yetki verilmemi\u015f temsilciliklerindendir. \u0130talya Trabzon Fahri Konsoloslu\u011fu\u2019nun yetki alan\u0131 i\u00e7erisinde; Trabzon, G\u00fcm\u00fc\u015fhane, Samsun, Rize ve Artvin illeri bulunmaktad\u0131r.<\/span><\/p>\n<p><span style=\"font-family: Roboto; font-size: 14px;\">\u0130talya Trabzon Fahri Konsoloslu\u011fu\u2019nun as\u0131l amac\u0131; Trabzon ve \u00e7evresindeki \u0130talya ekonomisini ve ticaretini kontrol etmek, d\u00fczenlemek ve yeni i\u015fbirlikleri yapmakt\u0131r.<strong> \u0130talya Trabzon Fahri Konsoloslu\u011fu<\/strong>, <span style=\"color: #2acec2;\"><strong><a style=\"color: #2acec2;\" href=\"https:\/\/www.myvize.com.tr\/italya\/konsolosluklar\/ankara-buyukelciligi\/\" target=\"_blank\" rel=\"noopener\">\u0130talya Ankara B\u00fcy\u00fckel\u00e7ili\u011fi<\/a><\/strong><\/span>\u2019ne ba\u011fl\u0131 olarak \u00e7al\u0131\u015fmaktad\u0131r. \u0130talya Trabzon Fahri Konsoloslu\u011fu\u2019nun g\u00f6rev ve yetkileri a\u015fa\u011f\u0131da verilmi\u015ftir.<\/span><\/p>\n<ul>\n<li><span style=\"font-family: Roboto; font-size: 14px;\"><strong>\u0130talya Trabzon Fahri Konsoloslu\u011fu<\/strong>, Trabzon ve \u00e7evresindeki \u0130talya ticareti ile ilgilenmektedir.<\/span><\/li>\n<li><span style=\"font-family: Roboto; font-size: 14px;\">\u0130talya Trabzon Fahri Konsoloslu\u011fu, \u0130talya k\u00fclt\u00fcr\u00fcn\u00fc Trabzon ve \u00e7evresinde tan\u0131tmay\u0131 ama\u00e7lamaktad\u0131r.<\/span><\/li>\n<li><span style=\"font-family: Roboto; font-size: 14px;\">\u0130talya Trabzon Fahri Konsoloslu\u011fu\u2019nun diplomatik bir yetkisi bulunmamaktad\u0131r.<\/span><\/li>\n<li><span style=\"font-family: Roboto; font-size: 14px;\">\u0130talya Trabzon Fahri Konsoloslu\u011fu, vize hizmeti vermemektedir. Sadece acil durumlarda belge tasdiki hizmeti vermektedir.<\/span><\/li>\n<\/ul>\n<p><span style=\"font-family: Roboto; font-size: 20px;\"><strong>\u0130talya Trabzon Fahri Konsoloslu\u011fu \u00c7al\u0131\u015fma Saatleri<\/strong><\/span><\/p>\n<p><span style=\"font-family: Roboto; font-size: 14px;\"><strong>\u0130talya Trabzon Fahri Konsoloslu\u011fu<\/strong>, \u0130talya\u2019n\u0131n ve T\u00fcrkiye\u2019nin resmi tatillerine \u00e7al\u0131\u015fmamaktad\u0131r. Mesai saatleri ise 09.00 ile 17.00 aras\u0131nda hizmet vermektedir.<\/span><\/p>\n<p><span style=\"font-family: Roboto; font-size: 20px;\"><strong>\u0130talya Trabzon Fahri Konsoloslu\u011fu Adresi<\/strong><\/span><\/p>\n<p><span style=\"font-family: Roboto; font-size: 14px;\">Adres: Cumhuriyet Mahallesi, Devlet Sahil Yolu Caddesi, No: 16, Daire: 7, Yomra\/Trabzon<\/span><\/p>\n<h2><span style=\"font-family: Roboto; font-size: 27px;\"><strong>\u0130talya Trabzon Fahri Konsolosu Kimdir?<\/strong><\/span><\/h2>\n<p><span style=\"font-family: Roboto; font-size: 14px;\"><strong>\u0130talya Trabzon fahri konsolosu<\/strong> kimdir sorusunun yan\u0131t\u0131n\u0131 merak edenlerden biri iseniz mutlaka bu yaz\u0131y\u0131 inceleyin diyoruz. \u0130talya \u00fclkesi i\u015fe alakal\u0131 konsolosluk i\u015flemlerinizi Trabzon\u2019da yapmak istiyorsan\u0131z siz de bu sorunun cevab\u0131n\u0131 merak etmekte sonuna dek hakl\u0131s\u0131n\u0131z demektir. Fakat ne yaz\u0131k ki bizler hi\u00e7bir yerde bu sorunun yan\u0131t\u0131n\u0131 bulamad\u0131k. O y\u00fczden de sizlere tam bir bilgi aktar\u0131m\u0131 sa\u011flayamamaktay\u0131z. G\u00fcn\u00fcm\u00fczde bir\u00e7ok bireyin \u0130talya Trabzon fahri konsolosunun kim oldu\u011funu merak etti\u011fini s\u00f6yleyebiliriz. Sizler de bu meraka d\u00fc\u015ft\u00fcyseniz hemen konsoloslu\u011fa mesai saatlerinde telefon ederek sorunuzun yan\u0131t\u0131n\u0131 olabilecek en h\u0131zl\u0131 bi\u00e7imde \u00f6\u011frenmenin konforunu tecr\u00fcbe edebilirsiniz. B\u00f6ylelikle hi\u00e7bir sorun ya\u015famazs\u0131n\u0131z ve her bir i\u015fleminiz de ba\u015far\u0131yla hallolmu\u015f olur. \u0130talya Trabzon fahri konsolosunun kim oldu\u011fu bilgisini size bir yetkili muhakkak bildirecektir, diledi\u011finiz gibi bu konuya dair soru sorabilirsiniz. Soraca\u011f\u0131n\u0131z her bir sorunun yan\u0131t\u0131n\u0131 en k\u0131sa s\u00fcrede alm\u0131\u015f olursunuz. Bu da her a\u00e7\u0131dan tatmin edici bir yan\u0131t olacakt\u0131r, hi\u00e7bir sorun \u00e7\u0131kmayacak demektir. Hemen \u015fu an konsoloslu\u011fa h\u0131zl\u0131ca telefon edebilirsiniz.<\/span><\/p>\n<h2><span style=\"font-family: Roboto; font-size: 27px;\"><strong>\u0130talya Trabzon Fahri Konsoloslu\u011fu Vize \u0130\u015flemleri<\/strong><\/span><\/h2>\n<p><span style=\"font-family: Roboto; font-size: 14px;\"><strong>\u0130talya Trabzon Fahri Konsoloslu\u011fu vize i\u015flemleri<\/strong> konusunda sizlere bilgi vermek isteriz. \u0130talya\u2019ya gitmek isteyen her T\u00fcrkiye Cumhuriyeti vatanda\u015f\u0131 hi\u00e7 zaman kaybetmeden \u0130talya vizesi i\u00e7in ba\u015fvuruda bulunmal\u0131d\u0131r. B\u00f6ylelikle vize alma s\u00fcreci de en iyi bi\u00e7imde ba\u015flam\u0131\u015f olur. E\u011fer siz de \u0130talya\u2019ya gitmek i\u00e7in vize almak istiyor iseniz muhakkak \u0130talya Trabzon Fahri Konsoloslu\u011funu arayarak vize randevusu alman\u0131z gerekecektir. Alaca\u011f\u0131n\u0131z vize randevusuyla beraber sizden bir\u00e7ok belge istenir.<strong> \u0130talya vizesi ba\u015fvuru formu<\/strong>, yeni bir pasaport, iki adet biyometrik ve son alt\u0131 ay i\u00e7erisinde \u00e7ekilmi\u015f olan bir foto\u011fraf, ge\u00e7erli seyahat sa\u011fl\u0131k sigortas\u0131 ve davet mektubu gibi bir\u00e7ok belgeye ihtiyac\u0131n\u0131z olabilir. Her bir belgenin \u00f6neminin b\u00fcy\u00fck oldu\u011funu da asla ama asla unutmay\u0131n deriz. \u00c7\u00fcnk\u00fc t\u00fcm bu belgeler genel olarak \u0130talya vizesi ba\u015fvuru s\u00fcrecinizde size tamam\u0131yla laz\u0131m olacak olan detaylard\u0131r. \u0130talya vizesi ba\u015fvurunuzu konsolosluk \u00fczerinden rahatl\u0131kla ger\u00e7ekle\u015ftirerek amac\u0131n\u0131za en iyi bi\u00e7imde ula\u015fabilirsiniz, \u015fimdiden sizlere iyi yolculuklar diliyoruz. \u0130talya\u2019n\u0131n en g\u00fczel sokaklar\u0131nda iyi gezmeler! Kendinize \u00e7ok iyi bak\u0131n.<\/span><\/p>\n<h3><span style=\"font-family: Roboto; font-size: 24px;\"><strong>\u0130talya Trabzon Fahri Konsoloslu\u011fu Vize Ba\u015fvurusu<\/strong><\/span><\/h3>\n<p><span style=\"font-family: Roboto; font-size: 14px;\"><strong>\u0130talya Trabzon Fahri Konsoloslu\u011fu vize ba\u015fvurusu<\/strong> yapmak isteyenler bu yaz\u0131da bir araya geliyor. Size anlatmak istedi\u011fimiz bir\u00e7ok ayr\u0131nt\u0131 var. O halde bekletmeden h\u0131zl\u0131ca ge\u00e7i\u015f yapal\u0131m. \u0130talya\u2019ya gitmek istiyorsan\u0131z vize almak zorundas\u0131n\u0131z. Vize alman\u0131z i\u00e7in de \u00f6ncelikle vize randevusu alman\u0131z gerekecektir. T\u00fcm bu i\u015flemler i\u00e7in \u0130talya Trabzon Fahri Konsoloslu\u011fu vize b\u00f6l\u00fcm\u00fcn\u00fc aramal\u0131s\u0131n\u0131z. Size bir randevu olu\u015fturulur. B\u00f6ylece \u0130talya Trabzon Fahri Konsoloslu\u011fu\u2019na giderek vize ba\u015fvurunuzu yapabilirsiniz. Tabii randevu g\u00fcn\u00fc haricinde bu i\u015flemlerin hi\u00e7birini yapt\u0131ramayaca\u011f\u0131n\u0131z\u0131 da bilmenizi isteriz. \u0130talya Trabzon Fahri Konsoloslu\u011fu bu konuda size her daim yard\u0131mc\u0131 olacakt\u0131r. Ayn\u0131 zamanda da \u0130talya Trabzon Fahri Konsoloslu\u011fu\u2019nun yetki verdi\u011fi vize merkezleriyle de bu s\u00fcreci atlatman\u0131z \u00e7ok daha kolay hale gelir. B\u00f6ylelikle herhangi bir sorun da asla \u00e7\u0131kmayacak demektir<strong>. \u0130talya Trabzon Fahri Konsoloslu\u011fu yetki alan\u0131<\/strong> son derece geni\u015f olan ba\u015far\u0131l\u0131 bir konsolosluktur ve size daima yard\u0131m etmekten yanad\u0131r. O nedenle sizden istenen her belgeyi getirmeli ve s\u00fcreci en iyi \u015fekilde idare etmelisiniz. Kendinize iyi bak\u0131n.<\/span><\/p>\n","protected":false},"excerpt":{"rendered":"<p>\u0130talya Trabzon Fahri Konsoloslu\u011fu Hakk\u0131nda Bilgi \u0130talya Trabzon Fahri Konsoloslu\u011fu, hafta i\u00e7i her g\u00fcn 09.30- 17.00 saatler aras\u0131nda \u00e7al\u0131\u015fmaktad\u0131r. Trabzon ve Rize, Giresun, Ordu, Artvin gibi Karadeniz \u015fehirlerinde ikamet eden T\u00fcrk vatanda\u015flar\u0131, \u0130talyan vatanda\u015f\u0131 ve T\u00fcrkiye\u2019de oturum iznine sahip olan \u00fc\u00e7\u00fcnc\u00fc \u00fclke vatanda\u015flar\u0131 konsolosluk i\u015flemi \u0130talya Trabzon Fahri Konsoloslu\u011fu taraf\u0131ndan y\u00fcr\u00fct\u00fclmektedir. \u0130talya Konsoloslu\u011fu a\u00e7\u0131lmad\u0131\u011f\u0131 b\u00f6lgede<\/p>\n","protected":false},"author":1,"featured_media":0,"parent":69,"menu_order":0,"comment_status":"closed","ping_status":"closed","template":"","meta":{"footnotes":""},"class_list":["post-84","page","type-page","status-publish","hentry"],"yoast_head":"<!-- This site is optimized with the Yoast SEO plugin v24.0 - https:\/\/yoast.com\/wordpress\/plugins\/seo\/ -->\n<title>\u0130talya Trabzon Fahri Konsoloslu\u011fu - MyVize<\/title>\n<meta name=\"description\" content=\"\u0130talya Trabzon Fahri Konsoloslu\u011fu Vize \u0130\u015flemleri Nelerdir? \u0130talya Trabzon Fahri Konsoloslu\u011fu Nerededir? Bilgi \u0130\u00e7in Aray\u0131n: 0850 346 84 93\" \/>\n<meta name=\"robots\" content=\"index, follow, max-snippet:-1, max-image-preview:large, max-video-preview:-1\" \/>\n<link rel=\"canonical\" href=\"https:\/\/www.myvize.com.tr\/italya\/konsolosluklar\/trabzon-fahri-konsoloslugu\/\" \/>\n<meta property=\"og:locale\" content=\"tr_TR\" \/>\n<meta property=\"og:type\" content=\"article\" \/>\n<meta property=\"og:title\" content=\"\u0130talya Trabzon Fahri Konsoloslu\u011fu - MyVize\" \/>\n<meta property=\"og:description\" content=\"\u0130talya Trabzon Fahri Konsoloslu\u011fu Vize \u0130\u015flemleri Nelerdir? \u0130talya Trabzon Fahri Konsoloslu\u011fu Nerededir? Bilgi \u0130\u00e7in Aray\u0131n: 0850 346 84 93\" \/>\n<meta property=\"og:url\" content=\"https:\/\/www.myvize.com.tr\/italya\/konsolosluklar\/trabzon-fahri-konsoloslugu\/\" \/>\n<meta property=\"og:site_name\" content=\"\u0130talya Vizesi\" \/>\n<meta property=\"article:modified_time\" content=\"2022-10-03T09:16:30+00:00\" \/>\n<meta property=\"og:image\" content=\"https:\/\/www.myvize.com.tr\/italya\/wp-content\/uploads\/2021\/10\/64.jpg\" \/>\n<meta name=\"twitter:card\" content=\"summary_large_image\" \/>\n<meta name=\"twitter:label1\" content=\"Tahmini okuma s\u00fcresi\" \/>\n\t<meta name=\"twitter:data1\" content=\"4 dakika\" \/>\n<script type=\"application\/ld+json\" class=\"yoast-schema-graph\">{\"@context\":\"https:\/\/schema.org\",\"@graph\":[{\"@type\":\"WebPage\",\"@id\":\"https:\/\/www.myvize.com.tr\/italya\/konsolosluklar\/trabzon-fahri-konsoloslugu\/\",\"url\":\"https:\/\/www.myvize.com.tr\/italya\/konsolosluklar\/trabzon-fahri-konsoloslugu\/\",\"name\":\"\u0130talya Trabzon Fahri Konsoloslu\u011fu - MyVize\",\"isPartOf\":{\"@id\":\"https:\/\/www.myvize.com.tr\/italya\/#website\"},\"primaryImageOfPage\":{\"@id\":\"https:\/\/www.myvize.com.tr\/italya\/konsolosluklar\/trabzon-fahri-konsoloslugu\/#primaryimage\"},\"image\":{\"@id\":\"https:\/\/www.myvize.com.tr\/italya\/konsolosluklar\/trabzon-fahri-konsoloslugu\/#primaryimage\"},\"thumbnailUrl\":\"https:\/\/www.myvize.com.tr\/italya\/wp-content\/uploads\/2021\/10\/64.jpg\",\"datePublished\":\"2020-11-30T10:05:08+00:00\",\"dateModified\":\"2022-10-03T09:16:30+00:00\",\"description\":\"\u0130talya Trabzon Fahri Konsoloslu\u011fu Vize \u0130\u015flemleri Nelerdir? \u0130talya Trabzon Fahri Konsoloslu\u011fu Nerededir? Bilgi \u0130\u00e7in Aray\u0131n: 0850 346 84 93\",\"breadcrumb\":{\"@id\":\"https:\/\/www.myvize.com.tr\/italya\/konsolosluklar\/trabzon-fahri-konsoloslugu\/#breadcrumb\"},\"inLanguage\":\"tr\",\"potentialAction\":[{\"@type\":\"ReadAction\",\"target\":[\"https:\/\/www.myvize.com.tr\/italya\/konsolosluklar\/trabzon-fahri-konsoloslugu\/\"]}]},{\"@type\":\"ImageObject\",\"inLanguage\":\"tr\",\"@id\":\"https:\/\/www.myvize.com.tr\/italya\/konsolosluklar\/trabzon-fahri-konsoloslugu\/#primaryimage\",\"url\":\"https:\/\/www.myvize.com.tr\/italya\/wp-content\/uploads\/2021\/10\/64.jpg\",\"contentUrl\":\"https:\/\/www.myvize.com.tr\/italya\/wp-content\/uploads\/2021\/10\/64.jpg\",\"width\":800,\"height\":500,\"caption\":\"\u0130talya Trabzon Konsoloslu\u011fu\"},{\"@type\":\"BreadcrumbList\",\"@id\":\"https:\/\/www.myvize.com.tr\/italya\/konsolosluklar\/trabzon-fahri-konsoloslugu\/#breadcrumb\",\"itemListElement\":[{\"@type\":\"ListItem\",\"position\":1,\"name\":\"Anasayfa\",\"item\":\"https:\/\/www.myvize.com.tr\/italya\/\"},{\"@type\":\"ListItem\",\"position\":2,\"name\":\"KONSOLOSLUKLAR\",\"item\":\"https:\/\/www.myvize.com.tr\/italya\/konsolosluklar\/\"},{\"@type\":\"ListItem\",\"position\":3,\"name\":\"\u0130talya Trabzon Konsoloslu\u011fu\"}]},{\"@type\":\"WebSite\",\"@id\":\"https:\/\/www.myvize.com.tr\/italya\/#website\",\"url\":\"https:\/\/www.myvize.com.tr\/italya\/\",\"name\":\"\u0130talya Vizesi\",\"description\":\"\",\"potentialAction\":[{\"@type\":\"SearchAction\",\"target\":{\"@type\":\"EntryPoint\",\"urlTemplate\":\"https:\/\/www.myvize.com.tr\/italya\/?s={search_term_string}\"},\"query-input\":{\"@type\":\"PropertyValueSpecification\",\"valueRequired\":true,\"valueName\":\"search_term_string\"}}],\"inLanguage\":\"tr\"}]}<\/script>\n<!-- \/ Yoast SEO plugin. -->","yoast_head_json":{"title":"\u0130talya Trabzon Fahri Konsoloslu\u011fu - MyVize","description":"\u0130talya Trabzon Fahri Konsoloslu\u011fu Vize \u0130\u015flemleri Nelerdir? \u0130talya Trabzon Fahri Konsoloslu\u011fu Nerededir? Bilgi \u0130\u00e7in Aray\u0131n: 0850 346 84 93","robots":{"index":"index","follow":"follow","max-snippet":"max-snippet:-1","max-image-preview":"max-image-preview:large","max-video-preview":"max-video-preview:-1"},"canonical":"https:\/\/www.myvize.com.tr\/italya\/konsolosluklar\/trabzon-fahri-konsoloslugu\/","og_locale":"tr_TR","og_type":"article","og_title":"\u0130talya Trabzon Fahri Konsoloslu\u011fu - MyVize","og_description":"\u0130talya Trabzon Fahri Konsoloslu\u011fu Vize \u0130\u015flemleri Nelerdir? \u0130talya Trabzon Fahri Konsoloslu\u011fu Nerededir? Bilgi \u0130\u00e7in Aray\u0131n: 0850 346 84 93","og_url":"https:\/\/www.myvize.com.tr\/italya\/konsolosluklar\/trabzon-fahri-konsoloslugu\/","og_site_name":"\u0130talya Vizesi","article_modified_time":"2022-10-03T09:16:30+00:00","og_image":[{"url":"https:\/\/www.myvize.com.tr\/italya\/wp-content\/uploads\/2021\/10\/64.jpg","type":"","width":"","height":""}],"twitter_card":"summary_large_image","twitter_misc":{"Tahmini okuma s\u00fcresi":"4 dakika"},"schema":{"@context":"https:\/\/schema.org","@graph":[{"@type":"WebPage","@id":"https:\/\/www.myvize.com.tr\/italya\/konsolosluklar\/trabzon-fahri-konsoloslugu\/","url":"https:\/\/www.myvize.com.tr\/italya\/konsolosluklar\/trabzon-fahri-konsoloslugu\/","name":"\u0130talya Trabzon Fahri Konsoloslu\u011fu - MyVize","isPartOf":{"@id":"https:\/\/www.myvize.com.tr\/italya\/#website"},"primaryImageOfPage":{"@id":"https:\/\/www.myvize.com.tr\/italya\/konsolosluklar\/trabzon-fahri-konsoloslugu\/#primaryimage"},"image":{"@id":"https:\/\/www.myvize.com.tr\/italya\/konsolosluklar\/trabzon-fahri-konsoloslugu\/#primaryimage"},"thumbnailUrl":"https:\/\/www.myvize.com.tr\/italya\/wp-content\/uploads\/2021\/10\/64.jpg","datePublished":"2020-11-30T10:05:08+00:00","dateModified":"2022-10-03T09:16:30+00:00","description":"\u0130talya Trabzon Fahri Konsoloslu\u011fu Vize \u0130\u015flemleri Nelerdir? \u0130talya Trabzon Fahri Konsoloslu\u011fu Nerededir? Bilgi \u0130\u00e7in Aray\u0131n: 0850 346 84 93","breadcrumb":{"@id":"https:\/\/www.myvize.com.tr\/italya\/konsolosluklar\/trabzon-fahri-konsoloslugu\/#breadcrumb"},"inLanguage":"tr","potentialAction":[{"@type":"ReadAction","target":["https:\/\/www.myvize.com.tr\/italya\/konsolosluklar\/trabzon-fahri-konsoloslugu\/"]}]},{"@type":"ImageObject","inLanguage":"tr","@id":"https:\/\/www.myvize.com.tr\/italya\/konsolosluklar\/trabzon-fahri-konsoloslugu\/#primaryimage","url":"https:\/\/www.myvize.com.tr\/italya\/wp-content\/uploads\/2021\/10\/64.jpg","contentUrl":"https:\/\/www.myvize.com.tr\/italya\/wp-content\/uploads\/2021\/10\/64.jpg","width":800,"height":500,"caption":"\u0130talya Trabzon Konsoloslu\u011fu"},{"@type":"BreadcrumbList","@id":"https:\/\/www.myvize.com.tr\/italya\/konsolosluklar\/trabzon-fahri-konsoloslugu\/#breadcrumb","itemListElement":[{"@type":"ListItem","position":1,"name":"Anasayfa","item":"https:\/\/www.myvize.com.tr\/italya\/"},{"@type":"ListItem","position":2,"name":"KONSOLOSLUKLAR","item":"https:\/\/www.myvize.com.tr\/italya\/konsolosluklar\/"},{"@type":"ListItem","position":3,"name":"\u0130talya Trabzon Konsoloslu\u011fu"}]},{"@type":"WebSite","@id":"https:\/\/www.myvize.com.tr\/italya\/#website","url":"https:\/\/www.myvize.com.tr\/italya\/","name":"\u0130talya Vizesi","description":"","potentialAction":[{"@type":"SearchAction","target":{"@type":"EntryPoint","urlTemplate":"https:\/\/www.myvize.com.tr\/italya\/?s={search_term_string}"},"query-input":{"@type":"PropertyValueSpecification","valueRequired":true,"valueName":"search_term_string"}}],"inLanguage":"tr"}]}},"_links":{"self":[{"href":"https:\/\/www.myvize.com.tr\/italya\/wp-json\/wp\/v2\/pages\/84","targetHints":{"allow":["GET"]}}],"collection":[{"href":"https:\/\/www.myvize.com.tr\/italya\/wp-json\/wp\/v2\/pages"}],"about":[{"href":"https:\/\/www.myvize.com.tr\/italya\/wp-json\/wp\/v2\/types\/page"}],"author":[{"embeddable":true,"href":"https:\/\/www.myvize.com.tr\/italya\/wp-json\/wp\/v2\/users\/1"}],"replies":[{"embeddable":true,"href":"https:\/\/www.myvize.com.tr\/italya\/wp-json\/wp\/v2\/comments?post=84"}],"version-history":[{"count":10,"href":"https:\/\/www.myvize.com.tr\/italya\/wp-json\/wp\/v2\/pages\/84\/revisions"}],"predecessor-version":[{"id":1083,"href":"https:\/\/www.myvize.com.tr\/italya\/wp-json\/wp\/v2\/pages\/84\/revisions\/1083"}],"up":[{"embeddable":true,"href":"https:\/\/www.myvize.com.tr\/italya\/wp-json\/wp\/v2\/pages\/69"}],"wp:attachment":[{"href":"https:\/\/www.myvize.com.tr\/italya\/wp-json\/wp\/v2\/media?parent=84"}],"curies":[{"name":"wp","href":"https:\/\/api.w.org\/{rel}","templated":true}]}}