{"id":183,"date":"2020-12-25T09:52:59","date_gmt":"2020-12-25T06:52:59","guid":{"rendered":"https:\/\/www.myvize.com.tr\/izlanda\/?page_id=183"},"modified":"2023-01-02T22:28:55","modified_gmt":"2023-01-02T19:28:55","slug":"au-pair-vizesi","status":"publish","type":"page","link":"https:\/\/www.myvize.com.tr\/izlanda\/oturum-2\/au-pair-vizesi\/","title":{"rendered":"\u0130zlanda Au-Pair Vizesi"},"content":{"rendered":"<h2><span style=\"font-family: Roboto; font-size: 27px;\"><strong>\u0130zlanda Au-Pair Vizesi Hakk\u0131nda<\/strong><\/span><\/h2>\n<p><span style=\"font-family: Roboto; font-size: 14px;\"><strong>\u0130zlanda Au-Pair vize<\/strong> t\u00fcr\u00fc<strong> \u0130zlanda vatanda\u015f\u0131<\/strong> olmayan ve \u0130zlanda\u2019da uzun s\u00fcreli konaklama hakk\u0131na sahip olmayan ki\u015filerin ba\u015fvuru yapmas\u0131 gereken vize t\u00fcr\u00fcd\u00fcr. Au-Pair vizesine ba\u015fvuruda bulunan \u0130zlanda uyru\u011funda olmayan ki\u015filer \u0130zlanda da 3 (\u00fc\u00e7) aydan daha fazla kalmay\u0131 hedeflemektedirler. Bu vize di\u011fer ismiyle uzun vadeli (D tip) vize de denilmektedir.<\/span><br \/>\n<span style=\"font-family: Roboto; font-size: 14px;\"><strong>Au-Pair vizesi<\/strong> ba\u015fvuruda bulunacak ki\u015fi orada ge\u00e7ici olacak \u015fekilde bir aile yan\u0131na yerle\u015ferek ya\u015fam\u0131n\u0131 s\u00fcrd\u00fcrmektedir. Bu ki\u015filer kalacaklar\u0131 evdeki aileler ile anla\u015fma yapmaktad\u0131rlar. Anla\u015fmaya g\u00f6re orada kalacak olan yabanc\u0131 uyruklu ki\u015filer kalaca\u011f\u0131 evlerdeki ki\u015filere yard\u0131m etmektedirler. Aile ile kalacak ki\u015fi kendini dil bilgisi ile k\u00fclt\u00fcr yap\u0131s\u0131 bak\u0131m\u0131nda geli\u015ftirmektedir. Bu nedenlerle vize ba\u015fvurusunu yapmak istiyorsan\u0131z ba\u015fvuraca\u011f\u0131n\u0131z vize tipi Au-Pairdir.<\/span><br \/>\n<span style=\"font-family: Roboto; font-size: 14px;\">E\u011fer<strong> Au-Pair vize<\/strong> ba\u015fvurusunda bulunuyorsan\u0131z kalaca\u011f\u0131n\u0131z ki\u015fi ile imzalam\u0131\u015f oldu\u011funuz aile i\u015f s\u00f6zle\u015fme belgesi bulundu\u011funuz konuma g\u00f6re ayarlanmas\u0131 gerekmektedir. Ayr\u0131ca <span style=\"color: #2acec2;\"><strong><a style=\"color: #2acec2;\" href=\"https:\/\/www.myvize.com.tr\/izlanda\/vize-islemleri\/izlanda-calisma-izni\/\" target=\"_blank\" rel=\"noopener\">\u0130zlanda \u00e7al\u0131\u015fma izni<\/a><\/strong><\/span> belgeniz ile bu vize i\u00e7in gerekli di\u011fer belgelerde d\u00fczenlenerek sunulmal\u0131d\u0131r. Bu durumda ba\u015fvuru yapacak ki\u015filer gerekli evraklar\u0131 eksiksiz ve do\u011fru bi\u00e7imde doldurmal\u0131 ve ba\u015fvuruda bulunmal\u0131d\u0131rlar.<\/span><\/p>\n<p><img decoding=\"async\" src=\"https:\/\/www.myvize.com.tr\/izlanda\/wp-content\/uploads\/2021\/09\/27.jpg\" \/><\/p>\n<h2><span style=\"font-family: Roboto; font-size: 27px;\"><strong>\u0130zlanda Au-Pair Vizesi Hakk\u0131nda<\/strong><\/span><\/h2>\n<p><span style=\"font-family: Roboto; font-size: 14px;\"><strong>\u0130zlanda Au-Pair vizesi<\/strong> yabanc\u0131 uyruklu ki\u015filerin, \u0130zlanda\u2019da 90 g\u00fcnden fazla kamas\u0131n\u0131 sa\u011flayan bir vize t\u00fcr\u00fcd\u00fcr.<strong> \u0130zlanda Au-Pair vizesi<\/strong> gen\u00e7lerin ge\u00e7ici bir s\u00fcre i\u00e7in, \u0130zlanda\u2019da bir ailenin yan\u0131nda kalmas\u0131n\u0131 ve anla\u015fmal\u0131 olarak \u0130zlanda\u2019da bulunan ailenin i\u015flerine yard\u0131m etmesini sa\u011flayan bir vize t\u00fcr\u00fcd\u00fcr. <strong>Au-Pair vizesi<\/strong> ile dil bilgileri geli\u015ftirilebilir,<strong> \u0130zlanda k\u00fclt\u00fcr\u00fc<\/strong> benimsenebilir ve \u00f6\u011frenilebilir. \u0130zlanda\u2019da bulunan ailenin ba\u015fvuru sahibine bir davetiye g\u00f6ndermesi gerekmektedir.<\/span><\/p>\n<p><span style=\"font-family: Roboto; font-size: 14px;\"><strong>\u0130zlanda Au-Pair vizesi<\/strong> alacak olan T\u00fcrk vatanda\u015flar\u0131, \u0130zlanda\u2019da yan\u0131nda kalaca\u011f\u0131 aile ile \u0130zlanda i\u015f s\u00f6zle\u015fmesi imzalamal\u0131d\u0131r. Ayr\u0131ca<strong> \u0130zlanda Au-Pair vizesi<\/strong> i\u00e7in gerekli olan di\u011fer belgeleri de eksiksiz haz\u0131rlayarak <strong>\u0130zlanda Konsoloslu\u011fu\u2019na<\/strong> teslim etmelidir.<\/span><\/p>\n<p><span style=\"font-family: Roboto; font-size: 14px;\"><strong>\u0130zlanda Au-Pair vizesi<\/strong> ba\u015fvurular\u0131, \u0130zlanda\u2019n\u0131n T\u00fcrkiye\u2019de bulunan diplomatik temsilciliklerine yap\u0131lmal\u0131d\u0131r. Ba\u015fvuru i\u00e7in vize ba\u015fvuru formu doldurulmal\u0131 ve di\u011fer belgeler ile birlikte teslim edilmelir.<\/span><\/p>\n<p><span style=\"font-family: Roboto; font-size: 14px;\"><strong>\u0130zlanda Au-Pair vizesi<\/strong> i\u00e7in gerekli olan evraklar;<\/span><\/p>\n<ul>\n<li><span style=\"font-family: Roboto; font-size: 14px;\">Pasaport<\/span><\/li>\n<li><span style=\"font-family: Roboto; font-size: 14px;\">\u0130ki adet <span style=\"color: #2acec2;\"><strong><a style=\"color: #2acec2;\" href=\"https:\/\/www.myvize.com.tr\/izlanda\/vize-islemleri\/izlanda-vize-basvuru-formu\/\" target=\"_blank\" rel=\"noopener\">\u0130zlanda vize ba\u015fvuru formu<\/a><\/strong><\/span><\/span><\/li>\n<li><span style=\"font-family: Roboto; font-size: 14px;\">Biyometrik foto\u011fraf<\/span><\/li>\n<li><span style=\"font-family: Roboto; font-size: 14px;\">\u00c7al\u0131\u015fma kart\u0131 asl\u0131 ve fotokopisi<\/span><\/li>\n<li><span style=\"font-family: Roboto; font-size: 14px;\">Adli sicil kayd\u0131 asl\u0131 ve 2 adet fotokopisi<\/span><\/li>\n<li><span style=\"font-family: Roboto; font-size: 14px;\">\u0130\u015f s\u00f6zle\u015fmesi<\/span><\/li>\n<li><span style=\"font-family: Roboto; font-size: 14px;\">Tam vukuatl\u0131 n\u00fcfus kay\u0131t \u00f6rne\u011fi<\/span><\/li>\n<li><span style=\"font-family: Roboto; font-size: 14px;\"><strong>\u0130zlanda Konsoloslu\u011fu<\/strong> taraf\u0131ndan belirlenmi\u015f sa\u011fl\u0131k kurulundan al\u0131nm\u0131\u015f olan sa\u011fl\u0131k raporu<\/span><\/li>\n<li><span style=\"font-family: Roboto; font-size: 14px;\">Gidi\u015f u\u00e7ak rezervasyon bilgileri<\/span><\/li>\n<li><span style=\"font-family: Roboto; font-size: 14px;\">Banka hesap d\u00f6k\u00fcm\u00fc<\/span><\/li>\n<li><span style=\"font-family: Roboto; font-size: 14px;\">Belgelerin en az iki fotokopisi olmal\u0131d\u0131r.<\/span><\/li>\n<li><span style=\"font-family: Roboto; font-size: 14px;\">Var ise ek gelirleri g\u00f6steren belgeler<\/span><\/li>\n<\/ul>\n","protected":false},"excerpt":{"rendered":"<p>\u0130zlanda Au-Pair Vizesi Hakk\u0131nda \u0130zlanda Au-Pair vize t\u00fcr\u00fc \u0130zlanda vatanda\u015f\u0131 olmayan ve \u0130zlanda\u2019da uzun s\u00fcreli konaklama hakk\u0131na sahip olmayan ki\u015filerin ba\u015fvuru yapmas\u0131 gereken vize t\u00fcr\u00fcd\u00fcr. Au-Pair vizesine ba\u015fvuruda bulunan \u0130zlanda uyru\u011funda olmayan ki\u015filer \u0130zlanda da 3 (\u00fc\u00e7) aydan daha fazla kalmay\u0131 hedeflemektedirler. Bu vize di\u011fer ismiyle uzun vadeli (D tip) vize de denilmektedir. Au-Pair vizesi<\/p>\n","protected":false},"author":1,"featured_media":0,"parent":164,"menu_order":0,"comment_status":"closed","ping_status":"closed","template":"","meta":{"footnotes":""},"class_list":["post-183","page","type-page","status-publish","hentry"],"yoast_head":"<!-- This site is optimized with the Yoast SEO plugin v24.0 - https:\/\/yoast.com\/wordpress\/plugins\/seo\/ -->\n<title>\u0130zlanda Au-Pair Vize - \u0130zlanda Vize Ba\u015fvurusu - MyVize<\/title>\n<meta name=\"description\" content=\"\u0130zlanda Au-Pair Vizesi Nas\u0131l Yaz\u0131l\u0131r? \u0130zlanda Au-Pair Vize Ba\u015fvurusu Nas\u0131l Yap\u0131l\u0131r? \u0130zlanda Au-Pair Vize Randevusu Nas\u0131l Al\u0131n\u0131r?\" \/>\n<meta name=\"robots\" content=\"index, follow, max-snippet:-1, max-image-preview:large, max-video-preview:-1\" \/>\n<link rel=\"canonical\" href=\"https:\/\/www.myvize.com.tr\/izlanda\/oturum-2\/au-pair-vizesi\/\" \/>\n<meta property=\"og:locale\" content=\"tr_TR\" \/>\n<meta property=\"og:type\" content=\"article\" \/>\n<meta property=\"og:title\" content=\"\u0130zlanda Au-Pair Vize - \u0130zlanda Vize Ba\u015fvurusu - MyVize\" \/>\n<meta property=\"og:description\" content=\"\u0130zlanda Au-Pair Vizesi Nas\u0131l Yaz\u0131l\u0131r? \u0130zlanda Au-Pair Vize Ba\u015fvurusu Nas\u0131l Yap\u0131l\u0131r? \u0130zlanda Au-Pair Vize Randevusu Nas\u0131l Al\u0131n\u0131r?\" \/>\n<meta property=\"og:url\" content=\"https:\/\/www.myvize.com.tr\/izlanda\/oturum-2\/au-pair-vizesi\/\" \/>\n<meta property=\"og:site_name\" content=\"\u0130zlanda Vizesi\" \/>\n<meta property=\"article:modified_time\" content=\"2023-01-02T19:28:55+00:00\" \/>\n<meta property=\"og:image\" content=\"https:\/\/www.myvize.com.tr\/izlanda\/wp-content\/uploads\/2021\/09\/27.jpg\" \/>\n<meta name=\"twitter:card\" content=\"summary_large_image\" \/>\n<meta name=\"twitter:label1\" content=\"Tahmini okuma s\u00fcresi\" \/>\n\t<meta name=\"twitter:data1\" content=\"2 dakika\" \/>\n<script type=\"application\/ld+json\" class=\"yoast-schema-graph\">{\"@context\":\"https:\/\/schema.org\",\"@graph\":[{\"@type\":\"WebPage\",\"@id\":\"https:\/\/www.myvize.com.tr\/izlanda\/oturum-2\/au-pair-vizesi\/\",\"url\":\"https:\/\/www.myvize.com.tr\/izlanda\/oturum-2\/au-pair-vizesi\/\",\"name\":\"\u0130zlanda Au-Pair Vize - \u0130zlanda Vize Ba\u015fvurusu - MyVize\",\"isPartOf\":{\"@id\":\"https:\/\/www.myvize.com.tr\/izlanda\/#website\"},\"primaryImageOfPage\":{\"@id\":\"https:\/\/www.myvize.com.tr\/izlanda\/oturum-2\/au-pair-vizesi\/#primaryimage\"},\"image\":{\"@id\":\"https:\/\/www.myvize.com.tr\/izlanda\/oturum-2\/au-pair-vizesi\/#primaryimage\"},\"thumbnailUrl\":\"https:\/\/www.myvize.com.tr\/izlanda\/wp-content\/uploads\/2021\/09\/27.jpg\",\"datePublished\":\"2020-12-25T06:52:59+00:00\",\"dateModified\":\"2023-01-02T19:28:55+00:00\",\"description\":\"\u0130zlanda Au-Pair Vizesi Nas\u0131l Yaz\u0131l\u0131r? \u0130zlanda Au-Pair Vize Ba\u015fvurusu Nas\u0131l Yap\u0131l\u0131r? \u0130zlanda Au-Pair Vize Randevusu Nas\u0131l Al\u0131n\u0131r?\",\"breadcrumb\":{\"@id\":\"https:\/\/www.myvize.com.tr\/izlanda\/oturum-2\/au-pair-vizesi\/#breadcrumb\"},\"inLanguage\":\"tr\",\"potentialAction\":[{\"@type\":\"ReadAction\",\"target\":[\"https:\/\/www.myvize.com.tr\/izlanda\/oturum-2\/au-pair-vizesi\/\"]}]},{\"@type\":\"ImageObject\",\"inLanguage\":\"tr\",\"@id\":\"https:\/\/www.myvize.com.tr\/izlanda\/oturum-2\/au-pair-vizesi\/#primaryimage\",\"url\":\"https:\/\/www.myvize.com.tr\/izlanda\/wp-content\/uploads\/2021\/09\/27.jpg\",\"contentUrl\":\"https:\/\/www.myvize.com.tr\/izlanda\/wp-content\/uploads\/2021\/09\/27.jpg\",\"width\":800,\"height\":500,\"caption\":\"\u0130zlanda Au-Pair Vizesi\"},{\"@type\":\"BreadcrumbList\",\"@id\":\"https:\/\/www.myvize.com.tr\/izlanda\/oturum-2\/au-pair-vizesi\/#breadcrumb\",\"itemListElement\":[{\"@type\":\"ListItem\",\"position\":1,\"name\":\"Anasayfa\",\"item\":\"https:\/\/www.myvize.com.tr\/izlanda\/\"},{\"@type\":\"ListItem\",\"position\":2,\"name\":\"\u0130ZLANDA OTURUM KARTI\",\"item\":\"https:\/\/www.myvize.com.tr\/izlanda\/oturum-2\/\"},{\"@type\":\"ListItem\",\"position\":3,\"name\":\"\u0130zlanda Au-Pair Vizesi\"}]},{\"@type\":\"WebSite\",\"@id\":\"https:\/\/www.myvize.com.tr\/izlanda\/#website\",\"url\":\"https:\/\/www.myvize.com.tr\/izlanda\/\",\"name\":\"\u0130zlanda Vizesi\",\"description\":\"\",\"potentialAction\":[{\"@type\":\"SearchAction\",\"target\":{\"@type\":\"EntryPoint\",\"urlTemplate\":\"https:\/\/www.myvize.com.tr\/izlanda\/?s={search_term_string}\"},\"query-input\":{\"@type\":\"PropertyValueSpecification\",\"valueRequired\":true,\"valueName\":\"search_term_string\"}}],\"inLanguage\":\"tr\"}]}<\/script>\n<!-- \/ Yoast SEO plugin. -->","yoast_head_json":{"title":"\u0130zlanda Au-Pair Vize - \u0130zlanda Vize Ba\u015fvurusu - MyVize","description":"\u0130zlanda Au-Pair Vizesi Nas\u0131l Yaz\u0131l\u0131r? \u0130zlanda Au-Pair Vize Ba\u015fvurusu Nas\u0131l Yap\u0131l\u0131r? \u0130zlanda Au-Pair Vize Randevusu Nas\u0131l Al\u0131n\u0131r?","robots":{"index":"index","follow":"follow","max-snippet":"max-snippet:-1","max-image-preview":"max-image-preview:large","max-video-preview":"max-video-preview:-1"},"canonical":"https:\/\/www.myvize.com.tr\/izlanda\/oturum-2\/au-pair-vizesi\/","og_locale":"tr_TR","og_type":"article","og_title":"\u0130zlanda Au-Pair Vize - \u0130zlanda Vize Ba\u015fvurusu - MyVize","og_description":"\u0130zlanda Au-Pair Vizesi Nas\u0131l Yaz\u0131l\u0131r? \u0130zlanda Au-Pair Vize Ba\u015fvurusu Nas\u0131l Yap\u0131l\u0131r? \u0130zlanda Au-Pair Vize Randevusu Nas\u0131l Al\u0131n\u0131r?","og_url":"https:\/\/www.myvize.com.tr\/izlanda\/oturum-2\/au-pair-vizesi\/","og_site_name":"\u0130zlanda Vizesi","article_modified_time":"2023-01-02T19:28:55+00:00","og_image":[{"url":"https:\/\/www.myvize.com.tr\/izlanda\/wp-content\/uploads\/2021\/09\/27.jpg","type":"","width":"","height":""}],"twitter_card":"summary_large_image","twitter_misc":{"Tahmini okuma s\u00fcresi":"2 dakika"},"schema":{"@context":"https:\/\/schema.org","@graph":[{"@type":"WebPage","@id":"https:\/\/www.myvize.com.tr\/izlanda\/oturum-2\/au-pair-vizesi\/","url":"https:\/\/www.myvize.com.tr\/izlanda\/oturum-2\/au-pair-vizesi\/","name":"\u0130zlanda Au-Pair Vize - \u0130zlanda Vize Ba\u015fvurusu - MyVize","isPartOf":{"@id":"https:\/\/www.myvize.com.tr\/izlanda\/#website"},"primaryImageOfPage":{"@id":"https:\/\/www.myvize.com.tr\/izlanda\/oturum-2\/au-pair-vizesi\/#primaryimage"},"image":{"@id":"https:\/\/www.myvize.com.tr\/izlanda\/oturum-2\/au-pair-vizesi\/#primaryimage"},"thumbnailUrl":"https:\/\/www.myvize.com.tr\/izlanda\/wp-content\/uploads\/2021\/09\/27.jpg","datePublished":"2020-12-25T06:52:59+00:00","dateModified":"2023-01-02T19:28:55+00:00","description":"\u0130zlanda Au-Pair Vizesi Nas\u0131l Yaz\u0131l\u0131r? \u0130zlanda Au-Pair Vize Ba\u015fvurusu Nas\u0131l Yap\u0131l\u0131r? \u0130zlanda Au-Pair Vize Randevusu Nas\u0131l Al\u0131n\u0131r?","breadcrumb":{"@id":"https:\/\/www.myvize.com.tr\/izlanda\/oturum-2\/au-pair-vizesi\/#breadcrumb"},"inLanguage":"tr","potentialAction":[{"@type":"ReadAction","target":["https:\/\/www.myvize.com.tr\/izlanda\/oturum-2\/au-pair-vizesi\/"]}]},{"@type":"ImageObject","inLanguage":"tr","@id":"https:\/\/www.myvize.com.tr\/izlanda\/oturum-2\/au-pair-vizesi\/#primaryimage","url":"https:\/\/www.myvize.com.tr\/izlanda\/wp-content\/uploads\/2021\/09\/27.jpg","contentUrl":"https:\/\/www.myvize.com.tr\/izlanda\/wp-content\/uploads\/2021\/09\/27.jpg","width":800,"height":500,"caption":"\u0130zlanda Au-Pair Vizesi"},{"@type":"BreadcrumbList","@id":"https:\/\/www.myvize.com.tr\/izlanda\/oturum-2\/au-pair-vizesi\/#breadcrumb","itemListElement":[{"@type":"ListItem","position":1,"name":"Anasayfa","item":"https:\/\/www.myvize.com.tr\/izlanda\/"},{"@type":"ListItem","position":2,"name":"\u0130ZLANDA OTURUM KARTI","item":"https:\/\/www.myvize.com.tr\/izlanda\/oturum-2\/"},{"@type":"ListItem","position":3,"name":"\u0130zlanda Au-Pair Vizesi"}]},{"@type":"WebSite","@id":"https:\/\/www.myvize.com.tr\/izlanda\/#website","url":"https:\/\/www.myvize.com.tr\/izlanda\/","name":"\u0130zlanda Vizesi","description":"","potentialAction":[{"@type":"SearchAction","target":{"@type":"EntryPoint","urlTemplate":"https:\/\/www.myvize.com.tr\/izlanda\/?s={search_term_string}"},"query-input":{"@type":"PropertyValueSpecification","valueRequired":true,"valueName":"search_term_string"}}],"inLanguage":"tr"}]}},"_links":{"self":[{"href":"https:\/\/www.myvize.com.tr\/izlanda\/wp-json\/wp\/v2\/pages\/183","targetHints":{"allow":["GET"]}}],"collection":[{"href":"https:\/\/www.myvize.com.tr\/izlanda\/wp-json\/wp\/v2\/pages"}],"about":[{"href":"https:\/\/www.myvize.com.tr\/izlanda\/wp-json\/wp\/v2\/types\/page"}],"author":[{"embeddable":true,"href":"https:\/\/www.myvize.com.tr\/izlanda\/wp-json\/wp\/v2\/users\/1"}],"replies":[{"embeddable":true,"href":"https:\/\/www.myvize.com.tr\/izlanda\/wp-json\/wp\/v2\/comments?post=183"}],"version-history":[{"count":5,"href":"https:\/\/www.myvize.com.tr\/izlanda\/wp-json\/wp\/v2\/pages\/183\/revisions"}],"predecessor-version":[{"id":1118,"href":"https:\/\/www.myvize.com.tr\/izlanda\/wp-json\/wp\/v2\/pages\/183\/revisions\/1118"}],"up":[{"embeddable":true,"href":"https:\/\/www.myvize.com.tr\/izlanda\/wp-json\/wp\/v2\/pages\/164"}],"wp:attachment":[{"href":"https:\/\/www.myvize.com.tr\/izlanda\/wp-json\/wp\/v2\/media?parent=183"}],"curies":[{"name":"wp","href":"https:\/\/api.w.org\/{rel}","templated":true}]}}