{"id":189,"date":"2020-12-25T09:55:33","date_gmt":"2020-12-25T06:55:33","guid":{"rendered":"https:\/\/www.myvize.com.tr\/izlanda\/?page_id=189"},"modified":"2022-04-20T14:02:20","modified_gmt":"2022-04-20T11:02:20","slug":"vize-islem-takip-belgesi","status":"publish","type":"page","link":"https:\/\/www.myvize.com.tr\/izlanda\/form-ve-dilekce\/vize-islem-takip-belgesi\/","title":{"rendered":"\u0130zlanda Vize \u0130\u015flem Takip Belgesi"},"content":{"rendered":"<h2><span style=\"font-family: Roboto; font-size: 27px;\"><strong>\u0130zlanda Vize \u0130\u015flem Takip Formu<\/strong><\/span><\/h2>\n<p><span style=\"font-family: Roboto; font-size: 14px;\">Vizenizi takip etmenize yarayan bir formdur. Bu form vizenize ba\u015fvuru yapt\u0131ktan sonra <strong>\u0130zlanda vize ba\u015fvurusu<\/strong> yapman\u0131za yard\u0131mc\u0131 olan<strong> \u0130zlanda vize ba\u015fvuru<\/strong> merkezlerinden al\u0131nmaktad\u0131r.<\/span><br \/>\n<span style=\"font-family: Roboto; font-size: 14px;\">Vize takip formunda yer alan doldurulmas\u0131 zorunlu b\u00f6l\u00fcmler bulunmaktad\u0131r. Bunlar;<\/span><br \/>\n<span style=\"font-family: Roboto; font-size: 14px;\">Ba\u015fvuru sahibinin bilgileri:<\/span><br \/>\n<span style=\"font-family: Roboto; font-size: 14px;\">-Ad.<\/span><br \/>\n<span style=\"font-family: Roboto; font-size: 14px;\">-Soyad\u0131.<\/span><br \/>\n<span style=\"font-family: Roboto; font-size: 14px;\">-Email adresi.<\/span><br \/>\n<span style=\"font-family: Roboto; font-size: 14px;\">-Cep telefonu numaras\u0131.<\/span><br \/>\n<span style=\"font-family: Roboto; font-size: 14px;\">-Adres.<\/span><br \/>\n<span style=\"font-family: Roboto; font-size: 14px;\">-Firma Ad\u0131.<\/span><br \/>\n<span style=\"font-family: Roboto; font-size: 14px;\">Vize dan\u0131\u015fman\u0131 taraf\u0131ndan doldurulacak yerler;<\/span><br \/>\n<span style=\"font-family: Roboto; font-size: 14px;\">-Seyahat edilecek \u00fclke.<\/span><br \/>\n<span style=\"font-family: Roboto; font-size: 14px;\">-Gidi\u015f-d\u00f6n\u00fc\u015f tarih.<\/span><br \/>\n<span style=\"font-family: Roboto; font-size: 14px;\">-Fatura i\u00e7in firma bilgisi.<\/span><br \/>\n<span style=\"font-family: Roboto; font-size: 14px;\">&#8211;<span style=\"color: #2acec2;\"><strong><a style=\"color: #2acec2;\" href=\"https:\/\/www.myvize.com.tr\/izlanda\/izlanda-vize-ucreti\/\" target=\"_blank\" rel=\"noopener\">\u0130zlanda Vize \u00fccreti<\/a><\/strong><\/span>.<\/span><br \/>\n<span style=\"font-family: Roboto; font-size: 14px;\">-Vize takip no.<\/span><br \/>\n<span style=\"font-family: Roboto; font-size: 14px;\">Vize Evraklar\u0131 Teslimi.<\/span><br \/>\n<span style=\"font-family: Roboto; font-size: 14px;\">Vize ba\u015fvurusunda gerekli olan evraklar, <strong>vize \u00fccretleri<\/strong>, ba\u015fvurusu yap\u0131lan \u00fclkelerin seyahat sigortas\u0131 zorunlulu\u011fu varsa seyahat sigortas\u0131yla ilgili evraklar ba\u015fvuruda bulunan ki\u015fi taraf\u0131ndan konsolosluklara veya arac\u0131 merkezlere verilmelidir.<\/span><br \/>\n<span style=\"font-family: Roboto; font-size: 14px;\"><strong>\u0130zlanda Vize ba\u015fvurusu<\/strong> ile ilgili herhangi durumda ba\u015fvuru sahipleri<strong> \u0130zlanda Konsolosluklar\u0131<\/strong> taraf\u0131ndan ek g\u00f6r\u00fc\u015fmeye \u00e7a\u011fr\u0131labilir.<\/span><br \/>\n<span style=\"font-family: Roboto; font-size: 14px;\">Ki\u015fi pasaport da yer alan imzas\u0131 ve ba\u015fvuru formuna at\u0131lan imzalar birbirini tutmal\u0131d\u0131r.<\/span><br \/>\n<span style=\"font-family: Roboto; font-size: 14px;\"><strong>Ba\u015fvuru formu<\/strong> doldurulurken karalama yap\u0131lmamal\u0131. Yanl\u0131\u015f yaz\u0131lan harf veya kelime varsa yeniden form doldurulmal\u0131d\u0131r. \u00dczeri karalanm\u0131\u015f, \u00e7izik at\u0131lm\u0131\u015f olan <strong>ba\u015fvuru formu<\/strong> de\u011ferlendirilmeye al\u0131nmaz.<\/span><br \/>\n<span style=\"font-family: Roboto; font-size: 14px;\"><span style=\"color: #2acec2;\"><strong><a style=\"color: #2acec2;\" href=\"https:\/\/www.myvize.com.tr\/izlanda\/vize-islemleri\/izlanda-vize-basvuru-formu\/\" target=\"_blank\" rel=\"noopener\">\u0130zlanda Vize ba\u015fvuru formu <\/a><\/strong><\/span>elle veya bilgisayar ortam\u0131nda doldurulabilir.<\/span><\/p>\n<p><img decoding=\"async\" src=\"https:\/\/www.myvize.com.tr\/izlanda\/wp-content\/uploads\/2021\/09\/39.jpg\" \/><\/p>\n<h2><strong><span style=\"font-family: Roboto; font-size: 27px;\">\u0130zlanda Vize \u0130\u015flem Takip Belgesi Hakk\u0131nda<\/span><\/strong><\/h2>\n<p><span style=\"font-family: Roboto; font-size: 14px;\">\u0130zlanda\u2019ya seyahat edebilmek i\u00e7in <strong>\u0130zlanda vize<\/strong> i\u015flemlerinin yap\u0131lmas\u0131 \u00f6nemlidir. \u0130zlanda\u2019ya seyahat edecek olan Umuma Mahsus Pasaport sahibi olan T\u00fcrk vatanda\u015flar\u0131n\u0131n vize i\u015flemi yapt\u0131rmas\u0131 zorunludur. Hizmet, Diplomatik ve Hususi Pasaport sahiplerinin k\u0131sa s\u00fcreli <span style=\"color: #2acec2;\"><strong><a style=\"color: #2acec2;\" href=\"https:\/\/www.myvize.com.tr\/izlanda\/vize-islemleri\/izlanda-vizesi\/\" target=\"_blank\" rel=\"noopener\">\u0130zlanda vizesi <\/a><\/strong><\/span>almas\u0131na gerek bulunmamaktad\u0131r. <strong>\u0130zlanda vize muafiyeti<\/strong> olan ki\u015filer, \u0130zlanda seyahat s\u00fcreleri sona erdikten sonra mutlaka \u0130zlanda\u2019dan ayr\u0131lmal\u0131d\u0131r.<\/span><\/p>\n<p><span style=\"font-family: Roboto; font-size: 14px;\"><strong>\u0130zlanda vize ba\u015fvurusunda<\/strong> bulunacak olan ki\u015filer, <strong>\u0130zlanda vize<\/strong> ba\u015fvurusunda bulunacak ki\u015filer; vize i\u015flemi, evrak ve ba\u015fvuru s\u00fcreci takibi yapmal\u0131d\u0131r.<strong> \u0130zlanda vize ba\u015fvuru<\/strong> s\u00fcrecinin olumlu sonu\u00e7lanmas\u0131 i\u00e7in her prosed\u00fcr\u00fc yerine getirilmesi gerekmektedir. <strong>\u0130zlanda vize<\/strong> i\u015flemlerinin, takip edilmesi i\u00e7in doldurulmas\u0131 gereken baz\u0131 evraklar vard\u0131r. Bunlardan birisi de <strong>\u0130zlanda vize i\u015flem takip<\/strong> belgesidir. Bu form doldurulurken bilgilerin mutlaka eksiksiz olmas\u0131 gerekmektedir.<\/span><\/p>\n<p><span style=\"font-family: Roboto; font-size: 14px;\"><strong>\u0130zlanda vize i\u015flem takip<\/strong> belgesinin doldurulmas\u0131 s\u0131ras\u0131nda, t\u00fcm bilgilerin do\u011fru oldu\u011funa dikkat etmelisiniz. Bunun yan\u0131nda \u0130zlanda vize i\u015flemlerinin takip edilmesi i\u00e7in formun zaman\u0131nda teslim edilmesi gerekmektedir. Bunun i\u00e7in belirli ko\u015fullara uyulmas\u0131 gerekmektedir. Bu form ile <strong>\u0130zlanda konsoloslu\u011fu<\/strong> taraf\u0131ndan ek belge istenmesi, y\u00fcz y\u00fcze g\u00f6r\u00fc\u015fme istenmesi, ba\u015fvuru s\u0131ras\u0131nda bir sorun ile kar\u015f\u0131la\u015f\u0131lmas\u0131 durumunda, bilgilerin vize ba\u015fvuru sahibine iletilmesini sa\u011flamaktad\u0131r.<\/span><\/p>\n<p>&nbsp;<\/p>\n","protected":false},"excerpt":{"rendered":"<p>\u0130zlanda Vize \u0130\u015flem Takip Formu Vizenizi takip etmenize yarayan bir formdur. Bu form vizenize ba\u015fvuru yapt\u0131ktan sonra \u0130zlanda vize ba\u015fvurusu yapman\u0131za yard\u0131mc\u0131 olan \u0130zlanda vize ba\u015fvuru merkezlerinden al\u0131nmaktad\u0131r. Vize takip formunda yer alan doldurulmas\u0131 zorunlu b\u00f6l\u00fcmler bulunmaktad\u0131r. Bunlar; Ba\u015fvuru sahibinin bilgileri: -Ad. -Soyad\u0131. -Email adresi. -Cep telefonu numaras\u0131. -Adres. -Firma Ad\u0131. Vize dan\u0131\u015fman\u0131 taraf\u0131ndan doldurulacak<\/p>\n","protected":false},"author":1,"featured_media":0,"parent":172,"menu_order":0,"comment_status":"open","ping_status":"closed","template":"","meta":{"footnotes":""},"class_list":["post-189","page","type-page","status-publish","hentry"],"yoast_head":"<!-- This site is optimized with the Yoast SEO plugin v24.0 - https:\/\/yoast.com\/wordpress\/plugins\/seo\/ -->\n<title>\u0130zlanda Vize \u0130\u015flem Takip Belgesi - \u0130zlanda Vize - MyVize<\/title>\n<meta name=\"description\" content=\"\u0130zlanda Vize \u0130\u015flem Takip Belgesi Nas\u0131l Al\u0131n\u0131r? \u0130zlanda Vize \u0130\u015flem Takip Belgesi Ne \u0130\u015fe Yarar? Bilgi \u0130\u00e7in Hemen Aray\u0131n: 0850 346 84 93\" \/>\n<meta name=\"robots\" content=\"index, follow, max-snippet:-1, max-image-preview:large, max-video-preview:-1\" \/>\n<link rel=\"canonical\" href=\"https:\/\/www.myvize.com.tr\/izlanda\/form-ve-dilekce\/vize-islem-takip-belgesi\/\" \/>\n<meta property=\"og:locale\" content=\"tr_TR\" \/>\n<meta property=\"og:type\" content=\"article\" \/>\n<meta property=\"og:title\" content=\"\u0130zlanda Vize \u0130\u015flem Takip Belgesi - \u0130zlanda Vize - MyVize\" \/>\n<meta property=\"og:description\" content=\"\u0130zlanda Vize \u0130\u015flem Takip Belgesi Nas\u0131l Al\u0131n\u0131r? \u0130zlanda Vize \u0130\u015flem Takip Belgesi Ne \u0130\u015fe Yarar? Bilgi \u0130\u00e7in Hemen Aray\u0131n: 0850 346 84 93\" \/>\n<meta property=\"og:url\" content=\"https:\/\/www.myvize.com.tr\/izlanda\/form-ve-dilekce\/vize-islem-takip-belgesi\/\" \/>\n<meta property=\"og:site_name\" content=\"\u0130zlanda Vizesi\" \/>\n<meta property=\"article:modified_time\" content=\"2022-04-20T11:02:20+00:00\" \/>\n<meta property=\"og:image\" content=\"https:\/\/www.myvize.com.tr\/izlanda\/wp-content\/uploads\/2021\/09\/39.jpg\" \/>\n<meta name=\"twitter:card\" content=\"summary_large_image\" \/>\n<meta name=\"twitter:label1\" content=\"Tahmini okuma s\u00fcresi\" \/>\n\t<meta name=\"twitter:data1\" content=\"2 dakika\" \/>\n<script type=\"application\/ld+json\" class=\"yoast-schema-graph\">{\"@context\":\"https:\/\/schema.org\",\"@graph\":[{\"@type\":\"WebPage\",\"@id\":\"https:\/\/www.myvize.com.tr\/izlanda\/form-ve-dilekce\/vize-islem-takip-belgesi\/\",\"url\":\"https:\/\/www.myvize.com.tr\/izlanda\/form-ve-dilekce\/vize-islem-takip-belgesi\/\",\"name\":\"\u0130zlanda Vize \u0130\u015flem Takip Belgesi - \u0130zlanda Vize - MyVize\",\"isPartOf\":{\"@id\":\"https:\/\/www.myvize.com.tr\/izlanda\/#website\"},\"primaryImageOfPage\":{\"@id\":\"https:\/\/www.myvize.com.tr\/izlanda\/form-ve-dilekce\/vize-islem-takip-belgesi\/#primaryimage\"},\"image\":{\"@id\":\"https:\/\/www.myvize.com.tr\/izlanda\/form-ve-dilekce\/vize-islem-takip-belgesi\/#primaryimage\"},\"thumbnailUrl\":\"https:\/\/www.myvize.com.tr\/izlanda\/wp-content\/uploads\/2021\/09\/39.jpg\",\"datePublished\":\"2020-12-25T06:55:33+00:00\",\"dateModified\":\"2022-04-20T11:02:20+00:00\",\"description\":\"\u0130zlanda Vize \u0130\u015flem Takip Belgesi Nas\u0131l Al\u0131n\u0131r? \u0130zlanda Vize \u0130\u015flem Takip Belgesi Ne \u0130\u015fe Yarar? Bilgi \u0130\u00e7in Hemen Aray\u0131n: 0850 346 84 93\",\"breadcrumb\":{\"@id\":\"https:\/\/www.myvize.com.tr\/izlanda\/form-ve-dilekce\/vize-islem-takip-belgesi\/#breadcrumb\"},\"inLanguage\":\"tr\",\"potentialAction\":[{\"@type\":\"ReadAction\",\"target\":[\"https:\/\/www.myvize.com.tr\/izlanda\/form-ve-dilekce\/vize-islem-takip-belgesi\/\"]}]},{\"@type\":\"ImageObject\",\"inLanguage\":\"tr\",\"@id\":\"https:\/\/www.myvize.com.tr\/izlanda\/form-ve-dilekce\/vize-islem-takip-belgesi\/#primaryimage\",\"url\":\"https:\/\/www.myvize.com.tr\/izlanda\/wp-content\/uploads\/2021\/09\/39.jpg\",\"contentUrl\":\"https:\/\/www.myvize.com.tr\/izlanda\/wp-content\/uploads\/2021\/09\/39.jpg\",\"width\":800,\"height\":500,\"caption\":\"\u0130zlanda Vize \u0130\u015flem Takip Formu\"},{\"@type\":\"BreadcrumbList\",\"@id\":\"https:\/\/www.myvize.com.tr\/izlanda\/form-ve-dilekce\/vize-islem-takip-belgesi\/#breadcrumb\",\"itemListElement\":[{\"@type\":\"ListItem\",\"position\":1,\"name\":\"Anasayfa\",\"item\":\"https:\/\/www.myvize.com.tr\/izlanda\/\"},{\"@type\":\"ListItem\",\"position\":2,\"name\":\"FORM VE D\u0130LEK\u00c7E\",\"item\":\"https:\/\/www.myvize.com.tr\/izlanda\/form-ve-dilekce\/\"},{\"@type\":\"ListItem\",\"position\":3,\"name\":\"\u0130zlanda Vize \u0130\u015flem Takip Belgesi\"}]},{\"@type\":\"WebSite\",\"@id\":\"https:\/\/www.myvize.com.tr\/izlanda\/#website\",\"url\":\"https:\/\/www.myvize.com.tr\/izlanda\/\",\"name\":\"\u0130zlanda Vizesi\",\"description\":\"\",\"potentialAction\":[{\"@type\":\"SearchAction\",\"target\":{\"@type\":\"EntryPoint\",\"urlTemplate\":\"https:\/\/www.myvize.com.tr\/izlanda\/?s={search_term_string}\"},\"query-input\":{\"@type\":\"PropertyValueSpecification\",\"valueRequired\":true,\"valueName\":\"search_term_string\"}}],\"inLanguage\":\"tr\"}]}<\/script>\n<!-- \/ Yoast SEO plugin. -->","yoast_head_json":{"title":"\u0130zlanda Vize \u0130\u015flem Takip Belgesi - \u0130zlanda Vize - MyVize","description":"\u0130zlanda Vize \u0130\u015flem Takip Belgesi Nas\u0131l Al\u0131n\u0131r? \u0130zlanda Vize \u0130\u015flem Takip Belgesi Ne \u0130\u015fe Yarar? Bilgi \u0130\u00e7in Hemen Aray\u0131n: 0850 346 84 93","robots":{"index":"index","follow":"follow","max-snippet":"max-snippet:-1","max-image-preview":"max-image-preview:large","max-video-preview":"max-video-preview:-1"},"canonical":"https:\/\/www.myvize.com.tr\/izlanda\/form-ve-dilekce\/vize-islem-takip-belgesi\/","og_locale":"tr_TR","og_type":"article","og_title":"\u0130zlanda Vize \u0130\u015flem Takip Belgesi - \u0130zlanda Vize - MyVize","og_description":"\u0130zlanda Vize \u0130\u015flem Takip Belgesi Nas\u0131l Al\u0131n\u0131r? \u0130zlanda Vize \u0130\u015flem Takip Belgesi Ne \u0130\u015fe Yarar? Bilgi \u0130\u00e7in Hemen Aray\u0131n: 0850 346 84 93","og_url":"https:\/\/www.myvize.com.tr\/izlanda\/form-ve-dilekce\/vize-islem-takip-belgesi\/","og_site_name":"\u0130zlanda Vizesi","article_modified_time":"2022-04-20T11:02:20+00:00","og_image":[{"url":"https:\/\/www.myvize.com.tr\/izlanda\/wp-content\/uploads\/2021\/09\/39.jpg","type":"","width":"","height":""}],"twitter_card":"summary_large_image","twitter_misc":{"Tahmini okuma s\u00fcresi":"2 dakika"},"schema":{"@context":"https:\/\/schema.org","@graph":[{"@type":"WebPage","@id":"https:\/\/www.myvize.com.tr\/izlanda\/form-ve-dilekce\/vize-islem-takip-belgesi\/","url":"https:\/\/www.myvize.com.tr\/izlanda\/form-ve-dilekce\/vize-islem-takip-belgesi\/","name":"\u0130zlanda Vize \u0130\u015flem Takip Belgesi - \u0130zlanda Vize - MyVize","isPartOf":{"@id":"https:\/\/www.myvize.com.tr\/izlanda\/#website"},"primaryImageOfPage":{"@id":"https:\/\/www.myvize.com.tr\/izlanda\/form-ve-dilekce\/vize-islem-takip-belgesi\/#primaryimage"},"image":{"@id":"https:\/\/www.myvize.com.tr\/izlanda\/form-ve-dilekce\/vize-islem-takip-belgesi\/#primaryimage"},"thumbnailUrl":"https:\/\/www.myvize.com.tr\/izlanda\/wp-content\/uploads\/2021\/09\/39.jpg","datePublished":"2020-12-25T06:55:33+00:00","dateModified":"2022-04-20T11:02:20+00:00","description":"\u0130zlanda Vize \u0130\u015flem Takip Belgesi Nas\u0131l Al\u0131n\u0131r? \u0130zlanda Vize \u0130\u015flem Takip Belgesi Ne \u0130\u015fe Yarar? Bilgi \u0130\u00e7in Hemen Aray\u0131n: 0850 346 84 93","breadcrumb":{"@id":"https:\/\/www.myvize.com.tr\/izlanda\/form-ve-dilekce\/vize-islem-takip-belgesi\/#breadcrumb"},"inLanguage":"tr","potentialAction":[{"@type":"ReadAction","target":["https:\/\/www.myvize.com.tr\/izlanda\/form-ve-dilekce\/vize-islem-takip-belgesi\/"]}]},{"@type":"ImageObject","inLanguage":"tr","@id":"https:\/\/www.myvize.com.tr\/izlanda\/form-ve-dilekce\/vize-islem-takip-belgesi\/#primaryimage","url":"https:\/\/www.myvize.com.tr\/izlanda\/wp-content\/uploads\/2021\/09\/39.jpg","contentUrl":"https:\/\/www.myvize.com.tr\/izlanda\/wp-content\/uploads\/2021\/09\/39.jpg","width":800,"height":500,"caption":"\u0130zlanda Vize \u0130\u015flem Takip Formu"},{"@type":"BreadcrumbList","@id":"https:\/\/www.myvize.com.tr\/izlanda\/form-ve-dilekce\/vize-islem-takip-belgesi\/#breadcrumb","itemListElement":[{"@type":"ListItem","position":1,"name":"Anasayfa","item":"https:\/\/www.myvize.com.tr\/izlanda\/"},{"@type":"ListItem","position":2,"name":"FORM VE D\u0130LEK\u00c7E","item":"https:\/\/www.myvize.com.tr\/izlanda\/form-ve-dilekce\/"},{"@type":"ListItem","position":3,"name":"\u0130zlanda Vize \u0130\u015flem Takip Belgesi"}]},{"@type":"WebSite","@id":"https:\/\/www.myvize.com.tr\/izlanda\/#website","url":"https:\/\/www.myvize.com.tr\/izlanda\/","name":"\u0130zlanda Vizesi","description":"","potentialAction":[{"@type":"SearchAction","target":{"@type":"EntryPoint","urlTemplate":"https:\/\/www.myvize.com.tr\/izlanda\/?s={search_term_string}"},"query-input":{"@type":"PropertyValueSpecification","valueRequired":true,"valueName":"search_term_string"}}],"inLanguage":"tr"}]}},"_links":{"self":[{"href":"https:\/\/www.myvize.com.tr\/izlanda\/wp-json\/wp\/v2\/pages\/189","targetHints":{"allow":["GET"]}}],"collection":[{"href":"https:\/\/www.myvize.com.tr\/izlanda\/wp-json\/wp\/v2\/pages"}],"about":[{"href":"https:\/\/www.myvize.com.tr\/izlanda\/wp-json\/wp\/v2\/types\/page"}],"author":[{"embeddable":true,"href":"https:\/\/www.myvize.com.tr\/izlanda\/wp-json\/wp\/v2\/users\/1"}],"replies":[{"embeddable":true,"href":"https:\/\/www.myvize.com.tr\/izlanda\/wp-json\/wp\/v2\/comments?post=189"}],"version-history":[{"count":5,"href":"https:\/\/www.myvize.com.tr\/izlanda\/wp-json\/wp\/v2\/pages\/189\/revisions"}],"predecessor-version":[{"id":1029,"href":"https:\/\/www.myvize.com.tr\/izlanda\/wp-json\/wp\/v2\/pages\/189\/revisions\/1029"}],"up":[{"embeddable":true,"href":"https:\/\/www.myvize.com.tr\/izlanda\/wp-json\/wp\/v2\/pages\/172"}],"wp:attachment":[{"href":"https:\/\/www.myvize.com.tr\/izlanda\/wp-json\/wp\/v2\/media?parent=189"}],"curies":[{"name":"wp","href":"https:\/\/api.w.org\/{rel}","templated":true}]}}