{"id":191,"date":"2020-12-25T09:55:52","date_gmt":"2020-12-25T06:55:52","guid":{"rendered":"https:\/\/www.myvize.com.tr\/izlanda\/?page_id=191"},"modified":"2022-08-16T13:36:09","modified_gmt":"2022-08-16T10:36:09","slug":"izlanda-fotograf-olculeri","status":"publish","type":"page","link":"https:\/\/www.myvize.com.tr\/izlanda\/form-ve-dilekce\/izlanda-fotograf-olculeri\/","title":{"rendered":"\u0130zlanda Foto\u011fraf \u00d6l\u00e7\u00fcleri"},"content":{"rendered":"<p><span style=\"font-family: Roboto; font-size: 14px;\">\u0130zlanda \u00fclkesinin vize uyum ko\u015fullar\u0131na g\u00f6re \u00f6rneklendirilmi\u015f biyometrik foto\u011frafta olmas\u0131 gerekli \u00f6zellikler a\u015fa\u011f\u0131daki gibidir; Maksimum son 90 g\u00fcn i\u00e7inde \u00e7ekilmi\u015f olmal\u0131.<\/span><br \/>\n<span style=\"font-family: Roboto; font-size: 14px;\">Ki\u015filerin g\u00fcncel halini temsil etmeli.<\/span><br \/>\n<span style=\"font-family: Roboto; font-size: 14px;\">Pasaportunda, daha \u00f6nceki vizede kullan\u0131lmam\u0131\u015f olmal\u0131.<\/span><br \/>\n<span style=\"font-family: Roboto; font-size: 14px;\">R\u00f6tu\u015fsuz, y\u00fczde g\u00f6lge olmayan beyaz fon \u00fczerinde olmal\u0131d\u0131r.<\/span><br \/>\n<span style=\"font-family: Roboto; font-size: 14px;\"><strong>Vize ba\u015fvurusu<\/strong> yapmak i\u00e7in belirli kurala uyulmas\u0131 gerekmektedir. <strong>\u0130zlanda vizesi<\/strong> ba\u015fvurusunda bulunacaklar foto\u011fraf \u00f6l\u00e7\u00fcs\u00fc konusunda dikkatli olmas\u0131 \u00f6nerilmektedir. Kurallar gere\u011fince uygun \u00f6l\u00e7\u00fcde olmayan foto\u011fraf ile ba\u015fvuru yapan ne yaz\u0131k ki <span style=\"color: #2acec2;\"><a style=\"color: #2acec2;\" href=\"https:\/\/www.myvize.com.tr\/izlanda\/vize-islemleri\/izlanda-vize-reddi\/\" target=\"_blank\" rel=\"noopener\"><strong>\u0130zlanda vize reddi<\/strong> <\/a><\/span>ile kar\u015f\u0131 kar\u015f\u0131ya kal\u0131r. Foto\u011fraf \u00f6l\u00e7\u00fc sayesinde y\u00fcz daha detayl\u0131 g\u00f6r\u00fcnt\u00fclenmektedir. <strong>\u0130zlanda vize<\/strong> foto\u011fraf \u00f6l\u00e7\u00fcleri 35\u00d745mm olarak belirtilmi\u015ftir. Bu sebeple bu \u00f6l\u00e7\u00fcn\u00fcn d\u0131\u015f\u0131na \u00e7\u0131k\u0131lmas\u0131 b\u00fcy\u00fck s\u0131k\u0131nt\u0131 yaratmaktad\u0131r. Resmin farkl\u0131 \u00f6l\u00e7\u00fcde ba\u015fvurunun reddedilmesiyle sonu\u00e7lanacakt\u0131r. Bu da zaman kayb\u0131na yol a\u00e7maktad\u0131r.<\/span><br \/>\n<span style=\"font-family: Roboto; font-size: 14px;\"><span style=\"color: #2acec2;\"><strong><a style=\"color: #2acec2;\" href=\"https:\/\/www.myvize.com.tr\/izlanda\/vize-islemleri\/izlanda-vizesi\/\" target=\"_blank\" rel=\"noopener\">\u0130zlanda vizesi<\/a><\/strong><\/span> almak isteyenler her ko\u015fulu gerekti\u011fi gibi yerine getirme zorundad\u0131r. Resm\u00ee makama yap\u0131lan ba\u015fvuruda her detay \u00f6nem te\u015fkil etmektedir. Bu nedenle teslim edece\u011finiz foto\u011fraf titizlikle haz\u0131rlanmal\u0131d\u0131r. Resm\u00ee evraka koyulacak her foto\u011fraf\u0131n arka plan\u0131 beyaz fon olarak belirlenmi\u015ftir.<\/span><\/p>\n<p><img decoding=\"async\" src=\"https:\/\/www.myvize.com.tr\/izlanda\/wp-content\/uploads\/2021\/09\/38.jpg\" \/><\/p>\n<h2><span style=\"font-family: Roboto; font-size: 27px;\"><strong>\u0130zlanda Foto\u011fraf \u00d6l\u00e7\u00fcleri Hakk\u0131nda<\/strong><\/span><\/h2>\n<p><span style=\"font-family: Roboto; font-size: 14px;\"><strong>\u0130zlanda vizesi<\/strong> i\u00e7in istenen foto\u011fraf biyometrik foto\u011fraft\u0131r.<strong> \u0130zlanda vizesi<\/strong> i\u00e7in istenen foto\u011fraflar\u0131n istenen boyutlarda ve \u00f6zellikte olmas\u0131 gerekmektedir. \u0130zlanda vize ba\u015fvurusunda foto\u011fraflar\u0131n istenen \u00f6zellikte olmamas\u0131 durumunda <strong>\u0130zlanda vize ba\u015fvurusu<\/strong> reddedilir. <strong>\u0130zlanda vizesi<\/strong> alacak olan ki\u015filerin haz\u0131rlamas\u0131 gereken biyometrik foto\u011fraf\u0131n \u00f6zellikleri \u015fu \u015fekildedir;<\/span><\/p>\n<ul>\n<li><span style=\"font-family: Roboto; font-size: 14px;\">\u0130zlanda vize foto\u011fraf 6 ay i\u00e7erisinde \u00e7ekilmelidir.<\/span><\/li>\n<li><span style=\"font-family: Roboto; font-size: 14px;\">\u0130zlanda vizesi i\u00e7in 2 adet foto\u011fraf bulundurmal\u0131s\u0131n\u0131z.<\/span><\/li>\n<li><span style=\"font-family: Roboto; font-size: 14px;\">\u0130zlanda vize foto\u011fraf\u0131 renkli olmal\u0131d\u0131r.<\/span><\/li>\n<li><span style=\"font-family: Roboto; font-size: 14px;\"><strong>\u0130zlanda vize ba\u015fvurusu<\/strong> i\u00e7in istenen foto\u011fraf\u0131n \u00f6l\u00e7\u00fcs\u00fc 45X35 mm boyutunda olmas\u0131 gerekmektedir.<\/span><\/li>\n<li><span style=\"font-family: Roboto; font-size: 14px;\">Foto\u011frafta kafa boyutu, foto\u011fraf\u0131n en az y\u00fczde 70\u2019ini kapsamal\u0131, en fazla ise y\u00fczde 80\u2019inini kapsamal\u0131d\u0131r.<\/span><\/li>\n<li><span style=\"font-family: Roboto; font-size: 14px;\">Foto\u011fraf\u0131n arka fonu tek renk beyaz ya da gri olmal\u0131d\u0131r.<\/span><\/li>\n<li><span style=\"font-family: Roboto; font-size: 14px;\"><strong>\u0130zlanda vize ba\u015fvurusu<\/strong> yapacak olan ki\u015filer do\u011frudan kameraya bak\u0131yor olmal\u0131d\u0131r.<\/span><\/li>\n<li><span style=\"font-family: Roboto; font-size: 14px;\">Foto\u011fraf \u00e7ekecek olan ki\u015filer normal y\u00fcz ifadesi ile tak\u0131lmal\u0131d\u0131r. Foto\u011fraf \u00e7ekilen ki\u015fi g\u00fclmemelidir.<\/span><\/li>\n<li><span style=\"font-family: Roboto; font-size: 14px;\">Kafa y\u00fcksekli\u011fi maksimum 36, minimum 32 mm boyutunda olmal\u0131d\u0131r.<\/span><\/li>\n<li><span style=\"font-family: Roboto; font-size: 14px;\">Foto\u011fraf \u00e7ok parlak olmamal\u0131d\u0131r. Foto\u011fraf \u00fczerinde oynama yap\u0131lmamal\u0131d\u0131r.<\/span><\/li>\n<li><span style=\"font-family: Roboto; font-size: 14px;\">Foto\u011fraf \u00e7ekilen ki\u015filerin y\u00fcz\u00fcn\u00fcn tam olarak g\u00f6r\u00fcnmesi gerekmektedir. Y\u00fcz\u00fcn tan\u0131nmas\u0131n\u0131 engelleyecek aksesuar bulunmamal\u0131d\u0131r.<\/span><\/li>\n<li><span style=\"font-family: Roboto; font-size: 14px;\">Foto\u011fraf \u00e7ekilirken g\u00f6zl\u00fck ve ba\u015f\u00f6rt\u00fcs\u00fc tak\u0131labilir. Ancak y\u00fcz\u00fcn tan\u0131nmas\u0131n\u0131 engellememelidir.<\/span><\/li>\n<\/ul>\n<h2><strong><span style=\"font-family: Roboto; font-size: 27px;\">\u0130zlanda Vizesi \u0130\u00e7in Foto\u011fraf Gerekli mi?<\/span><\/strong><\/h2>\n<p><span style=\"font-family: Roboto; font-size: 14px;\"><strong>\u00a0\u0130zlanda vize ba\u015fvurusu<\/strong> i\u00e7in gerekli evrakdan biri de \u00f6l\u00e7\u00fcs\u00fc vizeye uygun biyometrik foto\u011fraft\u0131r. <strong>\u0130zlanda vize i\u015flemleri<\/strong> ve protokolleri i\u00e7in sizden istenen foto\u011fraf\u0131n mutlaka biyometrik olmas\u0131 gerekmekte.<strong> \u0130zlanda vize i\u015flemi<\/strong> i\u00e7in teslim edece\u011finiz biyometrik foto\u011fraf\u0131n nas\u0131l olmas\u0131 gerekti\u011fini, g\u00f6revli k\u00e7urum taraf\u0131ndan a\u00e7\u0131klanm\u0131\u015ft\u0131r. Ba\u015fvurunun reddedilmemesi i\u00e7in teslim edece\u011finiz foto\u011fraf\u0131n istenilen \u00f6zellikte olmas\u0131na dikkat etmek gerekmektedir. Biyometrik foto\u011fraf vesikal\u0131k foto\u011fraf\u0131n bir t\u00fcr\u00fcd\u00fcr. Bu foto\u011fraf\u0131n belirli \u00f6zelliklerde olmas\u0131 gerekmektedir. Biyometrik foto\u011fraf g\u00fcl\u00fcmsemeden \u00e7ekilmelidir, fonu beyaz olmal\u0131d\u0131r, sa\u00e7lar y\u00fcz\u00fc kapatmamal\u0131d\u0131r, kulaklar a\u00e7\u0131k\u00e7a g\u00f6r\u00fcnmelidir. \u0130zlanda&#8217;dan vize alma i\u00e7in teslim edilecek foto\u011fraf\u0131n en az alt\u0131 ay i\u00e7erisinde \u00e7ekilmi\u015f olmas\u0131 gerekmekte. \u0130zlanda&#8217;dan vize alacak ki\u015finin vize foto\u011fraf\u0131 <strong>35 mm x 40 mm<\/strong> boyutunda olmas\u0131 gerekmektedir. Alt\u0131 i\u00e7erisinde \u00e7ekilmi\u015f olan foto\u011fraf\u0131n arka plan\u0131 yani arka fon beyaz ve d\u00fcz olmal\u0131. Foto\u011frafa herhangi bir r\u00f6tu\u015fu yap\u0131lmamal\u0131d\u0131r. Foto\u011fraf net, lekesiz olmal\u0131d\u0131r. Foto\u011fraf \u00e7ok ayd\u0131nl\u0131k ya da karanl\u0131k olmamas\u0131; kontrast ve ayd\u0131nl\u0131k uyum m\u00fckemmel olmal\u0131d\u0131r. Ayn\u0131 zamanlarda \u0131\u015f\u0131k \u00e7ok parlak olmamas\u0131, \u0131\u015f\u0131\u011f\u0131n y\u00fcze e\u015fit bir bi\u00e7imde da\u011f\u0131lm\u0131\u015f olmas\u0131 dikkat edilmelidir.<\/span><\/p>\n<h2><strong><span style=\"font-family: Roboto; font-size: 27px;\">\u0130zlanda Foto\u011fraf \u00d6l\u00e7\u00fc \u00d6zellikleri<\/span><\/strong><\/h2>\n<p><span style=\"font-family: Roboto; font-size: 14px;\"><strong>\u0130zlanda vize foto\u011fraf \u00f6l\u00e7\u00fcs\u00fc 2022<\/strong> y\u0131l\u0131na da 2021 y\u0131l\u0131nda ki \u015farta tabidir. \u0130zlanda\u00a0 vize sistemlerinde istenilen foto\u011fraf \u00f6l\u00e7\u00fcs\u00fc 35 x 45 mm\u2019dir.Pasaport ya da vize foto\u011fraf\u0131 \u00e7ektirmek, profil resmi i\u00e7in bir anl\u0131k foto\u011fraf daha fazla \u00e7aba gerektirmektedir. H\u00fck\u00fbmetin yerine getirmesi gereken kat\u0131 y\u00f6nergesi vard\u0131r ya da ba\u015fvuru geciktirebilir. <strong>\u0130zlanda vize<\/strong> i\u00e7in istenilen foto\u011fraf biyometri\u00a0 \u00f6zellikte olmal\u0131d\u0131r. Foto\u011fraflarda istenilen \u00f6zellik \u015funlard\u0131r:<\/span><\/p>\n<ul>\n<li><span style=\"font-family: Roboto; font-size: 14px;\">Y\u00fczde g\u00fcl\u00fcmseme ifadesi olmamal\u0131. A\u011f\u0131z tam kapal\u0131 olmas\u0131 ve di\u015f g\u00f6r\u00fcnmemeli.<\/span><\/li>\n<li><span style=\"font-family: Roboto; font-size: 14px;\">Foto\u011fraf renk bask\u0131l\u0131 olmal\u0131d\u0131r.<\/span><\/li>\n<li><span style=\"font-family: Roboto; font-size: 14px;\">Ba\u015f a\u00e7\u0131k olmal\u0131. Ancak din\u00ee inan\u00e7 nedeni ile kullan\u0131lan ba\u015f \u00f6rt\u00fcs\u00fcne izin verilir.\u00a0<\/span><\/li>\n<li><span style=\"font-family: Roboto; font-size: 14px;\">Y\u00fcz objektif direkt bakmal\u0131, ba\u015f a\u00e7\u0131l\u0131 \u015fekilde olacak bi\u00e7imde foto\u011fraf \u00e7ekilmemeli. Foto\u011frafa \u015fapka, bandan, bere, kasket kullan\u0131m\u0131 izin verilmez.<\/span><\/li>\n<li><span style=\"font-family: Roboto; font-size: 14px;\">Kullanacak g\u00f6zl\u00fc\u011f\u00fcn cam\u0131 renksiz olmal\u0131d\u0131r.<\/span><\/li>\n<li><span style=\"font-family: Roboto; font-size: 14px;\">Kulakta k\u00fcpeler, y\u00fczde piercing gibi tak\u0131lar olmamal\u0131d\u0131r.<\/span><\/li>\n<li><span style=\"font-family: Roboto; font-size: 14px;\">\u00c7ehre uzunlu\u011fu\u00a0 &#8211; al\u0131ndaki sa\u00e7 dibi ile alt \u00e7ene aras\u0131- asgari 30 mm. , azami 32 mm\u2019dir.<\/span><\/li>\n<li><span style=\"font-family: Roboto; font-size: 14px;\">Foto\u011fraf\u0131n fonu desensiz, beyaz olmal\u0131. Foto\u011fraf \u00fczeri herhangi bir g\u00f6lge d\u00fc\u015fmedi\u011finde emin olunmal\u0131d\u0131r.<\/span><\/li>\n<li><span style=\"font-family: Roboto; font-size: 14px;\">Foto\u011fraflarda ki\u015finin g\u00f6z bebeklerinde k\u0131rm\u0131z\u0131 noktalar olu\u015fmamal\u0131d\u0131r.<\/span><\/li>\n<li><span style=\"font-family: Roboto; font-size: 14px;\">Y\u00fczde tan\u0131nma zorla\u015ft\u0131racak abart\u0131 bir makyaja izin verilmez.\u00a0<\/span><\/li>\n<li><span style=\"font-family: Roboto; font-size: 14px;\">Ki\u015filerin sa\u00e7\u0131n\u0131n taranm\u0131\u015f ve toplu olmalar\u0131 istenmektedir. Kabar\u0131k, da\u011f\u0131n\u0131k &#8211; abart\u0131l\u0131 sa\u00e7 stiliyle foto\u011fraf \u00e7ekimlerine izin verilmez.<\/span><\/li>\n<\/ul>\n<h3><strong><span style=\"font-family: Roboto; font-size: 24px;\">\u0130zlanda Pasaport ve Vize Foto\u011fraf\u0131 Ayn\u0131 Olur mu?<\/span><\/strong><\/h3>\n<p><span style=\"font-family: Roboto; font-size: 14px;\">\u0130zlanda seyahatlerini planlayan ki\u015fi e\u011fer vize almaya muaf de\u011filse vize almal\u0131. Vize al\u0131rken gerekli \u015fartdan biri de vize foto\u011fraflar\u0131 almakt\u0131r. Bu foto\u011fraf vizenizin onaylamas\u0131 i\u00e7in zorunlu\u00a0 belgelerdir. Foto\u011fraflar\u0131n\u0131z olmadan g\u00f6nderilen vize ba\u015fvuru formu iptal edilecek veya\u00a0 foto\u011fraf vermeniz ko\u015fulu ile ileri bir tarihlere ertelenecek ya da uzat\u0131lacakt\u0131r. Bunun i\u00e7in vize foto\u011fraflar\u0131n\u0131 en ba\u015fta belgeniz aras\u0131na eklemek gerekmektedir. Foto\u011fraflarda herhangi bir efekt, g\u00f6lgelendirm ya da \u0131\u015f\u0131k lekesi olmamal\u0131d\u0131r. \u00c7ekilen foto\u011fraflar\u0131n kaliteli bir foto\u011fraf k\u00e2\u011f\u0131d\u0131 y\u00fcksek \u00e7\u00f6z\u00fcn\u00fcrl\u00fckte bas\u0131lmal\u0131. Foto\u011fraf ilk bak\u0131\u015fta ki\u015finin y\u00fcz\u00fc ve omuzunu a\u00e7\u0131k\u00e7a g\u00f6steriyor olmak gerekmektedir. Bunun i\u00e7in foto\u011fraf %70 ile %80\u2019ini ki\u015finin y\u00fcz\u00fcni olu\u015fturmal\u0131d\u0131r. Sa\u00e7lar y\u00fcz\u00fcn\u00fc kapatmamas\u0131, g\u00f6zler a\u00e7\u0131k olmal\u0131 ve kamera ya\u00a0 da objektife do\u011frudan bak\u0131yor olmal\u0131. Ba\u015f, e\u011fik olmamas\u0131, d\u00fcz durmas\u0131, foto\u011fraf kar\u015f\u0131dan \u00e7ekilmi\u015f olmas\u0131d\u0131r. Y\u00fcz\u00fcn ifadesi n\u00f6tr olmas\u0131, g\u00fcl\u00fcmseme olmamas\u0131, foto\u011fraf ki\u015finin y\u00fcz\u00fcne herhangi bir duygular\u0131 yans\u0131tmamal\u0131d\u0131r. Ki\u015fi g\u00f6zl\u00fck kullan\u0131yor ise cam\u0131 renksiz olmal\u0131, g\u00f6zleri a\u00e7\u0131k\u00e7a g\u00f6r\u00fcn\u00fcyor olmas\u0131, g\u00f6zl\u00fck \u00e7er\u00e7eveleri y\u00fcz\u00fc kapatcak kadar b\u00fcy\u00fck olmamas\u0131, ayr\u0131ca foto\u011fraf \u00fczerinde g\u00f6zl\u00fck cam\u0131nda kaynaklanan yans\u0131ma olmamal\u0131d\u0131r.<\/span><\/p>\n","protected":false},"excerpt":{"rendered":"<p>\u0130zlanda \u00fclkesinin vize uyum ko\u015fullar\u0131na g\u00f6re \u00f6rneklendirilmi\u015f biyometrik foto\u011frafta olmas\u0131 gerekli \u00f6zellikler a\u015fa\u011f\u0131daki gibidir; Maksimum son 90 g\u00fcn i\u00e7inde \u00e7ekilmi\u015f olmal\u0131. Ki\u015filerin g\u00fcncel halini temsil etmeli. Pasaportunda, daha \u00f6nceki vizede kullan\u0131lmam\u0131\u015f olmal\u0131. R\u00f6tu\u015fsuz, y\u00fczde g\u00f6lge olmayan beyaz fon \u00fczerinde olmal\u0131d\u0131r. Vize ba\u015fvurusu yapmak i\u00e7in belirli kurala uyulmas\u0131 gerekmektedir. \u0130zlanda vizesi ba\u015fvurusunda bulunacaklar foto\u011fraf \u00f6l\u00e7\u00fcs\u00fc konusunda<\/p>\n","protected":false},"author":1,"featured_media":0,"parent":172,"menu_order":0,"comment_status":"open","ping_status":"closed","template":"","meta":{"footnotes":""},"class_list":["post-191","page","type-page","status-publish","hentry"],"yoast_head":"<!-- This site is optimized with the Yoast SEO plugin v24.0 - https:\/\/yoast.com\/wordpress\/plugins\/seo\/ -->\n<title>\u0130zlanda Foto\u011fraf \u00d6l\u00e7\u00fcleri - MyVize Vize Ba\u015fvuru Merkezi<\/title>\n<meta name=\"description\" content=\"\u0130zlanda Foto\u011fraf \u00d6l\u00e7\u00fcleri Nas\u0131ld\u0131r? \u0130zlanda Foto\u011fraf \u00d6l\u00e7\u00fc \u00d6zellikleri Nelerdir? Bilgi \u0130\u00e7in Vize Uzmanlar\u0131m\u0131z\u0131 Aray\u0131n: 0850 346 84 93\" \/>\n<meta name=\"robots\" content=\"index, follow, max-snippet:-1, max-image-preview:large, max-video-preview:-1\" \/>\n<link rel=\"canonical\" href=\"https:\/\/www.myvize.com.tr\/izlanda\/form-ve-dilekce\/izlanda-fotograf-olculeri\/\" \/>\n<meta property=\"og:locale\" content=\"tr_TR\" \/>\n<meta property=\"og:type\" content=\"article\" \/>\n<meta property=\"og:title\" content=\"\u0130zlanda Foto\u011fraf \u00d6l\u00e7\u00fcleri - MyVize Vize Ba\u015fvuru Merkezi\" \/>\n<meta property=\"og:description\" content=\"\u0130zlanda Foto\u011fraf \u00d6l\u00e7\u00fcleri Nas\u0131ld\u0131r? \u0130zlanda Foto\u011fraf \u00d6l\u00e7\u00fc \u00d6zellikleri Nelerdir? Bilgi \u0130\u00e7in Vize Uzmanlar\u0131m\u0131z\u0131 Aray\u0131n: 0850 346 84 93\" \/>\n<meta property=\"og:url\" content=\"https:\/\/www.myvize.com.tr\/izlanda\/form-ve-dilekce\/izlanda-fotograf-olculeri\/\" \/>\n<meta property=\"og:site_name\" content=\"\u0130zlanda Vizesi\" \/>\n<meta property=\"article:modified_time\" content=\"2022-08-16T10:36:09+00:00\" \/>\n<meta property=\"og:image\" content=\"https:\/\/www.myvize.com.tr\/izlanda\/wp-content\/uploads\/2021\/09\/38.jpg\" \/>\n<meta name=\"twitter:card\" content=\"summary_large_image\" \/>\n<meta name=\"twitter:label1\" content=\"Tahmini okuma s\u00fcresi\" \/>\n\t<meta name=\"twitter:data1\" content=\"4 dakika\" \/>\n<script type=\"application\/ld+json\" class=\"yoast-schema-graph\">{\"@context\":\"https:\/\/schema.org\",\"@graph\":[{\"@type\":\"WebPage\",\"@id\":\"https:\/\/www.myvize.com.tr\/izlanda\/form-ve-dilekce\/izlanda-fotograf-olculeri\/\",\"url\":\"https:\/\/www.myvize.com.tr\/izlanda\/form-ve-dilekce\/izlanda-fotograf-olculeri\/\",\"name\":\"\u0130zlanda Foto\u011fraf \u00d6l\u00e7\u00fcleri - MyVize Vize Ba\u015fvuru Merkezi\",\"isPartOf\":{\"@id\":\"https:\/\/www.myvize.com.tr\/izlanda\/#website\"},\"primaryImageOfPage\":{\"@id\":\"https:\/\/www.myvize.com.tr\/izlanda\/form-ve-dilekce\/izlanda-fotograf-olculeri\/#primaryimage\"},\"image\":{\"@id\":\"https:\/\/www.myvize.com.tr\/izlanda\/form-ve-dilekce\/izlanda-fotograf-olculeri\/#primaryimage\"},\"thumbnailUrl\":\"https:\/\/www.myvize.com.tr\/izlanda\/wp-content\/uploads\/2021\/09\/38.jpg\",\"datePublished\":\"2020-12-25T06:55:52+00:00\",\"dateModified\":\"2022-08-16T10:36:09+00:00\",\"description\":\"\u0130zlanda Foto\u011fraf \u00d6l\u00e7\u00fcleri Nas\u0131ld\u0131r? \u0130zlanda Foto\u011fraf \u00d6l\u00e7\u00fc \u00d6zellikleri Nelerdir? Bilgi \u0130\u00e7in Vize Uzmanlar\u0131m\u0131z\u0131 Aray\u0131n: 0850 346 84 93\",\"breadcrumb\":{\"@id\":\"https:\/\/www.myvize.com.tr\/izlanda\/form-ve-dilekce\/izlanda-fotograf-olculeri\/#breadcrumb\"},\"inLanguage\":\"tr\",\"potentialAction\":[{\"@type\":\"ReadAction\",\"target\":[\"https:\/\/www.myvize.com.tr\/izlanda\/form-ve-dilekce\/izlanda-fotograf-olculeri\/\"]}]},{\"@type\":\"ImageObject\",\"inLanguage\":\"tr\",\"@id\":\"https:\/\/www.myvize.com.tr\/izlanda\/form-ve-dilekce\/izlanda-fotograf-olculeri\/#primaryimage\",\"url\":\"https:\/\/www.myvize.com.tr\/izlanda\/wp-content\/uploads\/2021\/09\/38.jpg\",\"contentUrl\":\"https:\/\/www.myvize.com.tr\/izlanda\/wp-content\/uploads\/2021\/09\/38.jpg\",\"width\":800,\"height\":500,\"caption\":\"\u0130zlanda Foto\u011fraf \u00d6l\u00e7\u00fcleri\"},{\"@type\":\"BreadcrumbList\",\"@id\":\"https:\/\/www.myvize.com.tr\/izlanda\/form-ve-dilekce\/izlanda-fotograf-olculeri\/#breadcrumb\",\"itemListElement\":[{\"@type\":\"ListItem\",\"position\":1,\"name\":\"Anasayfa\",\"item\":\"https:\/\/www.myvize.com.tr\/izlanda\/\"},{\"@type\":\"ListItem\",\"position\":2,\"name\":\"FORM VE D\u0130LEK\u00c7E\",\"item\":\"https:\/\/www.myvize.com.tr\/izlanda\/form-ve-dilekce\/\"},{\"@type\":\"ListItem\",\"position\":3,\"name\":\"\u0130zlanda Foto\u011fraf \u00d6l\u00e7\u00fcleri\"}]},{\"@type\":\"WebSite\",\"@id\":\"https:\/\/www.myvize.com.tr\/izlanda\/#website\",\"url\":\"https:\/\/www.myvize.com.tr\/izlanda\/\",\"name\":\"\u0130zlanda Vizesi\",\"description\":\"\",\"potentialAction\":[{\"@type\":\"SearchAction\",\"target\":{\"@type\":\"EntryPoint\",\"urlTemplate\":\"https:\/\/www.myvize.com.tr\/izlanda\/?s={search_term_string}\"},\"query-input\":{\"@type\":\"PropertyValueSpecification\",\"valueRequired\":true,\"valueName\":\"search_term_string\"}}],\"inLanguage\":\"tr\"}]}<\/script>\n<!-- \/ Yoast SEO plugin. -->","yoast_head_json":{"title":"\u0130zlanda Foto\u011fraf \u00d6l\u00e7\u00fcleri - MyVize Vize Ba\u015fvuru Merkezi","description":"\u0130zlanda Foto\u011fraf \u00d6l\u00e7\u00fcleri Nas\u0131ld\u0131r? \u0130zlanda Foto\u011fraf \u00d6l\u00e7\u00fc \u00d6zellikleri Nelerdir? Bilgi \u0130\u00e7in Vize Uzmanlar\u0131m\u0131z\u0131 Aray\u0131n: 0850 346 84 93","robots":{"index":"index","follow":"follow","max-snippet":"max-snippet:-1","max-image-preview":"max-image-preview:large","max-video-preview":"max-video-preview:-1"},"canonical":"https:\/\/www.myvize.com.tr\/izlanda\/form-ve-dilekce\/izlanda-fotograf-olculeri\/","og_locale":"tr_TR","og_type":"article","og_title":"\u0130zlanda Foto\u011fraf \u00d6l\u00e7\u00fcleri - MyVize Vize Ba\u015fvuru Merkezi","og_description":"\u0130zlanda Foto\u011fraf \u00d6l\u00e7\u00fcleri Nas\u0131ld\u0131r? \u0130zlanda Foto\u011fraf \u00d6l\u00e7\u00fc \u00d6zellikleri Nelerdir? Bilgi \u0130\u00e7in Vize Uzmanlar\u0131m\u0131z\u0131 Aray\u0131n: 0850 346 84 93","og_url":"https:\/\/www.myvize.com.tr\/izlanda\/form-ve-dilekce\/izlanda-fotograf-olculeri\/","og_site_name":"\u0130zlanda Vizesi","article_modified_time":"2022-08-16T10:36:09+00:00","og_image":[{"url":"https:\/\/www.myvize.com.tr\/izlanda\/wp-content\/uploads\/2021\/09\/38.jpg","type":"","width":"","height":""}],"twitter_card":"summary_large_image","twitter_misc":{"Tahmini okuma s\u00fcresi":"4 dakika"},"schema":{"@context":"https:\/\/schema.org","@graph":[{"@type":"WebPage","@id":"https:\/\/www.myvize.com.tr\/izlanda\/form-ve-dilekce\/izlanda-fotograf-olculeri\/","url":"https:\/\/www.myvize.com.tr\/izlanda\/form-ve-dilekce\/izlanda-fotograf-olculeri\/","name":"\u0130zlanda Foto\u011fraf \u00d6l\u00e7\u00fcleri - MyVize Vize Ba\u015fvuru Merkezi","isPartOf":{"@id":"https:\/\/www.myvize.com.tr\/izlanda\/#website"},"primaryImageOfPage":{"@id":"https:\/\/www.myvize.com.tr\/izlanda\/form-ve-dilekce\/izlanda-fotograf-olculeri\/#primaryimage"},"image":{"@id":"https:\/\/www.myvize.com.tr\/izlanda\/form-ve-dilekce\/izlanda-fotograf-olculeri\/#primaryimage"},"thumbnailUrl":"https:\/\/www.myvize.com.tr\/izlanda\/wp-content\/uploads\/2021\/09\/38.jpg","datePublished":"2020-12-25T06:55:52+00:00","dateModified":"2022-08-16T10:36:09+00:00","description":"\u0130zlanda Foto\u011fraf \u00d6l\u00e7\u00fcleri Nas\u0131ld\u0131r? \u0130zlanda Foto\u011fraf \u00d6l\u00e7\u00fc \u00d6zellikleri Nelerdir? Bilgi \u0130\u00e7in Vize Uzmanlar\u0131m\u0131z\u0131 Aray\u0131n: 0850 346 84 93","breadcrumb":{"@id":"https:\/\/www.myvize.com.tr\/izlanda\/form-ve-dilekce\/izlanda-fotograf-olculeri\/#breadcrumb"},"inLanguage":"tr","potentialAction":[{"@type":"ReadAction","target":["https:\/\/www.myvize.com.tr\/izlanda\/form-ve-dilekce\/izlanda-fotograf-olculeri\/"]}]},{"@type":"ImageObject","inLanguage":"tr","@id":"https:\/\/www.myvize.com.tr\/izlanda\/form-ve-dilekce\/izlanda-fotograf-olculeri\/#primaryimage","url":"https:\/\/www.myvize.com.tr\/izlanda\/wp-content\/uploads\/2021\/09\/38.jpg","contentUrl":"https:\/\/www.myvize.com.tr\/izlanda\/wp-content\/uploads\/2021\/09\/38.jpg","width":800,"height":500,"caption":"\u0130zlanda Foto\u011fraf \u00d6l\u00e7\u00fcleri"},{"@type":"BreadcrumbList","@id":"https:\/\/www.myvize.com.tr\/izlanda\/form-ve-dilekce\/izlanda-fotograf-olculeri\/#breadcrumb","itemListElement":[{"@type":"ListItem","position":1,"name":"Anasayfa","item":"https:\/\/www.myvize.com.tr\/izlanda\/"},{"@type":"ListItem","position":2,"name":"FORM VE D\u0130LEK\u00c7E","item":"https:\/\/www.myvize.com.tr\/izlanda\/form-ve-dilekce\/"},{"@type":"ListItem","position":3,"name":"\u0130zlanda Foto\u011fraf \u00d6l\u00e7\u00fcleri"}]},{"@type":"WebSite","@id":"https:\/\/www.myvize.com.tr\/izlanda\/#website","url":"https:\/\/www.myvize.com.tr\/izlanda\/","name":"\u0130zlanda Vizesi","description":"","potentialAction":[{"@type":"SearchAction","target":{"@type":"EntryPoint","urlTemplate":"https:\/\/www.myvize.com.tr\/izlanda\/?s={search_term_string}"},"query-input":{"@type":"PropertyValueSpecification","valueRequired":true,"valueName":"search_term_string"}}],"inLanguage":"tr"}]}},"_links":{"self":[{"href":"https:\/\/www.myvize.com.tr\/izlanda\/wp-json\/wp\/v2\/pages\/191","targetHints":{"allow":["GET"]}}],"collection":[{"href":"https:\/\/www.myvize.com.tr\/izlanda\/wp-json\/wp\/v2\/pages"}],"about":[{"href":"https:\/\/www.myvize.com.tr\/izlanda\/wp-json\/wp\/v2\/types\/page"}],"author":[{"embeddable":true,"href":"https:\/\/www.myvize.com.tr\/izlanda\/wp-json\/wp\/v2\/users\/1"}],"replies":[{"embeddable":true,"href":"https:\/\/www.myvize.com.tr\/izlanda\/wp-json\/wp\/v2\/comments?post=191"}],"version-history":[{"count":7,"href":"https:\/\/www.myvize.com.tr\/izlanda\/wp-json\/wp\/v2\/pages\/191\/revisions"}],"predecessor-version":[{"id":1088,"href":"https:\/\/www.myvize.com.tr\/izlanda\/wp-json\/wp\/v2\/pages\/191\/revisions\/1088"}],"up":[{"embeddable":true,"href":"https:\/\/www.myvize.com.tr\/izlanda\/wp-json\/wp\/v2\/pages\/172"}],"wp:attachment":[{"href":"https:\/\/www.myvize.com.tr\/izlanda\/wp-json\/wp\/v2\/media?parent=191"}],"curies":[{"name":"wp","href":"https:\/\/api.w.org\/{rel}","templated":true}]}}