{"id":195,"date":"2020-12-25T09:56:33","date_gmt":"2020-12-25T06:56:33","guid":{"rendered":"https:\/\/www.myvize.com.tr\/izlanda\/?page_id=195"},"modified":"2022-05-26T12:29:58","modified_gmt":"2022-05-26T09:29:58","slug":"turistik-vize-dilekce-ornegi","status":"publish","type":"page","link":"https:\/\/www.myvize.com.tr\/izlanda\/form-ve-dilekce\/turistik-vize-dilekce-ornegi\/","title":{"rendered":"\u0130zlanda Turistik Vize Dilek\u00e7e \u00d6rne\u011fi"},"content":{"rendered":"<h2><span style=\"font-family: Roboto; font-size: 27px;\"><strong>\u0130zlanda Turistik Vize Dilek\u00e7e \u00d6rne\u011fi Hakk\u0131nda<\/strong><\/span><\/h2>\n<p><span style=\"font-family: Roboto; font-size: 14px;\">\u0130zlanda&#8217;ya turistik ama\u00e7la seyahat edecek ki\u015filer \u00fclkeye yapaca\u011f\u0131 seyahate ili\u015fkin<span style=\"color: #2acec2;\"><strong><a style=\"color: #2acec2;\" href=\"https:\/\/www.myvize.com.tr\/izlanda\/konsolosluklar\/izlanda-istanbul-fahri-konsoloslugu\/\" target=\"_blank\" rel=\"noopener\"> \u0130zlanda \u0130stanbul Ba\u015fkonsoloslu\u011fu<\/a><\/strong><\/span> hitaben <a href=\"https:\/\/www.myvize.com.tr\/izlanda\/vize-islemleri\/izlanda-turistik-vize\/\" target=\"_blank\" rel=\"noopener\"><span style=\"color: #2acec2;\"><strong>\u0130zlanda turistik vize<\/strong><\/span><\/a> talep dilek\u00e7esi yazmal\u0131d\u0131r. \u0130zlanda turistik vize talep dilek\u00e7esi yaz\u0131l\u0131r dikkat edilmesi gereken husus a\u015fa\u011f\u0131daki gibidir.<\/span><br \/>\n<span style=\"font-family: Roboto; font-size: 14px;\">\u00dclkeye yap\u0131lacak seyahat amac\u0131 a\u00e7\u0131k \u015fekilde\u00a0ifade edilmelidir. \u00d6rne\u011fin; turistik bir tura kat\u0131lacak bir\u00a0ki\u015fi \u0130zlanda turistik vize\u00a0talep dilek\u00e7esine\u00a0kat\u0131laca\u011f\u0131 turdan bahsetmeli ve var ise\u00a0\u0130zlanda ile ilgili belgesini\u00a0dosyas\u0131na eklemelidir.<\/span><br \/>\n<span style=\"font-family: Roboto; font-size: 14px;\">Seyahat tarihi\u00a0a\u00e7\u0131k\u00e7a yaz\u0131lmal\u0131d\u0131r.<strong> \u0130zlanda turistik vize<\/strong>\u00a0ba\u015fvurusunda bulunacak ki\u015fi\u00a0\u0130zlanda turistik vize\u00a0talep dilek\u00e7esinde \u00fclkeye giri\u015f yapaca\u011f\u0131\u00a0tarihi, \u00fclkeden ayr\u0131laca\u011f\u0131\u00a0tarih ve ayn\u0131 s\u00fcre\u00e7 i\u00e7inde\u00a0ba\u015fka bir \u00fclkeye ge\u00e7i\u015f yapaca\u011f\u0131\u00a0\u0130zlanda seyahat var ise bu seyahatin tarihi de\u00a0a\u00e7\u0131k\u00e7a yazmal\u0131d\u0131r.<\/span><br \/>\n<span style=\"font-family: Roboto; font-size: 14px;\">Seyahat masraf\u0131n\u0131\u00a0nas\u0131l kar\u015f\u0131lanaca\u011f\u0131n\u0131 a\u00e7\u0131k\u00e7a ifade edilmelidir. <strong>\u0130zlanda turistik vizesi\u00a0<\/strong>talep dilek\u00e7esi yaz\u0131l\u0131rken ki\u015fi\u00a0seyahati s\u00fcresine\u00a0olu\u015facak (konaklama, transfer,kaza) masraf\u0131\u00a0nas\u0131l kar\u015f\u0131lanaca\u011f\u0131 net olarak ifade etmelidir.<\/span><br \/>\n<span style=\"font-family: Roboto; font-size: 14px;\"><strong>\u0130zlanda Konsoloslu\u011fu<\/strong>\u00a0turistik vize ba\u015fvurusuna\u00a0sunulan belge\u00a0ile <strong>\u0130zlanda turistik vize<\/strong> talep dilek\u00e7esine\u00a0yer verilen ifadenin\u00a0birbirini destekleyici olmas\u0131\u00a0dikkat edilmelidir.<\/span><\/p>\n<p><strong><span style=\"font-family: Roboto; font-size: 14px;\">\u0130ki dilek\u00e7e gerektiren durumlar \u015funlard\u0131r:<\/span><\/strong><\/p>\n<p><span style=\"font-family: Roboto; font-size: 14px;\">\u0130zlanda turistik<strong> vize ba\u015fvurusu<\/strong> yapacak ki\u015fi SGK\u2019l\u0131 \u00e7al\u0131\u015fansa, ki\u015fi\u00a0\u00e7al\u0131\u015ft\u0131\u011f\u0131 firma\u00a0yetkilisi taraf\u0131ndan, \u015firketin antetli ka\u011f\u0131d\u0131\u00a0ki\u015fi seyahat tarihinde izinli oldu\u011funu\u00a0beyan edildi\u011fi<strong> \u0130zlanda\u00a0turistik vize<\/strong> talep dilek\u00e7esi yaz\u0131lmal\u0131d\u0131r. \u0130zlanda turistik vize\u00a0ba\u015fvurusu yapacak ki\u015fi \u00f6\u011frenci veya\u00a0ev han\u0131m\u0131ysa, seyahat masraf\u0131n\u0131n kar\u015f\u0131lanmas\u0131 i\u00e7in sponsor\u00a0ihtiyac\u0131 olacakt\u0131r.<\/span><\/p>\n<p><img decoding=\"async\" src=\"https:\/\/www.myvize.com.tr\/izlanda\/wp-content\/uploads\/2021\/09\/35.jpg\" \/><\/p>\n<h2><strong><span style=\"font-family: Roboto; font-size: 27px;\">\u0130zlanda Turistik Vize Dilek\u00e7e \u00d6rne\u011fi Hakk\u0131nda<\/span><\/strong><\/h2>\n<p><span style=\"font-family: Roboto; font-size: 14px;\">\u0130zlanda\u2019ya turistik seyahatte bulunacak olan T\u00fcrk vatanda\u015flar\u0131n\u0131n, <strong>\u0130zlanda turistik vizesi<\/strong> almas\u0131 gerekmektedir. \u0130zlanda turistik vizesi alacak olan T\u00fcrk vatanda\u015flar\u0131 ise <strong>\u0130zlanda turistik vizesi<\/strong> i\u00e7in dilek\u00e7e yazmal\u0131d\u0131r.<\/span><\/p>\n<ul>\n<li><span style=\"font-family: Roboto; font-size: 14px;\"><strong>\u0130zlanda turistik vize dilek\u00e7esi<\/strong>, A4 ka\u011f\u0131d\u0131na yaz\u0131lmal\u0131d\u0131r. Ka\u011f\u0131tta bir y\u0131pranma ya da kir olmamal\u0131d\u0131r.<\/span><\/li>\n<li><span style=\"font-family: Roboto; font-size: 14px;\">Dilek\u00e7e resmi bir dille yaz\u0131lmal\u0131d\u0131r.<\/span><\/li>\n<li><span style=\"font-family: Roboto; font-size: 14px;\">Dilek\u00e7e elle ya da bilgisayar ile yaz\u0131labilir. Ancak \u0131slak imzal\u0131 olmas\u0131 zorunludur. El ile yaz\u0131lan dilek\u00e7elerin okunakl\u0131 olmas\u0131 gerekmektedir.<\/span><\/li>\n<li><span style=\"font-family: Roboto; font-size: 14px;\">\u0130spanyolca ya da \u0130ngilizce yaz\u0131lmal\u0131d\u0131r.<\/span><\/li>\n<li><span style=\"font-family: Roboto; font-size: 14px;\">Konsoloslu\u011fa hitaben yaz\u0131lmas\u0131 ve vize b\u00f6l\u00fcm\u00fcn\u00fcn dikkatine sunulmas\u0131 gerekmektedir.<\/span><\/li>\n<li><span style=\"font-family: Roboto; font-size: 14px;\">Seyahatiniz ile ilgili bilgiler vermelisiniz. Seyahat tarihleri, nerede konaklayaca\u011f\u0131n\u0131z gibi bilgiler olmal\u0131d\u0131r.<\/span><\/li>\n<\/ul>\n<p><span style=\"font-family: Roboto; font-size: 14px;\"><strong>\u0130zlanda turistik vize dilek\u00e7e \u00f6rne\u011fi;<\/strong><\/span><\/p>\n<p><span style=\"font-family: Roboto; font-size: 14px;\"><strong>\u0130zlanda B\u00fcy\u00fckel\u00e7ili\u011fi Ankara\u00a0\u00a0\u00a0\u00a0\u00a0\u00a0 \u00a0\u00a0\u00a0\u00a0\u00a0\u00a0\u00a0\u00a0\u00a0\u00a0\u00a0\u00a0\u00a0\u00a0\u00a0\u00a0\u00a0\u00a0\u00a0\u00a0\u00a0\u00a0\u00a0\u00a0\u00a0\u00a0\u00a0\u00a0\u00a0\u00a0\u00a0\u00a0\u00a0\u00a0\u00a0\u00a0\u00a0\u00a0\u00a0\u00a0\u00a0\u00a0\u00a0\u00a0\u00a0\u00a0\u00a0\u00a0\u00a0\u00a0\u00a0\u00a0\u00a0\u00a0\u00a0\u00a0\u00a0\u00a0\u00a0\u00a0\u00a0\u00a0\u00a0\u00a0\u00a0\u00a0\u00a0\u00a0\u00a0\u00a0\u00a0\u00a0\u00a0\u00a0\u00a0\u00a0\u00a0\u00a0\u00a0\u00a0 Tarih<\/strong><\/span><\/p>\n<p><span style=\"font-family: Roboto; font-size: 14px;\"><strong>Vize B\u00f6l\u00fcm\u00fc<\/strong><\/span><\/p>\n<p><span style=\"font-family: Roboto; font-size: 14px;\">Ben, Ali Sungurlu, 01.02.2021 ile 10.04.2021 tarihleri aras\u0131nda \u00fclkenizin Reykjavik \u015fehrine turistik ziyarette bulunaca\u011f\u0131m. Seyahatim s\u00fcresi boyunca Galaxy Pod Hostel\u2019de konaklayaca\u011f\u0131m.<\/span><\/p>\n<p><span style=\"font-family: Roboto; font-size: 14px;\">\u0130zlanda\u2019da kalaca\u011f\u0131m s\u00fcre i\u00e7erisindeki masraflar\u0131m\u0131 kendim kar\u015f\u0131layaca\u011f\u0131m. Vize bitiminden evvel \u0130zlanda\u2019dan ayr\u0131laca\u011f\u0131m ve \u0130zlanda sosyal ya\u015fam\u0131n\u0131, \u0130zlanda kamu d\u00fczenini tehlikeye sokacak davran\u0131\u015flarda bulunmayaca\u011f\u0131m. Gerekli olan \u0130zlanda turistik vizesinin verilmesini rica ederim.<\/span><\/p>\n<p><span style=\"font-family: Roboto; font-size: 14px;\">Sayg\u0131lar\u0131mla<\/span><\/p>\n<p><span style=\"font-family: Roboto; font-size: 14px;\"><strong>Ad- Soyad<\/strong><\/span><\/p>\n<p><span style=\"font-family: Roboto; font-size: 14px;\"><strong>\u0130mza<\/strong><\/span><\/p>\n","protected":false},"excerpt":{"rendered":"<p>\u0130zlanda Turistik Vize Dilek\u00e7e \u00d6rne\u011fi Hakk\u0131nda \u0130zlanda&#8217;ya turistik ama\u00e7la seyahat edecek ki\u015filer \u00fclkeye yapaca\u011f\u0131 seyahate ili\u015fkin \u0130zlanda \u0130stanbul Ba\u015fkonsoloslu\u011fu hitaben \u0130zlanda turistik vize talep dilek\u00e7esi yazmal\u0131d\u0131r. \u0130zlanda turistik vize talep dilek\u00e7esi yaz\u0131l\u0131r dikkat edilmesi gereken husus a\u015fa\u011f\u0131daki gibidir. \u00dclkeye yap\u0131lacak seyahat amac\u0131 a\u00e7\u0131k \u015fekilde\u00a0ifade edilmelidir. \u00d6rne\u011fin; turistik bir tura kat\u0131lacak bir\u00a0ki\u015fi \u0130zlanda turistik vize\u00a0talep dilek\u00e7esine\u00a0kat\u0131laca\u011f\u0131<\/p>\n","protected":false},"author":1,"featured_media":0,"parent":172,"menu_order":0,"comment_status":"open","ping_status":"closed","template":"","meta":{"footnotes":""},"class_list":["post-195","page","type-page","status-publish","hentry"],"yoast_head":"<!-- This site is optimized with the Yoast SEO plugin v24.0 - https:\/\/yoast.com\/wordpress\/plugins\/seo\/ -->\n<title>\u0130zlanda Turistik Vize Dilek\u00e7e \u00d6rne\u011fi - MyVize<\/title>\n<meta name=\"description\" content=\"\u0130zlanda Turistik Vize Dilek\u00e7e \u00d6rne\u011fi Nas\u0131l Yaz\u0131l\u0131r? \u0130zlanda Turistik Vize Dilek\u00e7e \u00d6rne\u011fi Nas\u0131l Olmal\u0131d\u0131r? Bilgi \u0130\u00e7in Aray\u0131n: 0850 346 84 93\" \/>\n<meta name=\"robots\" content=\"index, follow, max-snippet:-1, max-image-preview:large, max-video-preview:-1\" \/>\n<link rel=\"canonical\" href=\"https:\/\/www.myvize.com.tr\/izlanda\/form-ve-dilekce\/turistik-vize-dilekce-ornegi\/\" \/>\n<meta property=\"og:locale\" content=\"tr_TR\" \/>\n<meta property=\"og:type\" content=\"article\" \/>\n<meta property=\"og:title\" content=\"\u0130zlanda Turistik Vize Dilek\u00e7e \u00d6rne\u011fi - MyVize\" \/>\n<meta property=\"og:description\" content=\"\u0130zlanda Turistik Vize Dilek\u00e7e \u00d6rne\u011fi Nas\u0131l Yaz\u0131l\u0131r? \u0130zlanda Turistik Vize Dilek\u00e7e \u00d6rne\u011fi Nas\u0131l Olmal\u0131d\u0131r? Bilgi \u0130\u00e7in Aray\u0131n: 0850 346 84 93\" \/>\n<meta property=\"og:url\" content=\"https:\/\/www.myvize.com.tr\/izlanda\/form-ve-dilekce\/turistik-vize-dilekce-ornegi\/\" \/>\n<meta property=\"og:site_name\" content=\"\u0130zlanda Vizesi\" \/>\n<meta property=\"article:modified_time\" content=\"2022-05-26T09:29:58+00:00\" \/>\n<meta property=\"og:image\" content=\"https:\/\/www.myvize.com.tr\/izlanda\/wp-content\/uploads\/2021\/09\/35.jpg\" \/>\n<meta name=\"twitter:card\" content=\"summary_large_image\" \/>\n<meta name=\"twitter:label1\" content=\"Tahmini okuma s\u00fcresi\" \/>\n\t<meta name=\"twitter:data1\" content=\"2 dakika\" \/>\n<script type=\"application\/ld+json\" class=\"yoast-schema-graph\">{\"@context\":\"https:\/\/schema.org\",\"@graph\":[{\"@type\":\"WebPage\",\"@id\":\"https:\/\/www.myvize.com.tr\/izlanda\/form-ve-dilekce\/turistik-vize-dilekce-ornegi\/\",\"url\":\"https:\/\/www.myvize.com.tr\/izlanda\/form-ve-dilekce\/turistik-vize-dilekce-ornegi\/\",\"name\":\"\u0130zlanda Turistik Vize Dilek\u00e7e \u00d6rne\u011fi - MyVize\",\"isPartOf\":{\"@id\":\"https:\/\/www.myvize.com.tr\/izlanda\/#website\"},\"primaryImageOfPage\":{\"@id\":\"https:\/\/www.myvize.com.tr\/izlanda\/form-ve-dilekce\/turistik-vize-dilekce-ornegi\/#primaryimage\"},\"image\":{\"@id\":\"https:\/\/www.myvize.com.tr\/izlanda\/form-ve-dilekce\/turistik-vize-dilekce-ornegi\/#primaryimage\"},\"thumbnailUrl\":\"https:\/\/www.myvize.com.tr\/izlanda\/wp-content\/uploads\/2021\/09\/35.jpg\",\"datePublished\":\"2020-12-25T06:56:33+00:00\",\"dateModified\":\"2022-05-26T09:29:58+00:00\",\"description\":\"\u0130zlanda Turistik Vize Dilek\u00e7e \u00d6rne\u011fi Nas\u0131l Yaz\u0131l\u0131r? \u0130zlanda Turistik Vize Dilek\u00e7e \u00d6rne\u011fi Nas\u0131l Olmal\u0131d\u0131r? Bilgi \u0130\u00e7in Aray\u0131n: 0850 346 84 93\",\"breadcrumb\":{\"@id\":\"https:\/\/www.myvize.com.tr\/izlanda\/form-ve-dilekce\/turistik-vize-dilekce-ornegi\/#breadcrumb\"},\"inLanguage\":\"tr\",\"potentialAction\":[{\"@type\":\"ReadAction\",\"target\":[\"https:\/\/www.myvize.com.tr\/izlanda\/form-ve-dilekce\/turistik-vize-dilekce-ornegi\/\"]}]},{\"@type\":\"ImageObject\",\"inLanguage\":\"tr\",\"@id\":\"https:\/\/www.myvize.com.tr\/izlanda\/form-ve-dilekce\/turistik-vize-dilekce-ornegi\/#primaryimage\",\"url\":\"https:\/\/www.myvize.com.tr\/izlanda\/wp-content\/uploads\/2021\/09\/35.jpg\",\"contentUrl\":\"https:\/\/www.myvize.com.tr\/izlanda\/wp-content\/uploads\/2021\/09\/35.jpg\",\"width\":800,\"height\":500,\"caption\":\"\u0130zlanda Turistik Vize Dilek\u00e7e \u00d6rne\u011fi\"},{\"@type\":\"BreadcrumbList\",\"@id\":\"https:\/\/www.myvize.com.tr\/izlanda\/form-ve-dilekce\/turistik-vize-dilekce-ornegi\/#breadcrumb\",\"itemListElement\":[{\"@type\":\"ListItem\",\"position\":1,\"name\":\"Anasayfa\",\"item\":\"https:\/\/www.myvize.com.tr\/izlanda\/\"},{\"@type\":\"ListItem\",\"position\":2,\"name\":\"FORM VE D\u0130LEK\u00c7E\",\"item\":\"https:\/\/www.myvize.com.tr\/izlanda\/form-ve-dilekce\/\"},{\"@type\":\"ListItem\",\"position\":3,\"name\":\"\u0130zlanda Turistik Vize Dilek\u00e7e \u00d6rne\u011fi\"}]},{\"@type\":\"WebSite\",\"@id\":\"https:\/\/www.myvize.com.tr\/izlanda\/#website\",\"url\":\"https:\/\/www.myvize.com.tr\/izlanda\/\",\"name\":\"\u0130zlanda Vizesi\",\"description\":\"\",\"potentialAction\":[{\"@type\":\"SearchAction\",\"target\":{\"@type\":\"EntryPoint\",\"urlTemplate\":\"https:\/\/www.myvize.com.tr\/izlanda\/?s={search_term_string}\"},\"query-input\":{\"@type\":\"PropertyValueSpecification\",\"valueRequired\":true,\"valueName\":\"search_term_string\"}}],\"inLanguage\":\"tr\"}]}<\/script>\n<!-- \/ Yoast SEO plugin. -->","yoast_head_json":{"title":"\u0130zlanda Turistik Vize Dilek\u00e7e \u00d6rne\u011fi - MyVize","description":"\u0130zlanda Turistik Vize Dilek\u00e7e \u00d6rne\u011fi Nas\u0131l Yaz\u0131l\u0131r? \u0130zlanda Turistik Vize Dilek\u00e7e \u00d6rne\u011fi Nas\u0131l Olmal\u0131d\u0131r? Bilgi \u0130\u00e7in Aray\u0131n: 0850 346 84 93","robots":{"index":"index","follow":"follow","max-snippet":"max-snippet:-1","max-image-preview":"max-image-preview:large","max-video-preview":"max-video-preview:-1"},"canonical":"https:\/\/www.myvize.com.tr\/izlanda\/form-ve-dilekce\/turistik-vize-dilekce-ornegi\/","og_locale":"tr_TR","og_type":"article","og_title":"\u0130zlanda Turistik Vize Dilek\u00e7e \u00d6rne\u011fi - MyVize","og_description":"\u0130zlanda Turistik Vize Dilek\u00e7e \u00d6rne\u011fi Nas\u0131l Yaz\u0131l\u0131r? \u0130zlanda Turistik Vize Dilek\u00e7e \u00d6rne\u011fi Nas\u0131l Olmal\u0131d\u0131r? Bilgi \u0130\u00e7in Aray\u0131n: 0850 346 84 93","og_url":"https:\/\/www.myvize.com.tr\/izlanda\/form-ve-dilekce\/turistik-vize-dilekce-ornegi\/","og_site_name":"\u0130zlanda Vizesi","article_modified_time":"2022-05-26T09:29:58+00:00","og_image":[{"url":"https:\/\/www.myvize.com.tr\/izlanda\/wp-content\/uploads\/2021\/09\/35.jpg","type":"","width":"","height":""}],"twitter_card":"summary_large_image","twitter_misc":{"Tahmini okuma s\u00fcresi":"2 dakika"},"schema":{"@context":"https:\/\/schema.org","@graph":[{"@type":"WebPage","@id":"https:\/\/www.myvize.com.tr\/izlanda\/form-ve-dilekce\/turistik-vize-dilekce-ornegi\/","url":"https:\/\/www.myvize.com.tr\/izlanda\/form-ve-dilekce\/turistik-vize-dilekce-ornegi\/","name":"\u0130zlanda Turistik Vize Dilek\u00e7e \u00d6rne\u011fi - MyVize","isPartOf":{"@id":"https:\/\/www.myvize.com.tr\/izlanda\/#website"},"primaryImageOfPage":{"@id":"https:\/\/www.myvize.com.tr\/izlanda\/form-ve-dilekce\/turistik-vize-dilekce-ornegi\/#primaryimage"},"image":{"@id":"https:\/\/www.myvize.com.tr\/izlanda\/form-ve-dilekce\/turistik-vize-dilekce-ornegi\/#primaryimage"},"thumbnailUrl":"https:\/\/www.myvize.com.tr\/izlanda\/wp-content\/uploads\/2021\/09\/35.jpg","datePublished":"2020-12-25T06:56:33+00:00","dateModified":"2022-05-26T09:29:58+00:00","description":"\u0130zlanda Turistik Vize Dilek\u00e7e \u00d6rne\u011fi Nas\u0131l Yaz\u0131l\u0131r? \u0130zlanda Turistik Vize Dilek\u00e7e \u00d6rne\u011fi Nas\u0131l Olmal\u0131d\u0131r? Bilgi \u0130\u00e7in Aray\u0131n: 0850 346 84 93","breadcrumb":{"@id":"https:\/\/www.myvize.com.tr\/izlanda\/form-ve-dilekce\/turistik-vize-dilekce-ornegi\/#breadcrumb"},"inLanguage":"tr","potentialAction":[{"@type":"ReadAction","target":["https:\/\/www.myvize.com.tr\/izlanda\/form-ve-dilekce\/turistik-vize-dilekce-ornegi\/"]}]},{"@type":"ImageObject","inLanguage":"tr","@id":"https:\/\/www.myvize.com.tr\/izlanda\/form-ve-dilekce\/turistik-vize-dilekce-ornegi\/#primaryimage","url":"https:\/\/www.myvize.com.tr\/izlanda\/wp-content\/uploads\/2021\/09\/35.jpg","contentUrl":"https:\/\/www.myvize.com.tr\/izlanda\/wp-content\/uploads\/2021\/09\/35.jpg","width":800,"height":500,"caption":"\u0130zlanda Turistik Vize Dilek\u00e7e \u00d6rne\u011fi"},{"@type":"BreadcrumbList","@id":"https:\/\/www.myvize.com.tr\/izlanda\/form-ve-dilekce\/turistik-vize-dilekce-ornegi\/#breadcrumb","itemListElement":[{"@type":"ListItem","position":1,"name":"Anasayfa","item":"https:\/\/www.myvize.com.tr\/izlanda\/"},{"@type":"ListItem","position":2,"name":"FORM VE D\u0130LEK\u00c7E","item":"https:\/\/www.myvize.com.tr\/izlanda\/form-ve-dilekce\/"},{"@type":"ListItem","position":3,"name":"\u0130zlanda Turistik Vize Dilek\u00e7e \u00d6rne\u011fi"}]},{"@type":"WebSite","@id":"https:\/\/www.myvize.com.tr\/izlanda\/#website","url":"https:\/\/www.myvize.com.tr\/izlanda\/","name":"\u0130zlanda Vizesi","description":"","potentialAction":[{"@type":"SearchAction","target":{"@type":"EntryPoint","urlTemplate":"https:\/\/www.myvize.com.tr\/izlanda\/?s={search_term_string}"},"query-input":{"@type":"PropertyValueSpecification","valueRequired":true,"valueName":"search_term_string"}}],"inLanguage":"tr"}]}},"_links":{"self":[{"href":"https:\/\/www.myvize.com.tr\/izlanda\/wp-json\/wp\/v2\/pages\/195","targetHints":{"allow":["GET"]}}],"collection":[{"href":"https:\/\/www.myvize.com.tr\/izlanda\/wp-json\/wp\/v2\/pages"}],"about":[{"href":"https:\/\/www.myvize.com.tr\/izlanda\/wp-json\/wp\/v2\/types\/page"}],"author":[{"embeddable":true,"href":"https:\/\/www.myvize.com.tr\/izlanda\/wp-json\/wp\/v2\/users\/1"}],"replies":[{"embeddable":true,"href":"https:\/\/www.myvize.com.tr\/izlanda\/wp-json\/wp\/v2\/comments?post=195"}],"version-history":[{"count":6,"href":"https:\/\/www.myvize.com.tr\/izlanda\/wp-json\/wp\/v2\/pages\/195\/revisions"}],"predecessor-version":[{"id":1053,"href":"https:\/\/www.myvize.com.tr\/izlanda\/wp-json\/wp\/v2\/pages\/195\/revisions\/1053"}],"up":[{"embeddable":true,"href":"https:\/\/www.myvize.com.tr\/izlanda\/wp-json\/wp\/v2\/pages\/172"}],"wp:attachment":[{"href":"https:\/\/www.myvize.com.tr\/izlanda\/wp-json\/wp\/v2\/media?parent=195"}],"curies":[{"name":"wp","href":"https:\/\/api.w.org\/{rel}","templated":true}]}}