{"id":209,"date":"2020-12-25T09:59:23","date_gmt":"2020-12-25T06:59:23","guid":{"rendered":"https:\/\/www.myvize.com.tr\/izlanda\/?page_id=209"},"modified":"2022-01-11T14:15:00","modified_gmt":"2022-01-11T11:15:00","slug":"kayseri","status":"publish","type":"page","link":"https:\/\/www.myvize.com.tr\/izlanda\/subelerimiz\/kayseri\/","title":{"rendered":"Kayseri"},"content":{"rendered":"<h2><strong><span style=\"font-family: Roboto; font-size: 27px;\">\u0130zlanda Vize Ba\u015fvuru Merkezi, Kayseri<\/span><\/strong><\/h2>\n<p><span style=\"font-family: Roboto; font-size: 14px;\">Kayseri ve \u00e7evre illerde bulunan T\u00fcrk vatanda\u015flar\u0131 \u0130zlanda seyahatleri i\u00e7in vize t\u00fcr\u00fcne uygun, <strong>\u0130zlanda vizesi<\/strong> almal\u0131d\u0131r. \u0130zlanda seyahatleri i\u00e7in vize al\u0131nmas\u0131 zorunludur. Hizmet, Diplomatik ve Hususi Pasaport sahipleri \u0130zlanda vizesinden muaft\u0131r. <strong>\u0130zlanda vizesi<\/strong> alacak olan ki\u015filerin bulunduklar\u0131 illerden sorumlu olan vize merkezinden randevu almal\u0131d\u0131r.<\/span><\/p>\n<p><span style=\"font-family: Roboto; font-size: 14px;\">Kayseri ve \u00e7evre illerde ikamet eden T\u00fcrk vatanda\u015flar\u0131 vize ba\u015fvurular\u0131n\u0131 yetkilendirilmi\u015f <strong>\u0130zlanda vize ba\u015fvuru<\/strong> merkezine yapmal\u0131d\u0131r. Kayseri ve \u00e7evresinde ikamet eden T\u00fcrk vatanda\u015flar\u0131 i\u00e7in yetkilendirilmi\u015f vize merkezi <strong>VFS Global<\/strong> isimli \u015firkettir. Ba\u015fvurular\u0131 bu \u015firket kabul etmektedir.<\/span><\/p>\n<p><span style=\"font-family: Roboto; font-size: 14px;\"><strong>Kayseri \u0130zlanda vize merkezi<\/strong> ile vize ba\u015fvurusu yapacak olan ki\u015filer vize ba\u015fvurusu i\u00e7in \u00f6ncelikle <strong>\u0130zlanda vize ba\u015fvuru formu<\/strong> doldurulmal\u0131d\u0131r. Ard\u0131ndan ise Kayseri \u0130zlanda vize merkezi randevusu al\u0131nmas\u0131 gerekmektedir. Randevu tarihinde <strong>\u0130zlanda vizesi<\/strong> i\u00e7in gerekli olan belgeleri haz\u0131rlamal\u0131 ve Kayseri \u0130zlanda vize merkezindeki yetkililere teslim etmelidir. Ba\u015fvurular<strong> Kayseri \u0130zlanda vize<\/strong> merkezi taraf\u0131ndan \u0130zlanda temsilcili\u011fine g\u00f6nderilmektedir.<\/span><\/p>\n<p><span style=\"font-family: Roboto; font-size: 14px;\"><strong>Kayseri \u0130zlanda vize merkezi<\/strong> sadece \u0130zlanda vize ba\u015fvurular\u0131n\u0131 kabul etmektedir. Ba\u015fvurular\u0131 \u0130nceleme ve de\u011ferlendirme yetkisi \u0130zlanda\u2019n\u0131n T\u00fcrkiye\u2019deki temsilciliklerine aittir. Bunun nedeni T\u00fcrkiye\u2019de herhangi bir \u0130zlanda temsilcili\u011fi bulunmamas\u0131d\u0131r.<strong> \u0130zlanda H\u00fck\u00fcmeti<\/strong>, vize ba\u015fvurular\u0131n\u0131 de\u011ferlendirme yetkisini \u0130zlanda temsilciliklerine vermi\u015ftir.<\/span><\/p>\n<p><span style=\"font-family: Roboto; font-size: 14px;\"><span style=\"color: #2acec2;\"><strong><a style=\"color: #2acec2;\" href=\"https:\/\/www.myvize.com.tr\/izlanda\/vize-islemleri\/izlanda-vize-reddi\/\" target=\"_blank\" rel=\"noopener\">\u0130zlanda Vize Reddi<\/a><\/strong><\/span> ile ilgili bilgi almak i\u00e7in bizi aray\u0131n\u0131z.<\/span><\/p>\n","protected":false},"excerpt":{"rendered":"<p>\u0130zlanda Vize Ba\u015fvuru Merkezi, Kayseri Kayseri ve \u00e7evre illerde bulunan T\u00fcrk vatanda\u015flar\u0131 \u0130zlanda seyahatleri i\u00e7in vize t\u00fcr\u00fcne uygun, \u0130zlanda vizesi almal\u0131d\u0131r. \u0130zlanda seyahatleri i\u00e7in vize al\u0131nmas\u0131 zorunludur. Hizmet, Diplomatik ve Hususi Pasaport sahipleri \u0130zlanda vizesinden muaft\u0131r. \u0130zlanda vizesi alacak olan ki\u015filerin bulunduklar\u0131 illerden sorumlu olan vize merkezinden randevu almal\u0131d\u0131r. Kayseri ve \u00e7evre illerde ikamet eden<\/p>\n","protected":false},"author":1,"featured_media":0,"parent":178,"menu_order":0,"comment_status":"open","ping_status":"closed","template":"","meta":{"footnotes":""},"class_list":["post-209","page","type-page","status-publish","hentry"],"yoast_head":"<!-- This site is optimized with the Yoast SEO plugin v24.0 - https:\/\/yoast.com\/wordpress\/plugins\/seo\/ -->\n<title>\u0130zlanda Vizesi Kayseri Vize Ba\u015fvuru \u015eubesi - MyVize<\/title>\n<meta name=\"description\" content=\"\u0130zlanda Vizesi Kayseri Vize Ba\u015fvuru Merkezi. \u0130zlanda Vizesi Nas\u0131l Al\u0131n\u0131r? Ba\u015fvuru Yapmak \u0130\u00e7in Kayseri \u015eubemizi Aray\u0131n: 0850 346 84 93\" \/>\n<meta name=\"robots\" content=\"index, follow, max-snippet:-1, max-image-preview:large, max-video-preview:-1\" \/>\n<link rel=\"canonical\" href=\"https:\/\/www.myvize.com.tr\/izlanda\/subelerimiz\/kayseri\/\" \/>\n<meta property=\"og:locale\" content=\"tr_TR\" \/>\n<meta property=\"og:type\" content=\"article\" \/>\n<meta property=\"og:title\" content=\"\u0130zlanda Vizesi Kayseri Vize Ba\u015fvuru \u015eubesi - MyVize\" \/>\n<meta property=\"og:description\" content=\"\u0130zlanda Vizesi Kayseri Vize Ba\u015fvuru Merkezi. \u0130zlanda Vizesi Nas\u0131l Al\u0131n\u0131r? Ba\u015fvuru Yapmak \u0130\u00e7in Kayseri \u015eubemizi Aray\u0131n: 0850 346 84 93\" \/>\n<meta property=\"og:url\" content=\"https:\/\/www.myvize.com.tr\/izlanda\/subelerimiz\/kayseri\/\" \/>\n<meta property=\"og:site_name\" content=\"\u0130zlanda Vizesi\" \/>\n<meta property=\"article:modified_time\" content=\"2022-01-11T11:15:00+00:00\" \/>\n<meta name=\"twitter:card\" content=\"summary_large_image\" \/>\n<meta name=\"twitter:label1\" content=\"Tahmini okuma s\u00fcresi\" \/>\n\t<meta name=\"twitter:data1\" content=\"1 dakika\" \/>\n<script type=\"application\/ld+json\" class=\"yoast-schema-graph\">{\"@context\":\"https:\/\/schema.org\",\"@graph\":[{\"@type\":\"WebPage\",\"@id\":\"https:\/\/www.myvize.com.tr\/izlanda\/subelerimiz\/kayseri\/\",\"url\":\"https:\/\/www.myvize.com.tr\/izlanda\/subelerimiz\/kayseri\/\",\"name\":\"\u0130zlanda Vizesi Kayseri Vize Ba\u015fvuru \u015eubesi - MyVize\",\"isPartOf\":{\"@id\":\"https:\/\/www.myvize.com.tr\/izlanda\/#website\"},\"datePublished\":\"2020-12-25T06:59:23+00:00\",\"dateModified\":\"2022-01-11T11:15:00+00:00\",\"description\":\"\u0130zlanda Vizesi Kayseri Vize Ba\u015fvuru Merkezi. \u0130zlanda Vizesi Nas\u0131l Al\u0131n\u0131r? Ba\u015fvuru Yapmak \u0130\u00e7in Kayseri \u015eubemizi Aray\u0131n: 0850 346 84 93\",\"breadcrumb\":{\"@id\":\"https:\/\/www.myvize.com.tr\/izlanda\/subelerimiz\/kayseri\/#breadcrumb\"},\"inLanguage\":\"tr\",\"potentialAction\":[{\"@type\":\"ReadAction\",\"target\":[\"https:\/\/www.myvize.com.tr\/izlanda\/subelerimiz\/kayseri\/\"]}]},{\"@type\":\"BreadcrumbList\",\"@id\":\"https:\/\/www.myvize.com.tr\/izlanda\/subelerimiz\/kayseri\/#breadcrumb\",\"itemListElement\":[{\"@type\":\"ListItem\",\"position\":1,\"name\":\"Anasayfa\",\"item\":\"https:\/\/www.myvize.com.tr\/izlanda\/\"},{\"@type\":\"ListItem\",\"position\":2,\"name\":\"\u015eUBELER\u0130M\u0130Z\",\"item\":\"https:\/\/www.myvize.com.tr\/izlanda\/subelerimiz\/\"},{\"@type\":\"ListItem\",\"position\":3,\"name\":\"Kayseri\"}]},{\"@type\":\"WebSite\",\"@id\":\"https:\/\/www.myvize.com.tr\/izlanda\/#website\",\"url\":\"https:\/\/www.myvize.com.tr\/izlanda\/\",\"name\":\"\u0130zlanda Vizesi\",\"description\":\"\",\"potentialAction\":[{\"@type\":\"SearchAction\",\"target\":{\"@type\":\"EntryPoint\",\"urlTemplate\":\"https:\/\/www.myvize.com.tr\/izlanda\/?s={search_term_string}\"},\"query-input\":{\"@type\":\"PropertyValueSpecification\",\"valueRequired\":true,\"valueName\":\"search_term_string\"}}],\"inLanguage\":\"tr\"}]}<\/script>\n<!-- \/ Yoast SEO plugin. -->","yoast_head_json":{"title":"\u0130zlanda Vizesi Kayseri Vize Ba\u015fvuru \u015eubesi - MyVize","description":"\u0130zlanda Vizesi Kayseri Vize Ba\u015fvuru Merkezi. \u0130zlanda Vizesi Nas\u0131l Al\u0131n\u0131r? Ba\u015fvuru Yapmak \u0130\u00e7in Kayseri \u015eubemizi Aray\u0131n: 0850 346 84 93","robots":{"index":"index","follow":"follow","max-snippet":"max-snippet:-1","max-image-preview":"max-image-preview:large","max-video-preview":"max-video-preview:-1"},"canonical":"https:\/\/www.myvize.com.tr\/izlanda\/subelerimiz\/kayseri\/","og_locale":"tr_TR","og_type":"article","og_title":"\u0130zlanda Vizesi Kayseri Vize Ba\u015fvuru \u015eubesi - MyVize","og_description":"\u0130zlanda Vizesi Kayseri Vize Ba\u015fvuru Merkezi. \u0130zlanda Vizesi Nas\u0131l Al\u0131n\u0131r? Ba\u015fvuru Yapmak \u0130\u00e7in Kayseri \u015eubemizi Aray\u0131n: 0850 346 84 93","og_url":"https:\/\/www.myvize.com.tr\/izlanda\/subelerimiz\/kayseri\/","og_site_name":"\u0130zlanda Vizesi","article_modified_time":"2022-01-11T11:15:00+00:00","twitter_card":"summary_large_image","twitter_misc":{"Tahmini okuma s\u00fcresi":"1 dakika"},"schema":{"@context":"https:\/\/schema.org","@graph":[{"@type":"WebPage","@id":"https:\/\/www.myvize.com.tr\/izlanda\/subelerimiz\/kayseri\/","url":"https:\/\/www.myvize.com.tr\/izlanda\/subelerimiz\/kayseri\/","name":"\u0130zlanda Vizesi Kayseri Vize Ba\u015fvuru \u015eubesi - MyVize","isPartOf":{"@id":"https:\/\/www.myvize.com.tr\/izlanda\/#website"},"datePublished":"2020-12-25T06:59:23+00:00","dateModified":"2022-01-11T11:15:00+00:00","description":"\u0130zlanda Vizesi Kayseri Vize Ba\u015fvuru Merkezi. \u0130zlanda Vizesi Nas\u0131l Al\u0131n\u0131r? Ba\u015fvuru Yapmak \u0130\u00e7in Kayseri \u015eubemizi Aray\u0131n: 0850 346 84 93","breadcrumb":{"@id":"https:\/\/www.myvize.com.tr\/izlanda\/subelerimiz\/kayseri\/#breadcrumb"},"inLanguage":"tr","potentialAction":[{"@type":"ReadAction","target":["https:\/\/www.myvize.com.tr\/izlanda\/subelerimiz\/kayseri\/"]}]},{"@type":"BreadcrumbList","@id":"https:\/\/www.myvize.com.tr\/izlanda\/subelerimiz\/kayseri\/#breadcrumb","itemListElement":[{"@type":"ListItem","position":1,"name":"Anasayfa","item":"https:\/\/www.myvize.com.tr\/izlanda\/"},{"@type":"ListItem","position":2,"name":"\u015eUBELER\u0130M\u0130Z","item":"https:\/\/www.myvize.com.tr\/izlanda\/subelerimiz\/"},{"@type":"ListItem","position":3,"name":"Kayseri"}]},{"@type":"WebSite","@id":"https:\/\/www.myvize.com.tr\/izlanda\/#website","url":"https:\/\/www.myvize.com.tr\/izlanda\/","name":"\u0130zlanda Vizesi","description":"","potentialAction":[{"@type":"SearchAction","target":{"@type":"EntryPoint","urlTemplate":"https:\/\/www.myvize.com.tr\/izlanda\/?s={search_term_string}"},"query-input":{"@type":"PropertyValueSpecification","valueRequired":true,"valueName":"search_term_string"}}],"inLanguage":"tr"}]}},"_links":{"self":[{"href":"https:\/\/www.myvize.com.tr\/izlanda\/wp-json\/wp\/v2\/pages\/209","targetHints":{"allow":["GET"]}}],"collection":[{"href":"https:\/\/www.myvize.com.tr\/izlanda\/wp-json\/wp\/v2\/pages"}],"about":[{"href":"https:\/\/www.myvize.com.tr\/izlanda\/wp-json\/wp\/v2\/types\/page"}],"author":[{"embeddable":true,"href":"https:\/\/www.myvize.com.tr\/izlanda\/wp-json\/wp\/v2\/users\/1"}],"replies":[{"embeddable":true,"href":"https:\/\/www.myvize.com.tr\/izlanda\/wp-json\/wp\/v2\/comments?post=209"}],"version-history":[{"count":5,"href":"https:\/\/www.myvize.com.tr\/izlanda\/wp-json\/wp\/v2\/pages\/209\/revisions"}],"predecessor-version":[{"id":929,"href":"https:\/\/www.myvize.com.tr\/izlanda\/wp-json\/wp\/v2\/pages\/209\/revisions\/929"}],"up":[{"embeddable":true,"href":"https:\/\/www.myvize.com.tr\/izlanda\/wp-json\/wp\/v2\/pages\/178"}],"wp:attachment":[{"href":"https:\/\/www.myvize.com.tr\/izlanda\/wp-json\/wp\/v2\/media?parent=209"}],"curies":[{"name":"wp","href":"https:\/\/api.w.org\/{rel}","templated":true}]}}