{"id":312,"date":"2021-06-28T12:00:00","date_gmt":"2021-06-28T09:00:00","guid":{"rendered":"https:\/\/www.myvize.com.tr\/izlanda\/?page_id=312"},"modified":"2022-05-26T12:33:43","modified_gmt":"2022-05-26T09:33:43","slug":"izlanda-transit-vize","status":"publish","type":"page","link":"https:\/\/www.myvize.com.tr\/izlanda\/vize-islemleri\/izlanda-transit-vize\/","title":{"rendered":"\u0130zlanda Transit Vize"},"content":{"rendered":"<p><span style=\"font-family: Roboto;\"><\/span><\/p>\r\n<p><span style=\"font-family: Roboto; font-size: 14px;\">\u0130zlanda seyahati ger\u00e7ekle\u015ftirmek isteyenlerin vize almas\u0131 gerekir. Bordo pasaporta sahip olanlar vize almak zorundayken ye\u015fil, gri ve siyah pasaportlar\u0131 olanlar vizeden muaft\u0131rlar<strong>. \u0130zlanda transit vize<\/strong>\u00a0ise, k\u0131sa s\u00fcreli aktarmal\u0131 seyahatlerde al\u0131nmas\u0131 gereken vizelerdendir. Vize ba\u015fvurusunda bulunacak olanlar, vize t\u00fcrlerine g\u00f6re evraklar\u0131 haz\u0131rlamal\u0131d\u0131r.<\/span><\/p>\r\n<p><span style=\"font-family: Roboto; font-size: 14px;\">\r\n\r\n<\/span><\/p>\r\n<p><span style=\"font-family: Roboto; font-size: 14px;\">Transit vizesinin yan\u0131 s\u0131ra, turistik, aile ziyareti, \u00f6\u011frenci, \u015fof\u00f6r ya da ticari vizelerde al\u0131nabilir. Seyahat nedenine g\u00f6re, vize t\u00fcrleri aras\u0131nda se\u00e7imler yap\u0131labilir. T\u00fcrkiye\u2019de \u0130zlanda i\u00e7in diplomatik temsilcilik yoktur. Bu nedenle i\u015flemler <strong>\u0130zlanda Konsoloslu\u011fu<\/strong> \u00fczerinden yap\u0131l\u0131r. Bunun yan\u0131 s\u0131ra yetkili vize ba\u015fvuru merkezlerinden de <span style=\"color: #2acec2;\"><strong><a style=\"color: #2acec2;\" href=\"https:\/\/www.myvize.com.tr\/izlanda\/vize-islemleri\/\" target=\"_blank\" rel=\"noopener\">\u0130zlanda vize i\u015flemleri<\/a><\/strong><\/span> i\u00e7in yard\u0131m al\u0131nabilir.<\/span><\/p>\r\n<p><span style=\"font-family: Roboto; font-size: 14px;\"><\/span><\/p>\r\n<p><span style=\"font-family: Roboto; font-size: 14px;\"><img decoding=\"async\" src=\"https:\/\/www.myvize.com.tr\/izlanda\/wp-content\/uploads\/2021\/09\/14.jpg\" \/><\/span><\/p>\r\n<h2><strong><span style=\"font-family: Roboto; font-size: 27px;\">\u0130zlanda Transit Vize Nedir?<\/span><\/strong><\/h2>\r\n<p><span style=\"font-family: Roboto; font-size: 14px;\">Kendi arac\u0131 ile da aktarmal\u0131 olarak \u0130zlanda\u2019dan ge\u00e7ecek olan ki\u015fi, \u0130zlanda transit vizesini almal\u0131d\u0131r. Umuma Mahsus Pasaporta sahip olan T\u00fcrkiye Cumhuriyeti vatanda\u015f\u0131 \u0130zlanda transit vizelerine tabidir. Ancak Hususi (Ye\u015fil) Pasaport, Hizmeti (Gri) Pasaport ve Diplomatik (Siyah) Pasaport sahibi \u0130zlanda transit vizesinde muaft\u0131r. Ziyaret edece\u011finiz \u00fclke Schengen \u00fclkeleri ya da Avrupa Birli\u011fi \u00fclkeleri transit vizesi alman\u0131za gerek bulunmamakta. \u0130zlanda transit vizesi sahibi, transit vizesi ile \u0130zlanda\u2019da serbest dola\u015famaz. Aktarma olarak \u0130zlanda\u2019ya gidecek olan ki\u015finin \u0130zlanda havaalan\u0131 transit b\u00f6lgesinden \u00e7\u0131kmalar\u0131na izin verilmemektedir. Araba ve \u0130zlanda topra\u011f\u0131ndan ge\u00e7ecek olan ise \u0130zlanda transit vize ba\u015fvurusu s\u0131ras\u0131nda belirtilen g\u00fczergah d\u0131\u015f\u0131na \u00e7\u0131kmamal\u0131. \u0130zlanda transit vizesini almadan \u00f6nce as\u0131l olarak seyahat edilecek olan \u00fclkenin vizesini almal\u0131d\u0131r. \u0130zlanda transit vize ba\u015fvurusu s\u0131ras\u0131nda, as\u0131l olarak seyahat edilcek \u00fclkeye ait u\u00e7u\u015f bilgisini de belge aras\u0131nda bulundurmal\u0131s\u0131n\u0131z.<\/span><\/p>\r\n<h2><strong><span style=\"font-family: Roboto; font-size: 27px;\">\u0130zlanda Transit Vize Veriyor mu?<\/span><\/strong><\/h2>\r\n<p><span style=\"font-family: Roboto; font-size: 14px;\"><strong>\u0130zlanda transit vize,<\/strong> deniz yolculu\u011fu ve i\u015f ama\u00e7l\u0131 seyahat ediyorsa ve gemi \u00e7al\u0131\u015fan\u0131ysa veriliyor. \u0130\u015f amac\u0131 ve seyahatte bulunacaksa ve gemiciyse bu vizeyi almak gerekiyor. Ayr\u0131ca \u0130zlanda\u2019dan gemi yolu ve ge\u00e7erek seyahat edecekse vize alman\u0131z gerekiyor. Deniz yoluyla \u0130zlanda\u2019ya gidecekse, ve aktarma yapacaksa yine vize alman\u0131z gerekiyor. Ye\u015fil, k\u0131rm\u0131z\u0131 ile gri pasaport varsa <strong>\u0130zlanda\u2019ya vize ba\u015fvurusu<\/strong> yapman\u0131z gerek olmuyor. Bordo pasaport varsa ve Schengen vizeniz varsa yine transit vizesi alman\u0131za gerek olmuyor. <strong>\u0130zlanda vize s\u00fcreci<\/strong>, \u0130zlanda Konsoloslu\u011fu taraf\u0131ndan y\u00fcr\u00fct\u00fcl\u00fcyor.T\u00fcm prosed\u00fcr tamamlad\u0131\u011f\u0131n\u0131zda en ge\u00e7 10 i\u015f g\u00fcn sonunda vize ba\u015fvurunuz sonu\u00e7lan\u0131yor. \u0130zlanda transit vizesi ba\u015fvurusu ortalama 15 g\u00fcn i\u00e7inde sonu\u00e7lanmakta. Eksik ya da yanl\u0131\u015f belge teslimleri, konsoloslu\u011fun ek belgeleri talep etmesi ve konsoloslu\u011fu resmi tatil g\u00fcn\u00fc sebebiyle \u0130zlanda turist vizesi sonu\u00e7lanma s\u00fcreleri uzayabilmektedir.<\/span><\/p>\r\n<h2><strong><span style=\"font-family: Roboto; font-size: 27px;\">\u0130zlanda Transit Vize \u0130stiyor Mu?<\/span><\/strong><\/h2>\r\n<p><span style=\"font-family: Roboto; font-size: 14px;\">\u00dclkelere g\u00f6re de\u011fi\u015fmekte olan transit vize \u015fartlar\u0131n\u0131n \u0130zlanda\u2019da nas\u0131l oldu\u011funu \u00f6\u011frenmek i\u00e7in deneyimli personellerimizle ileti\u015fime ge\u00e7ebilirsiniz. \u0130\u015f gere\u011fi yapaca\u011f\u0131n\u0131z seyahatlerde, deniz yolculu\u011fa \u00e7\u0131kaca\u011f\u0131n\u0131zda veya gemi \u00e7al\u0131\u015fan\u0131 vazifesine sahip oldu\u011funuzda alabilece\u011finiz\u00a0<strong>\u0130zlanda Transit Vize \u0130stiyor Mu?<\/strong> Sorusuna yan\u0131t bulman\u0131z\u0131 sa\u011fl\u0131yoruz. \u0130zlanda\u2019dan gemi yolu ile ge\u00e7i\u015f yapman\u0131z gereken durumlar i\u00e7in mutlaka vize alman\u0131z gerekmektedir. Ayr\u0131ca deniz yolu ile yap\u0131lacak olan seyahatlerde ger\u00e7ekle\u015ftirilecek aktarmalar i\u00e7in bu zorunluluk bulunmaktad\u0131r. Ye\u015fil, k\u0131rm\u0131z\u0131 veya gri pasaporta sahip olan vatanda\u015flar\u0131n ise transit vize almalar\u0131 zorunlu de\u011fildir. Bordo pasaporta sahip olarak Schengen \u00fclkelerine y\u00f6nelik seyahatleri ger\u00e7ekle\u015ftirecek olan ki\u015filerin transit vize alma zorunlulu\u011fu bulunmamaktad\u0131r.<strong> \u0130zlanda Konsoloslu\u011fu<\/strong> arac\u0131l\u0131\u011f\u0131yla y\u00fcr\u00fct\u00fclmekte olan i\u015flemler hakk\u0131nda detayl\u0131 bilgileri almaya ba\u015flayabilirsiniz. Biyometrik foto\u011fraf, pasaport, denizcilik firmas\u0131na ait dok\u00fcmanlar, ba\u015fvuru dilek\u00e7esi, gemici c\u00fczdan\u0131n\u0131n fotokopisi ve s\u00f6zle\u015fmeler ile ba\u015fvurular\u0131n do\u011fru bi\u00e7imde yap\u0131lmas\u0131na \u00f6zen g\u00f6sterilmektedir. Gemi garsonu oldu\u011funuzu ispat edecek davetiye yaz\u0131s\u0131, s\u00f6zle\u015fme, pasaport, ikametgah ve ba\u015fvuru dilek\u00e7esine ait detaylar\u0131 sizlerle payla\u015f\u0131yoruz. Bu sayede u\u00e7u\u015f bilgilerinizi de dahil edece\u011finiz belgeleri haz\u0131rlayabilir ve itinal\u0131 bir \u015fekilde ba\u015fvurabilirsiniz.<\/span><\/p>\r\n<p><span style=\"font-family: Roboto; font-size: 14px;\"><\/span><\/p>\r\n<p><img decoding=\"async\" src=\"https:\/\/www.myvize.com.tr\/izlanda\/wp-content\/uploads\/2021\/10\/61.jpg\" \/><\/p>\r\n<h2><strong><span style=\"font-family: Roboto; font-size: 27px;\">\u0130zlanda Transit Vize Nas\u0131l Al\u0131n\u0131r?<\/span><\/strong><\/h2>\r\n<p><span style=\"font-family: Roboto; font-size: 14px;\">Transit vizesi, bir \u00fclkeye giderken ba\u015fka bir \u00fclkeden aktarma yap\u0131lmas\u0131 gereken durumda aktarma yap\u0131lacak \u00fclkelerden al\u0131nmas\u0131 gereken k\u0131sa s\u00fcre bir vize t\u00fcr\u00fcd\u00fcr. \u0130zlanda transit vize, \u0130zlanda \u00fczerinde ba\u015fka bir \u00fclkeye aktarma yap\u0131lmas\u0131 gereken durumda al\u0131nmas\u0131 gereken k\u0131sa s\u00fcre vize t\u00fcr\u00fcd\u00fcr. T\u00fcrkiye Cumhuriyeti vatanda\u015f\u0131 \u0130zlanda i\u00e7in vize almas\u0131 zorunludur. Ye\u015fil, k\u0131rm\u0131z\u0131 ile gri pasaport varsa<strong> \u0130zlanda\u2019ya vize ba\u015fvurusu<\/strong> yapman\u0131z gerek olmuyor. Bordo pasaport varsa ve Schengen vizeniz varsa yine transit vizesi alman\u0131za gerek olmuyor. \u0130zlanda vize s\u00fcreci, \u0130zlanda Konsoloslu\u011fu taraf\u0131ndan y\u00fcr\u00fct\u00fcl\u00fcyor.T\u00fcm prosed\u00fcr tamamlad\u0131\u011f\u0131n\u0131zda en ge\u00e7 10 i\u015f g\u00fcn sonunda vize ba\u015fvurunuz sonu\u00e7lan\u0131yor. \u0130zlanda transit vizesi ba\u015fvurusu ortalama 15 g\u00fcn i\u00e7inde sonu\u00e7lanmakta. Eksik ya da yanl\u0131\u015f belge teslimleri, konsoloslu\u011fun ek belgeleri talep etmesi ve konsoloslu\u011fu resmi tatil g\u00fcn\u00fc sebebiyle <strong>\u0130zlanda turist vizesi<\/strong> sonu\u00e7lanma s\u00fcreleri uzayabilmektedir.<\/span><\/p>\r\n<h3><strong><span style=\"font-family: Roboto; font-size: 24px;\">\u0130zlanda Transit Vize Nereden Al\u0131n\u0131r?<\/span><\/strong><\/h3>\r\n<p><span style=\"font-family: Roboto; font-size: 14px;\"><strong>\u0130zlanda transit vize,<\/strong> ba\u015fvurusu i\u00e7in yetkilendirilmi\u015f \u0130zlanda vize ba\u015fvuru merkezine ba\u015fvuruda bulunmal\u0131s\u0131nz. \u0130zlanda vize ba\u015fvuru merkezlerine ba\u015fvuruda bulunmak i\u00e7in \u00f6ncelikle \u0130zlanda vize ba\u015fvuru form doldurmal\u0131s\u0131n\u0131z. Ard\u0131ndan ba\u015fvuru yapaca\u011f\u0131n\u0131z \u0130zlanda vizesi ba\u015fvuru merkezlerinden randevu alman\u0131z gerekmektedir. Randevu zaman\u0131na belgeleri vize ba\u015fvuru merkezlerinde bulunan yetkiliye teslim etmeniz gerekmekte. \u0130zlanda\u2019n\u0131n T\u00fcrkiye\u2019de resmi temsilcili\u011fini verilmemektedir. \u0130zlanda vizesi kabul etme, incelemek ve de\u011ferlendirme yetkisi \u0130zlanda temsilcili\u011fine aittir. \u00a0\u0130zlanda transit vizesi al\u0131nmas\u0131 gerekiyorsa \u00f6ncelikle \u0130zlanda transit vizesi ba\u015fvuru formu, \u0130zlanda Konsoloslu\u011funun sitesinden online olarak doldurulmal\u0131 ve vize ba\u015fvuru \u00fccretleri \u00f6denmelidir. \u0130zlanda transit vize i\u00e7in gerekli olan belge haz\u0131rlanmal\u0131 ve en yak\u0131n vize ba\u015fvuru merkezlerinden randevu al\u0131nmal\u0131. Randevu tarihlerinde, t\u00fcm gerekli evrakla birlikte vize ba\u015fvuru merkezlerinde olunmal\u0131d\u0131r. Ba\u015fvuru yap\u0131lmas\u0131 ve \u0130zlanda transit vize i\u00e7in gerekli olan ba\u015fvuru \u00fccretleri \u00f6denmelidir.\u00a0<\/span><\/p>\r\n<h3><span style=\"font-family: Roboto; font-size: 24px;\"><strong>\u0130zlanda Transit Vize \u015eartlar\u0131<\/strong><\/span><\/h3>\r\n<p><span style=\"font-family: Roboto; font-size: 14px;\">\r\n\r\n<\/span><\/p>\r\n<p><span style=\"font-family: Roboto; font-size: 14px;\"><strong>\u0130zlanda transit vizesinde<\/strong> ve di\u011fer t\u00fcm vize \u00e7e\u015fitlerinde, vize ba\u015fvurusunun eksiksiz ve do\u011fru olarak yap\u0131lmas\u0131 gerekir. <span style=\"color: #2acec2;\"><strong><a style=\"color: #2acec2;\" href=\"https:\/\/www.myvize.com.tr\/izlanda\/vize-islemleri\/izlanda-vize-basvuru-formu\/\" target=\"_blank\" rel=\"noopener\">\u0130zlanda Vize ba\u015fvuru formu<\/a><\/strong><\/span> d\u0131\u015f\u0131nda farkl\u0131 vize \u015fartlar\u0131 da vard\u0131r. Bunlar evraklarla alakal\u0131 olup dikkatli olarak yap\u0131lmas\u0131 gerekir. <strong>\u0130zlanda transit vizesi<\/strong>, kolay bir prosed\u00fcr ile verilir. \u00d6nemli olan vize \u015fartlar\u0131n\u0131n sorunsuz olarak yerine getirilmesidir.<\/span><\/p>\r\n<p><span style=\"font-family: Roboto; font-size: 14px;\">\r\n\r\n<\/span><\/p>\r\n<p><span style=\"font-family: Roboto; font-size: 14px;\">B\u00f6ylece kolayca al\u0131nabilir ve seyahatler sorunsuz olarak yerine getirilebilir. Aktarmal\u0131 olan u\u00e7u\u015flar, direk u\u00e7u\u015flara nazaran daha \u00e7ok tercih edilir. Bu da transit vizeleri daha da gerekli hale getirir. Farkl\u0131 bir \u00fclkede tatil yapmak isteyenlerin, gidecekleri olan \u00fclkeye seyahat etmek istemeden \u00f6nce transit vize isteyip istemedi\u011fine dikkat etmesi gerekir. Aksi takdirde tatil ya da ziyaret \u00f6ncesinde bir \u00e7ok sorunla kar\u015f\u0131la\u015f\u0131labilir.<\/span><\/p>","protected":false},"excerpt":{"rendered":"<p>\u0130zlanda seyahati ger\u00e7ekle\u015ftirmek isteyenlerin vize almas\u0131 gerekir. Bordo pasaporta sahip olanlar vize almak zorundayken ye\u015fil, gri ve siyah pasaportlar\u0131 olanlar vizeden muaft\u0131rlar. \u0130zlanda transit vize\u00a0ise, k\u0131sa s\u00fcreli aktarmal\u0131 seyahatlerde al\u0131nmas\u0131 gereken vizelerdendir. Vize ba\u015fvurusunda bulunacak olanlar, vize t\u00fcrlerine g\u00f6re evraklar\u0131 haz\u0131rlamal\u0131d\u0131r. Transit vizesinin yan\u0131 s\u0131ra, turistik, aile ziyareti, \u00f6\u011frenci, \u015fof\u00f6r ya da ticari vizelerde al\u0131nabilir.<\/p>\n","protected":false},"author":1,"featured_media":0,"parent":18,"menu_order":0,"comment_status":"open","ping_status":"closed","template":"","meta":{"footnotes":""},"class_list":["post-312","page","type-page","status-publish","hentry"],"yoast_head":"<!-- This site is optimized with the Yoast SEO plugin v24.0 - https:\/\/yoast.com\/wordpress\/plugins\/seo\/ -->\n<title>\u0130zlanda Transit Vize - \u0130zlanda Vize Ba\u015fvurusu - MyVize<\/title>\n<meta name=\"description\" content=\"\u0130zlanda Transit Vizesi almak i\u00e7in gerekli t\u00fcm evraklar listesi 2022 hemen t\u0131kla! \u0130zlanda Vize Randevusu i\u00e7in hemen ara: 0850 346 84 93\" \/>\n<meta name=\"robots\" content=\"index, follow, max-snippet:-1, max-image-preview:large, max-video-preview:-1\" \/>\n<link rel=\"canonical\" href=\"https:\/\/www.myvize.com.tr\/izlanda\/vize-islemleri\/izlanda-transit-vize\/\" \/>\n<meta property=\"og:locale\" content=\"tr_TR\" \/>\n<meta property=\"og:type\" content=\"article\" \/>\n<meta property=\"og:title\" content=\"\u0130zlanda Transit Vize - \u0130zlanda Vize Ba\u015fvurusu - MyVize\" \/>\n<meta property=\"og:description\" content=\"\u0130zlanda Transit Vizesi almak i\u00e7in gerekli t\u00fcm evraklar listesi 2022 hemen t\u0131kla! \u0130zlanda Vize Randevusu i\u00e7in hemen ara: 0850 346 84 93\" \/>\n<meta property=\"og:url\" content=\"https:\/\/www.myvize.com.tr\/izlanda\/vize-islemleri\/izlanda-transit-vize\/\" \/>\n<meta property=\"og:site_name\" content=\"\u0130zlanda Vizesi\" \/>\n<meta property=\"article:modified_time\" content=\"2022-05-26T09:33:43+00:00\" \/>\n<meta property=\"og:image\" content=\"https:\/\/www.myvize.com.tr\/izlanda\/wp-content\/uploads\/2021\/09\/14.jpg\" \/>\n<meta name=\"twitter:card\" content=\"summary_large_image\" \/>\n<meta name=\"twitter:label1\" content=\"Tahmini okuma s\u00fcresi\" \/>\n\t<meta name=\"twitter:data1\" content=\"5 dakika\" \/>\n<script type=\"application\/ld+json\" class=\"yoast-schema-graph\">{\"@context\":\"https:\/\/schema.org\",\"@graph\":[{\"@type\":\"WebPage\",\"@id\":\"https:\/\/www.myvize.com.tr\/izlanda\/vize-islemleri\/izlanda-transit-vize\/\",\"url\":\"https:\/\/www.myvize.com.tr\/izlanda\/vize-islemleri\/izlanda-transit-vize\/\",\"name\":\"\u0130zlanda Transit Vize - \u0130zlanda Vize Ba\u015fvurusu - MyVize\",\"isPartOf\":{\"@id\":\"https:\/\/www.myvize.com.tr\/izlanda\/#website\"},\"primaryImageOfPage\":{\"@id\":\"https:\/\/www.myvize.com.tr\/izlanda\/vize-islemleri\/izlanda-transit-vize\/#primaryimage\"},\"image\":{\"@id\":\"https:\/\/www.myvize.com.tr\/izlanda\/vize-islemleri\/izlanda-transit-vize\/#primaryimage\"},\"thumbnailUrl\":\"https:\/\/www.myvize.com.tr\/izlanda\/wp-content\/uploads\/2021\/09\/14.jpg\",\"datePublished\":\"2021-06-28T09:00:00+00:00\",\"dateModified\":\"2022-05-26T09:33:43+00:00\",\"description\":\"\u0130zlanda Transit Vizesi almak i\u00e7in gerekli t\u00fcm evraklar listesi 2022 hemen t\u0131kla! \u0130zlanda Vize Randevusu i\u00e7in hemen ara: 0850 346 84 93\",\"breadcrumb\":{\"@id\":\"https:\/\/www.myvize.com.tr\/izlanda\/vize-islemleri\/izlanda-transit-vize\/#breadcrumb\"},\"inLanguage\":\"tr\",\"potentialAction\":[{\"@type\":\"ReadAction\",\"target\":[\"https:\/\/www.myvize.com.tr\/izlanda\/vize-islemleri\/izlanda-transit-vize\/\"]}]},{\"@type\":\"ImageObject\",\"inLanguage\":\"tr\",\"@id\":\"https:\/\/www.myvize.com.tr\/izlanda\/vize-islemleri\/izlanda-transit-vize\/#primaryimage\",\"url\":\"https:\/\/www.myvize.com.tr\/izlanda\/wp-content\/uploads\/2021\/09\/14.jpg\",\"contentUrl\":\"https:\/\/www.myvize.com.tr\/izlanda\/wp-content\/uploads\/2021\/09\/14.jpg\",\"width\":800,\"height\":500,\"caption\":\"\u0130zlanda Transit Vize\"},{\"@type\":\"BreadcrumbList\",\"@id\":\"https:\/\/www.myvize.com.tr\/izlanda\/vize-islemleri\/izlanda-transit-vize\/#breadcrumb\",\"itemListElement\":[{\"@type\":\"ListItem\",\"position\":1,\"name\":\"Anasayfa\",\"item\":\"https:\/\/www.myvize.com.tr\/izlanda\/\"},{\"@type\":\"ListItem\",\"position\":2,\"name\":\"V\u0130ZE \u0130\u015eLEMLER\u0130\",\"item\":\"https:\/\/www.myvize.com.tr\/izlanda\/vize-islemleri\/\"},{\"@type\":\"ListItem\",\"position\":3,\"name\":\"\u0130zlanda Transit Vize\"}]},{\"@type\":\"WebSite\",\"@id\":\"https:\/\/www.myvize.com.tr\/izlanda\/#website\",\"url\":\"https:\/\/www.myvize.com.tr\/izlanda\/\",\"name\":\"\u0130zlanda Vizesi\",\"description\":\"\",\"potentialAction\":[{\"@type\":\"SearchAction\",\"target\":{\"@type\":\"EntryPoint\",\"urlTemplate\":\"https:\/\/www.myvize.com.tr\/izlanda\/?s={search_term_string}\"},\"query-input\":{\"@type\":\"PropertyValueSpecification\",\"valueRequired\":true,\"valueName\":\"search_term_string\"}}],\"inLanguage\":\"tr\"}]}<\/script>\n<!-- \/ Yoast SEO plugin. -->","yoast_head_json":{"title":"\u0130zlanda Transit Vize - \u0130zlanda Vize Ba\u015fvurusu - MyVize","description":"\u0130zlanda Transit Vizesi almak i\u00e7in gerekli t\u00fcm evraklar listesi 2022 hemen t\u0131kla! \u0130zlanda Vize Randevusu i\u00e7in hemen ara: 0850 346 84 93","robots":{"index":"index","follow":"follow","max-snippet":"max-snippet:-1","max-image-preview":"max-image-preview:large","max-video-preview":"max-video-preview:-1"},"canonical":"https:\/\/www.myvize.com.tr\/izlanda\/vize-islemleri\/izlanda-transit-vize\/","og_locale":"tr_TR","og_type":"article","og_title":"\u0130zlanda Transit Vize - \u0130zlanda Vize Ba\u015fvurusu - MyVize","og_description":"\u0130zlanda Transit Vizesi almak i\u00e7in gerekli t\u00fcm evraklar listesi 2022 hemen t\u0131kla! \u0130zlanda Vize Randevusu i\u00e7in hemen ara: 0850 346 84 93","og_url":"https:\/\/www.myvize.com.tr\/izlanda\/vize-islemleri\/izlanda-transit-vize\/","og_site_name":"\u0130zlanda Vizesi","article_modified_time":"2022-05-26T09:33:43+00:00","og_image":[{"url":"https:\/\/www.myvize.com.tr\/izlanda\/wp-content\/uploads\/2021\/09\/14.jpg","type":"","width":"","height":""}],"twitter_card":"summary_large_image","twitter_misc":{"Tahmini okuma s\u00fcresi":"5 dakika"},"schema":{"@context":"https:\/\/schema.org","@graph":[{"@type":"WebPage","@id":"https:\/\/www.myvize.com.tr\/izlanda\/vize-islemleri\/izlanda-transit-vize\/","url":"https:\/\/www.myvize.com.tr\/izlanda\/vize-islemleri\/izlanda-transit-vize\/","name":"\u0130zlanda Transit Vize - \u0130zlanda Vize Ba\u015fvurusu - MyVize","isPartOf":{"@id":"https:\/\/www.myvize.com.tr\/izlanda\/#website"},"primaryImageOfPage":{"@id":"https:\/\/www.myvize.com.tr\/izlanda\/vize-islemleri\/izlanda-transit-vize\/#primaryimage"},"image":{"@id":"https:\/\/www.myvize.com.tr\/izlanda\/vize-islemleri\/izlanda-transit-vize\/#primaryimage"},"thumbnailUrl":"https:\/\/www.myvize.com.tr\/izlanda\/wp-content\/uploads\/2021\/09\/14.jpg","datePublished":"2021-06-28T09:00:00+00:00","dateModified":"2022-05-26T09:33:43+00:00","description":"\u0130zlanda Transit Vizesi almak i\u00e7in gerekli t\u00fcm evraklar listesi 2022 hemen t\u0131kla! \u0130zlanda Vize Randevusu i\u00e7in hemen ara: 0850 346 84 93","breadcrumb":{"@id":"https:\/\/www.myvize.com.tr\/izlanda\/vize-islemleri\/izlanda-transit-vize\/#breadcrumb"},"inLanguage":"tr","potentialAction":[{"@type":"ReadAction","target":["https:\/\/www.myvize.com.tr\/izlanda\/vize-islemleri\/izlanda-transit-vize\/"]}]},{"@type":"ImageObject","inLanguage":"tr","@id":"https:\/\/www.myvize.com.tr\/izlanda\/vize-islemleri\/izlanda-transit-vize\/#primaryimage","url":"https:\/\/www.myvize.com.tr\/izlanda\/wp-content\/uploads\/2021\/09\/14.jpg","contentUrl":"https:\/\/www.myvize.com.tr\/izlanda\/wp-content\/uploads\/2021\/09\/14.jpg","width":800,"height":500,"caption":"\u0130zlanda Transit Vize"},{"@type":"BreadcrumbList","@id":"https:\/\/www.myvize.com.tr\/izlanda\/vize-islemleri\/izlanda-transit-vize\/#breadcrumb","itemListElement":[{"@type":"ListItem","position":1,"name":"Anasayfa","item":"https:\/\/www.myvize.com.tr\/izlanda\/"},{"@type":"ListItem","position":2,"name":"V\u0130ZE \u0130\u015eLEMLER\u0130","item":"https:\/\/www.myvize.com.tr\/izlanda\/vize-islemleri\/"},{"@type":"ListItem","position":3,"name":"\u0130zlanda Transit Vize"}]},{"@type":"WebSite","@id":"https:\/\/www.myvize.com.tr\/izlanda\/#website","url":"https:\/\/www.myvize.com.tr\/izlanda\/","name":"\u0130zlanda Vizesi","description":"","potentialAction":[{"@type":"SearchAction","target":{"@type":"EntryPoint","urlTemplate":"https:\/\/www.myvize.com.tr\/izlanda\/?s={search_term_string}"},"query-input":{"@type":"PropertyValueSpecification","valueRequired":true,"valueName":"search_term_string"}}],"inLanguage":"tr"}]}},"_links":{"self":[{"href":"https:\/\/www.myvize.com.tr\/izlanda\/wp-json\/wp\/v2\/pages\/312","targetHints":{"allow":["GET"]}}],"collection":[{"href":"https:\/\/www.myvize.com.tr\/izlanda\/wp-json\/wp\/v2\/pages"}],"about":[{"href":"https:\/\/www.myvize.com.tr\/izlanda\/wp-json\/wp\/v2\/types\/page"}],"author":[{"embeddable":true,"href":"https:\/\/www.myvize.com.tr\/izlanda\/wp-json\/wp\/v2\/users\/1"}],"replies":[{"embeddable":true,"href":"https:\/\/www.myvize.com.tr\/izlanda\/wp-json\/wp\/v2\/comments?post=312"}],"version-history":[{"count":8,"href":"https:\/\/www.myvize.com.tr\/izlanda\/wp-json\/wp\/v2\/pages\/312\/revisions"}],"predecessor-version":[{"id":1054,"href":"https:\/\/www.myvize.com.tr\/izlanda\/wp-json\/wp\/v2\/pages\/312\/revisions\/1054"}],"up":[{"embeddable":true,"href":"https:\/\/www.myvize.com.tr\/izlanda\/wp-json\/wp\/v2\/pages\/18"}],"wp:attachment":[{"href":"https:\/\/www.myvize.com.tr\/izlanda\/wp-json\/wp\/v2\/media?parent=312"}],"curies":[{"name":"wp","href":"https:\/\/api.w.org\/{rel}","templated":true}]}}