{"id":391,"date":"2021-08-12T13:23:47","date_gmt":"2021-08-12T10:23:47","guid":{"rendered":"https:\/\/www.myvize.com.tr\/izlanda\/?page_id=391"},"modified":"2022-08-26T14:42:49","modified_gmt":"2022-08-26T11:42:49","slug":"izlanda-erasmus-vizesi","status":"publish","type":"page","link":"https:\/\/www.myvize.com.tr\/izlanda\/izlanda-erasmus-vizesi\/","title":{"rendered":"\u0130zlanda Erasmus Vizesi"},"content":{"rendered":"<h2><strong><span style=\"font-family: Roboto; font-size: 27px;\">\u0130zlanda Erasmus Vizesi Hakk\u0131nda<\/span><\/strong><\/h2>\n<p><span style=\"font-family: Roboto; font-size: 14px;\">\u00d6\u011frenci de\u011fi\u015fim program\u0131ndan faydalanmak isteyen ki\u015filer \u0130zlanda \u00fclkesinde Erasmus program\u0131na dahil olabilir.<strong> \u0130zlanda Erasmus program\u0131na<\/strong> kat\u0131lmak isteyenler <strong>\u0130zlanda Erasmus Vizesi<\/strong> almas\u0131 gerekir. Bu vize ile \u00fclkeler aras\u0131 ge\u00e7i\u015f yapabilir e\u011fitim hayat\u0131n\u0131z\u0131 \u0130zlanda\u2019da tamamlayabilirsiniz. <strong>\u0130zlanda \u00fclkesi<\/strong> ile \u00f6\u011frenciler oran\u0131n k\u00fclt\u00fcr\u00fcn\u00fc ve dilini kavrayabilir. Bu sayede \u00f6\u011frenciler kendilerine deneyim katabilir.<\/span><\/p>\n<h2><strong><span style=\"font-family: Roboto; font-size: 27px;\">\u0130zlanda Erasmus Vizesi Nedir?<\/span><\/strong><\/h2>\n<p><span style=\"font-family: Roboto; font-size: 14px;\">\u0130zlanda, Erasmus kapsam\u0131 en fazla tercih edilen \u00fclkeler aras\u0131ndad\u0131r. Hem dili \u00f6\u011frenme hem de farkl\u0131 k\u00fclt\u00fcr tan\u0131may\u0131 isteyen bir\u00e7ok \u00fcniversite, y\u00fcksek \u00f6\u011fretim, y\u00fcksek lisans ve doktora b\u00f6l\u00fcm \u00f6\u011frencisi Erasmus i\u00e7in \u0130zlanda\u2019\u0131 tercih etmektedir. Ancak \u0130zlanda Erasmus program\u0131na kat\u0131labilmek i\u00e7in \u00f6\u011frencilerin hem vize almalar\u0131 hem de Erasmus program\u0131 \u015fart\u0131n\u0131 yerine getirmeleri gerekiyor. Erasmus program\u0131na kat\u0131labilmek i\u00e7in gerekli not ortalamas\u0131 sa\u011flayan \u00f6\u011frencilerin hem kendi okuluna hem de \u0130zlanda\u2019daki okuldan kabul etmesi gerekir. Kabul sonras\u0131nda da ise vize i\u015flemlerine ba\u015flanmas\u0131 istenir. Vize i\u015flemleri s\u0131ras\u0131nda \u00f6\u011frencilerin haz\u0131rlamas\u0131 gerekli bir\u00e7ok \u00f6nemli evrak vard\u0131r. \u0130zlanda Erasmus vizesi i\u00e7in haz\u0131rlamas\u0131 gereken bir\u00e7ok belgenin t\u00fcr\u00fc vard\u0131r. Bunlar i\u00e7erisinde en \u00f6nemlisiyse \u015fudur:<\/span><\/p>\n<p><span style=\"font-family: Roboto; font-size: 14px;\">Oturma izin ba\u015fvuru form<\/span><\/p>\n<p><span style=\"font-family: Roboto; font-size: 14px;\">Foto\u011fraf<\/span><\/p>\n<p><span style=\"font-family: Roboto; font-size: 14px;\">Pasaport<\/span><\/p>\n<p><span style=\"font-family: Roboto; font-size: 14px;\">N\u00fcfus c\u00fczdan fotokopisi<\/span><\/p>\n<p><span style=\"font-family: Roboto; font-size: 14px;\">T\u00fcrkiye\u2019de ki okuldan onay belgesi<\/span><\/p>\n<h2><strong><span style=\"font-family: Roboto; font-size: 27px;\">\u0130zlanda Erasmus Vizesi Nas\u0131l Al\u0131n\u0131r?<\/span><\/strong><\/h2>\n<p><span style=\"font-family: Roboto; font-size: 14px;\">Erasmus, \u00f6\u011frencilerin farkl\u0131 \u00fclkelerdeki \u00fcniversiteler ile \u00fclke de\u011fi\u015fimi yapabilmesine denir. Bu \u00fclke de\u011fi\u015fimi program\u0131 \u00f6\u011frencilerin e\u011fitimini farkl\u0131 \u00fclkelerde s\u00fcrd\u00fcrmesini sa\u011flar. Bu sayede \u00f6\u011frenciler e\u011fitimini daha kaliteli alabilir ve daha iyi standartlarda ya\u015fayabilir. <strong>\u0130zlanda<\/strong> Erasmus program\u0131na kat\u0131labilmek i\u00e7in <strong>\u0130zlanda Erasmus Vizesi<\/strong> almal\u0131s\u0131n\u0131z. <strong>\u0130zlanda Erasmus Vizesi<\/strong> ile \u00f6\u011frenciler standart oturum izninden daha uzun s\u00fcre \u0130zlanda\u2019da bulunabilirler. Orada bulunulduklar\u0131 s\u00fcre ilerleyen s\u00fcrelerde uzat\u0131labilir.<\/span><\/p>\n<h2><strong><span style=\"font-family: Roboto; font-size: 27px;\">\u0130zlanda Erasmus Vizesi Nereden Al\u0131n\u0131r?<\/span><\/strong><\/h2>\n<p><span style=\"font-family: Roboto; font-size: 14px;\">Uluslararas\u0131 binlerce programa ve e\u011fitime sahip olan \u0130zlanda, Erasmus program\u0131nda tercih edilen ilk \u00fclkeler aras\u0131nda yer almaktad\u0131r. \u0130zlanda Erasmus vizesi i\u00e7in gerekli olan evraklar ve ba\u015fvuru \u015fartlar\u0131 tamamland\u0131ktan sonra ba\u015fvurular, \u0130zlanda Konsoloslu\u011funa yap\u0131lmal\u0131d\u0131r. Sunulan evraklar\u0131n tam ve g\u00fcncel olmalar\u0131na dikkat edilmelidir.<\/span><\/p>\n<p><span style=\"font-family: Roboto; font-size: 14px;\">Vize ba\u015fvurusu, seyahat tarihlerinde yakla\u015f\u0131k olarak yirmi g\u00fcn \u00f6ncesi yap\u0131lmal\u0131. 20 g\u00fcnden daha az s\u00fcrede yap\u0131lan vize ba\u015fvurular\u0131, seyahat tarihine yeti\u015fmeyebilir. Ek evrak talep hakk\u0131 bulunan \u0130zlanda Konsoloslu\u011funa, eksik g\u00f6rd\u00fc\u011f\u00fc belgeleri isteyebilir. Bu durumda da vize onaylama s\u00fcresi, seyahat tarihinden sonras\u0131na denk gelebilir. \u0130zlanda\u2019ya gitme ve e\u011fitime orda devam etme isteyen ki\u015filerin ba\u015fvuru s\u00fcrecini k\u0131sa bir zaman dilimidir.\u00a0 \u0130zlanda Erasmus vizesi ba\u015fvurusu da bu s\u00fcrelere g\u00f6re belirlenmelidir.<\/span><\/p>\n<h3><span style=\"font-family: Roboto; font-size: 24px;\"><strong>\u0130zlanda Erasmus Vizesi Ka\u00e7 G\u00fcnde \u00c7\u0131kar?<\/strong><\/span><\/h3>\n<p><span style=\"font-family: Roboto; font-size: 14px;\"><strong>T\u00fcrkiye Cumhuriyeti<\/strong> vatanda\u015flar\u0131n\u0131n Erasmus hakk\u0131ndan faydalanabilmesi i\u00e7in \u0130zlanda\u2019ya y\u00f6nelik ba\u015fvurular\u0131<strong> \u0130zlanda Konsoloslu\u011fu<\/strong> de\u011ferlendirmektedir. <strong>Uzun s\u00fcreli vize<\/strong> ba\u015fvurular\u0131n\u0131 \u015fahsen ger\u00e7ekle\u015ftirmeniz gerekirken, bu konudaki s\u00fcre\u00e7leri ve detaylar\u0131 bizlerden \u00f6\u011frenmeniz m\u00fcmk\u00fcn olacakt\u0131r. Konsoloslu\u011fun belirleyece\u011fi evraklar\u0131n, istenen s\u00fcre zarf\u0131nda teslim edilmesi ve \u00f6ncesinde randevular\u0131n al\u0131nmas\u0131 gerekmektedir. Ba\u015fvuru sahiplerinin maddi durumlar\u0131na ve taleplerini i\u00e7eren dilek\u00e7elerine g\u00f6re de\u011ferlendirmeler yap\u0131lacakt\u0131r. Ki\u015filerin sponsorluk belgelerini haz\u0131rlamalar\u0131 ve sponsorlara ait maddi durum g\u00f6sterir belgelerini ibraz etmeleri gerekmektedir. T\u00fcm bu i\u015flemlerin tamamlanmas\u0131nda profesyonel ad\u0131mlar\u0131 atmakta olan adresimizden hemen destek alabilirsiniz. Yap\u0131lacak ba\u015fvurular i\u00e7in ortalama olarak 15 g\u00fcnl\u00fck bir s\u00fcreye ihtiyac\u0131n\u0131z olacakt\u0131r. Bu nedenle seyahatlerinizi aksatmayacak ad\u0131mlar\u0131 atmal\u0131 ve <strong>yakla\u015f\u0131k<\/strong> <strong>1 ay \u00f6ncesinden<\/strong> ba\u015fvurular\u0131 ger\u00e7ekle\u015ftirmelisiniz. Schengen \u00fclkelerinin vize prosed\u00fcrlerine uygun \u015fartlar alt\u0131nda seyahatlerinizi sorunsuz olarak ger\u00e7ekle\u015ftirebilece\u011finizi vurguluyoruz. Ba\u015fvurular\u0131n\u0131z\u0131n aksamamas\u0131 ve tam zaman\u0131nda onay alabilmesi i\u00e7in profesyonel destekleri almay\u0131 ihmal etmeyin. En \u00e7ok sorulan sorulara ve merak edilen konulara de\u011finmekte olan ofisimiz ile <strong>vize ba\u015fvurular\u0131n\u0131z\u0131<\/strong> sorunsuz bir bi\u00e7imde ger\u00e7ekle\u015ftirebilirsiniz. Bu sayede ba\u015flang\u0131\u00e7 s\u00fcresinden itibaren ne kadar zamanda bu hakk\u0131n\u0131zdan faydalanaca\u011f\u0131n\u0131z\u0131 \u00f6\u011frenmi\u015f olacaks\u0131n\u0131z.<\/span><\/p>\n<p><img decoding=\"async\" src=\"https:\/\/www.myvize.com.tr\/izlanda\/wp-content\/uploads\/2021\/09\/17.jpg\" \/><\/p>\n<h3><strong><span style=\"font-family: Roboto; font-size: 24px;\">\u0130zlanda Erasmus Vize Ba\u015fvurusu\u00a0<\/span><\/strong><\/h3>\n<p><span style=\"font-family: Roboto; font-size: 14px;\">\u0130zlanda Erasmus program\u0131na kat\u0131lan ki\u015filerin i\u015flem yapt\u0131rma s\u00fcresi olduk\u00e7a k\u0131sad\u0131r. Evraklar konsoloslu\u011fa sunulduktan sonra gerekli incelemeler yap\u0131l\u0131r ve en ge\u00e7 on i\u015f g\u00fcn\u00fc i\u00e7erisinde vize verilir. Ancak<span style=\"color: #2acec2;\"><strong><a style=\"color: #2acec2;\" href=\"https:\/\/www.myvize.com.tr\/izlanda\/vize-islemleri\/\" target=\"_blank\" rel=\"noopener\"> vize i\u015flemleri <\/a><\/strong><\/span>s\u0131ras\u0131nda ek evraklar talep edilirse bu s\u00fcre uzayabilir. Ba\u015fvuru yap\u0131l\u0131rken kurumun resm\u00ee tatil zaman\u0131na ve Erasmus ba\u015fvuru s\u00fcre\u00e7leri de dikkate al\u0131nmal\u0131d\u0131r. \u0130zlanda Erasmus vizesi almak isteyen \u00f6\u011frenciler her belgenin g\u00fcncel olmas\u0131na \u00f6zen g\u00f6stermesi gerekir. Ba\u015fvuru formu mutlaka vizeyi hangi ama\u00e7la al\u0131nd\u0131\u011f\u0131 belirtmelidir. Vizenin di\u011fer evraklar\u0131n\u0131n da Erasmus program\u0131na uygun olmas\u0131na \u00f6zen g\u00f6stermelidir. \u0130zlanda Erasmus vize i\u015flemi s\u0131ras\u0131nda pasaportun g\u00fcncel olmas\u0131, seyahat bitimlerinde sonra da en az 3 ay ge\u00e7erlili\u011fi korumak gerekir. Ya\u015f\u0131 k\u00fc\u00e7\u00fck ki\u015filerin, t\u00fcm evraklar\u0131 haz\u0131rlama s\u00fcrecine onay\u0131 olmas\u0131 da \u00f6nemli kriterden birisidir. Erasmus \u00f6\u011frenci de\u011fi\u015fim program\u0131 kapsam\u0131na her y\u0131l binlerce \u00f6\u011frenci farkl\u0131 \u00fclkelerde e\u011fitim g\u00f6rme \u015fans\u0131n\u0131 elde etmektedir.<\/span><\/p>\n<h3><strong><span style=\"font-family: Roboto; font-size: 24px;\">\u0130zlanda Erasmus Vize Ba\u015fvurusu \u0130stanbul<\/span><\/strong><\/h3>\n<p><span style=\"font-family: Roboto; font-size: 14px;\"><strong>\u0130zlanda Erasmus vizesi<\/strong> \u00f6\u011frenci de\u011fi\u015fim program\u0131 Erasmus projesi farkl\u0131 \u00fclkede ki \u00fcniversitenin i\u015f birli\u011fi ile \u00f6\u011frenci akademisyen k\u0131sa ya da uzun s\u00fcreli olarak tecr\u00fcbe edinilmi\u015f te\u015fvik edilen Avrupa birli\u011fi projesidir. Uzun d\u00f6nem Erasmus \u00f6\u011frenci de\u011fi\u015fim program\u0131 ulusal D tip \u0130zlanda vizesi kapsam\u0131ndad\u0131r. K\u0131sa s\u00fcreli t\u00fcm ba\u015fvuru Schengen vizesi kapsam\u0131nda olup Erasmus vize gidi\u015f amac\u0131 ve \u0130stanbul konsoloslu\u011fu taraf\u0131nda incelenme \u00fczere gerekli evraklar\u0131n belirlenmesini sa\u011flar. T\u00fcrkiye\u2019de devam eden okulu olan \u00f6\u011frenci Erasmus ba\u015fvurusu olumlu sonu\u00e7lanm\u0131\u015fsa gerekli \u015fartlara uygun ve t\u00fcm \u015fartlar\u0131 yerine getiren T\u00fcrk vatanda\u015flar\u0131 Erasmus vize ba\u015fvurusuna bulabilmektedir.<strong> \u0130zlanda Erasmus vize \u00fccreti<\/strong> \u0130zlanda \u0130stanbul Konsoloslu\u011funa resmi ba\u015fvuru merkezinden online randevu al\u0131narak yap\u0131lmaktad\u0131r. Bu sebeple vize \u00fccreti 2 kategori de \u00f6denmektedir. \u0130zlanda \u0130stanbul Konsoloslu\u011funa vize harc\u0131 100\u20ac ve \u0130zlanda ba\u015fvuru merkezi hizmet bedelleri 20 \u20ac olmak \u00fczere toplam da 120 \u20ac \u00f6deme tahsil etmektedir.<\/span><\/p>\n<h4><span style=\"font-size: 22px;\"><strong><span style=\"font-family: Roboto;\">\u0130zlanda Erasmus Vizesi \u0130\u00e7in Gerekli Belgeler<\/span><\/strong><\/span><\/h4>\n<p><span style=\"font-family: Roboto; font-size: 14px;\">\u0130zlanda\u2019da bulunan \u00fcniversiteden ald\u0131\u011f\u0131n\u0131z onay belgesi<\/span><br \/>\n<span style=\"font-family: Roboto; font-size: 14px;\">Hibe, burs al\u0131yorsan\u0131z bu durumu kan\u0131tlayan belgeler<\/span><br \/>\n<span style=\"font-family: Roboto; font-size: 14px;\">10 y\u0131ldan eski olmayan pasaport<\/span><br \/>\n<span style=\"font-family: Roboto; font-size: 14px;\">Biyometrik foto\u011fraf (arka plan\u0131 beyaz olmal\u0131)<\/span><br \/>\n<span style=\"font-family: Roboto; font-size: 14px;\">Kimlik fotokopisi<\/span><br \/>\n<span style=\"font-family: Roboto; font-size: 14px;\">Tam vukuatl\u0131 n\u00fcfus kay\u0131t belgesi<\/span><br \/>\n<span style=\"font-family: Roboto; font-size: 14px;\">Yolculuk boyunca konaklama i\u00e7in bulunulacak yerin rezervasyonu veya kira kontrat\u0131<\/span><br \/>\n<span style=\"font-family: Roboto; font-size: 14px;\">U\u00e7ak bileti rezervasyonu<\/span><br \/>\n<span style=\"font-family: Roboto; font-size: 14px;\">T\u00fcrkiye\u2019de bulundu\u011funuz okulun onay belgesi<\/span><br \/>\n<strong><span style=\"font-family: Roboto; font-size: 14px;\">\u00d6\u011frenci Belgesi<\/span><\/strong><br \/>\n<span style=\"font-family: Roboto; font-size: 14px;\">Bu belgeleri tamamlayan ki\u015filerin \u0130zlanda Konsoloslu\u011funa ba\u015fvurarak <strong>\u0130zlanda Erasmus Vizesi<\/strong> almas\u0131 gerekir. Bu vize i\u00e7in belirli \u00fccretler ortaya \u00e7\u0131kabilir. Bu \u00fccretler ki\u015fiden ki\u015fiye g\u00f6re de\u011fi\u015febilmekte ya\u015f kriterine g\u00f6re farkl\u0131 fiyatlar isteyebilmektedir. Ayr\u0131ca bu \u00fccretten yan\u0131 s\u0131ra orada herhangi bir finansal sorun ya\u015fanmamas\u0131 i\u00e7in orada bulunulan s\u00fcre boyunca yetebilecek paras\u0131n\u0131n oldu\u011funu kan\u0131tlayan belgeler kullan\u0131lmal\u0131d\u0131r. Bunun i\u00e7in konsolosluk sizlerden banka d\u00f6k\u00fcm\u00fc isteyebilir. Ki\u015fiden ki\u015fiye g\u00f6re farkl\u0131 belgeler isteyebilir. Ayr\u0131ca ba\u015fvurunun sonunda genelde onay \u00e7\u0131ksa da arada <span style=\"color: #2acec2;\"><strong><a style=\"color: #2acec2;\" href=\"https:\/\/www.myvize.com.tr\/izlanda\/vize-islemleri\/izlanda-vize-reddi\/\" target=\"_blank\" rel=\"noopener\">\u0130zlanda Vize reddi<\/a><\/strong><\/span> gibi durumlar ya\u015fanabilir. Bu t\u00fcr durumlarda eksik belge tamamlan\u0131p itiraz edilebilir.<\/span><\/p>\n","protected":false},"excerpt":{"rendered":"<p>\u0130zlanda Erasmus Vizesi Hakk\u0131nda \u00d6\u011frenci de\u011fi\u015fim program\u0131ndan faydalanmak isteyen ki\u015filer \u0130zlanda \u00fclkesinde Erasmus program\u0131na dahil olabilir. \u0130zlanda Erasmus program\u0131na kat\u0131lmak isteyenler \u0130zlanda Erasmus Vizesi almas\u0131 gerekir. Bu vize ile \u00fclkeler aras\u0131 ge\u00e7i\u015f yapabilir e\u011fitim hayat\u0131n\u0131z\u0131 \u0130zlanda\u2019da tamamlayabilirsiniz. \u0130zlanda \u00fclkesi ile \u00f6\u011frenciler oran\u0131n k\u00fclt\u00fcr\u00fcn\u00fc ve dilini kavrayabilir. Bu sayede \u00f6\u011frenciler kendilerine deneyim katabilir. \u0130zlanda Erasmus Vizesi<\/p>\n","protected":false},"author":1,"featured_media":0,"parent":0,"menu_order":0,"comment_status":"open","ping_status":"closed","template":"","meta":{"footnotes":""},"class_list":["post-391","page","type-page","status-publish","hentry"],"yoast_head":"<!-- This site is optimized with the Yoast SEO plugin v24.0 - https:\/\/yoast.com\/wordpress\/plugins\/seo\/ -->\n<title>\u0130zlanda Erasmus Vizesi - \u0130zlanda Vize Ba\u015fvurusu - MyVize<\/title>\n<meta name=\"description\" content=\"\u0130zlanda Erasmus Vizesi Nas\u0131l Al\u0131n\u0131r? \u0130zlanda Erasmus Vize Ba\u015fvurusu Nas\u0131l Yap\u0131l\u0131r? \u0130zlanda Erasmus Vize \u015eartlar\u0131 Nelerdir?\" \/>\n<meta name=\"robots\" content=\"index, follow, max-snippet:-1, max-image-preview:large, max-video-preview:-1\" \/>\n<link rel=\"canonical\" href=\"https:\/\/www.myvize.com.tr\/izlanda\/izlanda-erasmus-vizesi\/\" \/>\n<meta property=\"og:locale\" content=\"tr_TR\" \/>\n<meta property=\"og:type\" content=\"article\" \/>\n<meta property=\"og:title\" content=\"\u0130zlanda Erasmus Vizesi - \u0130zlanda Vize Ba\u015fvurusu - MyVize\" \/>\n<meta property=\"og:description\" content=\"\u0130zlanda Erasmus Vizesi Nas\u0131l Al\u0131n\u0131r? \u0130zlanda Erasmus Vize Ba\u015fvurusu Nas\u0131l Yap\u0131l\u0131r? \u0130zlanda Erasmus Vize \u015eartlar\u0131 Nelerdir?\" \/>\n<meta property=\"og:url\" content=\"https:\/\/www.myvize.com.tr\/izlanda\/izlanda-erasmus-vizesi\/\" \/>\n<meta property=\"og:site_name\" content=\"\u0130zlanda Vizesi\" \/>\n<meta property=\"article:modified_time\" content=\"2022-08-26T11:42:49+00:00\" \/>\n<meta property=\"og:image\" content=\"https:\/\/www.myvize.com.tr\/izlanda\/wp-content\/uploads\/2021\/09\/17.jpg\" \/>\n<meta name=\"twitter:card\" content=\"summary_large_image\" \/>\n<meta name=\"twitter:label1\" content=\"Tahmini okuma s\u00fcresi\" \/>\n\t<meta name=\"twitter:data1\" content=\"5 dakika\" \/>\n<script type=\"application\/ld+json\" class=\"yoast-schema-graph\">{\"@context\":\"https:\/\/schema.org\",\"@graph\":[{\"@type\":\"WebPage\",\"@id\":\"https:\/\/www.myvize.com.tr\/izlanda\/izlanda-erasmus-vizesi\/\",\"url\":\"https:\/\/www.myvize.com.tr\/izlanda\/izlanda-erasmus-vizesi\/\",\"name\":\"\u0130zlanda Erasmus Vizesi - \u0130zlanda Vize Ba\u015fvurusu - MyVize\",\"isPartOf\":{\"@id\":\"https:\/\/www.myvize.com.tr\/izlanda\/#website\"},\"primaryImageOfPage\":{\"@id\":\"https:\/\/www.myvize.com.tr\/izlanda\/izlanda-erasmus-vizesi\/#primaryimage\"},\"image\":{\"@id\":\"https:\/\/www.myvize.com.tr\/izlanda\/izlanda-erasmus-vizesi\/#primaryimage\"},\"thumbnailUrl\":\"https:\/\/www.myvize.com.tr\/izlanda\/wp-content\/uploads\/2021\/09\/17.jpg\",\"datePublished\":\"2021-08-12T10:23:47+00:00\",\"dateModified\":\"2022-08-26T11:42:49+00:00\",\"description\":\"\u0130zlanda Erasmus Vizesi Nas\u0131l Al\u0131n\u0131r? \u0130zlanda Erasmus Vize Ba\u015fvurusu Nas\u0131l Yap\u0131l\u0131r? \u0130zlanda Erasmus Vize \u015eartlar\u0131 Nelerdir?\",\"breadcrumb\":{\"@id\":\"https:\/\/www.myvize.com.tr\/izlanda\/izlanda-erasmus-vizesi\/#breadcrumb\"},\"inLanguage\":\"tr\",\"potentialAction\":[{\"@type\":\"ReadAction\",\"target\":[\"https:\/\/www.myvize.com.tr\/izlanda\/izlanda-erasmus-vizesi\/\"]}]},{\"@type\":\"ImageObject\",\"inLanguage\":\"tr\",\"@id\":\"https:\/\/www.myvize.com.tr\/izlanda\/izlanda-erasmus-vizesi\/#primaryimage\",\"url\":\"https:\/\/www.myvize.com.tr\/izlanda\/wp-content\/uploads\/2021\/09\/17.jpg\",\"contentUrl\":\"https:\/\/www.myvize.com.tr\/izlanda\/wp-content\/uploads\/2021\/09\/17.jpg\",\"width\":800,\"height\":500,\"caption\":\"\u0130zlanda Erasmus Vizesi\"},{\"@type\":\"BreadcrumbList\",\"@id\":\"https:\/\/www.myvize.com.tr\/izlanda\/izlanda-erasmus-vizesi\/#breadcrumb\",\"itemListElement\":[{\"@type\":\"ListItem\",\"position\":1,\"name\":\"Anasayfa\",\"item\":\"https:\/\/www.myvize.com.tr\/izlanda\/\"},{\"@type\":\"ListItem\",\"position\":2,\"name\":\"\u0130zlanda Erasmus Vizesi\"}]},{\"@type\":\"WebSite\",\"@id\":\"https:\/\/www.myvize.com.tr\/izlanda\/#website\",\"url\":\"https:\/\/www.myvize.com.tr\/izlanda\/\",\"name\":\"\u0130zlanda Vizesi\",\"description\":\"\",\"potentialAction\":[{\"@type\":\"SearchAction\",\"target\":{\"@type\":\"EntryPoint\",\"urlTemplate\":\"https:\/\/www.myvize.com.tr\/izlanda\/?s={search_term_string}\"},\"query-input\":{\"@type\":\"PropertyValueSpecification\",\"valueRequired\":true,\"valueName\":\"search_term_string\"}}],\"inLanguage\":\"tr\"}]}<\/script>\n<!-- \/ Yoast SEO plugin. -->","yoast_head_json":{"title":"\u0130zlanda Erasmus Vizesi - \u0130zlanda Vize Ba\u015fvurusu - MyVize","description":"\u0130zlanda Erasmus Vizesi Nas\u0131l Al\u0131n\u0131r? \u0130zlanda Erasmus Vize Ba\u015fvurusu Nas\u0131l Yap\u0131l\u0131r? \u0130zlanda Erasmus Vize \u015eartlar\u0131 Nelerdir?","robots":{"index":"index","follow":"follow","max-snippet":"max-snippet:-1","max-image-preview":"max-image-preview:large","max-video-preview":"max-video-preview:-1"},"canonical":"https:\/\/www.myvize.com.tr\/izlanda\/izlanda-erasmus-vizesi\/","og_locale":"tr_TR","og_type":"article","og_title":"\u0130zlanda Erasmus Vizesi - \u0130zlanda Vize Ba\u015fvurusu - MyVize","og_description":"\u0130zlanda Erasmus Vizesi Nas\u0131l Al\u0131n\u0131r? \u0130zlanda Erasmus Vize Ba\u015fvurusu Nas\u0131l Yap\u0131l\u0131r? \u0130zlanda Erasmus Vize \u015eartlar\u0131 Nelerdir?","og_url":"https:\/\/www.myvize.com.tr\/izlanda\/izlanda-erasmus-vizesi\/","og_site_name":"\u0130zlanda Vizesi","article_modified_time":"2022-08-26T11:42:49+00:00","og_image":[{"url":"https:\/\/www.myvize.com.tr\/izlanda\/wp-content\/uploads\/2021\/09\/17.jpg","type":"","width":"","height":""}],"twitter_card":"summary_large_image","twitter_misc":{"Tahmini okuma s\u00fcresi":"5 dakika"},"schema":{"@context":"https:\/\/schema.org","@graph":[{"@type":"WebPage","@id":"https:\/\/www.myvize.com.tr\/izlanda\/izlanda-erasmus-vizesi\/","url":"https:\/\/www.myvize.com.tr\/izlanda\/izlanda-erasmus-vizesi\/","name":"\u0130zlanda Erasmus Vizesi - \u0130zlanda Vize Ba\u015fvurusu - MyVize","isPartOf":{"@id":"https:\/\/www.myvize.com.tr\/izlanda\/#website"},"primaryImageOfPage":{"@id":"https:\/\/www.myvize.com.tr\/izlanda\/izlanda-erasmus-vizesi\/#primaryimage"},"image":{"@id":"https:\/\/www.myvize.com.tr\/izlanda\/izlanda-erasmus-vizesi\/#primaryimage"},"thumbnailUrl":"https:\/\/www.myvize.com.tr\/izlanda\/wp-content\/uploads\/2021\/09\/17.jpg","datePublished":"2021-08-12T10:23:47+00:00","dateModified":"2022-08-26T11:42:49+00:00","description":"\u0130zlanda Erasmus Vizesi Nas\u0131l Al\u0131n\u0131r? \u0130zlanda Erasmus Vize Ba\u015fvurusu Nas\u0131l Yap\u0131l\u0131r? \u0130zlanda Erasmus Vize \u015eartlar\u0131 Nelerdir?","breadcrumb":{"@id":"https:\/\/www.myvize.com.tr\/izlanda\/izlanda-erasmus-vizesi\/#breadcrumb"},"inLanguage":"tr","potentialAction":[{"@type":"ReadAction","target":["https:\/\/www.myvize.com.tr\/izlanda\/izlanda-erasmus-vizesi\/"]}]},{"@type":"ImageObject","inLanguage":"tr","@id":"https:\/\/www.myvize.com.tr\/izlanda\/izlanda-erasmus-vizesi\/#primaryimage","url":"https:\/\/www.myvize.com.tr\/izlanda\/wp-content\/uploads\/2021\/09\/17.jpg","contentUrl":"https:\/\/www.myvize.com.tr\/izlanda\/wp-content\/uploads\/2021\/09\/17.jpg","width":800,"height":500,"caption":"\u0130zlanda Erasmus Vizesi"},{"@type":"BreadcrumbList","@id":"https:\/\/www.myvize.com.tr\/izlanda\/izlanda-erasmus-vizesi\/#breadcrumb","itemListElement":[{"@type":"ListItem","position":1,"name":"Anasayfa","item":"https:\/\/www.myvize.com.tr\/izlanda\/"},{"@type":"ListItem","position":2,"name":"\u0130zlanda Erasmus Vizesi"}]},{"@type":"WebSite","@id":"https:\/\/www.myvize.com.tr\/izlanda\/#website","url":"https:\/\/www.myvize.com.tr\/izlanda\/","name":"\u0130zlanda Vizesi","description":"","potentialAction":[{"@type":"SearchAction","target":{"@type":"EntryPoint","urlTemplate":"https:\/\/www.myvize.com.tr\/izlanda\/?s={search_term_string}"},"query-input":{"@type":"PropertyValueSpecification","valueRequired":true,"valueName":"search_term_string"}}],"inLanguage":"tr"}]}},"_links":{"self":[{"href":"https:\/\/www.myvize.com.tr\/izlanda\/wp-json\/wp\/v2\/pages\/391","targetHints":{"allow":["GET"]}}],"collection":[{"href":"https:\/\/www.myvize.com.tr\/izlanda\/wp-json\/wp\/v2\/pages"}],"about":[{"href":"https:\/\/www.myvize.com.tr\/izlanda\/wp-json\/wp\/v2\/types\/page"}],"author":[{"embeddable":true,"href":"https:\/\/www.myvize.com.tr\/izlanda\/wp-json\/wp\/v2\/users\/1"}],"replies":[{"embeddable":true,"href":"https:\/\/www.myvize.com.tr\/izlanda\/wp-json\/wp\/v2\/comments?post=391"}],"version-history":[{"count":9,"href":"https:\/\/www.myvize.com.tr\/izlanda\/wp-json\/wp\/v2\/pages\/391\/revisions"}],"predecessor-version":[{"id":1095,"href":"https:\/\/www.myvize.com.tr\/izlanda\/wp-json\/wp\/v2\/pages\/391\/revisions\/1095"}],"wp:attachment":[{"href":"https:\/\/www.myvize.com.tr\/izlanda\/wp-json\/wp\/v2\/media?parent=391"}],"curies":[{"name":"wp","href":"https:\/\/api.w.org\/{rel}","templated":true}]}}