{"id":69,"date":"2020-11-30T12:54:37","date_gmt":"2020-11-30T09:54:37","guid":{"rendered":"https:\/\/www.myvize.com.tr\/izlanda\/?page_id=69"},"modified":"2022-04-20T14:09:13","modified_gmt":"2022-04-20T11:09:13","slug":"konsolosluklar","status":"publish","type":"page","link":"https:\/\/www.myvize.com.tr\/izlanda\/konsolosluklar\/","title":{"rendered":"KONSOLOSLUKLAR"},"content":{"rendered":"<p><span style=\"font-family: Roboto;\"><\/span><\/p>\r\n<h2><span style=\"font-family: Roboto; font-size: 27px;\"><strong>\u0130zlanda<\/strong> <strong>Konsoloslu\u011fu<\/strong><\/span><\/h2>\r\n<p><span style=\"font-family: Roboto; font-size: 14px;\">\r\n\r\n<\/span><\/p>\r\n<p><span style=\"font-family: Roboto; font-size: 14px;\">\u00a0\u00dclkelerini temsil etmek ile sorumlu bulunan kurumlara konsolosluk ad\u0131 verilmi\u015ftir. Konsolosluk binalar\u0131, yabanc\u0131 \u00fclkelerde kurulan ve vatanda\u015fl\u0131k haklar\u0131n\u0131n yerine getirilmesinden y\u00fck\u00fcml\u00fc olan resmi dairelerden olu\u015fmaktad\u0131r. Konsolos ad\u0131 verilen g\u00f6revliler ise \u00fclkelerinin hak ve de\u011ferlerini vatanda\u015flar\u0131na sa\u011flamak ile mesul olan ki\u015filerden olu\u015fmaktad\u0131r. <strong>\u0130zlanda konsolosu<\/strong>, temsil etti\u011fi \u00fclkenin<strong> vatanda\u015f\u0131 olma<\/strong> zorunlulu\u011funa ve diplomatik yetkiye sahip de\u011fildir. Ancak \u0130zlanda ile T\u00fcrkiye Cumhuriyeti aras\u0131ndaki ticari faaliyetleri ba\u015far\u0131l\u0131 bir hale getirmekle sorumludur.<\/span><\/p>\r\n<p><span style=\"font-family: Roboto; font-size: 14px;\">\r\n\r\n<\/span><\/p>\r\n<p><span style=\"font-family: Roboto; font-size: 14px;\">\u00a0\u0130zlanda Konsoloslu\u011fu&#8217;nun ba\u015f temsilcisi \u0130zlanda Ba\u015fkonsoloslu\u011fu&#8217;dur. B\u00fct\u00fcn i\u015flemler hakk\u0131nda karar verme yetkisine sahiptir. Fahri Konsolosluklar, Ba\u015fkonsolosluk ve B\u00fcy\u00fckel\u00e7iliklere ba\u011fl\u0131 olmaktad\u0131r.<\/span><\/p>\r\n<p><span style=\"font-family: Roboto; font-size: 14px;\">\r\n\r\n<\/span><\/p>\r\n<h2><span style=\"font-family: Roboto; font-size: 27px;\"><strong>\u0130zlanda<\/strong> <strong>Konsoloslu\u011fu&#8217;nun<\/strong> <strong>Hizmetleri<\/strong><\/span><\/h2>\r\n<p><span style=\"font-family: Roboto; font-size: 14px;\">\r\n\r\n<\/span><\/p>\r\n<p><span style=\"font-family: Roboto; font-size: 14px;\">\u00a0\u0130zlanda Konsoloslu\u011fu&#8217;nun hizmetleri aras\u0131nda vize i\u015flemleri, pasaport ve kimlik kart\u0131 d\u00fczenleme, do\u011fum, evlilik, \u00f6l\u00fcm ve bo\u015fanma durumlar\u0131nda d\u00fczenlemeler yap\u0131lmas\u0131, kar\u015f\u0131l\u0131kl\u0131 ticari ili\u015fkilerin d\u00fczenlenmesi gibi faaliyetler gelmektedir.<\/span><\/p>\r\n<p><span style=\"font-family: Roboto; font-size: 14px;\"> <img decoding=\"async\" src=\"https:\/\/www.myvize.com.tr\/izlanda\/wp-content\/uploads\/2021\/09\/40.jpg\" \/> <\/span><\/p>\r\n<h2><span style=\"font-family: Roboto; font-size: 27px;\"><strong>\u0130zlanda<\/strong> <strong>Konsoloslu\u011fu&#8217;nun<\/strong> <strong>Hizmet<\/strong> <strong>Alanlar\u0131<\/strong><\/span><\/h2>\r\n<p><span style=\"font-family: Roboto; font-size: 14px;\">\r\n\r\n<\/span><\/p>\r\n<p><span style=\"font-family: Roboto; font-size: 14px;\">\u00a0Schengen \u00fclkeleri aras\u0131nda yer alan <strong>\u0130zlanda Devleti<\/strong>, Schengen vizesinin al\u0131nmas\u0131n\u0131 zorunlu k\u0131lm\u0131\u015ft\u0131r. \u0130zlanda Devleti&#8217;nin \u0130stanbul&#8217;da Fahri Konsoloslu\u011fu bulunmaktad\u0131r. Bu konsoloslu\u011fun g\u00f6rev alanlar\u0131 aras\u0131nda \u0130stanbul, Sakarya, K\u0131rklareli, Edirne, <span style=\"color: #2acec2;\"><strong><a style=\"color: #2acec2;\" href=\"https:\/\/www.myvize.com.tr\/izlanda\/subelerimiz\/canakkale\/\" target=\"_blank\" rel=\"noopener\">\u00c7anakkale<\/a><\/strong><\/span>, Bursa, Tekirda\u011f, Bal\u0131kesir, Bilecik, Yalova ve Kocaeli illeri yer almaktad\u0131r. Konsoloslu\u011fun \u00e7al\u0131\u015fma saat ve g\u00fcnleri ise hafta i\u00e7i pazartesi ile cuma g\u00fcnleri 10.00 ve 16.30 saatleri aras\u0131d\u0131r.<\/span><\/p>\r\n<p><span style=\"font-family: Roboto; font-size: 14px;\">\r\n\r\n<\/span><\/p>\r\n<p><span style=\"font-family: Roboto; font-size: 14px;\"><strong>\u00a0Danimarka \u0130zlanda Ba\u015fkonsoloslu\u011fu<\/strong>, \u0130zlanda \u00fclkesi ad\u0131na hizmet vermektedir. <strong>\u0130stanbul Fahri Konsoloslu\u011fu<\/strong>, bu Ba\u015fkonsoloslu\u011fa ba\u011fl\u0131 olarak \u00e7al\u0131\u015fmaktad\u0131r. \u0130zlanda&#8217;n\u0131n ayr\u0131ca \u0130zmir ilinde de Fahri Konsoloslu\u011fu bulunmaktad\u0131r.<\/span><\/p>\r\n<h2><span style=\"font-family: Roboto; font-size: 27px;\"><strong>T\u00fcrkiye \u0130zlanda Konsolosluklar\u0131<\/strong><\/span><\/h2>\r\n<p><span style=\"font-family: Roboto; font-size: 14px;\">\u0130zlanda ile T\u00fcrkiye ili\u015fkileri, iki \u00fclkenin NATO \u00fcyeli\u011fi \u00e7er\u00e7evesinde seyrini s\u00fcrd\u00fcrmektedir.<\/span><br \/><span style=\"font-family: Roboto; font-size: 14px;\">\u0130zlanda\u2019yla kar\u015f\u0131l\u0131kl\u0131 olan yerle\u015fik diplomatik temsilcili\u011fimiz hen\u00fcz mevcut de\u011fildir. <strong>Oslo B\u00fcy\u00fckel\u00e7isi<\/strong>, ayn\u0131 zamanda \u0130zlanda akredite olarak da g\u00f6rev yapmaktad\u0131r. \u0130<strong>zlanda\u2019n\u0131n Kopenhag B\u00fcy\u00fckel\u00e7isi<\/strong> ise T\u00fcrkiye&#8217;de akreditedir.<\/span><br \/><span style=\"font-family: Roboto; font-size: 14px;\">T\u00fcrkiye ile \u0130zlanda aras\u0131ndaki siyasi temas daha \u00e7ok tarafl\u0131 toplant\u0131lar \u015feklinde ger\u00e7ekle\u015fmektedir. \u0130kili \u00e7er\u00e7evede son resm\u00ee ziyaret, d\u00f6nemin \u0130zlanda D\u0131\u015f i\u015fleri Bakan Haldor Asgrimmson 19\u201320 Nisan 2000 tarihinde T\u00fcrkiye&#8217;yi ziyaret etmi\u015ftir. D\u00f6nemin \u0130zlanda D\u0131\u015f i\u015fleri ve D\u0131\u015f Ticaret Bakan Gunnar Bragi Svensson, 13-14 May\u0131s 2015 tarihinde Antalya\u2019da ger\u00e7ekle\u015fen NATO D\u0131\u015f i\u015fleri Bakan\u0131 Toplant\u0131s\u0131 ile, 15 y\u0131l sonra ilk kez T\u00fcrkiye&#8217;yi ziyaret etmi\u015f; bu vesile ile Say\u0131n Bakan\u0131m\u0131z ikili g\u00f6r\u00fc\u015fme ger\u00e7ekle\u015ftirmi\u015ftir.<\/span><br \/><span style=\"font-family: Roboto; font-size: 14px;\">2019 senesinde 3.966 \u0130zlandal\u0131 turist T\u00fcrkiye&#8217;yi ziyaret etmi\u015ftir.<\/span><br \/><span style=\"font-family: Roboto; font-size: 14px;\">\u0130zlanda\u2019da 200 civar\u0131nda <strong>T\u00fcrk vatanda\u015f\u0131<\/strong> ikamet etmektedir.<\/span><br \/><span style=\"font-family: Roboto; font-size: 14px;\">\u0130zlanda\u2019n\u0131n <span style=\"color: #2acec2;\"><strong><a style=\"color: #2acec2;\" href=\"https:\/\/www.myvize.com.tr\/izlanda\/subelerimiz\/ankara\/\" target=\"_blank\" rel=\"noopener\">Ankara<\/a><\/strong><\/span>, \u0130zmir ve \u0130stanbul&#8217;da birer Fahri Ba\u015fkonsoloslu\u011fu bulunmakta. Reykjavik\u2019te ise T\u00fcrkiye&#8217;nin Fahri Ba\u015fkonsoloslu\u011fu mevcuttur. T\u00fcrkiye&#8217;de bulunan fahri ba\u015fkonsolosluklar\u0131n yan\u0131 s\u0131ra belli illerde de konsolosluklar bulunmaktad\u0131r. Bu konsolosluklar\u0131n g\u00f6rev b\u00f6lgeleri bulunduklar\u0131 iller ve \u00e7evre illeridir.<\/span><\/p>\r\n<p><span style=\"font-family: Roboto;\"><\/span><\/p>","protected":false},"excerpt":{"rendered":"<p>\u0130zlanda Konsoloslu\u011fu \u00a0\u00dclkelerini temsil etmek ile sorumlu bulunan kurumlara konsolosluk ad\u0131 verilmi\u015ftir. Konsolosluk binalar\u0131, yabanc\u0131 \u00fclkelerde kurulan ve vatanda\u015fl\u0131k haklar\u0131n\u0131n yerine getirilmesinden y\u00fck\u00fcml\u00fc olan resmi dairelerden olu\u015fmaktad\u0131r. Konsolos ad\u0131 verilen g\u00f6revliler ise \u00fclkelerinin hak ve de\u011ferlerini vatanda\u015flar\u0131na sa\u011flamak ile mesul olan ki\u015filerden olu\u015fmaktad\u0131r. \u0130zlanda konsolosu, temsil etti\u011fi \u00fclkenin vatanda\u015f\u0131 olma zorunlulu\u011funa ve diplomatik yetkiye sahip<\/p>\n","protected":false},"author":1,"featured_media":0,"parent":0,"menu_order":0,"comment_status":"closed","ping_status":"closed","template":"","meta":{"footnotes":""},"class_list":["post-69","page","type-page","status-publish","hentry"],"yoast_head":"<!-- This site is optimized with the Yoast SEO plugin v24.0 - https:\/\/yoast.com\/wordpress\/plugins\/seo\/ -->\n<title>\u0130zlanda Konsolosluklar\u0131 \u0130leti\u015fim Bilgileri - MyVize<\/title>\n<meta name=\"description\" content=\"\u0130zlanda Konsolosluk \u0130\u015flemleri Nelerdir? \u0130zlanda Konsolosluk \u0130\u015flemleri Nas\u0131l Yap\u0131l\u0131r? \u0130zlanda Konsolosluk \u0130\u015flem S\u00fcreci Nas\u0131l Olur?\" \/>\n<meta name=\"robots\" content=\"index, follow, max-snippet:-1, max-image-preview:large, max-video-preview:-1\" \/>\n<link rel=\"canonical\" href=\"https:\/\/www.myvize.com.tr\/izlanda\/konsolosluklar\/\" \/>\n<meta property=\"og:locale\" content=\"tr_TR\" \/>\n<meta property=\"og:type\" content=\"article\" \/>\n<meta property=\"og:title\" content=\"\u0130zlanda Konsolosluklar\u0131 \u0130leti\u015fim Bilgileri - MyVize\" \/>\n<meta property=\"og:description\" content=\"\u0130zlanda Konsolosluk \u0130\u015flemleri Nelerdir? \u0130zlanda Konsolosluk \u0130\u015flemleri Nas\u0131l Yap\u0131l\u0131r? \u0130zlanda Konsolosluk \u0130\u015flem S\u00fcreci Nas\u0131l Olur?\" \/>\n<meta property=\"og:url\" content=\"https:\/\/www.myvize.com.tr\/izlanda\/konsolosluklar\/\" \/>\n<meta property=\"og:site_name\" content=\"\u0130zlanda Vizesi\" \/>\n<meta property=\"article:modified_time\" content=\"2022-04-20T11:09:13+00:00\" \/>\n<meta property=\"og:image\" content=\"https:\/\/www.myvize.com.tr\/izlanda\/wp-content\/uploads\/2021\/09\/40.jpg\" \/>\n<meta name=\"twitter:card\" content=\"summary_large_image\" \/>\n<meta name=\"twitter:label1\" content=\"Tahmini okuma s\u00fcresi\" \/>\n\t<meta name=\"twitter:data1\" content=\"2 dakika\" \/>\n<script type=\"application\/ld+json\" class=\"yoast-schema-graph\">{\"@context\":\"https:\/\/schema.org\",\"@graph\":[{\"@type\":\"WebPage\",\"@id\":\"https:\/\/www.myvize.com.tr\/izlanda\/konsolosluklar\/\",\"url\":\"https:\/\/www.myvize.com.tr\/izlanda\/konsolosluklar\/\",\"name\":\"\u0130zlanda Konsolosluklar\u0131 \u0130leti\u015fim Bilgileri - MyVize\",\"isPartOf\":{\"@id\":\"https:\/\/www.myvize.com.tr\/izlanda\/#website\"},\"primaryImageOfPage\":{\"@id\":\"https:\/\/www.myvize.com.tr\/izlanda\/konsolosluklar\/#primaryimage\"},\"image\":{\"@id\":\"https:\/\/www.myvize.com.tr\/izlanda\/konsolosluklar\/#primaryimage\"},\"thumbnailUrl\":\"https:\/\/www.myvize.com.tr\/izlanda\/wp-content\/uploads\/2021\/09\/40.jpg\",\"datePublished\":\"2020-11-30T09:54:37+00:00\",\"dateModified\":\"2022-04-20T11:09:13+00:00\",\"description\":\"\u0130zlanda Konsolosluk \u0130\u015flemleri Nelerdir? \u0130zlanda Konsolosluk \u0130\u015flemleri Nas\u0131l Yap\u0131l\u0131r? \u0130zlanda Konsolosluk \u0130\u015flem S\u00fcreci Nas\u0131l Olur?\",\"breadcrumb\":{\"@id\":\"https:\/\/www.myvize.com.tr\/izlanda\/konsolosluklar\/#breadcrumb\"},\"inLanguage\":\"tr\",\"potentialAction\":[{\"@type\":\"ReadAction\",\"target\":[\"https:\/\/www.myvize.com.tr\/izlanda\/konsolosluklar\/\"]}]},{\"@type\":\"ImageObject\",\"inLanguage\":\"tr\",\"@id\":\"https:\/\/www.myvize.com.tr\/izlanda\/konsolosluklar\/#primaryimage\",\"url\":\"https:\/\/www.myvize.com.tr\/izlanda\/wp-content\/uploads\/2021\/09\/40.jpg\",\"contentUrl\":\"https:\/\/www.myvize.com.tr\/izlanda\/wp-content\/uploads\/2021\/09\/40.jpg\",\"width\":800,\"height\":500,\"caption\":\"\u0130zlanda Konsolosluklar\"},{\"@type\":\"BreadcrumbList\",\"@id\":\"https:\/\/www.myvize.com.tr\/izlanda\/konsolosluklar\/#breadcrumb\",\"itemListElement\":[{\"@type\":\"ListItem\",\"position\":1,\"name\":\"Anasayfa\",\"item\":\"https:\/\/www.myvize.com.tr\/izlanda\/\"},{\"@type\":\"ListItem\",\"position\":2,\"name\":\"KONSOLOSLUKLAR\"}]},{\"@type\":\"WebSite\",\"@id\":\"https:\/\/www.myvize.com.tr\/izlanda\/#website\",\"url\":\"https:\/\/www.myvize.com.tr\/izlanda\/\",\"name\":\"\u0130zlanda Vizesi\",\"description\":\"\",\"potentialAction\":[{\"@type\":\"SearchAction\",\"target\":{\"@type\":\"EntryPoint\",\"urlTemplate\":\"https:\/\/www.myvize.com.tr\/izlanda\/?s={search_term_string}\"},\"query-input\":{\"@type\":\"PropertyValueSpecification\",\"valueRequired\":true,\"valueName\":\"search_term_string\"}}],\"inLanguage\":\"tr\"}]}<\/script>\n<!-- \/ Yoast SEO plugin. -->","yoast_head_json":{"title":"\u0130zlanda Konsolosluklar\u0131 \u0130leti\u015fim Bilgileri - MyVize","description":"\u0130zlanda Konsolosluk \u0130\u015flemleri Nelerdir? \u0130zlanda Konsolosluk \u0130\u015flemleri Nas\u0131l Yap\u0131l\u0131r? \u0130zlanda Konsolosluk \u0130\u015flem S\u00fcreci Nas\u0131l Olur?","robots":{"index":"index","follow":"follow","max-snippet":"max-snippet:-1","max-image-preview":"max-image-preview:large","max-video-preview":"max-video-preview:-1"},"canonical":"https:\/\/www.myvize.com.tr\/izlanda\/konsolosluklar\/","og_locale":"tr_TR","og_type":"article","og_title":"\u0130zlanda Konsolosluklar\u0131 \u0130leti\u015fim Bilgileri - MyVize","og_description":"\u0130zlanda Konsolosluk \u0130\u015flemleri Nelerdir? \u0130zlanda Konsolosluk \u0130\u015flemleri Nas\u0131l Yap\u0131l\u0131r? \u0130zlanda Konsolosluk \u0130\u015flem S\u00fcreci Nas\u0131l Olur?","og_url":"https:\/\/www.myvize.com.tr\/izlanda\/konsolosluklar\/","og_site_name":"\u0130zlanda Vizesi","article_modified_time":"2022-04-20T11:09:13+00:00","og_image":[{"url":"https:\/\/www.myvize.com.tr\/izlanda\/wp-content\/uploads\/2021\/09\/40.jpg","type":"","width":"","height":""}],"twitter_card":"summary_large_image","twitter_misc":{"Tahmini okuma s\u00fcresi":"2 dakika"},"schema":{"@context":"https:\/\/schema.org","@graph":[{"@type":"WebPage","@id":"https:\/\/www.myvize.com.tr\/izlanda\/konsolosluklar\/","url":"https:\/\/www.myvize.com.tr\/izlanda\/konsolosluklar\/","name":"\u0130zlanda Konsolosluklar\u0131 \u0130leti\u015fim Bilgileri - MyVize","isPartOf":{"@id":"https:\/\/www.myvize.com.tr\/izlanda\/#website"},"primaryImageOfPage":{"@id":"https:\/\/www.myvize.com.tr\/izlanda\/konsolosluklar\/#primaryimage"},"image":{"@id":"https:\/\/www.myvize.com.tr\/izlanda\/konsolosluklar\/#primaryimage"},"thumbnailUrl":"https:\/\/www.myvize.com.tr\/izlanda\/wp-content\/uploads\/2021\/09\/40.jpg","datePublished":"2020-11-30T09:54:37+00:00","dateModified":"2022-04-20T11:09:13+00:00","description":"\u0130zlanda Konsolosluk \u0130\u015flemleri Nelerdir? \u0130zlanda Konsolosluk \u0130\u015flemleri Nas\u0131l Yap\u0131l\u0131r? \u0130zlanda Konsolosluk \u0130\u015flem S\u00fcreci Nas\u0131l Olur?","breadcrumb":{"@id":"https:\/\/www.myvize.com.tr\/izlanda\/konsolosluklar\/#breadcrumb"},"inLanguage":"tr","potentialAction":[{"@type":"ReadAction","target":["https:\/\/www.myvize.com.tr\/izlanda\/konsolosluklar\/"]}]},{"@type":"ImageObject","inLanguage":"tr","@id":"https:\/\/www.myvize.com.tr\/izlanda\/konsolosluklar\/#primaryimage","url":"https:\/\/www.myvize.com.tr\/izlanda\/wp-content\/uploads\/2021\/09\/40.jpg","contentUrl":"https:\/\/www.myvize.com.tr\/izlanda\/wp-content\/uploads\/2021\/09\/40.jpg","width":800,"height":500,"caption":"\u0130zlanda Konsolosluklar"},{"@type":"BreadcrumbList","@id":"https:\/\/www.myvize.com.tr\/izlanda\/konsolosluklar\/#breadcrumb","itemListElement":[{"@type":"ListItem","position":1,"name":"Anasayfa","item":"https:\/\/www.myvize.com.tr\/izlanda\/"},{"@type":"ListItem","position":2,"name":"KONSOLOSLUKLAR"}]},{"@type":"WebSite","@id":"https:\/\/www.myvize.com.tr\/izlanda\/#website","url":"https:\/\/www.myvize.com.tr\/izlanda\/","name":"\u0130zlanda Vizesi","description":"","potentialAction":[{"@type":"SearchAction","target":{"@type":"EntryPoint","urlTemplate":"https:\/\/www.myvize.com.tr\/izlanda\/?s={search_term_string}"},"query-input":{"@type":"PropertyValueSpecification","valueRequired":true,"valueName":"search_term_string"}}],"inLanguage":"tr"}]}},"_links":{"self":[{"href":"https:\/\/www.myvize.com.tr\/izlanda\/wp-json\/wp\/v2\/pages\/69","targetHints":{"allow":["GET"]}}],"collection":[{"href":"https:\/\/www.myvize.com.tr\/izlanda\/wp-json\/wp\/v2\/pages"}],"about":[{"href":"https:\/\/www.myvize.com.tr\/izlanda\/wp-json\/wp\/v2\/types\/page"}],"author":[{"embeddable":true,"href":"https:\/\/www.myvize.com.tr\/izlanda\/wp-json\/wp\/v2\/users\/1"}],"replies":[{"embeddable":true,"href":"https:\/\/www.myvize.com.tr\/izlanda\/wp-json\/wp\/v2\/comments?post=69"}],"version-history":[{"count":5,"href":"https:\/\/www.myvize.com.tr\/izlanda\/wp-json\/wp\/v2\/pages\/69\/revisions"}],"predecessor-version":[{"id":1030,"href":"https:\/\/www.myvize.com.tr\/izlanda\/wp-json\/wp\/v2\/pages\/69\/revisions\/1030"}],"wp:attachment":[{"href":"https:\/\/www.myvize.com.tr\/izlanda\/wp-json\/wp\/v2\/media?parent=69"}],"curies":[{"name":"wp","href":"https:\/\/api.w.org\/{rel}","templated":true}]}}